{"id":10201,"date":"2024-09-09T21:09:05","date_gmt":"2024-09-09T21:09:05","guid":{"rendered":"https:\/\/travelshelper.com\/staging\/?page_id=10201"},"modified":"2026-03-13T21:26:12","modified_gmt":"2026-03-13T21:26:12","slug":"brisbane","status":"publish","type":"page","link":"https:\/\/travelshelper.com\/hu\/destinations\/australia-and-oceania\/australia\/brisbane\/","title":{"rendered":"Brisbane"},"content":{"rendered":"<p>Brisbane alkonyati v\u00e1rosk\u00e9pe a modern l\u00e1tk\u00e9pet a Brisbane foly\u00f3 l\u00e1gy \u00edv\u00e9vel \u00f6tv\u00f6zi. Ausztr\u00e1lia harmadik legnagyobb v\u00e1rosak\u00e9nt Brisbane egyszerre naps\u00fct\u00f6tte \u00e9s dinamikus. A nagyv\u00e1ros lakoss\u00e1ga k\u00f6r\u00fclbel\u00fcl 2,6 milli\u00f3 (2025-\u00f6s becsl\u00e9s), amely D\u00e9lkelet-Queensland nagyobb r\u00e9sz\u00e9n ter\u00fcl el. Brisbane Queensland \u00e1llam f\u0151v\u00e1rosa \u2013 ezt a c\u00edmet Queensland 1859-es elszakad\u00e1sa \u00f3ta viseli. A v\u00e1ros egy 1824-es b\u00fcntet\u0151telepr\u0151l n\u0151tte ki mag\u00e1t a mai kereskedelem, a turizmus \u00e9s a kult\u00fara k\u00f6zpontj\u00e1v\u00e1. Gazdas\u00e1ga soksz\u00edn\u0171: az eg\u00e9szs\u00e9g\u00fcgy, a szakmai \u00e9s p\u00e9nz\u00fcgyi szolg\u00e1ltat\u00e1sok, az oktat\u00e1s, a turizmus \u00e9s a kiskereskedelem a f\u0151bb ipar\u00e1gak. 2017\u201318-ban Brisbane GDP-je k\u00f6r\u00fclbel\u00fcl 170,5 milli\u00e1rd USD volt, ami Queensland gazdas\u00e1g\u00e1nak nagyj\u00e1b\u00f3l fel\u00e9t tette ki. V\u00e1rosi ter\u00fclete mintegy 15 800 km\u00b2, \u00edgy f\u00f6ldrajzilag nagy. Glob\u00e1lis m\u00e9rc\u00e9vel m\u00e9rve Brisbane-t gyakran k\u00f6zepes m\u00e9ret\u0171 v\u00e1rosnak tekintik, j\u00f3l fejlett infrastrukt\u00far\u00e1val, szubtr\u00f3pusi \u00e9ghajlattal (p\u00e1r\u00e1s nyarak, enyhe telek) \u00e9s \u00e9l\u00e9nk szabadt\u00e9ri \u00e9letm\u00f3ddal. A v\u00e1rost \u201eglob\u00e1lis v\u00e1rosk\u00e9nt\u201d tartj\u00e1k sz\u00e1mon, \u00e9s Ausztr\u00e1lia egyik legfontosabb \u00fczleti k\u00f6zpontja. R\u00f6viden, Brisbane egy naps\u00fct\u00f6tte foly\u00f3parti metropolisz \u2013 nyugodtabb, mint Sydney vagy Melbourne, m\u00e9gis el\u00e9g ny\u00fczsg\u0151 ahhoz, hogy m\u0171v\u00e9szeti alkot\u00e1sokat, \u00e9jszakai \u00e9letet \u00e9s sportesem\u00e9nyeket k\u00edn\u00e1ljon.<\/p>\n<p>Brisbane lakoss\u00e1ga ma meghaladja a 2,5 milli\u00f3t. (Ez a sz\u00e1m a t\u00e1gabb agglomer\u00e1ci\u00f3ra vonatkozik; maga a v\u00e1rosi lakoss\u00e1g k\u00f6r\u00fclbel\u00fcl 2,4 milli\u00f3.) Ez teszi Brisbane-t Ausztr\u00e1lia harmadik legnagyobb v\u00e1ros\u00e1v\u00e1 Sydney \u00e9s Melbourne ut\u00e1n. A t\u00e1gabb D\u00e9lkelet-Queensland r\u00e9gi\u00f3 (amely mag\u00e1ban foglalja Gold Coast \u00e9s Sunshine Coast k\u00fclv\u00e1rosait) meghaladja a 3 milli\u00f3t. A v\u00e1ros gazdas\u00e1ga robusztus: amint eml\u00edtett\u00fck, Brisbane GDP-je magas, az eg\u00e9szs\u00e9g\u00fcgy, az oktat\u00e1s, a turizmus \u00e9s a szolg\u00e1ltat\u00e1sok ipar\u00e1gai vezetik a n\u00f6veked\u00e9st. A v\u00e1ros r\u00e9sze az \u00e1zsiai-csendes-\u00f3ce\u00e1ni kereskedelemnek, \u00e9s nagyv\u00e1llalatoknak ad otthont (a Suncorp, a Virgin Australia stb. itt tal\u00e1lhat\u00f3). Demogr\u00e1fiailag Brisbane lakosainak \u00e1tlag\u00e9letkora 35 \u00e9v k\u00f6r\u00fcl van, \u00e9s a v\u00e1ros etnikailag n\u00e9mileg vegyes \u2013 az emberek k\u00f6r\u00fclbel\u00fcl egyharmada k\u00fclf\u00f6ld\u00f6n sz\u00fcletett (ami nem szokatlan a nagy ausztr\u00e1l v\u00e1rosokban). Minden p\u00e9nznem AUD-ban van, a nyelv pedig angol (megjelen\u00edthet\u0151 queenslandi akcentussal). A forgalom az \u00fat bal oldal\u00e1n halad, mint eg\u00e9sz Ausztr\u00e1li\u00e1ban. A mindennapi \u00e9letben Brisbane lakosai \u00e1ltal\u00e1ban a szabadt\u00e9ri, laza v\u00e1rosi \u00e9letm\u00f3dot \u00e9lvezik: a piknikez\u00e9s a foly\u00f3parti parkokban, a d\u00e9lut\u00e1ni elt\u00f6lt\u00e9s a South Bank kultur\u00e1lis negyedben, vagy a vas\u00e1rnapi aut\u00f3utak a k\u00f6zeli strandokra gyakori szabadid\u0151s tev\u00e9kenys\u00e9gek.<\/p>\n<p>Brisbane Ausztr\u00e1lia keleti partj\u00e1n fekszik, nagyj\u00e1b\u00f3l a 23\u00b0 d\u00e9li sz\u00e9less\u00e9gi fokon. A sz\u00e9les Brisbane foly\u00f3 partj\u00e1n fekszik, k\u00f6r\u00fclbel\u00fcl 30 km-re att\u00f3l a helyt\u0151l, ahol a foly\u00f3 a Moreton-\u00f6b\u00f6ln\u00e9l a Korall-tengerrel tal\u00e1lkozik. A v\u00e1ros be\u00e9p\u00edtett ter\u00fclete a foly\u00f3 mindk\u00e9t oldal\u00e1n alacsony dombok k\u00f6z\u00f6tt emelkedik. A r\u00e9gi\u00f3 szubtr\u00f3pusi: a nyarak melegek \u00e9s p\u00e1r\u00e1sak (gyakran d\u00e9lut\u00e1ni zivatarokkal \u00e9s alkalmank\u00e9nt tr\u00f3pusi ciklonokkal a parton), m\u00edg a telek \u00e1ltal\u00e1ban naposak \u00e9s enyh\u00e9k (ritk\u00e1n fagyosak). Az \u00e1tlagos ny\u00e1ri maximumh\u0151m\u00e9rs\u00e9klet el\u00e9ri a 30\u201332\u00b0C-ot, a t\u00e9li minimumh\u0151m\u00e9rs\u00e9klet pedig 10\u201312\u00b0C. Brisbane \u00e9vente t\u00f6bb mint 320 naps\u00fct\u00e9ses napnak \u00f6rvend. K\u00f6rny\u00e9ke k\u00f6z\u00e9 tartozik a Sunshine \u00e9s az Gold Coast strandjai aut\u00f3val el\u00e9rhet\u0151 t\u00e1vols\u00e1gban, valamint az \u00e9szakon fekv\u0151 Glass House-hegys\u00e9g. Nyugatra mez\u0151gazdas\u00e1gi ter\u00fcletek \u00e9s a Great Dividing Range l\u00e1bai h\u00faz\u00f3dnak. Maga a v\u00e1ros alacsonyan fekszik (a belv\u00e1ros mind\u00f6ssze n\u00e9h\u00e1ny t\u00edz m\u00e9terrel a tengerszint felett van), \u00edgy a nyugati horizonton a t\u00e1voli hegyvonulatok l\u00e1tv\u00e1nya kiemelked\u0151. Meteorol\u00f3giai szempontb\u00f3l Brisbane p\u00e1r\u00e1s szubtr\u00f3pusi \u00e9ghajlattal (K\u00f6ppen Cfa) rendelkezik, j\u00f3l elk\u00fcl\u00f6n\u00edthet\u0151 nedves \u00e9s sz\u00e1raz \u00e9vszakokkal, de a heves hideg gyakorlatilag ismeretlen. \u00c1tlagosan a v\u00e1rosban \u00e9vente k\u00f6r\u00fclbel\u00fcl 1000 mm es\u0151 esik, f\u0151k\u00e9nt ny\u00e1ri viharokb\u00f3l. \u00c1rvizek el\u0151fordulhatnak (mint p\u00e9ld\u00e1ul a h\u00edrhedt 2011-es queenslandi \u00e1rad\u00e1sok), de a foly\u00f3 \u00e1ltal\u00e1ban nyugodt, \u00e9s a kompj\u00e1ratok n\u00e9pszer\u0171ek. \u00d6sszefoglalva, Brisbane elhelyezked\u00e9se eg\u00e9sz \u00e9vben meleg id\u0151j\u00e1r\u00e1st, foly\u00f3parti t\u00e1jat \u00e9s k\u00f6nny\u0171 hozz\u00e1f\u00e9r\u00e9st biztos\u00edt mind a tengerparti, mind a sz\u00e1razf\u00f6ldi term\u00e9szethez.<\/p>\n<p>Brisbane feljegyzett t\u00f6rt\u00e9nelme viszonylag \u00faj kelet\u0171. A ter\u00fcletet eredetileg \u0151slakos kl\u00e1nok (a jagera \u00e9s a turrbal n\u00e9p) lakt\u00e1k, akiknek \u00f6r\u00f6ks\u00e9ge egyes helynevekben tov\u00e1bb \u00e9l. Az els\u0151 eur\u00f3pai, aki \u00e1thaj\u00f3zott a foly\u00f3n, John Oxley volt 1823-ban, \u00e9s 1824-ben b\u00fcntet\u0151telepet (Oxley parancsnoks\u00e1ga alatt) hoztak l\u00e9tre a Brisbane foly\u00f3 partj\u00e1n. A szabad telepesek 1842 ut\u00e1n kezdtek \u00e9rkezni, amikor a b\u00fcntet\u0151telepet bez\u00e1rt\u00e1k. Az 1850-es \u00e9vekre Brisbane-t k\u00f6zs\u00e9gg\u00e9 nyilv\u00e1n\u00edtott\u00e1k, \u00e9s Queensland \u00faj gyarmat\u00e1nak f\u0151v\u00e1ros\u00e1v\u00e1 v\u00e1lasztott\u00e1k (amelyet 1859-ben v\u00e1lasztottak el \u00daj-D\u00e9l-Walest\u0151l). A v\u00e1ros gyorsan b\u0151v\u00fclt a mez\u0151gazdas\u00e1g \u00e9s a kereskedelem \u2013 szarvasmarha, cukor, fa \u2013 r\u00e9v\u00e9n, \u00e9s k\u00e9s\u0151bb profit\u00e1lt a Queenslandben felfedezett aranyb\u00f3l. A m\u00e1sodik vil\u00e1gh\u00e1bor\u00faban Brisbane a sz\u00f6vets\u00e9gesek egyik f\u0151 f\u0151hadisz\u00e1ll\u00e1sa volt a csendes-\u00f3ce\u00e1ni hadj\u00e1ratban, ami fellend\u00edtette az ipari \u00e9s n\u00e9pess\u00e9gn\u00f6veked\u00e9st. A h\u00e1bor\u00fa ut\u00e1ni bev\u00e1ndorl\u00e1s (k\u00fcl\u00f6n\u00f6sen D\u00e9l-Eur\u00f3p\u00e1b\u00f3l \u00e9s \u00c1zsi\u00e1b\u00f3l) kultur\u00e1lis soksz\u00edn\u0171s\u00e9get teremtett. Brisbane olyan nagyszab\u00e1s\u00fa esem\u00e9nyeknek adott otthont, mint az 1982-es Nemzetk\u00f6z\u00f6ss\u00e9gi J\u00e1t\u00e9kok, amelyek felgyors\u00edtott\u00e1k a v\u00e1rosk\u00f6zpont modern fejl\u0151d\u00e9s\u00e9t. Manaps\u00e1g a m\u0171eml\u00e9kv\u00e9delem alatt \u00e1ll\u00f3 helysz\u00ednek (mint p\u00e9ld\u00e1ul a r\u00e9gi V\u00e1mh\u00e1z, a v\u00e1rosi templomok) egy\u00fctt \u00e1llnak a felh\u0151karcol\u00f3k mellett. A f\u0151bb nevezetess\u00e9gek k\u00f6z\u00e9 tartozik a Story h\u00edd (1940-ben ny\u00edlt meg) \u00e9s a V\u00e1rosh\u00e1za (1930-ban ny\u00edlt meg). B\u00e1r Brisbane-t gyakran \u00e1rny\u00e9kolja be Sydney \u00e9s Melbourne a k\u00f6ztudatban, tov\u00e1bbra is fontos t\u00f6rt\u00e9nelmi v\u00e1ros, amely a gyarmati amb\u00edci\u00f3k \u00e9s a tr\u00f3pusi modernit\u00e1s \u00f6r\u00f6ks\u00e9g\u00e9t is mag\u00e1n hordozza.<\/p>\n<p>Brisbane h\u00edres a der\u0171s optimizmus\u00e1r\u00f3l \u00e9s a bar\u00e1ts\u00e1gos, laza l\u00e9gk\u00f6r\u00e9r\u0151l. A v\u00e1ros ny\u00fczsg\u00e9se \u00e1ltal\u00e1ban nyugodtabb, mint Sydneyben vagy Melbourne-ben, de m\u00e9gis produkt\u00edv. A parkok \u00e9s a szabadt\u00e9ri tev\u00e9kenys\u00e9gek k\u00f6zponti szerepet j\u00e1tszanak: a South Bank foly\u00f3parti kertjei \u00e9s mesters\u00e9ges strandja eg\u00e9sz \u00e9vben fesztiv\u00e1lhangulatot biztos\u00edt (piacokkal, kultur\u00e1lis rendezv\u00e9nyekkel \u00e9s ingyenes koncertekkel). A Brisbane foly\u00f3 a piknikez\u0151k \u00e9s a kocog\u00f3k k\u00f6zpontja. A m\u0171v\u00e9szeti \u00e9s gasztron\u00f3miai \u00e9let is kibontakozott: a v\u00e1ros olyan m\u00fazeumokkal b\u00fcszk\u00e9lkedhet, mint a Queensland M\u0171v\u00e9szeti Gal\u00e9ria \u00e9s a Modern M\u0171v\u00e9szetek Gal\u00e9ri\u00e1ja (GOMA), ahol a helyiek h\u00e9tv\u00e9genk\u00e9nt s\u00e9t\u00e1lgatnak. Az \u00e9ves rendezv\u00e9nyek megragadj\u00e1k a helyi szellemet: p\u00e9ld\u00e1ul a k\u00f6zeli Canberr\u00e1ban megrendezett Floriade (a floriade ott van, de Brisbane-nek saj\u00e1t Vir\u00e1g- \u00e9s \u00c9telki\u00e1ll\u00edt\u00e1sa van), de mag\u00e1ban Brisbane-ben is a m\u0171sorok k\u00f6z\u00e9 tartozik a Brisbane Fesztiv\u00e1l \u00e9s a Riverfire t\u0171zij\u00e1t\u00e9k. Az Ekka (a Ki\u00e1ll\u00edt\u00e1s) minden augusztusban a v\u00e1ros vid\u00e9ki oldal\u00e1t hozza el\u0151, t\u0171zij\u00e1t\u00e9kkal \u00e9s bemutat\u00f3kkal \u00fcnnepelve a mez\u0151gazdas\u00e1got. A zene \u00e9s az \u00e9jszakai \u00e9let olyan ter\u00fcletek k\u00f6r\u00fcl \u00f6sszpontosul, mint a Fortitude Valley, ahol b\u00e1rok \u00e9s \u00e9l\u0151zenei helysz\u00ednek tal\u00e1lhat\u00f3k, de m\u00e9g a belv\u00e1rosi k\u00fclv\u00e1rosokban is van helyi pubhangulat. A sport is a kult\u00fara r\u00e9sze: Brisbane lakosai lelkesen t\u00e1mogatj\u00e1k a Broncos r\u00f6gbi liga csapat\u00e1t, \u00e9s nagy krikett- \u00e9s AFL-meccseket rendeznek a helyi stadionokban.<\/p>\n<p>Demogr\u00e1fiailag Brisbane meglehet\u0151sen soksz\u00edn\u0171. Az ausztr\u00e1l sz\u00fclet\u00e9s\u0171eken k\u00edv\u00fcl jelent\u0151s k\u00f6z\u00f6ss\u00e9gek \u00e9lnek itt \u00daj-Z\u00e9landr\u00f3l, az Egyes\u00fclt Kir\u00e1lys\u00e1gb\u00f3l, Indi\u00e1b\u00f3l, K\u00edn\u00e1b\u00f3l \u00e9s m\u00e1shonnan. Az \u0151slakos ausztr\u00e1lok kisebb sz\u00e1zal\u00e9kot alkotnak, mint K\u00f6z\u00e9p-Ausztr\u00e1li\u00e1ban, de akt\u00edv ausztr\u00e1l k\u00f6z\u00f6ss\u00e9g \u00e9s kultur\u00e1lis esem\u00e9nyek (p\u00e9ld\u00e1ul a NAIDOC-h\u00e9t \u00fcnneps\u00e9gei) is vannak. A queenslandi akcentust gyakran sz\u00e9lesk\u00f6r\u0171nek \u00e9s bar\u00e1ts\u00e1gosnak \u00edrj\u00e1k le, \u00e9s a helyi szleng is gyakori (olyan szavak, mint a \u201egonosz\u201d vagy a \u201eno worries\u201d beilleszkednek a besz\u00e9lget\u00e9sbe). \u00d6sszess\u00e9g\u00e9ben Brisbane helyi jelleg\u00e9t a nyitotts\u00e1g jellemzi: a v\u00e1s\u00e1rl\u00f3kat a piacokon keresztn\u00e9ven sz\u00f3l\u00edtj\u00e1k, a koll\u00e9g\u00e1k jellemz\u0151en inform\u00e1lis keresztn\u00e9ven k\u00f6sz\u00f6nnek, \u00e9s a sorban \u00e1ll\u00e1st t\u00e1rsadalmilag el\u00edt\u00e9lik. A legt\u00f6bb ter\u00fcleten j\u00f3 a biztons\u00e1g, b\u00e1r a belv\u00e1rosban \u00e9jszaka b\u00f6lcs dolog betartani a szok\u00e1sos v\u00e1rosi \u00f3vint\u00e9zked\u00e9seket. Queensland \u00e9ghajlata a szabadban \u00e9s a v\u00edzen \u00e9l\u0151 \u00e9letm\u00f3dot \u00f6szt\u00f6nzi (cs\u00f3nak\u00e1z\u00e1s a foly\u00f3n, kir\u00e1ndul\u00e1sok a part menti Moreton-szigetre), ami akt\u00edv, eg\u00e9szs\u00e9gtudatos hangulatot k\u00f6lcs\u00f6n\u00f6z a v\u00e1rosnak.<\/p>\n<p>Brisbane sz\u00e1mos v\u00e1rosi \u00e9s term\u00e9szeti l\u00e1tnival\u00f3t k\u00edn\u00e1l. A foly\u00f3 ment\u00e9n h\u00faz\u00f3dik a South Bank park, egy z\u00f6ld, gyalogosbar\u00e1t ter\u00fclet \u00e9ttermekkel, m\u0171v\u00e9szeti gal\u00e9ri\u00e1kkal \u00e9s egy \u00fasz\u00f3lag\u00fan\u00e1val is. A CityCat kompokkal tett haj\u00f3\u00fat fest\u0151i m\u00f3dja a v\u00e1rosk\u00e9p megtekint\u00e9s\u00e9nek. A Story Bridge, egy ikonikus konzolos k\u00f6z\u00fati h\u00edd (1940-ben ny\u00edlt meg), gyalogosan is \u00e1tkelhet\u0151, vagy ak\u00e1r idegenvezet\u0151vel is felm\u00e1szhat\u00f3. A V\u00e1rosh\u00e1za (1930) a foly\u00f3partot foglalja el, \u00f3ratornya pedig panor\u00e1m\u00e1s kil\u00e1t\u00e1st ny\u00fajt egy t\u00fara ut\u00e1n. Napos h\u00e9tv\u00e9g\u00e9ken a Riverwalk \u00f6sv\u00e9nyei megtelnek ker\u00e9kp\u00e1rosokkal \u00e9s kocog\u00f3kkal. A belv\u00e1rost\u00f3l \u00e9szakra tal\u00e1lhat\u00f3 a Brisbane Powerhouse (egy r\u00e9gi er\u0151m\u0171, amely m\u0171v\u00e9szeti helysz\u00ednn\u00e9 v\u00e1lt), amely el\u0151ad\u00e1soknak, piacoknak \u00e9s \u00e9l\u0151zenei programoknak ad otthont. Kultur\u00e1lis szempontb\u00f3l a v\u00e1ros m\u00fazeumai er\u0151sek: a Queensland M\u00fazeum \u00e9s a Queensland M\u0171v\u00e9szeti Gal\u00e9ria\/GOMA helyi \u00e9s nemzetk\u00f6zi ki\u00e1ll\u00edt\u00e1sokat is bemutat.<\/p>\n<p>Csal\u00e1dok sz\u00e1m\u00e1ra a Lone Pine Koala Sanctuary h\u00edres (ez a vil\u00e1g legnagyobb ilyen jelleg\u0171 mened\u00e9ke) \u2013 itt koal\u00e1t lehet tartani \u00e9s kengurukat etetni. Brisbane-t\u0151l r\u00f6vid aut\u00f3\u00fatra tal\u00e1lhat\u00f3k a fest\u0151i vulkanikus cs\u00facsok, a Glass House-hegys\u00e9g. A k\u00f6zeli Gold Coast \u00e9s Sunshine Coast h\u00edres sz\u00f6rfstrandokat (Surfers Paradise, Noosa) k\u00edn\u00e1l, mind\u00f6ssze egy-k\u00e9t \u00f3ra aut\u00f3\u00fatra. A kalandv\u00e1gy\u00f3 utaz\u00f3k sz\u00e1m\u00e1ra a v\u00e1rost\u00f3l nyugatra fekv\u0151 h\u00e1torsz\u00e1g \u2013 bele\u00e9rtve a Mount Glorious-t \u00e9s a Lamington Nemzeti Parkot \u2013 k\u00f6nnyen el\u00e9rhet\u0151 es\u0151erd\u0151 t\u00far\u00e1kat \u00e9s v\u00edzes\u00e9seket k\u00edn\u00e1l. Nagy-Brisbane-ben lombos parkok, grillez\u0151helyek \u00e9s golfp\u00e1ly\u00e1k tal\u00e1lhat\u00f3k, amelyek a szabadt\u00e9ri \u00e9letst\u00edlust t\u00fckr\u00f6zik. \u00d6sszefoglalva, Brisbane l\u00e1tnival\u00f3i a modern v\u00e1rosi szolg\u00e1ltat\u00e1sokt\u00f3l \u00e9s rendezv\u00e9nyekt\u0151l a strandok, z\u00e1tonyok \u00e9s erd\u0151k el\u00e9r\u00e9s\u00e9ig terjednek. Ez egy olyan v\u00e1ros, amely \u00f6tv\u00f6zi a nagyv\u00e1rosi energi\u00e1t a tengerparti \u00e9let laza temp\u00f3j\u00e1val.<\/p>\n<p>Brisbane f\u0151 rep\u00fcl\u0151tere (Brisbane rep\u00fcl\u0151t\u00e9r, k\u00f3d: BNE) Ausztr\u00e1lia egyik legforgalmasabb rep\u00fcl\u0151tere. K\u00f6zvetlen nemzetk\u00f6zi j\u00e1ratokat (\u00c1zsi\u00e1ba, a Csendes-\u00f3ce\u00e1n t\u00e9rs\u00e9g\u00e9be, az Egyes\u00fclt \u00c1llamokba) \u00e9s gyakori belf\u00f6ldi kapcsolatokat k\u00edn\u00e1l. Hossz\u00fa t\u00e1v\u00fa aut\u00f3utakkal Brisbane-t Sydney-vel (kb. 9 \u00f3ra d\u00e9lre a Pacific Highway-n), valamint Cairns-szel vagy Townsville-lel \u00e9szakra k\u00f6tik \u00f6ssze.<\/p>\n<p>Az aut\u00f3z\u00e1s \u00e9s a taxik haszn\u00e1lata nagyon gyakori. Az utak j\u00f3l karbantartottak, de cs\u00facsid\u0151ben torl\u00f3d\u00e1sok alakulhatnak ki. Brisbane k\u00f6zponti \u00fczleti negyed\u00e9ben tal\u00e1lhat\u00f3 h\u00e1l\u00f3zat\u00e1t alagutak \u00e9s parkol\u00f3k eg\u00e9sz\u00edtik ki, amelyek seg\u00edtik a forgalom \u00e1raml\u00e1s\u00e1t. A t\u00f6megk\u00f6zleked\u00e9shez buszok, el\u0151v\u00e1rosi vas\u00fath\u00e1l\u00f3zat (Citytrain) \u00e9s a m\u00e1r eml\u00edtett CityCat kompj\u00e1rat tartozik a foly\u00f3n. Egy \u00faj k\u00f6nny\u0171vas\u00fati vonal fut a k\u00f6zponti \u00fczleti negyedb\u0151l d\u00e9lre az egyetemi \u00e9s a Griffith kampuszokhoz. A v\u00e1ros egyes r\u00e9szein dombos, de sz\u00e1mos kulcsfontoss\u00e1g\u00fa l\u00e1tnival\u00f3 (pl. South Bank, Queen Street Mall) gyalogosan is k\u00f6nnyen megk\u00f6zel\u00edthet\u0151 egym\u00e1st\u00f3l. Fontos megjegyezni, hogy az ausztr\u00e1lok bal oldalon vezetnek, \u00e9s a k\u00f6zleked\u00e9si t\u00e1bl\u00e1k kilom\u00e9tereket haszn\u00e1lnak.<\/p>\n<p>A p\u00e9nznem az ausztr\u00e1l doll\u00e1r. Ausztr\u00e1li\u00e1ban nem k\u00f6telez\u0151 borraval\u00f3t adni, b\u00e1r a taxid\u00edj kerek\u00edt\u00e9se vagy a j\u00f3 kiszolg\u00e1l\u00e1s\u00e9rt h\u00e1tral\u00e9v\u0151 apr\u00f3p\u00e9nz hagy\u00e1sa nagyra \u00e9rt\u00e9kelend\u0151. Mindenhol besz\u00e9lnek angolul; hasznos helyi kifejez\u00e9sek k\u00f6z\u00e9 tartozik a \u201eG&#039;day\u201d vagy a \u201eNo worries, mate\u201d. Queensland t\u00f6rv\u00e9nyei el\u0151\u00edrj\u00e1k, hogy egyes helysz\u00edneken (pl. klubokban) f\u00e9nyk\u00e9pes igazolv\u00e1nyt kell viselni, ha 18 \u00e9ven fel\u00fclinek t\u0171nik. A naptej \u00e9s a kalap visel\u00e9se eg\u00e9sz \u00e9vben aj\u00e1nlott a szabadban, k\u00fcl\u00f6n\u00f6sen a v\u00edzparton. Brisbane-ben j\u00f3 az eg\u00e9szs\u00e9g\u00fcgyi rendszer; a s\u00fcrg\u0151ss\u00e9gi sz\u00e1mok a 000.<\/p>\n<p>Brisbane \u00e1ltal\u00e1ban nagyon biztons\u00e1gos, alacsony az er\u0151szakos b\u0171ncselekm\u00e9nyek sz\u00e1ma. Legyen \u00f3vatos a strandokon (csak a z\u00e1szl\u00f3s jelz\u00e9sek k\u00f6z\u00f6tt \u00fasszon, ahol v\u00edziment\u0151k vannak szolg\u00e1latban), \u00e9s ny\u00e1ron legyen \u00f3vatos a tengeri cs\u00edp\u0151kkel (sok strandon v\u00e9d\u0151h\u00e1l\u00f3k vannak). A v\u00e1rosban a forgalmas turisztikai helyeken is tartsa szemmel \u00e9rt\u00e9kt\u00e1rgyait, ahogy b\u00e1rhol m\u00e1shol. Egy\u00e9bk\u00e9nt elegend\u0151ek a j\u00f3zan \u00e9szre \u00e9p\u00fcl\u0151 \u00f3vint\u00e9zked\u00e9sek. Az ausztr\u00e1lok sz\u00edvesen fogadj\u00e1k a l\u00e1togat\u00f3kat \u2013 nyugodtan k\u00e9rdezzen \u00fatbaigaz\u00edt\u00e1st a helyiekt\u0151l, vagy aj\u00e1nljon \u00e9ttermeket, \u00e9s \u00e1ltal\u00e1ban olyan embereket tal\u00e1l, akik mosolyogva hajland\u00f3ak seg\u00edteni.<\/p>","protected":false},"excerpt":{"rendered":"<p>Brisbane, amelyet turrbal nyelven Meanjinnak h\u00edvnak, Queensland, Ausztr\u00e1lia energikus f\u0151v\u00e1rosa. K\u00f6zel 2,6 milli\u00f3 lakos\u00e1val ez a v\u00e1ros Ausztr\u00e1lia \u00e9s \u00d3ce\u00e1nia harmadik legn\u00e9pesebb v\u00e1rosa. A D\u00e9lkelet-Queensland k\u00f6zep\u00e9n megb\u00fav\u00f3 Brisbane nemcsak v\u00e1ros, hanem egy hatalmas nagyv\u00e1rosi ter\u00fclet is, amely sz\u00e1mos region\u00e1lis k\u00f6zpontot \u00e9s v\u00e1rost foglal mag\u00e1ban. A Brisbane foly\u00f3 f\u00e9lsziget\u00e9n, a Moreton-\u00f6b\u00f6lben l\u00e9v\u0151 torkolatt\u00f3l k\u00f6r\u00fclbel\u00fcl 15 kilom\u00e9terre, strat\u00e9giai helyen fekv\u0151 k\u00f6zponti \u00fczleti negyed a v\u00e1rosi \u00e9let \u00e9s a term\u00e9szeti sz\u00e9ps\u00e9g k\u00fcl\u00f6nleges \u00f6tv\u00f6zet\u00e9t k\u00edn\u00e1lja.<\/p>","protected":false},"author":1,"featured_media":3298,"parent":9806,"menu_order":0,"comment_status":"closed","ping_status":"closed","template":"elementor_theme","meta":{"_eb_attr":"","footnotes":""},"class_list":["post-10201","page","type-page","status-publish","has-post-thumbnail"],"_links":{"self":[{"href":"https:\/\/travelshelper.com\/hu\/wp-json\/wp\/v2\/pages\/10201","targetHints":{"allow":["GET"]}}],"collection":[{"href":"https:\/\/travelshelper.com\/hu\/wp-json\/wp\/v2\/pages"}],"about":[{"href":"https:\/\/travelshelper.com\/hu\/wp-json\/wp\/v2\/types\/page"}],"author":[{"embeddable":true,"href":"https:\/\/travelshelper.com\/hu\/wp-json\/wp\/v2\/users\/1"}],"replies":[{"embeddable":true,"href":"https:\/\/travelshelper.com\/hu\/wp-json\/wp\/v2\/comments?post=10201"}],"version-history":[{"count":0,"href":"https:\/\/travelshelper.com\/hu\/wp-json\/wp\/v2\/pages\/10201\/revisions"}],"up":[{"embeddable":true,"href":"https:\/\/travelshelper.com\/hu\/wp-json\/wp\/v2\/pages\/9806"}],"wp:featuredmedia":[{"embeddable":true,"href":"https:\/\/travelshelper.com\/hu\/wp-json\/wp\/v2\/media\/3298"}],"wp:attachment":[{"href":"https:\/\/travelshelper.com\/hu\/wp-json\/wp\/v2\/media?parent=10201"}],"curies":[{"name":"wp","href":"https:\/\/api.w.org\/{rel}","templated":true}]}}