{"id":10166,"date":"2024-09-09T20:39:46","date_gmt":"2024-09-09T20:39:46","guid":{"rendered":"https:\/\/travelshelper.com\/staging\/?page_id=10166"},"modified":"2026-03-13T21:26:11","modified_gmt":"2026-03-13T21:26:11","slug":"byron-bay","status":"publish","type":"page","link":"https:\/\/travelshelper.com\/hu\/destinations\/australia-and-oceania\/australia\/byron-bay\/","title":{"rendered":"Byron Bay"},"content":{"rendered":"<p>A Cape Byron vil\u00e1g\u00edt\u00f3torony Ausztr\u00e1lia keleti partj\u00e1nak cs\u00fccsk\u00e9ben, Byron-\u00f6b\u00f6l k\u00f6zel\u00e9ben, egy hegyfokon tal\u00e1lhat\u00f3. Ez a tengerparti v\u00e1roska egyedi hangulat\u00fa: laza, m\u0171v\u00e9szi \u00e9s fest\u0151i. Byron-\u00f6b\u00f6l \u00daj-D\u00e9l-Wales t\u00e1voli \u00e9szakkeleti r\u00e9sz\u00e9n fekszik, a Bundjalung \u0151slakosok f\u00f6ldj\u00e9n. Sydney-t\u0151l k\u00f6r\u00fclbel\u00fcl 772 km-re \u00e9szakra, Brisbane-t\u0151l pedig 165 km-re d\u00e9lre tal\u00e1lhat\u00f3. A hegyfok (Cape Byron) Ausztr\u00e1lia sz\u00e1razf\u00f6ldj\u00e9nek legkeletibb pontja. Kis \u00e1lland\u00f3 lakoss\u00e1ga ellen\u00e9re (2021-ben valamivel t\u00f6bb mint 6300 f\u0151) Byron h\u00edrnev\u00e9t strandjai, sz\u00f6rfkult\u00far\u00e1ja \u00e9s alternat\u00edv hangulata adja. Egykor az 1960-as \u00e9vek sz\u00f6rf\u00f6seinek \u00e9s hippi enkl\u00e1v\u00e9ja volt, \u00e9s ez az \u00f6r\u00f6ks\u00e9g ma is \u00e9l a term\u00e9szetre, a j\u00f3g\u00e1ra \u00e9s a k\u00f6z\u00f6ss\u00e9gre helyezett er\u0151s hangs\u00faly r\u00e9v\u00e9n. A helyi gazdas\u00e1got a turizmus, a wellness, a k\u00e1v\u00e9z\u00f3k \u00e9s a kreat\u00edv ipar\u00e1gak hajtj\u00e1k. Szubtr\u00f3pusi \u00e9ghajlat\u00e1nak k\u00f6sz\u00f6nhet\u0151en Byron meleg nyarakkal \u00e9s enyhe telekkel b\u00fcszk\u00e9lkedhet, buja h\u00e1torsz\u00e1ga pedig olyan cs\u00e1b\u00edt\u00f3, mint az \u00f3ce\u00e1n. A v\u00e1ros identit\u00e1sa a boh\u00e9m hangulatot \u00f6tv\u00f6zi az el\u0151kel\u0151 oldallal, \u00e9s egyar\u00e1nt vonzza a m\u0171v\u00e9szeket, a h\u00e1tizs\u00e1kos turist\u00e1kat \u00e9s a tehet\u0151s nyaral\u00f3kat.<\/p>\n<p>Byron Bay egy kis k\u00f6z\u00f6ss\u00e9g. A 2021-es n\u00e9psz\u00e1ml\u00e1l\u00e1s szerint a v\u00e1ros lakoss\u00e1ga k\u00f6r\u00fclbel\u00fcl 6330 f\u0151. A t\u00e1gabb Byron Shire (amely mag\u00e1ban foglalja a k\u00f6zeli v\u00e1rosokat \u00e9s a h\u00e1torsz\u00e1gi gazdas\u00e1gokat) t\u00f6bb lakosnak ad otthont, de Byron maga tov\u00e1bbra is 10 000 alatt marad. A gazdas\u00e1g a turizmus \u00e9s az \u00e9letm\u00f3d-szolg\u00e1ltat\u00e1sok k\u00f6r\u00fcl forog: gyakoriak a sz\u00ednes piacok, a biok\u00e1v\u00e9z\u00f3k \u00e9s a rendezv\u00e9nyszervez\u0151k. Byron ink\u00e1bb falusi, mint v\u00e1rosi hangulat\u00fa \u2013 az utc\u00e1kat p\u00e1lmaf\u00e1k \u00e9s sz\u00f6rfdeszk\u00e1k tark\u00edtj\u00e1k. Sok l\u00e1togat\u00f3 aut\u00f3val vagy busszal \u00e9rkezik (a r\u00e9gi\u00f3 legk\u00f6zelebbi nagyobb rep\u00fcl\u0151tere a Gold Coast rep\u00fcl\u0151t\u00e9r, k\u00f6r\u00fclbel\u00fcl 45 percre \u00e9szakra, vagy a Ballina Byron Gateway rep\u00fcl\u0151t\u00e9r, 20 percre d\u00e9lnyugatra). A v\u00e1ros k\u00e9nyelmes magass\u00e1gban, mind\u00f6ssze n\u00e9h\u00e1ny t\u00edz m\u00e9terrel a tengerszint felett fekszik, de a sz\u00e1razf\u00f6ld belsej\u00e9ben lank\u00e1s dombok \u00e9s es\u0151erd\u0151 veszi k\u00f6r\u00fcl. 2024-ben Byront gyakran emlegetik Ausztr\u00e1lia egyik legdr\u00e1g\u00e1bb ingatlanpiacak\u00e9nt, ami t\u00fckr\u00f6zi a tengerparti mened\u00e9kk\u00e9nt val\u00f3 vonzerej\u00e9t.<\/p>\n<p>F\u00f6ldrajzilag Byron-\u00f6b\u00f6l \u00daj-D\u00e9l-Wales leg\u00e9szakibb partj\u00e1n fekszik, k\u00f6zvetlen\u00fcl a queenslandi hat\u00e1r mellett. Cape Byron k\u00f6r\u00fcli strandok sorozat\u00e1n ter\u00fcl el. A f\u0151 strand a kereskedelmi k\u00f6zponttal szemben h\u00faz\u00f3dik; a k\u00f6zelben tal\u00e1lhat\u00f3 Wategos \u00e9s Tallows gy\u00f6ny\u00f6r\u0171 sz\u00f6rfstrandok. A Lighthouse strand a hegyfokot veszi k\u00f6r\u00fcl. A partt\u00f3l t\u00e1volabb tal\u00e1lhat\u00f3 a Julian Rocks, egy gazdag tengeri \u00e9l\u0151vil\u00e1ggal rendelkez\u0151 tengeri rezerv\u00e1tum. A nyugati h\u00e1torsz\u00e1got buja szubtr\u00f3pusi es\u0151erd\u0151 bor\u00edtja (a Nightcap Nemzeti Park egy r\u00e9sze), a MacPherson-hegys\u00e9g hegyei pedig mind\u00f6ssze n\u00e9h\u00e1ny t\u00edz kilom\u00e9terre a sz\u00e1razf\u00f6ld belsej\u00e9ben 1100 m\u00e9terre emelkednek. Byron \u00e9ghajlata meleg-m\u00e9rs\u00e9kelt vagy szubtr\u00f3pusi: a ny\u00e1r gyakran meghaladja a 30\u00b0C-ot, magas p\u00e1ratartalommal, m\u00edg a telek enyh\u00e9k (ritk\u00e1n 10\u00b0C alatt). Az es\u0151 eg\u00e9sz \u00e9vben esik, de a cs\u00facsot ny\u00e1r v\u00e9g\u00e9n \u00e9ri el (a r\u00e9gi\u00f3t a keleti parti alacsony nyom\u00e1s\u00fa rendszerek, \u00e9s ritk\u00e1n a ciklonok befoly\u00e1solhatj\u00e1k). A tengeri szell\u0151 \u00e1ltal\u00e1ban m\u00e9rs\u00e9kelt h\u0151m\u00e9rs\u00e9kletet biztos\u00edt a strandokon. A nevezetes Cape Byron vil\u00e1g\u00edt\u00f3torony (1901-ben \u00e9p\u00fclt) a legkeletibb cs\u00fccsk\u00e9t jel\u00f6li, \u00e9s kil\u00e1t\u00e1st ny\u00fajt a Csendes-\u00f3ce\u00e1nra; Tiszta id\u0151ben t\u00e9len v\u00e1ndorl\u00f3 b\u00e1ln\u00e1kat l\u00e1thatunk, vagy a partvid\u00e9k \u00e9szakra \u00e9s d\u00e9lre visszah\u00faz\u00f3d\u00e1s\u00e1t. Byron-\u00f6b\u00f6l t\u00e1ja, amely a partvonalat \u00e9s az es\u0151erd\u0151t \u00f6tv\u00f6zi, a k\u00f6rnyezettudatos turizmus modellj\u00e9v\u00e9 tette.<\/p>\n<p>J\u00f3val az eur\u00f3paiak \u00e9rkez\u00e9se el\u0151tt a ter\u00fcletet a Bundjalung nemzet Arakwal \u00e9s Minjungbal n\u00e9pe lakta. \u0150k Cavvanbah-nak (\u201etal\u00e1lkoz\u00f3hely\u201d) nevezt\u00e9k el a ter\u00fcletet. James Cook kapit\u00e1ny 1770-ben arra j\u00e1rt, \u00e9s a fokot a brit tenger\u00e9szkapit\u00e1nyr\u00f3l, John Byronr\u00f3l nevezte el, de a telep\u00fcl\u00e9s lassan haladt. Az eur\u00f3paiak el\u0151sz\u00f6r az 1840-es \u00e9vekben termeltek ki c\u00e9drusf\u00e1t, \u00e9s 1886-ban \u00e9p\u00edtettek egy m\u00f3l\u00f3t a haj\u00f3z\u00e1shoz. Ezt k\u00f6vette a tej- \u00e9s cukortermeszt\u00e9s. A h\u00edres Cape Byron vil\u00e1g\u00edt\u00f3tornyot 1901-ben \u00e9p\u00edtett\u00e9k, \u00e9s 1989-ben automatiz\u00e1lt\u00e1k, amely l\u00e9tfontoss\u00e1g\u00fa \u00fatmutat\u00f3k\u00e9nt szolg\u00e1lt a part menti haj\u00f3z\u00e1s sz\u00e1m\u00e1ra. Az 1960-as \u00e9s 1970-es \u00e9vek egy m\u00e1sik hull\u00e1mot hoztak: a sz\u00f6rf\u00f6s\u00f6k, majd a hippik, akiket vonzottak a hull\u00e1mok \u00e9s az alternat\u00edv \u00e9letm\u00f3d, ellenkultur\u00e1lis k\u00f6zpontt\u00e1 alak\u00edtott\u00e1k Byront. Az olyan esem\u00e9nyek, mint az Aquarius Zenei Fesztiv\u00e1l (Nimbin k\u00f6zel\u00e9ben, 1973), meger\u0151s\u00edtett\u00e9k a boh\u00e9m mened\u00e9k h\u00edrnev\u00e9t. Az 1980-as \u00e9vek \u00f3ta a turizmus fellend\u00fclt. Byron moderniz\u00e1l\u00f3dott, de meg\u0151rizte kreat\u00edv jelleg\u00e9t. Ma a tengerparti v\u00e1ros b\u00e1j\u00e1t \u00f6tv\u00f6zi az iparban \u00e9s az idealizmusban gy\u00f6kerez\u0151 m\u00falttal.<\/p>\n<p>Byron Bay helyi jellege k\u00f6zismerten laza \u00e9s eklektikus. Lakosai k\u00f6z\u00f6tt megtal\u00e1lhat\u00f3k r\u00e9g\u00f3ta itt \u00e9l\u0151 helyiek, m\u0171v\u00e9szek \u00e9s v\u00e1rosokb\u00f3l bek\u00f6lt\u00f6z\u00f6ttek. Az ausztr\u00e1l angolt mindenki besz\u00e9li, de a szleng \u00e9s a sz\u00f6rf\u00f6s kifejez\u00e9sek gyakoriak. Hallani fogsz embereket besz\u00e9lni a \u201esunrise surf\u201d \u00e9s a \u201eloch\u201d kifejez\u00e9sekr\u0151l (a loch a helyi szleng az italboltot jelenti), vagy a laza \u201eHow you going, haver?\u201d \u00fcdv\u00f6zl\u00e9st haszn\u00e1lni. A v\u00e1rosnak er\u0151s wellness \u00e9s kreat\u00edv \u00e9lete van: j\u00f3gast\u00fadi\u00f3k, hanggy\u00f3gy\u00edt\u00f3k \u00e9s m\u0171v\u00e9szeti gal\u00e9ri\u00e1k szeg\u00e9lyezik az utc\u00e1kat. Utcazene \u00e9s \u00e9l\u0151 el\u0151ad\u00e1sok vannak est\u00e9nk\u00e9nt sz\u00e1mos k\u00e1v\u00e9z\u00f3ban \u00e9s b\u00e1rban. Az \u00f6lt\u00f6zk\u00f6d\u00e9s laza: a flip-flopok \u00e9s a boardshortok ugyanolyan elfogadottak egy \u00e9tteremben, mint a ny\u00e1ri ruha. Byronnak van egy eleg\u00e1ns oldala is \u2013 designer boltok \u00e9s bio\u00e9ttermek \u2013, ami t\u00fckr\u00f6zi a turist\u00e1k k\u00f6r\u00e9ben val\u00f3 n\u00e9pszer\u0171s\u00e9g\u00e9t, de soha nem hivalkod\u00f3.<\/p>\n<p>A v\u00e1ros szellemis\u00e9g\u00e9t fesztiv\u00e1lok \u00e9s piacok er\u0151s\u00edtik. A minden h\u00fasv\u00e9tkor a k\u00f6zeli Tyagarah-ban megrendezett Bluesfest t\u00f6bb t\u00edzezer zenerajong\u00f3t vonz a vil\u00e1g minden t\u00e1j\u00e1r\u00f3l. A Splendour in the Grass fesztiv\u00e1l (t\u00e9l k\u00f6zep\u00e9n) alternat\u00edv zene \u00e9s m\u0171v\u00e9szet rajong\u00f3it hozza a Byron k\u00fclv\u00e1ros\u00e1ba. A heti k\u00f6z\u00f6ss\u00e9gi piacokon k\u00e9zm\u0171ves term\u00e9keket, krist\u00e1lyokat \u00e9s helyi \u00e9lelmiszereket \u00e1rulnak. A sz\u00f6rfkult\u00fara domin\u00e1l: minden koroszt\u00e1ly\u00fa sz\u00f6rf\u00f6s gy\u0171lik \u00f6ssze a The Pass \u00e9s a Wategos strandokon hajnalban \u00e9s alkonyatkor. Az \u00e1llatvil\u00e1got sz\u00edvesen fogadj\u00e1k: a v\u00e1rosban gyakran l\u00e1tni kengurukat vagy lorikeet papag\u00e1jokat. \u00d6sszefoglalva, Byron Bay szinte egy nemzetk\u00f6zi hat\u00e1sokkal \u00e1titatott tengerparti falunak t\u0171nik \u2013 egy helynek, ahol az ausztr\u00e1l \u0151slakos kult\u00fara, a glob\u00e1lis boh\u00e9m \u00e1ramlatok \u00e9s a strandkult\u00fara keveredik. A l\u00e1togat\u00f3k felfigyelnek a bar\u00e1ts\u00e1goss\u00e1gra: a boltosok \u00e9s a barist\u00e1k gyakran melegen \u00fcdv\u00f6zlik az idegeneket, \u00e9s a megoszt\u00e1s (egy sz\u00f6rfdeszka vagy egy t\u00e1ny\u00e9r \u00e9tel) term\u00e9szetesnek t\u0171nik. A turist\u00e1k ellen\u00e9re a helyiek t\u00f6bbnyire megtartott\u00e1k a v\u00e1rosi mentalit\u00e1st: amikor este elindul az utols\u00f3 busz hazafel\u00e9, az emberek ink\u00e1bb egy idegent\u0151l keresnek fuvart, mintsem taxit k\u00e9rn\u00e9nek.<\/p>\n<p>Byron-\u00f6b\u00f6l vonzereje a term\u00e9szeti sz\u00e9ps\u00e9ge \u00e9s a laza hangulata. Maga a Cape Byron vil\u00e1g\u00edt\u00f3torony is egy igazi l\u00e1tv\u00e1nyoss\u00e1g \u2013 a v\u00e1rost\u00f3l a vil\u00e1g\u00edt\u00f3toronyig vezet\u0151 4 km-es erdei s\u00e9ta panor\u00e1m\u00e1s kil\u00e1t\u00e1st ny\u00fajt a strandokra \u00e9s az \u00f3ce\u00e1nra. A vil\u00e1g\u00edt\u00f3torony platformj\u00e1r\u00f3l kelet fel\u00e9 n\u00e9zhet\u00fcnk a Csendes-\u00f3ce\u00e1n felett felkel\u0151 napfelkelt\u00e9re \u2013 amely h\u00edresen az els\u0151 napfelkelte Ausztr\u00e1lia sz\u00e1razf\u00f6ldj\u00e9n. A v\u00e1ros strandjai a f\u0151bb l\u00e1tnival\u00f3k: a Main Beach (feh\u00e9r homokkal \u00e9s part menti partvid\u00e9kkel), a Wategos (egy kis homokos \u00f6b\u00f6l \u00fasz\u00e1sra) \u00e9s a Tallows (sz\u00f6rf\u00f6z\u00e9sre alkalmas hely \u00e9s mad\u00e1rrezerv\u00e1tum). Sok l\u00e1togat\u00f3 b\u00e1lnales\u0151 haj\u00f3\u00fatra foglal sz\u00e1ll\u00e1st, vagy kajakot b\u00e9rel, hogy a Julian Rocks-n\u00e1l (partk\u00f6zeli z\u00e1tonyok) sznorkelezhessen.<\/p>\n<p>A strandokon t\u00fal a Byron Bay Hinterland gazdag t\u00e1jakkal v\u00e1rja a l\u00e1togat\u00f3kat: a Nightcap Nemzeti Parkban tal\u00e1lhat\u00f3 Minyon-v\u00edzes\u00e9sn\u00e9l dzsungelben lehet \u00faszni, a k\u00f6zeli es\u0151erd\u0151ket pedig v\u00edzes\u00e9sek \u00e9s kil\u00e1t\u00f3k tark\u00edtj\u00e1k. A m\u0171v\u00e9szek m\u0171termei \u00e9s kertjei (mint p\u00e9ld\u00e1ul a Crystal Castle) is hozz\u00e1j\u00e1rulnak a vonzer\u0151h\u00f6z. A helyi sz\u00e1ll\u00e1shelyek a rusztikus tengerparti kunyh\u00f3kt\u00f3l a luxus\u00fcd\u00fcl\u0151helyekig terjednek, de m\u00e9g az ut\u00f3bbiak is meg\u0151rzik a term\u00e9szetes t\u00e1j\u00e9p\u00edt\u00e9szetet \u00e9s a k\u00f6rnyezetbar\u00e1t diz\u00e1jnt. A tengerparton napi napfelkelte sokak sz\u00e1m\u00e1ra kihagyhatatlan, gyakran l\u00e1togatj\u00e1k a j\u00f3ga \u00e9s a medit\u00e1ci\u00f3 szerelmesei. A t\u00e1rsas\u00e1gi oldalon a Boulevard Market (minden h\u00f3nap els\u0151 vas\u00e1rnapj\u00e1n) bemutatja a helyi k\u00e9zm\u0171ves term\u00e9keket \u00e9s \u00e9teleket. \u00d6sszess\u00e9g\u00e9ben Byron \u201ekihagyhatatlan\u201d programjai a term\u00e9szet \u00e9s a pihen\u00e9s k\u00f6r\u00fcl forognak: a b\u00e1ln\u00e1k v\u00e1ndorl\u00e1s\u00e1nak megfigyel\u00e9se (m\u00e1jus-okt\u00f3ber), sz\u00f6rflecke a The Pass-ban, \u00e9s s\u00e9t\u00e1lni a ny\u00fczsg\u0151 v\u00e1rosi utc\u00e1kon alkonyatkor.<\/p>\n<p>Byron Bay k\u00f6z\u00faton vagy rep\u00fcl\u0151vel is megk\u00f6zel\u00edthet\u0151. A legk\u00f6zelebbi nagyobb rep\u00fcl\u0151t\u00e9r a Gold Coast rep\u00fcl\u0151t\u00e9r (OOL), k\u00f6r\u00fclbel\u00fcl 45 percnyi aut\u00f3\u00fatra \u00e9szakra (k\u00f6zvetlen\u00fcl a queenslandi hat\u00e1ron t\u00fal). Byronnak saj\u00e1t kis rep\u00fcl\u0151tere is van (Ballina Byron Gateway rep\u00fcl\u0151t\u00e9r, BNK), k\u00f6r\u00fclbel\u00fcl 20 km-re d\u00e9lre, ahonnan Sydneyb\u0151l, Melbourne-b\u0151l \u00e9s Melbourne-b\u0151l indulnak j\u00e1ratok. K\u00f6z\u00faton a Pacific Highway k\u00f6ti \u00f6ssze Byront Brisbane-nel (165 km \u00e9szakra) \u00e9s Sydney-vel (k\u00f6r\u00fclbel\u00fcl 800 km d\u00e9lre). A t\u00e1vols\u00e1gi buszok naponta k\u00f6zlekednek mindk\u00e9t ir\u00e1nyban, vagy b\u00e9relhet\u0151 aut\u00f3 is.<\/p>\n<p>Maga a v\u00e1ros nagyon kompakt. A legt\u00f6bb l\u00e1tnival\u00f3 (strandok, \u00fczletek) gyalogosan vagy ker\u00e9kp\u00e1rral el\u00e9rhet\u0151 Byron k\u00f6zpontj\u00e1t\u00f3l. Van egy helyi kisbusz (\u201eBYRON\u2022AT\u2022BUS\u201d), amely \u00e1tj\u00e1rja a v\u00e1rost \u00e9s a Belongil strandra k\u00f6zlekedik. Taxik \u00e9s k\u00f6z\u00f6s fuvaroz\u00e1si szolg\u00e1ltat\u00e1sok \u00e1llnak rendelkez\u00e9sre, de korl\u00e1tozottan. A t\u00e1gabb r\u00e9gi\u00f3 (p\u00e9ld\u00e1ul a h\u00e1torsz\u00e1g vagy a k\u00f6rnyez\u0151 strandok) felfedez\u00e9s\u00e9hez aut\u00f3 hasznos. A bal oldalon kell haladni, \u00e9s az orsz\u00e1gutakon t\u00e1vols\u00e1gokat kell biztos\u00edtani \u00fctk\u00f6z\u0151s\u00e1vval (vadon \u00e9l\u0151 \u00e1llatok, p\u00e9ld\u00e1ul kenguruk jelenhetnek meg az utakon).<\/p>\n<p>Az ausztr\u00e1l doll\u00e1r a t\u00f6rv\u00e9nyes fizet\u0151eszk\u00f6z. A hitelk\u00e1rty\u00e1kat sz\u00e9les k\u00f6rben elfogadj\u00e1k, de a t\u00e1voli ter\u00fcleteken n\u00e9mi k\u00e9szp\u00e9nzt is kell vinni. A Byronban a helyi p\u00e9nznem \u00e1rfolyama kis fel\u00e1rral j\u00e1rhat. Mint mindig Ausztr\u00e1li\u00e1ban, vigyen mag\u00e1val kalapot \u00e9s naptejet \u2013 az UV-index er\u0151s Byron ny\u00e1ri naps\u00fct\u00e9s\u00e9ben. \u00dasz\u00e1s k\u00f6zben figyeljen a v\u00edziment\u0151k z\u00e1szlaj\u00e1ra a fel\u00fcgyelt strandokon (egyes strandokon vesz\u00e9lyes s\u00e9r\u00fcl\u00e9sek lehetnek, ha let\u00e9r a f\u0151strandr\u00f3l). Ny\u00e1ron med\u00faz\u00e1k (\u201efull\u00e1nkok\u201d) is megjelenhetnek; ellen\u0151rizze a full\u00e1nkra vonatkoz\u00f3 figyelmeztet\u00e9seket. Mindenhol besz\u00e9lnek angolul; hallhat helyi kifejez\u00e9seket, mint a \u201ereckon\u201d (jelent\u00e9se: \u201efelt\u00e9telezhet\u0151\u201d) vagy az ausztr\u00e1l szlenget, de a standard ausztr\u00e1l angolt meg\u00e9rtik.<\/p>\n<p>Byronban a helyiek nagyon laz\u00e1k, de udvariasak. A sz\u00f6rf\u00f6s etikett (ne ugorj be valaki hull\u00e1m\u00e1ra) nagyon is elterjedt. Az \u00f6lt\u00f6zk\u00f6d\u00e9s laza \u2013 a f\u0151utc\u00e1n a strandruha megengedett. Az \u00fajrafelhaszn\u00e1lhat\u00f3 szatyrok vagy palackok hoz\u00e1sa \u00fcdv\u00f6zlend\u0151, mivel Byronban er\u0151s az \u00fajrahasznos\u00edt\u00e1si kult\u00fara. Az \u00e9ttermekben nem v\u00e1rhat\u00f3 borraval\u00f3 (a kiszolg\u00e1l\u00f3 szem\u00e9lyzet tisztess\u00e9ges b\u00e9rt kap) \u2013 a sz\u00e1mla kerek\u00edt\u00e9se vagy apr\u00f3p\u00e9nz otthagy\u00e1sa szer\u00e9ny udvariass\u00e1g, ha szeretn\u00e9l. A v\u00e1rosban a forgalmas id\u0151szakokban sz\u0171k\u00f6s lehet a parkol\u00e1s, ez\u00e9rt \u00e9rdemes gyalog vagy ker\u00e9kp\u00e1rral k\u00f6zlekedni. V\u00e9g\u00fcl ne feledd, hogy Byron Bay szent \u0151slakos f\u00f6ld\u00f6n fekszik \u2013 figyelj a kultur\u00e1lis helysz\u00ednekre (p\u00e9ld\u00e1ul az Arakwal \u0151slakos szimb\u00f3lumra a v\u00e1rosban), \u00e9s b\u00e1nj vel\u00fck tisztelettel. A nyugodt temp\u00f3nak \u00e9s a bar\u00e1ts\u00e1gos helyieknek k\u00f6sz\u00f6nhet\u0151en Byron Bay-be l\u00e1togat\u00f3k \u00e1ltal\u00e1ban k\u00f6nnyednek \u00e9rzik magukat; egy meleg mosoly \u00e9s alapvet\u0151 modor el\u00e9g ahhoz, hogy beilleszkedj.<\/p>","protected":false},"excerpt":{"rendered":"<p>Az ausztr\u00e1liai \u00daj-D\u00e9l-Wales t\u00e1voli \u00e9szakkeleti sark\u00e1ban fekv\u0151 Byron Bay, a minjungbal nyelven Cavvanbah n\u00e9ven ismert, egy b\u00e1jos tengerparti v\u00e1ros. A Bundjalung vid\u00e9k\u00e9n megb\u00fav\u00f3 kisv\u00e1ros mened\u00e9ket ny\u00fajt azoknak, akik laza \u00e9letm\u00f3dra, kultur\u00e1lis soksz\u00edn\u0171s\u00e9gre \u00e9s term\u00e9szeti sz\u00e9ps\u00e9gre v\u00e1gynak. A Sydney-t\u0151l 772 kilom\u00e9terre \u00e9szakra \u00e9s Brisbane-t\u0151l 165 kilom\u00e9terre d\u00e9lre fekv\u0151 Byron Bay Ausztr\u00e1lia legszebb tengerparti t\u00e1jai k\u00f6z\u00e9 tartozik. A sz\u00e1razf\u00f6ld legkeletibb pontj\u00e1hoz, a Byron-fokhoz val\u00f3 k\u00f6zels\u00e9ge m\u00e9g ink\u00e1bb kiemeli vonzerej\u00e9t a leny\u0171g\u00f6z\u0151 kil\u00e1t\u00e1s \u00e9s a k\u00fcl\u00f6nleges f\u00f6ldrajzi jelent\u0151s\u00e9g r\u00e9v\u00e9n.<\/p>","protected":false},"author":1,"featured_media":2790,"parent":9806,"menu_order":0,"comment_status":"closed","ping_status":"closed","template":"elementor_theme","meta":{"_eb_attr":"","footnotes":""},"class_list":["post-10166","page","type-page","status-publish","has-post-thumbnail"],"_links":{"self":[{"href":"https:\/\/travelshelper.com\/hu\/wp-json\/wp\/v2\/pages\/10166","targetHints":{"allow":["GET"]}}],"collection":[{"href":"https:\/\/travelshelper.com\/hu\/wp-json\/wp\/v2\/pages"}],"about":[{"href":"https:\/\/travelshelper.com\/hu\/wp-json\/wp\/v2\/types\/page"}],"author":[{"embeddable":true,"href":"https:\/\/travelshelper.com\/hu\/wp-json\/wp\/v2\/users\/1"}],"replies":[{"embeddable":true,"href":"https:\/\/travelshelper.com\/hu\/wp-json\/wp\/v2\/comments?post=10166"}],"version-history":[{"count":0,"href":"https:\/\/travelshelper.com\/hu\/wp-json\/wp\/v2\/pages\/10166\/revisions"}],"up":[{"embeddable":true,"href":"https:\/\/travelshelper.com\/hu\/wp-json\/wp\/v2\/pages\/9806"}],"wp:featuredmedia":[{"embeddable":true,"href":"https:\/\/travelshelper.com\/hu\/wp-json\/wp\/v2\/media\/2790"}],"wp:attachment":[{"href":"https:\/\/travelshelper.com\/hu\/wp-json\/wp\/v2\/media?parent=10166"}],"curies":[{"name":"wp","href":"https:\/\/api.w.org\/{rel}","templated":true}]}}