{"id":10153,"date":"2024-09-09T20:29:48","date_gmt":"2024-09-09T20:29:48","guid":{"rendered":"https:\/\/travelshelper.com\/staging\/?page_id=10153"},"modified":"2026-03-13T21:26:12","modified_gmt":"2026-03-13T21:26:12","slug":"canberra","status":"publish","type":"page","link":"https:\/\/travelshelper.com\/hu\/destinations\/australia-and-oceania\/australia\/canberra\/","title":{"rendered":"Canberra"},"content":{"rendered":"<p>Canberra, Ausztr\u00e1lia c\u00e9lir\u00e1nyosan \u00e9p\u00edtett f\u0151v\u00e1rosa, az orsz\u00e1g egy m\u00e1s arc\u00e1t mutatja. Az Ausztr\u00e1l F\u0151v\u00e1rosi Ter\u00fclet sz\u00e1razf\u00f6ldj\u00e9n fekv\u0151, k\u00f6r\u00fclbel\u00fcl 474 000 lakos\u00fa (2024. j\u00fanius) v\u00e1ros a tervezett v\u00e1rosi tervez\u00e9st boz\u00f3tos k\u00f6rnyezettel \u00f6tv\u00f6zi. Canberr\u00e1t a 20. sz\u00e1zad elej\u00e9n nemzetk\u00f6zi tervp\u00e1ly\u00e1zat hozta l\u00e9tre (az alapk\u0151let\u00e9tel 1913-ban t\u00f6rt\u00e9nt), Sydney \u00e9s Melbourne kompromisszumak\u00e9nt. Ma Ausztr\u00e1lia politikai k\u00f6zpontja, ahol a Parlament, a korm\u00e1nyzati szervek \u00e9s a nagyk\u00f6vets\u00e9gek m\u0171k\u00f6dnek. A feh\u00e9r korm\u00e1nyzati \u00e9p\u00fcletek hossz\u00fa sorai \u00e9s a sz\u00e9les, lombos sug\u00e1rutak minden nap felt\u00e1rj\u00e1k Canberra jelleg\u00e9t, mint a demokr\u00e1cia \u00e9s a szak\u00e9rtelem k\u00f6zpontja. A v\u00e1ros meglehet\u0151sen z\u00f6ld \u00e9s nyitott \u2013 rengeteg parkkal \u00e9s viszonylag alacsony \u00e9p\u00fcletekkel \u2013, \u00e9s egy fenns\u00edkon fekszik, k\u00f6r\u00fclbel\u00fcl 578 m\u00e9teres tengerszint feletti magass\u00e1gban. A nyarak melegek (gyakran sz\u00e1razak \u00e9s viharfrontokkal), m\u00edg a telek ausztr\u00e1l m\u00e9rc\u00e9vel m\u00e9rve hidegek (gyakoriak a fagyok, \u00e9s a t\u00e1voli Brindabella-hegys\u00e9get gyakran h\u00f3 bor\u00edtja). Canberra Sydney-t\u0151l k\u00f6r\u00fclbel\u00fcl 280 km-re d\u00e9lnyugatra, Brisbane-t\u0151l pedig k\u00f6z\u00faton 660 km-re d\u00e9lre fekszik, eukaliptuszerd\u0151k \u00e9s lank\u00e1s dombok k\u00f6z\u00f6tt. Hivatalos megalap\u00edt\u00e1sa 1913-ra ny\u00falik vissza (amikor Canberr\u00e1t v\u00e1lasztott\u00e1k); a f\u0151bb \u00e9vfordul\u00f3k 1927 (a parlament sz\u00e9khelye) \u00e9s 1988 (az \u00faj parlamenti \u00e9p\u00fclet felavat\u00e1sa) voltak. A v\u00e1ros ma mintegy 170 nagyk\u00f6vets\u00e9gnek ad otthont, \u00e9s kultur\u00e1lis int\u00e9zm\u00e9nyeir\u0151l \u00e9s nemzeti fesztiv\u00e1ljair\u00f3l ismert.<\/p>\n<p>Canberra lakoss\u00e1ga (473 855 f\u0151 2024 k\u00f6zep\u00e9n) kisebb, mint Ausztr\u00e1lia nagy tengerparti v\u00e1rosai, de az orsz\u00e1g legnagyobb sz\u00e1razf\u00f6ldi v\u00e1rosa. A Canberra r\u00e9gi\u00f3 (bele\u00e9rtve a k\u00f6rnyez\u0151 telep\u00fcl\u00e9seket) k\u00f6r\u00fclbel\u00fcl 814 km\u00b2-t foglal el. A gazdas\u00e1got az \u00e1llami szektor uralja: a foglalkoztatottak nagyj\u00e1b\u00f3l 29%-a dolgozik sz\u00f6vets\u00e9gi korm\u00e1nyzati szervekn\u00e9l. Tov\u00e1bbi jelent\u0151s \u00e1gazatok k\u00f6z\u00e9 tartozik az oktat\u00e1s (az Ausztr\u00e1l Nemzeti Egyetem \u00e9s m\u00e1s f\u0151iskol\u00e1k), az eg\u00e9szs\u00e9g\u00fcgy \u00e9s a szakmai szolg\u00e1ltat\u00e1sok. A canberrai r\u00e9gi\u00f3ban a munkan\u00e9lk\u00fclis\u00e9g jellemz\u0151en alacsonyabb az orsz\u00e1gos \u00e1tlagn\u00e1l, ami a k\u00e9pzett munkaer\u0151 ir\u00e1nti keresletet t\u00fckr\u00f6zi. A j\u00f6vedelmi szintek viszonylag magasak (sok lakos j\u00f3l k\u00e9pzett k\u00f6ztisztvisel\u0151 vagy szakember), \u00e9s az ingatlan\u00e1rak \u2013 k\u00fcl\u00f6n\u00f6sen a lombos k\u00fclv\u00e1rosokban \u2013 az orsz\u00e1gos \u00e1tlag felett vannak. Canberra mindennapi \u00e9lete a t\u00f3, a parkok \u00e9s a kultur\u00e1lis \u00e9let k\u00f6r\u00fcl forog: az emberek gyakran ker\u00e9kp\u00e1roznak, vitorl\u00e1znak vagy kocognak a Burley Griffin-t\u00f3 k\u00f6r\u00fcl. A v\u00e1ros elrendez\u00e9se (k\u00f6rforgalmakkal \u00e9s geometrikus sug\u00e1rutakkal) \u00f6szt\u00f6nzi a reflekt\u00edv, szervezett \u00e9letet \u2013 Canberr\u00e1t egykor viccesen \u201etal\u00e1lkoz\u00f3helynek\u201d vagy \u201eboz\u00f3tosf\u0151v\u00e1rosnak\u201d nevezt\u00e9k az \u0151slakosok nyelv\u00e9n. A lakoss\u00e1g k\u00f6zel fele k\u00fclf\u00f6ld\u00f6n sz\u00fcletett, \u00e9s az angol nyelvet vil\u00e1gszerte haszn\u00e1lj\u00e1k. Az id\u0151z\u00f3na az ausztr\u00e1l keleti standard id\u0151, \u00e9s Ausztr\u00e1lia t\u00f6bbi r\u00e9sz\u00e9hez hasonl\u00f3an a forgalom a bal oldalon marad.<\/p>\n<p>Canberra az ausztr\u00e1l kontinens d\u00e9lkeleti negyed\u00e9ben fekszik, k\u00f6r\u00fclbel\u00fcl k\u00e9t \u00f3r\u00e1nyi aut\u00f3\u00fatra Sydney-t\u0151l a sz\u00e1razf\u00f6ld belseje fel\u00e9. Nyugaton a Brindabella-hegys\u00e9g \u00e9s a k\u00f6zeli Nagy V\u00edzv\u00e1laszt\u00f3-hegys\u00e9g veszi k\u00f6r\u00fcl, amelyek fest\u0151i kil\u00e1t\u00e1st ny\u00fajtanak a v\u00e1rosnak \u2013 t\u00e9len gyakran l\u00e1that\u00f3k havas cs\u00facsaik a t\u00f3partr\u00f3l. A v\u00e1ros k\u00f6r\u00fclbel\u00fcl 580 m\u00e9terrel a tengerszint felett fekszik. Az \u00e9ghajlat kontinent\u00e1lis: a ny\u00e1r sok napon meghaladhatja a 30\u00b0C-ot, m\u00edg a t\u00e9li \u00e9jszak\u00e1k gyakran fagypont al\u00e1 s\u00fcllyednek (a d\u00e9r \u00e9s a talajon l\u00e9v\u0151 v\u00e9kony h\u00f3 sem ismeretlen). Canberr\u00e1ban \u00e9vente k\u00f6r\u00fclbel\u00fcl 636 mm csapad\u00e9k esik, egyenletesen oszlik el, de gyakran f\u00faj \u201ef\u0151n-szelek\u201d (meleg, sz\u00e1raz szelek) is, amelyek gyorsan megemelhetik a t\u00e9li h\u0151m\u00e9rs\u00e9kletet. Brisbane p\u00e1ratartalm\u00e1val ellent\u00e9tben Canberra sz\u00e1raz telei \u00e9s m\u00e9rs\u00e9kelt nyarai n\u00e9gy k\u00fcl\u00f6n\u00e1ll\u00f3 \u00e9vszakot biztos\u00edtanak: a v\u00f6r\u00f6s \u00e9s arany sz\u00edn\u0171 \u0151szi lombozat n\u00e9pszer\u0171 l\u00e1tv\u00e1nyoss\u00e1g itt. A v\u00e1ros a Burley Griffin-t\u00f3, egy mesters\u00e9ges t\u00f3 k\u00f6r\u00fcl fekszik, amely nagyobb ter\u00fcletekre osztja. A t\u00f3parton \u00e9s a szomsz\u00e9dos dombokon (Black Mountain, Mount Ainslie) t\u00fara\u00fatvonalak \u00e9s ny\u00edlt kil\u00e1t\u00e1s ny\u00edlik. Annak ellen\u00e9re, hogy Canberra a sz\u00e1razf\u00f6ld belsej\u00e9ben fekszik, buja fenyvesekkel, ny\u00edlt f\u00fcves ter\u00fcletekkel \u00e9s boz\u00f3tosokkal teli v\u00e1rosr\u00e9szekkel rendelkezik \u2013 eml\u00e9keztetve a r\u00e9gi\u00f3 v\u00e1ros el\u0151tti t\u00e1j\u00e1ra. Az \u00e9ghajlat \u00e9s a k\u00f6rnyezet kedvez a szezon\u00e1lis szabadt\u00e9ri rendezv\u00e9nyeknek (p\u00e9ld\u00e1ul a cseresznyevir\u00e1gz\u00e1snak tavasszal a Floriade-en, az orsz\u00e1g legnagyobb vir\u00e1gfesztiv\u00e1lj\u00e1n).<\/p>\n<p>Canberra v\u00e1rost\u00f6rt\u00e9nete meglehet\u0151sen modern. 1908-ban az ausztr\u00e1l parlament \u00fagy d\u00f6nt\u00f6tt, hogy \u00faj nemzeti f\u0151v\u00e1rost kell \u00e9p\u00edteni Sydney \u00e9s Melbourne k\u00f6z\u00f6tti kompromisszumos helysz\u00ednen. A helysz\u00ednt 1909-ben v\u00e1lasztott\u00e1k ki, \u00e9s az amerikai \u00e9p\u00edt\u00e9sz, Walter Burley Griffin terv\u00e9t 1913-ban v\u00e1lasztott\u00e1k ki. Az \u00e9p\u00edtkez\u00e9s lass\u00fa volt; a \u201eCanberra\u201d nevet hivatalosan 1913-ban adt\u00e1k ki, de az els\u0151 parlamenti \u00e9p\u00fclet csak 1927-ben ny\u00edlt meg. A v\u00e1rost geometrikus sug\u00e1rutakkal \u00e9s nagy parkokkal tervezt\u00e9k, \u00e9s ezt a rendezett eleganci\u00e1t ma is meg\u0151rizte. A legfontosabb m\u00e9rf\u00f6ldk\u00f6vek k\u00f6z\u00e9 tartozik az Ausztr\u00e1l Nemzeti Egyetem 1946-os megalap\u00edt\u00e1sa (ami Canberr\u00e1t kutat\u00e1si k\u00f6zpontt\u00e1 tette), valamint az \u00faj, \u00e1lland\u00f3 parlamenti \u00e9p\u00fclet 1988-as megnyit\u00e1sa (az ideiglenes \u00e9p\u00fclet helyett). A sz\u00e1zad k\u00f6zep\u00e9re Canberra t\u00f6bb volt, mint korm\u00e1nyzati hivatalok \u2013 a k\u00fclv\u00e1rosok, az ipar \u00e9s a kult\u00fara is fejl\u0151d\u00f6tt. 1926\u20131931 k\u00f6z\u00f6tt r\u00f6vid ideig a ma m\u00e1r megsz\u0171nt K\u00f6z\u00e9p-Ausztr\u00e1lia Ter\u00fclet f\u0151v\u00e1rosa volt, miel\u0151tt 1933-ban visszaker\u00fclt az egys\u00e9ges \u00c9szaki Ter\u00fclet r\u00e9sz\u00e9v\u00e9. Canberra Ausztr\u00e1lia ideiglenes h\u00e1bor\u00fas f\u0151v\u00e1rosak\u00e9nt is szolg\u00e1lt a m\u00e1sodik vil\u00e1gh\u00e1bor\u00fa alatt, amikor a korm\u00e1nyzat evaku\u00e1lta Darwint. B\u00e1r Canberr\u00e1ban kev\u00e9s nagyon r\u00e9gi \u00e9p\u00fclet tal\u00e1lhat\u00f3 (r\u00f6vid t\u00f6rt\u00e9nelme miatt), a v\u00e1ros lev\u00e9lt\u00e1rai, m\u0171eml\u00e9kei \u00e9s m\u00fazeumi ki\u00e1ll\u00edt\u00e1sai gondosan nyomon k\u00f6vetik ezeket az alap\u00edt\u00f3 t\u00f6rt\u00e9neteket. A v\u00e1ros kett\u0151s eredete \u2013 tervezett v\u00e1ros \u00e9s demokratikus k\u00f6zpont \u2013 azt jelenti, hogy minden nemzeti k\u00f6lts\u00e9gvet\u00e9si bejelent\u00e9st vagy v\u00e1laszt\u00e1st itt \u00e9lnek \u00e1t, ami egyed\u00fcl\u00e1ll\u00f3 helyet biztos\u00edt Canberr\u00e1nak Ausztr\u00e1lia id\u0151vonal\u00e1ban.<\/p>\n<p>Canberra helyi jellege a b\u00fcrokratikus formalit\u00e1st meglep\u0151en kreat\u00edv \u00e1rny\u00e9kkal \u00f6tv\u00f6zi. A v\u00e1ros sz\u00e1mos korm\u00e1nyhivatalnak ad otthont (s\u0151t, a sz\u00f6vets\u00e9gi k\u00f6ztisztvisel\u0151ket n\u00e9ha \u201ecanberraiaknak\u201d is nevezik), ami j\u00f3zan, rendezett l\u00e9gk\u00f6rt k\u00f6lcs\u00f6n\u00f6z neki. A nemzeti m\u0171v\u00e9szeti gal\u00e9ri\u00e1k, egyetemek \u00e9s agytr\u00f6szt\u00f6k jelenl\u00e9te azonban intellektussal \u00e9s innov\u00e1ci\u00f3val t\u00f6lti meg a kultur\u00e1lis \u00e9letet. A lakosok \u00e1ltal\u00e1ban j\u00f3l k\u00e9pzett szakemberek; a helyi k\u00e1v\u00e9z\u00f3kban folytatott besz\u00e9lget\u00e9sek gyakran a politika, a tudom\u00e1ny vagy a m\u0171v\u00e9szetek k\u00f6r\u00fcl forognak. Ennek ellen\u00e9re a v\u00e1ros t\u00e1rsadalmi ritmusa nyugodt: az emberek udvariasan sorban \u00e1llnak a George Street k\u00e1v\u00e9z\u00f3iban, \u00e9s gyakori, hogy a korm\u00e1nyzati szerveken dolgoz\u00f3 koll\u00e9g\u00e1k keresztnev\u00e9n sz\u00f3l\u00edtj\u00e1k egym\u00e1st. Az ausztr\u00e1lok gyakran megjegyzik, hogy Canberra \u201ec\u00e9ltudatosnak\u201d t\u0171nik, de nem zs\u00fafoltnak \u2013 sz\u00e9les terek vannak az \u00e9p\u00fcletek k\u00f6z\u00f6tt, \u00e9s m\u00e9g a v\u00e1rosk\u00f6zpont is t\u00e1gasnak \u00e9rz\u0151dik. \u00c9letst\u00edlus\u00e1nak vannak szabadt\u00e9ri jegyei: a ker\u00e9kp\u00e1roz\u00e1s n\u00e9pszer\u0171 (kijel\u00f6lt \u00f6sv\u00e9nyekkel), a tavon evez\u00e9s gyakori, \u00e9s az olyan k\u00fclv\u00e1rosokban, mint Braddon, divatos \u00e9ttermek tal\u00e1lhat\u00f3k. Canberr\u00e1ban er\u0151s fesztiv\u00e1l- \u00e9s rendezv\u00e9nykult\u00fara is tal\u00e1lhat\u00f3. A f\u0151bb \u00e9ves esem\u00e9nyek k\u00f6z\u00e9 tartozik a Floriade (tavaszi vir\u00e1gfesztiv\u00e1l, amely t\u00f6bb sz\u00e1zezer embert vonz) \u00e9s az Enlighten (t\u00e9li f\u00e9ny- \u00e9s zenei fesztiv\u00e1l, amely a kivil\u00e1g\u00edtott parlamentet \u00e9s m\u00e1s \u00e9p\u00fcleteket mutatja be). A sportesem\u00e9nyek (mint p\u00e9ld\u00e1ul a tesztkrikett a Manuka Ovalon vagy a Summernats aut\u00f3fesztiv\u00e1l) \u00f6sszehozz\u00e1k a k\u00f6z\u00f6ss\u00e9get.<\/p>\n<p>Fontos kiemelni, hogy Canberra gyakorlatilag Ausztr\u00e1lia \u00f6sszes legkiemelked\u0151bb kultur\u00e1lis int\u00e9zm\u00e9ny\u00e9nek ad otthont: a Nemzeti M\u00fazeumnak, a Nemzeti K\u00f6nyvt\u00e1rnak, a Nemzeti Gal\u00e9ri\u00e1nak \u00e9s a Questacon tudom\u00e1nyos k\u00f6zpontnak, hogy csak n\u00e9h\u00e1nyat eml\u00edts\u00fcnk. Ez azt jelenti, hogy a lakosok k\u00f6nnyen hozz\u00e1f\u00e9rhetnek vil\u00e1gsz\u00ednvonal\u00fa ki\u00e1ll\u00edt\u00e1sokhoz, nemzeti arch\u00edvumokhoz \u00e9s f\u00f3rumokhoz. A diplomat\u00e1k \u00e9s a nemzetk\u00f6zi di\u00e1kok jelenl\u00e9te is kozmopolita hangulatot k\u00f6lcs\u00f6n\u00f6z a v\u00e1rosnak: Civic utc\u00e1in gyakran hallani sok nyelvet. B\u00fcrokratikus eredete ellen\u00e9re a v\u00e1ros sz\u00edve fant\u00e1ziad\u00fas \u00e9s polg\u00e1ri gondolkod\u00e1s\u00fa \u2013 a helyiek gyakran b\u00fcszk\u00e9k arra, hogy Canberr\u00e1t \u201em\u00e9lt\u00f3v\u00e1\u201d tett\u00e9k arra, hogy f\u0151v\u00e1ros legyen. Ez finom saj\u00e1toss\u00e1gokhoz vezet: p\u00e9ld\u00e1ul a parkok nyitvatart\u00e1si ideje \u00e9s a doh\u00e1nyz\u00f3helyek szigor\u00faan meghat\u00e1rozottak, ugyanakkor gerillazen\u00e9szeket is l\u00e1tni utcazen\u00e9szk\u00e9nt a parkban, vagy r\u00f6gt\u00f6nz\u00f6tt nyilv\u00e1nos el\u0151ad\u00e1sokat a tereken. A mindennapi \u00e9letben a canberraiak nagyra \u00e9rt\u00e9kelik a szabadban tart\u00f3zkod\u00e1st (a v\u00e1ros sz\u00e1mos parkja \u00e9s a fest\u0151i t\u00f3 n\u00e9pszer\u0171 piknikez\u0151helyek), \u00e9s \u00e1ltal\u00e1ban eg\u00e9szs\u00e9gtudatosak. B\u00e1rmelyik napon l\u00e1thatunk embereket kuty\u00e1t s\u00e9t\u00e1ltatni a Telstra Tower cs\u00facsi \u00f6sv\u00e9ny\u00e9n, vagy friss term\u00e9keket v\u00e1s\u00e1rolni a termel\u0151i piacon. Politikailag a lakoss\u00e1g kiss\u00e9 balra t\u00e1tong a k\u00f6z\u00e9ppontt\u00f3l, ami t\u00fckr\u00f6zi a sok k\u00f6ztisztvisel\u0151t. M\u00e9gis, mint eg\u00e9sz Ausztr\u00e1li\u00e1ban, a laza bar\u00e1ts\u00e1goss\u00e1g uralkodik \u2013 a boltosok \u201eGood Day\u201d-t kapsz, a sof\u0151r\u00f6k pedig \u00e1tengednek, ha jelz\u00e9ssel jelezed, hogy ki kell \u00e1llnod. Canberra \u00edgy egyszerre \u00e9rz\u0151dik korm\u00e1nyzati int\u00e9zm\u00e9nynek \u00e9s egy \u00e9l\u00e9nk, kisv\u00e1rosnak \u2013 \u00e9rdekes kett\u0151ss\u00e9g\u00e9ben \u00fcnnep\u00e9lyes int\u00e9zm\u00e9nynek \u00e9s mindennapi melegs\u00e9gnek.<\/p>\n<p>A Parlamenti H\u00e1romsz\u00f6get ural\u00f3 Parlament (arany z\u00e1szl\u00f3r\u00fadj\u00e1val) az ausztr\u00e1l korm\u00e1ny szimbolikus \u00e9s sz\u00f3 szerinti sz\u00e9khelye. Az \u00e9p\u00fclet megtekint\u00e9se n\u00e9pszer\u0171 program: a l\u00e1togat\u00f3k v\u00e9gigs\u00e9t\u00e1lhatnak a Szen\u00e1tus \u00e9s a K\u00e9pvisel\u0151h\u00e1z \u00fcl\u00e9sterm\u00e9ben, megtekinthetik a m\u0171alkot\u00e1sokat \u00e9s k\u00f6vethetik a k\u00e9rd\u00e9sek \u00f3r\u00e1j\u00e1t. A politik\u00e1n t\u00fal Canberra l\u00e1tnival\u00f3i a nemzeti \u00f6r\u00f6ks\u00e9gre \u00f6sszpontosulnak. K\u00f6zvetlen\u00fcl a Parlament alatt tal\u00e1lhat\u00f3 az Ausztr\u00e1l H\u00e1bor\u00fas Eml\u00e9km\u0171, egy m\u00fazeum \u00e9s egyben szent\u00e9ly, amely az ausztr\u00e1l katon\u00e1knak \u00e1ll\u00edt eml\u00e9ket; meghat\u00f3 ki\u00e1ll\u00edt\u00e1sokat \u00e9s megind\u00edt\u00f3 napi tisztelg\u00e9st k\u00edn\u00e1l. A k\u00f6zelben tal\u00e1lhat\u00f3 a Nemzeti Gal\u00e9ria (amely \u0151slakos m\u0171v\u00e9szeti alkot\u00e1sokat \u00e9s nemzetk\u00f6zi gy\u0171jtem\u00e9nyeket \u0151riz), a Nemzeti K\u00f6nyvt\u00e1r (amely t\u00f6rt\u00e9nelmi dokumentumoknak, p\u00e9ld\u00e1ul gyarmati foly\u00f3iratoknak ad otthont) \u00e9s az Ausztr\u00e1l Nemzeti M\u00fazeum (amely a t\u00e1rsadalom- \u00e9s kult\u00fart\u00f6rt\u00e9netnek szentelt) \u2013 mindegyik a v\u00e1ros kihagyhatatlan int\u00e9zm\u00e9nyei k\u00f6z\u00e9 tartozik. A Civic v\u00e1rosr\u00e9sz\u00e9ben tal\u00e1lhat\u00f3 V\u00e1rosdomb \u00e9s az Anzac Parade t\u00f6rt\u00e9nelmi szem\u00e9lyis\u00e9gek \u00e9s esem\u00e9nyek eml\u00e9km\u0171vei sorakoznak, t\u00fckr\u00f6zve a f\u0151v\u00e1ros szerep\u00e9t a nemzeti identit\u00e1s alak\u00edt\u00e1s\u00e1ban.<\/p>\n<p>A k\u00f6zponton k\u00edv\u00fcl a v\u00e1ros term\u00e9szeti sz\u00e9ps\u00e9ge \u00f6nmag\u00e1ban is vonzer\u0151. A Molonglo foly\u00f3 felduzzaszt\u00e1s\u00e1val l\u00e9trej\u00f6tt Burley Griffin-t\u00f3 fest\u0151i part menti s\u00e9t\u00e1kat, vitorl\u00e1z\u00e1st \u00e9s tiszta napokon a hegyek l\u00e1tv\u00e1ny\u00e1t k\u00edn\u00e1lja. Keletre tal\u00e1lhat\u00f3 a Mount Ainslie, nyugatra pedig a Black Mountain (a Telstra-torony otthona) \u2013 mindkett\u0151 k\u00f6nnyen megm\u00e1szhat\u00f3, \u00e9s leny\u0171g\u00f6z\u0151 v\u00e1rosi l\u00e1tk\u00e9ppel jutalmazza a t\u00far\u00e1z\u00f3kat. Canberr\u00e1ban rengeteg park \u00e9s rezerv\u00e1tum tal\u00e1lhat\u00f3: az Ausztr\u00e1l Nemzeti Botanikus Kert \u0151shonos n\u00f6v\u00e9nyeket mutat be, m\u00edg a Namadgi Nemzeti Park (d\u00e9lnyugatra) boz\u00f3tosokat \u00e9s \u0151slakos \u00f6r\u00f6ks\u00e9gi helysz\u00edneket \u0151riz. Szezon\u00e1lis esem\u00e9nyek vonzz\u00e1k a turist\u00e1kat: tavasszal a f\u0151v\u00e1rost vir\u00e1gba bor\u00edtja (Floriade), t\u00e9len pedig a szilveszteri Skyfire t\u0171zij\u00e1t\u00e9k vil\u00e1g\u00edtja meg a tavat \u00e9s a t\u00f3parti \u00e9p\u00fcleteket (az Enlighten Canberra r\u00e9sze). V\u00e9g\u00fcl, minden \u00e1prilis 25-\u00e9n az ANZAC-napi megeml\u00e9kez\u00e9sek hatalmas t\u00f6megeket vonzanak, amelyek a h\u00e1bor\u00fas eml\u00e9km\u0171vekn\u00e9l tartott hajnali istentiszteletekkel tet\u0151znek \u2013 ez egy m\u00e9ly hagyom\u00e1ny a f\u0151v\u00e1rosban. \u00d6sszefoglalva, Canberra l\u00e1tnival\u00f3i az oktat\u00f3 jelleg\u0171ek \u00e9s a fest\u0151iek kever\u00e9k\u00e9t k\u00edn\u00e1lj\u00e1k: a m\u0171eml\u00e9kek felfedez\u00e9se megtan\u00edt Ausztr\u00e1lia t\u00f6rt\u00e9net\u00e9re, m\u00edg a k\u00f6rnyezet \u2013 parkok, eukaliptusz erd\u0151k \u00e9s tervezett l\u00e1tk\u00e9pek \u2013 gyeng\u00e9d, t\u00fckr\u00f6z\u0151d\u0151 kontrasztot alkotnak a v\u00e1rosi \u00e9lettel.<\/p>\n<p>Canberr\u00e1nak saj\u00e1t rep\u00fcl\u0151tere (Canberra Airport, CBR) tal\u00e1lhat\u00f3 mind\u00f6ssze 8 km-re a v\u00e1rosk\u00f6zpontt\u00f3l, ahonnan k\u00f6zvetlen j\u00e1ratok indulnak Ausztr\u00e1lia \u00f6sszes nagyobb v\u00e1ros\u00e1ba. Sydneyb\u0151l aut\u00f3val k\u00f6r\u00fclbel\u00fcl 3-3,5 \u00f3ra a Hume Highway-n kereszt\u00fcl, Brisbane-t\u0151l pedig k\u00f6r\u00fclbel\u00fcl 660 km-re tal\u00e1lhat\u00f3 a belf\u00f6ldi aut\u00f3p\u00e1ly\u00e1n (az \u00fat k\u00f6r\u00fclbel\u00fcl 7 \u00f3ra). Naponta k\u00f6zlekedik vonat (NSW TrainLink) \u00e9s buszj\u00e1rat is, amely \u00f6sszek\u00f6ti Canberr\u00e1t Sydney-vel \u00e9s Melbourne-nel.<\/p>\n<p>A v\u00e1ros kialak\u00edt\u00e1sa viszonylag aut\u00f3bar\u00e1tt\u00e1 teszi. Az utak sz\u00e9lesek (gyakran k\u00f6rforgalmakkal \u00e9s elv\u00e1laszt\u00f3 s\u00e1vokkal), a parkol\u00e1si lehet\u0151s\u00e9gek pedig b\u0151s\u00e9gesek, \u00e9s \u00e1ltal\u00e1ban ingyenesek. J\u00f3l \u00f6sszekapcsolt t\u00f6megk\u00f6zleked\u00e9si h\u00e1l\u00f3zat (ACTION buszok) szolg\u00e1lja ki az \u00f6sszes k\u00fclv\u00e1rost, a v\u00e1rosk\u00f6zpont \u00e9s Gungahlin k\u00f6z\u00f6tt pedig egy k\u00f6nny\u0171vas\u00fati villamosvonal (melyet 2019-ben nyitottak meg) k\u00f6zlekedik. A ker\u00e9kp\u00e1roz\u00e1s n\u00e9pszer\u0171: ker\u00e9kp\u00e1rutak szelik \u00e1t a v\u00e1rost, az \u00f6sv\u00e9nyek pedig a t\u00f3 partj\u00e1t k\u00f6vetik. Ha aut\u00f3val \u00e9rkezik, ne felejtse el balra maradni, \u00e9s figyeljen a k\u00f6rforgalmakra. A v\u00e1ros elrendez\u00e9se \u2013 tengelyekkel \u00e9s k\u00f6r\u00f6kkel \u2013 a k\u00f6zpontban r\u00e1csosnak t\u0171nhet, de a k\u00fcls\u0151 ter\u00fcleteken k\u00fclv\u00e1rosias, \u00edgy a navig\u00e1ci\u00f3s alkalmaz\u00e1sok vagy egy t\u00e9rk\u00e9p hasznos lehet az els\u0151 l\u00e1togat\u00f3k sz\u00e1m\u00e1ra.<\/p>\n<p>Canberra p\u00e9nzneme az ausztr\u00e1l doll\u00e1r. Borraval\u00f3t nem v\u00e1rnak el (a kiszolg\u00e1l\u00f3 szem\u00e9lyzet norm\u00e1l b\u00e9rt kap) \u2013 a borraval\u00f3 teljes m\u00e9rt\u00e9kben \u00f6nk\u00e9ntes. Mindenhol angolul besz\u00e9lnek; a rend\u0151r\u00f6k, a barist\u00e1k \u00e9s a helyiek \u00e1ltal\u00e1ban bar\u00e1ts\u00e1gosan v\u00e1laszolnak a k\u00e9rd\u00e9sekre. Canberra a tisztas\u00e1g\u00e1r\u00f3l \u00e9s a rendj\u00e9r\u0151l h\u00edres: gyakoriak az \u00fajrahasznos\u00edt\u00f3 kuk\u00e1k, \u00e9s (t\u00e1bl\u00e1k vagy a helyiek) eml\u00e9keztetni fognak a v\u00edz \u00fajrahasznos\u00edt\u00e1s\u00e1ra \u00e9s takar\u00e9koskod\u00e1s\u00e1ra. Ny\u00e1ron er\u0151sen s\u00fcthet a nap, ez\u00e9rt a f\u00e9nyv\u00e9d\u0151 haszn\u00e1lata m\u00e9g Canberra naps\u00fct\u00e9ses telein is aj\u00e1nlott. Canberra seg\u00e9lyh\u00edv\u00f3 sz\u00e1ma a szok\u00e1sos m\u00f3don 000.<\/p>\n<p>A canberraiak \u00e1ltal\u00e1ban egyenesek \u00e9s elfogultak. Az egyszer\u0171 udvariass\u00e1g \u2013 a sorban \u00e1ll\u00e1s, a k\u00e9zfog\u00e1s, az ajt\u00f3 tart\u00e1sa \u2013 sokat sz\u00e1m\u00edt. A nagyk\u00f6vets\u00e9gi szem\u00e9lyzet \u00e9s politikusok koncentr\u00e1ci\u00f3ja miatt az \u00f6lt\u00f6zk\u00f6d\u00e9s rendezv\u00e9nyeken vagy eleg\u00e1nsabb \u00e9ttermekben form\u00e1lisabb lehet, mint m\u00e1s ausztr\u00e1l v\u00e1rosokban (\u00f6lt\u00f6ny vagy eleg\u00e1ns h\u00e9tk\u00f6znapi viselet). M\u00e1sr\u00e9szt eb\u00e9did\u0151ben vagy h\u00e9tv\u00e9g\u00e9n \u00f6lt\u00f6ny\u00f6ket is l\u00e1thatunk ker\u00e9kp\u00e1ros felszerel\u00e9ssel vagy t\u00farabakanccsal keveredve; a v\u00e1ros laza szabadt\u00e9ri kult\u00far\u00e1ja azt jelenti, hogy mindkett\u0151vel tal\u00e1lkozhatunk. Az ausztr\u00e1l szab\u00e1lyok (biztons\u00e1gi \u00f6v haszn\u00e1lata, doh\u00e1nyz\u00e1s tilos z\u00e1rt nyilv\u00e1nos helyeken, alkoholfogyaszt\u00e1s tilos a parkokban, kiv\u00e9ve a kijel\u00f6lt ter\u00fcleteket) itt is \u00e9rv\u00e9nyesek. V\u00e9g\u00fcl ne feledj\u00fck, hogy sz\u00e1mos l\u00e1tnival\u00f3 \u00e1llamilag m\u0171k\u00f6dtetett int\u00e9zm\u00e9ny: megtartj\u00e1k az ausztr\u00e1l munkasz\u00fcneti napokat. Az ANZAC napon (\u00e1prilis 25.) p\u00e9ld\u00e1ul az eg\u00e9sz v\u00e1ros \u00fcnnep\u00e9lyes hajnali istentiszteletet tart, \u00e9s a k\u00f6zhivatalok z\u00e1rva tartanak. De a legt\u00f6bb m\u00e1s napon Canberra megszokott m\u00f3don m\u0171k\u00f6dik, \u00e9s a l\u00e1togat\u00f3k k\u00f6nnyen \u00e9lvezhetik a m\u00fazeumokat, k\u00e1v\u00e9z\u00f3kat \u00e9s a szabadban val\u00f3 tart\u00f3zkod\u00e1st.<\/p>","protected":false},"excerpt":{"rendered":"<p>Ausztr\u00e1lia f\u0151v\u00e1rosa, Canberra, \u00fcgyesen \u00f6tv\u00f6zi a modernizmust a t\u00f6rt\u00e9nelemmel \u00e9s a kult\u00far\u00e1val. Az ausztr\u00e1l gyarmatok sz\u00f6vets\u00e9g\u00e9b\u0151l sz\u00fcletett v\u00e1ros az \u00fajonnan l\u00e9trehozott orsz\u00e1g korm\u00e1nyzati sz\u00e9khely\u00e9v\u00e9 v\u00e1lt. Napjainkban nemcsak Ausztr\u00e1lia legnagyobb sz\u00e1razf\u00f6ldi v\u00e1rosa, hanem \u00e1ltal\u00e1ban v\u00e9ve a nyolcadik legnagyobb is. Az Ausztr\u00e1l-Alpok leg\u00e9szakibb pontj\u00e1n, az orsz\u00e1g legmagasabb hegys\u00e9g\u00e9ben magasod\u00f3 Canberra b\u00fcszk\u00e9n l\u00e1that\u00f3 2023 j\u00fanius\u00e1ban, becsl\u00e9sek szerint 466 566 lakos\u00e1val.<\/p>","protected":false},"author":1,"featured_media":4498,"parent":9806,"menu_order":0,"comment_status":"closed","ping_status":"closed","template":"elementor_theme","meta":{"_eb_attr":"","footnotes":""},"class_list":["post-10153","page","type-page","status-publish","has-post-thumbnail"],"_links":{"self":[{"href":"https:\/\/travelshelper.com\/hu\/wp-json\/wp\/v2\/pages\/10153","targetHints":{"allow":["GET"]}}],"collection":[{"href":"https:\/\/travelshelper.com\/hu\/wp-json\/wp\/v2\/pages"}],"about":[{"href":"https:\/\/travelshelper.com\/hu\/wp-json\/wp\/v2\/types\/page"}],"author":[{"embeddable":true,"href":"https:\/\/travelshelper.com\/hu\/wp-json\/wp\/v2\/users\/1"}],"replies":[{"embeddable":true,"href":"https:\/\/travelshelper.com\/hu\/wp-json\/wp\/v2\/comments?post=10153"}],"version-history":[{"count":0,"href":"https:\/\/travelshelper.com\/hu\/wp-json\/wp\/v2\/pages\/10153\/revisions"}],"up":[{"embeddable":true,"href":"https:\/\/travelshelper.com\/hu\/wp-json\/wp\/v2\/pages\/9806"}],"wp:featuredmedia":[{"embeddable":true,"href":"https:\/\/travelshelper.com\/hu\/wp-json\/wp\/v2\/media\/4498"}],"wp:attachment":[{"href":"https:\/\/travelshelper.com\/hu\/wp-json\/wp\/v2\/media?parent=10153"}],"curies":[{"name":"wp","href":"https:\/\/api.w.org\/{rel}","templated":true}]}}