{"id":10119,"date":"2024-09-09T19:24:20","date_gmt":"2024-09-09T19:24:20","guid":{"rendered":"https:\/\/travelshelper.com\/staging\/?page_id=10119"},"modified":"2026-03-13T21:44:12","modified_gmt":"2026-03-13T21:44:12","slug":"falls-creek","status":"publish","type":"page","link":"https:\/\/travelshelper.com\/hu\/destinations\/australia-and-oceania\/australia\/falls-creek\/","title":{"rendered":"Falls Creek"},"content":{"rendered":"<p>Falls Creek egy apr\u00f3, eg\u00e9sz \u00e9vben nyitva tart\u00f3 alpesi falu, nagyon kis \u00e1lland\u00f3 k\u00f6z\u00f6ss\u00e9ggel. Val\u00f3j\u00e1ban ny\u00e1ron mind\u00f6ssze k\u00f6r\u00fclbel\u00fcl 200 ember \u00e9l ott teljes munkaid\u0151ben, de ez a sz\u00e1m t\u00e9len dr\u00e1maian megn\u0151: a \u00fcd\u00fcl\u0151hely a f\u0151szezonban ak\u00e1r 5600 lakost is el tud l\u00e1tni. Ez a n\u00f6veked\u00e9s a falu 4500 f\u00e9r\u0151hely\u00e9t \u00e9s t\u00e9li sz\u00e1ll\u00e1shely\u00e9t t\u00fckr\u00f6zi. K\u00f6vetkez\u00e9sk\u00e9ppen gazdas\u00e1g\u00e1t szinte teljes eg\u00e9sz\u00e9ben a turizmus hajtja. Egy korm\u00e1nyzati jelent\u00e9s megjegyzi, hogy Falls Creek \u201ejelent\u0151sen hozz\u00e1j\u00e1rul a r\u00e9gi\u00f3 gazdas\u00e1g\u00e1hoz\u201d, \u00e9s jelent\u0151s szezon\u00e1lis munkahelyeket teremt. Egy tipikus (j\u00e1rv\u00e1ny el\u0151tti) \u00e9vben Falls Creek teljes turisztikai bev\u00e9tele k\u00f6r\u00fclbel\u00fcl 12 milli\u00f3 ausztr\u00e1l doll\u00e1r volt. Csak kis az \u00e1lland\u00f3 lakoss\u00e1g (bele\u00e9rtve az eg\u00e9sz \u00e9vben nyitva tart\u00f3 \u00e1ltal\u00e1nos iskola tanul\u00f3it is), \u00edgy a helyi gazdas\u00e1g a s\u00edh\u00e1zak, \u00e9ttermek \u00e9s a b\u00e9relhet\u0151 sz\u00e1ll\u00e1shelyek k\u00f6r\u00fcl forog. A t\u00e9l cs\u00facspontj\u00e1n a \u00fcd\u00fcl\u0151hely s\u00edel\u0151k \u00e9s snowboardosok ezreit\u0151l pezseg; ny\u00e1ron a t\u00far\u00e1z\u00f3k \u00e9s hegyiker\u00e9kp\u00e1rosok csendesebb ritmus\u00e1ba csap \u00e1t.<\/p>\n<p>Falls Creek a d\u00e9lkelet-ausztr\u00e1liai Vikt\u00f3ri\u00e1nus-Alpok m\u00e9ly\u00e9n fekszik. A falu az Alpine Nemzeti Parkban tal\u00e1lhat\u00f3, Melbourne-t\u0151l nagyj\u00e1b\u00f3l 350 km-re \u00e9szakkeletre (k\u00f6r\u00fclbel\u00fcl 5-6 \u00f3r\u00e1s aut\u00f3\u00fatra). Magas fenns\u00edkon fekszik, k\u00f6r\u00fclbel\u00fcl 1600 m\u00e9terrel a tengerszint felett (alapmagass\u00e1g 1500 m, cs\u00facsmagass\u00e1g 1780 m). A legk\u00f6zelebbi kisv\u00e1ros Mount Beauty, k\u00f6r\u00fclbel\u00fcl 30 km-re. F\u00f6ldrajzilag Falls Creek Victoria \u00e1llam Hume r\u00e9gi\u00f3j\u00e1nak r\u00e9sze, \u00e9s zord hegyvonulatok veszik k\u00f6r\u00fcl. Havas s\u00edks\u00e1gok \u00e9s alpesi erd\u0151k hat\u00e1rolj\u00e1k a \u00fcd\u00fcl\u0151helyet. Az \u00e9ghajlat h\u00f3napokig hideg \u00e9s havas: hideg \u00f3ce\u00e1ni\/szubpol\u00e1ris z\u00f3n\u00e1nak min\u0151s\u00fcl, r\u00f6vid, h\u0171v\u00f6s nyarakkal \u00e9s nagyon havas telekkel. Falls Creekben \u00e1tlagosan nagyj\u00e1b\u00f3l n\u00e9gy m\u00e9ter h\u00f3 esik minden t\u00e9len, \u00edgy a s\u00edp\u00e1ly\u00e1k jellemz\u0151en j\u00faniust\u00f3l szeptemberig tartanak nyitva. A ny\u00e1ri napok enyh\u00e9k, gyakran der\u00fcltek \u00e9s naposak, de az \u00e9jszak\u00e1k m\u00e9g mindig el\u00e9g h\u0171v\u00f6sek lehetnek. R\u00f6viden, Falls Creek helysz\u00edne egy igazi magashegyi k\u00f6rnyezet az ausztr\u00e1l kontinensen, ahol a fenyvesek \u00e9s a befagyott tavak t\u00e9len sz\u00e9les h\u00f3mez\u0151knek adj\u00e1k \u00e1t hely\u00fcket.<\/p>\n<p>Falls Creek eredete a 20. sz\u00e1zad k\u00f6zep\u00e9nek h\u00e1bor\u00fa ut\u00e1ni korszak\u00e1ra ny\u00falik vissza. A m\u00e1sodik vil\u00e1gh\u00e1bor\u00fa \u00e9s a k\u00f6zeli Kiewa v\u00edzer\u0151m\u0171 meg\u00e9p\u00edt\u00e9se ut\u00e1n a turist\u00e1k \u00e9s a katon\u00e1k elkezdt\u00e9k s\u00edelni a magaslati vid\u00e9ken. 1948-ban a m\u00e9rn\u00f6k\u00f6k meg\u00e9p\u00edtett\u00e9k az els\u0151 kezdetleges s\u00edkunyh\u00f3t. 1951-re k\u00f6t\u00e9lvontat\u00f3t szereltek fel, 1957-re pedig Falls Creekben \u00e1llt meg Ausztr\u00e1lia els\u0151 libeg\u0151je. A \u201efalu\u201d lassan n\u00f6vekedett: 1958 j\u00fanius\u00e1ban megny\u00edlt egy postahivatal, amely hivatalos elismer\u00e9s\u00e9t jelentette. Ezt k\u00f6vet\u0151en \u00e9vtizedekig Falls Creek l\u00e9nyeg\u00e9ben ny\u00e1ri szarvasmarha-teny\u00e9szt\u0151 ter\u00fclet volt, amelyet a meleg h\u00f3napokban legeltet\u00e9sre haszn\u00e1ltak. Ez a 2000-es \u00e9vek elej\u00e9n megv\u00e1ltozott, amikor a legeltet\u00e9st v\u00e9g\u00fcl betiltott\u00e1k a k\u00e9nyes alpesi k\u00f6rnyezet v\u00e9delme \u00e9rdek\u00e9ben. Az\u00f3ta a s\u00edterep ismerts\u00e9ge megn\u0151tt. Jelent\u0151s fordul\u00f3pont 2019-ben j\u00f6tt el, amikor a Vail Resorts glob\u00e1lis s\u00ed\u00fczemeltet\u0151 (amely az \u00faj-d\u00e9l-walesi Perisher tulajdonosak\u00e9nt ismert) k\u00f6r\u00fclbel\u00fcl 174 milli\u00f3 ausztr\u00e1l doll\u00e1r\u00e9rt megv\u00e1s\u00e1rolta a Falls Creeket (a Hotham-heggyel egy\u00fctt) a k\u00f6rny\u00e9ken. B\u00e1r Falls Creek ma egy modern s\u00edfalu hangulat\u00e1t \u00e1rasztja, n\u00e9h\u00e1ny korai eml\u00e9k megmaradt (p\u00e9ld\u00e1ul egy kis m\u00fazeum \u00e9s a lejt\u0151k alatti \u201e\u00f6r\u00f6ks\u00e9gkunyh\u00f3k\u201d), amelyek a kunyh\u00f3k \u00e9s k\u00f6t\u00e9lh\u00faz\u00f3k \u00fatt\u00f6r\u0151 napjaira eml\u00e9keztetnek.<\/p>\n<p>Falls Creek kult\u00far\u00e1ja nagyon is hasonl\u00edt egy alpesi s\u00edfaluhoz. A domin\u00e1ns nyelv az angol, \u00e9s a k\u00f6z\u00f6ss\u00e9get t\u00falnyom\u00f3r\u00e9szt ausztr\u00e1lok alkotj\u00e1k (gyakran viktori\u00e1nusok, akik s\u00edoktat\u00f3k\u00e9nt \u00e9s a s\u00edk\u00f6zpont szem\u00e9lyzetek\u00e9nt dolgoznak). A \u201es\u00edel\u0151\u201d \u00e9letm\u00f3dot a csal\u00e1di \u00e9let m\u00e9rs\u00e9kli \u2013 a faluban eg\u00e9sz \u00e9vben \u00e1ltal\u00e1nos iskola is m\u0171k\u00f6dik. T\u00e9len a temp\u00f3 a hegyre \u00f6sszpontosul, de s\u00f6t\u00e9ted\u00e9s ut\u00e1n \u00e9l\u00e9nk a hangulat: a faluk\u00f6zpontban b\u00e1rok \u00e9s n\u00e9h\u00e1ny \u00e9jszakai klub v\u00e1rja a s\u00edel\u0151ket \u00e9s snowboardosokat. A l\u00e1togat\u00f3k gyakran bar\u00e1ts\u00e1gos, szer\u00e9ny l\u00e9gk\u00f6rt tapasztalnak; a helyi ausztr\u00e1lok keverednek a havas h\u00f3 miatt \u00e9rkez\u0151 k\u00fclf\u00f6ldi l\u00e1togat\u00f3kkal. A k\u00f6z\u00f6ss\u00e9gi hagyom\u00e1nyok k\u00f6z\u00e9 tartoznak az \u00e9v v\u00e9gi \u00fcnneps\u00e9gek \u00e9s a s\u00edversenyek. K\u00e9t jellegzetes esem\u00e9ny illusztr\u00e1lja a hangulatot: a Kangaroo Hoppet egy 42 km-es s\u00edfut\u00f3maraton, amelyet minden augusztusban megrendeznek, \u00e9s amely t\u00f6bb ezer s\u00edel\u0151t vonz Ausztr\u00e1li\u00e1b\u00f3l \u00e9s k\u00fclf\u00f6ldr\u0151l. Szeptember elej\u00e9n a s\u00edk\u00f6zpont ad otthont a \u201eStylewars\u201d-nak \u2013 egy slopestyle snowboardversenynek, amely ausztr\u00e1l \u00e9s nemzetk\u00f6zi s\u00edel\u0151ket hoz a terepparkokba. Mindk\u00e9t esem\u00e9ny \u00fcnnepi pezsg\u00e9st teremt a faluban. Ny\u00e1ron a hangulat megv\u00e1ltozik: ehhez k\u00e9pest nagyon csendes lesz, a l\u00e1togat\u00f3k s\u00edl\u00e9ceket t\u00farabakancsokra \u00e9s ker\u00e9kp\u00e1rokra cser\u00e9lnek. \u00d6sszess\u00e9g\u00e9ben Falls Creek egy f\u00f6ldh\u00f6zragadt hegyi k\u00f6z\u00f6ss\u00e9gnek \u00e9rz\u0151dik, szabadt\u00e9ri akt\u00edv kult\u00far\u00e1val \u00e9s r\u00f6vid, de \u00e9l\u00e9nk turisztikai szezonnal.<\/p>\n<p>Falls Creek messze f\u0151 vonzereje maga a hegyvid\u00e9ki terep. A s\u00edk\u00f6zpont mintegy 76 s\u00edp\u00e1ly\u00e1val b\u00fcszk\u00e9lkedhet, amelyeket 16 felvon\u00f3 szolg\u00e1l ki. Ezek a karbantartott lejt\u0151k (a k\u00f6nny\u0171 kezd\u0151 p\u00e1ly\u00e1kt\u00f3l a meredek fekete p\u00e1ly\u00e1kig) mindenf\u00e9le tud\u00e1sszint\u0171 s\u00edel\u0151t vonzanak. T\u00e9len a Falls Creek p\u00e1ly\u00e1in \u2013 amelyek k\u00f6z\u00f6tt egy 3 km hossz\u00fa \u201eWishing Well\u201d nev\u0171 \u00f6sv\u00e9ny is tal\u00e1lhat\u00f3 \u2013 egyszer\u0171 s\u00edel\u00e9s vagy snowboardoz\u00e1s a f\u0151 \u00e9lm\u00e9ny. Sok l\u00e1togat\u00f3 sz\u00e1m\u00e1ra err\u0151l sz\u00f3l Falls Creek. A ny\u00e1ri h\u00f3napokban a fagyos lejt\u0151k egy m\u00e1sfajta t\u00e1jba olvadnak bele: Falls Creek a magasra \u00e9rt\u00e9kelt hegyi ker\u00e9kp\u00e1ros parkj\u00e1r\u00f3l v\u00e1lt ismertt\u00e9. A s\u00edk\u00f6zpont t\u00f6bb tucat kilom\u00e9ternyi ker\u00e9kp\u00e1rutat k\u00edn\u00e1l az alpesi erd\u0151ben kanyarogva. Val\u00f3j\u00e1ban a s\u00edk\u00f6zpont hivatalos bros\u00far\u00e1i Falls Creeket a ny\u00e1ri sportok \u201eszabadt\u00e9ri Mekk\u00e1j\u00e1nak\u201d nevezik, ahol t\u00far\u00e1z\u00e1si, terepfut\u00e1si \u00e9s ker\u00e9kp\u00e1roz\u00e1si lehet\u0151s\u00e9gek vannak a Rocky Valley-t\u00f3 \u00e9s a k\u00f6zeli gerincek k\u00f6r\u00fcl. Tov\u00e1bbi l\u00e1tnival\u00f3k k\u00f6z\u00e9 tartoznak a McKay-hegy l\u00e1b\u00e1n\u00e1l tal\u00e1lhat\u00f3 t\u00f6rt\u00e9nelmi marhateny\u00e9szt\u0151k kunyh\u00f3i (mint p\u00e9ld\u00e1ul a Wallace&#039;s Hut \u00e9s a Johanna&#039;s Hut) \u2013 a r\u00e9gi legeltet\u00e9si korszak maradv\u00e1nyai, ahol a l\u00e1togat\u00f3k visszal\u00e9phetnek a 19. sz\u00e1zad k\u00f6zep\u00e9nek alpesi \u00e9let\u00e9be. Mag\u00e1ban a faluban tal\u00e1lhat\u00f3 a Falls Creek Alpine Resort komplexum \u2013 egy s\u00edp\u00e1ly\u00e1kkal megk\u00f6zel\u00edthet\u0151 sz\u00e1llod\u00e1k, mened\u00e9kh\u00e1zak \u00e9s \u00fczletek \u00f6sszess\u00e9ge \u2013, amely gyakran a tev\u00e9kenys\u00e9g k\u00f6zpontja. A helyi s\u00edfut\u00f3p\u00e1ly\u00e1k (65 km-nyi karbantartott hurok a falu \u00e9s a k\u00f6zeli cs\u00facsok k\u00f6r\u00fcl) vil\u00e1gsz\u00ednvonal\u00faak, \u00edgy sok l\u00e1togat\u00f3 pr\u00f3b\u00e1lja ki a s\u00edfut\u00e1st vagy a h\u00f3talpas t\u00far\u00e1z\u00e1st. R\u00f6viden, Falls Creek kihagyhatatlan l\u00e1tnival\u00f3i a t\u00e9li h\u00f3mez\u0151k, ny\u00e1ron pedig a t\u00fara-\/hegyiker\u00e9kp\u00e1ros \u00f6sv\u00e9nyek \u2013 l\u00e9nyeg\u00e9ben a hegyvid\u00e9ki t\u00e1j a vonzer\u0151.<\/p>\n<p>Falls Creek el\u00e9r\u00e9s\u00e9hez n\u00e9mi tervez\u00e9sre van sz\u00fcks\u00e9g. A legk\u00f6zelebbi nagyobb rep\u00fcl\u0151t\u00e9r Albury (\u00daj-D\u00e9l-Wales d\u00e9li r\u00e9sz\u00e9n, k\u00f6r\u00fclbel\u00fcl 130 km-re), de sok l\u00e1togat\u00f3 rep\u00fcl\u0151vel \u00e9rkezik Melbourne-be (a Tullamarine rep\u00fcl\u0151t\u00e9rre), majd onnan aut\u00f3val vagy busszal jut el a s\u00edk\u00f6zpontba. A k\u00f6z\u00fati \u00fat Melbourne-b\u0151l k\u00f6r\u00fclbel\u00fcl 350 km (k\u00f6r\u00fclbel\u00fcl 5-6 \u00f3ra aut\u00f3val) a Hume aut\u00f3p\u00e1ly\u00e1n \u00e9s az Alpine \u00faton kereszt\u00fcl. Mag\u00e1t a falut a Bogong High Plains \u00faton lehet megk\u00f6zel\u00edteni Mount Beauty v\u00e1ros\u00e1b\u00f3l. Fontos, hogy ez a magashegyi \u00fat eg\u00e9sz \u00e9vben nyitva van, de t\u00e9len a l\u00e1togat\u00f3knak h\u00f3l\u00e1ncot kell magukkal vinni\u00fck \u00e9s haszn\u00e1lniuk j\u00e9g vagy m\u00e9ly h\u00f3 eset\u00e9n. Val\u00f3j\u00e1ban a Falls Creek-i falusi utak a s\u00edszezon nagy r\u00e9sz\u00e9ben teljesen aut\u00f3mentesek (a s\u00edk\u00f6zpont arr\u00f3l sz\u00e1molt be, hogy t\u00e9len a falusi utak 93 napig le voltak z\u00e1rva a j\u00e1rm\u0171vek el\u0151l 2022-ben), ami azt jelenti, hogy az emberek a s\u00edel\u00e9si ponton parkolnak, \u00e9s s\u00edelnek vagy gyalog mennek be a faluba. Jeges napokon ingyenes transzferbusz k\u00f6zlekedik, hogy seg\u00edtsen az embereknek a sz\u00e1ll\u00e1sokhoz jutni. A faluban minden gyalogosan vagy s\u00edelve is megk\u00f6zel\u00edthet\u0151. (Figyelemre m\u00e9lt\u00f3, hogy ny\u00e1ron mind az Ome\u00f3b\u00f3l indul\u00f3 Bogong High Plains Road, mind a Bogong Road n\u00e9pszer\u0171 a ker\u00e9kp\u00e1rosok k\u00f6r\u00e9ben, olyan esem\u00e9nyekkel, mint az \u00e9ves Peaks Challenge, amely a k\u00f6rny\u00e9ken zajlik.) Alapvet\u0151 l\u00e1togat\u00f3i tippek: Falls Creekben ausztr\u00e1l doll\u00e1rt haszn\u00e1lnak, \u00e9s mindenhol angolul besz\u00e9lnek. T\u00e9len az \u00f6lt\u00f6zk\u00f6d\u00e9si szab\u00e1lyzat r\u00e9teges szabadt\u00e9ri \u00f6lt\u00f6zet; ny\u00e1ron \u00e9jszaka h\u0171v\u00f6s lehet a dombon. A j\u00f3zan \u00e9sz a hegyi biztons\u00e1got szolg\u00e1lja: t\u00e9len maradjon a jelzett \u00f6sv\u00e9nyeken, figyeljen az id\u0151j\u00e1r\u00e1s v\u00e1ltoz\u00e1saira, ny\u00e1ron pedig haszn\u00e1ljon napv\u00e9delmet. A mobilszolg\u00e1ltat\u00e1s a legmagasabb tengerszint feletti magass\u00e1gokban sz\u00f3rv\u00e1nyos, ez\u00e9rt tervezzen el\u0151re. \u00d6sszess\u00e9g\u00e9ben a l\u00e1togat\u00f3knak tiszt\u00e1ban kell lenni\u00fck azzal, hogy Falls Creek t\u00e1voli \u00e9s nagy tengerszint feletti magass\u00e1gban tal\u00e1lhat\u00f3 \u2013 \u00e9rdemes t\u00e9len t\u00f6bb utaz\u00e1si id\u0151t sz\u00e1molni, \u00e9s felk\u00e9sz\u00fclni a hideg k\u00f6r\u00fclm\u00e9nyekre.<\/p>","protected":false},"excerpt":{"rendered":"<p>A leny\u0171g\u00f6z\u0151 Vikt\u00f3ri\u00e1nus-Alpok k\u00f6z\u00f6tt megb\u00fav\u00f3 Falls Creek Alpine Resort Ausztr\u00e1lia legjobb mened\u00e9ke az alpesi kalandokhoz. Az Alpine Nemzeti Park Hume r\u00e9gi\u00f3j\u00e1ban, Victoria \u00e1llam \u00e9szakkeleti r\u00e9sz\u00e9n tal\u00e1lhat\u00f3 \u00fcd\u00fcl\u0151hely nagyj\u00e1b\u00f3l 350 kilom\u00e9terre (220 m\u00e9rf\u00f6ldre) tal\u00e1lhat\u00f3 Melbourne-t\u0151l; Mount Beauty a legk\u00f6zelebbi v\u00e1ros, mind\u00f6ssze 30 kilom\u00e9terre (20 m\u00e9rf\u00f6ldre). Az \u00fcd\u00fcl\u0151hely legmagasabban fekv\u0151 pontja 1500 \u00e9s 1830 m\u00e9ter k\u00f6z\u00f6tt (4921 \u00e9s 6004 l\u00e1b k\u00f6z\u00f6tt) 1780 m\u00e9ter (5840 l\u00e1b). Azok sz\u00e1m\u00e1ra, akik f\u00fcgg\u0151legesebb kih\u00edv\u00e1sokra v\u00e1gynak, a Mount McKay szomsz\u00e9dos cs\u00facsa, amely 1842 m\u00e9ter (6043 l\u00e1b) magas, h\u00edvogat, \u00e9s h\u00f3macsk\u00e1val k\u00f6zel\u00edthet\u0151 meg a \u00fcd\u00fcl\u0151helyr\u0151l.<\/p>","protected":false},"author":1,"featured_media":2902,"parent":9806,"menu_order":0,"comment_status":"closed","ping_status":"closed","template":"elementor_theme","meta":{"_eb_attr":"","footnotes":""},"class_list":["post-10119","page","type-page","status-publish","has-post-thumbnail"],"_links":{"self":[{"href":"https:\/\/travelshelper.com\/hu\/wp-json\/wp\/v2\/pages\/10119","targetHints":{"allow":["GET"]}}],"collection":[{"href":"https:\/\/travelshelper.com\/hu\/wp-json\/wp\/v2\/pages"}],"about":[{"href":"https:\/\/travelshelper.com\/hu\/wp-json\/wp\/v2\/types\/page"}],"author":[{"embeddable":true,"href":"https:\/\/travelshelper.com\/hu\/wp-json\/wp\/v2\/users\/1"}],"replies":[{"embeddable":true,"href":"https:\/\/travelshelper.com\/hu\/wp-json\/wp\/v2\/comments?post=10119"}],"version-history":[{"count":0,"href":"https:\/\/travelshelper.com\/hu\/wp-json\/wp\/v2\/pages\/10119\/revisions"}],"up":[{"embeddable":true,"href":"https:\/\/travelshelper.com\/hu\/wp-json\/wp\/v2\/pages\/9806"}],"wp:featuredmedia":[{"embeddable":true,"href":"https:\/\/travelshelper.com\/hu\/wp-json\/wp\/v2\/media\/2902"}],"wp:attachment":[{"href":"https:\/\/travelshelper.com\/hu\/wp-json\/wp\/v2\/media?parent=10119"}],"curies":[{"name":"wp","href":"https:\/\/api.w.org\/{rel}","templated":true}]}}