{"id":9957,"date":"2024-09-09T13:05:58","date_gmt":"2024-09-09T13:05:58","guid":{"rendered":"https:\/\/travelshelper.com\/staging\/?page_id=9957"},"modified":"2026-03-13T21:36:20","modified_gmt":"2026-03-13T21:36:20","slug":"thredbo","status":"publish","type":"page","link":"https:\/\/travelshelper.com\/fr\/destinations\/australia-and-oceania\/australia\/thredbo\/","title":{"rendered":"Thredbo"},"content":{"rendered":"<p>Situ\u00e9 dans le parc national de Kosciuszko, le village alpin de Thredbo est la station la plus haute d&#039;Australie. Il se trouve dans une vall\u00e9e bois\u00e9e de la cha\u00eene de Ramshead, \u00e0 environ 500 km au sud de Sydney. Le centre du village est une rue pi\u00e9tonne de style alpin bord\u00e9e de boutiques, de chalets et de tavernes, contrastant d\u00e9lib\u00e9r\u00e9ment avec le village plus dispers\u00e9 de Perisher. Malgr\u00e9 sa taille (seulement environ 477 r\u00e9sidents permanents), Thredbo peut accueillir des milliers de visiteurs\u00a0: la station dispose d&#039;environ 4\u00a0150 lits. Lors d&#039;un week-end d&#039;hiver, les pistes de Thredbo grouillent de skieurs, et les remont\u00e9es m\u00e9caniques fonctionnent sans interruption pour desservir 14 d&#039;entre elles, dont une t\u00e9l\u00e9cabine huit places atteignant 1\u00a0989\u00a0m au sommet (la <em>Station sup\u00e9rieure<\/em>). Il est remarquable que le Village Run de Thredbo soit la piste de ski alpin continue la plus longue d&#039;Australie (environ 5 km du T-Bar de Karel jusqu&#039;\u00e0 la limite du village).<\/p>\n<p>Thredbo poss\u00e8de environ 480 hectares de domaine skiable \u2013 moins que Perisher, mais il compense par son d\u00e9nivel\u00e9 et la qualit\u00e9 de ses remont\u00e9es m\u00e9caniques. Son sommet culmine \u00e0 2\u00a0037 m et sa base \u00e0 1\u00a0365 m, ce qui en fait l&#039;une des stations de ski les plus hautes de Nouvelle-Galles du Sud. Les sports d&#039;hiver dominent l&#039;\u00e9conomie\u00a0: Thredbo attire chaque ann\u00e9e environ 700\u00a0000 visiteurs, attir\u00e9s par ses snowparks, ses pistes de bosses et ses pistes dam\u00e9es. En \u00e9t\u00e9, Thredbo continue de prosp\u00e9rer\u00a0: environ 300\u00a0000 visiteurs viennent pour la randonn\u00e9e, le VTT et les festivals, ce qui en fait l&#039;une des seules stations alpines toutes saisons d&#039;Australie. Le r\u00e9seau de remont\u00e9es m\u00e9caniques (1 t\u00e9l\u00e9cabine, 3 t\u00e9l\u00e9si\u00e8ges \u00e0 grande vitesse, 5 t\u00e9l\u00e9skis et autres remont\u00e9es m\u00e9caniques) est ultramoderne, et les services du village \u2013 des \u00e9coles de ski aux restaurants \u2013 fonctionnent toute l&#039;ann\u00e9e.<\/p>\n<p>Thredbo se trouve \u00e0 l&#039;extr\u00eame sud-est de la Nouvelle-Galles du Sud, au c\u0153ur des Alpes australiennes. On y acc\u00e8de par la route Alpine Way, qui serpente \u00e0 travers Cooma et Jindabyne \u00e0 l&#039;ouest, reliant Sydney ou Canberra. Le village se trouve au pied de la rivi\u00e8re Crackenback (Thredbo), entour\u00e9 de hauts gommiers des neiges et de sommets comme le mont Kosciuszko. En hiver, le paysage est typiquement alpin\u00a0: arbres enneig\u00e9s, air pur des montagnes et rivi\u00e8re encombr\u00e9e de banquises. Les \u00e9t\u00e9s sont frais et verdoyants, avec des fleurs sauvages tapissant les prairies. Thredbo se trouve \u00e0 15\u00a0minutes en voiture de Perisher, mais poss\u00e8de un caract\u00e8re unique (un service de bus relie les deux villes).<\/p>\n<p>Le climat est alpin-maritime. Les hivers sont enneig\u00e9s en permanence de juin \u00e0 septembre, avec des chutes de neige annuelles moyennes d&#039;environ 2\u00a0040 mm. Les journ\u00e9es d&#039;\u00e9t\u00e9 sont douces (avec des pics autour de 20 \u00b0C) et les nuits peuvent \u00eatre fra\u00eeches. La vall\u00e9e \u00e9tant \u00e9troite, les temp\u00eates peuvent rapidement envelopper Thredbo, d&#039;o\u00f9 l&#039;importance des pr\u00e9visions m\u00e9t\u00e9orologiques.<\/p>\n<p>Le village moderne de Thredbo est n\u00e9 d&#039;une vision \u00e0 l&#039;\u00e9poque du projet hydro\u00e9lectrique des Snowy Mountains. En 1957, un consortium ayant travaill\u00e9 sur ce projet obtint le bail pour d\u00e9velopper Thredbo. La l\u00e9gende raconte que le nom \u00ab\u00a0Thredbo\u00a0\u00bb proviendrait d&#039;un terme aborig\u00e8ne d\u00e9signant un passage de rivi\u00e8re local, bien que les d\u00e9tails soient rares. Les premi\u00e8res remont\u00e9es m\u00e9caniques ouvrirent au d\u00e9but des ann\u00e9es 1980, et un t\u00e9l\u00e9si\u00e8ge permit bient\u00f4t aux skieurs d&#039;atteindre les sommets. En 1987, les principales installations du village de Thredbo furent rachet\u00e9es par Amalgamated Holdings Ltd.<\/p>\n<p>La renomm\u00e9e de la station de Thredbo s&#039;est accrue \u00e0 l&#039;international lorsqu&#039;elle a accueilli la descente de la Coupe du monde de ski alpin FIS en 1989 (une premi\u00e8re dans l&#039;h\u00e9misph\u00e8re sud). En 1997, le t\u00e9l\u00e9si\u00e8ge Riverview et d&#039;autres am\u00e9liorations ont permis d&#039;agrandir le domaine skiable, et en 1999, le village a inaugur\u00e9 la premi\u00e8re t\u00e9l\u00e9cabine d&#039;Australie. Au fil du temps, Thredbo a adopt\u00e9 un charme alpin plus europ\u00e9en\u00a0: h\u00f4tels et restaurants aux balcons en bois, chefs europ\u00e9ens et m\u00eame un biergarten pour l&#039;apr\u00e8s-ski.<\/p>\n<p>Contrairement \u00e0 Perisher, n\u00e9e de multiples domaines skiables, Thredbo a \u00e9t\u00e9 con\u00e7ue d\u00e8s le d\u00e9part comme une ville int\u00e9gr\u00e9e. Aujourd&#039;hui, son histoire est visible sur les plaques comm\u00e9moratives des premi\u00e8res \u00ab\u00a0troupes de ski\u00a0\u00bb et dans le t\u00e9l\u00e9si\u00e8ge Riverview d&#039;\u00e9poque (qui transporte encore lentement les d\u00e9butants). La ville conserve un h\u00e9ritage des ann\u00e9es 1950 dans les noms de rues (par exemple, le Tin Can Ski Bar, construit en 1969 par les ouvriers du projet) et dans un petit mus\u00e9e consacr\u00e9 aux souvenirs du projet. Dans les ann\u00e9es 2000, le nombre de visiteurs a d\u00e9pass\u00e9 celui des anciens \u00e9leveurs\u00a0; certaines cabanes des premiers \u00e9leveurs sont encore abandonn\u00e9es dans la nature sauvage au-del\u00e0 du domaine skiable.<\/p>\n<p>La culture de Thredbo allie la convivialit\u00e9 australienne d\u00e9contract\u00e9e \u00e0 une touche d&#039;ambiance internationale propre aux stations de ski. En hiver, le village est anim\u00e9 sans \u00eatre fr\u00e9n\u00e9tique\u00a0: les remont\u00e9es m\u00e9caniques sont bond\u00e9es le matin et, l&#039;apr\u00e8s-midi, les caf\u00e9s bourdonnent de conversations aux accents vari\u00e9s. L&#039;agitation des caf\u00e9s et des magasins de ski laisse place aux douces soir\u00e9es d&#039;hiver dans les chalets. La diversit\u00e9 des visiteurs \u2013 familles locales, moniteurs de ski europ\u00e9ens, routards australiens \u2013 cr\u00e9e une ambiance conviviale et multiculturelle sur les trottoirs et dans les brasseries. Nombre d&#039;employ\u00e9s ont appris des expressions su\u00e9doises ou allemandes en discutant avec les clients. Tout le monde parle anglais, bien s\u00fbr, mais savoir dire \u00ab\u00a0schuss\u00a0\u00bb ou \u00ab\u00a0Guten Morgen\u00a0\u00bb n&#039;est pas rare.<\/p>\n<p>Les \u00e9v\u00e9nements locaux rythment la vie de Thredbo. Chaque hiver, le village s&#039;illumine (le compte \u00e0 rebours des f\u00eates d\u00e9but juillet) avec des feux d&#039;artifice. Le long week-end d&#039;octobre est c\u00e9l\u00e8bre pour le Thredbo Blues Festival, un festival de musique en plein air qui attire depuis longtemps les amateurs de jazz et de blues. En \u00e9t\u00e9, des courses de VTT et des promenades guid\u00e9es \u00e0 la d\u00e9couverte des fleurs sauvages sont organis\u00e9es. Entre les \u00e9v\u00e9nements, l&#039;esprit communautaire est fort\u00a0: on raconte que si quelqu&#039;un dispara\u00eet au village (par exemple, oubliant de rentrer d&#039;une soir\u00e9e au bar), on le retrouve g\u00e9n\u00e9ralement profond\u00e9ment endormi sur un matelas d&#039;appoint dans la chambre d&#039;un ami. Les gens accueillent les inconnus d&#039;un sourire ou d&#039;un signe de t\u00eate\u00a0; les parents connaissent le pr\u00e9nom de chacun, et un salon de style \u00ab\u00a0australien\u00a0\u00bb (le Tin Can Ski Bar) accueille des chants improvis\u00e9s.<\/p>\n<p>Dans l&#039;ensemble, l&#039;ambiance est chaleureuse et rustique. Les boutiques et les chalets de ski encouragent une tenue d\u00e9contract\u00e9e et adapt\u00e9e \u00e0 l&#039;ext\u00e9rieur (gros pulls et bottes de neige). Apr\u00e8s une journ\u00e9e sur les pistes, il est courant de voir des visages bronz\u00e9s au d\u00eener, attabl\u00e9 avec une escalope pan\u00e9e ou un r\u00f4ti d&#039;agneau, un Pinot noir europ\u00e9en ou tasmanien \u00e0 la main. Les enfants reviennent chaque soir pour les d\u00eeners de groupe au chalet, tricoter des coupes glac\u00e9es et discuter avec enthousiasme de la poudreuse du jour. Il r\u00e8gne ici un sentiment de communaut\u00e9 autonome \u2013 contrairement \u00e0 une grande ville, on croise les m\u00eames visages \u2013 ce qui conf\u00e8re \u00e0 Thredbo une atmosph\u00e8re de bon voisinage.<\/p>\n<p>Naturellement, le ski est l&#039;attrait principal de Thredbo. Les pistes de la montagne s&#039;\u00e9tendent des larges sentiers pour d\u00e9butants de Friday Flat aux pentes abruptes comme Minaret et Pigs Head pour les experts. Le t\u00e9l\u00e9si\u00e8ge Perisher Range relie ces pistes. Le hors-piste, comme la randonn\u00e9e alpine estivale, est un v\u00e9ritable atout\u00a0: les visiteurs peuvent marcher du village de Thredbo jusqu&#039;au sommet du Kosciuszko (environ 18\u00a0km aller-retour) \u00e0 travers des zones humides subalpines et des champs de blocs. Un autre plaisir estival est le t\u00e9l\u00e9si\u00e8ge Kosciuszko Express, ouvert en \u00e9t\u00e9, pour le tourisme et la descente en VTT.<\/p>\n<p>Pour une excursion plus tranquille, une balade en t\u00e9l\u00e9si\u00e8ge jusqu&#039;au restaurant Eagles Nest (la salle \u00e0 manger de moyenne montagne) offre une vue panoramique sur les sommets enneig\u00e9s, un caf\u00e9 \u00e0 la main. Les amoureux de la nature pourront p\u00eacher la truite dans le cours sup\u00e9rieur de la rivi\u00e8re Thredbo ou observer les brumbies sauvages (chevaux sauvages) brouter les hautes plaines. En hiver, les non-skieurs pourront faire de la luge et s&#039;amuser dans la neige au pied du t\u00e9l\u00e9si\u00e8ge.<\/p>\n<p>Le village lui-m\u00eame est \u00e9galement une attraction. Sa rue principale est bord\u00e9e de chalets en bois et de restaurants, de l&#039;Alpine Hotel (avec concerts le week-end) aux restaurants modernes proposant une cuisine internationale (tha\u00eflandaise, italienne et australienne moderne). La vie nocturne de Thredbo apr\u00e8s le ski, bien que plus modeste que celle de Perisher, est charmante. Le week-end, des groupes de musique se produisent \u00e0 l&#039;Alpine Bar ou allument la chemin\u00e9e du Schuss Bar pour des chants en ch\u0153ur. \u00c0 l&#039;int\u00e9rieur, le centre de loisirs de Thredbo dispose d&#039;une piscine et d&#039;une salle de sport pour se d\u00e9tendre.<\/p>\n<p>L&#039;une des particularit\u00e9s de Thredbo est sa t\u00e9l\u00e9cabine, v\u00e9ritable attraction \u00e0 part enti\u00e8re. Ouverte toute l&#039;ann\u00e9e, elle grimpe juste en dessous du sommet et offre une vue imprenable sur les montagnes et les cha\u00eenes de montagnes lointaines. Par temps clair, on peut apercevoir Kosciuszko et au-del\u00e0\u00a0: un panorama de reflets sur le lac et de champs de neige.<\/p>\n<p>La nature est litt\u00e9ralement \u00e0 port\u00e9e de main\u00a0: des kangourous sautent parfois dans le village, m\u00eame en hiver, et au printemps, les vall\u00e9es se parent de fleurs sauvages alpines. Chaque habitant conna\u00eet rapidement les eucalyptus qui se parent d&#039;un rouge flamboyant en automne. Pour le visiteur, une randonn\u00e9e d&#039;une demi-journ\u00e9e jusqu&#039;au lac Crackenback ou au mont Kosciuszko depuis les chutes de Thredbo est une exp\u00e9rience des plus enrichissantes, tant pour les panoramas que pour l&#039;impression de nature sauvage intacte.<\/p>\n<p>On acc\u00e8de \u00e0 Thredbo uniquement par la route. Les meilleurs a\u00e9roports sont ceux de Canberra (\u00e0 environ 1h30 \u00e0 2h via Cooma) et de Sydney (environ 5 \u00e0 6h). De Canberra, on emprunte la Monaro Highway jusqu&#039;\u00e0 Cooma, puis l&#039;Alpine Way vers l&#039;est jusqu&#039;\u00e0 Thredbo. La route traverse un terrain alpin\u00a0; les cha\u00eenes \u00e0 neige sont obligatoires en hiver. Des bus relient Canberra et Sydney \u00e0 Cooma ou Jindabyne\u00a0; de Jindabyne, certains continuent \u00e0 bord de navettes plus petites jusqu&#039;\u00e0 Thredbo (bien que de nombreux voyageurs louent simplement une voiture ou un 4x4 pour plus de commodit\u00e9).<\/p>\n<p>Contrairement \u00e0 Perisher, le centre de Thredbo est compact et propice aux pi\u00e9tons. Une fois arriv\u00e9s au village, la plupart des visiteurs se rendent \u00e0 pied ou \u00e0 skis (la t\u00e9l\u00e9cabine et les remont\u00e9es m\u00e9caniques principales se trouvent au bout du village). Des navettes de la station font le tour du village pour ceux qui s\u00e9journent en p\u00e9riph\u00e9rie. Des places de stationnement sont disponibles \u00e0 proximit\u00e9 du village, mais en hiver, il est souvent plus rapide de se garer \u00e0 l&#039;ext\u00e9rieur et de prendre la navette (les parkings de d\u00e9bordement se trouvent \u00e0 Friday Flat et Bullocks Flat). \u00c0 Thredbo, les d\u00e9placements en voiture au-del\u00e0 du centre du village sont limit\u00e9s\u00a0; les stations de ski sont peu accessibles par la route.<\/p>\n<p>Les r\u00e8gles australiennes habituelles s&#039;appliquent\u00a0: la monnaie est l&#039;AUD, la langue parl\u00e9e est l&#039;anglais et le pourboire est facultatif. Le climat \u00e9tant plus froid, il est conseill\u00e9 aux visiteurs de pr\u00e9voir des v\u00eatements de protection. La r\u00e9ception cellulaire \u00e0 Thredbo est meilleure qu&#039;\u00e0 Perisher (des antennes-relais sont pr\u00e9sentes dans le village), mais la puissance du r\u00e9seau peut baisser en altitude. L&#039;altitude de Thredbo peut provoquer de l\u00e9gers \u00e9tourdissements chez les nouveaux arrivants\u00a0; par pr\u00e9caution, \u00e9vitez l&#039;alcool le premier jour et hydratez-vous suffisamment.<\/p>\n<p>La restauration et les services sont facilement accessibles en ville\u00a0: les supermarch\u00e9s vendent des produits d&#039;\u00e9picerie et les magasins de ski louent du mat\u00e9riel et des cha\u00eenes \u00e0 neige. Le village dispose d&#039;une petite clinique m\u00e9dicale pour les blessures l\u00e9g\u00e8res. Pour les cas plus graves, l&#039;acc\u00e8s aux ambulances est facile (les routes menant au village sont les principales). La plupart des visiteurs emportent de la cr\u00e8me solaire et, pour les enfants, des v\u00eatements chauds et imperm\u00e9ables. Les rencontres avec des animaux sauvages (comme des wombats traversant la route au cr\u00e9puscule) sont possibles\u00a0; soyez donc prudent lorsque vous conduisez par faible luminosit\u00e9.<\/p>\n<p>Le personnel et les habitants de Thredbo sont d\u00e9contract\u00e9s et serviables. Les salutations locales courantes se r\u00e9sument \u00e0 un simple \u00ab\u00a0bonjour\u00a0\u00bb ou \u00ab\u00a0\u00e0 plus\u00a0\u00bb. Pour une touche de respect, les visiteurs peuvent apprendre quelques mots de noongar, bien que ce soit rarement le cas ici (les visites du patrimoine noongar se concentrent davantage sur Perth). Dans les restaurants et les bars, le service au bar consiste souvent \u00e0 commander au comptoir et \u00e0 apporter les boissons \u00e0 sa table. Servir un verre aux autres est une politesse aux tables partag\u00e9es.<\/p>\n<p>Enfin, soyez attentif aux saisons\u00a0: Thredbo fonctionne diff\u00e9remment en hiver et en \u00e9t\u00e9. L&#039;hiver (juin-septembre) est la haute saison de ski\u00a0; la plupart des commerces sont ouverts tous les jours. En \u00e9t\u00e9, certaines locations de mat\u00e9riel de ski ferment (bien que des locations de VTT les remplacent). Les cha\u00eenes \u00e0 neige sont obligatoires pour les v\u00e9hicules 2x4 entrant dans le parc national en hiver, tout comme \u00e0 Perisher. En ville, le rythme est \u00e0 l&#039;image de la saison\u00a0: anim\u00e9e et bond\u00e9e en juillet, calme et verdoyante en janvier.<\/p>\n<p>Le m\u00e9lange de commodit\u00e9s (un v\u00e9ritable village) et de nature sauvage (le parc national environnant) de Thredbo invite les voyageurs \u00e0 la d\u00e9tente et \u00e0 la vigilance. La station est r\u00e9put\u00e9e s\u00fbre, avec des patrouilles de ski et de police r\u00e9guli\u00e8res. Dans l&#039;ensemble, Thredbo est accueillante et simple\u00a0: une communaut\u00e9 alpine chaleureuse au bout de la route, accueillant ses h\u00f4tes avec un caf\u00e9 chaud et l&#039;air de la montagne sous le soleil australien.<\/p>\n<table>\n<thead>\n<tr>\n<th>Cat\u00e9gorie<\/th>\n<th>D\u00e9tails<\/th>\n<\/tr>\n<\/thead>\n<tbody>\n<tr>\n<td>Emplacement<\/td>\n<td>Thredbo, Nouvelle-Galles du Sud, Australie<\/td>\n<\/tr>\n<tr>\n<td>Altitude de la station<\/td>\n<td>1 365 m\u00e8tres (4 478 pieds)<\/td>\n<\/tr>\n<tr>\n<td>Saison de ski<\/td>\n<td>juin \u00e0 octobre<\/td>\n<\/tr>\n<tr>\n<td>Tarifs des forfaits de ski<\/td>\n<td>Varie selon la saison et la dur\u00e9e<\/td>\n<\/tr>\n<tr>\n<td>Horaires d&#039;ouverture<\/td>\n<td>G\u00e9n\u00e9ralement de 8h30 \u00e0 16h30<\/td>\n<\/tr>\n<tr>\n<td>Nombre de pistes<\/td>\n<td>53<\/td>\n<\/tr>\n<tr>\n<td>Longueur totale des pistes<\/td>\n<td>Environ 50 km<\/td>\n<\/tr>\n<tr>\n<td>La course la plus longue<\/td>\n<td>5,9 km (du T-bar Karels au Friday Flat)<\/td>\n<\/tr>\n<tr>\n<td>Pistes faciles<\/td>\n<td>16%<\/td>\n<\/tr>\n<tr>\n<td>Pentes mod\u00e9r\u00e9es<\/td>\n<td>67%<\/td>\n<\/tr>\n<tr>\n<td>Pistes avanc\u00e9es<\/td>\n<td>17%<\/td>\n<\/tr>\n<tr>\n<td>Directions des pentes<\/td>\n<td>Nord, Est<\/td>\n<\/tr>\n<tr>\n<td>Ski nocturne<\/td>\n<td>Disponible certains jours<\/td>\n<\/tr>\n<tr>\n<td>Fabrication de neige<\/td>\n<td>Couverture \u00e9tendue<\/td>\n<\/tr>\n<tr>\n<td>Total des ascenseurs<\/td>\n<td>14<\/td>\n<\/tr>\n<tr>\n<td>Capacit\u00e9 en mont\u00e9e<\/td>\n<td>17 000 skieurs par heure<\/td>\n<\/tr>\n<tr>\n<td>Ascenseur le plus \u00e9lev\u00e9<\/td>\n<td>2 037 m\u00e8tres (6 683 pieds)<\/td>\n<\/tr>\n<tr>\n<td>T\u00e9l\u00e9cabines\/T\u00e9l\u00e9ph\u00e9riques<\/td>\n<td>1<\/td>\n<\/tr>\n<tr>\n<td>T\u00e9l\u00e9si\u00e8ges<\/td>\n<td>8<\/td>\n<\/tr>\n<tr>\n<td>T\u00e9l\u00e9skis<\/td>\n<td>5<\/td>\n<\/tr>\n<tr>\n<td>Parcs \u00e0 neige<\/td>\n<td>Oui<\/td>\n<\/tr>\n<tr>\n<td>Location de ski<\/td>\n<td>Disponible<\/td>\n<\/tr>\n<tr>\n<td>Apr\u00e8s-ski<\/td>\n<td>Divers bars et restaurants<\/td>\n<\/tr>\n<\/tbody>\n<\/table>\n<article>\n<\/article>","protected":false},"excerpt":{"rendered":"<p>Nich\u00e9 dans les Snowy Mountains de Nouvelle-Galles du Sud, en Australie, Thredbo est un village pittoresque dot\u00e9 d&#039;une c\u00e9l\u00e8bre station de ski. Accessible par l&#039;Alpine Way depuis Cooma, Berridale et Jindabyne, il se trouve \u00e0 environ 500 kilom\u00e8tres au sud de Sydney. Au pied de la cha\u00eene de Ramshead, le village se trouve dans la vall\u00e9e de la rivi\u00e8re Thredbo, \u00e9galement connue sous le nom de rivi\u00e8re Crackenback. Ce site fait de Thredbo une destination incontournable, tant en hiver qu&#039;en \u00e9t\u00e9, avec une nature d&#039;une beaut\u00e9 exceptionnelle.<\/p>","protected":false},"author":1,"featured_media":3673,"parent":9806,"menu_order":0,"comment_status":"closed","ping_status":"closed","template":"elementor_theme","meta":{"_eb_attr":"","footnotes":""},"class_list":["post-9957","page","type-page","status-publish","has-post-thumbnail"],"_links":{"self":[{"href":"https:\/\/travelshelper.com\/fr\/wp-json\/wp\/v2\/pages\/9957","targetHints":{"allow":["GET"]}}],"collection":[{"href":"https:\/\/travelshelper.com\/fr\/wp-json\/wp\/v2\/pages"}],"about":[{"href":"https:\/\/travelshelper.com\/fr\/wp-json\/wp\/v2\/types\/page"}],"author":[{"embeddable":true,"href":"https:\/\/travelshelper.com\/fr\/wp-json\/wp\/v2\/users\/1"}],"replies":[{"embeddable":true,"href":"https:\/\/travelshelper.com\/fr\/wp-json\/wp\/v2\/comments?post=9957"}],"version-history":[{"count":0,"href":"https:\/\/travelshelper.com\/fr\/wp-json\/wp\/v2\/pages\/9957\/revisions"}],"up":[{"embeddable":true,"href":"https:\/\/travelshelper.com\/fr\/wp-json\/wp\/v2\/pages\/9806"}],"wp:featuredmedia":[{"embeddable":true,"href":"https:\/\/travelshelper.com\/fr\/wp-json\/wp\/v2\/media\/3673"}],"wp:attachment":[{"href":"https:\/\/travelshelper.com\/fr\/wp-json\/wp\/v2\/media?parent=9957"}],"curies":[{"name":"wp","href":"https:\/\/api.w.org\/{rel}","templated":true}]}}