{"id":9831,"date":"2024-09-09T09:48:01","date_gmt":"2024-09-09T09:48:01","guid":{"rendered":"https:\/\/travelshelper.com\/staging\/?page_id=9831"},"modified":"2026-03-13T21:41:29","modified_gmt":"2026-03-13T21:41:29","slug":"perth","status":"publish","type":"page","link":"https:\/\/travelshelper.com\/fr\/destinations\/australia-and-oceania\/australia\/perth\/","title":{"rendered":"Perth"},"content":{"rendered":"<p>Perth, capitale de l&#039;Australie-Occidentale, se situe pr\u00e8s de l&#039;embouchure de la rivi\u00e8re Swan, sur la c\u00f4te ouest du pays. Ville de boulevards baign\u00e9s de soleil et de jardins d&#039;eucalyptus parfum\u00e9s, elle s&#039;\u00e9tend le long de l&#039;oc\u00e9an Indien et b\u00e9n\u00e9ficie d&#039;un climat tropical aux \u00e9t\u00e9s chauds et aux hivers doux. Le Grand Perth comptait plus de 2,3 millions d&#039;habitants en 2023, ce qui en faisait la quatri\u00e8me plus grande m\u00e9tropole d&#039;Australie. Souvent consid\u00e9r\u00e9e comme la grande ville la plus isol\u00e9e du monde \u2013 \u00e0 plus de 2\u00a0000 km de toute ville plus grande \u2013, Perth b\u00e9n\u00e9ficie d&#039;un rythme de vie unique, l\u00e9g\u00e8rement plus lent. Les gratte-ciel du quartier central des affaires s&#039;\u00e9l\u00e8vent abruptement au-dessus de la verdoyante plaine c\u00f4ti\u00e8re de Swan, adoss\u00e9s \u00e0 l&#039;ancien escarpement de Darling \u00e0 l&#039;est. De larges plages (comme la c\u00e9l\u00e8bre plage de Cottesloe) et la paisible rivi\u00e8re Swan d\u00e9finissent le paysage\u00a0; Kings Park (un vaste jardin botanique en centre-ville) offre de vastes \u00e9tendues de brousse juste \u00e0 c\u00f4t\u00e9 du c\u0153ur urbain. Perth est une ville \u00e9pur\u00e9e et a\u00e9r\u00e9e, avec une qualit\u00e9 de lumi\u00e8re \u00e9clatante sous un soleil presque perp\u00e9tuel.<\/p>\n<p>Aujourd&#039;hui, la population m\u00e9tropolitaine de Perth d\u00e9passe les 2,3 millions d&#039;habitants, ce qui refl\u00e8te une forte croissance migratoire et une \u00e9conomie florissante. La ville est tr\u00e8s multiculturelle\u00a0: environ 45\u00a0% des habitants sont n\u00e9s \u00e0 l&#039;\u00e9tranger, avec d&#039;importantes communaut\u00e9s venues d&#039;Angleterre, d&#039;Inde, de Chine, de Nouvelle-Z\u00e9lande et d&#039;ailleurs. L&#039;\u00e9conomie de Perth est domin\u00e9e par l&#039;exploitation mini\u00e8re et les ressources naturelles (l&#039;Australie-Occidentale fournit une grande partie des exportations nationales de min\u00e9raux et de GNL) ainsi que par les services professionnels. Si\u00e8ges sociaux d&#039;entreprises mini\u00e8res, de transports maritimes, de finances, de technologies et d&#039;\u00e9ducation ponctuent le paysage urbain. Perth se classe r\u00e9guli\u00e8rement parmi les villes les plus agr\u00e9ables \u00e0 vivre au monde et est class\u00e9e \u00ab\u00a0ville mondiale Alpha\u00a0\u00bb, notamment gr\u00e2ce \u00e0 son PIB par habitant \u00e9lev\u00e9. Le tourisme est \u00e9galement un \u00e9l\u00e9ment cl\u00e9\u00a0: les visiteurs affluent pour profiter des rives, des plages et des vignobles de la Margaret River toute proche, ainsi que des attractions de la ville.<\/p>\n<p>La ville elle-m\u00eame est relativement \u00e9tendue (environ 6\u00a0418 km\u00b2 de superficie totale), avec un r\u00e9seau de transports en commun bien d\u00e9velopp\u00e9. Son histoire officielle remonte \u00e0 1829, lorsque le capitaine James Stirling y fonda la colonie de la rivi\u00e8re Swan, mais les v\u00e9ritables origines de Perth remontent \u00e0 des dizaines de milliers d&#039;ann\u00e9es d&#039;occupation aborig\u00e8ne noongar sur ce territoire. Aujourd&#039;hui, la ville est divis\u00e9e en 30 zones d&#039;administration locale et compte plus de 350 banlieues. L&#039;\u00e9conomie de Perth est globalement \u00e9quilibr\u00e9e entre ressources et services\u00a0; le PIB de l&#039;\u00c9tat s&#039;\u00e9levait \u00e0 environ 260 milliards de dollars australiens en 2019 (17,5\u00a0% du PIB australien). Les principales industries comprennent le minerai de fer, l&#039;or, l&#039;alumine et l&#039;\u00e9nergie, ainsi que l&#039;industrie manufacturi\u00e8re, la finance et le tourisme.<\/p>\n<p>Perth se situe \u00e0 l&#039;extr\u00e9mit\u00e9 ouest de l&#039;Australie, face \u00e0 l&#039;oc\u00e9an Indien. \u00c0 l&#039;est s&#039;\u00e9tendent les hauteurs vallonn\u00e9es de la cha\u00eene de Darling (for\u00eats de Jarrah et de Marri). La r\u00e9gion du Sud-Ouest de l&#039;Australie-Occidentale, plus vaste, est connue pour son bush et ses vignobles\u00a0; au nord s&#039;\u00e9tend une vaste savane s\u00e8che. Sa situation c\u00f4ti\u00e8re temp\u00e8re le climat de Perth\u00a0: les \u00e9t\u00e9s peuvent \u00eatre chauds (jusqu&#039;\u00e0 35\u201340\u00a0\u00b0C en journ\u00e9e), mais les brises marines rafra\u00eechissent souvent les apr\u00e8s-midi. Les temp\u00e9ratures minimales hivernales descendent \u00e0 environ 8\u201310\u00a0\u00b0C en moyenne. Il pleut g\u00e9n\u00e9ralement en hiver et au printemps (environ 731\u00a0mm de pr\u00e9cipitations annuelles). La rivi\u00e8re Swan, souvent observ\u00e9e depuis Kings Park \u00e0 Perth, serpente \u00e0 travers la ville avant de s&#039;\u00e9largir pour former le port de Fremantle. Fremantle, juste en aval, conserve son atmosph\u00e8re portuaire historique avec ses b\u00e2timents du XIXe\u00a0si\u00e8cle et son march\u00e9 anim\u00e9. Plus \u00e0 l&#039;int\u00e9rieur des terres, le climat laisse rapidement place aux champs de bl\u00e9, aux vignobles et au bush.<\/p>\n<p>L&#039;\u00e9loignement de Perth des autres grandes villes lui conf\u00e8re une atmosph\u00e8re de terre-plein. Elle se trouve \u00e0 3\u00a0845 km de Sydney, \u00e0 4\u00a0238 km de Brisbane, et encore plus loin de l&#039;Europe ou de l&#039;Asie par voie terrestre. Pourtant, elle se situe \u00e0 peu pr\u00e8s \u00e0 la m\u00eame latitude que Casablanca, au Maroc, o\u00f9 les journ\u00e9es d&#039;\u00e9t\u00e9 sont longues. Malgr\u00e9 son \u00e9loignement, Perth semble ouverte sur l&#039;ext\u00e9rieur\u00a0; son port g\u00e8re d&#039;importants \u00e9changes internationaux et la ville propose des vols directs vers des destinations en Asie, au Moyen-Orient et m\u00eame en Afrique.<\/p>\n<p>L&#039;histoire de Perth m\u00eale h\u00e9ritage autochtone et entreprise coloniale. La r\u00e9gion se situe sur le territoire ancestral du peuple Whadjuk Noongar, qui l&#039;appelait Boorloo. Les colons europ\u00e9ens arriv\u00e8rent en 1829, men\u00e9s par le capitaine Stirling, et \u00e9tablirent la colonie de la rivi\u00e8re Swan. Les premi\u00e8res ann\u00e9es furent difficiles, les colons comptant sur l&#039;agriculture et le travail des bagnards (\u00e0 partir de 1850) pour b\u00e2tir la ville. Perth fut officiellement proclam\u00e9e ville en 1856, et sa situation s&#039;am\u00e9liora consid\u00e9rablement gr\u00e2ce aux d\u00e9couvertes d&#039;or en Australie-Occidentale \u00e0 la fin du XIXe si\u00e8cle\u00a0; cette ru\u00e9e vers l&#039;or alimenta une croissance d\u00e9mographique et une richesse rapides.<\/p>\n<p>Au XXe si\u00e8cle, Perth s&#039;est modernis\u00e9e progressivement. De grands projets d&#039;ing\u00e9nierie, comme la construction de barrages et l&#039;irrigation, ont ouvert la voie \u00e0 l&#039;agriculture, tandis qu&#039;au milieu du si\u00e8cle, des migrants venus de Grande-Bretagne et d&#039;Europe ont impr\u00e9gn\u00e9 la ville de nouvelles cultures. Apr\u00e8s la guerre, Perth est rest\u00e9e quelque peu isol\u00e9e jusqu&#039;aux ann\u00e9es 1960 et 1970, lorsque l&#039;essor minier (le minerai de fer du Pilbara, par exemple) a transform\u00e9 l&#039;\u00e9conomie. Ces derni\u00e8res d\u00e9cennies, Perth est devenue une ville connect\u00e9e au monde entier. Elle a accueilli des \u00e9v\u00e9nements internationaux tels que les Jeux olympiques de voile de 2000 et la finale de la Coupe du monde f\u00e9minine de la FIFA de 2023. Pourtant, de nombreux quartiers historiques subsistent\u00a0: Albany Highway et Guildford Road t\u00e9moignent des premiers mouvements de colonisation, tandis que le quartier portuaire de Fremantle pr\u00e9serve des ma\u00e7onneries de l&#039;\u00e9poque des bagnards. Aujourd&#039;hui, des plaques et des petits mus\u00e9es comm\u00e9morent le patrimoine noongar, les premi\u00e8res explorations (le d\u00e9barquement de Cook \u00e0 Botany Bay et l&#039;arriv\u00e9e du voyage de Phillip) et l&#039;expansion progressive de la ville le long de la Swan.<\/p>\n<p>Les Perthiens jouissent d&#039;un style de vie ax\u00e9 sur le plein air, la culture et la simplicit\u00e9. Le rythme de vie est souvent d\u00e9crit comme plus d\u00e9tendu que dans les capitales de l&#039;Est\u00a0; on entend rarement parler des foules aux heures de pointe qui paralysent la ville. Les habitants sont amicaux et informels. En entrant dans un caf\u00e9, il est courant de saluer le barista d&#039;un \u00ab\u00a0Bonjour\u00a0\u00bb ou d&#039;un \u00ab\u00a0Bonjour\u00a0\u00bb et de lui demander comment s&#039;est pass\u00e9e la journ\u00e9e de surf du week-end. La culture du caf\u00e9 est forte\u00a0: les Perthiens prennent leurs flat whites et leurs toasts \u00e0 l&#039;avocat tr\u00e8s au s\u00e9rieux. Le sport unit \u00e9galement la ville, avec un fervent soutien au football australien (des \u00e9quipes de l&#039;AFL comme les West Coast Eagles et les Fremantle Dockers font partie des conversations quotidiennes).<\/p>\n<p>L&#039;anglais est la langue parl\u00e9e au quotidien, mais Perth est une ville multilingue. De nombreuses familles parlent cantonais, malayalam, italien ou des langues autochtones \u00e0 la maison. La culture aborig\u00e8ne est fi\u00e8rement c\u00e9l\u00e9br\u00e9e\u00a0; par exemple, le festival annuel de Perth (fin de l&#039;\u00e9t\u00e9) propose souvent des \u00e9v\u00e9nements mettant en avant les histoires et l&#039;art Noongar. Le festival Everlasting Kings Park, en septembre, attire les foules avec des expositions et des visites guid\u00e9es mettant en valeur les fleurs sauvages uniques de l&#039;Australie occidentale. Ailleurs, le festival Midsumma et la marche des fiert\u00e9s refl\u00e8tent la communaut\u00e9 LGBT de Perth, tandis que l&#039;exposition \u00ab\u00a0Sculpture by the Sea\u00a0\u00bb \u00e0 Cottesloe Beach (chaque janvier) transforme la c\u00f4te en une galerie \u00e0 ciel ouvert. Toute l&#039;ann\u00e9e, des \u00e9v\u00e9nements communautaires sont organis\u00e9s autour d&#039;Elizabeth Quay et de Yagan Square, des march\u00e9s de producteurs aux feux d&#039;artifice du Nouvel An, soulignant un esprit communautaire et festif.<\/p>\n<p>Les arts et la vie nocturne se concentrent pr\u00e8s de Northbridge et de Mount Lawley, o\u00f9 les all\u00e9es de street art m\u00e8nent aux salles de concert et aux brasseries artisanales. \u00c0 l&#039;inverse, les banlieues sont calmes\u00a0: les soir\u00e9es peuvent se terminer par un barbecue dans le jardin ou une baignade sur le sable au coucher du soleil. Traditions anciennes et nouvelles cohabitent\u00a0: on peut regarder un match de football de la A-League du Fremantle FC \u00e0 la t\u00e9l\u00e9vision, puis sortir \u00e9couter du didgeridoo lors d&#039;un festival local. Dans le centre-ville de Perth, les gratte-ciel de verre scintillent sur le gr\u00e8s patrimonial (comme la Perth Mint et l&#039;h\u00f4tel de ville), tandis que les parcs comme Kings Park invitent \u00e0 la contemplation du paysage ancien. Dans l&#039;ensemble, la culture de Perth est \u00e9clectique et d\u00e9contract\u00e9e, cosmopolite et pourtant impr\u00e9gn\u00e9e de l&#039;hospitalit\u00e9 typique de l&#039;Australie occidentale.<\/p>\n<p>Les visiteurs de Perth trouvent une multitude de sites incontournables. Kings Park et son jardin botanique sont un incontournable \u2013 l&#039;un des plus grands parcs urbains du monde. Sa promenade dans les arbres et ses parterres de fleurs sauvages offrent une vue panoramique sur la ville et le fleuve. Juste en contrebas, le littoral de Perth (South Perth Foreshore ou Matilda Bay) permet aux visiteurs de se baigner dans la rivi\u00e8re Swan ou de pique-niquer sous les gommiers indig\u00e8nes. La plage de Cottesloe, avec son r\u00e9cif de calcaire orange et sa jet\u00e9e, est \u00e0 quelques minutes en voiture de la ville et est r\u00e9put\u00e9e pour ses baignades et ses couchers de soleil.<\/p>\n<p>Parmi les monuments de la ville, citons le Bell Tower (un beffroi sculpt\u00e9 abritant les cloches historiques de Perth) et des b\u00e2timents patrimoniaux comme la Galerie d&#039;art de l&#039;Australie-Occidentale et le Mus\u00e9e de l&#039;Australie-Occidentale (Boola Bardip). Les gourmets se d\u00e9lectent des march\u00e9s aux poissons de la Fishermen&#039;s Co-op de Fremantle et de la c\u00e9l\u00e8bre visite de la prison de Fremantle (class\u00e9e au patrimoine mondial de l&#039;UNESCO). Les vignobles et brasseries artisanales \u00e0 proximit\u00e9 sont \u00e9galement des attractions. Le Centre culturel de Perth accueille des th\u00e9\u00e2tres, des galeries et le festival annuel Fringe World. Le paysage c\u00f4tier de Perth se prolonge avec l&#039;\u00eele Rottnest (accessible en ferry), une destination au large r\u00e9put\u00e9e pour ses quokkas et sa plong\u00e9e avec tuba.<\/p>\n<p>Les amateurs d&#039;aventure pourront surfer \u00e0 Scarborough Beach, faire du kayak sur la rivi\u00e8re Swan ou escalader la tour DNA de King&#039;s Park, haute de pr\u00e8s de 100 m, pour admirer le paysage urbain. En hiver, l&#039;arriv\u00e9e rare de baleines australes dans les eaux d&#039;Australie-Occidentale est un spectacle unique. Pour une exp\u00e9rience autochtone touchante, la visite du Nyungar Njookenbooroo Dreaming Trail \u00e0 King&#039;s Park ou de la collection d&#039;art aborig\u00e8ne de la Galerie d&#039;art d&#039;Australie-Occidentale est une exp\u00e9rience enrichissante.<\/p>\n<p>En bref, Perth offre un m\u00e9lange d&#039;attractions urbaines et naturelles. Que vous vous promeniez sous l&#039;arc-en-ciel de Perth (le martin-p\u00eacheur) ou que vous fassiez votre jogging au bord de la rivi\u00e8re au lever du soleil, la ville profite de son climat ensoleill\u00e9 et de son port pour cr\u00e9er un style de vie en plein air de renomm\u00e9e mondiale. Ses principales attractions ne sont pas seulement ses points d&#039;int\u00e9r\u00eat, mais aussi ses espaces communautaires \u2013 parcs, plages, mus\u00e9es et festivals \u2013 o\u00f9 le caract\u00e8re local prend vie.<\/p>\n<p>L&#039;a\u00e9roport principal de Perth est l&#039;a\u00e9roport international Kingsford Smith, bien desservi par les liaisons internationales et nationales. Des vols en provenance d&#039;Asie, d&#039;Europe et des \u00c9tats de l&#039;Est arrivent quotidiennement. De l&#039;a\u00e9roport au centre-ville, des trains (l&#039;Airport Line) desservent fr\u00e9quemment le centre-ville (environ 40 minutes jusqu&#039;au centre-ville de Perth). Des autoroutes principales relient \u00e9galement Perth aux autres r\u00e9gions d&#039;Australie-Occidentale (par exemple, la Mitchell Freeway vers le nord, en direction des banlieues c\u00f4ti\u00e8res, ou la Great Eastern Highway vers le d\u00e9sert).<\/p>\n<p>En ville, un r\u00e9seau de trains et de bus moderne dessert la plupart des quartiers. Le petit centre-ville est accessible \u00e0 pied, notamment autour d&#039;Elizabeth Quay, du quartier central des affaires et de Northbridge. Des ferries traversent le fleuve (vers South Perth et Fremantle), et un service de bus CAT gratuit dessert les quartiers centraux. La conduite est simple \u00e0 gauche, bien que l&#039;\u00e9talement urbain puisse entra\u00eener de longues distances. La circulation est g\u00e9n\u00e9ralement moins dense que dans les villes de l&#039;est de l&#039;Australie, sauf sur les axes routiers encombr\u00e9s aux heures de pointe. Les automobilistes doivent \u00eatre attentifs aux nombreux ronds-points de Perth et aux kangourous occasionnels \u00e0 l&#039;aube ou au cr\u00e9puscule en dehors de la ville.<\/p>\n<p>Les habitants de Perth portent le dollar australien (AUD), comme partout en Australie. L&#039;anglais suffit, mais quelques mots noongar, comme <em>boodjar<\/em> (terre) ou <em>cadavre<\/em> (cacato\u00e8s blanc) illustrent le patrimoine local. L&#039;\u00e9tiquette est polie et informelle\u00a0: on salue g\u00e9n\u00e9ralement les automobilistes, on salue les commer\u00e7ants et on attend aux passages pi\u00e9tons que la circulation s&#039;arr\u00eate. On n&#039;attend pas de pourboire, mais une petite monnaie pour un bon service dans les restaurants ou les h\u00f4tels est appr\u00e9ci\u00e9e. Le soleil est intense toute l&#039;ann\u00e9e\u00a0; chapeaux larges et cr\u00e8me solaire SPF\u00a050 sont conseill\u00e9s, m\u00eame par temps couvert. C\u00f4t\u00e9 s\u00e9curit\u00e9, Perth est tr\u00e8s s\u00fbre \u2013 le taux de criminalit\u00e9 est faible pour une ville de sa taille \u2013 mais il convient de faire preuve de bon sens concernant les effets personnels dans la foule ou les promenades nocturnes dans les zones calmes. Comme dans la majeure partie de l&#039;Australie, la faune sauvage est moins dangereuse en ville (attention toutefois aux serpents et aux araign\u00e9es en bordure de brousse).<\/p>\n<p>Perth accueille plusieurs jours f\u00e9ri\u00e9s c\u00e9l\u00e9br\u00e9s dans tout l&#039;\u00c9tat (par exemple, la Journ\u00e9e de l&#039;Australie-Occidentale en juin). Ces jours-l\u00e0, de nombreux commerces ferment ou ouvrent plus tard, notamment les petits commerces. Les Australiens sont connus pour leur modestie\u00a0: les normes vestimentaires sont d\u00e9contract\u00e9es en \u00e9t\u00e9 (maillot de bain le jour), mais \u00e9l\u00e9gantes et d\u00e9contract\u00e9es ailleurs (vestes et cravates inutiles, sauf pour les \u00e9v\u00e9nements haut de gamme). Cr\u00e8me solaire et hydratation sont essentielles dans la chaleur s\u00e8che de Perth\u00a0; privil\u00e9giez l&#039;ombre vers midi en \u00e9t\u00e9. Enfin, \u00e9tant situ\u00e9e dans une ancienne colonie britannique, la culture aborig\u00e8ne est officiellement reconnue\u00a0: lors des \u00e9v\u00e9nements, on peut entendre des discours de bienvenue au pays, et les visiteurs sont tenus de respecter les sites sacr\u00e9s (les photos y sont souvent interdites).<\/p>\n<p>En r\u00e9sum\u00e9, Perth est une ville accessible. D\u00e8s votre arriv\u00e9e, l&#039;acclimatation est aussi simple que de vous installer pour une promenade au bord de la rivi\u00e8re ou une baignade sur le rivage. L&#039;ambiance est conviviale et les habitants sont g\u00e9n\u00e9ralement ravis de partager leurs conseils sur les criques cach\u00e9es ou leurs caf\u00e9s pr\u00e9f\u00e9r\u00e9s. Alliant modernit\u00e9 et beaut\u00e9 naturelle, Perth offre aux voyageurs le rythme d&#039;une ville dynamique et la tranquillit\u00e9 de l&#039;oc\u00e9an et du bush \u00e0 deux pas.<\/p>","protected":false},"excerpt":{"rendered":"<p>Surnomm\u00e9e Boorloo en nyungar, Perth est la capitale de l&#039;Australie-Occidentale et la quatri\u00e8me ville la plus peupl\u00e9e du pays. Le Grand Perth, qui comptera plus de 2,3 millions d&#039;habitants en 2023, est une m\u00e9tropole dynamique d&#039;une importance historique, culturelle et \u00e9conomique. Nich\u00e9e dans la division territoriale du Sud-Ouest de l&#039;Australie-Occidentale, la r\u00e9gion m\u00e9tropolitaine de Perth s&#039;\u00e9tend sur la plaine c\u00f4ti\u00e8re de Swan, encercl\u00e9e \u00e0 l&#039;est par l&#039;escarpement de Darling et \u00e0 l&#039;ouest par l&#039;oc\u00e9an Indien. Depuis ses d\u00e9buts comme colonie britannique sur le fleuve Swan jusqu&#039;\u00e0 son statut actuel de p\u00f4le m\u00e9tropolitain dynamique, la croissance et le d\u00e9veloppement de Perth ont \u00e9t\u00e9 fa\u00e7onn\u00e9s par cette topographie atypique.<\/p>","protected":false},"author":1,"featured_media":4621,"parent":9806,"menu_order":0,"comment_status":"closed","ping_status":"closed","template":"elementor_theme","meta":{"_eb_attr":"","footnotes":""},"class_list":["post-9831","page","type-page","status-publish","has-post-thumbnail"],"_links":{"self":[{"href":"https:\/\/travelshelper.com\/fr\/wp-json\/wp\/v2\/pages\/9831","targetHints":{"allow":["GET"]}}],"collection":[{"href":"https:\/\/travelshelper.com\/fr\/wp-json\/wp\/v2\/pages"}],"about":[{"href":"https:\/\/travelshelper.com\/fr\/wp-json\/wp\/v2\/types\/page"}],"author":[{"embeddable":true,"href":"https:\/\/travelshelper.com\/fr\/wp-json\/wp\/v2\/users\/1"}],"replies":[{"embeddable":true,"href":"https:\/\/travelshelper.com\/fr\/wp-json\/wp\/v2\/comments?post=9831"}],"version-history":[{"count":0,"href":"https:\/\/travelshelper.com\/fr\/wp-json\/wp\/v2\/pages\/9831\/revisions"}],"up":[{"embeddable":true,"href":"https:\/\/travelshelper.com\/fr\/wp-json\/wp\/v2\/pages\/9806"}],"wp:featuredmedia":[{"embeddable":true,"href":"https:\/\/travelshelper.com\/fr\/wp-json\/wp\/v2\/media\/4621"}],"wp:attachment":[{"href":"https:\/\/travelshelper.com\/fr\/wp-json\/wp\/v2\/media?parent=9831"}],"curies":[{"name":"wp","href":"https:\/\/api.w.org\/{rel}","templated":true}]}}