{"id":9800,"date":"2024-09-08T23:47:48","date_gmt":"2024-09-08T23:47:48","guid":{"rendered":"https:\/\/travelshelper.com\/staging\/?page_id=9800"},"modified":"2026-03-13T22:57:40","modified_gmt":"2026-03-13T22:57:40","slug":"suva","status":"publish","type":"page","link":"https:\/\/travelshelper.com\/fr\/destinations\/australia-and-oceania\/fiji\/suva\/","title":{"rendered":"Suva"},"content":{"rendered":"<p>Suva est \u00e0 la fois la capitale et la plus grande ville des Fidji. Elle constitue le centre n\u00e9vralgique de la plus grande r\u00e9gion m\u00e9tropolitaine du pays et son principal port. Suva, situ\u00e9e sur la c\u00f4te sud-est de Viti Levu, la plus grande \u00eele des Fidji, se trouve dans la province de Rewa, dans la division centrale. Cette ville allie importance historique et dynamisme contemporain, ce qui en fait un site incontournable du Pacifique Sud.<\/p>\n<p>La d\u00e9signation de Suva comme capitale des Fidji d\u00e9buta en 1877, apr\u00e8s son transfert de Levuka, principale colonie europ\u00e9enne de l&#039;\u00e9poque. Les contraintes g\u00e9ographiques de Levuka, situ\u00e9e entre des montagnes escarp\u00e9es et la mer, rendaient toute expansion impossible. En 1882, l&#039;administration fut officiellement transf\u00e9r\u00e9e \u00e0 Suva, inaugurant ainsi son r\u00f4le de centre de gouvernance et de d\u00e9veloppement des Fidji.<\/p>\n<p>Selon le recensement de 2017, la population de Suva s&#039;\u00e9levait \u00e0 93\u00a0970 habitants. La r\u00e9gion m\u00e9tropolitaine, avec ses banlieues autonomes, comptait 185\u00a0913 habitants. La population urbaine, agr\u00e9g\u00e9e avec les villes adjacentes de Lami, Nasinu et Nausori, atteint environ 330\u00a0000 habitants, soit plus d&#039;un tiers de la population totale des Fidji. Le complexe urbain connu sous le nom de corridor Suva-Nausori souligne l&#039;importance de Suva comme p\u00f4le central du tissu urbain fidjien.<\/p>\n<p>Suva est \u00e0 la fois le centre politique et la capitale \u00e9conomique et culturelle des Fidji. La ville accueille les si\u00e8ges r\u00e9gionaux de nombreuses entreprises, agences et missions diplomatiques internationales. Elle se distingue par son dynamisme artistique et artistique et est de plus en plus reconnue comme la capitale de la mode du Pacifique Sud. Des sites historiques t\u00e9moignant de l&#039;h\u00e9ritage colonial de Suva, comme la biblioth\u00e8que Carnegie de Suva et le complexe gouvernemental, enrichissent l&#039;environnement culturel de la ville.<\/p>\n<p>Suva est situ\u00e9e sur une p\u00e9ninsule vallonn\u00e9e entourant un port, adjacent \u00e0 la baie de Laucala et au port de Suva. Les montagnes au nord et \u00e0 l&#039;ouest interceptent les aliz\u00e9s du sud-est, ce qui conf\u00e8re \u00e0 l&#039;\u00eele un climat humide et constant tout au long de l&#039;ann\u00e9e. Malgr\u00e9 sa proximit\u00e9 avec l&#039;oc\u00e9an, le littoral de Suva est agr\u00e9ment\u00e9 de mangroves, la plage la plus proche \u00e9tant Pacific Harbour. Ce contexte g\u00e9ographique particulier renforce l&#039;attrait et l&#039;identit\u00e9 de Suva.<\/p>\n<p>Suva se caract\u00e9rise par une diversit\u00e9 culturelle, principalement compos\u00e9e de Fidjiens autochtones et d&#039;Indo-Fidjiens. La ville accueille diverses minorit\u00e9s ethniques, telles que les Rotumans, les Lauans, les Europ\u00e9ens et les Chinois. La diversit\u00e9 linguistique de Suva est \u00e9vidente\u00a0: l&#039;anglais, le fidjien et l&#039;hindi fidjien y sont les langues pr\u00e9dominantes.<\/p>\n<p>La ville est un p\u00f4le \u00e9ducatif majeur, abritant le campus principal de l&#039;Universit\u00e9 du Pacifique Sud (USP). Cette institution attire des \u00e9tudiants de diverses r\u00e9gions du Pacifique, enrichissant ainsi la diversit\u00e9 culturelle de Suva. Le mus\u00e9e des Fidji, situ\u00e9 dans les jardins de Thurston, offre un aper\u00e7u de la riche histoire et de la culture des Fidji, et abrite la plus grande collection d&#039;objets fidjiens au monde.<\/p>\n<p>L&#039;\u00e9mergence de centres commerciaux contemporains comme le Suva Central Shopping Mall et TappooCity, qui conf\u00e8rent \u00e0 la ville une esth\u00e9tique moderne, caract\u00e9rise le paysage urbain de Suva comme \u00e9tant en constante \u00e9volution. L&#039;int\u00e9gration de ces d\u00e9veloppements \u00e0 des zones commerciales traditionnelles comme Cumming Street cr\u00e9e une juxtaposition d&#039;\u00e9l\u00e9ments historiques et contemporains, contribuant au statut de Suva comme centre urbain dynamique et sophistiqu\u00e9.<\/p>","protected":false},"excerpt":{"rendered":"<p>Suva est \u00e0 la fois la capitale et la plus grande ville des Fidji. Elle constitue le centre n\u00e9vralgique de la plus grande r\u00e9gion m\u00e9tropolitaine du pays et son principal port. Suva, situ\u00e9e sur la c\u00f4te sud-est de Viti Levu, la plus grande \u00eele des Fidji, se trouve dans la province de Rewa, dans la division centrale. Cette ville allie importance historique et dynamisme contemporain, ce qui en fait un site incontournable du Pacifique Sud.<\/p>","protected":false},"author":1,"featured_media":3855,"parent":9785,"menu_order":0,"comment_status":"closed","ping_status":"closed","template":"elementor_theme","meta":{"_eb_attr":"","footnotes":""},"class_list":["post-9800","page","type-page","status-publish","has-post-thumbnail"],"_links":{"self":[{"href":"https:\/\/travelshelper.com\/fr\/wp-json\/wp\/v2\/pages\/9800","targetHints":{"allow":["GET"]}}],"collection":[{"href":"https:\/\/travelshelper.com\/fr\/wp-json\/wp\/v2\/pages"}],"about":[{"href":"https:\/\/travelshelper.com\/fr\/wp-json\/wp\/v2\/types\/page"}],"author":[{"embeddable":true,"href":"https:\/\/travelshelper.com\/fr\/wp-json\/wp\/v2\/users\/1"}],"replies":[{"embeddable":true,"href":"https:\/\/travelshelper.com\/fr\/wp-json\/wp\/v2\/comments?post=9800"}],"version-history":[{"count":0,"href":"https:\/\/travelshelper.com\/fr\/wp-json\/wp\/v2\/pages\/9800\/revisions"}],"up":[{"embeddable":true,"href":"https:\/\/travelshelper.com\/fr\/wp-json\/wp\/v2\/pages\/9785"}],"wp:featuredmedia":[{"embeddable":true,"href":"https:\/\/travelshelper.com\/fr\/wp-json\/wp\/v2\/media\/3855"}],"wp:attachment":[{"href":"https:\/\/travelshelper.com\/fr\/wp-json\/wp\/v2\/media?parent=9800"}],"curies":[{"name":"wp","href":"https:\/\/api.w.org\/{rel}","templated":true}]}}