{"id":9779,"date":"2024-09-08T23:26:08","date_gmt":"2024-09-08T23:26:08","guid":{"rendered":"https:\/\/travelshelper.com\/staging\/?page_id=9779"},"modified":"2026-03-13T23:07:55","modified_gmt":"2026-03-13T23:07:55","slug":"honiara","status":"publish","type":"page","link":"https:\/\/travelshelper.com\/fr\/destinations\/australia-and-oceania\/solomon-islands\/honiara\/","title":{"rendered":"Honiara"},"content":{"rendered":"<p>Honiara, capitale anim\u00e9e des \u00celes Salomon, est situ\u00e9e sur la c\u00f4te nord de Guadalcanal. Principale ville des \u00celes Salomon, Honiara est r\u00e9put\u00e9e pour son riche pass\u00e9 et sa culture vari\u00e9e. Sa population s&#039;\u00e9l\u00e8ve aujourd&#039;hui \u00e0 92\u00a0344 habitants. Cette ville dynamique est une v\u00e9ritable ruche d&#039;activit\u00e9, alliant richesse historique et expansion moderne.<\/p>\n<p>B\u00e9n\u00e9ficiant d&#039;une position strat\u00e9gique le long de la route de Kukum, Honiara est facilement accessible par avion et par bateau. L&#039;a\u00e9roport international d&#039;Honiara et le port maritime de Point Cruz, d&#039;importants p\u00f4les de transport nationaux et internationaux, facilitent la circulation des personnes et des marchandises. \u00c9rig\u00e9e en territoire-capitale en 1983, la ville s&#039;\u00e9tend sur une zone m\u00e9tropolitaine de 22 kilom\u00e8tres carr\u00e9s. Aujourd&#039;hui, Honiara est la capitale de la province de Guadalcanal et jouit de l&#039;autonomie d&#039;une province.<\/p>\n<p>Des \u00e9v\u00e9nements historiques majeurs, notamment la Seconde Guerre mondiale, ont marqu\u00e9 de mani\u00e8re irr\u00e9versible l&#039;histoire d&#039;Honiara. Pendant la campagne de Guadalcanal, et notamment la bataille d&#039;Henderson Field en 1942, la zone d&#039;aviation situ\u00e9e \u00e0 l&#039;est de la ville \u00e9tait un site crucial. Les troupes am\u00e9ricaines et japonaises s&#039;engag\u00e8rent dans cette lutte, remport\u00e9e par les premi\u00e8res. Cette victoire, tournant d\u00e9cisif pour la victoire des Alli\u00e9s, fut cruciale dans la zone Pacifique de la guerre.<\/p>\n<p>Apr\u00e8s la guerre, le r\u00f4le d&#039;Honiara a chang\u00e9 lorsqu&#039;elle est devenue le nouveau si\u00e8ge administratif du protectorat britannique des \u00eeles Salomon en 1952. La construction de plusieurs b\u00e2timents gouvernementaux a soulign\u00e9 ce changement et a acc\u00e9l\u00e9r\u00e9 la croissance d\u00e9mographique et le d\u00e9veloppement municipal.<\/p>\n<p>Malgr\u00e9 son expansion, Honiara a d\u00fb faire face \u00e0 de nombreux d\u00e9fis, notamment des troubles politiques et des violences ethniques. Le d\u00e9but des ann\u00e9es 2000 et la fin des ann\u00e9es 1990 ont \u00e9t\u00e9 marqu\u00e9s par des turbulences. Repr\u00e9sentant alternativement les Malaitas et les habitants de Guadalcanal, la Malaita Eagle Force (MEF) et l&#039;Isatabu Freedom Movement (IFM) se sont livr\u00e9s \u00e0 des combats meurtriers apr\u00e8s une tentative de coup d&#039;\u00c9tat en juin 2000. Malgr\u00e9 la conclusion d&#039;un accord de paix en octobre 2000, de nouvelles violences ont \u00e9clat\u00e9 en mars 2002, tuant deux diplomates n\u00e9o-z\u00e9landais et de nombreuses autres personnes.<\/p>\n<p>La situation s&#039;\u00e9tait encore aggrav\u00e9e en juillet 2003\u00a0; le gouvernement des \u00celes Salomon a donc demand\u00e9 \u00e0 la Mission r\u00e9gionale d&#039;assistance aux \u00celes Salomon (RAMSI) de l&#039;aider \u00e0 r\u00e9tablir la paix. Cette mission, qui comprenait plusieurs pays du Pacifique et l&#039;Australie comme chef de mission, a jou\u00e9 un r\u00f4le crucial dans le r\u00e9tablissement de la stabilit\u00e9 r\u00e9gionale.<\/p>\n<p>Apr\u00e8s la nomination de Snyder Rini au poste de Premier ministre, Honiara a connu une nouvelle p\u00e9riode de troubles en 2006. Des \u00e9meutes ont \u00e9clat\u00e9, d\u00e9truisant des quartiers de Chinatown et laissant environ 1\u00a0000 r\u00e9sidents chinois sans abri. Le tourisme \u00e9tant un secteur majeur pour la ville et les \u00eeles, ces \u00e9v\u00e9nements ont eu un impact consid\u00e9rable.<\/p>\n<p>La plupart des b\u00e2timents et institutions gouvernementaux des \u00celes Salomon sont situ\u00e9s \u00e0 Honiara. Le Parlement national, le Coll\u00e8ge d&#039;enseignement sup\u00e9rieur des \u00celes Salomon et le campus salomonien de l&#039;Universit\u00e9 du Pacifique Sud y sont tous situ\u00e9s. Le mus\u00e9e national et le march\u00e9 anim\u00e9 d&#039;Honiara comptent \u00e9galement d&#039;importantes attractions culturelles et commerciales.<\/p>\n<p>Honiara Est, Honiara Centre et Honiara Ouest sont trois si\u00e8ges parlementaires Honiara compte trois circonscriptions parlementaires : Parmi les six du pays avec des \u00e9lecteurs de plus de 10 000 personnes, ces si\u00e8ges refl\u00e8tent l&#039;importance politique de la ville.<\/p>\n<p>Bien que de nombreuses autres religions soient repr\u00e9sent\u00e9es, l&#039;environnement religieux d&#039;Honiara est essentiellement chr\u00e9tien. La ville abrite notamment le si\u00e8ge de l&#039;archidioc\u00e8se catholique romain d&#039;Honiara, de l&#039;\u00c9glise \u00e9vang\u00e9lique des mers du Sud, de l&#039;\u00c9glise unie, de l&#039;\u00c9glise de la province de M\u00e9lan\u00e9sie (anglicane) et de l&#039;\u00c9glise adventiste du septi\u00e8me jour. Cette diversit\u00e9 refl\u00e8te le tissu culturel plus large des \u00celes Salomon, qui allie modernit\u00e9 et tradition.<\/p>","protected":false},"excerpt":{"rendered":"<p>Honiara, capitale anim\u00e9e des \u00celes Salomon, est situ\u00e9e sur la c\u00f4te nord de Guadalcanal. Principale ville des \u00celes Salomon, Honiara est r\u00e9put\u00e9e pour son riche pass\u00e9 et sa culture vari\u00e9e. Sa population s&#039;\u00e9l\u00e8ve aujourd&#039;hui \u00e0 92\u00a0344 habitants. Cette ville dynamique est une v\u00e9ritable ruche d&#039;activit\u00e9, alliant richesse historique et expansion moderne.<\/p>","protected":false},"author":1,"featured_media":3238,"parent":9773,"menu_order":0,"comment_status":"closed","ping_status":"closed","template":"elementor_theme","meta":{"_eb_attr":"","footnotes":""},"class_list":["post-9779","page","type-page","status-publish","has-post-thumbnail"],"_links":{"self":[{"href":"https:\/\/travelshelper.com\/fr\/wp-json\/wp\/v2\/pages\/9779","targetHints":{"allow":["GET"]}}],"collection":[{"href":"https:\/\/travelshelper.com\/fr\/wp-json\/wp\/v2\/pages"}],"about":[{"href":"https:\/\/travelshelper.com\/fr\/wp-json\/wp\/v2\/types\/page"}],"author":[{"embeddable":true,"href":"https:\/\/travelshelper.com\/fr\/wp-json\/wp\/v2\/users\/1"}],"replies":[{"embeddable":true,"href":"https:\/\/travelshelper.com\/fr\/wp-json\/wp\/v2\/comments?post=9779"}],"version-history":[{"count":0,"href":"https:\/\/travelshelper.com\/fr\/wp-json\/wp\/v2\/pages\/9779\/revisions"}],"up":[{"embeddable":true,"href":"https:\/\/travelshelper.com\/fr\/wp-json\/wp\/v2\/pages\/9773"}],"wp:featuredmedia":[{"embeddable":true,"href":"https:\/\/travelshelper.com\/fr\/wp-json\/wp\/v2\/media\/3238"}],"wp:attachment":[{"href":"https:\/\/travelshelper.com\/fr\/wp-json\/wp\/v2\/media?parent=9779"}],"curies":[{"name":"wp","href":"https:\/\/api.w.org\/{rel}","templated":true}]}}