{"id":9773,"date":"2024-09-08T23:18:28","date_gmt":"2024-09-08T23:18:28","guid":{"rendered":"https:\/\/travelshelper.com\/staging\/?page_id=9773"},"modified":"2026-03-13T23:08:16","modified_gmt":"2026-03-13T23:08:16","slug":"iles-salomon","status":"publish","type":"page","link":"https:\/\/travelshelper.com\/fr\/destinations\/australia-and-oceania\/solomon-islands\/","title":{"rendered":"\u00celes Salomon"},"content":{"rendered":"<p>Les \u00celes Salomon, parfois appel\u00e9es les Salomon, sont un magnifique pays situ\u00e9 au c\u0153ur de la M\u00e9lan\u00e9sie, au nord-est de l&#039;Australie, dans la vaste r\u00e9gion d&#039;Oc\u00e9anie. Compos\u00e9 de 21 \u00eeles de plus de 100 kilom\u00e8tres carr\u00e9s chacune, cet archipel comprend Guadalcanal, Malaita, Makira et Santa Isabel. Outre ces vastes \u00e9tendues continentales, les \u00celes Salomon sont entour\u00e9es d&#039;environ 900 \u00eeles plus petites, cr\u00e9ant ainsi un paysage riche et complexe de terres et de mers. De la Papouasie-Nouvelle-Guin\u00e9e \u00e0 l&#039;ouest, l&#039;Australie au sud-ouest, la Nouvelle-Cal\u00e9donie et le Vanuatu au sud-est, les Fidji, Wallis-et-Futuna et Tuvalu \u00e0 l&#039;est, les \u00celes Salomon sont g\u00e9ographiquement proches de nombreux autres pays. Nauru et les \u00c9tats f\u00e9d\u00e9r\u00e9s de Micron\u00e9sie au nord.<\/p>\n<p>D&#039;une superficie totale de 28\u00a0896 kilom\u00e8tres carr\u00e9s (11\u00a0157 miles carr\u00e9s), les \u00celes Salomon devraient compter 734\u00a0887 habitants \u00e0 la mi-2023. Situ\u00e9e sur la plus grande \u00eele, Guadalcanal, Honiara, la capitale, est le centre politique et \u00e9conomique du pays. Le nom \u00ab\u00a0\u00celes Salomon\u00a0\u00bb d\u00e9signe l&#039;ensemble de l&#039;archipel des \u00celes Salomon, qui comprend la r\u00e9gion autonome de Bougainville, actuellement rattach\u00e9e \u00e0 la Papouasie-Nouvelle-Guin\u00e9e, \u00e0 l&#039;exclusion des \u00eeles Santa Cruz.<\/p>\n<p>Entre 30\u00a0000 et 28\u00a0800 av. J.-C., les humains ont commenc\u00e9 \u00e0 s&#039;installer sur ces \u00eeles\u00a0; de nombreuses vagues migratoires ont contribu\u00e9 \u00e0 cr\u00e9er le m\u00e9lange g\u00e9n\u00e9tique qui d\u00e9finit la population indig\u00e8ne actuelle. Parmi ces premiers immigrants figuraient les Lapitas, r\u00e9put\u00e9s pour leur savoir-faire unique en poterie et en navigation, qui ont contribu\u00e9 \u00e0 fa\u00e7onner la sc\u00e8ne culturelle des \u00eeles.<\/p>\n<p>L&#039;explorateur espagnol \u00c1lvaro de Menda\u00f1a fut le premier Europ\u00e9en \u00e0 arriver aux \u00eeles Salomon en 1568. Menda\u00f1a ne donna pas de nom aux \u00eeles\u00a0; d&#039;autres auteurs de sa d\u00e9couverte les appel\u00e8rent \u00ab\u00a0les Salomon\u00a0\u00bb. Menda\u00f1a y retourna en 1595, puis une autre exp\u00e9dition espagnole, dirig\u00e9e par le navigateur portugais Pedro Fernandes de Queir\u00f3s, arriva en 1606.<\/p>\n<p>Les \u00eeles Salomon ont eu une importance strat\u00e9gique \u00e9vidente pendant la Seconde Guerre mondiale. De 1942 \u00e0 1945, la campagne des \u00celes Salomon a \u00e9t\u00e9 une s\u00e9rie d&#039;affrontements d\u00e9cisifs entre les forces alli\u00e9es \u2013 principalement celles des \u00c9tats-Unis et de l&#039;Empire britannique \u2013 et l&#039;Empire du Japon. La bataille de Guadalcanal, en particulier, a marqu\u00e9 un tournant dans le Pacifique, car de violents combats ont soulign\u00e9 l&#039;importance vitale des \u00eeles dans la guerre.<\/p>\n<p>Le sud des \u00celes Salomon devint un protectorat britannique en juin 1893, sous le commandement du capitaine Herbert Gibson du HMS Curacoa. L&#039;\u00e8re coloniale d\u00e9buta ici et se prolongea jusqu&#039;au milieu du XXe si\u00e8cle. Proche de l&#039;autonomie, le gouvernement britannique changea son nom officiel de \u00ab Protectorat britannique des \u00celes Salomon \u00bb en \u00ab \u00celes Salomon \u00bb en 1975. Ce processus culmina en 1976, lorsque les \u00eeles obtinrent leur autonomie\u00a0; l&#039;ind\u00e9pendance d\u00e9finitive fut accord\u00e9e en 1978. Une fois ind\u00e9pendante, la nation adopta le nom d&#039;\u00ab\u00a0\u00celes Salomon\u00a0\u00bb, abandonna l&#039;article d\u00e9fini et devint une monarchie constitutionnelle.<\/p>\n<p>Les \u00celes Salomon reconnaissent aujourd&#039;hui Charles III comme leur roi\u00a0; ce roi est repr\u00e9sent\u00e9 localement par un gouverneur g\u00e9n\u00e9ral choisi sur recommandation du Premier ministre. Tout en conf\u00e9rant aux \u00eeles leur propre identit\u00e9 nationale, ce cadre politique reconna\u00eet leurs liens historiques avec la Couronne britannique. Fortes de leur riche histoire, de leurs cultures vari\u00e9es et de leur situation g\u00e9ographique privil\u00e9gi\u00e9e au bord de l&#039;oc\u00e9an Pacifique, les \u00celes Salomon font face aujourd&#039;hui encore \u00e0 des d\u00e9fis et des opportunit\u00e9s.<\/p>","protected":false},"excerpt":{"rendered":"<p>Les \u00celes Salomon, parfois appel\u00e9es les Salomon, sont un magnifique pays situ\u00e9 au c\u0153ur de la M\u00e9lan\u00e9sie, au nord-est de l&#039;Australie, dans la vaste r\u00e9gion d&#039;Oc\u00e9anie. Compos\u00e9 de 21 \u00eeles de plus de 100 kilom\u00e8tres carr\u00e9s chacune, cet archipel comprend Guadalcanal, Malaita, Makira et Santa Isabel. Outre ces vastes \u00e9tendues continentales, les \u00celes Salomon sont entour\u00e9es d&#039;environ 900 \u00eeles plus petites, cr\u00e9ant ainsi un paysage riche et complexe de terres et de mers. De la Papouasie-Nouvelle-Guin\u00e9e \u00e0 l&#039;ouest, l&#039;Australie au sud-ouest, la Nouvelle-Cal\u00e9donie et le Vanuatu au sud-est, les Fidji, Wallis-et-Futuna et Tuvalu \u00e0 l&#039;est, les \u00celes Salomon sont g\u00e9ographiquement proches de nombreux autres pays. Nauru et les \u00c9tats f\u00e9d\u00e9r\u00e9s de Micron\u00e9sie au nord.<\/p>","protected":false},"author":1,"featured_media":2859,"parent":24105,"menu_order":0,"comment_status":"closed","ping_status":"closed","template":"elementor_theme","meta":{"_eb_attr":"","footnotes":""},"class_list":["post-9773","page","type-page","status-publish","has-post-thumbnail"],"_links":{"self":[{"href":"https:\/\/travelshelper.com\/fr\/wp-json\/wp\/v2\/pages\/9773","targetHints":{"allow":["GET"]}}],"collection":[{"href":"https:\/\/travelshelper.com\/fr\/wp-json\/wp\/v2\/pages"}],"about":[{"href":"https:\/\/travelshelper.com\/fr\/wp-json\/wp\/v2\/types\/page"}],"author":[{"embeddable":true,"href":"https:\/\/travelshelper.com\/fr\/wp-json\/wp\/v2\/users\/1"}],"replies":[{"embeddable":true,"href":"https:\/\/travelshelper.com\/fr\/wp-json\/wp\/v2\/comments?post=9773"}],"version-history":[{"count":0,"href":"https:\/\/travelshelper.com\/fr\/wp-json\/wp\/v2\/pages\/9773\/revisions"}],"up":[{"embeddable":true,"href":"https:\/\/travelshelper.com\/fr\/wp-json\/wp\/v2\/pages\/24105"}],"wp:featuredmedia":[{"embeddable":true,"href":"https:\/\/travelshelper.com\/fr\/wp-json\/wp\/v2\/media\/2859"}],"wp:attachment":[{"href":"https:\/\/travelshelper.com\/fr\/wp-json\/wp\/v2\/media?parent=9773"}],"curies":[{"name":"wp","href":"https:\/\/api.w.org\/{rel}","templated":true}]}}