{"id":9692,"date":"2024-09-08T21:38:41","date_gmt":"2024-09-08T21:38:41","guid":{"rendered":"https:\/\/travelshelper.com\/staging\/?page_id=9692"},"modified":"2026-03-13T23:02:05","modified_gmt":"2026-03-13T23:02:05","slug":"nouvelle-zelande","status":"publish","type":"page","link":"https:\/\/travelshelper.com\/fr\/destinations\/australia-and-oceania\/new-zealand\/","title":{"rendered":"Nouvelle-Z\u00e9lande"},"content":{"rendered":"<p>La Nouvelle-Z\u00e9lande, appel\u00e9e Aotearoa en maori, est une nation insulaire fascinante situ\u00e9e dans le sud-ouest de l&#039;oc\u00e9an Pacifique. Elle est c\u00e9l\u00e8bre pour ses paysages \u00e9poustouflants et son riche h\u00e9ritage culturel. Compos\u00e9e de deux grandes masses continentales \u2013 l&#039;\u00eele du Nord (Te Ika-a-M\u0101ui) et l&#039;\u00eele du Sud (Te Waipounamu) \u2013 et de plus de 700 \u00eeles plus petites, la Nouvelle-Z\u00e9lande se classe au sixi\u00e8me rang des nations insulaires par sa superficie. Situ\u00e9e \u00e0 l&#039;est de l&#039;Australie, de l&#039;autre c\u00f4t\u00e9 de la mer de Tasman et au sud de la Nouvelle-Cal\u00e9donie, des Fidji et des Tonga, elle pr\u00e9sente un paysage vari\u00e9 marqu\u00e9 par des sommets montagneux imposants, notamment les impressionnantes Alpes du Sud. Cette g\u00e9ographie particuli\u00e8re r\u00e9sulte en grande partie du soul\u00e8vement tectonique et de l&#039;activit\u00e9 volcanique qui ont sculpt\u00e9 le terrain au fil de millions d&#039;ann\u00e9es.<\/p>\n<p>La capitale de la Nouvelle-Z\u00e9lande est Wellington, bien qu&#039;Auckland soit la ville la plus peupl\u00e9e. Ces m\u00e9tropoles sont des centres culturels et commerciaux dynamiques, incarnant l&#039;identit\u00e9 dynamique et croissante du pays. Malgr\u00e9 son statut contemporain, la Nouvelle-Z\u00e9lande fut la derni\u00e8re grande \u00e9tendue terrestre \u00e0 \u00eatre habit\u00e9e par l&#039;homme. De 1280 \u00e0 1350, les navigateurs polyn\u00e9siens commenc\u00e8rent \u00e0 coloniser les \u00eeles, cultivant ainsi la culture maorie unique qui demeure aujourd&#039;hui un aspect essentiel de l&#039;identit\u00e9 n\u00e9o-z\u00e9landaise.<\/p>\n<p>La d\u00e9couverte europ\u00e9enne de la Nouvelle-Z\u00e9lande d\u00e9buta en 1642 avec l&#039;aventurier hollandais Abel Tasman, premier Europ\u00e9en \u00e0 observer et \u00e0 documenter les \u00eeles. Ce n&#039;est qu&#039;en 1769 que le capitaine James Cook, explorateur britannique, arriva et cartographia la Nouvelle-Z\u00e9lande, facilitant ainsi les contacts ult\u00e9rieurs et la colonisation. Le trait\u00e9 de Waitangi, sign\u00e9 en 1840 entre les d\u00e9l\u00e9gu\u00e9s du Royaume-Uni et les chefs maoris, marqua un tournant dans l&#039;histoire de la Nouvelle-Z\u00e9lande. Ce trait\u00e9 jeta les bases de la souverainet\u00e9 britannique et de la cr\u00e9ation de la colonie de la Couronne de Nouvelle-Z\u00e9lande en 1841. Par la suite, cette \u00e9poque fut marqu\u00e9e par des conflits entre l&#039;administration coloniale et les tribus maories, conduisant \u00e0 l&#039;ali\u00e9nation et \u00e0 l&#039;appropriation d&#039;un important territoire maori.<\/p>\n<p>La progression de la Nouvelle-Z\u00e9lande vers l&#039;ind\u00e9pendance s&#039;est faite progressivement. Elle a obtenu le statut de dominion en 1907 et a acquis son ind\u00e9pendance formelle compl\u00e8te en 1947, tout en conservant le monarque britannique \u00e0 la t\u00eate de l&#039;\u00c9tat. Aujourd&#039;hui, la Nouvelle-Z\u00e9lande est un pays dynamique et cosmopolite qui compte environ 5,25 millions d&#039;habitants. La population est majoritairement d&#039;origine europ\u00e9enne, les Maoris autochtones constituant le groupe minoritaire le plus important, suivis par les minorit\u00e9s asiatiques et pasifika. La diversit\u00e9 d\u00e9mographique se refl\u00e8te dans la culture n\u00e9o-z\u00e9landaise, qui puise principalement dans les coutumes maories et les premiers colons britanniques, ainsi que dans les impacts contemporains d&#039;une immigration accrue.<\/p>\n<p>La nation reconna\u00eet trois langues officielles\u00a0: l&#039;anglais, le maori et la langue des signes n\u00e9o-z\u00e9landaise, l&#039;anglais \u00e9tant la langue pr\u00e9dominante. La Nouvelle-Z\u00e9lande, nation avanc\u00e9e, a \u00e9t\u00e9 un pionnier en mati\u00e8re de progr\u00e8s social. Elle a \u00e9t\u00e9 la premi\u00e8re nation \u00e0 instaurer un salaire minimum et \u00e0 accorder le droit de vote aux femmes. Le pays obtient r\u00e9guli\u00e8rement d&#039;excellents classements dans les \u00e9valuations mondiales de la qualit\u00e9 de vie et des droits humains, et est reconnu pour avoir l&#039;un des niveaux de corruption per\u00e7ue les plus bas au monde. N\u00e9anmoins, il continue de faire face \u00e0 des disparit\u00e9s structurelles, notamment entre sa population maorie et sa population europ\u00e9enne.<\/p>\n<p>Au cours des ann\u00e9es 1980, la Nouvelle-Z\u00e9lande a connu d&#039;importantes transformations \u00e9conomiques, passant d&#039;une \u00e9conomie protectionniste \u00e0 une \u00e9conomie lib\u00e9ralis\u00e9e et libre-\u00e9changiste. Le secteur des services pr\u00e9domine dans l&#039;\u00e9conomie nationale, suivi par le secteur industriel et l&#039;agriculture. Le tourisme international constitue une source essentielle de revenus. La Nouvelle-Z\u00e9lande participe activement \u00e0 de nombreuses organisations internationales, telles que les Nations Unies, le Commonwealth, l&#039;ANZUS et la Coop\u00e9ration \u00e9conomique Asie-Pacifique. Elle entretient des liens particuli\u00e8rement forts avec les \u00c9tats-Unis, le Royaume-Uni et d&#039;autres pays du Pacifique, ce qui lui conf\u00e8re une identit\u00e9 \u00ab\u00a0trans-tasmanienne\u00a0\u00bb distinctive, partag\u00e9e avec l&#039;Australie.<\/p>\n<p>La Nouvelle-Z\u00e9lande fonctionne selon un syst\u00e8me parlementaire caract\u00e9ris\u00e9 par une l\u00e9gislature monocam\u00e9rale. L&#039;administration est dirig\u00e9e par le Premier ministre Christopher Luxon. Le souverain du pays est le roi Charles III, repr\u00e9sent\u00e9 localement par la gouverneure g\u00e9n\u00e9rale Cindy Kiro. La Nouvelle-Z\u00e9lande est divis\u00e9e en 11 conseils r\u00e9gionaux et 67 autorit\u00e9s territoriales pour la gouvernance locale. Le territoire n\u00e9o-z\u00e9landais comprend non seulement ses \u00eeles principales, mais aussi Tokelau, les \u00eeles Cook, Niue et la d\u00e9pendance de Ross en Antarctique.<\/p>","protected":false},"excerpt":{"rendered":"<p>La Nouvelle-Z\u00e9lande, appel\u00e9e Aotearoa en maori, est une nation insulaire fascinante situ\u00e9e dans le sud-ouest de l&#039;oc\u00e9an Pacifique. Elle est c\u00e9l\u00e8bre pour ses paysages \u00e9poustouflants et son riche h\u00e9ritage culturel. Compos\u00e9e de deux grandes masses continentales \u2013 l&#039;\u00eele du Nord (Te Ika-a-M\u0101ui) et l&#039;\u00eele du Sud (Te Waipounamu) \u2013 et de plus de 700 \u00eeles plus petites, la Nouvelle-Z\u00e9lande se classe au sixi\u00e8me rang des nations insulaires par sa superficie. Situ\u00e9e \u00e0 l&#039;est de l&#039;Australie, de l&#039;autre c\u00f4t\u00e9 de la mer de Tasman et au sud de la Nouvelle-Cal\u00e9donie, des Fidji et des Tonga, elle pr\u00e9sente un paysage vari\u00e9 marqu\u00e9 par des sommets montagneux imposants, notamment les impressionnantes Alpes du Sud. Cette g\u00e9ographie particuli\u00e8re r\u00e9sulte en grande partie du soul\u00e8vement tectonique et de l&#039;activit\u00e9 volcanique qui ont sculpt\u00e9 le terrain au fil de millions d&#039;ann\u00e9es.<\/p>","protected":false},"author":1,"featured_media":4203,"parent":24105,"menu_order":0,"comment_status":"closed","ping_status":"closed","template":"elementor_theme","meta":{"_eb_attr":"","footnotes":""},"class_list":["post-9692","page","type-page","status-publish","has-post-thumbnail"],"_links":{"self":[{"href":"https:\/\/travelshelper.com\/fr\/wp-json\/wp\/v2\/pages\/9692","targetHints":{"allow":["GET"]}}],"collection":[{"href":"https:\/\/travelshelper.com\/fr\/wp-json\/wp\/v2\/pages"}],"about":[{"href":"https:\/\/travelshelper.com\/fr\/wp-json\/wp\/v2\/types\/page"}],"author":[{"embeddable":true,"href":"https:\/\/travelshelper.com\/fr\/wp-json\/wp\/v2\/users\/1"}],"replies":[{"embeddable":true,"href":"https:\/\/travelshelper.com\/fr\/wp-json\/wp\/v2\/comments?post=9692"}],"version-history":[{"count":0,"href":"https:\/\/travelshelper.com\/fr\/wp-json\/wp\/v2\/pages\/9692\/revisions"}],"up":[{"embeddable":true,"href":"https:\/\/travelshelper.com\/fr\/wp-json\/wp\/v2\/pages\/24105"}],"wp:featuredmedia":[{"embeddable":true,"href":"https:\/\/travelshelper.com\/fr\/wp-json\/wp\/v2\/media\/4203"}],"wp:attachment":[{"href":"https:\/\/travelshelper.com\/fr\/wp-json\/wp\/v2\/media?parent=9692"}],"curies":[{"name":"wp","href":"https:\/\/api.w.org\/{rel}","templated":true}]}}