{"id":9661,"date":"2024-09-08T21:01:07","date_gmt":"2024-09-08T21:01:07","guid":{"rendered":"https:\/\/travelshelper.com\/staging\/?page_id=9661"},"modified":"2026-03-13T23:10:04","modified_gmt":"2026-03-13T23:10:04","slug":"papouasie-nouvelle-guinee","status":"publish","type":"page","link":"https:\/\/travelshelper.com\/fr\/destinations\/australia-and-oceania\/papua-new-guinea\/","title":{"rendered":"Papouasie-Nouvelle-Guin\u00e9e"},"content":{"rendered":"<p>Nation fascinante, la Papouasie-Nouvelle-Guin\u00e9e, \u00e9galement connue sous le nom d&#039;\u00c9tat ind\u00e9pendant de Papouasie-Nouvelle-Guin\u00e9e, est situ\u00e9e en Oc\u00e9anie. Outre la moiti\u00e9 orientale de l&#039;\u00eele de Nouvelle-Guin\u00e9e, elle comprend plusieurs \u00eeles au large de la M\u00e9lan\u00e9sie, une r\u00e9gion du sud-ouest de l&#039;oc\u00e9an Pacifique situ\u00e9e au nord de l&#039;Australie. Sa situation strat\u00e9gique la rapproche de plusieurs voisins importants\u00a0: l&#039;Australie au sud, les \u00celes Salomon \u00e0 l&#039;est et l&#039;Indon\u00e9sie \u00e0 l&#039;ouest. Port Moresby, sur la c\u00f4te sud, est la capitale du pays et son centre politique et \u00e9conomique.<\/p>\n<p>Troisi\u00e8me plus grande nation insulaire du monde, la Papouasie-Nouvelle-Guin\u00e9e s&#039;\u00e9tend sur 462\u00a0840 kilom\u00e8tres carr\u00e9s (178\u00a0700 miles carr\u00e9s). Des mangroves et plages c\u00f4ti\u00e8res aux collines escarp\u00e9es et for\u00eats tropicales denses, de nombreux paysages caract\u00e9risent cette vaste r\u00e9gion. Outre ses paysages \u00e9poustouflants, la topographie du pays est essentielle \u00e0 sa diversit\u00e9 biologique et culturelle.<\/p>\n<p>D&#039;importants \u00e9v\u00e9nements mondiaux et des influences coloniales ont fa\u00e7onn\u00e9 l&#039;histoire de la Papouasie-Nouvelle-Guin\u00e9e. Dans les ann\u00e9es 1880, la Nouvelle-Guin\u00e9e allemande, au nord, et le Territoire britannique de Papouasie, au sud, ont s\u00e9par\u00e9 le territoire. Apr\u00e8s la Premi\u00e8re Guerre mondiale, l&#039;ensemble du territoire est pass\u00e9 sous contr\u00f4le australien, suite \u00e0 la cr\u00e9ation du Territoire de Nouvelle-Guin\u00e9e par la colonie allemande, mission de la Soci\u00e9t\u00e9 des Nations. Champ de bataille majeur, le pays a connu de violents combats qui ont marqu\u00e9 son histoire contemporaine lors de la campagne de Nouvelle-Guin\u00e9e pendant la Seconde Guerre mondiale.<\/p>\n<p>Apr\u00e8s son ind\u00e9pendance en 1975, la Papouasie-Nouvelle-Guin\u00e9e est devenue un pays du Commonwealth sous \u00c9lisabeth II. Cette position est rest\u00e9e jusqu&#039;\u00e0 sa mort en 2022, date \u00e0 laquelle Charles III lui a succ\u00e9d\u00e9. Fort de son pass\u00e9 colonial, le syst\u00e8me politique et la politique \u00e9trang\u00e8re du pays t\u00e9moignent de sa volont\u00e9 de jouer un r\u00f4le majeur dans les \u00e9v\u00e9nements r\u00e9gionaux et mondiaux.<\/p>\n<p>L&#039;une des caract\u00e9ristiques les plus remarquables de la Papouasie-Nouvelle-Guin\u00e9e est sa diversit\u00e9 linguistique. Avec 840 langues connues, dont l&#039;anglais, ce pays est le plus diversifi\u00e9 au monde sur le plan linguistique. Cette diversit\u00e9 linguistique t\u00e9moigne \u00e0 la fois de la diversit\u00e9 culturelle du pays et de la pers\u00e9v\u00e9rance de ses populations autochtones. Malgr\u00e9 cette diversit\u00e9, la Papouasie-Nouvelle-Guin\u00e9e reste essentiellement rurale\u00a0; \u00e0 peine 13,25\u00a0% de la population r\u00e9sidait en ville en 2019. La vie dans des villages traditionnels permet \u00e0 la plupart des habitants de conserver un mode de vie traditionnel, essentiel \u00e0 leur structure sociale et \u00e0 leur identit\u00e9.<\/p>\n<p>En termes de population, la Papouasie-Nouvelle-Guin\u00e9e est la nation insulaire la plus peupl\u00e9e du Pacifique. Les pr\u00e9visions pour d\u00e9cembre 2022 indiquent que la population pourrait \u00eatre plus proche de 17 millions, contre 9,4 millions pr\u00e9c\u00e9demment estim\u00e9s par le gouvernement. Cet \u00e9cart souligne la difficult\u00e9 de recenser un pays \u00e0 la topographie aussi vari\u00e9e et complexe. La gestion et le d\u00e9veloppement des ressources sont fortement influenc\u00e9s par la croissance et la r\u00e9partition d\u00e9mographiques du pays.<\/p>\n<p>La grande abondance animale de la Papouasie-Nouvelle-Guin\u00e9e est un autre atout bien connu. Selon certaines estimations, les \u00e9cosyst\u00e8mes vari\u00e9s du pays abriteraient de nombreuses esp\u00e8ces v\u00e9g\u00e9tales et animales m\u00e9connues, ce qui en fait un site privil\u00e9gi\u00e9 pour les \u00e9tudes biologiques et les programmes de conservation. Cette richesse naturelle est \u00e0 la fois un atout et un probl\u00e8me, car elle exige une gestion rigoureuse afin de concilier pr\u00e9servation \u00e9cologique et croissance \u00e9conomique.<\/p>\n<p>Le Fonds mon\u00e9taire international consid\u00e8re l&#039;\u00e9conomie de la Papouasie-Nouvelle-Guin\u00e9e comme en d\u00e9veloppement. Environ 40 % de la population travaille comme agriculteur de subsistance, essentiellement en dehors du syst\u00e8me mon\u00e9taire. Reconnaissant et d\u00e9fendant sp\u00e9cifiquement ce mode de vie traditionnel, la Constitution de Papouasie-Nouvelle-Guin\u00e9e souligne la valeur des villages et communaut\u00e9s traditionnels en tant qu&#039;entit\u00e9s sociales fonctionnelles. Cette reconnaissance constitutionnelle souligne l&#039;importance des structures sociales autochtones dans la d\u00e9finition de l&#039;identit\u00e9 et du gouvernement de la nation.<\/p>\n<p>Sur la sc\u00e8ne internationale, la Papouasie-Nouvelle-Guin\u00e9e participe activement \u00e0 plusieurs organisations r\u00e9gionales et internationales. \u00c9tat observateur depuis 1976, elle a d\u00e9pos\u00e9 une demande d&#039;adh\u00e9sion \u00e0 part enti\u00e8re \u00e0 l&#039;Association des nations de l&#039;Asie du Sud-Est (ASEAN). Parmi les membres \u00e0 part enti\u00e8re reconnus par la Communaut\u00e9 du Pacifique, le Forum des \u00eeles du Pacifique, le Commonwealth des Nations et les Nations Unies figurent. Ces liens t\u00e9moignent de l&#039;engagement de la Papouasie-Nouvelle-Guin\u00e9e en faveur de la coop\u00e9ration r\u00e9gionale et de sa volont\u00e9 d&#039;influencer les affaires mondiales.<\/p>","protected":false},"excerpt":{"rendered":"<p>Nation fascinante, la Papouasie-Nouvelle-Guin\u00e9e, \u00e9galement connue sous le nom d&#039;\u00c9tat ind\u00e9pendant de Papouasie-Nouvelle-Guin\u00e9e, est situ\u00e9e en Oc\u00e9anie. Outre la moiti\u00e9 orientale de l&#039;\u00eele de Nouvelle-Guin\u00e9e, elle comprend plusieurs \u00eeles au large de la M\u00e9lan\u00e9sie, une r\u00e9gion du sud-ouest de l&#039;oc\u00e9an Pacifique situ\u00e9e au nord de l&#039;Australie. Sa situation strat\u00e9gique la rapproche de plusieurs voisins importants\u00a0: l&#039;Australie au sud, les \u00celes Salomon \u00e0 l&#039;est et l&#039;Indon\u00e9sie \u00e0 l&#039;ouest. Port Moresby, sur la c\u00f4te sud, est la capitale du pays et son centre politique et \u00e9conomique.<\/p>","protected":false},"author":1,"featured_media":3890,"parent":24105,"menu_order":0,"comment_status":"closed","ping_status":"closed","template":"elementor_theme","meta":{"_eb_attr":"","footnotes":""},"class_list":["post-9661","page","type-page","status-publish","has-post-thumbnail"],"_links":{"self":[{"href":"https:\/\/travelshelper.com\/fr\/wp-json\/wp\/v2\/pages\/9661","targetHints":{"allow":["GET"]}}],"collection":[{"href":"https:\/\/travelshelper.com\/fr\/wp-json\/wp\/v2\/pages"}],"about":[{"href":"https:\/\/travelshelper.com\/fr\/wp-json\/wp\/v2\/types\/page"}],"author":[{"embeddable":true,"href":"https:\/\/travelshelper.com\/fr\/wp-json\/wp\/v2\/users\/1"}],"replies":[{"embeddable":true,"href":"https:\/\/travelshelper.com\/fr\/wp-json\/wp\/v2\/comments?post=9661"}],"version-history":[{"count":0,"href":"https:\/\/travelshelper.com\/fr\/wp-json\/wp\/v2\/pages\/9661\/revisions"}],"up":[{"embeddable":true,"href":"https:\/\/travelshelper.com\/fr\/wp-json\/wp\/v2\/pages\/24105"}],"wp:featuredmedia":[{"embeddable":true,"href":"https:\/\/travelshelper.com\/fr\/wp-json\/wp\/v2\/media\/3890"}],"wp:attachment":[{"href":"https:\/\/travelshelper.com\/fr\/wp-json\/wp\/v2\/media?parent=9661"}],"curies":[{"name":"wp","href":"https:\/\/api.w.org\/{rel}","templated":true}]}}