{"id":9641,"date":"2024-09-08T20:35:23","date_gmt":"2024-09-08T20:35:23","guid":{"rendered":"https:\/\/travelshelper.com\/staging\/?page_id=9641"},"modified":"2026-03-13T23:10:46","modified_gmt":"2026-03-13T23:10:46","slug":"palaos","status":"publish","type":"page","link":"https:\/\/travelshelper.com\/fr\/destinations\/australia-and-oceania\/palau\/","title":{"rendered":"Palaos"},"content":{"rendered":"<p>Palaos, officiellement connue sous le nom de R\u00e9publique des Palaos, est une nation insulaire fascinante nich\u00e9e dans la sous-r\u00e9gion de Micron\u00e9sie, en Oc\u00e9anie, dans l&#039;ouest de l&#039;oc\u00e9an Pacifique. Compos\u00e9e d&#039;environ 340 \u00eeles, cette r\u00e9publique enchanteresse forme un magnifique archipel qui s&#039;\u00e9tend de la cha\u00eene occidentale des \u00eeles Carolines \u00e0 des r\u00e9gions des \u00c9tats f\u00e9d\u00e9r\u00e9s de Micron\u00e9sie. Malgr\u00e9 sa petite taille, Palaos est un pays riche en beaut\u00e9s naturelles, en histoire et en culture.<\/p>\n<p>Avec une superficie de 466 kilom\u00e8tres carr\u00e9s (180 miles carr\u00e9s), les Palaos sont le quatri\u00e8me plus petit pays du monde. Malgr\u00e9 leur petite superficie, les \u00eeles offrent des paysages vari\u00e9s, allant des plages immacul\u00e9es aux for\u00eats tropicales luxuriantes et aux r\u00e9cifs coralliens aux couleurs \u00e9clatantes. Portant le m\u00eame nom, Koror est l&#039;\u00eele la plus peupl\u00e9e et abrite la plus grande ville du pays. Dans l&#039;\u00c9tat de Melekeok, la capitale, Ngerulmud, se trouve sur la plus grande \u00eele, Babeldaob. La situation strat\u00e9gique des Palaos les place \u00e0 proximit\u00e9 de nombreuses fronti\u00e8res maritimes internationales\u00a0; elles les partagent avec les \u00c9tats f\u00e9d\u00e9r\u00e9s de Micron\u00e9sie \u00e0 l&#039;est, l&#039;Indon\u00e9sie au sud et les Philippines au nord-ouest.<\/p>\n<p>L&#039;histoire des Palaos est aussi riche et vari\u00e9e que leur topographie. Colonis\u00e9es \u00e0 l&#039;origine par des immigrants venus d&#039;Asie du Sud-Est maritime il y a environ 3\u00a0000 ans, les \u00eeles de Palau ont puis\u00e9 leur patrimoine culturel unique dans cette communaut\u00e9 ancestrale. Gr\u00e2ce au travail du missionnaire boh\u00e9mien Paul Klein, qui a recens\u00e9 les \u00eeles en s&#039;appuyant sur les r\u00e9cits de naufrag\u00e9s palaosiens ayant atteint les c\u00f4tes philippines \u00e0 Samar, elles sont apparues pour la premi\u00e8re fois sur une carte europ\u00e9enne.<\/p>\n<p>Les Palaos rejoignirent les Indes orientales espagnoles en 1885, inaugurant ainsi l&#039;influence europ\u00e9enne. Mais en vertu du trait\u00e9 germano-espagnol, l&#039;Allemagne racheta les \u00eeles \u00e0 l&#039;Espagne apr\u00e8s sa d\u00e9faite lors de la guerre hispano-am\u00e9ricaine de 1898. Elles furent pendant toute cette p\u00e9riode rattach\u00e9es \u00e0 la Nouvelle-Guin\u00e9e allemande. Sous le mandat des mers du Sud de la Soci\u00e9t\u00e9 des Nations, les \u00eeles pass\u00e8rent sous domination japonaise apr\u00e8s la Premi\u00e8re Guerre mondiale.<\/p>\n<p>Avec de violents affrontements entre les forces am\u00e9ricaines et japonaises dans le cadre de la campagne des \u00eeles Mariannes et des Palaos, la Seconde Guerre mondiale a entra\u00een\u00e9 de graves conflits aux Palaos. En 1947, les Palaos ont rejoint le Territoire sous tutelle des \u00eeles du Pacifique, administr\u00e9 par les \u00c9tats-Unis. Lors d&#039;un r\u00e9f\u00e9rendum en 1978, les Palaos ont choisi de ne pas rejoindre les \u00c9tats f\u00e9d\u00e9r\u00e9s de Micron\u00e9sie, acc\u00e9dant ainsi \u00e0 leur pleine souverainet\u00e9 en 1994, en vertu d&#039;un Pacte de libre association avec les \u00c9tats-Unis, marquant ainsi un tournant d\u00e9cisif vers l&#039;autod\u00e9termination.<\/p>\n<p>Les Palaos fonctionnent aujourd&#039;hui comme une r\u00e9publique pr\u00e9sidentielle en libre association avec les \u00c9tats-Unis. Ce lien garantit que les \u00c9tats-Unis fournissent la d\u00e9fense, l&#039;argent et l&#039;acc\u00e8s aux services sociaux, cr\u00e9ant ainsi un environnement politique stable. Le Congr\u00e8s national des Palaos, bicam\u00e9ral, dispose d&#039;une autorit\u00e9 l\u00e9gislative et joue donc un r\u00f4le crucial dans l&#039;\u00e9laboration des politiques du pays.<\/p>\n<p>L&#039;\u00e9conomie des Palaos d\u00e9pend principalement de la p\u00eache, de l&#039;agriculture de subsistance et du tourisme. La beaut\u00e9 naturelle \u00e9poustouflante de ses \u00eeles, notamment ses sites de plong\u00e9e de renomm\u00e9e mondiale, attire des touristes du monde entier. Preuve de l&#039;importance des alliances mondiales pour le maintien de l&#039;\u00e9conomie des Palaos, une part importante de son produit national brut (PNB) provient de l&#039;aide \u00e9trang\u00e8re. La monnaie officielle est le dollar am\u00e9ricain, ce qui renforce les liens avec l&#039;\u00e9conomie am\u00e9ricaine.<\/p>\n<p>La culture palaosienne regorge d&#039;\u00e9l\u00e9ments micron\u00e9siens, m\u00e9lan\u00e9siens, asiatiques et occidentaux. Les Palauans d&#039;origine ethnique, d&#039;ascendance mixte micron\u00e9sienne, m\u00e9lan\u00e9sienne et austron\u00e9sienne, constituent la majorit\u00e9 de la population. La diversit\u00e9 linguistique du pays refl\u00e8te \u00e9galement cette diversit\u00e9 culturelle. L&#039;anglais et le palaosien, langues officielles de la famille des langues austron\u00e9siennes, sont reconnus comme langues r\u00e9gionales, et comprennent \u00e9galement le japonais, le sonsorolais et le tobian, soulignant ainsi le caract\u00e8re cosmopolite du pays.<\/p>","protected":false},"excerpt":{"rendered":"<p>Palaos, officiellement connue sous le nom de R\u00e9publique des Palaos, est une nation insulaire fascinante nich\u00e9e dans la sous-r\u00e9gion de Micron\u00e9sie, en Oc\u00e9anie, dans l&#039;ouest de l&#039;oc\u00e9an Pacifique. Compos\u00e9e d&#039;environ 340 \u00eeles, cette r\u00e9publique enchanteresse forme un magnifique archipel qui s&#039;\u00e9tend de la cha\u00eene occidentale des \u00eeles Carolines \u00e0 des r\u00e9gions des \u00c9tats f\u00e9d\u00e9r\u00e9s de Micron\u00e9sie. Malgr\u00e9 sa petite taille, Palaos est un pays riche en beaut\u00e9s naturelles, en histoire et en culture.<\/p>","protected":false},"author":1,"featured_media":3589,"parent":24105,"menu_order":0,"comment_status":"closed","ping_status":"closed","template":"elementor_theme","meta":{"_eb_attr":"","footnotes":""},"class_list":["post-9641","page","type-page","status-publish","has-post-thumbnail"],"_links":{"self":[{"href":"https:\/\/travelshelper.com\/fr\/wp-json\/wp\/v2\/pages\/9641","targetHints":{"allow":["GET"]}}],"collection":[{"href":"https:\/\/travelshelper.com\/fr\/wp-json\/wp\/v2\/pages"}],"about":[{"href":"https:\/\/travelshelper.com\/fr\/wp-json\/wp\/v2\/types\/page"}],"author":[{"embeddable":true,"href":"https:\/\/travelshelper.com\/fr\/wp-json\/wp\/v2\/users\/1"}],"replies":[{"embeddable":true,"href":"https:\/\/travelshelper.com\/fr\/wp-json\/wp\/v2\/comments?post=9641"}],"version-history":[{"count":0,"href":"https:\/\/travelshelper.com\/fr\/wp-json\/wp\/v2\/pages\/9641\/revisions"}],"up":[{"embeddable":true,"href":"https:\/\/travelshelper.com\/fr\/wp-json\/wp\/v2\/pages\/24105"}],"wp:featuredmedia":[{"embeddable":true,"href":"https:\/\/travelshelper.com\/fr\/wp-json\/wp\/v2\/media\/3589"}],"wp:attachment":[{"href":"https:\/\/travelshelper.com\/fr\/wp-json\/wp\/v2\/media?parent=9641"}],"curies":[{"name":"wp","href":"https:\/\/api.w.org\/{rel}","templated":true}]}}