{"id":9611,"date":"2024-09-08T19:59:37","date_gmt":"2024-09-08T19:59:37","guid":{"rendered":"https:\/\/travelshelper.com\/staging\/?page_id=9611"},"modified":"2026-03-13T22:56:56","modified_gmt":"2026-03-13T22:56:56","slug":"iles-marshall","status":"publish","type":"page","link":"https:\/\/travelshelper.com\/fr\/destinations\/australia-and-oceania\/marshall-islands\/","title":{"rendered":"\u00celes Marshall"},"content":{"rendered":"<p>Les \u00celes Marshall, appel\u00e9es \u1e42aje\u1e37 en marshallais, officiellement connues sous le nom de R\u00e9publique des \u00celes Marshall (Aolep\u0101n Aor\u014dkin \u1e42aje\u1e37), sont une nation insulaire souveraine situ\u00e9e en Micron\u00e9sie, dans le nord-ouest de l&#039;oc\u00e9an Pacifique. Situ\u00e9es \u00e0 l&#039;ouest de la ligne de changement de date et au nord de l&#039;\u00e9quateur, les \u00celes Marshall sont une nation distincte dot\u00e9e d&#039;une histoire riche et de caract\u00e9ristiques g\u00e9ographiques uniques. Le pays se compose de 29 atolls coralliens et de cinq \u00eeles, r\u00e9parties en deux archipels\u00a0: Ratak \u00e0 l&#039;est et Ralik \u00e0 l&#039;ouest. Il est \u00e0 noter que 97,87\u00a0% du territoire national est constitu\u00e9 d&#039;eau, ce qui en fait l&#039;\u00c9tat souverain ayant le ratio eau\/terre le plus \u00e9lev\u00e9.<\/p>\n<p>Les \u00celes Marshall partagent des fronti\u00e8res maritimes avec plusieurs territoires et nations\u00a0: l&#039;\u00eele de Wake au nord, Kiribati au sud-est, Nauru au sud et les \u00c9tats f\u00e9d\u00e9r\u00e9s de Micron\u00e9sie \u00e0 l&#039;ouest. Majuro, capitale et plus grande ville, abrite environ 50\u00a0% de la population du pays et constitue le centre politique et \u00e9conomique du pays.<\/p>\n<p>L&#039;histoire des \u00celes Marshall est profond\u00e9ment ancr\u00e9e dans la migration austron\u00e9sienne qui s&#039;y est install\u00e9e d\u00e8s le IIe mill\u00e9naire avant J.-C. Les premiers immigrants y ont introduit des cultures d&#039;Asie du Sud-Est telles que la noix de coco, le taro g\u00e9ant des marais et l&#039;arbre \u00e0 pain, ainsi que des volailles domestiques, rendant les \u00eeles habitables en permanence. Plusieurs exp\u00e9ditions espagnoles ont atteint les \u00eeles au milieu du XVIe si\u00e8cle\u00a0; cependant, les galions espagnols empruntaient g\u00e9n\u00e9ralement la route du Pacifique plus au nord, contournant ainsi les \u00celes Marshall.<\/p>\n<p>Les \u00eeles furent nomm\u00e9es en l&#039;honneur du capitaine britannique John Marshall, qui mena une exploration de la r\u00e9gion en 1788. Dans les ann\u00e9es 1850, l&#039;arriv\u00e9e de missionnaires protestants am\u00e9ricains et d&#039;int\u00e9r\u00eats commerciaux occidentaux marqua le d\u00e9but d&#039;une influence \u00e9trang\u00e8re consid\u00e9rable. Dans les ann\u00e9es 1870 et 1880, les n\u00e9gociants allemands en coprah domin\u00e8rent l&#039;\u00e9conomie, ce qui conduisit \u00e0 l&#039;annexion des \u00celes Marshall par l&#039;Empire allemand sous protectorat en 1885. Pendant la Premi\u00e8re Guerre mondiale, l&#039;Empire du Japon envahit les \u00eeles, qui furent ensuite int\u00e9gr\u00e9es au Mandat japonais des mers du Sud. Apr\u00e8s la Seconde Guerre mondiale, les \u00c9tats-Unis prirent le contr\u00f4le des \u00eeles et les gouvern\u00e8rent dans le cadre du Territoire sous tutelle des \u00eeles du Pacifique. De 1946 \u00e0 1958, les \u00c9tats-Unis effectu\u00e8rent 67 essais nucl\u00e9aires sur les atolls de Bikini et d&#039;Enewetak, qui eurent de profondes r\u00e9percussions sur les \u00eeles.<\/p>\n<p>La qu\u00eate d&#039;autonomie a d\u00e9but\u00e9 avec la cr\u00e9ation du Congr\u00e8s de Micron\u00e9sie en 1965, destin\u00e9 \u00e0 renforcer l&#039;autonomie des \u00eeles du Pacifique. En mai 1979, les \u00c9tats-Unis ont reconnu la constitution des \u00celes Marshall et son pr\u00e9sident, Amata Kabua, conf\u00e9rant ainsi l&#039;ind\u00e9pendance \u00e0 la nation. La souverainet\u00e9 totale a \u00e9t\u00e9 acquise gr\u00e2ce au Pacte de libre association avec les \u00c9tats-Unis, qui offrait d\u00e9fense, soutien financier et acc\u00e8s aux institutions am\u00e9ricaines telles que la Commission f\u00e9d\u00e9rale des communications et le Service postal des \u00c9tats-Unis. Les \u00celes Marshall sont membres de la Communaut\u00e9 du Pacifique depuis 1983 et sont devenues membres des Nations Unies en 1991.<\/p>\n<p>L&#039;\u00e9conomie des \u00celes Marshall est principalement ax\u00e9e sur les services, compl\u00e9t\u00e9e par la p\u00eache et l&#039;agriculture. L&#039;aide financi\u00e8re substantielle des \u00c9tats-Unis repr\u00e9sente une part consid\u00e9rable de son PIB. L&#039;aide financi\u00e8re accord\u00e9e par le Pacte de libre association, initialement pr\u00e9vu pour 2023, a \u00e9t\u00e9 prolong\u00e9e de 20 ans. Le pays utilise le dollar am\u00e9ricain comme monnaie et a annonc\u00e9 en 2018 son intention d&#039;adopter une nouvelle cryptomonnaie comme monnaie l\u00e9gale.<\/p>\n<p>La population des \u00celes Marshall est principalement compos\u00e9e d&#039;habitants d&#039;origine marshallaise, ainsi que de communaut\u00e9s d&#039;immigrants minoritaires originaires des \u00c9tats-Unis, de Chine, des Philippines et d&#039;autres \u00eeles du Pacifique. Le marshallais et l&#039;anglais sont les langues officielles, incarnant l&#039;h\u00e9ritage culturel et les liens historiques du pays. La religion fait partie int\u00e9grante de la culture, la quasi-totalit\u00e9 de la population adh\u00e9rant \u00e0 un syst\u00e8me de croyances. Les principales affiliations sont \u00e0 l&#039;\u00c9glise unie du Christ \u2013 Congr\u00e9gationaliste des \u00celes Marshall ou aux Assembl\u00e9es de Dieu.<\/p>","protected":false},"excerpt":{"rendered":"<p>Les \u00celes Marshall, appel\u00e9es \u1e42aje\u1e37 en marshallais, officiellement connues sous le nom de R\u00e9publique des \u00celes Marshall (Aolep\u0101n Aor\u014dkin \u1e42aje\u1e37), sont une nation insulaire souveraine situ\u00e9e en Micron\u00e9sie, dans le nord-ouest de l&#039;oc\u00e9an Pacifique. Situ\u00e9es \u00e0 l&#039;ouest de la ligne de changement de date et au nord de l&#039;\u00e9quateur, les \u00celes Marshall sont une nation distincte dot\u00e9e d&#039;une histoire riche et de caract\u00e9ristiques g\u00e9ographiques uniques. Le pays se compose de 29 atolls coralliens et de cinq \u00eeles, r\u00e9parties en deux archipels\u00a0: Ratak \u00e0 l&#039;est et Ralik \u00e0 l&#039;ouest. Il est \u00e0 noter que 97,87\u00a0% du territoire national est constitu\u00e9 d&#039;eau, ce qui en fait l&#039;\u00c9tat souverain ayant le ratio eau\/terre le plus \u00e9lev\u00e9.<\/p>","protected":false},"author":1,"featured_media":3354,"parent":24105,"menu_order":0,"comment_status":"closed","ping_status":"closed","template":"elementor_theme","meta":{"_eb_attr":"","footnotes":""},"class_list":["post-9611","page","type-page","status-publish","has-post-thumbnail"],"_links":{"self":[{"href":"https:\/\/travelshelper.com\/fr\/wp-json\/wp\/v2\/pages\/9611","targetHints":{"allow":["GET"]}}],"collection":[{"href":"https:\/\/travelshelper.com\/fr\/wp-json\/wp\/v2\/pages"}],"about":[{"href":"https:\/\/travelshelper.com\/fr\/wp-json\/wp\/v2\/types\/page"}],"author":[{"embeddable":true,"href":"https:\/\/travelshelper.com\/fr\/wp-json\/wp\/v2\/users\/1"}],"replies":[{"embeddable":true,"href":"https:\/\/travelshelper.com\/fr\/wp-json\/wp\/v2\/comments?post=9611"}],"version-history":[{"count":0,"href":"https:\/\/travelshelper.com\/fr\/wp-json\/wp\/v2\/pages\/9611\/revisions"}],"up":[{"embeddable":true,"href":"https:\/\/travelshelper.com\/fr\/wp-json\/wp\/v2\/pages\/24105"}],"wp:featuredmedia":[{"embeddable":true,"href":"https:\/\/travelshelper.com\/fr\/wp-json\/wp\/v2\/media\/3354"}],"wp:attachment":[{"href":"https:\/\/travelshelper.com\/fr\/wp-json\/wp\/v2\/media?parent=9611"}],"curies":[{"name":"wp","href":"https:\/\/api.w.org\/{rel}","templated":true}]}}