{"id":9598,"date":"2024-09-08T19:45:06","date_gmt":"2024-09-08T19:45:06","guid":{"rendered":"https:\/\/travelshelper.com\/staging\/?page_id=9598"},"modified":"2026-03-13T22:54:30","modified_gmt":"2026-03-13T22:54:30","slug":"nauru","status":"publish","type":"page","link":"https:\/\/travelshelper.com\/fr\/destinations\/australia-and-oceania\/nauru\/","title":{"rendered":"Nauru"},"content":{"rendered":"<p>Nauru, officiellement connu sous le nom de R\u00e9publique de Nauru, est un petit pays insulaire et micro-\u00c9tat situ\u00e9 en Micron\u00e9sie, dans la vaste r\u00e9gion d&#039;Oc\u00e9anie, dans le Pacifique central. Historiquement connue sous le nom d&#039;\u00cele Pleasant, Nauru est une nation unique, dot\u00e9e d&#039;une histoire riche et d&#039;un paysage socio-\u00e9conomique complexe. Son voisin le plus proche est l&#039;\u00eele de Banaba, aux Kiribati, situ\u00e9e \u00e0 environ 300 kilom\u00e8tres \u00e0 l&#039;est. G\u00e9ographiquement, Nauru se situe au nord-ouest de Tuvalu, \u00e0 1\u00a0300 kilom\u00e8tres au nord-est des \u00celes Salomon, \u00e0 l&#039;est-nord-est de la Papouasie-Nouvelle-Guin\u00e9e, au sud-est des \u00c9tats f\u00e9d\u00e9r\u00e9s de Micron\u00e9sie et au sud des \u00celes Marshall.<\/p>\n<p>Avec une superficie totale de seulement 21 kilom\u00e8tres carr\u00e9s (8,1 miles carr\u00e9s), Nauru se distingue comme le troisi\u00e8me plus petit pays du monde, plus grand seulement que le Vatican et Monaco. Cela en fait la plus petite r\u00e9publique et nation insulaire au monde, ainsi que le plus petit \u00c9tat membre du Commonwealth par sa superficie. Malgr\u00e9 sa petite taille, Nauru compte environ 10\u00a0800 habitants, ce qui en fait le troisi\u00e8me plus petit pays du monde en termes de population, hors colonies et territoires d&#039;outre-mer. En tant que membre des Nations Unies, du Commonwealth et de l&#039;Organisation des \u00c9tats d&#039;Afrique, des Cara\u00efbes et du Pacifique, Nauru joue un r\u00f4le important dans la diplomatie et la coop\u00e9ration internationales.<\/p>\n<p>L&#039;histoire de Nauru remonte \u00e0 environ 1000 avant J.-C., \u00e9poque de sa colonisation par les Micron\u00e9siens. Sa situation strat\u00e9gique et ses ressources attir\u00e8rent l&#039;attention des puissances coloniales et, \u00e0 la fin du XIXe si\u00e8cle, elle fut annex\u00e9e et revendiqu\u00e9e comme colonie par l&#039;Empire allemand. Apr\u00e8s la Premi\u00e8re Guerre mondiale, Nauru devint un territoire sous mandat de la Soci\u00e9t\u00e9 des Nations, administr\u00e9 par l&#039;Australie, la Nouvelle-Z\u00e9lande et le Royaume-Uni. Pendant la Seconde Guerre mondiale, les forces japonaises occup\u00e8rent Nauru, et l&#039;\u00eele fut contourn\u00e9e par l&#039;avanc\u00e9e alli\u00e9e \u00e0 travers le Pacifique. Apr\u00e8s la guerre, Nauru passa sous tutelle des Nations Unies et obtint finalement son ind\u00e9pendance en 1968.<\/p>\n<p>Ces derni\u00e8res d\u00e9cennies, les relations entre Nauru et l&#039;Australie ont \u00e9t\u00e9 particuli\u00e8rement \u00e9troites. Depuis 2001, le pays a accept\u00e9 l&#039;aide du gouvernement australien en \u00e9change de l&#039;accueil du Centre r\u00e9gional de traitement de Nauru, un centre australien de d\u00e9tention extraterritoriale pour migrants. Cet arrangement a suscit\u00e9 la controverse et a conduit certains \u00e0 qualifier Nauru d&#039;\u00c9tat client de l&#039;Australie en raison de sa forte d\u00e9pendance \u00e0 l&#039;\u00e9gard de ce dernier.<\/p>\n<p>L&#039;\u00e9conomie de Nauru a toujours repos\u00e9 sur ses riches gisements de phosphate, facilement accessibles pour l&#039;exploitation \u00e0 ciel ouvert. Pendant plus d&#039;un si\u00e8cle, l&#039;exploitation du phosphate a \u00e9t\u00e9 le pilier de l&#039;\u00e9conomie nauruane, g\u00e9n\u00e9rant richesses et opportunit\u00e9s de d\u00e9veloppement consid\u00e9rables. Cependant, l&#039;impact environnemental de cette exploitation mini\u00e8re intensive a \u00e9t\u00e9 d\u00e9vastateur, entra\u00eenant une grave d\u00e9gradation \u00e9cologique. Dans les ann\u00e9es 1990, les r\u00e9serves de phosphate \u00e9taient largement \u00e9puis\u00e9es et l&#039;extraction des gisements restants n&#039;est pas \u00e9conomiquement viable. Cette situation a laiss\u00e9 Nauru aux prises avec la \u00ab mal\u00e9diction des ressources \u00bb, o\u00f9 la d\u00e9pendance \u00e0 une seule ressource naturelle a entra\u00een\u00e9 des difficult\u00e9s \u00e9conomiques et des dommages environnementaux.<\/p>\n<p>Pour g\u00e9rer la richesse accumul\u00e9e gr\u00e2ce \u00e0 l&#039;exploitation du phosphate, Nauru a cr\u00e9\u00e9 un fonds fiduciaire destin\u00e9 \u00e0 assurer l&#039;avenir financier du pays apr\u00e8s l&#039;\u00e9puisement des r\u00e9serves. Malheureusement, la valeur de ce fonds a diminu\u00e9 au fil du temps, entra\u00eenant une instabilit\u00e9 \u00e9conomique. Dans sa tentative de diversifier ses sources de revenus, Nauru est bri\u00e8vement devenu un paradis fiscal et un centre d&#039;activit\u00e9s ill\u00e9gales de blanchiment d&#039;argent. Ces entreprises, cependant, ne constituaient pas des solutions durables aux difficult\u00e9s \u00e9conomiques du pays.<\/p>\n<p>Aujourd&#039;hui, Nauru doit relever le d\u00e9fi de reconstruire son \u00e9conomie et son environnement, tout en naviguant entre ses relations politiques complexes et son h\u00e9ritage historique. Malgr\u00e9 ces difficult\u00e9s, l&#039;histoire de Nauru est celle de la r\u00e9silience et de l&#039;adaptation, refl\u00e9tant la dynamique plus large des petites nations insulaires dans le paysage mondial. Alors que Nauru poursuit sa qu\u00eate de d\u00e9veloppement durable, elle demeure une \u00e9tude unique et fascinante de l&#039;interaction entre g\u00e9ographie, histoire et \u00e9conomie.<\/p>","protected":false},"excerpt":{"rendered":"<p>Nauru, officiellement connu sous le nom de R\u00e9publique de Nauru, est un petit pays insulaire et micro-\u00c9tat situ\u00e9 en Micron\u00e9sie, dans la vaste r\u00e9gion d&#039;Oc\u00e9anie, dans le Pacifique central. Historiquement connue sous le nom d&#039;\u00cele Pleasant, Nauru est une nation unique, dot\u00e9e d&#039;une histoire riche et d&#039;un paysage socio-\u00e9conomique complexe. Son voisin le plus proche est l&#039;\u00eele de Banaba, aux Kiribati, situ\u00e9e \u00e0 environ 300 kilom\u00e8tres \u00e0 l&#039;est. G\u00e9ographiquement, Nauru se situe au nord-ouest de Tuvalu, \u00e0 1\u00a0300 kilom\u00e8tres au nord-est des \u00celes Salomon, \u00e0 l&#039;est-nord-est de la Papouasie-Nouvelle-Guin\u00e9e, au sud-est des \u00c9tats f\u00e9d\u00e9r\u00e9s de Micron\u00e9sie et au sud des \u00celes Marshall.<\/p>","protected":false},"author":1,"featured_media":3089,"parent":24105,"menu_order":0,"comment_status":"closed","ping_status":"closed","template":"elementor_theme","meta":{"_eb_attr":"","footnotes":""},"class_list":["post-9598","page","type-page","status-publish","has-post-thumbnail"],"_links":{"self":[{"href":"https:\/\/travelshelper.com\/fr\/wp-json\/wp\/v2\/pages\/9598","targetHints":{"allow":["GET"]}}],"collection":[{"href":"https:\/\/travelshelper.com\/fr\/wp-json\/wp\/v2\/pages"}],"about":[{"href":"https:\/\/travelshelper.com\/fr\/wp-json\/wp\/v2\/types\/page"}],"author":[{"embeddable":true,"href":"https:\/\/travelshelper.com\/fr\/wp-json\/wp\/v2\/users\/1"}],"replies":[{"embeddable":true,"href":"https:\/\/travelshelper.com\/fr\/wp-json\/wp\/v2\/comments?post=9598"}],"version-history":[{"count":0,"href":"https:\/\/travelshelper.com\/fr\/wp-json\/wp\/v2\/pages\/9598\/revisions"}],"up":[{"embeddable":true,"href":"https:\/\/travelshelper.com\/fr\/wp-json\/wp\/v2\/pages\/24105"}],"wp:featuredmedia":[{"embeddable":true,"href":"https:\/\/travelshelper.com\/fr\/wp-json\/wp\/v2\/media\/3089"}],"wp:attachment":[{"href":"https:\/\/travelshelper.com\/fr\/wp-json\/wp\/v2\/media?parent=9598"}],"curies":[{"name":"wp","href":"https:\/\/api.w.org\/{rel}","templated":true}]}}