{"id":9583,"date":"2024-09-08T19:33:00","date_gmt":"2024-09-08T19:33:00","guid":{"rendered":"https:\/\/travelshelper.com\/staging\/?page_id=9583"},"modified":"2026-03-13T23:17:37","modified_gmt":"2026-03-13T23:17:37","slug":"vanuatu","status":"publish","type":"page","link":"https:\/\/travelshelper.com\/fr\/destinations\/australia-and-oceania\/vanuatu\/","title":{"rendered":"Vanuatu"},"content":{"rendered":"<p>Le Vanuatu, officiellement appel\u00e9 R\u00e9publique de Vanuatu, est une nation insulaire fascinante situ\u00e9e au centre de la M\u00e9lan\u00e9sie, dans l&#039;oc\u00e9an Pacifique Sud. Cet archipel, connu pour ses origines volcaniques, se situe \u00e0 1\u00a0750 kilom\u00e8tres \u00e0 l&#039;est du nord de l&#039;Australie, \u00e0 540 kilom\u00e8tres au nord-est de la Nouvelle-Cal\u00e9donie, \u00e0 l&#039;est de la Nouvelle-Guin\u00e9e, au sud-est des \u00eeles Salomon et \u00e0 l&#039;ouest des Fidji. Sa situation g\u00e9ographique unique a favoris\u00e9 une convergence d&#039;influences culturelles, ce qui en fait un pays phare du Pacifique.<\/p>\n<p>L&#039;histoire du Vanuatu est \u00e9troitement li\u00e9e \u00e0 celle du peuple m\u00e9lan\u00e9sien, qui s&#039;est install\u00e9 sur les \u00eeles il y a des milliers d&#039;ann\u00e9es. Les premiers immigrants ont apport\u00e9 des coutumes culturelles et des langues sophistiqu\u00e9es qui ont perdur\u00e9 au fil du temps. Le premier contact europ\u00e9en avec le Vanuatu eut lieu en 1606, lorsqu&#039;une exp\u00e9dition espagnole se dirigea vers la plus grande \u00eele, Esp\u00edritu Santo, sous la direction du navigateur portugais Fernandes de Queir\u00f3s. Inspir\u00e9 par l&#039;attrait et les opportunit\u00e9s de l&#039;\u00eele, Queir\u00f3s revendiquait la souverainet\u00e9 de l&#039;Espagne sur l&#039;archipel, le transformant en partie des Indes orientales espagnoles coloniales, le nommant ainsi \u00ab\u00a0L&#039;Autriche de l&#039;Esp\u00edritu Santo\u00a0\u00bb. Bien qu&#039;il ait fallu des si\u00e8cles pour que des activit\u00e9s coloniales significatives apparaissent, cela marqua le d\u00e9but des interactions europ\u00e9ennes avec la r\u00e9gion.<\/p>\n<p>\u00c0 la fin du XIXe si\u00e8cle, les interactions europ\u00e9ennes avec les \u00eeles du Pacifique, dont le Vanuatu, se multipli\u00e8rent. La France et le Royaume-Uni avaient revendiqu\u00e9 des territoires de l&#039;archipel dans les ann\u00e9es 1880. Cette convergence d&#039;int\u00e9r\u00eats donna naissance \u00e0 un cadre colonial unique en 1906\u00a0: les deux nations accept\u00e8rent de g\u00e9rer conjointement les \u00eeles dans le cadre d&#039;un condominium anglo-fran\u00e7ais connu sous le nom de Nouvelles-H\u00e9brides. La coop\u00e9ration entre deux puissances coloniales distinctes, chacune caract\u00e9ris\u00e9e par des langues, des syst\u00e8mes juridiques et des techniques administratives sp\u00e9cifiques, rendit cet arrangement unique dans l&#039;histoire coloniale. La p\u00e9riode des condominiums r\u00e9v\u00e9la une structure de gouvernance complexe et souvent controvers\u00e9e, qui jeta les bases de la sc\u00e8ne politique moderne du Vanuatu.<\/p>\n<p>Le Vanuatu ne faisant pas exception \u00e0 la r\u00e8gle, le milieu du XXe si\u00e8cle fut une p\u00e9riode de grands bouleversements et de changements \u00e0 l&#039;\u00e9chelle mondiale. Port\u00e9 par une prise de conscience croissante de l&#039;identit\u00e9 nationale et un fort d\u00e9sir d&#039;autod\u00e9termination, un mouvement d&#039;ind\u00e9pendance \u00e9mergea dans les ann\u00e9es 1970. Soulignant l&#039;engagement des insulaires \u00e0 conqu\u00e9rir leur libert\u00e9 par la communication et la coop\u00e9ration, ce mouvement se concentra clairement sur les manifestations et les n\u00e9gociations non violentes. Apr\u00e8s des ann\u00e9es de travail, ces efforts aboutirent en 1980 et la R\u00e9publique du Vanuatu naquit. L&#039;accession \u00e0 l&#039;ind\u00e9pendance se fit naturellement, permettant au jeune pays de s&#039;imposer rapidement sur la sc\u00e8ne internationale.<\/p>\n<p>Depuis son ind\u00e9pendance, le Vanuatu a interagi m\u00e9thodiquement avec la communaut\u00e9 internationale, t\u00e9moignant de son appartenance \u00e0 plusieurs groupes notables. En adh\u00e9rant aux Nations Unies, le pays a prouv\u00e9 son engagement en faveur de la paix mondiale et de projets collectifs. Membre du Commonwealth, le Vanuatu entretient des liens \u00e9troits avec d&#039;autres anciennes colonies britanniques, s&#039;appuyant sur leur patrimoine culturel et historique commun. Son adh\u00e9sion \u00e0 l&#039;Organisation internationale de la Francophonie t\u00e9moigne \u00e9galement de ses liens historiques avec le colonialisme fran\u00e7ais et de l&#039;influence persistante de la langue et de la culture fran\u00e7aises. Le Vanuatu est membre du Forum des \u00eeles du Pacifique, un organisme r\u00e9gional visant \u00e0 promouvoir la coop\u00e9ration et le d\u00e9veloppement entre les pays insulaires du Pacifique.<\/p>\n<p>L&#039;une des qualit\u00e9s particuli\u00e8rement remarquables du Vanuatu est sa grande diversit\u00e9 culturelle. Avec plus de 100 langues autochtones, le pays compte parmi les nations les plus diversifi\u00e9es au monde sur le plan linguistique. Un \u00e9ventail dynamique de pratiques culturelles, incluant musiques et danses anciennes ainsi que des rites et c\u00e9r\u00e9monies uniques, accentue la diversit\u00e9 linguistique. Avec ses for\u00eats tropicales luxuriantes, ses plages immacul\u00e9es et ses volcans actifs qui s&#039;ajoutent \u00e0 un \u00e9ventail de paysages exceptionnels et d&#039;\u00e9cosyst\u00e8mes vari\u00e9s, la beaut\u00e9 naturelle du pays est un atout majeur.<\/p>\n<p>L&#039;\u00e9conomie du Vanuatu repose essentiellement sur les services financiers offshore, le tourisme et l&#039;agriculture. La richesse de son sol volcanique facilite la culture de diverses cultures, notamment le caf\u00e9, le cacao et la noix de coco, qui constituent d&#039;importantes exportations. L&#039;attrait des visiteurs pour la beaut\u00e9 naturelle exceptionnelle des \u00eeles, leur riche patrimoine culturel et leurs possibilit\u00e9s d&#039;aventure et de loisirs stimule la croissance du secteur du tourisme.<\/p>","protected":false},"excerpt":{"rendered":"<p>Le Vanuatu, officiellement appel\u00e9 R\u00e9publique de Vanuatu, est une nation insulaire fascinante situ\u00e9e au centre de la M\u00e9lan\u00e9sie, dans l&#039;oc\u00e9an Pacifique Sud. Cet archipel, connu pour ses origines volcaniques, se situe \u00e0 1\u00a0750 kilom\u00e8tres \u00e0 l&#039;est du nord de l&#039;Australie, \u00e0 540 kilom\u00e8tres au nord-est de la Nouvelle-Cal\u00e9donie, \u00e0 l&#039;est de la Nouvelle-Guin\u00e9e, au sud-est des \u00eeles Salomon et \u00e0 l&#039;ouest des Fidji. Sa situation g\u00e9ographique unique a favoris\u00e9 une convergence d&#039;influences culturelles, ce qui en fait un pays phare du Pacifique.<\/p>","protected":false},"author":1,"featured_media":4267,"parent":24105,"menu_order":0,"comment_status":"closed","ping_status":"closed","template":"elementor_theme","meta":{"_eb_attr":"","footnotes":""},"class_list":["post-9583","page","type-page","status-publish","has-post-thumbnail"],"_links":{"self":[{"href":"https:\/\/travelshelper.com\/fr\/wp-json\/wp\/v2\/pages\/9583","targetHints":{"allow":["GET"]}}],"collection":[{"href":"https:\/\/travelshelper.com\/fr\/wp-json\/wp\/v2\/pages"}],"about":[{"href":"https:\/\/travelshelper.com\/fr\/wp-json\/wp\/v2\/types\/page"}],"author":[{"embeddable":true,"href":"https:\/\/travelshelper.com\/fr\/wp-json\/wp\/v2\/users\/1"}],"replies":[{"embeddable":true,"href":"https:\/\/travelshelper.com\/fr\/wp-json\/wp\/v2\/comments?post=9583"}],"version-history":[{"count":0,"href":"https:\/\/travelshelper.com\/fr\/wp-json\/wp\/v2\/pages\/9583\/revisions"}],"up":[{"embeddable":true,"href":"https:\/\/travelshelper.com\/fr\/wp-json\/wp\/v2\/pages\/24105"}],"wp:featuredmedia":[{"embeddable":true,"href":"https:\/\/travelshelper.com\/fr\/wp-json\/wp\/v2\/media\/4267"}],"wp:attachment":[{"href":"https:\/\/travelshelper.com\/fr\/wp-json\/wp\/v2\/media?parent=9583"}],"curies":[{"name":"wp","href":"https:\/\/api.w.org\/{rel}","templated":true}]}}