{"id":9577,"date":"2024-09-08T19:25:43","date_gmt":"2024-09-08T19:25:43","guid":{"rendered":"https:\/\/travelshelper.com\/staging\/?page_id=9577"},"modified":"2026-03-13T23:08:33","modified_gmt":"2026-03-13T23:08:33","slug":"apia","status":"publish","type":"page","link":"https:\/\/travelshelper.com\/fr\/destinations\/australia-and-oceania\/samoa\/apia\/","title":{"rendered":"Apia"},"content":{"rendered":"<p>Nich\u00e9e sur la deuxi\u00e8me plus grande \u00eele des Samoa, sur la c\u00f4te centre-nord, Apia, capitale dynamique, allie h\u00e9ritage culturel et d\u00e9veloppement moderne. Int\u00e9gr\u00e9e au district politique de Tuamasaga, Apia est le centre politique, \u00e9conomique et culturel des Samoa, dont elle est la seule ville. Cette introduction s&#039;int\u00e9resse \u00e0 la topographie, au climat, aux infrastructures et au p\u00f4le d&#039;activit\u00e9 du Pacifique qui caract\u00e9risent la ville.<\/p>\n<p>Avec une population d&#039;environ 35\u00a0974 habitants selon le recensement de 2021, Apia s&#039;\u00e9tend du village de Letogo \u00e0 l&#039;est \u00e0 la zone industrielle de Vaitele \u00e0 l&#039;ouest. Strat\u00e9giquement situ\u00e9e sur un port naturel \u00e0 l&#039;embouchure du fleuve Vaisigano, la ville offre un magnifique paysage avec le mont Vaea, derni\u00e8re demeure de l&#039;\u00e9minent \u00e9crivain Robert Louis Stevenson, qui s&#039;\u00e9l\u00e8ve majestueusement au sud. Deux grandes cr\u00eates qui s&#039;\u00e9tendent de part et d&#039;autre du fleuve dessinent le paysage urbain de la ville\u00a0; des routes, dont la Cross Island Road, l&#039;une des rares art\u00e8res traversant l&#039;\u00eele du nord au sud, les traversent.<\/p>\n<p>Apia, class\u00e9e \u00ab\u00a0Af\u00a0\u00bb selon la classification climatique de K\u00f6ppen, poss\u00e8de un environnement de for\u00eat tropicale humide. Des temp\u00e9ratures constantes toute l&#039;ann\u00e9e, avoisinant les 26\u00a0\u00b0C (79\u00a0\u00b0F), caract\u00e9risent cet environnement. La ville conna\u00eet une saison s\u00e8che et humide bien d\u00e9finie\u00a0; juillet et ao\u00fbt sont les mois les plus secs, avec des pr\u00e9cipitations moyennes d&#039;environ 80\u00a0mm. \u00c0 titre de comparaison, la p\u00e9riode la plus humide s&#039;\u00e9tend de d\u00e9cembre \u00e0 mars, avec des pr\u00e9cipitations mensuelles g\u00e9n\u00e9ralement sup\u00e9rieures \u00e0 300\u00a0millilitres. L&#039;environnement tropical d&#039;Apia ne d\u00e9finit pas son climat\u00a0; ce sont plut\u00f4t les aliz\u00e9s et les cyclones sporadiques qui le fa\u00e7onnent, produisant ainsi des r\u00e9gimes m\u00e9t\u00e9orologiques particuliers. La ville re\u00e7oit environ 3\u00a0000\u00a0millilitres de pluie par an, ce qui favorise la richesse des \u00e9cosyst\u00e8mes et la luxuriance de la v\u00e9g\u00e9tation.<\/p>\n<p>D&#039;une importance cruciale pour le commerce ext\u00e9rieur des Samoa, le port d&#039;Apia est le plus grand et le plus actif du pays. Outre les ferries reliant Tokelau et les Samoa am\u00e9ricaines, il accueille \u00e9galement du gaz GPL, des importations de carburant et des porte-conteneurs. Ce port anim\u00e9 souligne l&#039;importance d&#039;Apia comme porte d&#039;entr\u00e9e pour les populations et le commerce, favorisant ainsi les \u00e9changes culturels et le d\u00e9veloppement \u00e9conomique.<\/p>\n<p>L&#039;infrastructure de transport de la ville est plut\u00f4t d\u00e9velopp\u00e9e et dispose d&#039;un r\u00e9seau routier complet, g\u00e9n\u00e9ralement bien entretenu. Si les routes non goudronn\u00e9es sont moins fr\u00e9quent\u00e9es, la plupart des routes principales sont goudronn\u00e9es. Conform\u00e9ment aux normes r\u00e9gionales, la circulation est \u00e0 gauche depuis septembre 2009. Le gouvernement samoan a lanc\u00e9 en 2012 une importante r\u00e9novation des art\u00e8res autour de la zone urbaine d&#039;Apia, \u00e9largissant progressivement les axes routiers importants pour faire face \u00e0 la croissance du trafic.<\/p>\n<p>Apia est desservie par un vaste r\u00e9seau de bus et de taxis privatis\u00e9s, malgr\u00e9 l&#039;absence de chemin de fer et de tramway. En ville, la marche reste un moyen de transport populaire\u00a0; les habitants parcourent r\u00e9guli\u00e8rement de courtes distances \u00e0 pied. Bien que les motos et les v\u00e9los soient plut\u00f4t rares, l&#039;augmentation du nombre de voitures a entra\u00een\u00e9 des embouteillages et, par cons\u00e9quent, des d\u00e9penses importantes en infrastructures routi\u00e8res.<\/p>\n<p>La principale entr\u00e9e des Samoa pour les \u00e9trangers est l&#039;a\u00e9roport international de Faleolo, situ\u00e9 \u00e0 quarante minutes de route \u00e0 l&#039;ouest d&#039;Apia. De grandes compagnies a\u00e9riennes nationales, telles que Polynesian Airlines et Talofa Airways, desservent les Samoa vers la r\u00e9gion Pacifique et au-del\u00e0. L&#039;a\u00e9roport de Fagali&#039;i, plus petit, a \u00e9galement permis des vols int\u00e9rieurs et certaines liaisons internationales vers Pago Pago, aux Samoa am\u00e9ricaines, am\u00e9liorant ainsi la connectivit\u00e9 pour les habitants et les visiteurs.<\/p>","protected":false},"excerpt":{"rendered":"<p>Nich\u00e9e sur la deuxi\u00e8me plus grande \u00eele des Samoa, sur la c\u00f4te centre-nord, Apia, capitale dynamique, allie h\u00e9ritage culturel et d\u00e9veloppement moderne. Int\u00e9gr\u00e9e au district politique de Tuamasaga, Apia est le centre politique, \u00e9conomique et culturel des Samoa, dont elle est la seule ville. Cette introduction s&#039;int\u00e9resse \u00e0 la topographie, au climat, aux infrastructures et au p\u00f4le d&#039;activit\u00e9 du Pacifique qui caract\u00e9risent la ville.<\/p>","protected":false},"author":1,"featured_media":4230,"parent":9568,"menu_order":0,"comment_status":"closed","ping_status":"closed","template":"elementor_theme","meta":{"_eb_attr":"","footnotes":""},"class_list":["post-9577","page","type-page","status-publish","has-post-thumbnail"],"_links":{"self":[{"href":"https:\/\/travelshelper.com\/fr\/wp-json\/wp\/v2\/pages\/9577","targetHints":{"allow":["GET"]}}],"collection":[{"href":"https:\/\/travelshelper.com\/fr\/wp-json\/wp\/v2\/pages"}],"about":[{"href":"https:\/\/travelshelper.com\/fr\/wp-json\/wp\/v2\/types\/page"}],"author":[{"embeddable":true,"href":"https:\/\/travelshelper.com\/fr\/wp-json\/wp\/v2\/users\/1"}],"replies":[{"embeddable":true,"href":"https:\/\/travelshelper.com\/fr\/wp-json\/wp\/v2\/comments?post=9577"}],"version-history":[{"count":0,"href":"https:\/\/travelshelper.com\/fr\/wp-json\/wp\/v2\/pages\/9577\/revisions"}],"up":[{"embeddable":true,"href":"https:\/\/travelshelper.com\/fr\/wp-json\/wp\/v2\/pages\/9568"}],"wp:featuredmedia":[{"embeddable":true,"href":"https:\/\/travelshelper.com\/fr\/wp-json\/wp\/v2\/media\/4230"}],"wp:attachment":[{"href":"https:\/\/travelshelper.com\/fr\/wp-json\/wp\/v2\/media?parent=9577"}],"curies":[{"name":"wp","href":"https:\/\/api.w.org\/{rel}","templated":true}]}}