{"id":9568,"date":"2024-09-08T19:18:21","date_gmt":"2024-09-08T19:18:21","guid":{"rendered":"https:\/\/travelshelper.com\/staging\/?page_id=9568"},"modified":"2026-03-13T23:09:26","modified_gmt":"2026-03-13T23:09:26","slug":"samoa","status":"publish","type":"page","link":"https:\/\/travelshelper.com\/fr\/destinations\/australia-and-oceania\/samoa\/","title":{"rendered":"Samoa"},"content":{"rendered":"<p>Officiellement l&#039;\u00c9tat ind\u00e9pendant des Samoa, les Samoa sont une nation insulaire polyn\u00e9sienne fascinante, dot\u00e9e d&#039;une histoire, d&#039;une culture et d&#039;une beaut\u00e9 naturelle riches. Refl\u00e9tant son orientation g\u00e9ographique vers l&#039;oc\u00e9an Pacifique, elles \u00e9taient connues sous le nom de Samoa occidentales jusqu&#039;en 1997. Outre deux \u00eeles habit\u00e9es plus petites, Manono et Apolima, cette nation insulaire se compose de deux \u00eeles principales\u00a0: Savai&#039;i et Upolu\u00a0; et de plusieurs \u00eeles inhabit\u00e9es, notamment les \u00eeles Aleipata\u00a0: Nu&#039;utele, Nu&#039;ulua, Fanuatapu et Namua. Strat\u00e9giquement situ\u00e9es dans le Pacifique, les Samoa se trouvent \u00e0 64\u00a0km \u00e0 l&#039;ouest des Samoa am\u00e9ricaines et \u00e0 proximit\u00e9 d&#039;autres \u00eeles du Pacifique, dont Tonga, Fidji, Wallis-et-Futuna, servant de carrefour historique et culturel.<\/p>\n<p>Le centre des Samoa est Apia, la capitale, o\u00f9 le gouvernement contemporain se m\u00eale \u00e0 la culture ancestrale. Il y a environ 3\u00a0500 ans, les Lapitas, connus pour leur habilet\u00e9 \u00e0 la voile, furent les premiers \u00e0 d\u00e9couvrir et \u00e0 occuper les \u00eeles Samoa. Leur contribution \u00e0 la construction de la langue et de l&#039;identit\u00e9 culturelle samoanes, qui ont travers\u00e9 le temps et les influences ext\u00e9rieures, nous aide \u00e0 les comprendre.<\/p>\n<p>Avec 11 divisions administratives, chacune dot\u00e9e de ses propres fondements culturels et constitutionnels, les Samoa fonctionnent comme une d\u00e9mocratie parlementaire unifi\u00e9e. Le cheminement des Samoa vers l&#039;ind\u00e9pendance, en tant qu&#039;\u00c9tat souverain membre du Commonwealth, t\u00e9moigne de leur t\u00e9nacit\u00e9 et de leur autonomie. De 1899 \u00e0 1915, elles furent une colonie allemande\u00a0; elles pass\u00e8rent ensuite sous contr\u00f4le conjoint britannique et n\u00e9o-z\u00e9landais jusqu&#039;\u00e0 leur ind\u00e9pendance le 1er janvier 1962. Les syst\u00e8mes gouvernementaux et sociaux des Samoa refl\u00e8tent cet h\u00e9ritage d&#039;influence coloniale, tout en conservant leur caract\u00e8re culturel propre.<\/p>\n<p>Connu sous le nom de Fa\u02bba Samoa, le mode de vie traditionnel samoan exerce encore une influence majeure sur les plans social et politique. Form\u00e9 il y a plus de 3\u00a0000 ans, son cadre culturel met en avant la famille, le respect et la communaut\u00e9. Fa\u02bba Samoa a conserv\u00e9 ses coutumes, ses institutions sociales et sa langue malgr\u00e9 des d\u00e9cennies d&#039;influence europ\u00e9enne. Les pierres angulaires de l&#039;identit\u00e9 samoane sont les coutumes culturelles, notamment la c\u00e9r\u00e9monie de l&#039;ava, un rituel sombre pour conf\u00e9rer les titres de chef matai, et la confection de la toge finement tiss\u00e9e \u00ab\u00a0ie\u00a0\u00bb.<\/p>\n<p>Riche en dieux, en r\u00e9cits de la cr\u00e9ation et en personnages l\u00e9gendaires comme Tagaloa et Nafanua, la d\u00e9esse de la guerre, la mythologie samoane coexiste avec le christianisme, adopt\u00e9 et apport\u00e9 par les missionnaires. Bien que d&#039;anciennes croyances et pratiques perdurent, notamment en lien avec Fa\u02bba Samoa, environ 98 % des Samoans se disent chr\u00e9tiens aujourd&#039;hui.<\/p>\n<p>La soci\u00e9t\u00e9 samoane est r\u00e9put\u00e9e pour sa vie en communaut\u00e9\u00a0; les habitations traditionnelles ouvertes, ou fale, illustrent parfaitement ce mode de vie. Ces b\u00e2timents, sans murs, cr\u00e9ent un isolement et une protection environnementale gr\u00e2ce aux feuilles de cocotier. Les puissantes danses sasa et fa&#039;ataupati illustrent l&#039;expression culturelle vivante du peuple samoan, tandis que les mouvements doux de la danse siva samoane, qui raconte une histoire, illustrent leurs c\u00e9l\u00e9brations et les rassemblements communautaires qui s&#039;articulent autour de ces danses, au rythme des nattes roul\u00e9es ou des tambours en bois.<\/p>\n<p>Une autre preuve du riche h\u00e9ritage culturel de l&#039;\u00eele est le savoir-faire des Tufuga fai fale, constructeurs traditionnels samoans. Ces b\u00e2tisseurs contribuent \u00e9galement \u00e0 fa\u00e7onner le tissu artistique culturel samoan.<\/p>","protected":false},"excerpt":{"rendered":"<p>Officiellement l&#039;\u00c9tat ind\u00e9pendant des Samoa, les Samoa sont une nation insulaire polyn\u00e9sienne fascinante, dot\u00e9e d&#039;une histoire, d&#039;une culture et d&#039;une beaut\u00e9 naturelle riches. Refl\u00e9tant son orientation g\u00e9ographique vers l&#039;oc\u00e9an Pacifique, elles \u00e9taient connues sous le nom de Samoa occidentales jusqu&#039;en 1997. Outre deux \u00eeles habit\u00e9es plus petites, Manono et Apolima, cette nation insulaire se compose de deux \u00eeles principales\u00a0: Savai&#039;i et Upolu\u00a0; et de plusieurs \u00eeles inhabit\u00e9es, notamment les \u00eeles Aleipata\u00a0: Nu&#039;utele, Nu&#039;ulua, Fanuatapu et Namua. Strat\u00e9giquement situ\u00e9es dans le Pacifique, les Samoa se trouvent \u00e0 64\u00a0km \u00e0 l&#039;ouest des Samoa am\u00e9ricaines et \u00e0 proximit\u00e9 d&#039;autres \u00eeles du Pacifique, dont Tonga, Fidji, Wallis-et-Futuna, servant de carrefour historique et culturel.<\/p>","protected":false},"author":1,"featured_media":3536,"parent":24105,"menu_order":0,"comment_status":"closed","ping_status":"closed","template":"elementor_theme","meta":{"_eb_attr":"","footnotes":""},"class_list":["post-9568","page","type-page","status-publish","has-post-thumbnail"],"_links":{"self":[{"href":"https:\/\/travelshelper.com\/fr\/wp-json\/wp\/v2\/pages\/9568","targetHints":{"allow":["GET"]}}],"collection":[{"href":"https:\/\/travelshelper.com\/fr\/wp-json\/wp\/v2\/pages"}],"about":[{"href":"https:\/\/travelshelper.com\/fr\/wp-json\/wp\/v2\/types\/page"}],"author":[{"embeddable":true,"href":"https:\/\/travelshelper.com\/fr\/wp-json\/wp\/v2\/users\/1"}],"replies":[{"embeddable":true,"href":"https:\/\/travelshelper.com\/fr\/wp-json\/wp\/v2\/comments?post=9568"}],"version-history":[{"count":0,"href":"https:\/\/travelshelper.com\/fr\/wp-json\/wp\/v2\/pages\/9568\/revisions"}],"up":[{"embeddable":true,"href":"https:\/\/travelshelper.com\/fr\/wp-json\/wp\/v2\/pages\/24105"}],"wp:featuredmedia":[{"embeddable":true,"href":"https:\/\/travelshelper.com\/fr\/wp-json\/wp\/v2\/media\/3536"}],"wp:attachment":[{"href":"https:\/\/travelshelper.com\/fr\/wp-json\/wp\/v2\/media?parent=9568"}],"curies":[{"name":"wp","href":"https:\/\/api.w.org\/{rel}","templated":true}]}}