{"id":9534,"date":"2024-09-08T17:58:51","date_gmt":"2024-09-08T17:58:51","guid":{"rendered":"https:\/\/travelshelper.com\/staging\/?page_id=9534"},"modified":"2026-03-13T23:07:31","modified_gmt":"2026-03-13T23:07:31","slug":"tonga","status":"publish","type":"page","link":"https:\/\/travelshelper.com\/fr\/destinations\/australia-and-oceania\/tonga\/","title":{"rendered":"Tonga"},"content":{"rendered":"<p>Situ\u00e9es au c\u0153ur de la Polyn\u00e9sie, une sous-r\u00e9gion de l&#039;Oc\u00e9anie, les Tonga sont une nation insulaire fascinante, anciennement connue sous le nom de Royaume des Tonga. Magnifiques et dot\u00e9es d&#039;un riche patrimoine culturel, les Tonga s&#039;\u00e9tendent sur une vaste \u00e9tendue dans le sud de l&#039;oc\u00e9an Pacifique. Leur superficie totale n&#039;est que d&#039;environ 750\u00a0000 kilom\u00e8tres carr\u00e9s (290\u00a0000 miles carr\u00e9s), mais leurs \u00eeles sont dispers\u00e9es sur une superficie impressionnante de 700\u00a0000 kilom\u00e8tres carr\u00e9s (270\u00a0000 miles carr\u00e9s). En 2021, environ 70\u00a0% des 104\u00a0494 habitants des Tonga vivaient sur l&#039;\u00eele principale, Tongatapu.<\/p>\n<p>G\u00e9ographiquement, les Tonga forment un archipel singulier qui s&#039;\u00e9tend sur environ 800 kilom\u00e8tres du nord au sud. Elles sont bord\u00e9es par Wallis-et-Futuna (France), les Fidji au nord-ouest, les Samoa au nord-est, le Vanuatu et la Nouvelle-Cal\u00e9donie (France) \u00e0 l&#039;ouest, Niue \u00e0 l&#039;est et les \u00eeles Kermadec (Nouvelle-Z\u00e9lande) au sud-ouest. Situ\u00e9es \u00e0 environ 1\u00a0800 kilom\u00e8tres de l&#039;\u00eele du Nord de la Nouvelle-Z\u00e9lande, les Tonga constituent une partie importante du paysage g\u00e9opolitique complexe du Pacifique.<\/p>\n<p>Aussi fascinante que soit la topographie des Tonga, son histoire l&#039;est tout autant. La civilisation Lapita, un groupe d&#039;immigrants polyn\u00e9siens, s&#039;est install\u00e9e sur les \u00eeles il y a environ 2\u00a0500 ans, jetant ainsi les bases du futur peuple tongien. En cr\u00e9ant progressivement une identit\u00e9 ethnique, une langue et une culture distinctes, ces immigrants ont acquis une certaine influence dans le Pacifique Sud. Connu sous le nom d&#039;Empire Tu\u02bbi Tonga, le premier roi tongien, \u02bbAho\u02bbeitu, a gouvern\u00e9 durant cette p\u00e9riode de colonisation et d&#039;expansion tongienne.<\/p>\n<p>Sous \u02bbAho\u02bbeitu et ses successeurs, les Tonga \u00e9volu\u00e8rent vers une thalassocratie et une puissance r\u00e9gionale exer\u00e7ant une large influence sur le Pacifique. De certaines parties des \u00celes Salomon et toute la Nouvelle-Cal\u00e9donie et les Fidji \u00e0 l&#039;ouest jusqu&#039;aux Samoa, Niue et m\u00eame des portions de l&#039;actuelle Polyn\u00e9sie fran\u00e7aise \u00e0 l&#039;est, l&#039;empire Tu\u02bbi Tonga assujettit et gouverna un territoire consid\u00e9rable. L&#039;empire devint c\u00e9l\u00e8bre pour son influence \u00e9conomique, ethnique et culturelle, qui perdura bien apr\u00e8s la r\u00e9bellion samoane du XIIIe si\u00e8cle et la d\u00e9couverte des \u00eeles par les Europ\u00e9ens en 1616.<\/p>\n<p>La relation unique des Tonga avec les puissances coloniales d\u00e9finit son histoire moderne. De 1900 \u00e0 1970, les Tonga \u00e9taient un \u00c9tat prot\u00e9g\u00e9 par le Royaume-Uni, couvert par un trait\u00e9 d&#039;amiti\u00e9. Bien que les Tonga n&#039;aient jamais c\u00e9d\u00e9 leur souverainet\u00e9 \u00e0 un pays \u00e9tranger, le Royaume-Uni supervisait sa politique \u00e9trang\u00e8re \u00e0 cette \u00e9poque. Cet engagement ind\u00e9fectible en faveur de la souverainet\u00e9 t\u00e9moigne de la volont\u00e9 du peuple tongien de pr\u00e9server sa libert\u00e9.<\/p>\n<p>Les Tonga ont consid\u00e9rablement progress\u00e9 vers un gouvernement moderne en 2010, passant d&#039;une monarchie absolue conventionnelle \u00e0 une monarchie semi-constitutionnelle. Ce changement a \u00e9t\u00e9 rendu possible en partie par des r\u00e9formes l\u00e9gislatives ouvrant la voie aux premi\u00e8res \u00e9lections repr\u00e9sentatives partielles du pays. Cette \u00e9volution politique t\u00e9moigne de l&#039;engagement constant des Tonga \u00e0 concilier modernit\u00e9 et patrimoine, pr\u00e9servant ainsi la pertinence et la fonctionnalit\u00e9 de leurs syst\u00e8mes gouvernementaux au XXIe si\u00e8cle.<\/p>\n<p>La pr\u00e9sence internationale des Tonga se refl\u00e8te dans leur appartenance \u00e0 plusieurs groupes importants. Elles font partie des Nations Unies, du Forum des \u00eeles du Pacifique, de l&#039;Alliance des petits \u00c9tats insulaires et du Commonwealth. Ces alliances t\u00e9moignent de l&#039;engagement des Tonga dans les affaires r\u00e9gionales et mondiales, ainsi que de leur volont\u00e9 de relever les d\u00e9fis sp\u00e9cifiques auxquels sont confront\u00e9es les petites nations insulaires.<\/p>","protected":false},"excerpt":{"rendered":"<p>Situ\u00e9es au c\u0153ur de la Polyn\u00e9sie, une sous-r\u00e9gion de l&#039;Oc\u00e9anie, les Tonga sont une nation insulaire fascinante, anciennement connue sous le nom de Royaume des Tonga. Magnifiques et dot\u00e9es d&#039;un riche patrimoine culturel, les Tonga s&#039;\u00e9tendent sur une vaste \u00e9tendue dans le sud de l&#039;oc\u00e9an Pacifique. Leur superficie totale n&#039;est que d&#039;environ 750\u00a0000 kilom\u00e8tres carr\u00e9s (290\u00a0000 miles carr\u00e9s), mais leurs \u00eeles sont dispers\u00e9es sur une superficie impressionnante de 700\u00a0000 kilom\u00e8tres carr\u00e9s (270\u00a0000 miles carr\u00e9s). En 2021, environ 70\u00a0% des 104\u00a0494 habitants des Tonga vivaient sur l&#039;\u00eele principale, Tongatapu.<\/p>","protected":false},"author":1,"featured_media":4050,"parent":24105,"menu_order":0,"comment_status":"closed","ping_status":"closed","template":"elementor_theme","meta":{"_eb_attr":"","footnotes":""},"class_list":["post-9534","page","type-page","status-publish","has-post-thumbnail"],"_links":{"self":[{"href":"https:\/\/travelshelper.com\/fr\/wp-json\/wp\/v2\/pages\/9534","targetHints":{"allow":["GET"]}}],"collection":[{"href":"https:\/\/travelshelper.com\/fr\/wp-json\/wp\/v2\/pages"}],"about":[{"href":"https:\/\/travelshelper.com\/fr\/wp-json\/wp\/v2\/types\/page"}],"author":[{"embeddable":true,"href":"https:\/\/travelshelper.com\/fr\/wp-json\/wp\/v2\/users\/1"}],"replies":[{"embeddable":true,"href":"https:\/\/travelshelper.com\/fr\/wp-json\/wp\/v2\/comments?post=9534"}],"version-history":[{"count":0,"href":"https:\/\/travelshelper.com\/fr\/wp-json\/wp\/v2\/pages\/9534\/revisions"}],"up":[{"embeddable":true,"href":"https:\/\/travelshelper.com\/fr\/wp-json\/wp\/v2\/pages\/24105"}],"wp:featuredmedia":[{"embeddable":true,"href":"https:\/\/travelshelper.com\/fr\/wp-json\/wp\/v2\/media\/4050"}],"wp:attachment":[{"href":"https:\/\/travelshelper.com\/fr\/wp-json\/wp\/v2\/media?parent=9534"}],"curies":[{"name":"wp","href":"https:\/\/api.w.org\/{rel}","templated":true}]}}