{"id":9509,"date":"2024-09-08T15:02:14","date_gmt":"2024-09-08T15:02:14","guid":{"rendered":"https:\/\/travelshelper.com\/staging\/?page_id=9509"},"modified":"2026-03-13T13:05:38","modified_gmt":"2026-03-13T13:05:38","slug":"barbade","status":"publish","type":"page","link":"https:\/\/travelshelper.com\/fr\/destinations\/north-america\/barbados\/","title":{"rendered":"Barbade"},"content":{"rendered":"<p>La Barbade se pr\u00e9sente aujourd&#039;hui comme un mince croissant de terre dans l&#039;Atlantique, d&#039;une largeur maximale de trente-quatre kilom\u00e8tres, couvrant une superficie de 439 kilom\u00e8tres carr\u00e9s et abritant une population d&#039;environ 287 000 \u00e2mes (2019), perch\u00e9e sur le flanc le plus oriental des Petites Antilles, l\u00e0 o\u00f9 l&#039;azur des Cara\u00efbes empi\u00e8te sur l&#039;\u00e9tendue tectonique sud-am\u00e9ricaine.<\/p>\n<p>Depuis sa premi\u00e8re apparition sur une carte espagnole en 1511, en passant par l&#039;interm\u00e8de de l&#039;occupation portugaise au milieu du XVIe si\u00e8cle, jusqu&#039;\u00e0 l&#039;arriv\u00e9e fatidique de l&#039;Olivier en mai 1625 \u2013 lorsque l&#039;Angleterre revendiquait l&#039;\u00eele au nom du roi Jacques Ier \u2013 et l&#039;envoi de colons permanents deux ans plus tard, la Barbade a \u00e9t\u00e9 fa\u00e7onn\u00e9e par le flux et le reflux des vis\u00e9es imp\u00e9riales et les rigueurs des \u00e9conomies de plantation qui, pendant des si\u00e8cles, ont exploit\u00e9 la servitude africaine pour cultiver la canne \u00e0 sucre dans ses basses plaines. Par la suite, l&#039;\u00e9mancipation, initialement instaur\u00e9e par la loi d&#039;abolition britannique de 1833, a op\u00e9r\u00e9 une transformation sociale, m\u00eame si les vestiges de la servitude subsistaient dans les m\u0153urs.<\/p>\n<p>\u00c0 la veille de son \u00e9mancipation politique, le 30 novembre 1966, la Barbade \u00e9tait devenue un royaume distinct du Commonwealth avec la reine Elizabeth II comme chef c\u00e9r\u00e9monial ; et, le m\u00eame jour calendaire en 2021, elle a achev\u00e9 son arc constitutionnel en adoptant un cadre r\u00e9publicain au sein du Commonwealth, en rempla\u00e7ant la monarchie par un pr\u00e9sident mais en pr\u00e9servant ses liens d&#039;histoire partag\u00e9e et d&#039;efforts de coop\u00e9ration.<\/p>\n<p>G\u00e9ographiquement, l&#039;\u00eele pr\u00e9sente un relief doux \u00e0 l&#039;ouest, o\u00f9 les terrasses coralliennes s&#039;inclinent vers la mer sous un anneau de r\u00e9cifs, et une ascension plus abrupte vers le district de Scotland au nord-est, dont les calcaires \u00e9rod\u00e9s ont donn\u00e9 naissance \u00e0 des cavernes et des ravins t\u00e9moignant de mill\u00e9naires de dissolution. Au sommet de ce district se dresse le mont Hillaby, culminant \u00e0 340 m\u00e8tres, le sommet de la topographie barbadienne. On peut y discerner les traces stratifi\u00e9es de l&#039;accr\u00e9tion tectonique, car la Barbade repose sur des s\u00e9diments racl\u00e9s de la plaque sud-am\u00e9ricaine lors de sa subduction sous la plaque cara\u00efbe, soulevant l&#039;\u00eele \u00e0 un rythme de pr\u00e8s de 25 millim\u00e8tres par mill\u00e9naire. Le cap inclin\u00e9 du Pico Tenerife, nomm\u00e9 d&#039;apr\u00e8s les \u00eeles Canaries situ\u00e9es plus \u00e0 l&#039;est, s&#039;avance dans l&#039;Atlantique, annonciateur g\u00e9ologique de ces forces plus profondes.<\/p>\n<p>Sur le plan climatique, l&#039;\u00eele conna\u00eet une double cadence\u00a0: une saison humide de juin \u00e0 d\u00e9cembre, o\u00f9 les pr\u00e9cipitations peuvent s&#039;accumuler entre 1\u00a0000 et 2\u00a0300\u00a0mm par an, et une p\u00e9riode plus s\u00e8che de d\u00e9cembre \u00e0 mai, durant laquelle les thermiques diurnes oscillent entre 21 et 31\u00a0\u00b0C. Les aliz\u00e9s, soufflant sans rel\u00e2che \u00e0 douze \u00e0 seize\u00a0kilom\u00e8tres par heure, temp\u00e8rent l&#039;humidit\u00e9 li\u00e9e \u00e0 la mousson, conf\u00e9rant \u00e0 la Barbade une douceur qui lui conf\u00e8re la r\u00e9putation d&#039;un climat tropical de mousson, m\u00eame si ses brises constantes lui conf\u00e8rent un caract\u00e8re distinctif de celui des zones \u00e9quatoriales plus \u00e9touffantes.<\/p>\n<p>Les secousses sismiques et les glissements de terrain, bien que peu fr\u00e9quents, t\u00e9moignent du dynamisme de l&#039;\u00eele. Les ouragans, eux aussi, s&#039;y produisent sporadiquement, mais la Barbade se situe \u00e0 l&#039;\u00e9cart de la trajectoire principale des cyclones. Un ouragan destructeur ne se produit en moyenne qu&#039;une fois en vingt-six ans, comme en t\u00e9moigne le passage catastrophique de l&#039;ouragan Janet en septembre 1955\u00a0; plus r\u00e9cemment, la temp\u00eate tropicale Tomas a fr\u00f4l\u00e9 la c\u00f4te en octobre 2010, causant des d\u00e9g\u00e2ts mineurs.<\/p>\n<p>Sur le plan d\u00e9mographique, le recensement national de 2010 a recens\u00e9 277\u00a0821 habitants \u2013 quelque 144\u00a0800 femmes et 133\u00a0000 hommes \u2013 presque tous d&#039;origine africaine, refl\u00e9tant des si\u00e8cles de migration forc\u00e9e. L&#039;esp\u00e9rance de vie, de 80 ans en 2020, se classe parmi les plus \u00e9lev\u00e9es au monde, les femmes barbadiennes atteignant en moyenne 83 ans et les hommes approchant les 79 ans. Parall\u00e8lement \u00e0 cette long\u00e9vit\u00e9, le pays affiche l&#039;un des taux de centenaires par habitant les plus \u00e9lev\u00e9s au monde, ce qui t\u00e9moigne des mesures de sant\u00e9 publique et de la r\u00e9silience de sa population. Les chiffres de f\u00e9condit\u00e9 et de mortalit\u00e9 indiquent un taux brut de natalit\u00e9 de 12,23 pour mille, un taux de mortalit\u00e9 de 8,39 pour mille et un taux de mortalit\u00e9 infantile, en 2021, d&#039;un peu plus de 11 pour mille naissances vivantes \u2013 une statistique suivie de pr\u00e8s par les agences internationales.<\/p>\n<p>L&#039;\u00e9conomie de la Barbade, autrefois ancr\u00e9e dans la monoculture sucri\u00e8re, s&#039;est diversifi\u00e9e en un syst\u00e8me mixte de services, de financement offshore, d&#039;industrie l\u00e9g\u00e8re et de tourisme. Son PIB par habitant la place au cinquante-deuxi\u00e8me rang mondial, parmi les quatre-vingt-trois \u00e9conomies \u00e0 revenu \u00e9lev\u00e9 d\u00e9sign\u00e9es par les institutions financi\u00e8res internationales. Pourtant, cette prosp\u00e9rit\u00e9 cache des difficult\u00e9s\u00a0: selon une \u00e9tude r\u00e9alis\u00e9e en 2012 par la Banque de d\u00e9veloppement des Cara\u00efbes, un Barbadien sur cinq vit sous le seuil de pauvret\u00e9 et pr\u00e8s d&#039;un sur dix ne parvient pas \u00e0 se nourrir correctement au quotidien. L&#039;innovation, cependant, trouve son expression\u00a0; la Barbade a atteint la soixante-dix-septi\u00e8me place \u00e0 l&#039;Indice mondial de l&#039;innovation 2024.<\/p>\n<p>La vie culturelle vibre d&#039;une intensit\u00e9 syncr\u00e9tique. Le terme \u00ab\u00a0Bajan\u00a0\u00bb, d\u00e9riv\u00e9 de la contraction du XVIIIe si\u00e8cle de \u00ab\u00a0Barbadian\u00a0\u00bb, signifie \u00e0 la fois nationalit\u00e9 et identit\u00e9, un symbole de fiert\u00e9 pour les insulaires dont le patrimoine tisse des liens entre l&#039;Afrique de l&#039;Ouest, le Portugal, les Indes orientales, le cr\u00e9ole et la Grande-Bretagne. Chaque \u00e9t\u00e9, de d\u00e9but juillet jusqu&#039;au premier lundi d&#039;ao\u00fbt, jour du Kadooment, le festival Crop Over fait revivre un rite du XVIIIe si\u00e8cle qui honorait la derni\u00e8re r\u00e9colte de canne \u00e0 sucre. Au fil de semaines de concours musicaux et de spectacles de calypso et de soca, la communaut\u00e9 couronne un Roi et une Reine de la R\u00e9colte, inspir\u00e9s des ouvriers qui portaient autrefois les plus lourdes charges dans les champs. Au son des cuivres et au bourdonnement des tambours, le pass\u00e9 de la Barbade s&#039;extirpe des archives et prend forme dans la mascarade et la m\u00e9lodie.<\/p>\n<p>La gastronomie, elle aussi, porte l&#039;empreinte de cette lign\u00e9e multiculturelle. Le plat national, le coucou au poisson volant et \u00e0 la sauce piquante, associe une semoule de ma\u00efs finement moulue au poisson embl\u00e9matique de l&#039;\u00eele, marin\u00e9 dans un m\u00e9lange d&#039;herbes locales, le tout accompagn\u00e9 de sauces poivr\u00e9es. Le pudding et le souse \u2013 porc vinaigr\u00e9 accompagn\u00e9 de patates douces \u00e9pic\u00e9es \u2013 sont pr\u00e9sents sur les tables communes, rappelant les cuisines rurales d&#039;autrefois. Concombres marin\u00e9s, croquettes de poisson, \u00ab\u00a0baked\u00a0\u00bb frits jusqu&#039;\u00e0 ce qu&#039;ils soient dor\u00e9s et salades de verdure croquante accompagnent la plupart des repas, couronn\u00e9s de sauces piquantes \u00e0 base de piments Scotch Bonnet.<\/p>\n<p>Les spiritueux distill\u00e9s ici jouissent d&#039;une renomm\u00e9e mondiale. Le rhum Mount Gay, dont les origines remontent \u00e0 un acte de 1703, revendique la distinction de plus ancien producteur de rhum au monde. Ses ar\u00f4mes ambr\u00e9s, vieillis en f\u00fbts de ch\u00eane carbonis\u00e9s, t\u00e9moignent de si\u00e8cles d&#039;expertise en distillation. Le rhum Cockspur, la douceur de la noix de coco de Malibu, ainsi que la blonde blonde et l&#039;ale ambr\u00e9e de Banks Brewery illustrent la diversit\u00e9 des traditions brassicoles de l&#039;\u00eele, tandis que Tiger Malt propose une boisson malt\u00e9e sans alcool pour les palais temp\u00e9r\u00e9s. Plus r\u00e9cemment, la bi\u00e8re 10 Saints de Speightstown, vieillie tranquillement pendant quatre-vingt-dix jours dans les f\u00fbts Special Reserve de Mount Gay, a gagn\u00e9 un modeste succ\u00e8s sur les march\u00e9s de la CARICOM depuis son lancement en 2009.<\/p>\n<p>Les automobilistes empruntent des routes sinueuses \u00e0 gauche, partageant la route avec un parc de v\u00e9hicules immatricul\u00e9s qui repr\u00e9sente environ un pour deux habitants. Le trafic peut bloquer un voyageur sur le tron\u00e7on sud-est \u2013 de Six Cross Roads \u00e0 Saint Philip \u00e0 North Point \u00e0 Saint Lucy \u2013 pour un trajet d&#039;\u00e0 peine quarante kilom\u00e8tres, qui peut durer une heure et demie lorsque le soleil de midi scintille sur les lignes pare-chocs contre pare-chocs. Aux intersections, les ronds-points r\u00e8gnent en ma\u00eetre\u00a0; la statue de l&#039;\u00c9mancipation de Bussa, rebelle du XVIIIe si\u00e8cle, occupe l&#039;un d&#039;eux \u00e0 l&#039;est de Bridgetown, sa pr\u00e9sence \u00e9tant une oraison silencieuse sur le prix de la libert\u00e9.<\/p>\n<p>Les transports en commun compl\u00e8tent les automobiles priv\u00e9es. Les \u00ab\u00a0ZR\u00a0\u00bb priv\u00e9s \u2013 des minibus transportant des passagers debout le long de d\u00e9tours pittoresques \u2013 et les petits \u00ab\u00a0minibus\u00a0\u00bb jaunes c\u00f4toient les bus bleu ciel \u00e0 horaires et itin\u00e9raires fixes. Un ticket de 3,50\u00a0$Bds permet d&#039;acheter un billet dans chacun de ces bus\u00a0; les \u00e9coliers en uniforme voyagent gratuitement dans les bus publics et pour 2,50\u00a0$Bds dans les ZR. La monnaie est rendue par les op\u00e9rateurs priv\u00e9s, tandis que les v\u00e9hicules publics d\u00e9livrent des re\u00e7us \u00e0 la place des petites pi\u00e8ces. Bridgetown, Speightstown, Oistins et Mangrove sont parsem\u00e9s de terminus et de d\u00e9p\u00f4ts, chacun \u00e9tant un n\u0153ud du syst\u00e8me de transport de l&#039;\u00eele.<\/p>\n<p>Dans sa qu\u00eate de durabilit\u00e9, la Barbade a acquis trente-trois bus \u00e9lectriques BYD en juillet 2020, compl\u00e9tant ainsi une flotte diesel vieillissante et faisant progresser l&#039;objectif du gouvernement d&#039;\u00e9liminer les combustibles fossiles d&#039;ici 2030. Les h\u00f4tels, d\u00e9sireux de r\u00e9pondre aux besoins des visiteurs, envoient souvent des navettes vers les sites touristiques locaux, et les petites agences de location de voitures - qui ne font pas partie de cha\u00eenes multinationales - proposent des options de conduite autonome \u00e0 ceux qui souhaitent explorer \u00e0 loisir.<\/p>\n<p>L&#039;a\u00e9roport international Grantley Adams, unique porte d&#039;entr\u00e9e a\u00e9rienne de l&#039;\u00eele, constitue une plaque tournante du commerce carib\u00e9en au sud du pays, soulignant la connectivit\u00e9 de la Barbade avec l&#039;Europe, l&#039;Am\u00e9rique du Nord et au-del\u00e0. Une modernisation de 100 millions de dollars am\u00e9ricains entre 2003 et 2006 a permis d&#039;accro\u00eetre sa capacit\u00e9, et en 2023, l&#039;ancien terminal Concorde a commenc\u00e9 \u00e0 \u00eatre transform\u00e9 en un pavillon de d\u00e9part modernis\u00e9. La Premi\u00e8re ministre Mia Mottley a annonc\u00e9, en d\u00e9cembre 2023, des n\u00e9gociations pour un investissement suppl\u00e9mentaire de 300 millions de dollars am\u00e9ricains dans des am\u00e9liorations a\u00e9roportuaires, pr\u00e9sageant un avenir de d\u00e9bit accru.<\/p>\n<p>L&#039;acc\u00e8s maritime se fait principalement au port de Bridgetown, dont les op\u00e9rations de conteneurs et de croisi\u00e8res sont g\u00e9r\u00e9es par Barbados Port Inc., l&#039;autorit\u00e9 reconstitu\u00e9e autrefois connue sous le nom d&#039;Autorit\u00e9 portuaire de la Barbade. Ses quais accueillent des navires de toutes cat\u00e9gories, renfor\u00e7ant ainsi le r\u00f4le de l&#039;\u00eele comme carrefour du commerce maritime et des loisirs.<\/p>\n<p>Bien qu&#039;elle ne soit qu&#039;une \u00eele parmi tant d&#039;autres, la Barbade se distingue par son h\u00e9ritage colonial ininterrompu \u2013 lui valant les surnoms de \u00ab\u00a0Bimshire\u00a0\u00bb et de \u00ab\u00a0Petite Bretagne\u00a0\u00bb \u2013 et par son relief corallien plut\u00f4t que volcanique. Ses plus proches voisines, Sainte-Lucie et Saint-Vincent, se situent \u00e0 environ 168\u00a0kilom\u00e8tres \u00e0 l&#039;ouest, leurs pics escarp\u00e9s per\u00e7ant l&#039;horizon, tandis que les contours aplatis de la Barbade t\u00e9moignent de l&#039;accumulation de d\u00e9bris r\u00e9cifaux et de s\u00e9diments.<\/p>\n<p>Onze paroisses divisent ce modeste royaume en quatre r\u00e9gions informelles. Saint Michael abrite Bridgetown et un tiers de la population. Son front de mer, Careenage, et son quartier historique de garnison offrent des portes d&#039;entr\u00e9e dans l&#039;histoire coloniale de l&#039;\u00eele, tout comme la distillerie de Mount Gay et les terrains de cricket de Kensington Oval. \u00c0 l&#039;ouest, Saint James, Saint Peter et Saint Lucy offrent les plages les plus abrit\u00e9es, Holetown et Speightstown offrant un corridor de maisons d&#039;h\u00f4tes et de complexes h\u00f4teliers pour les familles et les jeunes mari\u00e9s. Au sud, Christ Church concentre la plus forte activit\u00e9 nocturne, son tron\u00e7on de Rockley \u00e0 Silver Sands en passant par Oistins, regorgeant de bars et de restaurants, tandis que la c\u00f4te accident\u00e9e de Sainte Philip, \u00e0 l&#039;est, attire les amateurs de vagues spectaculaires. Les paroisses du centre-est \u2013 Saint Andrew, Saint George, Saint John, Saint Joseph et Saint Thomas \u2013 restent largement sous-d\u00e9velopp\u00e9es, leurs jardins verdoyants, leurs plantations et les cavernes souterraines de Harrison&#039;s Cave offrant une rencontre intime avec l&#039;int\u00e9rieur de la Barbade.<\/p>\n<p>Les \u00eelots p\u00e9riph\u00e9riques \u2014 l&#039;\u00eele Pelican, autrefois une station de quarantaine d\u00e9sormais englob\u00e9e par l&#039;expansion du port de Bridgetown, et l&#039;\u00eele Culpepper, une simple parcelle d&#039;herbe accessible \u00e0 pied \u00e0 mar\u00e9e basse \u2014 se dressent comme de petites curiosit\u00e9s, leurs paysages st\u00e9riles faisant contrepoint aux champs cultiv\u00e9s et aux ruelles anim\u00e9es de l&#039;\u00eele principale.<\/p>\n<p>Au fil des si\u00e8cles, la Barbade a su exploiter ses racines coralliennes et son h\u00e9ritage imp\u00e9rial pour forger une soci\u00e9t\u00e9 \u00e0 la fois impr\u00e9gn\u00e9e de traditions et ouverte \u00e0 l&#039;innovation. Ici, o\u00f9 le vent oc\u00e9anique porte \u00e0 la fois m\u00e9moire et promesse, le visiteur d\u00e9couvre une \u00eele qui r\u00e9siste au romantisme facile, une \u00eele qui r\u00e9v\u00e8le ses secrets par l&#039;accumulation patiente d&#039;histoire, de g\u00e9ologie et de culture sur une sc\u00e8ne d&#039;une beaut\u00e9 sans pr\u00e9tention.<\/p>","protected":false},"excerpt":{"rendered":"<p>Situ\u00e9e dans les Petites Antilles, la Barbade est une nation insulaire fascinante. Nich\u00e9e au c\u0153ur des Cara\u00efbes, la plus orientale des \u00eeles des Cara\u00efbes, elle jouxte l&#039;Am\u00e9rique du Nord et se situe au nord de l&#039;Am\u00e9rique du Sud. Sa situation g\u00e9ographique, \u00e0 la fronti\u00e8re des plaques sud-am\u00e9ricaine et carib\u00e9enne, explique en partie sa g\u00e9ologie particuli\u00e8re. Bridgetown, capitale et plus grande ville de l&#039;\u00eele, est un v\u00e9ritable havre de paix et de culture.<\/p>","protected":false},"author":1,"featured_media":3142,"parent":24084,"menu_order":0,"comment_status":"closed","ping_status":"closed","template":"elementor_theme","meta":{"_eb_attr":"","footnotes":""},"class_list":["post-9509","page","type-page","status-publish","has-post-thumbnail"],"_links":{"self":[{"href":"https:\/\/travelshelper.com\/fr\/wp-json\/wp\/v2\/pages\/9509","targetHints":{"allow":["GET"]}}],"collection":[{"href":"https:\/\/travelshelper.com\/fr\/wp-json\/wp\/v2\/pages"}],"about":[{"href":"https:\/\/travelshelper.com\/fr\/wp-json\/wp\/v2\/types\/page"}],"author":[{"embeddable":true,"href":"https:\/\/travelshelper.com\/fr\/wp-json\/wp\/v2\/users\/1"}],"replies":[{"embeddable":true,"href":"https:\/\/travelshelper.com\/fr\/wp-json\/wp\/v2\/comments?post=9509"}],"version-history":[{"count":0,"href":"https:\/\/travelshelper.com\/fr\/wp-json\/wp\/v2\/pages\/9509\/revisions"}],"up":[{"embeddable":true,"href":"https:\/\/travelshelper.com\/fr\/wp-json\/wp\/v2\/pages\/24084"}],"wp:featuredmedia":[{"embeddable":true,"href":"https:\/\/travelshelper.com\/fr\/wp-json\/wp\/v2\/media\/3142"}],"wp:attachment":[{"href":"https:\/\/travelshelper.com\/fr\/wp-json\/wp\/v2\/media?parent=9509"}],"curies":[{"name":"wp","href":"https:\/\/api.w.org\/{rel}","templated":true}]}}