{"id":9469,"date":"2024-09-08T13:18:46","date_gmt":"2024-09-08T13:18:46","guid":{"rendered":"https:\/\/travelshelper.com\/staging\/?page_id=9469"},"modified":"2026-03-13T13:04:40","modified_gmt":"2026-03-13T13:04:40","slug":"belmopan","status":"publish","type":"page","link":"https:\/\/travelshelper.com\/fr\/destinations\/north-america\/belize\/belmopan\/","title":{"rendered":"Belmopan"},"content":{"rendered":"<p>La gen\u00e8se et la vitalit\u00e9 actuelle de Belmopan sont indissociables d&#039;un acte singulier et d\u00e9terminant\u00a0: \u00e0 la suite de la d\u00e9vastation de Belize City par l&#039;ouragan Hattie en 1961, les dirigeants du pays d\u00e9cid\u00e8rent de transf\u00e9rer le si\u00e8ge de leur gouvernement sur des terres plus \u00e9lev\u00e9es. En 1970, une communaut\u00e9 soigneusement planifi\u00e9e, s&#039;\u00e9levant sur une plaine \u00e9lev\u00e9e \u00e0 quatre-vingts kilom\u00e8tres \u00e0 l&#039;int\u00e9rieur des terres, accueillit ses premiers habitants sous l&#039;\u00e9gide d&#039;une Soci\u00e9t\u00e9 de reconstruction et de d\u00e9veloppement. Avec 16\u00a0451 habitants recens\u00e9s en 2010, Belmopan est la plus petite capitale continentale des Am\u00e9riques par sa population et la troisi\u00e8me plus grande agglom\u00e9ration du Belize. Situ\u00e9e \u00e0 76\u00a0m\u00e8tres d&#039;altitude dans le district de Cayo et bord\u00e9e par le fleuve Belize, cette ville naissante allie les noms du plus long cours d&#039;eau du Belize et du fleuve Mopan, v\u00e9ritable poumon de ses voisins, tout en assumant la double fonction de centre urbain moderne et de gardien du patrimoine architectural maya.<\/p>\n<p>D\u00e8s sa cr\u00e9ation, Belmopan a \u00e9t\u00e9 imagin\u00e9 non pas comme un ensemble d\u00e9sordonn\u00e9 de b\u00e2timents, mais comme un organisme civique intentionnel, dont le trac\u00e9 est r\u00e9gi par une rocade de pr\u00e8s de quatre kilom\u00e8tres de circonf\u00e9rence qui encercle des \u00e9difices gouvernementaux et de vastes espaces verts. En son c\u0153ur s&#039;\u00e9l\u00e8ve le b\u00e2timent de l&#039;Assembl\u00e9e nationale, con\u00e7u pour \u00e9voquer les temples \u00e0 gradins des sites mayas pr\u00e9colombiens\u00a0: ses larges escaliers de pierre et ses fa\u00e7ades grises aust\u00e8res allient hommage culturel et solennit\u00e9 de l&#039;art de gouverner. Autour de ce point central, minist\u00e8res, bureaux administratifs et \u00e9quipements municipaux s&#039;\u00e9tendent vers l&#039;ext\u00e9rieur en arcs concentriques mesur\u00e9s, leur conception originale privil\u00e9giant une ventilation naturelle importante pour temp\u00e9rer le climat tropical de mousson. L&#039;esth\u00e9tique qui en r\u00e9sulte \u2013 des murs ponctu\u00e9s de niches uniformes \u2013 offre \u00e0 la fois une circulation d&#039;air fonctionnelle et un rythme visuel textur\u00e9 \u00e0 travers les principaux quartiers de la ville.<\/p>\n<p>Avant m\u00eame que la premi\u00e8re dalle de b\u00e9ton ne soit coul\u00e9e, le choix de l&#039;emplacement de Belmopan fut rigoureusement \u00e9tudi\u00e9. En 1962, une commission mandat\u00e9e par le gouvernement du Honduras britannique identifia un site sur\u00e9lev\u00e9 \u00e0 l&#039;est du fleuve Belize, \u00e0 environ 82 kilom\u00e8tres au sud-ouest de Belize City. Ce terrain ne n\u00e9cessitait aucune pold\u00e9risation, offrait un acc\u00e8s \u00e0 une zone industrielle et garantissait une protection contre les ondes de temp\u00eate. Le Premier ministre George Cadle Price, chef du Parti uni du peuple, d\u00e9fendit le projet \u00e0 Londres cette ann\u00e9e-l\u00e0, sollicitant le soutien financier britannique. Bien que Londres h\u00e9sita \u00e0 financer une entreprise aussi ambitieuse, elle comprit la logique de d\u00e9placer la capitale hors de port\u00e9e des incursions de mar\u00e9e provoqu\u00e9es par les ouragans. L&#039;inauguration, le 9 octobre 1965, d&#039;un monument sur la Western Highway par Anthony Greenwood, secr\u00e9taire d&#039;\u00c9tat au Commonwealth et aux Colonies, concr\u00e9tisa l&#039;engagement britannique de principe, m\u00eame s&#039;il n&#039;\u00e9tait pas encore totalement financ\u00e9.<\/p>\n<p>Avec seulement la moiti\u00e9 des 40 millions de dollars b\u00e9liz\u00e9ens n\u00e9cessaires, la construction d\u00e9buta en 1967. En 1970, la premi\u00e8re phase, financ\u00e9e \u00e0 hauteur de 24 millions de dollars b\u00e9liz\u00e9ens, permit la construction de b\u00e2timents gouvernementaux de base, de prototypes de logements et d&#039;infrastructures municipales de base. Pendant les trois d\u00e9cennies suivantes, la Soci\u00e9t\u00e9 de reconstruction et de d\u00e9veloppement, famili\u00e8rement appel\u00e9e Recondev, g\u00e9ra les affaires municipales de Belmopan, supervisant les services publics, les travaux routiers et les \u00e9quipements publics essentiels au bon fonctionnement de la capitale. Entre ces travaux publics, des quartiers r\u00e9sidentiels surgirent\u00a0: Salvapan abritant les nouveaux arrivants d&#039;Am\u00e9rique centrale, San Martin refl\u00e9tant les mariages mixtes cr\u00e9ole-maya, Las Flores abritant des familles principalement d&#039;origine centram\u00e9ricaine, Maya Mopan pr\u00e9servant la continuit\u00e9 culturelle kekchi-mopan, et Riviera accueillant un m\u00e9lange diversifi\u00e9 de r\u00e9sidents locaux et immigr\u00e9s.<\/p>\n<p>Tout au long des ann\u00e9es 1970 et jusqu&#039;au d\u00e9but des ann\u00e9es 1980, les gouvernements \u00e9trangers ont suivi l&#039;\u00e9volution de Belmopan avec un int\u00e9r\u00eat prudent. Le Haut-Commissariat britannique, apr\u00e8s avoir \u00e9lev\u00e9 le Belize \u00e0 la souverainet\u00e9 en 1981, a \u00e9tabli sa mission diplomatique dans la nouvelle capitale trois ans plus tard, quittant ses locaux temporaires. Aux \u00c9tats-Unis, la construction d&#039;une chancellerie d&#039;ambassade a d\u00e9but\u00e9 en f\u00e9vrier 2005 et s&#039;est achev\u00e9e par une inauguration officielle le 11 d\u00e9cembre 2006, soulignant la maturit\u00e9 de Belmopan en tant que centre international de la diplomatie. Le Mexique, le Br\u00e9sil, le Costa Rica, le Salvador et le Venezuela disposent d&#039;ambassades dans la ville, tandis que l&#039;\u00c9quateur, le Chili et la R\u00e9publique dominicaine assurent une repr\u00e9sentation consulaire. N\u00e9anmoins, l&#039;ancienne capitale, Belize City, conserve la part du lion de la pr\u00e9sence diplomatique, accueillant quatre ambassades et 29 consulats, en reconnaissance de sa population plus nombreuse et de l&#039;importance strat\u00e9gique de son port.<\/p>\n<p>Le climat de Belmopan se caract\u00e9rise par une longue saison des pluies, de mai \u00e0 janvier, ponctu\u00e9e de fortes pluies, et une br\u00e8ve saison s\u00e8che en f\u00e9vrier, mars et avril. Paradoxalement, mars et avril enregistrent les pr\u00e9cipitations les plus faibles \u2013 environ 45 millim\u00e8tres par mois \u2013 une anomalie parmi les climats tropicaux de mousson, o\u00f9 l&#039;aridit\u00e9 atteint g\u00e9n\u00e9ralement son maximum imm\u00e9diatement apr\u00e8s le solstice d&#039;hiver. Les temp\u00e9ratures diurnes fluctuent peu tout au long de l&#039;ann\u00e9e, oscillant en moyenne entre 23 \u00b0C et 28 \u00b0C, tandis que les heures nocturnes offrent un r\u00e9pit rafra\u00eechissant, accentu\u00e9 par l&#039;altitude modeste de la ville et sa proximit\u00e9 avec la vall\u00e9e du fleuve Belize. Par nuit claire, les silhouettes lointaines des contreforts de Mountain Pine Ridge se fondent dans l&#039;obscurit\u00e9 au-del\u00e0 des plaines verdoyantes.<\/p>\n<p>\u00c0 Belmopan, les rythmes sociaux m\u00ealent c\u00e9r\u00e9monies civiques, dynamisme acad\u00e9mique et efforts communautaires. La Belmopan Choral Society propose des concerts choraux inspir\u00e9s du r\u00e9pertoire classique et des compositions r\u00e9gionales\u00a0; les \u00e9coliers se r\u00e9unissent chaque ann\u00e9e pour un Festival des Arts\u00a0; et les comm\u00e9morations de la F\u00eate nationale animent les rues avec des d\u00e9fil\u00e9s officiels et des festivit\u00e9s publiques. L&#039;athl\u00e9tisme trouve son expression chez les Black Jaguars de l&#039;Universit\u00e9 du Belize, qui ont remport\u00e9 les championnats nationaux de volley-ball et de basket-ball. Les tournois de softball des jeunes \u00e9l\u00e8ves unissent les communaut\u00e9s p\u00e9riph\u00e9riques \u2013 Roaring Creek, Camalote, Esperanza et Georgeville \u2013 dans une comp\u00e9tition anim\u00e9e. Ces \u00e9v\u00e9nements renforcent le sentiment d&#039;identit\u00e9 commune entre les habitants dispers\u00e9s dans les cinq zones de la ville et au-del\u00e0.<\/p>\n<p>La gouvernance locale a chang\u00e9 en 1999, lorsque les habitants de Belmopan ont vot\u00e9 pour remplacer l&#039;administration nomm\u00e9e par Recondev par un conseil municipal directement \u00e9lu. Les premi\u00e8res \u00e9lections municipales de 2000 ont reconduit Anthony Chanona, du Parti du peuple uni, \u00e0 la mairie\u00a0; il a occup\u00e9 ce poste jusqu&#039;en 2003. Deux d\u00e9cennies plus tard, apr\u00e8s la victoire municipale du Parti du peuple uni en 2020, Sharon Palacio a pris la t\u00eate de la ville, pr\u00e9sidant une ville dont la population \u00e9tait estim\u00e9e \u00e0 plus de 20\u00a0000 habitants en 2009 et dont les habitants tirent une grande partie de leurs revenus de fonctions gouvernementales nationales. Autour du groupe de l&#039;Assembl\u00e9e nationale, les fonctionnaires occupant des postes administratifs et techniques constituent le c\u0153ur de la population diurne de Belmopan, soutenant \u00e0 la fois le commerce local et le statut de la ville en tant que c\u0153ur administratif du Belize.<\/p>\n<p>L&#039;activit\u00e9 commerciale \u00e0 Belmopan n&#039;a peut-\u00eatre pas le rythme effr\u00e9n\u00e9 des grandes capitales, mais elle affiche une croissance r\u00e9guli\u00e8re. \u00c0 la fin des ann\u00e9es 1990, le nombre d&#039;\u00e9tablissements commerciaux \u00e9tait pass\u00e9 de 373 \u00e0 environ 589. Cinq banques internationales y c\u00f4toient des institutions financi\u00e8res nationales, tandis qu&#039;une gare routi\u00e8re et un march\u00e9 modernes, achev\u00e9s en 2003, accueillent les voyageurs et les entrepreneurs locaux. Actuellement, environ 80 hectares (200 acres) \u00e0 l&#039;int\u00e9rieur des limites municipales ont \u00e9t\u00e9 r\u00e9serv\u00e9s au d\u00e9veloppement industriel, en grande partie morcel\u00e9s en parcelles d&#039;un acre (4000 m). Bien que l&#039;expansion industrielle reste modeste, les urbanistes envisagent un parc industriel d\u00e9di\u00e9 de 40 hectares (100 acres) adjacent \u00e0 la piste d&#039;atterrissage municipale, une bande pav\u00e9e de 1\u00a0100 m\u00e8tres (1\u00a0100 m) en attente d&#039;une tour de contr\u00f4le et de hangars.<\/p>\n<p>Gr\u00e2ce \u00e0 ses liaisons de transport, Belmopan se situe au carrefour des corridors int\u00e9rieurs et c\u00f4tiers. La Hummingbird Highway, ainsi nomm\u00e9e en raison de son trac\u00e9 sinueux \u00e0 travers les for\u00eats des hautes terres, relie la ville \u00e0 Dangriga et au sud du Belize. \u00c0 l&#039;int\u00e9rieur de la ville, la planification pr\u00e9voit un futur r\u00e9seau de m\u00e9tro l\u00e9ger, actuellement \u00e9tudi\u00e9 par l&#039;Agence japonaise de coop\u00e9ration internationale (JICA), qui laisse entrevoir des ambitions \u00e0 long terme en mati\u00e8re de transports en commun. L&#039;a\u00e9roport Hector Silva, situ\u00e9 au nord-ouest de la ville, est desservi par les transports en commun, bien qu&#039;il ne propose actuellement aucun service r\u00e9gulier de transport de passagers. L&#039;a\u00e9roport international Philip SW Goldson et l&#039;a\u00e9roport municipal Sir Barry Bowen, adjacents, se trouvent \u00e0 79 kilom\u00e8tres.<\/p>\n<p>Au-del\u00e0 de ses limites urbaines, Belmopan est une porte d&#039;entr\u00e9e vers le patrimoine naturel et arch\u00e9ologique du Belize. La grotte de Saint-Herman, \u00e0 vingt-et-un kilom\u00e8tres au sud-est le long de la Hummingbird Highway, attire les visiteurs avec ses salles d&#039;un kilom\u00e8tre et demi de long orn\u00e9es de stalactites et de stalagmites, ainsi que de fragments de poterie maya t\u00e9moignant d&#039;un usage c\u00e9r\u00e9moniel. La descente en bou\u00e9e en aval de Jaguar Paw ou dans le parc national de Blue Hole offre une exp\u00e9rience surnaturelle, o\u00f9 les voyageurs flottent sous des formations calcaires filtr\u00e9es par la lumi\u00e8re de la jungle. Actun Tunichil Muknal, un complexe souterrain situ\u00e9 \u00e0 dix kilom\u00e8tres au nord de San Ignacio, exige de patauger et de nager dans des eaux pouvant atteindre un m\u00e8tre et demi de profondeur pour atteindre des vestiges sacrificiels mayas et des incrustations min\u00e9rales cristallines, dont la plus c\u00e9l\u00e8bre est la Vierge de Cristal. Caracol, le plus grand complexe de ruines du Belize, offre une exploration immersive de temples envahis par la v\u00e9g\u00e9tation au c\u0153ur de la for\u00eat tropicale, tandis que la grotte de Rio Frio et les bassins de Rio On ponctuent le voyage de retour vers Belmopan.<\/p>\n<p>Pour ceux qui souhaitent interagir avec la faune du Belize, le zoo de Belize se trouve \u00e0 trente-deux kilom\u00e8tres \u00e0 l&#039;est, sur la route George Price. D\u00e9di\u00e9 \u00e0 la faune indig\u00e8ne, le zoo abrite plus d&#039;une centaine d&#039;animaux secourus ou r\u00e9habilit\u00e9s dans des habitats con\u00e7us pour refl\u00e9ter leur environnement naturel. Avec des tarifs d&#039;entr\u00e9e structur\u00e9s pour encourager la fr\u00e9quentation internationale et locale, l&#039;institution sensibilise \u00e0 la conservation tout en proposant des exp\u00e9riences accessibles aux familles et aux chercheurs. Les amateurs d&#039;art pourront visiter la galerie Artbox, dans le centre de Belmopan, o\u00f9 des expositions temporaires pr\u00e9sentent des \u0153uvres de peintres et sculpteurs b\u00e9liz\u00e9ens, favorisant ainsi l&#039;\u00e9mergence d&#039;une sc\u00e8ne artistique locale au sein du milieu civique.<\/p>\n<p>Les institutions culturelles de Belmopan s&#039;\u00e9tendent au-del\u00e0 des spectacles et des expositions\u00a0: elles sont les d\u00e9positaires de la m\u00e9moire nationale. Les Archives nationales du Belize conservent les archives gouvernementales et les documents historiques, tandis que la Biblioth\u00e8que nationale du patrimoine donne acc\u00e8s aux manuscrits, journaux et publications rares. Le projet de mus\u00e9e de Belmopan pr\u00e9voit un espace d\u00e9di\u00e9 \u00e0 la narration des origines extraordinaires de la ville, parall\u00e8lement \u00e0 l&#039;histoire plus vaste du Belize, de la civilisation maya \u00e0 la souverainet\u00e9 contemporaine en passant par l&#039;administration coloniale. Une telle institution ancrerait l&#039;identit\u00e9 de Belmopan non seulement comme centre administratif, mais aussi comme symbole de la m\u00e9moire collective.<\/p>\n<p>\u00c0 l&#039;approche de son soixante-cinqui\u00e8me anniversaire, Belmopan continue de concilier croissance et principes fondateurs\u00a0: r\u00e9silience, pr\u00e9voyance et respect du patrimoine culturel. Ses larges avenues et ses parcs ombrag\u00e9s, con\u00e7us dans un souci de forme et de fonctionnalit\u00e9, rythment le quotidien des fonctionnaires, des \u00e9tudiants et des artisans. Le stade accueille des comp\u00e9titions sportives qui unissent des communaut\u00e9s disparates\u00a0; son programme de police de proximit\u00e9 refl\u00e8te un partenariat entre les autorit\u00e9s municipales et la police du Belize\u00a0; et sa d\u00e9signation de \u00ab\u00a0Cit\u00e9-jardin\u00a0\u00bb par le conseil municipal souligne les efforts continus pour entretenir les espaces verts dans un contexte d&#039;expansion urbaine.<\/p>\n<p>Vue sous un angle temporel plus large, Belmopan incarne les aspirations d&#039;une jeune nation qui forgeait son identit\u00e9 dans la seconde moiti\u00e9 du XXe si\u00e8cle. Ses allusions pr\u00e9colombiennes dans la pierre et l&#039;architecture r\u00e9affirment l&#039;importance durable de l&#039;h\u00e9ritage maya\u00a0; ses mod\u00e8les d&#039;urbanisme et de gouvernance t\u00e9moignent de sa capacit\u00e9 d&#039;adaptation face aux catastrophes naturelles\u00a0; et son tissu social, tiss\u00e9 de courants cr\u00e9oles, m\u00e9tis, mayas et immigr\u00e9s, t\u00e9moigne de la composition plurielle du Belize. D\u00e9mesur\u00e9ment petite pour une capitale par sa population, mais d&#039;une grande port\u00e9e symbolique, Belmopan t\u00e9moigne de la conviction qu&#039;une capitale nationale peut \u00eatre plus qu&#039;un lieu de pouvoir\u00a0: elle peut incarner, dans ses rues et ses structures, le caract\u00e8re m\u00eame d&#039;un peuple r\u00e9solu \u00e0 reconstruire, \u00e0 se renouveler et \u00e0 s&#039;\u00e9panouir.<\/p>","protected":false},"excerpt":{"rendered":"<p>Belmopan est la capitale du Belize, un pays r\u00e9put\u00e9 pour son riche patrimoine culturel et sa beaut\u00e9 pr\u00e9serv\u00e9e. Avec ses 16\u00a0451 habitants en 2010, Belmopan \u00e9tait la plus petite capitale du continent am\u00e9ricain. Malgr\u00e9 sa petite taille, c&#039;est la troisi\u00e8me plus grande agglom\u00e9ration du Belize apr\u00e8s Belize City et San Ignacio. Belmopan, qui a vu le jour en 1970 comme une communaut\u00e9 planifi\u00e9e, compte parmi les capitales nationales les plus modernes. B\u00e9n\u00e9ficiant du statut de ville officielle aux c\u00f4t\u00e9s de Belize City depuis 2000, elle t\u00e9moigne de son importance croissante au sein du pays.<\/p>","protected":false},"author":1,"featured_media":4122,"parent":9438,"menu_order":0,"comment_status":"closed","ping_status":"closed","template":"elementor_theme","meta":{"_eb_attr":"","footnotes":""},"class_list":["post-9469","page","type-page","status-publish","has-post-thumbnail"],"_links":{"self":[{"href":"https:\/\/travelshelper.com\/fr\/wp-json\/wp\/v2\/pages\/9469","targetHints":{"allow":["GET"]}}],"collection":[{"href":"https:\/\/travelshelper.com\/fr\/wp-json\/wp\/v2\/pages"}],"about":[{"href":"https:\/\/travelshelper.com\/fr\/wp-json\/wp\/v2\/types\/page"}],"author":[{"embeddable":true,"href":"https:\/\/travelshelper.com\/fr\/wp-json\/wp\/v2\/users\/1"}],"replies":[{"embeddable":true,"href":"https:\/\/travelshelper.com\/fr\/wp-json\/wp\/v2\/comments?post=9469"}],"version-history":[{"count":0,"href":"https:\/\/travelshelper.com\/fr\/wp-json\/wp\/v2\/pages\/9469\/revisions"}],"up":[{"embeddable":true,"href":"https:\/\/travelshelper.com\/fr\/wp-json\/wp\/v2\/pages\/9438"}],"wp:featuredmedia":[{"embeddable":true,"href":"https:\/\/travelshelper.com\/fr\/wp-json\/wp\/v2\/media\/4122"}],"wp:attachment":[{"href":"https:\/\/travelshelper.com\/fr\/wp-json\/wp\/v2\/media?parent=9469"}],"curies":[{"name":"wp","href":"https:\/\/api.w.org\/{rel}","templated":true}]}}