{"id":9438,"date":"2024-09-08T11:53:45","date_gmt":"2024-09-08T11:53:45","guid":{"rendered":"https:\/\/travelshelper.com\/staging\/?page_id=9438"},"modified":"2026-03-13T13:05:13","modified_gmt":"2026-03-13T13:05:13","slug":"belize","status":"publish","type":"page","link":"https:\/\/travelshelper.com\/fr\/destinations\/north-america\/belize\/","title":{"rendered":"Belize"},"content":{"rendered":"<p>Le Belize, pays de 397\u00a0483 habitants selon le recensement de 2022, s&#039;\u00e9tend sur 22\u00a0970 kilom\u00e8tres carr\u00e9s sur la c\u00f4te nord-est de l&#039;Am\u00e9rique centrale. Bord\u00e9 par l&#039;\u00c9tat mexicain de Quintana Roo au nord, les d\u00e9partements guat\u00e9malt\u00e8ques de Pet\u00e9n et d&#039;Izabal \u00e0 l&#039;ouest et au sud, et bord\u00e9 par la mer des Cara\u00efbes avec une fronti\u00e8re maritime le long du Honduras au sud-est, ce pays occupe un carrefour strat\u00e9gique entre les mondes am\u00e9ricain et carib\u00e9en et constitue le seul royaume du Commonwealth sur l&#039;isthme centram\u00e9ricain.<\/p>\n<p>Bien avant que les navires europ\u00e9ens ne longent ses c\u00f4tes au d\u00e9but du XVIe si\u00e8cle, les for\u00eats de plaine et les collines calcaires t\u00e9moignaient de l&#039;ascension des cit\u00e9s-\u00c9tats mayas entre 1500 av. J.-C. et 300 apr. J.-C., dont les centres c\u00e9r\u00e9moniels prosp\u00e9r\u00e8rent jusqu&#039;en 1200 environ. L&#039;arriv\u00e9e de l&#039;exp\u00e9dition de Christophe Colomb en 1502-1504 annon\u00e7ait des revendications espagnoles intermittentes, mais ce sont les colons anglais, arriv\u00e9s en 1638, qui pos\u00e8rent les bases d&#039;une pr\u00e9sence coloniale qui ne surv\u00e9cut aux contestations espagnoles qu&#039;apr\u00e8s l&#039;engagement de 1798 \u00e0 St. George&#039;s Caye. La Couronne britannique officialisa son contr\u00f4le en 1862, et le Belize acc\u00e9da \u00e0 la souverainet\u00e9 le 21 septembre 1981, choisissant de conserver le monarque britannique comme chef d&#039;\u00c9tat par l&#039;interm\u00e9diaire d&#039;un gouverneur g\u00e9n\u00e9ral.<\/p>\n<p>Le relief du pays est \u00e0 la fois vari\u00e9 et d&#039;une richesse exceptionnelle\u00a0: une masse continentale presque rhombo\u00efdale s&#039;\u00e9tendant sur quelque 280\u00a0kilom\u00e8tres du nord au sud et une centaine de kilom\u00e8tres d&#039;est en ouest, bord\u00e9e par les cours sinueux des rivi\u00e8res Hondo et Sarstoon. Tandis que le nord est compos\u00e9 de plaines c\u00f4ti\u00e8res plates et mar\u00e9cageuses, ponctu\u00e9es de mangroves, le sud s&#039;\u00e9l\u00e8ve dans les monts Maya, o\u00f9 des sommets culminants comme le Doyle&#039;s Delight culminent \u00e0 1\u00a0124\u00a0m\u00e8tres. Entre ces deux extr\u00eames, d&#039;innombrables lagunes, particuli\u00e8rement r\u00e9pandues dans l&#039;int\u00e9rieur nord, r\u00e9duisent la superficie du territoire contigu \u00e0 environ 21\u00a0400\u00a0kilom\u00e8tres carr\u00e9s, faisant du Belize le territoire le moins dens\u00e9ment peupl\u00e9 de la r\u00e9gion.<\/p>\n<p>Sur ses 386 kilom\u00e8tres de c\u00f4tes, la deuxi\u00e8me plus longue barri\u00e8re de corail au monde longe le littoral, abritant un domaine marin extraordinaire dont les atolls coralliens, les herbiers marins et les racines de mangroves constituent des n\u0153uds essentiels au sein du corridor biologique m\u00e9soam\u00e9ricain. Les for\u00eats terrestres \u2013 des basses terres de feuillus sempervirents aux pin\u00e8des subtropicales en altitude \u2013 abritent une flore et une faune end\u00e9miques, tandis que jaguars, tapirs et une profusion d&#039;esp\u00e8ces d&#039;oiseaux serpentent \u00e0 travers la canop\u00e9e. Cette richesse \u00e9cologique place le Belize \u00e0 l&#039;avant-garde des efforts de conservation, m\u00eame si son insularit\u00e9 et son int\u00e9rieur accident\u00e9 en ont autrefois fait une voie de passage pour les trafiquants de drogue cherchant \u00e0 entrer au Mexique.<\/p>\n<p>Sur le plan climatique, le Belize conna\u00eet une oscillation marqu\u00e9e entre une saison humide, s&#039;\u00e9tendant approximativement de mai \u00e0 novembre, et une p\u00e9riode relativement aride de d\u00e9cembre \u00e0 avril. Les r\u00e9gions c\u00f4ti\u00e8res enregistrent des temp\u00e9ratures mensuelles moyennes comprises entre 24 \u00b0C en janvier et 27 \u00b0C en juillet, mod\u00e9r\u00e9es par les aliz\u00e9s du nord-est soufflant au large des Cara\u00efbes\u00a0; les basses terres int\u00e9rieures ont tendance \u00e0 se r\u00e9chauffer l\u00e9g\u00e8rement, tandis que les hauts plateaux de la cha\u00eene de montagnes Mountain Pine Ridge b\u00e9n\u00e9ficient de temp\u00e9ratures sensiblement plus fra\u00eeches. Les pr\u00e9cipitations varient fortement \u2013 \u200b\u200bd&#039;environ 1\u00a0350 millim\u00e8tres par an dans les basses terres du nord \u00e0 plus de 4\u00a0500 millim\u00e8tres dans l&#039;extr\u00eame sud \u2013 avec une br\u00e8ve p\u00e9riode de \u00ab\u00a0petite s\u00e9cheresse\u00a0\u00bb au milieu de l&#039;\u00e9t\u00e9 qui ponctue le cycle pluvieux principal.<\/p>\n<p>La d\u00e9mographie du Belize refl\u00e8te une mosa\u00efque complexe d&#039;h\u00e9ritages\u00a0: les descendants mayas pr\u00e9dominent au nord et \u00e0 l&#039;ouest, les communaut\u00e9s garifunas, porteuses de traditions afro-am\u00e9rindiennes, peuplent le littoral carib\u00e9en, et des enclaves cr\u00e9oles, m\u00e9tisses et mennonites europ\u00e9ennes s&#039;int\u00e8grent au tissu national. Une \u00e9volution d\u00e9mographique constante depuis les ann\u00e9es\u00a01980 a vu les r\u00e9sidents hispano-m\u00e9tisses atteindre la pr\u00e9dominance num\u00e9rique, propuls\u00e9s par les migrations et la forte natalit\u00e9, tandis que les cr\u00e9oles se sont install\u00e9s en nombre important aux \u00c9tats-Unis. Aujourd&#039;hui, le multilinguisme est monnaie courante\u00a0: l&#039;anglais est la langue officielle, mais le cr\u00e9ole et l&#039;espagnol impr\u00e8gnent la vie quotidienne, compl\u00e9t\u00e9s par les dialectes mayas et la langue garifuna.<\/p>\n<p>L&#039;activit\u00e9 \u00e9conomique reste ancr\u00e9e dans l&#039;agriculture et l&#039;agro-industrie. La canne \u00e0 sucre, fid\u00e8le aux mod\u00e8les coloniaux, repr\u00e9sente pr\u00e8s de la moiti\u00e9 des recettes d&#039;exportation et la banane constitue la principale source d&#039;emplois ruraux. La papaye figure parmi les trois principales exportations mondiales du Belize, tandis que les min\u00e9raux industriels, le p\u00e9trole brut (produisant environ 2\u00a0000 barils par jour en 2017) et le p\u00e9trole contribuent \u00e0 un portefeuille modeste mais diversifi\u00e9. Le tourisme et la construction ont connu un essor ces derni\u00e8res d\u00e9cennies, stimul\u00e9s par les \u00e9cosyst\u00e8mes fragiles mais somptueux du pays\u00a0; les stations baln\u00e9aires, les excursions en rafting et les randonn\u00e9es guid\u00e9es vers des vestiges arch\u00e9ologiques alimentent un march\u00e9 \u00e9cotouristique que le gouvernement a prioris\u00e9 depuis l&#039;agriculture.<\/p>\n<p>La monnaie, index\u00e9e sur le dollar am\u00e9ricain, et la r\u00e9glementation bancaire lib\u00e9rale ont malheureusement rendu le Belize vuln\u00e9rable au blanchiment d&#039;argent, une vuln\u00e9rabilit\u00e9 qui a valu aux \u00c9tats-Unis la d\u00e9signation de \u00ab\u00a0pays majeur en mati\u00e8re de blanchiment d&#039;argent\u00a0\u00bb en 2014. Des contre-mesures visant le respect des obligations fiscales et le contr\u00f4le des d\u00e9penses ont \u00e9t\u00e9 propos\u00e9es, bien que les d\u00e9ficits d&#039;infrastructures \u2013 notamment les co\u00fbts d&#039;\u00e9lectricit\u00e9 notoirement \u00e9lev\u00e9s et le sous-d\u00e9veloppement des r\u00e9seaux de transport \u2013 continuent de peser sur la comp\u00e9titivit\u00e9. Les principaux partenaires commerciaux du Belize sont les \u00c9tats-Unis, le Mexique, le Royaume-Uni, l&#039;Union europ\u00e9enne et les pays de la CARICOM.<\/p>\n<p>Les rythmes socioculturels du Belize se r\u00e9v\u00e8lent avec le plus d&#039;intensit\u00e9 lors des c\u00e9l\u00e9brations annuelles de septembre, qui comm\u00e9morent la bataille de St. George&#039;s Caye et le Jour de l&#039;Ind\u00e9pendance, tandis que le rythme syncop\u00e9 de la musique punta souligne l&#039;identit\u00e9 garifuna le long de la c\u00f4te carib\u00e9enne. Les repas familiaux sont souvent compos\u00e9s de riz et de haricots mijot\u00e9s au lait de coco, de poulet mijot\u00e9, de tamales et d&#039;escab\u00e8che, accompagn\u00e9s de fry jacks ou de tortillas de farine au petit-d\u00e9jeuner et d&#039;ereba (pain de manioc) parmi les plats de base de la cuisine garifuna. Restaurants urbains et stands de bord de route proposent ces plats \u00e0 des prix abordables, m\u00eame si des distinctions r\u00e9gionales persistent\u00a0: les communaut\u00e9s mayas se nourrissent de ma\u00efs, de haricots et de courges, tandis que les districts du sud se r\u00e9galent de fruits de la for\u00eat tropicale et de poissons d&#039;eau douce.<\/p>\n<p>Les statistiques touristiques de 2012 ont enregistr\u00e9 pr\u00e8s de 918\u00a0000 visiteurs, dont plus de la moiti\u00e9 en provenance des \u00c9tats-Unis, g\u00e9n\u00e9rant plus de 1,3 milliard de dollars de recettes. Suite aux perturbations caus\u00e9es par la pand\u00e9mie mondiale, le Belize est devenu le premier pays des Cara\u00efbes \u00e0 autoriser l&#039;entr\u00e9e des voyageurs vaccin\u00e9s sans test, renfor\u00e7ant ainsi sa r\u00e9putation de havre de paix pour l&#039;aventure marine et terrestre. La plong\u00e9e sous-marine au milieu des pinacles coralliens, les travers\u00e9es en kayak de cours d&#039;eau cach\u00e9s et le survol de sommets recouverts de pluie fascinent ceux qui recherchent une communion intime avec les multiples expressions de la nature.<\/p>\n<p>Parmi ces courants culturels, les colonies mennonites, \u00e9tablies depuis 1958, se distinguent. Leurs habitants sont venus d&#039;Europe et d&#039;Am\u00e9rique du Nord en vertu d&#039;accords autorisant l&#039;autonomie agricole et des exemptions scolaires. Leurs communaut\u00e9s, reconnaissables \u00e0 leur tenue vestimentaire conservatrice et \u00e0 leurs dialectes d&#039;origine allemande, ont stimul\u00e9 la production laiti\u00e8re, avicole et c\u00e9r\u00e9ali\u00e8re, insufflant un dynamisme agraire unique \u00e0 la mosa\u00efque \u00e9conomique du Belize. Le savoir-faire des mennonites en menuiserie et en m\u00e9canique a \u00e9galement renforc\u00e9 les moyens de subsistance ruraux.<\/p>\n<p>Dans l&#039;ensemble, le Belize pr\u00e9sente une \u00e9tude contrast\u00e9e\u00a0: l\u00e0 o\u00f9 des cr\u00eates montagneuses brumeuses convergent vers des atolls coralliens ensoleill\u00e9s\u00a0; l\u00e0 o\u00f9 des vestiges mayas s\u00e9culaires subsistent au milieu d&#039;\u00e9coles anglophones\u00a0; l\u00e0 o\u00f9 une \u00e9conomie ancr\u00e9e dans les plantations sucri\u00e8res courtise d\u00e9sormais les \u00e9co-entrepreneurs\u00a0; l\u00e0 o\u00f9 une population modeste de moins de quatre cent mille habitants maintient un engagement d\u00e9mesur\u00e9 en faveur de la conservation du patrimoine naturel. Au c\u0153ur de ces r\u00e9cits entrelac\u00e9s, le pays affirme son caract\u00e8re par des traditions r\u00e9silientes, une pluralit\u00e9 linguistique et une g\u00e9ographie qui \u00e0 la fois abrite et met au d\u00e9fi ses habitants \u2013 une exhortation \u00e0 aborder chaque sentier, chaque r\u00e9cif, chaque village, avec une volont\u00e9 d&#039;observation approfondie et de respect.<\/p>","protected":false},"excerpt":{"rendered":"<p>With 397,484 people as of 2022 spread across 22,970 square kilometers of various terrain, Belize sits on the northeastern coast of Central America. This country presents an interesting place for research given its unique geography and long history.<\/p>","protected":false},"author":1,"featured_media":4052,"parent":24084,"menu_order":0,"comment_status":"closed","ping_status":"closed","template":"elementor_theme","meta":{"_eb_attr":"","footnotes":""},"class_list":["post-9438","page","type-page","status-publish","has-post-thumbnail"],"_links":{"self":[{"href":"https:\/\/travelshelper.com\/fr\/wp-json\/wp\/v2\/pages\/9438","targetHints":{"allow":["GET"]}}],"collection":[{"href":"https:\/\/travelshelper.com\/fr\/wp-json\/wp\/v2\/pages"}],"about":[{"href":"https:\/\/travelshelper.com\/fr\/wp-json\/wp\/v2\/types\/page"}],"author":[{"embeddable":true,"href":"https:\/\/travelshelper.com\/fr\/wp-json\/wp\/v2\/users\/1"}],"replies":[{"embeddable":true,"href":"https:\/\/travelshelper.com\/fr\/wp-json\/wp\/v2\/comments?post=9438"}],"version-history":[{"count":0,"href":"https:\/\/travelshelper.com\/fr\/wp-json\/wp\/v2\/pages\/9438\/revisions"}],"up":[{"embeddable":true,"href":"https:\/\/travelshelper.com\/fr\/wp-json\/wp\/v2\/pages\/24084"}],"wp:featuredmedia":[{"embeddable":true,"href":"https:\/\/travelshelper.com\/fr\/wp-json\/wp\/v2\/media\/4052"}],"wp:attachment":[{"href":"https:\/\/travelshelper.com\/fr\/wp-json\/wp\/v2\/media?parent=9438"}],"curies":[{"name":"wp","href":"https:\/\/api.w.org\/{rel}","templated":true}]}}