{"id":9209,"date":"2024-09-07T18:24:27","date_gmt":"2024-09-07T18:24:27","guid":{"rendered":"https:\/\/travelshelper.com\/staging\/?page_id=9209"},"modified":"2026-03-13T15:44:24","modified_gmt":"2026-03-13T15:44:24","slug":"cuba","status":"publish","type":"page","link":"https:\/\/travelshelper.com\/fr\/destinations\/north-america\/cuba\/","title":{"rendered":"Cuba"},"content":{"rendered":"<p>Cuba se r\u00e9v\u00e8le au carrefour de la mer des Cara\u00efbes, du golfe du Mexique et de l&#039;oc\u00e9an Atlantique\u00a0: un archipel d&#039;environ 110\u00a0000\u00a0kilom\u00e8tres carr\u00e9s abritant quelque dix millions d&#039;habitants. Son territoire principal s&#039;\u00e9tend sur plus de 1\u00a0200\u00a0kilom\u00e8tres, des plaines et des basses terres vallonn\u00e9es du nord aux sommets de la Sierra Maestra au sud-est, couronn\u00e9s par le Pico Turquino \u00e0 pr\u00e8s de deux mille m\u00e8tres d&#039;altitude. La Havane, c\u0153ur vibrant de l&#039;\u00eele, domine cette nation, \u00e0 la fois la plus grande \u00eele des Cara\u00efbes et la dix-septi\u00e8me plus grande du monde. Situ\u00e9e \u00e0 l&#039;est du Yucat\u00e1n mexicain, au sud de la Floride et des Bahamas, \u00e0 l&#039;ouest d&#039;Hispaniola et au nord de la Jama\u00efque, la g\u00e9ographie de Cuba lui conf\u00e8re \u00e0 la fois connexion et isolement. Dans cette r\u00e9publique insulaire, l&#039;empreinte mill\u00e9naire \u2013 d&#039;abord celle des Guanahatabeys et des Ta\u00efnos, puis celle des colonisateurs espagnols et des visionnaires r\u00e9volutionnaires \u2013 reste ind\u00e9l\u00e9bile.<\/p>\n<p>Depuis les premiers si\u00e8cles d&#039;occupation humaine, en passant par les cultures ta\u00efnos et guanahatabey, qui prosp\u00e9raient avant l&#039;arriv\u00e9e des Europ\u00e9ens, Cuba a travers\u00e9 des cycles de transformations qui ont marqu\u00e9 son sol, sa soci\u00e9t\u00e9 et sa psych\u00e9. Au XVe si\u00e8cle, les explorateurs espagnols ont revendiqu\u00e9 le territoire, instaurant des si\u00e8cles de domination coloniale qui ont li\u00e9 le destin de cet archipel \u00e0 la traite transatlantique des esclaves \u2013 une association ininterrompue jusqu&#039;\u00e0 l&#039;abolition de l&#039;esclavage en 1886. La guerre hispano-am\u00e9ricaine de 1898 a marqu\u00e9 la fin de la domination ib\u00e9rique directe, mais elle a inaugur\u00e9 une \u00e8re d&#039;occupation et de tutelle am\u00e9ricaines qui s&#039;est conclue par l&#039;ind\u00e9pendance officielle en 1902. Les premi\u00e8res d\u00e9cennies de la r\u00e9publique ont \u00e9t\u00e9 marqu\u00e9es par l&#039;optimisme\u00a0; une constitution progressiste de 1940 aspirait \u00e0 la justice sociale et aux libert\u00e9s civiles. Pourtant, les troubles politiques se sont intensifi\u00e9s jusqu&#039;\u00e0 ce qu&#039;un coup d&#039;\u00c9tat militaire en 1952 installe la dictature de Fulgencio Batista.<\/p>\n<p>Les exc\u00e8s et la r\u00e9pression du r\u00e9gime de Batista d\u00e9clench\u00e8rent la R\u00e9volution cubaine, dont le triomphe culminant en janvier 1959 pla\u00e7a Fidel Castro \u00e0 la t\u00eate d&#039;un \u00c9tat socialiste naissant. Sous la direction de Castro, Cuba s&#039;aligna sur le bloc sovi\u00e9tique, son \u00e9conomie planifi\u00e9e \u00e9tant fa\u00e7onn\u00e9e par un contr\u00f4le centralis\u00e9 et une aide sovi\u00e9tique importante \u2013 quelque 33 milliards de dollars am\u00e9ricains au milieu des ann\u00e9es 1980, selon des renseignements d\u00e9classifi\u00e9s. Le r\u00f4le de Cuba sur la sc\u00e8ne de la Guerre froide atteignit son apog\u00e9e lors de la crise des missiles de 1962, lorsque l&#039;\u00eele devint le th\u00e9\u00e2tre le plus proche de la confrontation entre les superpuissances. Au cours des d\u00e9cennies suivantes, La Havane \u00e9tendit sa solidarit\u00e9 \u2013 militaire, m\u00e9dicale et infrastructurelle \u2013 aux gouvernements marxistes \u00e9mergents en Afrique, favorisant ainsi un r\u00e9seau r\u00e9volutionnaire mondial alors m\u00eame que l&#039;\u00eele \u00e9tait confront\u00e9e \u00e0 de graves p\u00e9nuries sur son territoire.<\/p>\n<p>L&#039;effondrement sovi\u00e9tique de 1991 a pr\u00e9cipit\u00e9 la \u00ab\u00a0P\u00e9riode sp\u00e9ciale\u00a0\u00bb \u00e0 Cuba, un cataclysme \u00e9conomique caract\u00e9ris\u00e9 par des p\u00e9nuries d&#039;\u00e9nergie, un d\u00e9clin de l&#039;agriculture et des difficult\u00e9s urbaines. Le tourisme est devenu une source de revenus essentielle, quoique in\u00e9gale, \u00e9clipsant finalement les exportations de sucre, de tabac et de caf\u00e9. Parall\u00e8lement, les indicateurs sociaux sont rest\u00e9s \u00e9tonnamment robustes\u00a0: l&#039;alphab\u00e9tisation a grimp\u00e9 en fl\u00e8che, la mortalit\u00e9 infantile est tomb\u00e9e en dessous des normes r\u00e9gionales et l&#039;esp\u00e9rance de vie a \u00e9gal\u00e9 celle de ses voisins plus riches. L&#039;acc\u00e8s universel aux soins de sant\u00e9 et la gratuit\u00e9 de l&#039;\u00e9ducation, pierres angulaires de la politique r\u00e9volutionnaire, ont persist\u00e9 malgr\u00e9 des p\u00e9nuries chroniques d&#039;\u00e9quipements, de faibles salaires m\u00e9dicaux et une p\u00e9nurie intermittente de m\u00e9dicaments. En 2008, apr\u00e8s pr\u00e8s d&#039;un demi-si\u00e8cle de r\u00e8gne unipersonnel, Fidel Castro a c\u00e9d\u00e9 la pr\u00e9sidence \u00e0 son fr\u00e8re Ra\u00fal\u00a0; en 2018, Ra\u00fal a \u00e0 son tour transmis le flambeau \u00e0 Miguel D\u00edaz-Canel, qui a consolid\u00e9 son pouvoir en devenant Premier secr\u00e9taire du Parti communiste en 2021.<\/p>\n<p>L&#039;architecture politique cubaine consacre la pr\u00e9\u00e9minence du Parti communiste dans sa constitution. Les voix de l&#039;opposition ne trouvent aucun canal officiel\u00a0; la censure stricte et la r\u00e9pression du journalisme ind\u00e9pendant incitent les observateurs des droits de l&#039;homme \u00e0 classer l&#039;\u00eele parmi les plus restrictives en mati\u00e8re de libert\u00e9 de la presse. Pourtant, la soci\u00e9t\u00e9 cubaine vibre d&#039;une vitalit\u00e9 culturelle\u00a0: la musique et la danse afro-cubaines prosp\u00e8rent dans chaque quartier\u00a0; des artistes, des danseurs et des athl\u00e8tes \u00e9mergent gr\u00e2ce \u00e0 des programmes soutenus par l&#039;\u00c9tat qui s&#039;inspirent des campagnes d&#039;alphab\u00e9tisation et de culture post-r\u00e9volutionnaires. Les \u00e9glises baroques de La Havane \u2013 la basilique de San Francisco et la forteresse fortifi\u00e9e du Castillo del Pr\u00edncipe \u2013 c\u00f4toient des monuments modernistes comme le Capitole et des tours du milieu du XXe si\u00e8cle comme la Habana Libre. Le tissu urbain raconte ainsi un dialogue entre le baroque colonial, la grandeur r\u00e9publicaine et le fonctionnalisme d&#039;influence sovi\u00e9tique, tandis que ces derni\u00e8res d\u00e9cennies ont vu de nouveaux h\u00f4tels de verre et d&#039;acier s&#039;inspirer du design mondial contemporain.<\/p>\n<p>Les contours physiques de l&#039;\u00eele fa\u00e7onnent son climat et sa vuln\u00e9rabilit\u00e9. Au sud du tropique du Cancer, Cuba baigne dans la chaleur tropicale, ses aliz\u00e9s du nord-est temp\u00e9rant la chaleur et le courant carib\u00e9en apportant des eaux l\u00e9g\u00e8rement r\u00e9chauff\u00e9es. En janvier, les temp\u00e9ratures moyennes avoisinent les 21 \u00b0C\u00a0; en juillet, elles atteignent environ 27 \u00b0C. Les pr\u00e9cipitations oscillent entre la saison s\u00e8che (de novembre \u00e0 avril) et les mois humides (de mai \u00e0 octobre), p\u00e9riode pendant laquelle le d\u00e9veloppement des temp\u00eates atlantiques devient monnaie courante. Septembre et octobre constituent le pic de la saison des ouragans, une r\u00e9alit\u00e9 soulign\u00e9e par la fureur de l&#039;ouragan Irma en septembre 2017\u00a0: des vents d\u00e9passant les 260\u00a0km\/h ont ravag\u00e9 l&#039;archipel de Camag\u00fcey, coup\u00e9 l&#039;\u00e9lectricit\u00e9 sur une grande partie de la c\u00f4te nord et caus\u00e9 des d\u00e9g\u00e2ts mat\u00e9riels n\u00e9cessitant une \u00e9vacuation massive. Dix morts ont \u00e9t\u00e9 signal\u00e9s, dont sept \u00e0 La Havane, parmi des b\u00e2timents effondr\u00e9s et des rues inond\u00e9es. Les enclaves touristiques de la capitale, de Varadero aux \u00eeles Keys le long de la c\u00f4te nord, portaient des cicatrices que le gouvernement s&#039;est engag\u00e9 \u00e0 r\u00e9parer avant le d\u00e9but de la haute saison - une aspiration qui t\u00e9moigne de la centralit\u00e9 \u00e9conomique du tourisme.<\/p>\n<p>Le changement climatique aggrave ces risques\u00a0: la mont\u00e9e des eaux, la modification des pr\u00e9cipitations et l\u2019intensification des temp\u00eates menacent l\u2019agriculture, la foresterie et le tourisme, des secteurs qui d\u00e9pendent de pr\u00e9cipitations pr\u00e9visibles et de la stabilit\u00e9 des c\u00f4tes. La s\u00e9curit\u00e9 hydrique est pr\u00e9caire\u00a0; la hausse des temp\u00e9ratures pourrait accro\u00eetre l\u2019incidence des maladies cardiovasculaires, respiratoires et virales au sein de la population. En r\u00e9ponse, les autorit\u00e9s ont mis en place des initiatives en faveur des \u00e9nergies renouvelables et des mesures d\u2019adaptation \u00e9cosyst\u00e9miques, comme la restauration des mangroves pour amortir les ondes de temp\u00eate.<\/p>\n<p>L&#039;\u00e9conomie cubaine incarne la pr\u00e9dominance de l&#039;\u00c9tat\u00a0: plus des trois quarts de sa main-d&#039;\u0153uvre travaillent dans le secteur public, qui absorbe environ 80\u00a0% du produit int\u00e9rieur brut par le biais des d\u00e9penses publiques. Depuis le d\u00e9but des ann\u00e9es\u00a02010, de modestes r\u00e9formes du march\u00e9 ont favoris\u00e9 la croissance du secteur priv\u00e9, portant la part de l&#039;emploi \u00e0 environ 20\u00a0% au milieu des ann\u00e9es\u00a02000. Les entreprises qui embauchent des Cubains versent leurs salaires en pesos cubains via les services de l&#039;\u00c9tat\u00a0; le salaire mensuel minimum avoisine les 2\u00a0100 pesos (environ 81\u00a0dollars am\u00e9ricains), avec des m\u00e9dianes plus proches de 4\u00a0000 pesos (environ 155\u00a0dollars). Les revenus du tourisme, les exportations de main-d&#039;\u0153uvre qualifi\u00e9e et les envois de fonds soutiennent l&#039;\u00e9conomie, mais plus de 88\u00a0% des Cubains subsistent dans des conditions que l&#039;Observatoire cubain des droits de l&#039;homme d\u00e9finit comme l&#039;extr\u00eame pauvret\u00e9, une r\u00e9alit\u00e9 fa\u00e7onn\u00e9e par le rationnement qui limite la diversit\u00e9 alimentaire et accentue les carences en micronutriments.<\/p>\n<p>La cuisine cubaine refl\u00e8te une fusion des traditions ib\u00e9riques et carib\u00e9ennes\u00a0: viandes parfum\u00e9es \u00e0 l\u2019ail, au cumin, \u00e0 l\u2019origan et au laurier, mijot\u00e9es dans des sauces l\u00e9g\u00e8res\u00a0; haricots noirs et riz (moros y cristianos) accompagnent bananes plantains et pains frais\u00a0; la ropa vieja, b\u0153uf effiloch\u00e9 \u00e0 la sauce tomate, \u00e9voque les rago\u00fbts espagnols ancestraux. Pourtant, la p\u00e9nurie alimentaire et le rationnement dictent une grande partie de la vie quotidienne, le carnet de rationnement de l\u2019\u00c9tat accordant des portions modestes qui suffisent rarement \u00e0 atteindre les normes nutritionnelles fix\u00e9es par les organismes internationaux. N\u00e9anmoins, les jus de fruits omnipr\u00e9sents dans la rue symbolisent l\u2019abondance au milieu de la p\u00e9nurie\u00a0: goyave, mangue et guan\u00e1bana press\u00e9s dans des verres que les touristes sirotent le long des promenades du Malec\u00f3n ou dans les caf\u00e9s de bord de route.<\/p>\n<p>La mosa\u00efque humaine cubaine se r\u00e9v\u00e8le avec \u00e9clat au-del\u00e0 des fa\u00e7ades orn\u00e9es de La Havane. Dans la vall\u00e9e de Vi\u00f1ales, les traditions de culture du tabac perdurent sous les mogotes calcaires qui ponctuent les plaines verdoyantes\u00a0; les champs dispos\u00e9s en damier refl\u00e8tent des m\u00e9thodes agricoles s\u00e9culaires, reconnues par l&#039;UNESCO comme paysage culturel en 1999. Les pentes de la Sierra Maestra, autrefois sentiers de la gu\u00e9rilla r\u00e9volutionnaire, invitent aujourd&#039;hui les alpinistes intr\u00e9pides en qu\u00eate de nature sauvage et de panoramas panoramiques. Au large, les r\u00e9cifs coralliens regorgent de vie marine dans la baie des Cochons \u2013 ironiquement nomm\u00e9e d&#039;apr\u00e8s l&#039;invasion rat\u00e9e de 1961, mais aujourd&#039;hui c\u00e9l\u00e8bre pour ses sites de plong\u00e9e \u2013 et dans l&#039;archipel des Jardines de la Reina, o\u00f9 les naufrag\u00e9s de l&#039;histoire c\u00e8dent la place \u00e0 des poissons et des tortues kal\u00e9idoscopiques.<\/p>\n<p>L&#039;hospitalit\u00e9 cubaine transcende les enclaves baln\u00e9aires \u2013 des espaces s\u00e9gr\u00e9gu\u00e9s autrefois qualifi\u00e9s d&#039;\u00ab apartheid touristique \u00bb \u2013 et s&#039;\u00e9panouit dans les casas particulares, des havres de paix familiaux ouvrant sur des cours priv\u00e9es et des \u00e9changes authentiques. Dans les villes de province, les places abritent des mus\u00e9es municipaux retra\u00e7ant l&#039;histoire locale, des racines autochtones aux bouleversements r\u00e9volutionnaires, tandis que les centres culturels pr\u00e9sentent des spectacles de danse afro-cubaine aux rythmes aussi anciens que l&#039;\u00eele elle-m\u00eame. Le soir, les revues scintillantes du Tropicana pr\u00e9servent les vestiges du glamour des ann\u00e9es 1950 \u2013 service \u00e0 table, costumes orn\u00e9s et trompettes en direct \u2013 \u00e9voquant une \u00e9poque o\u00f9 les impresarios li\u00e9s \u00e0 la mafia se m\u00ealaient \u00e0 l&#039;\u00e9lite havanaise sous les palmiers ondulants.<\/p>\n<p>Fl\u00e2ner dans les rues de La Havane au cr\u00e9puscule, c&#039;est traverser le temps lui-m\u00eame\u00a0: les murs pastel de la Vieille Havane t\u00e9moignent de l&#039;ambition coloniale baroque et n\u00e9oclassique\u00a0; \u00e0 proximit\u00e9, Focsa et d&#039;autres tours du milieu du XXe si\u00e8cle laissent entrevoir des aspirations \u00e0 la modernit\u00e9, interrompues par la r\u00e9volution. Des voitures d&#039;une \u00e9poque r\u00e9volue sillonnent de larges avenues\u00a0; des marchands vendent des fruits tropicaux sur des charrettes en bois\u00a0; des accords de son et de rumba flottent sous les arcades. Ici, chaque pav\u00e9, chaque colonnade r\u00e9sonne d&#039;histoires multiples.<\/p>\n<p>Pourtant, le visiteur contemporain devrait s&#039;aventurer au-del\u00e0 des paysages de carte postale. \u00c0 la campagne, les conversations avec les agriculteurs sur les march\u00e9s \u00e0 but lucratif r\u00e9v\u00e8lent un esprit d&#039;entreprise r\u00e9silient malgr\u00e9 la p\u00e9nurie. Dans les quartiers p\u00e9riph\u00e9riques, les clubs locaux vibrent au rythme du reggae et du rap cubains, forgeant de nouveaux r\u00e9cits musicaux sur des bases traditionnelles. \u00c0 Playa Para\u00edso et \u00e0 la grotte de Saturno, les eaux cristallines invitent au repos et \u00e0 l&#039;exploration, tandis que le marais de Zapata et les cascades d&#039;El Nicho se d\u00e9voilent telles des cath\u00e9drales naturelles de biodiversit\u00e9, des lieux o\u00f9 le plastique et le bruit p\u00e9n\u00e8trent rarement.<\/p>\n<p>Le kal\u00e9idoscope architectural de Cuba \u2013 forts et \u00e9glises coloniaux, capitoles et h\u00f4tels r\u00e9publicains, immeubles d&#039;habitation d&#039;influence sovi\u00e9tique et nouveaux complexes h\u00f4teliers rutilants \u2013 illustre les \u00e9volutions id\u00e9ologiques et esth\u00e9tiques de l&#039;\u00eele. Pourtant, au-del\u00e0 des briques et du mortier se cache une architecture vivante de coutumes\u00a0: les cercles d&#039;alphab\u00e9tisation communautaires, les \u00e9coles de sport financ\u00e9es par l&#039;\u00c9tat, les acad\u00e9mies de ballet qui ont form\u00e9 des danseurs de renomm\u00e9e mondiale et les dispensaires gratuits o\u00f9 des m\u00e9decins form\u00e9s dans le pays ou \u00e0 l&#039;\u00e9tranger soignent chaque citoyen.<\/p>\n<p>Cette nation aux multiples facettes d\u00e9fie les caract\u00e9risations simplistes. Elle est \u00e0 la fois un mod\u00e8le de r\u00e9ussites sociales en mati\u00e8re d&#039;alphab\u00e9tisation et de sant\u00e9, un creuset de la g\u00e9opolitique de la Guerre froide, un royaume de syncr\u00e9tisme culturel durable et un paysage d&#039;une beaut\u00e9 \u00e0 couper le souffle et de difficult\u00e9s persistantes. D\u00e9couvrir Cuba, c&#039;est concilier ses contradictions\u00a0: \u00eatre t\u00e9moin \u00e0 la fois de la banalit\u00e9 de la survie quotidienne et de l&#039;extraordinaire vitalit\u00e9 d&#039;un peuple qui a r\u00e9sist\u00e9 \u00e0 la conqu\u00eate, \u00e0 la r\u00e9volution et \u00e0 l&#039;embargo avec t\u00e9nacit\u00e9 et gr\u00e2ce. Dans chaque valle, chaque malec\u00f3n et chaque caf\u00e9, dans chaque concert classique et chaque champ paysan, on per\u00e7oit une histoire qui n&#039;est ni statique ni monolithique, mais plut\u00f4t une tapisserie dynamique tiss\u00e9e de fils d&#039;histoire, de culture et d&#039;aspirations.<\/p>\n<p>Pour les voyageurs en qu\u00eate d&#039;immersion au-del\u00e0 de l&#039;enclave touristique, les r\u00e9compenses sont multiples\u00a0: la lumi\u00e8re ambr\u00e9e de Vi\u00f1ales \u00e0 l&#039;aube\u00a0; la v\u00e9n\u00e9ration feutr\u00e9e du mausol\u00e9e de Che Guevara\u00a0; la vigueur d&#039;une rumba de quartier\u00a0; le silence d&#039;un sentier brumeux de la Sierra Maestra. Pourtant, patience et respect restent essentiels\u00a0: une ouverture aux contradictions, une volont\u00e9 de t\u00e9moigner des r\u00e9alit\u00e9s qui se cachent derri\u00e8re la carte postale. Cuba ne livre pas ses secrets au premier regard\u00a0; elle exige du visiteur qu&#039;il regarde, \u00e9coute et apprenne. Ce faisant, on aper\u00e7oit non seulement une nation insulaire, mais aussi un creuset de r\u00e9silience, de cr\u00e9ativit\u00e9 et de conviction humaines, un lieu o\u00f9 les courants de l&#039;histoire continuent de fa\u00e7onner le pr\u00e9sent.<\/p>","protected":false},"excerpt":{"rendered":"<p>Avec une population de plus de 10 millions d&#039;habitants, Cuba, officiellement connue sous le nom de R\u00e9publique de Cuba, est le troisi\u00e8me pays le plus peupl\u00e9 des Cara\u00efbes. Situ\u00e9e au confluent de l&#039;Atlantique, du golfe du Mexique et de la mer des Cara\u00efbes septentrionale, Cuba est la plus grande \u00eele des Cara\u00efbes par sa superficie. Avec de nombreuses autres \u00eeles, \u00eelots et cayes plus petits, le pays compte plus de 4\u00a0195 \u00eeles. L&#039;\u00eele principale de Cuba est l&#039;\u00eele de la Jeunesse. Cuba occupe une position strat\u00e9gique \u00e0 l&#039;est de la p\u00e9ninsule du Yucat\u00e1n au Mexique, au sud de la Floride et des Bahamas, \u00e0 l&#039;ouest d&#039;Hispaniola, qui comprend Ha\u00efti et la R\u00e9publique dominicaine, et au nord de la Jama\u00efque et des \u00eeles Ca\u00efmans. La Havane, sa capitale, est la plus grande ville du pays et le centre de l&#039;activit\u00e9 politique et culturelle.<\/p>","protected":false},"author":1,"featured_media":4949,"parent":24084,"menu_order":0,"comment_status":"closed","ping_status":"closed","template":"elementor_theme","meta":{"_eb_attr":"","footnotes":""},"class_list":["post-9209","page","type-page","status-publish","has-post-thumbnail"],"_links":{"self":[{"href":"https:\/\/travelshelper.com\/fr\/wp-json\/wp\/v2\/pages\/9209","targetHints":{"allow":["GET"]}}],"collection":[{"href":"https:\/\/travelshelper.com\/fr\/wp-json\/wp\/v2\/pages"}],"about":[{"href":"https:\/\/travelshelper.com\/fr\/wp-json\/wp\/v2\/types\/page"}],"author":[{"embeddable":true,"href":"https:\/\/travelshelper.com\/fr\/wp-json\/wp\/v2\/users\/1"}],"replies":[{"embeddable":true,"href":"https:\/\/travelshelper.com\/fr\/wp-json\/wp\/v2\/comments?post=9209"}],"version-history":[{"count":0,"href":"https:\/\/travelshelper.com\/fr\/wp-json\/wp\/v2\/pages\/9209\/revisions"}],"up":[{"embeddable":true,"href":"https:\/\/travelshelper.com\/fr\/wp-json\/wp\/v2\/pages\/24084"}],"wp:featuredmedia":[{"embeddable":true,"href":"https:\/\/travelshelper.com\/fr\/wp-json\/wp\/v2\/media\/4949"}],"wp:attachment":[{"href":"https:\/\/travelshelper.com\/fr\/wp-json\/wp\/v2\/media?parent=9209"}],"curies":[{"name":"wp","href":"https:\/\/api.w.org\/{rel}","templated":true}]}}