{"id":9128,"date":"2024-09-07T12:43:35","date_gmt":"2024-09-07T12:43:35","guid":{"rendered":"https:\/\/travelshelper.com\/staging\/?page_id=9128"},"modified":"2026-03-13T16:08:11","modified_gmt":"2026-03-13T16:08:11","slug":"republique-dominicaine","status":"publish","type":"page","link":"https:\/\/travelshelper.com\/fr\/destinations\/north-america\/dominican-republic\/","title":{"rendered":"R\u00e9publique Dominicaine"},"content":{"rendered":"<p>La R\u00e9publique dominicaine occupe les cinq huiti\u00e8mes est d&#039;Hispaniola et s&#039;\u00e9tend sur 48\u00a0671 kilom\u00e8tres carr\u00e9s dans les Grandes Antilles de la mer des Cara\u00efbes. Avec une population d&#039;environ 11,4 millions d&#039;habitants en 2024, dont quelque 3,6 millions vivent dans l&#039;agglom\u00e9ration de Saint-Domingue, le pays occupe la deuxi\u00e8me plus grande superficie et la deuxi\u00e8me plus grande population des Antilles, apr\u00e8s Cuba et Ha\u00efti respectivement. Bord\u00e9 par l&#039;Atlantique au nord, les Cara\u00efbes au sud, Ha\u00efti \u00e0 l&#039;ouest et la fronti\u00e8re maritime de Porto Rico \u00e0 l&#039;est, ce pays, situ\u00e9 \u00e0 la jonction de deux mers, a fa\u00e7onn\u00e9 son histoire, son environnement et son caract\u00e8re culturel.<\/p>\n<p>Au cours des si\u00e8cles pr\u00e9c\u00e9dant l&#039;arriv\u00e9e des Europ\u00e9ens, cinq chefferies ta\u00efnos avaient \u00e9tabli des migrations saisonni\u00e8res, des campements de p\u00eacheurs c\u00f4tiers et des plantations de manioc \u00e0 l&#039;int\u00e9rieur des terres, \u00e0 travers les plaines fertiles et les collines bois\u00e9es d&#039;Hispaniola. Lorsque Christophe Colomb d\u00e9barqua en 1492, revendiquant ces terres pour la Castille, il d\u00e9couvrit des villages de maisons aux toits de chaume reli\u00e9s par des sentiers balis\u00e9s, t\u00e9moins d&#039;une soci\u00e9t\u00e9 fond\u00e9e sur la hi\u00e9rarchie communautaire et l&#039;observance rituelle. Les d\u00e9cennies suivantes virent Saint-Domingue \u00e9merger comme le premier point d&#039;ancrage europ\u00e9en durable en Am\u00e9rique, ses citadelles de pierre et ses \u00e9difices eccl\u00e9siastiques annon\u00e7ant une nouvelle \u00e8re imp\u00e9riale. En un peu plus d&#039;un si\u00e8cle, les rivalit\u00e9s imp\u00e9riales divis\u00e8rent Hispaniola\u00a0; en 1697, le tiers occidental appartenait \u00e0 la France, et en 1804, ce territoire proclama son ind\u00e9pendance sous le nom d&#039;Ha\u00efti.<\/p>\n<p>Le peuple dominicain a depuis travers\u00e9 de multiples luttes pour son autod\u00e9termination. Une br\u00e8ve proclamation d&#039;ind\u00e9pendance vis-\u00e0-vis de l&#039;Espagne en novembre 1821 c\u00e9da la place \u00e0 l&#039;annexion ha\u00eftienne en 1822. Apr\u00e8s une interruption de vingt-deux ans, les patriotes dominicains reconquirent leur souverainet\u00e9 par les armes et avec d\u00e9termination en f\u00e9vrier 1844 lors de la guerre d&#039;ind\u00e9pendance. S&#039;ensuivirent des d\u00e9cennies de conflits internes \u2013 guerres civiles, incursions d&#039;Ha\u00efti et retour \u00e9ph\u00e9m\u00e8re \u00e0 l&#039;autorit\u00e9 espagnole \u2013 qui culmin\u00e8rent avec l&#039;expulsion des forces coloniales apr\u00e8s la guerre de Restauration de 1863-1865. Le XXe si\u00e8cle fut marqu\u00e9 par le r\u00e8gne autoritaire de Rafael Trujillo, dont la dictature de trois d\u00e9cennies prit fin avec son assassinat en 1961. L&#039;\u00e9lection de Juan Bosch en 1962 fut annul\u00e9e en quelques mois, et une guerre civile en 1965 marqua le d\u00e9but des longues pr\u00e9sidences de Joaqu\u00edn Balaguer. \u00c0 partir de 1978, les processus \u00e9lectoraux se sont renforc\u00e9s, guidant la nation vers une gouvernance repr\u00e9sentative.<\/p>\n<p>Sur le plan \u00e9conomique, la R\u00e9publique dominicaine est devenue la locomotive des Cara\u00efbes, avec le produit int\u00e9rieur brut le plus \u00e9lev\u00e9 de la r\u00e9gion et le septi\u00e8me d&#039;Am\u00e9rique latine. En un quart de si\u00e8cle, entre 1992 et 2018, son PIB r\u00e9el a progress\u00e9 \u00e0 un rythme annuel moyen de 5,3 %, soit la croissance la plus rapide de l&#039;h\u00e9misph\u00e8re occidental. Des pics de 7,3 % en 2014 et de 7,0 % en 2015 ont soulign\u00e9 une forte croissance tir\u00e9e par la construction, l&#039;industrie l\u00e9g\u00e8re, le tourisme et l&#039;extraction mini\u00e8re. Au c\u0153ur des hautes terres escarp\u00e9es du centre se trouve la mine d&#039;or de Pueblo Viejo, qui figure parmi les trois premi\u00e8res au monde en termes de production, avec un rendement de trente et une tonnes pour la seule ann\u00e9e 2015.<\/p>\n<p>Le tourisme est devenu la carte de visite de la R\u00e9publique dominicaine. Ann\u00e9e apr\u00e8s ann\u00e9e, elle d\u00e9passe toutes les autres destinations des Cara\u00efbes en termes de fr\u00e9quentation. Son littoral offre des plages de sable blanc baign\u00e9es par des eaux turquoise, mais la topographie du pays s&#039;\u00e9tend bien au-del\u00e0. \u00c0 l&#039;int\u00e9rieur de ses fronti\u00e8res s&#039;\u00e9l\u00e8vent les plus hauts sommets des Antilles\u00a0: le Pico Duarte, \u00e0 3\u00a0098\u00a0m\u00e8tres, flanqu\u00e9 de La Pelona, \u200b\u200bLa Rucilla et le Pico Yaque, des sommets qui bouleversent l&#039;id\u00e9e d&#039;une \u00eele uniform\u00e9ment basse. En contrebas s&#039;\u00e9tendent des bassins fertiles comme la vall\u00e9e du Cibao, berceau de la canne \u00e0 sucre et du caf\u00e9, o\u00f9 les villes de Santiago et de La Vega se nichent au milieu des bananeraies et des champs de tabac. \u00c0 l&#039;inverse, le bassin d&#039;Enriquillo se situe \u00e0 quarante-cinq m\u00e8tres sous le niveau de la mer \u2013 le nadir des Cara\u00efbes \u2013, ses eaux salines \u00e9voquant un paysage plus proche du d\u00e9sert que de la for\u00eat tropicale. Des rivi\u00e8res luxuriantes, dont le Yaque del Norte et le Yaque del Sur sont les principales, traversent le terrain, creusant de profondes vall\u00e9es et soutenant l&#039;agriculture de la montagne \u00e0 la c\u00f4te.<\/p>\n<p>Une multitude d&#039;\u00e9cor\u00e9gions sillonnent cette mosa\u00efque. Des for\u00eats humides de feuillus tapissent les pentes expos\u00e9es au vent, tandis que des pin\u00e8des s&#039;accrochent aux cr\u00eates expos\u00e9es \u00e0 l&#039;air plus frais. Dans les basses terres, des mangroves bordent les lagunes c\u00f4ti\u00e8res. For\u00eats s\u00e8ches et broussailles x\u00e9riques pr\u00e9dominent dans les zones ensoleill\u00e9es du sud-ouest, autour du lac Enriquillo. La diversit\u00e9 de la faune et de la flore prosp\u00e8re au sein d&#039;habitats aussi vari\u00e9s\u00a0; des oiseaux end\u00e9miques voltigent parmi les ceibas et des orchid\u00e9es tapissent les affleurements calcaires.<\/p>\n<p>Le climat refl\u00e8te cette complexit\u00e9. Les temp\u00e9ratures annuelles moyennes avoisinent les 26 \u00b0C, mais l&#039;altitude peut faire baisser le mercure vers 18 \u00b0C ou le faire d\u00e9passer les 40 \u00b0C dans les vall\u00e9es prot\u00e9g\u00e9es. Les r\u00e9gimes pluviom\u00e9triques diff\u00e8rent consid\u00e9rablement\u00a0: la c\u00f4te nord re\u00e7oit ses pluies de novembre \u00e0 janvier, tandis que le reste de l&#039;\u00eele re\u00e7oit la majeure partie des pr\u00e9cipitations de mai \u00e0 novembre. Les cyclones tropicaux frappent le pays entre juin et octobre, leur puissance atteignant son maximum sur la c\u00f4te sud. Bien que l&#039;ouragan Georges de 1998 soit la derni\u00e8re temp\u00eate majeure \u00e0 avoir touch\u00e9 terre, la menace continue de fa\u00e7onner les codes de construction et les strat\u00e9gies d&#039;intervention en cas de catastrophe.<\/p>\n<p>Au milieu de ces richesses naturelles, le d\u00e9veloppement urbain a connu une forte croissance. Des lignes de transport en commun rapides traversent d\u00e9sormais Saint-Domingue, dont le m\u00e9tro constitue le r\u00e9seau ferroviaire rapide le plus \u00e9tendu des Cara\u00efbes et d&#039;Am\u00e9rique centrale. Deux lignes, totalisant plus de 27 kilom\u00e8tres, transportent plus de soixante millions de passagers par an, d\u00e9sengorgeant les principales avenues. Les routes nationales, num\u00e9rot\u00e9es DR-1, DR-2 et DR-3, rayonnent de la capitale vers le nord, le sud-ouest et l&#039;est, avec des embranchements et des itin\u00e9raires alternatifs desservant les villes plus petites. De r\u00e9centes routes \u00e0 p\u00e9age ont r\u00e9duit les temps de trajet vers la p\u00e9ninsule de Saman\u00e1 \u00e0 moins de deux heures, ouvrant des r\u00e9gions verdoyantes comme Jarabacoa et Constanza \u00e0 l&#039;\u00e9cotourisme. Cependant, de nombreuses routes secondaires attendent d&#039;\u00eatre goudronn\u00e9es, et la connectivit\u00e9 rurale reste un d\u00e9fi permanent.<\/p>\n<p>Cette infrastructure moderne soutient une soci\u00e9t\u00e9 dont le profil d\u00e9mographique a radicalement chang\u00e9 depuis le milieu du si\u00e8cle. D&#039;une population de 2,38 millions en 1950, le pays compte aujourd&#039;hui plus de 11 millions d&#039;habitants. Un tiers des Dominicains ont moins de quinze ans, tandis que les plus de soixante-cinq ans repr\u00e9sentent 6 %, ce qui donne un \u00e2ge m\u00e9dian autour de la fin de la vingtaine. Le pays compte un peu plus d&#039;hommes que de femmes, et un taux de croissance annuel d&#039;environ 1,5 % stimule l&#039;urbanisation et la demande de logements. Les migrations, tant entrantes qu&#039;\u00e9mergentes, exercent une influence suppl\u00e9mentaire\u00a0: les transferts de fonds d&#039;une importante diaspora, principalement aux \u00c9tats-Unis, affluent vers les m\u00e9nages dominicains, tandis que l&#039;immigration irr\u00e9guli\u00e8re en provenance d&#039;Ha\u00efti a suscit\u00e9 des d\u00e9bats sur la citoyennet\u00e9, le droit du travail et l&#039;identit\u00e9 nationale.<\/p>\n<p>Sur le plan culturel, la R\u00e9publique dominicaine est n\u00e9e de la confluence des traditions europ\u00e9ennes, africaines et ta\u00efnos. Les codes juridiques et les coutumes sociales ib\u00e9riques se sont impos\u00e9s \u00e0 l&#039;\u00e9poque coloniale, donnant naissance \u00e0 des institutions qui perdurent dans la langue, l&#039;architecture et la gouvernance. L&#039;h\u00e9ritage africain est particuli\u00e8rement visible dans les rythmes du merengue et de la bachata, dans des mets de base comme les plantains et les haricots, et dans des pratiques spirituelles m\u00ealant rituels catholiques et croyances ancestrales. L&#039;h\u00e9ritage ta\u00efno perdure dans la toponymie et les traditions botaniques\u00a0: le manioc, le tabac et l&#039;igname conservent leur nomenclature indig\u00e8ne. Ce syncr\u00e9tisme a donn\u00e9 naissance \u00e0 une mosa\u00efque culturelle dynamique, marqu\u00e9e par des festivals, des d\u00e9fil\u00e9s de carnaval et un artisanat qui refl\u00e8te \u00e0 la fois le pass\u00e9 et le pr\u00e9sent.<\/p>\n<p>L&#039;engagement du pays en faveur de la conservation et du tourisme durable s&#039;est accru ces derni\u00e8res d\u00e9cennies. Les parcs nationaux prot\u00e8gent les bassins versants de la Sierra de Bahoruco et les lagunes inond\u00e9es de Los Haitises, tandis qu&#039;un secteur \u00e9cotouristique en plein essor invite les randonneurs, les ornithologues amateurs et les randonneurs en for\u00eat \u00e0 d\u00e9couvrir des paysages loin des stations baln\u00e9aires fr\u00e9quent\u00e9es. Des sommets comme le Pico Duarte constituent un d\u00e9fi pour les alpinistes, tandis que des enclaves c\u00f4ti\u00e8res comme Bah\u00eda de las \u00c1guilas offrent des plages pr\u00e9serv\u00e9es et des r\u00e9cifs coralliens. Les villages de l&#039;int\u00e9rieur de la Cordill\u00e8re centrale, dont Constanza, ont adapt\u00e9 leurs programmes d&#039;h\u00e9bergement chez l&#039;habitant, qui permettent d&#039;acheminer directement les revenus du tourisme vers les familles rurales.<\/p>\n<p>La r\u00e9novation urbaine de la zone coloniale de Saint-Domingue a soulign\u00e9 la primaut\u00e9 historique du pays sur le continent am\u00e9ricain. La cath\u00e9drale Primada de Am\u00e9rica, l&#039;Alcazar de Col\u00f3n et le monast\u00e8re de San Francisco y sont des vestiges vivants de l&#039;ambition du XVe si\u00e8cle, leurs fa\u00e7ades restaur\u00e9es par l&#039;UNESCO refl\u00e9tant les pierres et les motifs sculpt\u00e9s d&#039;origine. Ces quartiers accueillent des colloques universitaires et des expositions d&#039;art, r\u00e9affirmant que le patrimoine national s&#039;\u00e9tend au-del\u00e0 des plages et des montagnes pour s&#039;inscrire dans l&#039;histoire europ\u00e9enne de l&#039;h\u00e9misph\u00e8re occidental.<\/p>\n<p>L&#039;expansion des projets h\u00f4teliers \u2013 les marinas de Cap Cana, les terminaux de croisi\u00e8re du port de San Souci, les terrains de golf de Casa de Campo et le complexe de divertissement du Hard Rock Hotel &amp; Casino \u2013 t\u00e9moigne de la confiance des investisseurs dans la croissance continue du nombre de visiteurs. Pourtant, les autorit\u00e9s ont temp\u00e9r\u00e9 les strat\u00e9gies de tourisme de masse par des r\u00e9glementations sur l&#039;\u00e9limination et le recyclage des d\u00e9chets\u00a0; au cours de la derni\u00e8re d\u00e9cennie, la R\u00e9publique dominicaine est devenue un leader r\u00e9gional en mati\u00e8re de programmes de gestion des d\u00e9chets solides, instaurant le tri \u00e0 la source et des conceptions modernes de d\u00e9charges. La l\u00e9gislation impose d\u00e9sormais des \u00e9tudes d&#039;impact environnemental pour les grands projets, refl\u00e9tant la compr\u00e9hension que le capital naturel doit \u00eatre g\u00e9r\u00e9 parall\u00e8lement \u00e0 l&#039;expansion \u00e9conomique.<\/p>\n<p>Dans le secteur manufacturier, les zones franches concentrent la production de textiles, d&#039;assemblage \u00e9lectronique et de dispositifs m\u00e9dicaux, b\u00e9n\u00e9ficiant de tarifs pr\u00e9f\u00e9rentiels dans le cadre d&#039;accords bilat\u00e9raux avec les march\u00e9s nord-am\u00e9ricains. Les infrastructures de t\u00e9l\u00e9communications (r\u00e9seaux de fibre optique et couverture cellulaire) et un march\u00e9 des capitaux \u00e9mergent via la Bourse de la valeur de la R\u00e9publique dominicaine ancrent le secteur des services, qui contribue \u00e0 pr\u00e8s de 60 % du produit int\u00e9rieur brut. Les efforts d&#039;inclusion financi\u00e8re visent \u00e0 r\u00e9duire les in\u00e9galit\u00e9s de revenus, m\u00eame si des d\u00e9fis persistent\u00a0: le ch\u00f4mage reste relativement \u00e9lev\u00e9 et les disparit\u00e9s dans la r\u00e9partition des richesses incitent \u00e0 mettre en place des programmes sociaux visant l&#039;\u00e9quit\u00e9 en mati\u00e8re d&#039;\u00e9ducation et de sant\u00e9.<\/p>\n<p>L&#039;agriculture conserve sa place dans la culture de la canne \u00e0 sucre et de la banane, bien que la part des recettes d&#039;exportation du caf\u00e9 et du cacao ait diminu\u00e9 au profit d&#039;industries \u00e0 forte intensit\u00e9 de main-d&#039;\u0153uvre. L&#039;exploitation mini\u00e8re, au-del\u00e0 de l&#039;or \u2013 bauxite, marbre et sel \u2013 contribue aux recettes d&#039;exportation, souvent dans des zones recul\u00e9es o\u00f9 les communaut\u00e9s locales n\u00e9gocient des redevances et des compensations \u00e9cotouristiques. La p\u00eache exploite les ressources marines, la crevette et la langouste \u00e9tant parmi les principales prises, soumises \u00e0 des quotas destin\u00e9s \u00e0 assurer la reconstitution des stocks.<\/p>\n<p>\u00c0 travers son arc de cercle \u2013 des chefferies ta\u00efnos \u00e0 la r\u00e9publique contemporaine, des bastions europ\u00e9ens pionniers aux p\u00f4les urbains dynamiques \u2013 la R\u00e9publique dominicaine r\u00e9v\u00e8le une nation aux multiples contrastes. Les montagnes dominent des plaines peupl\u00e9es de plantations\u00a0; les pierres coloniales c\u00f4toient les n\u00e9ons des casinos\u00a0; les routes nationales serpentent \u00e0 travers des r\u00e9serves de for\u00eats tropicales humides. Son peuple poss\u00e8de des coutumes et des cuisines issues de multiples origines, et il navigue dans la modernit\u00e9 avec une ferveur entrepreneuriale. Pour le voyageur averti, c&#039;est un royaume de d\u00e9couvertes, o\u00f9 chaque panorama \u2013 qu&#039;il s&#039;agisse de la brise parfum\u00e9e de Bayahibe ou des hauteurs balay\u00e9es par le vent de Jarabacoa \u2013 r\u00e9sonne de si\u00e8cles d&#039;efforts humains fa\u00e7onn\u00e9s par la mer, la pierre et le ciel. En r\u00e9sum\u00e9, la R\u00e9publique dominicaine est aujourd&#039;hui \u00e0 la fois la gardienne du plus ancien h\u00e9ritage europ\u00e9en des Am\u00e9riques et un exemple de la vitalit\u00e9 carib\u00e9enne, son histoire grav\u00e9e dans ses montagnes, coulant le long de ses rivi\u00e8res et port\u00e9e par les voix de son peuple.<\/p>","protected":false},"excerpt":{"rendered":"<p>La R\u00e9publique dominicaine, situ\u00e9e sur l&#039;\u00eele d&#039;Hispaniola dans les Grandes Antilles de la mer des Cara\u00efbes, a une population estim\u00e9e \u00e0 plus de 11,4 millions d&#039;habitants en 2024. Couvrant 48 671 kilom\u00e8tres carr\u00e9s (18 792 milles carr\u00e9s), c&#039;est la deuxi\u00e8me plus grande nation des Antilles en termes de superficie et de population, d\u00e9pass\u00e9e uniquement par Cuba en termes de superficie terrestre.<\/p>","protected":false},"author":1,"featured_media":3613,"parent":24084,"menu_order":0,"comment_status":"closed","ping_status":"closed","template":"elementor_theme","meta":{"_eb_attr":"","footnotes":""},"class_list":["post-9128","page","type-page","status-publish","has-post-thumbnail"],"_links":{"self":[{"href":"https:\/\/travelshelper.com\/fr\/wp-json\/wp\/v2\/pages\/9128","targetHints":{"allow":["GET"]}}],"collection":[{"href":"https:\/\/travelshelper.com\/fr\/wp-json\/wp\/v2\/pages"}],"about":[{"href":"https:\/\/travelshelper.com\/fr\/wp-json\/wp\/v2\/types\/page"}],"author":[{"embeddable":true,"href":"https:\/\/travelshelper.com\/fr\/wp-json\/wp\/v2\/users\/1"}],"replies":[{"embeddable":true,"href":"https:\/\/travelshelper.com\/fr\/wp-json\/wp\/v2\/comments?post=9128"}],"version-history":[{"count":0,"href":"https:\/\/travelshelper.com\/fr\/wp-json\/wp\/v2\/pages\/9128\/revisions"}],"up":[{"embeddable":true,"href":"https:\/\/travelshelper.com\/fr\/wp-json\/wp\/v2\/pages\/24084"}],"wp:featuredmedia":[{"embeddable":true,"href":"https:\/\/travelshelper.com\/fr\/wp-json\/wp\/v2\/media\/3613"}],"wp:attachment":[{"href":"https:\/\/travelshelper.com\/fr\/wp-json\/wp\/v2\/media?parent=9128"}],"curies":[{"name":"wp","href":"https:\/\/api.w.org\/{rel}","templated":true}]}}