{"id":9104,"date":"2024-09-07T11:31:28","date_gmt":"2024-09-07T11:31:28","guid":{"rendered":"https:\/\/travelshelper.com\/staging\/?page_id=9104"},"modified":"2026-03-13T16:30:12","modified_gmt":"2026-03-13T16:30:12","slug":"la-palma","status":"publish","type":"page","link":"https:\/\/travelshelper.com\/fr\/destinations\/north-america\/el-salvador\/la-palma\/","title":{"rendered":"La Palma"},"content":{"rendered":"<p>La Palma \u00e9merge des hautes terres brumeuses du nord du Salvador. Sous ses dimensions modestes, elle joue un r\u00f4le majeur dans le paysage culturel et politique du pays. Occupant environ 135,6 kilom\u00e8tres carr\u00e9s au c\u0153ur des cr\u00eates ondulantes du Cerro El Pital, La Palma abrite une communaut\u00e9 de quelque 24\u00a0000 \u00e2mes (vers 2006), dont la vie se d\u00e9roule \u00e0 des altitudes propices aux brises fra\u00eeches et aux for\u00eats verdoyantes. Perch\u00e9e pr\u00e8s de la fronti\u00e8re hondurienne, ses limites administratives \u2013 s&#039;\u00e9tendant au nord jusqu&#039;\u00e0 San Ignacio et au sud jusqu&#039;\u00e0 Agua Caliente, bord\u00e9es \u00e0 l&#039;est par les vastes municipalit\u00e9s de San Fernando, San Francisco Moraz\u00e1n et La Reina, et entour\u00e9es \u00e0 l&#039;ouest par Metap\u00e1n et Cital\u00e1 \u2013 sont sculpt\u00e9es par le cours sinueux de la rivi\u00e8re Lempa. Cette enclave montagneuse, caract\u00e9ris\u00e9e par un climat temp\u00e9r\u00e9 rarement rencontr\u00e9 ailleurs dans les basses terres tropicales, est devenue synonyme \u00e0 la fois d&#039;ing\u00e9niosit\u00e9 artisanale et de moments charni\u00e8res de l&#039;histoire moderne du Salvador.<\/p>\n<p>Les origines de La Palma remontent \u00e0 l&#039;\u00e9poque coloniale, lorsqu&#039;un petit hameau, connu sous le nom de Palmita, prit racine pr\u00e8s du cours incomparable de la rivi\u00e8re Nonuapa. En 1882, un d\u00e9luge submergea ces premi\u00e8res habitations, obligeant les survivants \u00e0 s&#039;installer sur des terres plus \u00e9lev\u00e9es. Cet acte de d\u00e9termination collective donna naissance \u00e0 la ville, dont le nom allait devenir une municipalit\u00e9 en 1959 par d\u00e9cret l\u00e9gislatif, unissant les cantons de Los Horcones, Los Planes, Las Granadillas, El Gramal, San Jos\u00e9 Sacar\u00e9, El T\u00fanel, El Aguacatal et San Josecalera sous une juridiction civique unique. La transition du fragile hameau de Palmita \u00e0 une municipalit\u00e9 \u00e0 part enti\u00e8re souligna la capacit\u00e9 de ses habitants \u00e0 instaurer l&#039;ordre au gr\u00e9 des caprices de la nature.<\/p>\n<p>C&#039;est pourtant dans le creuset de la guerre civile salvadorienne que la renomm\u00e9e de La Palma transcenda la marginalit\u00e9 g\u00e9ographique. \u00c0 partir de 1980, le terrain accident\u00e9 abrita les relais id\u00e9ologiques des forces insurg\u00e9es. Vall\u00e9es et cr\u00eates devinrent des lieux de formation pour la doctrine de la gu\u00e9rilla, et les pentes bois\u00e9es servirent \u00e0 la fois de sanctuaire et de champ de bataille lors de l&#039;avanc\u00e9e des troupes gouvernementales. La municipalit\u00e9 assuma ainsi une double identit\u00e9\u00a0: incubateur de la pens\u00e9e r\u00e9volutionnaire et th\u00e9\u00e2tre d&#039;affrontements arm\u00e9s. Son importance se cristallisa le 15\u00a0octobre\u00a01984, lorsque le pr\u00e9sident Jos\u00e9 Napole\u00f3n Duarte rencontra clandestinement les dirigeants du Frente Farabundo Mart\u00ed para la Liberaci\u00f3n Nacional dans l&#039;enceinte de La Palma, inaugurant ainsi les n\u00e9gociations qui aboutirent aux accords de paix de Chapultepec. Dans cet acte fugace de dialogue, port\u00e9 par l\u2019espoir que le dialogue puisse temp\u00e9rer la violence, La Palma incarnait une alchimie paradoxale : un lieu de conflit transform\u00e9 en creuset de r\u00e9conciliation.<\/p>\n<p>La topographie qui abritait autrefois des camps de gu\u00e9rilla soutient aujourd&#039;hui une \u00e9conomie artisanale florissante. Aujourd&#039;hui, pr\u00e8s des trois quarts des habitants de La Palma vivent de l&#039;artisanat et des nombreux visiteurs attir\u00e9s par sa renomm\u00e9e. Au d\u00e9but des ann\u00e9es 1970, l&#039;artiste visionnaire Fernando Llort a introduit une esth\u00e9tique vernaculaire alliant motifs indig\u00e8nes et g\u00e9om\u00e9trie moderniste, catalysant ce qui allait devenir une industrie artisanale unique au Salvador. Des ateliers ont fleuri dans les six quartiers urbains de la ville et se sont \u00e9tendus \u00e0 ses quatre-vingt-sept caser\u00edos ruraux, pour finalement compter pr\u00e8s d&#039;une centaine d&#039;ateliers artisanaux, dont la moiti\u00e9 exporte des produits allant de la c\u00e9ramique peinte \u00e0 la main aux textiles finement tiss\u00e9s. Les motifs complexes de la lign\u00e9e de Llort alimentent les march\u00e9s nationaux et les galeries \u00e9trang\u00e8res avec des objets portant l&#039;empreinte ind\u00e9niable de La Palma. Les revenus de ces entreprises, aliment\u00e9s en partie par le tourisme culturel, soutiennent d\u00e9sormais la stabilit\u00e9 fiscale de la municipalit\u00e9, s&#039;\u00e9cartant fortement de l&#039;\u00e9conomie nationale dans son ensemble, o\u00f9 l&#039;artisanat occupe rarement une telle place.<\/p>\n<p>Le quart restant de la main-d&#039;\u0153uvre de La Palma s&#039;occupe des sols et des plantations de caf\u00e9 qui s&#039;accrochent aux pentes accessibles. L\u00e9gumes, ma\u00efs et haricots occupent les parcelles les plus basses, tandis que les caf\u00e9iers \u2013 qui repr\u00e9sentaient autrefois plus de la moiti\u00e9 des recettes d&#039;exportation du pays en 1988 \u2013 repr\u00e9sentent aujourd&#039;hui une source de revenus r\u00e9duite, ne repr\u00e9sentant plus que 7 % des recettes d&#039;exportation en 2004 en raison de la concurrence internationale. Cependant, m\u00eame si les plantations de caf\u00e9 se r\u00e9duisent, elles persistent, vestiges d&#039;une industrie autrefois dominante, ponctuant le paysage de rang\u00e9es soign\u00e9es d&#039;arbustes \u00e0 feuillage persistant dont les cerises de caf\u00e9 se d\u00e9tachent sur la canop\u00e9e couleur \u00e9meraude.<\/p>\n<p>Au-del\u00e0 de ses activit\u00e9s humaines, La Palma offre un \u00e9ventail d&#039;attraits naturels qui m\u00e9ritent d&#039;\u00eatre explor\u00e9s. \u00c0 treize kilom\u00e8tres de route du centre-ville, on acc\u00e8de \u00e0 la for\u00eat de Miramundo, o\u00f9, \u00e0 quelque 2\u00a0400 m\u00e8tres d&#039;altitude, la temp\u00e9rature moyenne n&#039;atteint que douze degr\u00e9s Celsius. L\u00e0, pins et ch\u00eanes, envelopp\u00e9s de nuages, veillent sur des sentiers qui invitent \u00e0 la fl\u00e2nerie contemplative. En descendant vers le fond de la vall\u00e9e, on d\u00e9couvre San Ignacio, \u00e0 1\u00a0010 m\u00e8tres d&#039;altitude, un hameau dont les h\u00f4tels modestes et les excursions guid\u00e9es accueillent les voyageurs d\u00e9sireux de go\u00fbter \u00e0 la fra\u00eecheur du climat et aux charmes fluviaux de la r\u00e9gion. Un court trajet vers le nord m\u00e8ne au cours de la rivi\u00e8re Lempa, o\u00f9 la ville de Cital\u00e1 se dresse telle une sentinelle sur ses rives, offrant un contraste paisible avec les paysages montagneux.<\/p>\n<p>Plus loin sur les routes de montagne, Las Pilas appara\u00eet comme une enclave dont le climat est encore plus bas que celui de Miramundo, offrant aux producteurs locaux des conditions id\u00e9ales pour la culture des m\u00fbres, des fraises et des p\u00eaches, ainsi que des l\u00e9gumes-feuilles comme la laitue et le chou. La richesse de ces vergers et champs refl\u00e8te l&#039;adaptabilit\u00e9 des pratiques agricoles aux microclimats d&#039;altitude, et le sentier de La Palma \u00e0 Las Pilas offre \u00e0 la fois des paysages magnifiques et un aper\u00e7u de la vie agricole en altitude.<\/p>\n<p>\u00c0 la fronti\u00e8re entre les nations, quatre kilom\u00e8tres au-del\u00e0 de San Ignacio, la pierre de Cayahuanca culmine \u00e0 environ 1\u00a0550 m\u00e8tres d&#039;altitude. Cet affleurement, marquant la fronti\u00e8re entre le Salvador et le Honduras, offre une vue panoramique sur les cr\u00eates \u00e9meraude des deux pays. Pendant la Semaine sainte, familles et p\u00e8lerins locaux se rassemblent sur sa vaste surface pour admirer le cr\u00e9puscule descendre sur un horizon divis\u00e9 par une fine ligne dans la roche \u2013 un rite annuel de rassemblement communautaire qui perdure au-del\u00e0 des pratiques religieuses, symbole d&#039;un h\u00e9ritage culturel commun qui comble les divisions nationales.<\/p>\n<p>Plus haut sommet du territoire salvadorien, le Cerro El Pital se trouve \u00e0 environ douze kilom\u00e8tres de La Palma. \u00c0 2\u00a0730 m\u00e8tres d&#039;altitude, il perce la couche nuageuse et domine une for\u00eat dont la temp\u00e9rature moyenne annuelle est de dix degr\u00e9s Celsius. La fra\u00eecheur de la montagne engendre parfois des ph\u00e9nom\u00e8nes qui \u00e9tonnent m\u00eame les habitants de longue date\u00a0: le 13\u00a0avril\u00a02004, une gel\u00e9e inattendue et des plaques de glace se sont abattues, provoquant des exclamations de surprise \u00ab\u00a0nevada\u00a0\u00bb et un bref recours aux traditions locales pour tenter d&#039;expliquer un ph\u00e9nom\u00e8ne m\u00e9t\u00e9orologique rare sous ces latitudes. De tels moments soulignent le caract\u00e8re capricieux du climat montagnard et l&#039;humilit\u00e9 qu&#039;il inspire \u00e0 ceux qui vivent \u00e0 ses pieds.<\/p>\n<p>Sur le plan administratif, les huit cantons de La Palma et leurs quelque soixante-dix caser\u00edos forment un tissu urbain complexe qui s&#039;articule autour de six districts urbains, formant le c\u0153ur solide de la municipalit\u00e9. Les recensements montrent une communaut\u00e9 qui est pass\u00e9e de 5\u00a0337 \u00e2mes \u00e0 la mi-1956 \u2013 r\u00e9parties presque \u00e9galement entre 2\u00a0780 hommes et 2\u00a0957 femmes \u2013 \u00e0 environ 24\u00a0000 habitants en 2006, t\u00e9moignant \u00e0 la fois de l&#039;accroissement naturel et des flux migratoires qui ont fusionn\u00e9 modes de vie urbains et ruraux en une identit\u00e9 r\u00e9gionale unique.<\/p>\n<p>Dans ce cadre, les ateliers d&#039;artisans servent non seulement de moteurs \u00e9conomiques, mais aussi de d\u00e9positaires de la m\u00e9moire culturelle, transmettant des motifs issus du symbolisme indig\u00e8ne, de l&#039;iconographie religieuse et de la faune et de la flore vivantes de la for\u00eat tropicale. Chaque assiette peinte, chaque figurine sculpt\u00e9e, reproduit en miniature les textures des palmiers riverains, les plumes des oiseaux tropicaux et les contours des pics volcaniques, rappelant la rive perdue de Palmita tout en c\u00e9l\u00e9brant la robustesse de son successeur, La Palma.<\/p>\n<p>Il convient de rappeler que les pentes m\u00eames, t\u00e9moins de fusillades et de s\u00e9ances de strat\u00e9gie clandestines, ont \u00e9t\u00e9 transform\u00e9es en terrains propices \u00e0 l&#039;art et au commerce. Les sentiers de la gu\u00e9rilla, autrefois emprunt\u00e9s par les combattants, serpentent aujourd&#039;hui le long d&#039;ateliers aux fa\u00e7ades en adobe orn\u00e9es de fresques murales dans le style na\u00eff de Llort. Ici, les visiteurs peuvent observer des artisans \u00e9taler du gesso sur du bois, broyer des pigments naturels ou tracer des motifs g\u00e9om\u00e9triques sur des plateaux en c\u00e9ramique, tissant ainsi des liens entre tradition locale et march\u00e9s mondiaux. Artisanat et conflit \u2013 deux facettes de l&#039;activit\u00e9 humaine \u2013 ont converg\u00e9 \u00e0 La Palma, si bien que l&#039;esprit de r\u00e9silience insuffl\u00e9 par les \u00e9preuves est devenu indissociable de l&#039;\u00e9lan cr\u00e9atif qui d\u00e9finit la ville aujourd&#039;hui.<\/p>\n<p>Alors que l&#039;aube se l\u00e8ve sur El Pital, illuminant la brume de filaments roses et dor\u00e9s, La Palma se dresse comme un microcosme du r\u00e9cit plus vaste du Salvador\u00a0: une terre o\u00f9 la beaut\u00e9 naturelle cohabite avec un pass\u00e9 tumultueux, o\u00f9 l&#039;expression culturelle \u00e9merge de l&#039;adversit\u00e9 et o\u00f9 les liens communautaires, renforc\u00e9s par une histoire commune, tracent la voie du renouveau. L&#039;air frais de la montagne porte le murmure des batailles pass\u00e9es et des coups de pinceau \u00e0 venir, des n\u00e9gociations de trait\u00e9s autrefois tenues sous ce m\u00eame ciel et des artisans qui fa\u00e7onnent aujourd&#039;hui le destin de la ville. Pour le voyageur qui s&#039;aventure dans cette municipalit\u00e9 des hautes terres, la rencontre transcende la simple observation de panoramas pittoresques\u00a0; elle devient une immersion dans une chronique vivante o\u00f9 chaque artisanat, chaque champ cultiv\u00e9 et chaque sentier couvert de mousse racontent une histoire de transformation et de t\u00e9nacit\u00e9.<\/p>\n<p>En fin de compte, La Palma ne se r\u00e9v\u00e8le ni comme une relique statique ni comme un mus\u00e9e aseptis\u00e9 de la m\u00e9moire nationale, mais plut\u00f4t comme un village dynamique o\u00f9 histoire et art dialoguent constamment. En retra\u00e7ant ses origines, d&#039;un hameau riverain \u00e0 un creuset d&#039;entente politique, puis \u00e0 un haut lieu d&#039;excellence artisanale, on discerne un continuum \u2013 un r\u00e9cit qui relie les migrations forc\u00e9es par les inondations, les conflits internes et l&#039;aspiration commune \u00e0 fa\u00e7onner la beaut\u00e9 \u00e0 partir de l&#039;argile de l&#039;exp\u00e9rience humaine. C&#039;est le long de ces pentes, entre l&#039;\u00e9cho du fleuve et de la cr\u00eate, que La Palma continue d&#039;\u00e9crire son chapitre dans l&#039;histoire du Salvador.<\/p>","protected":false},"excerpt":{"rendered":"<p>La Palma, une municipalit\u00e9 pittoresque situ\u00e9e dans le d\u00e9partement de Chalatenango au Salvador, illustre le riche patrimoine historique et culturel de ce pays d&#039;Am\u00e9rique centrale. D&#039;une superficie de 135,60 kilom\u00e8tres carr\u00e9s, La Palma est situ\u00e9e dans une r\u00e9gion vallonn\u00e9e r\u00e9put\u00e9e pour sa beaut\u00e9 naturelle et son dynamisme artisanal. En 2006, cette municipalit\u00e9 comptait plus de 24\u00a0000 habitants, offrant un m\u00e9lange dynamique de modes de vie urbains et ruraux.<\/p>","protected":false},"author":1,"featured_media":3498,"parent":9069,"menu_order":0,"comment_status":"closed","ping_status":"closed","template":"elementor_theme","meta":{"_eb_attr":"","footnotes":""},"class_list":["post-9104","page","type-page","status-publish","has-post-thumbnail"],"_links":{"self":[{"href":"https:\/\/travelshelper.com\/fr\/wp-json\/wp\/v2\/pages\/9104","targetHints":{"allow":["GET"]}}],"collection":[{"href":"https:\/\/travelshelper.com\/fr\/wp-json\/wp\/v2\/pages"}],"about":[{"href":"https:\/\/travelshelper.com\/fr\/wp-json\/wp\/v2\/types\/page"}],"author":[{"embeddable":true,"href":"https:\/\/travelshelper.com\/fr\/wp-json\/wp\/v2\/users\/1"}],"replies":[{"embeddable":true,"href":"https:\/\/travelshelper.com\/fr\/wp-json\/wp\/v2\/comments?post=9104"}],"version-history":[{"count":0,"href":"https:\/\/travelshelper.com\/fr\/wp-json\/wp\/v2\/pages\/9104\/revisions"}],"up":[{"embeddable":true,"href":"https:\/\/travelshelper.com\/fr\/wp-json\/wp\/v2\/pages\/9069"}],"wp:featuredmedia":[{"embeddable":true,"href":"https:\/\/travelshelper.com\/fr\/wp-json\/wp\/v2\/media\/3498"}],"wp:attachment":[{"href":"https:\/\/travelshelper.com\/fr\/wp-json\/wp\/v2\/media?parent=9104"}],"curies":[{"name":"wp","href":"https:\/\/api.w.org\/{rel}","templated":true}]}}