{"id":8997,"date":"2024-09-06T20:44:09","date_gmt":"2024-09-06T20:44:09","guid":{"rendered":"https:\/\/travelshelper.com\/staging\/?page_id=8997"},"modified":"2026-03-13T17:19:57","modified_gmt":"2026-03-13T17:19:57","slug":"berkeley-springs","status":"publish","type":"page","link":"https:\/\/travelshelper.com\/fr\/destinations\/north-america\/united-states\/berkeley-springs\/","title":{"rendered":"Berkeley Springs"},"content":{"rendered":"<p>Berkeley Springs (officiellement la ville de Bath) est une petite station baln\u00e9aire historique nich\u00e9e dans les contreforts des Appalaches en Virginie-Occidentale. Sa population est inf\u00e9rieure \u00e0 1\u00a0000 habitants (environ 899 au recensement de 2020), ce qui en fait l&#039;une des plus petites villes-chefs des \u00c9tats-Unis. Situ\u00e9e dans l&#039;Eastern Panhandle (comt\u00e9 de Morgan), la ville se trouve \u00e0 l&#039;embouchure du Warm Spring Run, \u00e0 200 m\u00e8tres d&#039;altitude, entour\u00e9e de collines et de montagnes bois\u00e9es. Le comt\u00e9 de Washington, dans le Maryland, est limitrophe \u00e0 quelques kilom\u00e8tres au nord par le fleuve Potomac. Sa g\u00e9ographie conf\u00e8re \u00e0 Berkeley Springs un charme rural\u00a0: le terrain environnant s&#039;\u00e9l\u00e8ve abruptement (notamment la montagne Cacapon, d&#039;environ 710 m\u00e8tres d&#039;altitude), et \u00e0 42 km au sud-est se trouve Martinsburg, en Virginie-Occidentale, tandis qu&#039;\u00e0 58 km \u00e0 l&#039;est se trouve Hagerstown, dans le Maryland.<\/p>\n<p><strong>Berkeley Springs en chiffres :<\/strong> Ceci est un profil de petite ville :<\/p>\n<ul>\n<li><strong>Population:<\/strong> ~900 (2020), soit une l\u00e9g\u00e8re baisse par rapport aux mille recens\u00e9s pr\u00e9c\u00e9demment. La ville ne couvre que 0,3 mile carr\u00e9.<\/li>\n<li><strong>Revenus et \u00e9conomie :<\/strong> Sa richesse est modeste : le revenu m\u00e9dian des m\u00e9nages est d&#039;environ <strong>$36,250<\/strong> (Estimation 2017), bien en dessous de la moyenne am\u00e9ricaine. Le ch\u00f4mage est faible (environ 3,6 %), mais environ 19,2 % des habitants vivent dans la pauvret\u00e9. De nombreux emplois locaux se trouvent dans le tourisme, les services de sant\u00e9 et de spa, le secteur public et le commerce de d\u00e9tail.<\/li>\n<li><strong>Donn\u00e9es d\u00e9mographiques :<\/strong> Presque tout le monde est citoyen am\u00e9ricain\u00a0; la ville est majoritairement blanche. L&#039;\u00e2ge m\u00e9dian est \u00e9lev\u00e9 (environ 44\u00a0ans), ce qui refl\u00e8te son attrait pour les retrait\u00e9s et les familles nombreuses. Les prix et les valeurs immobili\u00e8res sont mod\u00e9r\u00e9s, notamment parce qu&#039;il ne s&#039;agit pas d&#039;un centre urbain.<\/li>\n<\/ul>\n<p><strong>Localisation et climat :<\/strong> Berkeley Springs se situe dans les Appalaches, une r\u00e9gion de montagnes vallonn\u00e9es et de for\u00eats. Son climat est continental humide\u00a0: \u00e9t\u00e9s chauds et humides, hivers froids et neigeux. La ville est c\u00e9l\u00e8bre pour ses sources d&#039;eau min\u00e9rale chaude (23\u00a0\u00b0C) qui jaillissent dans le parc municipal. Ces sources ont marqu\u00e9 Berkeley Springs pendant des si\u00e8cles\u00a0: elles ont attir\u00e9 les Am\u00e9rindiens, puis les colons en qu\u00eate d&#039;eaux bienfaisantes.<\/p>\n<p><strong>Aper\u00e7u historique :<\/strong> Les sources sont utilis\u00e9es depuis l&#039;\u00e9poque pr\u00e9coloniale. George Washington y a m\u00eame dessin\u00e9 un jour (on peut m\u00eame voir une baignoire dans le parc d&#039;\u00c9tat qui porte le nom de sa visite pr\u00e9sum\u00e9e). En 1776, l&#039;assembl\u00e9e l\u00e9gislative de Virginie a officiellement incorpor\u00e9 la ville de Bath at the Warm Springs, lui donnant le nom de Bath, en Angleterre. Au XIXe si\u00e8cle, Bath (Berkeley Springs) \u00e9tait r\u00e9put\u00e9e comme station thermale\u00a0; des \u00e9crivains comme Washington Irving et Robert Louis Stevenson vantaient ses eaux curatives. Lorsque la Virginie-Occidentale s&#039;est s\u00e9par\u00e9e de la Virginie en 1863, la ville est tomb\u00e9e en Virginie-Occidentale\u00a0; son nom de \u00ab\u00a0bureau de poste\u00a0\u00bb (Berkeley Springs) est devenu courant. Tout au long de son histoire, Berkley Springs a \u00e9t\u00e9 une destination touristique tranquille. Aujourd&#039;hui, vous pouvez encore admirer des vestiges du tourisme victorien\u00a0: l&#039;\u00e9l\u00e9gant b\u00e2timent des bains publics (construit en 1939) et les parcs qui pr\u00e9servent les sources de l&#039;\u00e9poque coloniale.<\/p>\n<p><strong>Culture et ambiance locales :<\/strong> Berkeley Springs a l&#039;air d&#039;une petite ville des Appalaches. On y parle anglais (certains habitants plus \u00e2g\u00e9s ont peut-\u00eatre un l\u00e9ger accent montagnard) et la vie quotidienne s&#039;y d\u00e9roule tranquillement. Les voisins se connaissent\u00a0; en fl\u00e2nant sur Main Street, on \u00e9change souvent des salutations amicales. La ville a une forte tendance artistique\u00a0: de nombreux artistes et retrait\u00e9s y vivent, et le centre-ville est bord\u00e9 de galeries et de boutiques d&#039;artisanat. Les traditions sont centr\u00e9es sur les sources. Par exemple, le Berkeley Springs International Water Tasting (qui se tient chaque ann\u00e9e en f\u00e9vrier) est mondialement connu comme le plus ancien et le plus grand concours de ce type. De plus, chaque octobre, le Apple Butter Festival (qui a lieu depuis 1974) attire les foules pour voir le cidre press\u00e9 et \u00e9couter de la musique. Ces festivals incarnent l&#039;esprit convivial de la communaut\u00e9\u00a0: un visiteur remarque\u00a0: \u00ab\u00a0Berkeley Springs est un v\u00e9ritable joyau cach\u00e9\u00a0; ses habitants sont fiers de leur patrimoine, et les festivals y sont \u00e0 la fois festifs et chaleureux.\u00a0\u00bb Les habitants \u00e9voquent souvent le \u00ab\u00a0sentiment de paix\u00a0\u00bb qui r\u00e8gne dans la ville, h\u00e9ritage d&#039;une vie au contact des sources depuis des si\u00e8cles.<\/p>\n<p><strong>Principales attractions :<\/strong> Il y a plus de choses \u00e0 faire que ce \u00e0 quoi on pourrait s&#039;attendre pour un si petit endroit :<\/p>\n<ul>\n<li><strong>Parc d&#039;\u00c9tat et bains publics de Berkeley Springs :<\/strong> Le joyau de la couronne. Le parc d&#039;\u00c9tat (en centre-ville) pr\u00e9serve la source chaude d&#039;origine. Vous pouvez visiter les thermes romains historiques et leur mus\u00e9e, et m\u00eame payer pour un bain min\u00e9ral ou un massage. (L&#039;entr\u00e9e pour admirer les bassins et le mus\u00e9e est gratuite, mais la baignade est payante.) C&#039;est ce qui fait la renomm\u00e9e de la ville\u00a0: les habitants disent que l&#039;eau a des vertus th\u00e9rapeutiques contre les douleurs.<\/li>\n<li><strong>La baignoire de George Washington :<\/strong> Au bout d&#039;un petit chemin se trouve un petit mus\u00e9e abritant la l\u00e9gendaire baignoire en pierre dans laquelle le pr\u00e9sident Washington se serait baign\u00e9 lors d&#039;une visite. (Plus symbolique que fonctionnelle, elle offre n\u00e9anmoins une occasion photo originale.)<\/li>\n<li><strong>Art et histoire locale :<\/strong> Le mus\u00e9e du comt\u00e9 de Morgan (install\u00e9 dans l&#039;ancienne prison du comt\u00e9) jouxte le parc et retrace l&#039;histoire locale. De nombreuses galeries d&#039;art et ateliers exposent poteries, verreries, peintures et artisanat. Une promenade dans Fairfax Street vous permettra de d\u00e9couvrir des boutiques uniques (livres, antiquit\u00e9s, pierres pr\u00e9cieuses).<\/li>\n<li><strong>Loisirs de plein air :<\/strong> \u00c0 16 kilom\u00e8tres au sud de la ville se trouve le parc d&#039;\u00c9tat de Cacapon Resort, avec ses sentiers de randonn\u00e9e (dont celui du mont Cacapon, culminant \u00e0 700 m\u00e8tres), son parcours de golf et ses plages et lacs propices \u00e0 la baignade. De nombreux visiteurs y combinent une journ\u00e9e au spa avec une randonn\u00e9e ou un pique-nique l&#039;apr\u00e8s-midi. La for\u00eat nationale George Washington et le sentier des Appalaches, situ\u00e9s \u00e0 proximit\u00e9, offrent \u00e9galement des randonn\u00e9es en pleine nature.<\/li>\n<li><strong>Vignobles &amp; D\u00e9gustation :<\/strong> Berkeley Springs se situe \u00e0 l&#039;extr\u00e9mit\u00e9 nord de la r\u00e9gion viticole de la vall\u00e9e de Shenandoah. Quelques vignobles et domaines viticoles locaux (par exemple, Cacapon et Warm Springs Winery) sont facilement accessibles en voiture et proposent des d\u00e9gustations.<\/li>\n<li><strong>Centre-ville et restauration :<\/strong> Le centre-ville historique (avec son architecture du XVIIIe si\u00e8cle) est tr\u00e8s accessible \u00e0 pied. Ne manquez pas de prendre votre petit-d\u00e9jeuner dans l&#039;un des caf\u00e9s chaleureux, ou de d\u00e9guster les gaufres belges, sp\u00e9cialit\u00e9s locales, au Wild Bean. Le Sud des Appalaches est r\u00e9put\u00e9 pour sa cuisine g\u00e9n\u00e9reuse\u00a0: vous pourrez y d\u00e9guster de la truite, des grillades et des tartes maison dans les restaurants locaux. Un restaurant local est r\u00e9put\u00e9 pour son jambon et ses \u0153ufs de campagne. La petite taille de la ville permet de croiser fr\u00e9quemment des habitants au restaurant ou \u00e0 la poste, ce qui renforce l&#039;ambiance conviviale et conviviale.<\/li>\n<\/ul>\n<p><strong>Aper\u00e7u pratique :<\/strong> Il n&#039;y a ni a\u00e9roport ni train majeurs \u00e0 Berkeley Springs. La plupart des visiteurs atterrissent \u00e0 Washington Dulles (IAD, \u00e0 environ 112 km au nord) ou \u00e0 Baltimore\/Washington (BWI, \u00e0 environ 145 km) et louent une voiture. La ville est \u00e0 environ deux heures de route de Washington (via l&#039;I-270 et l&#039;I-70 ouest). La ville est directement desservie par l&#039;US Highway 522 (qui s&#039;\u00e9tend du nord au sud) et la Route 9 de Virginie-Occidentale (en provenance de Martinsburg, Virginie-Occidentale). Le paysage, en route, est celui des Appalaches rurales\u00a0: magnifique mais sinueux\u00a0; il faut donc conduire prudemment. (En hiver, des cha\u00eenes ou un 4x4 peuvent \u00eatre n\u00e9cessaires sur les portions verglac\u00e9es.)<\/p>\n<p>Une fois sur place, Berkeley Springs est \u00e0 proximit\u00e9 de tout. Central Park et les commerces sont \u00e0 moins d&#039;un kilom\u00e8tre les uns des autres, ce qui permet de facilement explorer la ville \u00e0 pied. Les taxis \u00e9tant quasi inexistants, une voiture de location est recommand\u00e9e pour rejoindre des endroits comme Cacapon Park ou les sentiers les plus \u00e9loign\u00e9s.<\/p>\n<p><strong>Conseils locaux :<\/strong> Pr\u00e9voyez des esp\u00e8ces pour les petits achats (certains h\u00f4tels et magasins acceptent uniquement les esp\u00e8ces) et un pourboire de 15 \u00e0 20 % dans les restaurants. Les r\u00e8gles de savoir-vivre am\u00e9ricaines s&#039;appliquent (poign\u00e9es de main, \u00ab s&#039;il vous pla\u00eet\/merci \u00bb). Les habitants sont tr\u00e8s accueillants\u00a0; ne soyez pas surpris si une serveuse engage la conversation ou si un autre client vous conseille sur les sentiers. S\u00e9curit\u00e9\u00a0: Berkeley Springs est extr\u00eamement s\u00fbre\u00a0; la criminalit\u00e9 y est minime. (Il est courant de voir tout le monde verrouiller uniquement son coffre, pas ses portes.) Cependant, si vous faites de la randonn\u00e9e, soyez attentif \u00e0 la faune\u00a0: ours noirs et tiques peuvent appara\u00eetre dans les for\u00eats, alors planifiez en cons\u00e9quence. La r\u00e9ception cellulaire peut \u00eatre irr\u00e9guli\u00e8re sur les cr\u00eates\u00a0; une carte imprim\u00e9e ou un GPS hors ligne est conseill\u00e9 pour explorer les routes secondaires. Profitez des sources et du charme des petites villes, et n&#039;oubliez pas que les zones rurales de Virginie-Occidentale sont expos\u00e9es \u00e0 un risque d&#039;incendie de for\u00eat \u00e0 la fin de l&#039;\u00e9t\u00e9\u00a0; consultez les avis locaux si vous pr\u00e9voyez des feux de camp.<\/p>","protected":false},"excerpt":{"rendered":"<p>Berkeley Springs, charmante ville nich\u00e9e dans les Appalaches, est le si\u00e8ge du comt\u00e9 de Morgan, en Virginie-Occidentale. Ce lieu pittoresque, situ\u00e9 dans l&#039;est de l&#039;\u00c9tat, est souvent d\u00e9sign\u00e9 par son nom historique, la ville de Bath. Ses origines remontent \u00e0 1776, lorsque la l\u00e9gislature de Virginie l&#039;a incorpor\u00e9e autour des sources naturelles, la nommant Bath. Cependant, depuis 1802, elle est commun\u00e9ment connue sous le nom de Berkeley Springs, d&#039;apr\u00e8s son ancien bureau de poste. Selon le recensement de 2020, la ville comptait 758 habitants, ce qui en fait un \u00e9l\u00e9ment pittoresque et pourtant important de l&#039;agglom\u00e9ration de Hagerstown\u2013Martinsburg.<\/p>","protected":false},"author":1,"featured_media":17466,"parent":8072,"menu_order":0,"comment_status":"closed","ping_status":"closed","template":"elementor_theme","meta":{"_eb_attr":"","footnotes":""},"class_list":["post-8997","page","type-page","status-publish","has-post-thumbnail"],"_links":{"self":[{"href":"https:\/\/travelshelper.com\/fr\/wp-json\/wp\/v2\/pages\/8997","targetHints":{"allow":["GET"]}}],"collection":[{"href":"https:\/\/travelshelper.com\/fr\/wp-json\/wp\/v2\/pages"}],"about":[{"href":"https:\/\/travelshelper.com\/fr\/wp-json\/wp\/v2\/types\/page"}],"author":[{"embeddable":true,"href":"https:\/\/travelshelper.com\/fr\/wp-json\/wp\/v2\/users\/1"}],"replies":[{"embeddable":true,"href":"https:\/\/travelshelper.com\/fr\/wp-json\/wp\/v2\/comments?post=8997"}],"version-history":[{"count":0,"href":"https:\/\/travelshelper.com\/fr\/wp-json\/wp\/v2\/pages\/8997\/revisions"}],"up":[{"embeddable":true,"href":"https:\/\/travelshelper.com\/fr\/wp-json\/wp\/v2\/pages\/8072"}],"wp:featuredmedia":[{"embeddable":true,"href":"https:\/\/travelshelper.com\/fr\/wp-json\/wp\/v2\/media\/17466"}],"wp:attachment":[{"href":"https:\/\/travelshelper.com\/fr\/wp-json\/wp\/v2\/media?parent=8997"}],"curies":[{"name":"wp","href":"https:\/\/api.w.org\/{rel}","templated":true}]}}