{"id":8985,"date":"2024-09-06T18:23:11","date_gmt":"2024-09-06T18:23:11","guid":{"rendered":"https:\/\/travelshelper.com\/staging\/?page_id=8985"},"modified":"2026-03-13T18:39:49","modified_gmt":"2026-03-13T18:39:49","slug":"saratoga-springs","status":"publish","type":"page","link":"https:\/\/travelshelper.com\/fr\/destinations\/north-america\/united-states\/saratoga-springs\/","title":{"rendered":"Saratoga Springs"},"content":{"rendered":"<p>Saratoga Springs est une petite ville du nord de l&#039;\u00c9tat de New York, qui comptait environ 28\u00a0500 habitants selon le recensement de 2020. La population est majoritairement blanche (environ 87\u00a0%), avec des communaut\u00e9s hispaniques, asiatiques et afro-am\u00e9ricaines plus modestes. La ville est relativement prosp\u00e8re\u00a0: le revenu m\u00e9dian des m\u00e9nages est d&#039;environ 100\u00a0000\u00a0$ et le revenu par habitant d&#039;environ 67\u00a0000\u00a0$. Le tourisme est un moteur essentiel de l&#039;\u00e9conomie locale. \u00c0 lui seul, le c\u00e9l\u00e8bre hippodrome d&#039;\u00e9t\u00e9 de Saratoga g\u00e9n\u00e8re environ 371\u00a0millions de dollars d&#039;activit\u00e9 \u00e9conomique r\u00e9gionale et pr\u00e8s de 3\u00a0000\u00a0emplois chaque ann\u00e9e. Avec le casino de Saratoga, la salle de concert et de danse (SPAC) et le parc historique national de Saratoga situ\u00e9 \u00e0 proximit\u00e9, les attractions de la ville injectent plus de 647\u00a0millions de dollars dans la r\u00e9gion chaque ann\u00e9e. En r\u00e9sum\u00e9, Saratoga Springs est une ville de taille modeste dont l&#039;\u00e9conomie et le caract\u00e8re reposent sur son histoire de station baln\u00e9aire et de centre de divertissement.<\/p>\n<p>Saratoga Springs se situe au nord-est de l&#039;Am\u00e9rique du Nord, dans le nord de l&#039;\u00c9tat de New York, \u00e0 environ 48 kilom\u00e8tres au nord d&#039;Albany. Elle se trouve \u00e0 l&#039;extr\u00e9mit\u00e9 sud des contreforts des Adirondacks, l\u00e0 o\u00f9 la large vall\u00e9e de l&#039;Hudson rencontre des hautes terres vallonn\u00e9es et bois\u00e9es. Le paysage est doux\u00a0: rues bord\u00e9es d&#039;arbres en ville, et quelques collines et rivi\u00e8res \u00e0 proximit\u00e9. L&#039;une de ses particularit\u00e9s est l&#039;abondance de sources min\u00e9rales\u00a0: Saratoga est mondialement connue pour ses quelque 21 sources naturelles d&#039;eau riche en min\u00e9raux. (De l&#039;eau contenant divers min\u00e9raux dissous suinte du sol dans et autour des parcs urbains.) Le climat est continental humide\u00a0: les \u00e9t\u00e9s sont g\u00e9n\u00e9ralement chauds et humides, tandis que les hivers sont froids et enneig\u00e9s. Les pr\u00e9cipitations sont mod\u00e9r\u00e9es toute l&#039;ann\u00e9e, avec des orages fr\u00e9quents en fin d&#039;\u00e9t\u00e9 et d&#039;importantes chutes de neige hivernales qui recouvrent parfois la r\u00e9gion. Le Congress Park et le Saratoga Spa State Park, situ\u00e9s \u00e0 proximit\u00e9, sont luxuriants en \u00e9t\u00e9 et se transforment en jardins enneig\u00e9s et patinoires en hiver.<\/p>\n<p>Bien avant la colonisation europ\u00e9enne, les sources \u00e9taient v\u00e9n\u00e9r\u00e9es par les peuples autochtones. \u00c0 la fin du XVIIIe si\u00e8cle, les eaux de Saratoga attiraient les visiteurs coloniaux, et le village commen\u00e7a \u00e0 se d\u00e9velopper au d\u00e9but du XIXe si\u00e8cle. Saratoga fut officiellement \u00e9rig\u00e9e en village en 1826 et \u00e9lev\u00e9e au rang de ville en 1915. Sa prosp\u00e9rit\u00e9 initiale fut due au chemin de fer\u00a0: la ligne Saratoga &amp; Schenectady (1832) permit \u00e0 de riches curistes de New York de venir se soigner, et de grands h\u00f4tels apparurent autour de Congress Park. En 1777, les batailles de Saratoga, pendant la guerre d&#039;ind\u00e9pendance, se d\u00e9roul\u00e8rent \u00e0 quelques kilom\u00e8tres \u00e0 l&#039;est (dans l&#039;actuel parc historique national de Saratoga), consolidant l&#039;importance nationale de la r\u00e9gion, bien que le champ de bataille lui-m\u00eame se trouve hors des limites de la ville actuelle.<\/p>\n<p>Tout au long du XIXe si\u00e8cle, Saratoga \u00e9tait r\u00e9put\u00e9e comme la premi\u00e8re destination thermale du pays, souvent surnomm\u00e9e \u00ab\u00a0la Reine des Spas\u00a0\u00bb en raison de la renomm\u00e9e de ses eaux. Les courses hippiques ont d\u00e9but\u00e9 dans les ann\u00e9es 1860 (l&#039;hippodrome de Saratoga a ouvert en 1863 et a d\u00e9m\u00e9nag\u00e9 \u00e0 son emplacement actuel en 1864), et les jeux d&#039;argent \u00e9taient autrefois tr\u00e8s r\u00e9pandus autour du lac Saratoga. \u00c0 la fin du XIXe si\u00e8cle, Saratoga \u00e9tait une station baln\u00e9aire de luxe, s&#039;appuyant sur ses sources, ses courses estivales, ses h\u00f4tels haut de gamme et ses infrastructures de loisirs. Au cours du XXe si\u00e8cle, l&#039;\u00e2ge d&#039;or des cures thermales a d\u00e9clin\u00e9, mais les infrastructures de la ville (bains historiques, parcs et lieux culturels) perdurent. Un projet de la WPA du milieu des ann\u00e9es 1930 (soutenu par Franklin D. Roosevelt) a permis la construction des Roosevelt Baths &amp; Spa modernes \u00e0 Congress Park, pr\u00e9servant ainsi la tradition thermale. Aujourd&#039;hui, Saratoga Springs m\u00e9lange ces couches d&#039;histoire - h\u00e9ritage autochtone, spas et h\u00f4tels du XIXe si\u00e8cle et vie de vill\u00e9giature du XXe si\u00e8cle - dans son caract\u00e8re.<\/p>\n<p>Le caract\u00e8re de Saratoga Springs est fa\u00e7onn\u00e9 par sa double identit\u00e9 de petite ville et de station baln\u00e9aire. L&#039;anglais y est universellement parl\u00e9, refl\u00e9tant une communaut\u00e9 majoritairement d&#039;origine europ\u00e9enne. Dans tout le centre-ville, les devantures de boutiques et les caf\u00e9s victoriens cachent une sc\u00e8ne artistique dynamique et un calendrier charg\u00e9 d&#039;\u00e9v\u00e9nements. Habitants et visiteurs se m\u00ealent autour d&#039;un caf\u00e9 ou d&#039;un d\u00e9jeuner sur une terrasse ensoleill\u00e9e\u00a0; commer\u00e7ants et voisins accueillent les passants avec une chaleur sinc\u00e8re. Saratoga est d&#039;ailleurs souvent r\u00e9put\u00e9e pour son ambiance conviviale et \u00ab\u00a0de petite ville\u00a0\u00bb\u00a0; un guide observe que \u00ab\u00a0cette ville accueillante aime faire la f\u00eate\u00a0\u00bb, organisant festivals et rassemblements tout au long de l&#039;ann\u00e9e. Le rythme saisonnier en est un exemple\u00a0: en juillet et ao\u00fbt, les courses de pur-sang dominent la sc\u00e8ne locale, tandis que pendant les mois les plus frais, les habitants dansent \u00e0 la Spinning Room de l&#039;institut de danse local ou font du patin \u00e0 glace \u00e0 Congress Park. La musique et la danse sont \u00e9galement tr\u00e8s pr\u00e9sentes\u00a0: le Saratoga Performing Arts Center (SPAC), situ\u00e9 dans le parc d&#039;\u00c9tat, propose chaque \u00e9t\u00e9 des concerts d&#039;orchestre et de ballet de renomm\u00e9e mondiale, et un festival de jazz s&#039;y d\u00e9roule le week-end depuis les ann\u00e9es\u00a01970. La ville accueille m\u00eame des rassemblements plus confidentiels\u00a0: en f\u00e9vrier, le Flurry Folk Dance Festival \u2013 le plus grand \u00e9v\u00e9nement de ce type aux \u00c9tats-Unis \u2013 attire plus de 5\u00a0000 passionn\u00e9s de contras, de gigues cajuns et de valses. Le soir du Nouvel An, la c\u00e9l\u00e9bration de la Premi\u00e8re Nuit de Saratoga propose le plus grand festival de feux d&#039;artifice du genre dans le Nord-Est, apr\u00e8s New York.<\/p>\n<p>La vie quotidienne y est g\u00e9n\u00e9ralement d\u00e9tendue. Le rythme est calme\u00a0: en \u00e9t\u00e9, on peut apercevoir des joggeurs sur le sentier des quais \u00e0 l&#039;aube, des personnes s&#039;attardant autour d&#039;un th\u00e9 glac\u00e9 \u00e0 l&#039;heure du d\u00e9jeuner et des touristes fl\u00e2nant dans les boutiques de Broadway. Les habitants sont g\u00e9n\u00e9ralement soucieux de leur sant\u00e9 et instruits\u00a0; vous croiserez des cyclistes sur Broadway et des s\u00e9ances de yoga \u00e0 l&#039;heure du d\u00e9jeuner dans le parc. Malgr\u00e9 tous ces \u00e9v\u00e9nements, il r\u00e8gne une cordialit\u00e9 r\u00e9confortante propre aux petites villes\u00a0: un serveur reconna\u00eetra un client r\u00e9gulier et les commer\u00e7ants conna\u00eetront peut-\u00eatre votre nom. Mais l&#039;afflux de visiteurs est aussi synonyme d&#039;une certaine \u00e9nergie d\u00e9bordante\u00a0: chaque week-end, pendant les mois chauds, des couples en tenue de course ou des spectateurs en tenue \u00e9l\u00e9gante affluent, garantissant que la ville ne sombre jamais compl\u00e8tement dans le silence. En r\u00e9sum\u00e9, Saratoga Springs a l&#039;allure d&#039;une station thermale raffin\u00e9e qui sait aussi faire la f\u00eate\u00a0: conviviale, sans pr\u00e9tention, et tourn\u00e9e vers l&#039;art, l&#039;histoire et les chevaux.<\/p>\n<p>Les principaux sites et exp\u00e9riences rayonnent du centre-ville. Au premier rang se trouve l&#039;hippodrome historique de Saratoga, o\u00f9 les spectateurs affluent chaque \u00e9t\u00e9 pour assister aux courses de pur-sang dans une tribune encadr\u00e9e par les contreforts des Adirondacks. \u00c0 proximit\u00e9 se trouve Congress Park, une place publique paysag\u00e9e avec des sources min\u00e9rales et le richement d\u00e9cor\u00e9 Canfield Casino (aujourd&#039;hui un mus\u00e9e de l&#039;histoire du jeu). Juste au sud se trouve le Saratoga Spa State Park\u00a0: un espace vert de 1\u00a0000\u00a0hectares avec ses propres sources, les bains min\u00e9raux romans de Lincoln et la piscine Victoria (un somptueux bain public en plein air). Les mus\u00e9es d&#039;art et d&#039;histoire abondent\u00a0: le National Museum of Dance &amp; Hall of Fame et le Saratoga Automobile Museum se trouvent dans les limites de la ville, tandis que le National Museum of Racing &amp; Hall of Fame se trouve \u00e0 proximit\u00e9 du circuit. Yaddo, un lieu de retraite pour artistes avec ses c\u00e9l\u00e8bres jardins, se trouve \u00e0 quelques pas \u00e0 l&#039;est. En ville, Broadway est la rue principale historique. Les visiteurs y explorent des boutiques d&#039;antiquit\u00e9s, des galeries (pr\u00e9sentant des artistes et artisans locaux) et un c\u00e9l\u00e8bre salon de th\u00e9 et de cuisine, tout en se relaxant sur des bancs aliment\u00e9s par une source fra\u00eeche. Pour les amateurs d&#039;arts du spectacle, le Saratoga Performing Arts Center (SPAC), situ\u00e9 dans le parc, accueille des concerts estivaux de l&#039;Orchestre de Philadelphie et du New York City Ballet, faisant de son amphith\u00e9\u00e2tre moderne un incontournable culturel. Enfin, juste \u00e0 l&#039;ext\u00e9rieur de la ville, le parc historique national de Saratoga (Schuylerville), avec son champ de bataille de la guerre d&#039;Ind\u00e9pendance et son centre d&#039;accueil des visiteurs, offre une excursion pittoresque et instructive aux passionn\u00e9s d&#039;histoire.<\/p>\n<p>Saratoga Springs est facilement accessible par la route ou par avion. L&#039;a\u00e9roport international d&#039;Albany (ALB) est \u00e0 environ 30 minutes de route vers le sud par l&#039;Interstate 87. Amtrak dessert Saratoga Springs par les lignes Adirondack et Ethan Allen, reliant New York et Burlington, dans le Vermont. En voiture, l&#039;I-87 (l&#039;Adirondack Northway) passe juste \u00e0 l&#039;est de la ville (sortie 15), et la US Route 9 traverse le centre-ville d&#039;un axe nord-sud. En venant de l&#039;ouest, des routes sinueuses \u00e0 deux voies partent du lac George et des Adirondacks pour rejoindre Saratoga. En \u00e9t\u00e9, attendez-vous \u00e0 une circulation plus dense en raison des courses hippiques\u00a0; en hiver, les routes rurales peuvent \u00eatre enneig\u00e9es.<\/p>\n<p>Le centre-ville, compact, est facilement accessible \u00e0 pied, notamment autour de Broadway, Congress Park et Circular Street. Un tramway gratuit (de mi-juillet \u00e0 la f\u00eate du Travail) circule toutes les 30 minutes entre le centre-ville et les principaux sites touristiques (hippodrome, casino, parc d&#039;\u00c9tat et lac). La Capital District Transportation Authority (CDTA) propose \u00e9galement des bus entre Albany et Saratoga, avec des arr\u00eats \u00e0 l&#039;a\u00e9roport et au centre-ville. Des bus locaux desservent la ville et le parc d&#039;\u00c9tat de Saratoga Spa. Des taxis et des services de covoiturage (Uber\/Lyft) sont disponibles, mais souvent bond\u00e9s les soirs d&#039;\u00e9t\u00e9. De nombreuses attractions disposent d&#039;un parking sur place.<\/p>\n<p>La monnaie est le dollar am\u00e9ricain. L&#039;anglais est la langue universelle. Le pourboire moyen est une pratique courante aux \u00c9tats-Unis (15 \u00e0 20 % dans les restaurants). La tenue vestimentaire est d\u00e9contract\u00e9e\u00a0: les visiteurs associent souvent des v\u00eatements d\u00e9contract\u00e9s (pour l&#039;ext\u00e9rieur ou la piste) \u00e0 des tenues plus \u00e9l\u00e9gantes pour les \u00e9v\u00e9nements sp\u00e9ciaux (pantalons longs pour les concerts en soir\u00e9e, par exemple). Les habitants de Saratoga Springs sont g\u00e9n\u00e9ralement polis et serviables\u00a0; un sourire ou un \u00ab\u00a0bonjour\u00a0\u00bb rapide est tr\u00e8s utile. C\u00f4t\u00e9 s\u00e9curit\u00e9, Saratoga Springs est g\u00e9n\u00e9ralement calme et familiale. Les pr\u00e9cautions d&#039;usage s&#039;appliquent (enfermez votre voiture dans le parking, surveillez vos effets personnels dans la foule). Les week-ends de courses d&#039;\u00e9t\u00e9 peuvent \u00eatre bond\u00e9s, mais l&#039;ordre r\u00e8gne\u00a0; la pr\u00e9sence polici\u00e8re est alors renforc\u00e9e et la plupart des visiteurs se disent relativement en s\u00e9curit\u00e9.<a href=\"https:\/\/travelshelper.com\/fr\/destinations\/amerique-du-nord\/etats-unis-damerique\/berkeley-springs\/\" target=\"_self\" aria-labelledby=\"uael-post-8997\"><br \/>\n<\/a><\/p>","protected":false},"excerpt":{"rendered":"<p>Saratoga Springs, a city located in Saratoga County, New York, has captivated visitors for more than two centuries with its vibrant culture and rich history. With 28,491 residents as of the 2020 census, this little city is well-known for its mineral springs, which have long drawn tourists looking for rest and renewal. The city&#8217;s name honors these natural springs, which have been vital in Saratoga Springs&#8217; growth as a top vacation spot.<\/p>","protected":false},"author":1,"featured_media":17537,"parent":8072,"menu_order":0,"comment_status":"closed","ping_status":"closed","template":"elementor_theme","meta":{"_eb_attr":"","footnotes":""},"class_list":["post-8985","page","type-page","status-publish","has-post-thumbnail"],"_links":{"self":[{"href":"https:\/\/travelshelper.com\/fr\/wp-json\/wp\/v2\/pages\/8985","targetHints":{"allow":["GET"]}}],"collection":[{"href":"https:\/\/travelshelper.com\/fr\/wp-json\/wp\/v2\/pages"}],"about":[{"href":"https:\/\/travelshelper.com\/fr\/wp-json\/wp\/v2\/types\/page"}],"author":[{"embeddable":true,"href":"https:\/\/travelshelper.com\/fr\/wp-json\/wp\/v2\/users\/1"}],"replies":[{"embeddable":true,"href":"https:\/\/travelshelper.com\/fr\/wp-json\/wp\/v2\/comments?post=8985"}],"version-history":[{"count":0,"href":"https:\/\/travelshelper.com\/fr\/wp-json\/wp\/v2\/pages\/8985\/revisions"}],"up":[{"embeddable":true,"href":"https:\/\/travelshelper.com\/fr\/wp-json\/wp\/v2\/pages\/8072"}],"wp:featuredmedia":[{"embeddable":true,"href":"https:\/\/travelshelper.com\/fr\/wp-json\/wp\/v2\/media\/17537"}],"wp:attachment":[{"href":"https:\/\/travelshelper.com\/fr\/wp-json\/wp\/v2\/media?parent=8985"}],"curies":[{"name":"wp","href":"https:\/\/api.w.org\/{rel}","templated":true}]}}