{"id":8958,"date":"2024-09-06T16:54:54","date_gmt":"2024-09-06T16:54:54","guid":{"rendered":"https:\/\/travelshelper.com\/staging\/?page_id=8958"},"modified":"2026-03-13T18:09:26","modified_gmt":"2026-03-13T18:09:26","slug":"ouray","status":"publish","type":"page","link":"https:\/\/travelshelper.com\/fr\/destinations\/north-america\/united-states\/ouray\/","title":{"rendered":"Ouray"},"content":{"rendered":"<p>Nich\u00e9e au c\u0153ur des montagnes San Juan, dans le sud-ouest du Colorado, Ouray est une petite ville aux paysages grandioses. Chef-lieu du comt\u00e9 d&#039;Ouray, elle s&#039;est longtemps surnomm\u00e9e \u00ab la Suisse de l&#039;Am\u00e9rique \u00bb. Lors du recensement de 2020, la ville ne comptait que 898 habitants, ce qui en fait une communaut\u00e9 soud\u00e9e. Situ\u00e9e \u00e0 environ 2\u00a0375 m d&#039;altitude, la ville est nich\u00e9e dans l&#039;\u00e9troit canyon de la rivi\u00e8re Uncompahgre, bord\u00e9 de falaises abruptes de roche rouge sur trois c\u00f4t\u00e9s. La pittoresque rue principale est bord\u00e9e de b\u00e2timents en briques de l&#039;\u00e9poque victorienne, t\u00e9moins de l&#039;histoire mini\u00e8re de la ville. L&#039;\u00e9conomie d&#039;Ouray repose aujourd&#039;hui sur le tourisme (loisirs de plein air et tourisme historique), apr\u00e8s avoir \u00e9volu\u00e9 depuis ses origines mini\u00e8res du XIXe si\u00e8cle. D&#039;ailleurs, selon l&#039;office du tourisme de l&#039;\u00c9tat, des centaines de milliers de visiteurs viennent \u00e0 Ouray chaque ann\u00e9e, attir\u00e9s par son environnement alpin. Malgr\u00e9 sa petite taille, la ville propose des h\u00e9bergements, des restaurants, des spas et des boutiques pour r\u00e9pondre aux besoins de ces visiteurs.<\/p>\n<p>Le climat d&#039;Ouray est typiquement alpin. Les \u00e9t\u00e9s sont g\u00e9n\u00e9ralement chauds et doux, avec une moyenne de 15 \u00e0 25 \u00b0C (60 \u00e0 70 \u00b0F), mais m\u00eame les nuits de juin et juillet peuvent descendre jusqu&#039;\u00e0 4 \u00b0C (4 \u00b0F). Le d\u00e9but de l&#039;automne apporte souvent des trembles aux couleurs \u00e9clatantes. Le printemps est court et assez frais\u00a0; fin mai, d&#039;importantes chutes de neige tardives peuvent encore survenir. Les hivers sont tr\u00e8s froids et toute la r\u00e9gion se transforme en un v\u00e9ritable paradis enneig\u00e9. La neige tombe g\u00e9n\u00e9ralement abondamment de novembre \u00e0 mars\u00a0; Ouray enregistre souvent plusieurs m\u00e8tres de neige en hiver. L&#039;air sec des montagnes rend le soleil intense en journ\u00e9e (emportez de la cr\u00e8me solaire). En toute saison, le temps peut changer rapidement\u00a0: une matin\u00e9e chaude peut se transformer en voile blanc l&#039;apr\u00e8s-midi au printemps ou \u00e0 l&#039;automne. Les amateurs de plein air s&#039;adaptent en portant des couches suppl\u00e9mentaires et en consultant attentivement les pr\u00e9visions m\u00e9t\u00e9o.<\/p>\n<p>\u00c0 elle seule, Ouray ressemble davantage \u00e0 un village alpin qu&#039;\u00e0 une ville. Sa population permanente d&#039;environ 900 habitants en fait la ville la moins peupl\u00e9e du Colorado. La population explose pendant les saisons touristiques \u2013 \u00e9t\u00e9 comme hiver \u2013, lorsque quelques milliers de visiteurs peuvent \u00eatre pr\u00e9sents simultan\u00e9ment. \u00c9conomiquement, Ouray d\u00e9pend presque enti\u00e8rement du tourisme. Apr\u00e8s l&#039;effondrement de l&#039;industrie mini\u00e8re provoqu\u00e9 par la crise de l&#039;argent de 1893, les promoteurs locaux avaient pr\u00e9dit, il y a longtemps, avec raison : \u00ab Ouray est sans \u00e9gal\u2026 Elle deviendra une station de montagne r\u00e9put\u00e9e \u00bb. Le surnom de la ville, \u00ab la Suisse de l&#039;Am\u00e9rique \u00bb, est approuv\u00e9 par la municipalit\u00e9 et les guides touristiques, soulignant sa situation alpine et ses sources chaudes. De fait, le budget annuel d&#039;Ouray est principalement financ\u00e9 par les taxes d&#039;h\u00e9bergement et les frais de loisirs. L&#039;industrie manufacturi\u00e8re et l&#039;agriculture y sont tr\u00e8s peu pr\u00e9sentes ; hormis les emplois li\u00e9s au tourisme (h\u00f4tels, guides, restaurants), la plupart des habitants se rendent dans les villes voisines ou occupent des emplois \u00e9loign\u00e9s. L&#039;\u00e9conomie est soutenue par les sports pratiqu\u00e9s par temps froid (escalade sur glace et motoneige) et la randonn\u00e9e estivale, ainsi que par des attractions comme les excursions en jeep et les galeries.<\/p>\n<p>Ouray se situe \u00e0 l&#039;extr\u00e9mit\u00e9 ouest de la cha\u00eene de San Juan, dans le Colorado, au c\u0153ur des Rocheuses. Elle se trouve \u00e0 l&#039;extr\u00e9mit\u00e9 sud-ouest de l&#039;\u00c9tat, \u00e0 environ 130 kilom\u00e8tres au sud de Montrose et 160 kilom\u00e8tres au nord de Durango. Ses coordonn\u00e9es g\u00e9ographiques sont approximativement 38,03\u00b0N, 107,67\u00b0O. G\u00e9ographiquement, elle occupe un canyon au fond d&#039;une \u00e9troite vall\u00e9e. \u00c0 l&#039;ouest se dressent des sommets de plusieurs milliers de m\u00e8tres (Wheeler, Yale, etc.), et \u00e0 l&#039;est, une haute cr\u00eate de falaises en amphith\u00e9\u00e2tre. Le paysage est spectaculaire\u00a0: parois abruptes et sauvages, cirques alpins de haute altitude et une altitude qui conf\u00e8re au ciel un bleu intense.<\/p>\n<p>Ce paysage montagneux fa\u00e7onne la vie. Tous les itin\u00e9raires, d&#039;entr\u00e9e comme de sortie, suivent les contours du terrain. L&#039;US 550 (la Million Dollar Highway) est la seule route goudronn\u00e9e reliant Ouray au monde ext\u00e9rieur. Elle descend vers le sud, sur des merveilles d&#039;ing\u00e9nierie, jusqu&#039;\u00e0 Silverton et finalement le Nouveau-Mexique, et se dirige vers le nord par des cols \u00e9troits (le col de Molas \u00e0 3\u00a0300 m\u00e8tres) jusqu&#039;\u00e0 Montrose. Il n&#039;y a pas de liaison ferroviaire ou a\u00e9rienne directe\u00a0; l&#039;a\u00e9roport le plus proche est celui de Montrose Regional (\u00e0 environ 64\u00a0km). En \u00e9t\u00e9, les montagnes fleurissent de fleurs sauvages\u00a0; en hiver, les falaises forment des cascades de glace. La ville b\u00e9n\u00e9ficie d&#039;environ 200\u00a0jours de soleil par an, mais les hivers sont extr\u00eamement froids et venteux. Le printemps et l&#039;automne sont des saisons de transition relativement courtes.<\/p>\n<p>L&#039;histoire d&#039;Ouray est ancr\u00e9e dans son patrimoine minier. Le site \u00e9tait \u00e0 l&#039;origine un territoire ute, et la ville fut nomm\u00e9e en l&#039;honneur du chef Ouray, un chef ute respect\u00e9 qui recherchait des relations pacifiques avec les colons blancs. En 1875, des prospecteurs d\u00e9couvrirent de l&#039;or et de l&#039;argent dans les canyons qui les surplombaient\u00a0; en 1876, ils \u00e9tablirent une colonie. En octobre 1876, Ouray fut constitu\u00e9e en ville. Les premiers colons construisirent des cabanes et des tentes et, en 1877, la population atteignit environ 400 habitants. De riches gisements d&#039;argent la transform\u00e8rent rapidement en une ville en plein essor. Dans les ann\u00e9es 1880 et 1890, la population gonfla (plus de 2\u00a0500 habitants en 1890) et les entreprises prosp\u00e9r\u00e8rent. La ville investit tr\u00e8s t\u00f4t dans les infrastructures (l&#039;\u00e9clairage \u00e9lectrique d\u00e8s 1885, parmi les premiers de l&#039;Ouest).<\/p>\n<p>Le chemin de fer arriva en 1887, reliant Ouray \u00e0 la ligne Denver &amp; Rio Grande. Cela facilita le transport de marchandises pour les mines et rendit la ville plus accessible. Cependant, la crise de l&#039;argent de 1893 faillit ruiner l&#039;\u00e9conomie. Les mines ferm\u00e8rent et de nombreuses villes des San Juans devinrent des villes fant\u00f4mes. Fait remarquable, Ouray surv\u00e9cut gr\u00e2ce \u00e0 sa r\u00e9orientation\u00a0: les d\u00e9couvertes d&#039;or \u00e0 proximit\u00e9 et m\u00eame les quelques mines d&#039;argent encore aurif\u00e8res maintinrent les travailleurs au travail. Ouray capitalisa \u00e9galement progressivement sur la beaut\u00e9 de ses paysages et ses sources chaudes. Au cours du XXe si\u00e8cle, l&#039;exploitation mini\u00e8re de roche dure c\u00e9da la place au tourisme. Les visiteurs venaient profiter des eaux des sources chaudes (la piscine moderne d&#039;Ouray Hot Springs ouvrit en 1927) et profiter de l&#039;air des montagnes. La route Million Dollar Highway fut construite dans les ann\u00e9es 1920-1930 le long d&#039;une ancienne route \u00e0 p\u00e9age, reliant ainsi Ouray \u00e0 l&#039;ext\u00e9rieur.<\/p>\n<p>Au cours des derni\u00e8res d\u00e9cennies, Ouray a consolid\u00e9 sa r\u00e9putation de paradis du plein air. Elle accueille chaque ann\u00e9e le Festival de glace (f\u00e9vrier), qui attire des glaci\u00e9ristes du monde entier, et le Jeep Jamboree d&#039;automne sur ses routes de campagne accident\u00e9es. Des b\u00e2timents victoriens historiques (l&#039;h\u00f4tel Beaumont, l&#039;op\u00e9ra Wright) ont \u00e9t\u00e9 restaur\u00e9s, et de nouveaux h\u00e9bergements, comme des auberges de charme et des chambres d&#039;h\u00f4tes, jalonnent la rue principale. La ville compte toujours moins de 1\u00a0000 habitants, mais les dates cl\u00e9s incluent 1876 (fondation), 1887 (arriv\u00e9e du chemin de fer), 1893 (effondrement du cours de l&#039;argent) et 1927 (ouverture des sources chaudes modernes). Malgr\u00e9 les hauts et les bas, une constante demeure\u00a0: la r\u00e9putation durable d&#039;Ouray comme un joyau pittoresque abritant des habitants dynamiques \u2013 un sentiment exprim\u00e9 par CL Hall en 1898\u00a0: \u00ab\u00a0Ouray est sans \u00e9gal\u2026 c\u00e9l\u00e8bre comme station de montagne.\u00a0\u00bb<\/p>\n<p>La culture d&#039;Ouray est celle d&#039;une petite station alpine. Imaginez des montagnards chaleureux, amoureux de la nature et de l&#039;aventure. Ici, les conversations commencent souvent par la m\u00e9t\u00e9o ou la faune, et se tournent fr\u00e9quemment vers des projets de plein air (\u00ab\u00a0Envie de faire une randonn\u00e9e dans le bassin de Yankee Boy ou de l&#039;escalade aujourd&#039;hui\u00a0?\u00a0\u00bb). L&#039;anglais r\u00e8gne en ma\u00eetre\u00a0; certains habitants parlent espagnol, mais il n&#039;y a pas de dialecte local particulier, hormis un l\u00e9ger accent des Rocheuses. Les habitants sont amicaux et d\u00e9contract\u00e9s. Un inconnu qui passe dans la rue est souvent salu\u00e9 d&#039;un signe de la main ou d&#039;un \u00ab\u00a0Salut\u00a0\u00bb. C&#039;est un de ces endroits o\u00f9 l&#039;on apprend votre nom avec le temps. Le code vestimentaire est d\u00e9contract\u00e9\u00a0: vous verrez tous les jours des vestes polaires, des chaussures de randonn\u00e9e et des chapeaux de cow-boy, m\u00eame en ville.<\/p>\n<p>Les traditions sont ancr\u00e9es dans la nature. Des \u00e9v\u00e9nements communautaires annuels sont organis\u00e9s, comme le Jeep Jamboree (un rallye printanier en 4\u00d74 dans les collines escarp\u00e9es) et le Summer Hot Springs Festival (qui c\u00e9l\u00e8bre les sources g\u00e9othermiques qui caract\u00e9risent la ville). Chaque hiver, l&#039;Ouray Ice Park est install\u00e9 sur les parois du canyon et une comp\u00e9tition d&#039;escalade sur glace y est organis\u00e9e. La ville elle-m\u00eame se pare de ses lumi\u00e8res scintillantes en hiver (il y a m\u00eame un spectacle de No\u00ebl \u00ab\u00a0Ice Ballerina\u00a0\u00bb au Wright Opera House). En \u00e9t\u00e9, concerts sur la pelouse, expositions d&#039;art dans le b\u00e2timent historique de Wells Fargo et feu d&#039;artifice du 4 juillet au-dessus de la rivi\u00e8re.<\/p>\n<p>Ouray offre une ambiance de d\u00e9tente sauvage. La nuit, les lampadaires \u00e0 gaz \u00e9clairent la paisible rue principale\u00a0; un ciel \u00e9toil\u00e9 envahit les jardins. Les habitants terminent souvent la journ\u00e9e en se pr\u00e9lassant dans les sources chaudes (l&#039;attraction principale de la ville) ou en discutant sur une terrasse avec vue sur les falaises de l&#039;amphith\u00e9\u00e2tre. Il r\u00e8gne un sentiment de communaut\u00e9 dans ce lieu magnifique. Sans l&#039;anonymat d&#039;une grande ville, le style de vie y est plus personnel et serein. Les visiteurs appr\u00e9cient le charme de la ville (\u00ab\u00a0le temps semble ralentir ici\u00a0\u00bb), l&#039;hospitalit\u00e9 (les habitants accueillent les randonneurs sur les sentiers) et l&#039;isolement\u00a0: la ville est suffisamment isol\u00e9e pour que, pour avoir du r\u00e9seau ou faire les courses, il faille parfois 30\u00a0minutes de route jusqu&#039;\u00e0 Montrose. En r\u00e9sum\u00e9, Ouray a un charme authentiquement montagnard, alliant la fiert\u00e9 de l&#039;\u00e9poque coloniale \u00e0 la sophistication tranquille d&#039;une station baln\u00e9aire ouverte toute l&#039;ann\u00e9e.<\/p>\n<p>Malgr\u00e9 sa taille, Ouray regorge d&#039;exp\u00e9riences incontournables. La plus importante est la piscine thermale d&#039;Ouray, un vaste complexe aquatique aliment\u00e9 par une source naturelle. Ici, visiteurs et habitants se d\u00e9tendent dans une eau dont la temp\u00e9rature varie entre 27 et 38 \u00b0C, sous les montagnes qui les entourent. Les sources attirent les visiteurs depuis des si\u00e8cles, et l&#039;\u00e9tablissement date de 1927. Lors des soir\u00e9es fra\u00eeches, la vapeur s&#039;\u00e9chappe de l&#039;eau sous les \u00e9toiles qui brillent au-dessus de leurs t\u00eates\u00a0: une exp\u00e9rience thermale unique en altitude.<\/p>\n<p>Juste \u00e0 l&#039;ext\u00e9rieur de la ville se trouve le parc des chutes de Box Ca\u00f1on. Facile d&#039;acc\u00e8s, ce parc d&#039;\u00c9tat abrite une cascade de 86 m\u00e8tres de haut plongeant dans une \u00e9troite gorge de quartzite. Un sentier pav\u00e9 (avec un centre d&#039;accueil des visiteurs) vous emm\u00e8ne \u00e0 150 m\u00e8tres dans le canyon pour admirer les chutes de face, une randonn\u00e9e courte et familiale. Les chutes rugissantes et les imposantes parois du canyon sont des sujets de photos spectaculaires. Box Ca\u00f1on est d\u00e9crit par le service des parcs comme \u00ab la merveille du monde d&#039;Ouray \u00bb.<\/p>\n<p>Pour les visiteurs aventureux, le Ouray Ice Park (\u00e0 1,6 km au sud de la ville) est mondialement connu. C&#039;est un terrain de jeu d&#039;escalade sur glace entretenu, perch\u00e9 sur une falaise abrupte, avec des dizaines de cascades gel\u00e9es de difficult\u00e9 variable. Bien qu&#039;il ne s&#039;agisse pas d&#039;une \u00ab attraction \u00bb touristique, il attire des milliers d&#039;alpinistes chaque hiver. En \u00e9t\u00e9, la route du Yankee Boy Basin, situ\u00e9e \u00e0 proximit\u00e9, est tr\u00e8s pris\u00e9e\u00a0: une route \u00e9troite et d\u00e9gag\u00e9e m\u00e8ne \u00e0 des prairies alpines de fleurs sauvages et \u00e0 des lacs de montagne en terrasses. En automne, les randonneurs partent \u00e0 la d\u00e9couverte des cascades et des trembles jaunes \u00e9clatants.<\/p>\n<p>Le centre-ville d&#039;Ouray est une attraction \u00e0 lui seul. Les fa\u00e7ades en briques de Main Street abritent des galeries d&#039;art, des boutiques d&#039;articles de plein air et des restaurants chaleureux comme l&#039;Alpine Institute Deli ou la brasserie Ouray (bi\u00e8res artisanales). L&#039;op\u00e9ra Wright, restaur\u00e9 (1890), accueille des pi\u00e8ces de th\u00e9\u00e2tre et des concerts occasionnels. Le mus\u00e9e historique du comt\u00e9 d&#039;Ouray (install\u00e9 dans un b\u00e2timent en pierre calcaire sur Main Street) pr\u00e9sente des objets miniers et raconte l&#039;histoire de la ville. Les golfeurs se rendent sur le pittoresque parcours de golf 9 trous d&#039;Ouray, perch\u00e9 au-dessus de la ville. Le sentier p\u00e9riph\u00e9rique, une boucle de randonn\u00e9e autour d&#039;Ouray, vous permet d&#039;\u00e9chapper \u00e0 l&#039;agitation de la ville en cinq minutes et d&#039;aller \u00e0 la rencontre des wapitis et de la for\u00eat riveraine.<\/p>\n<p>Enfin, pour ceux qui souhaitent simplement s&#039;impr\u00e9gner de la grandeur du site, optez pour la courte randonn\u00e9e jusqu&#039;aux High Alpine Overlooks. Depuis diff\u00e9rents points de vue du canyon (comme le sentier Amphitheatre Peak), Ouray est \u00e9clips\u00e9e par les sommets environnants. En hiver, les routes panoramiques de la US550 (Million Dollar Hwy), vers le nord ou le sud, offrent des panoramas montagneux \u00e0 couper le souffle. En un apr\u00e8s-midi, vous pourriez vous rendre \u00e0 Engineer Pass ou Imogene Pass, d&#039;anciennes routes mini\u00e8res d\u00e9sormais accessibles aux jeeps, qui surplombent Ouray. Loin d&#039;\u00eatre des attractions \u00e0 sensations fortes, les principaux attraits d&#039;Ouray r\u00e9sident dans ses panoramas et ses attraits naturels. Les visiteurs ne tarissent pas d&#039;\u00e9loges sur la vue panoramique sur la vall\u00e9e (ville en contrebas, sommets au-dessus)\u00a0: elle est inoubliable.<\/p>\n<p>Ouray est une ville isol\u00e9e. Le seul moyen pratique d&#039;y acc\u00e9der est la voiture. La route principale est l&#039;US Highway 550, surnomm\u00e9e la Million Dollar Highway. Cette route pittoresque et sinueuse arrive du nord par Montrose (Interstate 70) ou du sud par Durango et Silverton. Vous traverserez des cols de haute montagne \u2013 le col de Molas (3\u00a0300 m\u00e8tres) vers le nord, et le col de Red Mountain (3\u00a0340 m\u00e8tres) vers le sud \u2013 alors pr\u00e9voyez suffisamment de temps. Le service de bus est limit\u00e9\u00a0; Durango propose des navettes en \u00e9t\u00e9. L&#039;a\u00e9roport principal le plus proche est celui de Montrose Regional (MTJ), \u00e0 environ une heure de route vers le nord\u00a0; de l\u00e0, les voyageurs louent g\u00e9n\u00e9ralement une voiture ou prennent une navette. L&#039;a\u00e9roport international de Denver est \u00e0 environ six heures de route vers le nord, que certains peuvent utiliser pour prendre un vol vers Montrose.<\/p>\n<p>Une fois \u00e0 Ouray, la petite taille de la ville la rend tr\u00e8s agr\u00e9able \u00e0 pied. Le centre-ville historique, le parc municipal et les h\u00e9bergements se trouvent \u00e0 moins d&#039;un kilom\u00e8tre carr\u00e9. Il n&#039;y a pas de r\u00e9seau de transports en commun. La plupart des visiteurs se garent \u00e0 leur h\u00f4tel ou pr\u00e8s des sources chaudes et marchent. Si vous vous rendez dans les environs en voiture, un 4\u00d74 ou au moins un v\u00e9hicule \u00e0 garde au sol \u00e9lev\u00e9e est recommand\u00e9 au-del\u00e0 de la route 550, surtout sur les routes secondaires non am\u00e9nag\u00e9es. En ville, les routes sont goudronn\u00e9es, mais peuvent \u00eatre verglac\u00e9es en hiver. Les v\u00e9hicules tout-terrain (VTT\/UTV) sont autoris\u00e9s dans les zones et sentiers d\u00e9sign\u00e9s. La prudence est de mise sur Main Street, mais les pi\u00e9tons ont la priorit\u00e9, car tout le monde s&#039;attend \u00e0 se promener.<\/p>\n<p>La monnaie est le dollar am\u00e9ricain et l&#039;anglais est la langue des affaires. Le r\u00e9seau mobile est irr\u00e9gulier\u00a0: certains op\u00e9rateurs offrent une couverture, mais il y a des zones blanches sur les routes de montagne. Habillez-vous en plusieurs couches, toute l&#039;ann\u00e9e\u00a0: m\u00eame les journ\u00e9es d&#039;\u00e9t\u00e9 peuvent commencer \u00e0 0\u00a0\u00b0C et finir \u00e0 15\u00a0\u00b0C. En randonn\u00e9e ou \u00e0 la p\u00eache, soyez attentif aux effets de l&#039;altitude (essoufflement, coups de soleil)\u00a0: utilisez de la cr\u00e8me solaire et buvez beaucoup d&#039;eau. \u00c9tiquette\u00a0: Les habitants sont habitu\u00e9s aux touristes, mais un signe de t\u00eate amical ou un bonjour en passant est appr\u00e9ci\u00e9. Le pourboire dans les restaurants (15 \u00e0 20\u00a0%) est courant. La ville \u00e9tant d\u00e9pendante des visiteurs, l&#039;hospitalit\u00e9 dans les magasins et les restaurants est authentique\u00a0; s&#039;attendre \u00e0 la courtoisie d&#039;une petite ville plut\u00f4t qu&#039;\u00e0 l&#039;anonymat d&#039;une grande ville vous sera b\u00e9n\u00e9fique.<\/p>\n<p>Le principal danger est l&#039;environnement, et non la criminalit\u00e9. La m\u00e9t\u00e9o peut changer brusquement\u00a0: des orages en \u00e9t\u00e9 ou des blizzards en hiver peuvent survenir sans pr\u00e9venir. Si vous faites de la randonn\u00e9e, indiquez votre itin\u00e9raire \u00e0 quelqu&#039;un. En hiver, les routes sont d\u00e9neig\u00e9es, mais peuvent \u00eatre verglac\u00e9es\u00a0; attachez vos cha\u00eenes si les conditions l&#039;exigent. Des animaux sauvages (\u00e9lans, cerfs) traversent parfois les routes\u00a0; conduisez donc prudemment au cr\u00e9puscule. Le d\u00e9bit de la rivi\u00e8re peut \u00eatre tr\u00e8s froid et rapide apr\u00e8s la fonte des neiges\u00a0; ne vous baignez pas. En ville, les petits vols sont extr\u00eamement rares. Gr\u00e2ce \u00e0 ces pr\u00e9cautions, Ouray est une ville s\u00fbre pour les voyageurs. La forte pr\u00e9sence des visiteurs garantit la pr\u00e9sence d&#039;aide (et de nombreux autres visiteurs) \u00e0 proximit\u00e9 en cas de besoin.<\/p>\n<p>En r\u00e9sum\u00e9, un s\u00e9jour \u00e0 Ouray est autant synonyme de simplicit\u00e9 que de splendeur. La ville elle-m\u00eame a un charme d&#039;antan\u00a0: des lampadaires \u00e0 gaz, un unique feu rouge sur Main Street et un vendeur accueillant \u00e0 l&#039;\u00e9picerie. Les aspects pratiques sont simples, les commodit\u00e9s en ville sont basiques mais propres, et le conseil le plus important est de se pr\u00e9parer aux conditions de montagne. Si vous le faites, vous serez r\u00e9compens\u00e9 par un bain chaud dans une piscine min\u00e9rale et un paradis alpin sans \u00e9gal dans les 48\u00a0\u00c9tats inf\u00e9rieurs.<a href=\"https:\/\/travelshelper.com\/fr\/destinations\/amerique-du-nord\/etats-unis-damerique\/berkeley-springs\/\" target=\"_self\" aria-labelledby=\"uael-post-8997\"><br \/>\n<\/a><\/p>","protected":false},"excerpt":{"rendered":"<p>Ouray est une charmante municipalit\u00e9 autonome nich\u00e9e dans les montagnes San Juan, dans le Colorado, aux \u00c9tats-Unis. Selon le recensement de 2020, cette petite ville, chef-lieu du comt\u00e9 d&#039;Ouray, comptait 898 habitants. Le code postal du bureau de poste d&#039;Ouray est le 81427. \u00c0 une altitude exceptionnelle de 2\u00a0375 m\u00e8tres, le magnifique cadre alpin d&#039;Ouray et ses panoramas \u00e0 couper le souffle lui valent \u00e0 juste titre le surnom de \u00ab\u00a0Suisse de l&#039;Am\u00e9rique\u00a0\u00bb.<\/p>","protected":false},"author":1,"featured_media":23306,"parent":8072,"menu_order":0,"comment_status":"closed","ping_status":"closed","template":"elementor_theme","meta":{"_eb_attr":"","footnotes":""},"class_list":["post-8958","page","type-page","status-publish","has-post-thumbnail"],"_links":{"self":[{"href":"https:\/\/travelshelper.com\/fr\/wp-json\/wp\/v2\/pages\/8958","targetHints":{"allow":["GET"]}}],"collection":[{"href":"https:\/\/travelshelper.com\/fr\/wp-json\/wp\/v2\/pages"}],"about":[{"href":"https:\/\/travelshelper.com\/fr\/wp-json\/wp\/v2\/types\/page"}],"author":[{"embeddable":true,"href":"https:\/\/travelshelper.com\/fr\/wp-json\/wp\/v2\/users\/1"}],"replies":[{"embeddable":true,"href":"https:\/\/travelshelper.com\/fr\/wp-json\/wp\/v2\/comments?post=8958"}],"version-history":[{"count":0,"href":"https:\/\/travelshelper.com\/fr\/wp-json\/wp\/v2\/pages\/8958\/revisions"}],"up":[{"embeddable":true,"href":"https:\/\/travelshelper.com\/fr\/wp-json\/wp\/v2\/pages\/8072"}],"wp:featuredmedia":[{"embeddable":true,"href":"https:\/\/travelshelper.com\/fr\/wp-json\/wp\/v2\/media\/23306"}],"wp:attachment":[{"href":"https:\/\/travelshelper.com\/fr\/wp-json\/wp\/v2\/media?parent=8958"}],"curies":[{"name":"wp","href":"https:\/\/api.w.org\/{rel}","templated":true}]}}