{"id":8943,"date":"2024-09-06T15:20:18","date_gmt":"2024-09-06T15:20:18","guid":{"rendered":"https:\/\/travelshelper.com\/staging\/?page_id=8943"},"modified":"2026-03-13T18:14:42","modified_gmt":"2026-03-13T18:14:42","slug":"tecopa","status":"publish","type":"page","link":"https:\/\/travelshelper.com\/fr\/destinations\/north-america\/united-states\/tecopa\/","title":{"rendered":"Tecopa"},"content":{"rendered":"<p>Petite communaut\u00e9 du d\u00e9sert, Tecopa comptait seulement 120 habitants en 2020 (contre environ 150 dix ans plus t\u00f4t). Cela en fait l&#039;une des plus petites localit\u00e9s recens\u00e9es de Californie. La grande majorit\u00e9 des habitants sont blancs. Le recensement de 2010 a r\u00e9v\u00e9l\u00e9 qu&#039;environ 79 % des 150 habitants de la ville s&#039;identifiaient comme blancs, avec un faible pourcentage (environ 5 %) d&#039;Am\u00e9rindiens et quelques personnes multiraciales. Les minorit\u00e9s ethniques ou raciales et les Hispaniques sont tr\u00e8s peu nombreux (moins de 10 % au total). L&#039;\u00e2ge m\u00e9dian est \u00e9lev\u00e9 \u2013 autour de 57-60 ans \u2013 ce qui indique une population largement \u00e2g\u00e9e. De nombreux m\u00e9nages sont compos\u00e9s de retrait\u00e9s ou de familles locales de longue date.<\/p>\n<p>Tecopa n&#039;a pas de base industrielle\u00a0; son \u00e9conomie est ax\u00e9e sur les services et le tourisme. Historiquement, c&#039;\u00e9tait un camp minier, mais depuis le milieu du XXe si\u00e8cle, il d\u00e9pend des sources chaudes, d&#039;une agriculture modeste et des services aux visiteurs. Une petite exploitation de dattes (China Ranch) et quelques auberges et restaurants accueillent les touristes. Le revenu m\u00e9dian des m\u00e9nages est faible (environ 27\u00a0000\u00a0$) et une part importante de la population vit sous le seuil de pauvret\u00e9. En r\u00e9sum\u00e9, les chiffres de Tecopa dressent le portrait d&#039;un tout petit village vieillissant du d\u00e9sert, d\u00e9pendant du tourisme et d&#039;une agriculture l\u00e9g\u00e8re.<\/p>\n<p>Tecopa se trouve au sud-est de la Californie, dans le d\u00e9sert de Mojave, dans le comt\u00e9 d&#039;Inyo. La ville se situe \u00e0 environ 640 m\u00e8tres d&#039;altitude, dans un bassin aride isol\u00e9, \u00e0 environ 48 kilom\u00e8tres \u00e0 l&#039;ouest de la fronti\u00e8re avec le Nevada et juste \u00e0 l&#039;ext\u00e9rieur du parc national de la Vall\u00e9e de la Mort. Le paysage est aust\u00e8re et accident\u00e9\u00a0: des sols d\u00e9sertiques plats, entour\u00e9s de montagnes escarp\u00e9es (les cha\u00eenes de montagnes Nopah et Panamint se trouvent \u00e0 l&#039;ouest et au nord) et entrecoup\u00e9s de canyons calcaires. La rivi\u00e8re Amargosa coule de fa\u00e7on saisonni\u00e8re dans une gorge profonde \u00e0 proximit\u00e9. Cet avant-poste isol\u00e9 n&#039;est accessible que par des routes nationales sinueuses (CA-127 du nord au sud ou CA-178 de l&#039;ouest).<\/p>\n<p>Tecopa se trouve sur un vaste plateau d\u00e9sertique sous un ciel immense. \u00c0 l&#039;est s&#039;\u00e9l\u00e8vent les Montagnes Blanches, et juste au-del\u00e0, au nord-est, s&#039;\u00e9tend la cha\u00eene de Salt Springs, dans le Nevada. China Ranch, avec ses palmiers dattiers et sa v\u00e9g\u00e9tation luxuriante, se trouve \u00e0 huit kilom\u00e8tres au sud, le long d&#039;un bras de la rivi\u00e8re Amargosa. Les villes les plus proches sont Pahrump, Nevada (\u00e0 environ 96 kilom\u00e8tres \u00e0 l&#039;est) et Shoshone, Californie (8 kilom\u00e8tres au nord).<\/p>\n<p>Le climat est d\u00e9sertique et aride. Les \u00e9t\u00e9s sont extr\u00eamement chauds\u00a0; les temp\u00e9ratures maximales moyennes en juillet d\u00e9passent 38\u00a0\u00b0C, et celles du milieu de l&#039;\u00e9t\u00e9 peuvent approcher 43\u00a0\u00b0C. Le ciel est presque toujours d\u00e9gag\u00e9 et les pr\u00e9cipitations sont minimes (Tecopa ne re\u00e7oit en moyenne qu&#039;environ 12,7\u00a0cm par an). Les hivers sont doux par rapport aux normes continentales\u00a0; les temp\u00e9ratures maximales diurnes peuvent atteindre 15\u00a0\u00b0C et des nuits glaciales (0\u00a0\u00b0C) sont possibles. La neige est quasiment inexistante. En bref, Tecopa est soumise aux conditions climatiques extr\u00eames du d\u00e9sert\u00a0: soleil br\u00fblant le jour, froid intense la nuit, et pr\u00e9cipitations quasi inexistantes.<\/p>\n<p>L&#039;histoire de Tecopa est ancr\u00e9e \u00e0 la fois dans l&#039;h\u00e9ritage autochtone et dans l&#039;entreprenariat pionnier. Les Am\u00e9rindiens (les tribus Koso et Chemehuevi) connaissaient ces sources depuis des si\u00e8cles. Au milieu du XIXe si\u00e8cle, l&#039;ancienne piste espagnole passait non loin d&#039;ici, et les pionniers parcourant les vall\u00e9es de Mojave et d&#039;Owens connaissaient sans doute son eau (le nom Tecopa rend d&#039;ailleurs hommage \u00e0 un chef pa\u00efute local). Dans les ann\u00e9es 1870, des chercheurs de min\u00e9raux d\u00e9couvrirent des gisements d&#039;argent et de plomb dans les montagnes voisines.<\/p>\n<p>Entre 1875 et 1877, les fr\u00e8res William et Wallace Brown ouvrirent une mine de plomb et d&#039;argent sur un site appel\u00e9 Brownsville (plus tard Tecopa Heights). Jonas Osborne acheta l&#039;exploitation et rebaptisa la colonie \u00ab Tecopa \u00bb en l&#039;honneur du chef local en 1877. Un bureau de poste ouvrit la m\u00eame ann\u00e9e, marquant la reconnaissance officielle du camp. Cependant, le premier essor minier fut bref et irr\u00e9gulier\u00a0; en 1879, le minerai s&#039;\u00e9puisa et le champ \u00e9tait en grande partie d\u00e9sert\u00e9.<\/p>\n<p>Tecopa demeura une petite station d&#039;\u00e9levage et d&#039;eau de source. En 1907, le chemin de fer Tonopah and Tidewater atteignit la r\u00e9gion (en bordure de la Vall\u00e9e de la Mort), faisant revivre Tecopa comme une br\u00e8ve halte ferroviaire. Un nouveau bureau de poste ouvrit, reliant la ville aux r\u00e9seaux postaux nationaux. Mais dans les ann\u00e9es 1930, m\u00eame le chemin de fer avait ferm\u00e9, et Tecopa d\u00e9clina \u00e0 nouveau.<\/p>\n<p>L&#039;\u00e8re moderne a d\u00e9but\u00e9 apr\u00e8s 1957, lorsque les mines voisines (les mines de talc de Talc Hill) ont ferm\u00e9. Dans les ann\u00e9es 1960 et 1970, le gouvernement f\u00e9d\u00e9ral a vendu les terres domaniales autour des sources chaudes, ouvrant la zone au d\u00e9veloppement priv\u00e9. Des entrepreneurs ont construit de petits spas et motels \u00e0 proximit\u00e9 des sources naturelles. \u00c0 la fin du XXe si\u00e8cle, Tecopa s&#039;est r\u00e9invent\u00e9e en tant que lieu de vill\u00e9giature thermale\u00a0: les sources chaudes de Tecopa (les bains publics) ont ouvert leurs portes, et plusieurs complexes h\u00f4teliers rustiques (Tecopa Spa, installations du China Ranch, etc.) ont vu le jour autour des eaux min\u00e9rales chaudes. L&#039;ADN de la ville est pass\u00e9 d&#039;un avant-poste minier \u00e0 une communaut\u00e9 thermale. Aujourd&#039;hui, son histoire r\u00e9sonne dans quelques vieux b\u00e2timents et mines abandonn\u00e9es, mais le point de rep\u00e8re incontournable reste l&#039;ensemble de sources chaudes naturelles qui ont fait de Tecopa un havre de paix dans le d\u00e9sert.<\/p>\n<p>Tecopa est aussi calme et d\u00e9pouill\u00e9 que son paysage, avec un caract\u00e8re rural et d\u00e9contract\u00e9. Langue et population\u00a0: L\u2019anglais est universel ici\u00a0; presque tout le monde parle anglais \u00e0 la maison. La communaut\u00e9 est petite et majoritairement \u00e2g\u00e9e. Les habitants accueillent les \u00e9trangers avec la chaleur d\u00e9contract\u00e9e des petites villes am\u00e9ricaines, mais la vie ici est paisible. Un visiteur a remarqu\u00e9 que le rythme y est \u00ab\u00a0lent comme au coucher du soleil\u00a0\u00bb\u00a0: les apr\u00e8s-midis s\u2019\u00e9coulent lentement, seule la chaleur rompant le silence.<\/p>\n<p>Malgr\u00e9 sa taille, Tecopa accueille quelques \u00e9v\u00e9nements locaux. Chaque ann\u00e9e en novembre, les pompiers volontaires organisent un \u00ab\u00a0Firehouse Fling\u00a0\u00bb, un d\u00eener-partage dansant qui permet de r\u00e9colter des fonds pour les pompiers. Depuis 2014, la ville accueille \u00e9galement le Tecopa Takeover Music Festival, un petit rassemblement de musiciens locaux et \u00e9trangers qui pr\u00e9sentent des sonorit\u00e9s roots et folk. Ces \u00e9v\u00e9nements refl\u00e8tent l&#039;esprit \u00ab\u00a0DIY\u00a0\u00bb de Tecopa et son objectif de maintenir des liens communautaires forts dans un lieu isol\u00e9.<\/p>\n<p>Tecopa semble isol\u00e9e, mais pas inhospitali\u00e8re. On y respire l&#039;ambiance d&#039;un camp de pionniers\u00a0: couchers de soleil poussi\u00e9reux, quelques palmiers et cactus, le grondement occasionnel d&#039;un pick-up. La nuit, le ciel \u00e9toil\u00e9 est vaste et brillant. Il n&#039;y a pas vraiment de vie nocturne\u00a0; les soir\u00e9es se passent tranquillement (souvent aux sources chaudes au clair de lune). L&#039;absence de foule \u2013 et m\u00eame de feux de circulation ou de stations-service \u2013 est palpable. Pourtant, les visiteurs rapportent souvent que les habitants sont amicaux et curieux\u00a0: on peut \u00eatre invit\u00e9 \u00e0 discuter au caf\u00e9 ou aux sources, ou interrog\u00e9 sur la vie en \u00ab\u00a0ville\u00a0\u00bb au-del\u00e0 du d\u00e9sert. En bref, Tecopa est un lieu isol\u00e9 et contemplatif. C&#039;est un endroit o\u00f9 le quotidien est rythm\u00e9 par les n\u00e9cessit\u00e9s et la nature (arroser les plantes, consulter son courrier, se d\u00e9tendre pr\u00e8s d&#039;une source chaude) plut\u00f4t que par les horloges et les voitures d&#039;une grande ville.<\/p>\n<p>L&#039;attrait de Tecopa r\u00e9side dans son cadre naturel. Les sources chaudes constituent l&#039;attraction principale\u00a0: plusieurs piscines g\u00e9othermiques et spas r\u00e9partis dans la ville permettent aux voyageurs de se baigner dans l&#039;eau min\u00e9rale toute l&#039;ann\u00e9e. Dans la zone de loisirs publique de Tecopa Hot Springs, on peut se baigner dans de modestes bassins en plein air aliment\u00e9s par l&#039;eau des sources chaudes de Furnace Creek Ranch (anciennement appel\u00e9es sources chaudes de Tecopa). Un court trajet en voiture vers le sud m\u00e8ne \u00e0 China Ranch Date Farm, une oasis inattendue bord\u00e9e de palmiers dattiers luxuriants. Les visiteurs peuvent y fl\u00e2ner dans un bosquet de dattiers, d\u00e9guster des milkshakes aux dattes et faire une randonn\u00e9e le long de la rivi\u00e8re Amargosa.<\/p>\n<p>Au-del\u00e0 des sources, le parc national de la Vall\u00e9e de la Mort est facilement accessible en voiture (environ 65 km au nord). Tecopa est souvent consid\u00e9r\u00e9 comme un avant-poste pittoresque \u00e0 proximit\u00e9 du parc. Une excursion d&#039;une journ\u00e9e dans la Vall\u00e9e de la Mort r\u00e9v\u00e8le des paysages spectaculaires (bassin de Badwater, Zabriskie Point, dunes de Mesquite Flat, etc.) qui compl\u00e8tent \u00e0 merveille le calme de la petite ville de Tecopa.<\/p>\n<p>\u00c0 Shoshone, \u00e0 seulement 8 km au nord, se trouve le mus\u00e9e Shoshone (install\u00e9 dans un h\u00f4tel historique de quatre chambres) qui pr\u00e9sente des objets miniers et am\u00e9rindiens, relatant l&#039;histoire de la r\u00e9gion. Les amoureux de la nature trouveront \u00e9galement des attractions\u00a0: le Spring Mountain Ranch et l&#039;Amargosa Chaos offrent de courtes randonn\u00e9es \u00e0 travers des canyons, et le lac Grimshaw (un r\u00e9servoir rare dans le d\u00e9sert) est parfois utilis\u00e9 par les skieurs nautiques.<\/p>\n<p>En r\u00e9sum\u00e9, les exp\u00e9riences incontournables incluent :<\/p>\n<ul>\n<li>Se baigner dans les sources chaudes publiques et de vill\u00e9giature de Tecopa (souvent cit\u00e9e comme la raison pour laquelle les gens viennent).<\/li>\n<li>\u00c0 la d\u00e9couverte du parc national de la Vall\u00e9e de la Mort, accessible depuis la ville.<\/li>\n<li>Visite du China Ranch pour d\u00e9guster des produits \u00e0 base de dattes et se promener sur les berges de la rivi\u00e8re.<\/li>\n<li>Visite du petit mus\u00e9e Shoshone pour d\u00e9couvrir l&#039;histoire locale.<\/li>\n<li>Randonn\u00e9e tout-terrain sur les dunes de Dumont \u00e0 proximit\u00e9 (pour les v\u00e9hicules d&#039;aventure) ou randonn\u00e9e sur des sentiers pittoresques du d\u00e9sert.<br \/>\nChacun d&#039;entre eux incarne le m\u00e9lange de nature sauvage et de charme original de petite ville de Tecopa.<\/li>\n<\/ul>\n<p>Il n&#039;y a ni a\u00e9roport ni gare \u00e0 Tecopa. La plupart des visiteurs arrivent en voiture. La ville se trouve \u00e0 la jonction des autoroutes californiennes 127 et 178. \u00c0 l&#039;ouest (sud), l&#039;autoroute 178 m\u00e8ne en Californie sur 145 kilom\u00e8tres via Inyokern (avec acc\u00e8s \u00e0 Ridgecrest), tandis qu&#039;\u00e0 l&#039;est (nord), l&#039;autoroute 127 relie le Nevada et l&#039;Interstate 15 \u00e0 Baker. Les principaux a\u00e9roports les plus proches sont ceux de Las Vegas, Nevada (McCarran International, \u00e0 environ 193 kilom\u00e8tres \u00e0 l&#039;est) ou de Los Angeles, Californie (LAX, \u00e0 environ 370 kilom\u00e8tres au sud-ouest). Les a\u00e9roports r\u00e9gionaux les plus proches incluent Bishop (au nord) ou le terminal plus petit de Las Vegas. Il n&#039;y a pas de service ferroviaire de passagers.<\/p>\n<p>Tecopa est une ville extr\u00eamement petite et largement accessible \u00e0 pied (boutiques, caf\u00e9s, spa et h\u00e9bergements regroup\u00e9s le long de sa rue principale). Cependant, une voiture est indispensable pour explorer la ville. Notez que les transports en commun locaux sont limit\u00e9s\u00a0: un bus bimensuel reliait autrefois Tecopa \u00e0 Pahrump, Nevada (via Eastern Sierra Transit), mais le service a \u00e9t\u00e9 suspendu. La location d&#039;une voiture ou d&#039;un v\u00e9hicule personnel est le seul moyen pratique de visiter les sources chaudes et les attractions environnantes. Des v\u00e9hicules tout-terrain sont n\u00e9cessaires pour des endroits comme les dunes de Dumont. L&#039;\u00e9tat des routes est g\u00e9n\u00e9ralement bon (autoroutes \u00e0 deux voies), mais les conducteurs doivent faire attention aux animaux sauvages errants la nuit dans le d\u00e9sert.<\/p>\n<p>La monnaie est le dollar am\u00e9ricain et la langue principale est l&#039;anglais. Les visiteurs doivent se pr\u00e9parer aux conditions d\u00e9sertiques\u00a0: emportez de l&#039;eau, portez une protection solaire et \u00e9vitez les efforts physiques en plein air pendant la chaleur estivale de midi. La couverture mobile est irr\u00e9guli\u00e8re\u00a0; certaines zones peuvent \u00eatre sans signal. Les \u00e9piceries les plus proches se trouvent \u00e0 Pahrump, au Nevada, ou \u00e0 Bishop, en Californie\u00a0; pr\u00e9voyez donc vos provisions en cons\u00e9quence.<\/p>\n<p>Tecopa est une ville tr\u00e8s s\u00fbre, d&#039;un point de vue g\u00e9n\u00e9ral\u00a0: la criminalit\u00e9 y est quasiment inexistante gr\u00e2ce \u00e0 sa petite communaut\u00e9 soud\u00e9e. Les voisins se saluent g\u00e9n\u00e9ralement chaleureusement\u00a0; un bonjour poli au magasin ou aux sources chaudes est courant. Les personnes de l&#039;ext\u00e9rieur trouveront l&#039;hospitalit\u00e9, mais n&#039;oubliez pas qu&#039;il ne s&#039;agit pas d&#039;une station baln\u00e9aire au sens strict du terme\u00a0: une tenue d\u00e9cente et des mani\u00e8res discr\u00e8tes sont de mise. Il n&#039;y a aucune exception l\u00e9gale, hormis la loi californienne (respectez les limitations de vitesse et ne perturbez pas la faune ni les propri\u00e9t\u00e9s priv\u00e9es). En bref, envisagez Tecopa comme une destination rurale tranquille\u00a0: soyez aimable, gardez un rythme tranquille et vous vous y int\u00e9grerez parfaitement.<a href=\"https:\/\/travelshelper.com\/fr\/destinations\/amerique-du-nord\/etats-unis-damerique\/berkeley-springs\/\" target=\"_self\" aria-labelledby=\"uael-post-8997\"><br \/>\n<\/a><\/p>","protected":false},"excerpt":{"rendered":"<p>Tecopa est une localit\u00e9 d\u00e9sign\u00e9e par recensement (CDP) situ\u00e9e dans le d\u00e9sert de Mojave, au sud-est du comt\u00e9 d&#039;Inyo, en Californie. Caract\u00e9ris\u00e9e par son importance historique et sa beaut\u00e9 naturelle, cette petite ville a consid\u00e9rablement \u00e9volu\u00e9 au fil des ans. Reflet des coutumes et des cultures des Indiens Koso et Chemehuevi, le pass\u00e9 de Tecopa est \u00e9troitement li\u00e9 au leur. Gr\u00e2ce aux possibilit\u00e9s d&#039;exploitation des ressources mini\u00e8res des mines voisines, la r\u00e9gion a connu une augmentation notable du nombre de pionniers \u00e0 la fin du XIXe si\u00e8cle.<\/p>","protected":false},"author":1,"featured_media":17576,"parent":8072,"menu_order":0,"comment_status":"closed","ping_status":"closed","template":"elementor_theme","meta":{"_eb_attr":"","footnotes":""},"class_list":["post-8943","page","type-page","status-publish","has-post-thumbnail"],"_links":{"self":[{"href":"https:\/\/travelshelper.com\/fr\/wp-json\/wp\/v2\/pages\/8943","targetHints":{"allow":["GET"]}}],"collection":[{"href":"https:\/\/travelshelper.com\/fr\/wp-json\/wp\/v2\/pages"}],"about":[{"href":"https:\/\/travelshelper.com\/fr\/wp-json\/wp\/v2\/types\/page"}],"author":[{"embeddable":true,"href":"https:\/\/travelshelper.com\/fr\/wp-json\/wp\/v2\/users\/1"}],"replies":[{"embeddable":true,"href":"https:\/\/travelshelper.com\/fr\/wp-json\/wp\/v2\/comments?post=8943"}],"version-history":[{"count":0,"href":"https:\/\/travelshelper.com\/fr\/wp-json\/wp\/v2\/pages\/8943\/revisions"}],"up":[{"embeddable":true,"href":"https:\/\/travelshelper.com\/fr\/wp-json\/wp\/v2\/pages\/8072"}],"wp:featuredmedia":[{"embeddable":true,"href":"https:\/\/travelshelper.com\/fr\/wp-json\/wp\/v2\/media\/17576"}],"wp:attachment":[{"href":"https:\/\/travelshelper.com\/fr\/wp-json\/wp\/v2\/media?parent=8943"}],"curies":[{"name":"wp","href":"https:\/\/api.w.org\/{rel}","templated":true}]}}