{"id":8937,"date":"2024-09-06T15:04:53","date_gmt":"2024-09-06T15:04:53","guid":{"rendered":"https:\/\/travelshelper.com\/staging\/?page_id=8937"},"modified":"2026-03-13T17:43:29","modified_gmt":"2026-03-13T17:43:29","slug":"desert-hot-springs","status":"publish","type":"page","link":"https:\/\/travelshelper.com\/fr\/destinations\/north-america\/united-states\/desert-hot-springs\/","title":{"rendered":"Desert Hot Springs"},"content":{"rendered":"<p>Desert Hot Springs (DHS) est une petite ville de la vall\u00e9e de Coachella, en Californie du Sud, r\u00e9put\u00e9e pour ses sources thermales naturelles et ses stations thermales. En 2025, elle comptait environ 34\u00a0000 habitants, ce qui en fait une communaut\u00e9 calme et dispers\u00e9e. La population est majoritairement hispanique ou latino (environ les deux tiers des habitants, selon un recensement), le reste \u00e9tant principalement blanc et non hispanique. Le revenu m\u00e9dian des m\u00e9nages est d&#039;environ 50\u00a0350 dollars, un revenu modeste par rapport aux normes californiennes, et environ 19\u00a0% de la population vit dans la pauvret\u00e9. L&#039;\u00e2ge moyen est inf\u00e9rieur \u00e0 la moyenne nationale. DHS ne compte pas de grandes entreprises\u00a0; l&#039;\u00e9conomie locale repose sur le tourisme (stations thermales), l&#039;industrie l\u00e9g\u00e8re (une usine de balles de golf et quelques centres de distribution se trouvent \u00e0 proximit\u00e9) et les emplois dans le secteur des services. Le slogan de la ville, \u00ab\u00a0City of Eternal Sunshine\u00a0\u00bb, illustre parfaitement son approche marketing\u00a0: elle s&#039;appuie litt\u00e9ralement sur un \u00e9l\u00e9ment naturel, les sources thermales chaudes.<\/p>\n<p>G\u00e9ographiquement, Desert Hot Springs se situe \u00e0 l&#039;extr\u00e9mit\u00e9 nord de la vall\u00e9e de Coachella (la \u00ab Vall\u00e9e du Soleil \u00bb), \u00e0 environ 80 kilom\u00e8tres \u00e0 l&#039;est du centre-ville de Los Angeles. Elle se trouve dans le comt\u00e9 de Riverside, \u00e0 quelques kilom\u00e8tres au nord de Palm Springs et au sud des monts San Bernardino. La ville s&#039;\u00e9tend au fond de la vall\u00e9e, \u00e0 environ 330 m\u00e8tres d&#039;altitude. Autour de Desert Hot Springs se trouvent les basses cha\u00eenes des monts San Jacinto et Indio, qui abritent des sentiers de randonn\u00e9e d&#039;altitude et les aquif\u00e8res qui alimentent les sources. Le relief est typique du haut d\u00e9sert californien\u00a0: des plaines sablonneuses et rocheuses parsem\u00e9es de cr\u00e9osote et de cactus, bord\u00e9es de cr\u00eates montagneuses escarp\u00e9es. Au nord-ouest, on aper\u00e7oit le mont San Jacinto culminant \u00e0 3\u00a0300 m\u00e8tres. L&#039;\u00e9l\u00e9ment paysager caract\u00e9ristique est constitu\u00e9 par les sources chaudes elles-m\u00eames\u00a0: de nombreux puits et bassins diss\u00e9min\u00e9s dans la ville se remplissent d&#039;eau min\u00e9rale chauff\u00e9e par g\u00e9othermie (dont proviennent les stations thermales embl\u00e9matiques de la ville).<\/p>\n<p>Le climat de Desert Hot Springs est celui d&#039;un d\u00e9sert classique\u00a0: des \u00e9t\u00e9s tr\u00e8s chauds et extr\u00eamement secs et des hivers doux. Selon les donn\u00e9es climatiques, les \u00e9t\u00e9s y sont \u00ab\u00a0\u00e9touffants, arides et g\u00e9n\u00e9ralement clairs\u00a0\u00bb. De juin \u00e0 septembre, les temp\u00e9ratures maximales diurnes atteignent r\u00e9guli\u00e8rement 38 \u00e0 43\u00a0\u00b0C (100 \u00e0 110\u00a0\u00b0F), parfois m\u00eame plus. M\u00eame pour un d\u00e9sert, DHS est chaud\u00a0: les temp\u00e9ratures maximales moyennes en juillet avoisinent les 40\u00a0\u00b0C. Les nuits d&#039;\u00e9t\u00e9 descendent jusqu&#039;\u00e0 21\u00a0\u00b0C, ce qui offre un certain r\u00e9pit. La pluie est quasi inexistante en \u00e9t\u00e9, avec seulement quelques orages tout au plus. Les hivers sont doux par rapport \u00e0 la plupart des \u00c9tats-Unis\u00a0: en janvier, les temp\u00e9ratures maximales diurnes avoisinent les 15\u00a0\u00b0C et les minimales les 5\u00a0\u00b0C. Le gel est possible, mais la neige est extr\u00eamement rare (rarement infime). Ce climat, ainsi que la richesse de ses eaux min\u00e9rales, expliquent pourquoi on surnomme DHS le \u00ab\u00a0Palm Springs des hippies\u00a0\u00bb ou la capitale thermale de Californie. L&#039;air est exceptionnellement sec (le taux d&#039;humidit\u00e9 en \u00e9t\u00e9 est souvent inf\u00e9rieur \u00e0 10 %)\u00a0; il est donc essentiel de bien s&#039;hydrater en \u00e9t\u00e9. Lunettes de soleil et cr\u00e8me solaire sont fortement recommand\u00e9es toute l&#039;ann\u00e9e.<\/p>\n<h2>Desert Hot Springs en chiffres (population, d\u00e9mographie, \u00e9conomie)<\/h2>\n<p>Desert Hot Springs est l&#039;une des petites villes de Californie qui conna\u00eet la croissance la plus rapide. Sa population \u00e9tait d&#039;environ 32\u00a0512 habitants en 2020, et les projections la situent \u00e0 plus de 34\u00a0000 d&#039;ici 2025. Cette croissance provient \u00e0 la fois des naissances locales et de l&#039;immigration en provenance d&#039;autres r\u00e9gions de Californie et d&#039;autres \u00c9tats, attir\u00e9e par les logements abordables et le soleil. La ville est particuli\u00e8rement diversifi\u00e9e\u00a0: les Blancs non hispaniques repr\u00e9sentent environ 36\u00a0% de la population, tandis que le reste est majoritairement hispanique\/latino ou d&#039;autres origines ethniques (soit environ les deux tiers de la population hispanique). On y trouve \u00e9galement d&#039;importantes communaut\u00e9s multiraciales. Sur le plan \u00e9conomique, le revenu m\u00e9dian des m\u00e9nages, de 50\u00a0349\u00a0$, est inf\u00e9rieur \u00e0 la moyenne californienne, ce qui refl\u00e8te une appartenance plus bourgeoise \u00e0 Desert Hot Springs. Les principaux secteurs d&#039;activit\u00e9 sont le tourisme (les h\u00f4tels et les complexes touristiques sont des employeurs importants), l&#039;industrie manufacturi\u00e8re (notamment la production de balles de golf dans les usines voisines) et le commerce de d\u00e9tail. Le taux de pauvret\u00e9 est l\u00e9g\u00e8rement inf\u00e9rieur \u00e0 20 %, sup\u00e9rieur \u00e0 la moyenne nationale, en raison de la petite taille de la ville et de la forte population de retrait\u00e9s \u00e0 revenus fixes. De nombreux m\u00e9nages sont des familles ou des retrait\u00e9s attir\u00e9s par la tranquillit\u00e9 de la vie.<\/p>\n<h2>Localisation (R\u00e9gion, Paysage, Climat)<\/h2>\n<p>Desert Hot Springs occupe un bassin d\u00e9sertique du sud de la Californie, dans la sous-r\u00e9gion du d\u00e9sert du Colorado, au sein du d\u00e9sert de Sonora. Elle se situe juste au nord de Palm Springs, \u00e0 environ 34\u00b0 de latitude nord et 116\u00b030\u2032 de longitude ouest. La ville se situe \u00e0 environ 330 m d&#039;altitude, soit une altitude sup\u00e9rieure \u00e0 celle de Palm Springs, ce qui lui conf\u00e8re des nuits l\u00e9g\u00e8rement plus fra\u00eeches. Le paysage est plat ou l\u00e9g\u00e8rement vallonn\u00e9, compos\u00e9 de sable et de gravier, avec une v\u00e9g\u00e9tation clairsem\u00e9e (ocotillos, yuccas, cr\u00e9osotiers). Autour de Desert Hot Springs se trouvent de basses collines (les monts Little San Bernardino) et, plus loin, les hauts sommets des monts San Jacinto. L&#039;\u00e9l\u00e9ment g\u00e9ographique le plus marquant est bien s\u00fbr la pr\u00e9sence de sources chaudes g\u00e9othermiques qui s&#039;infiltrent sous la surface. L&#039;eau de ces sources chaudes (naturellement entre 50 et 60 \u00b0C) est achemin\u00e9e par canalisation vers de nombreux spas et piscines de la ville. En fait, on peut se baigner dans des sources chaudes aliment\u00e9es par des baignoires dans des dizaines de spas ici \u2013 une attraction g\u00e9ographique unique.<\/p>\n<p>Comme indiqu\u00e9 pr\u00e9c\u00e9demment, le climat est celui d&#039;un d\u00e9sert aride. Officiellement, Desert Hot Springs est class\u00e9 comme un climat d\u00e9sertique chaud (K\u00f6ppen BWh). Les pr\u00e9cipitations annuelles y sont extr\u00eamement faibles (moins de 15 cm) et l&#039;\u00e9vaporation est importante. Les \u00e9t\u00e9s sont longs et extr\u00eamement chauds\u00a0: les donn\u00e9es climatiques officielles d\u00e9crivent les mois d&#039;\u00e9t\u00e9 comme \u00ab\u00a0\u00e9touffants et arides\u00a0\u00bb, avec des temp\u00e9ratures maximales moyennes sup\u00e9rieures \u00e0 38\u00a0\u00b0C en juillet et ao\u00fbt. Le ciel est presque toujours d\u00e9gag\u00e9 en \u00e9t\u00e9. Les hivers sont courts et doux\u00a0: les temp\u00e9ratures maximales moyennes en d\u00e9cembre et janvier avoisinent les 15\u00a0\u00b0C, avec des nuits douces. Les pr\u00e9cipitations sont concentr\u00e9es pendant les mois les plus frais (d\u00e9cembre-f\u00e9vrier peut apporter quelques orages, bien que les pr\u00e9cipitations hivernales soient faibles par rapport aux normes am\u00e9ricaines). Gr\u00e2ce \u00e0 l&#039;effet \u00ab\u00a0ombre pluviom\u00e9trique\u00a0\u00bb des montagnes, Desert Hot Springs voit moins de nuages \u200b\u200bque Palm Springs, l\u00e9g\u00e8rement plus au sud. Les visiteurs doivent particuli\u00e8rement pr\u00eater attention \u00e0 la chaleur estivale\u00a0: m\u00eame les habitants pr\u00e9voient des activit\u00e9s intenses en matin\u00e9e ou en soir\u00e9e. Cependant, la faible humidit\u00e9 et la forte intensit\u00e9 du soleil contribuent \u00e9galement \u00e0 des journ\u00e9es d&#039;hiver brillantes et s\u00e8ches qui attirent de nombreux touristes fuyant les climats plus froids.<\/p>\n<h2>Aper\u00e7u historique (origines et \u00e9tapes importantes)<\/h2>\n<p>L&#039;histoire de Desert Hot Springs est intimement li\u00e9e \u00e0 ses sources. Les peuples autochtones (la tribu Cahuilla) connaissaient ces eaux chaudes depuis des mill\u00e9naires. Plus r\u00e9cemment, Cabot Yerxa est devenu un nom l\u00e9gendaire. Yerxa \u00e9tait un colon excentrique arriv\u00e9 dans la r\u00e9gion vers 1913 en qu\u00eate d&#039;\u00ab\u00a0eau miraculeuse\u00a0\u00bb. Il construisit sa propre cabane au toit de paille (appel\u00e9e \u00ab\u00a0Eagle&#039;s Nest Cabin\u00a0\u00bb, aujourd&#039;hui inscrite au Registre national) en 1914, puis l&#039;impressionnante Cabot&#039;s Pueblo House sur Miracle Hill \u2013 une maison en pierre de 35\u00a0pi\u00e8ces de style pueblo, construite artisanalement et abritant un mus\u00e9e. Ces structures (toujours debout) sont des monuments embl\u00e9matiques de Desert Hot Springs, symbolisant la qu\u00eate des bienfaits th\u00e9rapeutiques des sources au d\u00e9but du XXe\u00a0si\u00e8cle.<\/p>\n<p>La premi\u00e8re incorporation officielle d&#039;une ville autour des sources remonte \u00e0 1963, lorsque Desert Hot Springs a \u00e9t\u00e9 \u00e9rig\u00e9e en ville (en partie pour capitaliser sur le tourisme). \u00c0 ses d\u00e9buts, la ville \u00e9tait plut\u00f4t spartiate\u00a0: de nombreux motels attiraient hippies et adeptes du New Age. Au cours des d\u00e9cennies suivantes, cependant, des entrepreneurs ont construit des stations thermales de plus en plus luxueuses, commercialisant DHS comme un lieu de d\u00e9tente dans des piscines thermales chaudes. L&#039;essor des ann\u00e9es 1980-1990 a marqu\u00e9 une p\u00e9riode charni\u00e8re, avec l&#039;ouverture ou l&#039;agrandissement de grandes stations comme Two Bunch Palms et Miracle Springs, qui ont affirm\u00e9 l&#039;identit\u00e9 de la ville comme \u00ab\u00a0ville thermale de Californie\u00a0\u00bb. Ces derni\u00e8res ann\u00e9es, DHS a continu\u00e9 de d\u00e9velopper des zones r\u00e9sidentielles, mais les sources restent au c\u0153ur de son histoire historique et \u00e9conomique.<\/p>\n<h2>Ambiance culturelle (caract\u00e8re local, traditions, festivals, style de vie)<\/h2>\n<p>Desert Hot Springs poss\u00e8de une culture de station thermale unique. La devise de la ville, \u00ab\u00a0Ville du soleil \u00e9ternel\u00a0\u00bb, \u00e9voque son atmosph\u00e8re optimiste et d\u00e9contract\u00e9e. De nombreux habitants travaillent dans l&#039;h\u00f4tellerie\u00a0; la ville se pr\u00e9sente d&#039;ailleurs comme \u00ab\u00a0l&#039;oasis de bien-\u00eatre de Californie\u00a0\u00bb. Les matin\u00e9es peuvent commencer par des cours de yoga avec vue sur la vall\u00e9e de Coachella, les apr\u00e8s-midis au bord d&#039;une piscine thermale sous les palmiers, et les soir\u00e9es \u00e0 savourer une cuisine mexicaine locale ou du jazz sur la terrasse d&#039;un h\u00f4tel. La population est accueillante et \u00e9clectique. L&#039;anglais est largement parl\u00e9, mais l&#039;espagnol est tout aussi courant (refl\u00e9tant l&#039;h\u00e9ritage hispanique de la ville, \u00e0 environ 65\u00a0%). Vous entendrez souvent des conversations en spanglish dans les magasins ou des mariachis lors des festivals locaux.<\/p>\n<p>Les \u00e9v\u00e9nements organis\u00e9s \u00e0 DHS sont g\u00e9n\u00e9ralement ax\u00e9s sur la communaut\u00e9 ou la sant\u00e9 et le bien-\u00eatre. On y trouvait autrefois des foires multiculturelles annuelles, des c\u00e9l\u00e9brations du Cinco de Mayo et des promenades artistiques (souvent au profit d&#039;associations caritatives locales). Un \u00e9v\u00e9nement phare (surtout \u00e0 Palm Springs, non loin de l\u00e0) est la conf\u00e9rence Wellness Yoga, qui refl\u00e8te les influences New Age de la r\u00e9gion. Bien que DHS ne soit pas un centre de vie nocturne comme Palm Springs, il accueille occasionnellement des concerts, des expositions de voitures anciennes et des festivals culturels dans l&#039;amphith\u00e9\u00e2tre local ou les \u00e9coles. En \u00e9t\u00e9, l&#039;air r\u00e9sonne des bruits des piscines thermales\u00a0; en hiver, les illuminations de No\u00ebl ornent souvent les palmiers, ajoutant une touche festive.<\/p>\n<p>Le style de vie \u00e0 DHS est g\u00e9n\u00e9ralement d\u00e9tendu et respectueux. Les gens s&#039;habillent souvent de mani\u00e8re d\u00e9contract\u00e9e\u00a0; les tongs et le maillot de bain peuvent \u00eatre la tenue de vill\u00e9giature, m\u00eame en public, compte tenu de la chaleur qui r\u00e8gne toute l&#039;ann\u00e9e. De nombreuses maisons sont de modestes ranchs dans le d\u00e9sert. Le rythme y est plus lent qu&#039;\u00e0 Los Angeles ou San Francisco\u00a0: vos voisins peuvent \u00eatre adeptes du spa l&#039;apr\u00e8s-midi, puis profiter d&#039;une soir\u00e9e tranquille \u00e0 la maison. Les habitants mettent souvent l&#039;accent sur la sant\u00e9\u00a0: on y voit souvent des gens prendre des bains quotidiens, se promener au nouveau parc canin Rancho Mirage (qui poss\u00e8de \u00e9galement des sources chaudes\u00a0!) ou exp\u00e9rimenter de nouvelles tendances bien-\u00eatre. Sur le plan politique et social, Desert Hot Springs est une ville diversifi\u00e9e, avec un m\u00e9lange de familles ouvri\u00e8res et de retrait\u00e9s ais\u00e9s (notamment les \u00ab\u00a0snowbirds\u00a0\u00bb qui passent l&#039;\u00e9t\u00e9 dans le nord). L&#039;atmosph\u00e8re g\u00e9n\u00e9rale est celle de la communaut\u00e9 et de la s\u00e9r\u00e9nit\u00e9\u00a0: un lieu o\u00f9 les bienfaits thermaux de la nature fa\u00e7onnent le quotidien.<\/p>\n<h2>Principales attractions (sites et exp\u00e9riences incontournables)<\/h2>\n<p>Les sources chaudes constituent l&#039;attraction principale de Desert Hot Springs. Les touristes viennent ici sp\u00e9cialement pour se baigner dans une eau chaude riche en min\u00e9raux. Parmi les stations thermales les plus remarquables, citons Two Bunch Palms (un luxueux refuge de longue date avec piscines bord\u00e9es de palmiers et bains de boue) et Miracle Springs Resort. De nombreux spas et motels plus petits proposent des piscines accessibles en journ\u00e9e (certains remplissent m\u00eame d&#039;eau de source chaude des baignoires g\u00e9antes au coin des rues). L&#039;exp\u00e9rience de flotter simplement dans l&#039;eau chaude au milieu des montagnes d\u00e9sertiques, de jour comme de nuit, est unique dans cette r\u00e9gion.<\/p>\n<p>Le mus\u00e9e du Pueblo de Cabot est un monument embl\u00e9matique. Visiter le Pueblo de Cabot (construit par Cabin Yerxa) revient \u00e0 plonger dans l&#039;univers d&#039;un ancien explorateur\u00a0: murs en adobe artisanaux, objets am\u00e9rindiens et eau de source chaude achemin\u00e9e par d&#039;anciens bains publics. Situ\u00e9 sur Miracle Hill, il abrite un mus\u00e9e consacr\u00e9 \u00e0 son histoire, consid\u00e9r\u00e9 par beaucoup comme un t\u00e9moignage vivant du savoir local.<\/p>\n<p>Pr\u00e8s de DHS, le jardin botanique Moorten de Palm Springs (au sud de la ville) pr\u00e9sente des plantes du d\u00e9sert dans des cactariums en verre, un d\u00e9tour qui vaut le d\u00e9tour. La randonn\u00e9e est populaire sur les collines avoisinantes\u00a0: Indian Canyons (Palms au sud) et Palm Canyon (art rupestre et oasis de palmiers) se trouvent \u00e0 seulement quelques kilom\u00e8tres. Les sentiers d&#039;Indian Canyons sont c\u00e9l\u00e8bres pour leurs palmeraies et leurs cascades (Ivy Park, Murray Canyon). Un point de vue incontournable est Keys View (dans le parc national de Joshua Tree, ou du c\u00f4t\u00e9 de Palm Springs), d&#039;o\u00f9 l&#039;on peut voir jusqu&#039;\u00e0 la mer de Salton et la fronti\u00e8re mexicaine par temps clair.<\/p>\n<p>En ville, Miracle Park et le quartier du Civic Center accueillent de petits \u00e9v\u00e9nements publics et des march\u00e9s fermiers pendant les mois les plus frais. En hiver, notamment, le tramway a\u00e9rien de Palm Springs est \u00e0 quelques minutes en voiture (la tradition locale veut que l&#039;on prenne le tramway jusqu&#039;au mont San Jacinto, \u00e0 2\u00a0600 m\u00e8tres d&#039;altitude, pour profiter de la neige et des vues). Les golfeurs affluent \u00e9galement \u00e0 Desert Hot Springs\u00a0; la ville poss\u00e8de son propre parcours de golf, Desert Dunes, nich\u00e9 au c\u0153ur des dunes. Les visiteurs de DHS passent g\u00e9n\u00e9ralement la majeure partie de leur temps \u00e0 se d\u00e9tendre dans un spa ou \u00e0 explorer les paysages environnants. La ville elle-m\u00eame est calme\u00a0; ses principaux atouts sont les sources thermales et son atmosph\u00e8re relaxante.<\/p>\n<h2>Aper\u00e7u pratique (se rendre sur place, se d\u00e9placer, conseils)<\/h2>\n<p>Desert Hot Springs est accessible en voiture, le plus facilement par l&#039;a\u00e9roport international de Palm Springs (PSP), situ\u00e9 \u00e0 environ 24 km au sud (environ 20 minutes). Les principales compagnies a\u00e9riennes desservent PSP depuis tous les \u00c9tats-Unis, et de l\u00e0, vous pouvez louer une voiture ou prendre une navette pour rejoindre Desert Hot Springs. Pour les vols internationaux ou d&#039;autres options, l&#039;a\u00e9roport international de Los Angeles (LAX) est \u00e0 environ 193 km \u00e0 l&#039;ouest. Par la route, l&#039;I-10 (est-ouest) passe au sud de la ville (sortie Palm Drive\/CA-62). Depuis Los Angeles ou San Diego, roulez vers l&#039;est sur l&#039;I-10 jusqu&#039;\u00e0 Indio, puis vers le nord sur la CA-62. Il n&#039;y a pas de service de train. Greyhound propose des bus pour Palm Springs et Indio\u00a0; depuis ces villes, vous devrez prendre un taxi local vers le nord.<\/p>\n<p>Desert Hot Springs est une ville peu dense\u00a0; louer une voiture est donc plus pratique. Les routes sont larges et d\u00e9gag\u00e9es\u00a0; les embouteillages sont rares. Un GPS ou une carte sont utiles\u00a0: les rues sont quadrill\u00e9es, mais la num\u00e9rotation est parfois rare. Il n&#039;y a pas de transports en commun locaux, \u00e0 l&#039;exception d&#039;un service de transport \u00e0 la demande pour les seniors. On peut appeler des taxis et des services de covoiturage desservent la ville de fa\u00e7on sporadique. La plupart des visiteurs se rendent simplement en voiture de leur h\u00f4tel\/spa aux attractions. Les quartiers centraux (Palace Drive, Palm Drive) sont dot\u00e9s de trottoirs pour de courtes promenades, mais les distances globales sont trop importantes pour \u00eatre parcourues confortablement \u00e0 pied. La vitesse est g\u00e9n\u00e9ralement limit\u00e9e \u00e0 56-72\u00a0km\/h en ville (attention aux pi\u00e9tons pr\u00e8s des h\u00f4tels et dans le centre-ville de Desert Hot Springs).<\/p>\n<p><strong>Conseils de base :<\/strong><\/p>\n<ul>\n<li><strong>Devise et paiement :<\/strong> Dollars am\u00e9ricains. Les cartes de cr\u00e9dit sont largement utilis\u00e9es\u00a0; pr\u00e9voyez de l&#039;argent liquide pour les petits achats ou les pourboires. Plusieurs distributeurs automatiques de billets sont pr\u00e9sents en ville et sur le site du complexe.<\/li>\n<li><strong>Langue:<\/strong> L&#039;anglais et l&#039;espagnol sont courants. Le personnel de l&#039;h\u00f4tel et du spa se fera un plaisir de les parler. Un anglais de base suffit g\u00e9n\u00e9ralement, mais quelques salutations en espagnol peuvent s&#039;av\u00e9rer utiles.<\/li>\n<li><strong>\u00c9tiquette locale :<\/strong> Les r\u00e9sidents de Desert Hot Springs sont g\u00e9n\u00e9ralement informels. Un hochement de t\u00eate amical ou un \u00ab\u00a0hola\u00a0\u00bb est courant. N&#039;oubliez pas, nous sommes en Californie\u00a0: ne laissez pas d&#039;objets de valeur \u00e0 la vue de tous dans votre voiture (verrouillez-la et prenez ou couvrez vos affaires). Les lodges fournissent g\u00e9n\u00e9ralement des peignoirs et des serviettes, mais il est poli de demander plut\u00f4t que d&#039;en prendre.<\/li>\n<li><strong>Climat et tenue vestimentaire :<\/strong> En \u00e9t\u00e9, pr\u00e9voyez une chaleur extr\u00eame. Emportez des lunettes de soleil, de la cr\u00e8me solaire, un chapeau et des v\u00eatements l\u00e9gers. En hiver, les journ\u00e9es peuvent encore \u00eatre chaudes, mais les nuits n\u00e9cessitent un pull ou une veste. Les baignades nocturnes dans les sources chaudes n\u00e9cessitent souvent un peignoir l\u00e9ger. L&#039;air de Desert Hot Springs est tr\u00e8s sec\u00a0; pr\u00e9voyez donc un baume \u00e0 l\u00e8vres et une cr\u00e8me hydratante. Une bonne hydratation (bouteilles d&#039;eau) est essentielle ici.<\/li>\n<li><strong>S\u00e9curit\u00e9:<\/strong> Le d\u00e9sert est extr\u00eamement s\u00fbr, mais les pr\u00e9cautions d&#039;usage s&#039;appliquent. Appliquez toujours beaucoup de cr\u00e8me solaire et buvez de l&#039;eau en \u00e9t\u00e9 pour \u00e9viter les coups de chaleur. En randonn\u00e9e, soyez attentif aux serpents \u00e0 sonnette (surtout au printemps) et munissez-vous d&#039;un b\u00e2ton de marche. \u00c9vitez de marcher en milieu de journ\u00e9e en \u00e9t\u00e9. Des vents mod\u00e9r\u00e9s ou des temp\u00eates de poussi\u00e8re occasionnelles peuvent survenir\u00a0; si les routes semblent poussi\u00e9reuses, soyez prudent (clignotants allum\u00e9s). La criminalit\u00e9 est faible, mais pas nulle\u00a0; les visiteurs doivent verrouiller les portes de leur h\u00f4tel et de leur voiture, et utiliser les coffres-forts des h\u00f4tels pour leurs objets de valeur. Services d&#039;urgence\u00a0: composez le 911. Les h\u00f4pitaux du DHS, situ\u00e9 \u00e0 proximit\u00e9, desservent les r\u00e9sidents.<\/li>\n<li><strong>Autre:<\/strong> Le fuseau horaire est Pacifique (UTC\u20138, PDT en \u00e9t\u00e9). Les restaurants sont habill\u00e9s de mani\u00e8re d\u00e9contract\u00e9e\u00a0; m\u00eame si certains spas pr\u00e9f\u00e8rent ne pas porter de maillot de bain, on voit souvent des clients en short ou en sandales. Un pourboire d&#039;environ 15 \u00e0 20\u00a0% dans les restaurants et pour les services de spa est la norme. L&#039;eau locale est dure mais s\u00fbre\u00a0; de nombreux visiteurs profitent de la source min\u00e9rale gratuite de Rancho Mirage (un peu plus au sud) ou des jacuzzis de leurs h\u00f4tels.<\/li>\n<\/ul>\n<p>En r\u00e9sum\u00e9, Desert Hot Springs offre un s\u00e9jour paisible et ax\u00e9 sur le bien-\u00eatre. Son c\u00f4t\u00e9 pratique est facile \u00e0 vivre pour les voyageurs anglophones\u00a0: les habitants sont serviables et les \u00e9quipements sont conformes aux normes occidentales. Apprenez quelques formules de politesse en espagnol, buvez suffisamment et respectez l&#039;environnement d\u00e9sertique, et votre visite se d\u00e9roulera sans encombre. Le charme de la ville r\u00e9side dans sa simplicit\u00e9\u00a0: suivez l&#039;exemple des habitants et \u00e9vacuez vos soucis dans les sources chaudes sous le ciel du d\u00e9sert.<a href=\"https:\/\/travelshelper.com\/fr\/destinations\/amerique-du-nord\/etats-unis-damerique\/berkeley-springs\/\" target=\"_self\" aria-labelledby=\"uael-post-8997\"><br \/>\n<\/a><\/p>","protected":false},"excerpt":{"rendered":"<p>Desert Hot Springs, ville nich\u00e9e dans le comt\u00e9 de Riverside, en Californie, est un joyau unique au c\u0153ur de la vall\u00e9e de Coachella. Connue pour ses sources chaudes naturelles, la ville a connu une croissance significative au fil des d\u00e9cennies, passant de 2\u00a0700 habitants dans les ann\u00e9es 1970 \u00e0 32\u00a0512 au recensement de 2020. Cette croissance rapide t\u00e9moigne de l&#039;attrait de la ville et de l&#039;attrait de ses ressources naturelles.<\/p>","protected":false},"author":1,"featured_media":17530,"parent":8072,"menu_order":0,"comment_status":"closed","ping_status":"closed","template":"elementor_theme","meta":{"_eb_attr":"","footnotes":""},"class_list":["post-8937","page","type-page","status-publish","has-post-thumbnail"],"_links":{"self":[{"href":"https:\/\/travelshelper.com\/fr\/wp-json\/wp\/v2\/pages\/8937","targetHints":{"allow":["GET"]}}],"collection":[{"href":"https:\/\/travelshelper.com\/fr\/wp-json\/wp\/v2\/pages"}],"about":[{"href":"https:\/\/travelshelper.com\/fr\/wp-json\/wp\/v2\/types\/page"}],"author":[{"embeddable":true,"href":"https:\/\/travelshelper.com\/fr\/wp-json\/wp\/v2\/users\/1"}],"replies":[{"embeddable":true,"href":"https:\/\/travelshelper.com\/fr\/wp-json\/wp\/v2\/comments?post=8937"}],"version-history":[{"count":0,"href":"https:\/\/travelshelper.com\/fr\/wp-json\/wp\/v2\/pages\/8937\/revisions"}],"up":[{"embeddable":true,"href":"https:\/\/travelshelper.com\/fr\/wp-json\/wp\/v2\/pages\/8072"}],"wp:featuredmedia":[{"embeddable":true,"href":"https:\/\/travelshelper.com\/fr\/wp-json\/wp\/v2\/media\/17530"}],"wp:attachment":[{"href":"https:\/\/travelshelper.com\/fr\/wp-json\/wp\/v2\/media?parent=8937"}],"curies":[{"name":"wp","href":"https:\/\/api.w.org\/{rel}","templated":true}]}}