{"id":8931,"date":"2024-09-06T14:44:36","date_gmt":"2024-09-06T14:44:36","guid":{"rendered":"https:\/\/travelshelper.com\/staging\/?page_id=8931"},"modified":"2026-03-13T17:36:17","modified_gmt":"2026-03-13T17:36:17","slug":"calistoga","status":"publish","type":"page","link":"https:\/\/travelshelper.com\/fr\/destinations\/north-america\/united-states\/calistoga\/","title":{"rendered":"Calistoga"},"content":{"rendered":"<p>Calistoga, en Californie, est une petite ville thermale et viticole r\u00e9put\u00e9e pour ses sources chaudes et son style de vie d\u00e9contract\u00e9 dans la Napa Valley. Nich\u00e9e \u00e0 l&#039;extr\u00e9mit\u00e9 nord de la Napa Valley, Calistoga ne compte qu&#039;environ 5\u00a0200 habitants (recensement de 2020). Sa population s&#039;accro\u00eet le week-end gr\u00e2ce aux touristes et aux visiteurs des vignobles. La ville s&#039;\u00e9tend sur environ 4,6 km\u00b2 dans le comt\u00e9 de Napa, \u00e0 environ 120 km au nord de San Francisco. Elle se trouve au pied des monts Mayacamas (qui font partie de la cha\u00eene c\u00f4ti\u00e8re), avec le mont Sainte-H\u00e9l\u00e8ne (1\u00a0300 m) dominant le nord. Des vignobles et des terres agricoles entourent le fond ensoleill\u00e9 de la vall\u00e9e de Calistoga, et la ville se trouve juste \u00e0 l&#039;est de la rivi\u00e8re Napa.<\/p>\n<p><strong>Calistoga en chiffres :<\/strong><\/p>\n<ul>\n<li><strong>Population:<\/strong> ~5\u00a0228 (2020). Par origine ethnique, la population est compos\u00e9e d&#039;environ 53\u00a0% de Blancs non hispaniques et d&#039;environ 45\u00a0% d&#039;Hispaniques ou de Latinos (toutes origines confondues). L&#039;\u00e2ge m\u00e9dian est \u00e9lev\u00e9 (environ 49\u00a0ans)\u00a0; de nombreux retrait\u00e9s et vignerons vivent ici.<\/li>\n<li><strong>\u00c9conomie:<\/strong> Le tourisme est le moteur de l&#039;\u00e9conomie de Calistoga. Les visiteurs viennent pour ses sources chaudes, ses spas et ses vignobles. La ville compte \u00e9galement quelques restaurants, boutiques et petites industries manufacturi\u00e8res (par exemple, l&#039;eau min\u00e9rale en bouteille). Depuis ses d\u00e9buts, marqu\u00e9s par l&#039;exploitation mini\u00e8re (or et mercure) et l&#039;\u00e9levage, l&#039;\u00e9conomie locale s&#039;est orient\u00e9e vers les loisirs et la viticulture. Aujourd&#039;hui, les emplois dans l&#039;h\u00f4tellerie et la production viticole dominent. Le revenu m\u00e9dian des m\u00e9nages est d&#039;environ 84\u00a0900 $ (2023).<\/li>\n<li><strong>Climat:<\/strong> Calistoga b\u00e9n\u00e9ficie d&#039;un climat m\u00e9diterran\u00e9en classique. Les \u00e9t\u00e9s sont tr\u00e8s chauds et secs\u00a0; les temp\u00e9ratures peuvent d\u00e9passer largement les 38\u00a0\u00b0C (Calistoga enregistre souvent des temp\u00e9ratures parmi les plus \u00e9lev\u00e9es de Napa\u00a0; certains records de Californie y ont d&#039;ailleurs \u00e9t\u00e9 enregistr\u00e9s). Les temp\u00e9ratures diurnes moyennes oscillent entre 32 et 35\u00a0\u00b0C en juillet et ao\u00fbt, mais les nuits sont nettement plus fra\u00eeches. Les hivers sont doux et humides, avec des pluies principalement de novembre \u00e0 mars. Les gel\u00e9es sont rares (ce qui explique en partie le succ\u00e8s de la viticulture).<\/li>\n<\/ul>\n<p><strong>Emplacement:<\/strong> Calistoga se situe dans la r\u00e9gion de la Baie Nord, dans la baie de San Francisco. Elle se trouve \u00e0 environ 48 kilom\u00e8tres au nord de Santa Rosa et \u00e0 une heure de route au nord-ouest de l&#039;a\u00e9roport r\u00e9gional du comt\u00e9 de Sonoma (STS). (Remarque\u00a0: l&#039;a\u00e9roport de San Francisco est \u00e0 environ 130 kilom\u00e8tres au sud.) Le climat et le paysage de la ville, bas\u00e9s sur l&#039;adresse, sont typiques d&#039;une vall\u00e9e int\u00e9rieure du nord de la Californie\u00a0: vignes et vergers sur un terrain plat, avec des for\u00eats de ch\u00eanes et des pics volcaniques \u00e0 l&#039;ouest.<\/p>\n<p><strong>Aper\u00e7u historique :<\/strong> L&#039;histoire de Calistoga d\u00e9bute en 1868, lorsque l&#039;entrepreneur Sam Brannan (l&#039;un des premiers entrepreneurs californiens) fonde la ville sur le mod\u00e8le des c\u00e9l\u00e8bres stations thermales de Saratoga Springs, dans l&#039;\u00c9tat de New York (d&#039;o\u00f9 son nom \u00ab\u00a0Calistoga\u00a0\u00bb). En une d\u00e9cennie, la ville devient un village thermal en plein essor. Les premiers h\u00f4tels et bains publics attirent les habitants de San Francisco et les touristes en qu\u00eate de soulagement. L&#039;ancien Plunge (une immense piscine chauff\u00e9e, de taille olympique) et les bains publics d&#039;origine sont encore des attractions touristiques. Le c\u00e9l\u00e8bre auteur Robert Louis Stevenson a notamment s\u00e9journ\u00e9 \u00e0 Calistoga dans les ann\u00e9es 1880 et a \u00e9crit \u00ab\u00a0Silverado Squatters\u00a0\u00bb sur la vie rurale des pionniers des d\u00e9buts de la ville. Des incendies de for\u00eat ont ravag\u00e9 la r\u00e9gion\u00a0\u2013 par exemple, en 2017 et 2020, des incendies de collines ont entra\u00een\u00e9 des \u00e9vacuations\u00a0\u2013 rappelant que ce paysage luxuriant peut \u00eatre br\u00fblant et sec lors des \u00e9t\u00e9s chauds.<\/p>\n<p><strong>Culture et ambiance locales :<\/strong> Calistoga a l&#039;esprit d\u00e9contract\u00e9 d&#039;une station baln\u00e9aire rurale. L&#039;anglais est universel, mais vous entendrez aussi l&#039;espagnol et d&#039;autres langues parmi les employ\u00e9s des domaines viticoles et les visiteurs. L&#039;esprit western de la ville transpara\u00eet dans la musique country et les restaurants de style ranch\u00a0; les habitants plaisantent \u00e0 moiti\u00e9 en disant que John Wayne s&#039;y sentirait comme chez lui. Parall\u00e8lement, une ambiance \u00ab\u00a0vinicole chic\u00a0\u00bb se d\u00e9veloppe (salles de d\u00e9gustation de boutiques, auberges \u00e9l\u00e9gantes). L&#039;ambiance est g\u00e9n\u00e9ralement d\u00e9contract\u00e9e\u00a0: les gens vous saluent avec le sourire et les commer\u00e7ants vous connaissent par votre nom apr\u00e8s une ou deux visites. Il r\u00e8gne une culture conviviale, m\u00eame les apr\u00e8s-midis charg\u00e9s.<\/p>\n<p>Les festivals et traditions soulignent le caract\u00e8re de Calistoga\u00a0: chaque mois de juillet, vous pouvez assister au plus ancien d\u00e9fil\u00e9 du 4\u00a0juillet de l\u2019Ouest, un spectacle de petite ville avec voitures anciennes et fanfares. Le festival annuel du Nouvel An propose souvent des bains de boue\u00a0! (Oui, se baigner dans des bains de boue le soir du Nouvel An est une tradition locale originale pour porter chance.) Comme l\u2019a dit un voyageur\u00a0: <em>\u00ab Le rythme de Calistoga est rythm\u00e9 par le soleil et le vignoble : les matin\u00e9es commencent par les march\u00e9s fermiers et \u00e0 midi, les spas sont remplis de rires. \u00bb<\/em><\/p>\n<p><strong>Principales attractions :<\/strong> Malgr\u00e9 sa taille, Calistoga offre plusieurs attraits uniques :<\/p>\n<ul>\n<li><strong>Sources chaudes et bains de boue :<\/strong> La principale raison pour laquelle les visiteurs viennent \u00e0 Calistoga. L&#039;Indian Springs Resort (un spa historique de 1913) dispose d&#039;une piscine aliment\u00e9e par une fontaine (l&#039;ancien \u00ab\u00a0Plunge\u00a0\u00bb de taille olympique) et de bains min\u00e9raux priv\u00e9s. Le Dr. Wilkinson&#039;s Resort, situ\u00e9 \u00e0 proximit\u00e9, poss\u00e8de un c\u00e9l\u00e8bre geyser (oui, un geyser de style Old Faithful) qui entre en \u00e9ruption r\u00e9guli\u00e8rement toutes les 30 \u00e0 40 minutes \u2013 une v\u00e9ritable surprise en Californie. De somptueux bains turcs et romains, ainsi que des bains de boue volcanique et des bains de vin, chouchoutent les visiteurs. Un apr\u00e8s-midi de d\u00e9tente dans des eaux riches en min\u00e9raux sous les palmiers est la marque de fabrique de Calistoga.<\/li>\n<li><strong>Vignobles et d\u00e9gustation de vins :<\/strong> Calistoga est l&#039;une des meilleures AVA (American Viticultural Areas) de Napa. De nombreux domaines renomm\u00e9s (comme le Ch\u00e2teau Montelena, Sterling Vineyards et Castello di Amorosa) se trouvent \u00e0 proximit\u00e9. Les visites et d\u00e9gustations de vins sont incontournables. Vous pouvez \u00e9galement parcourir \u00e0 v\u00e9lo ou en voiture la pittoresque boucle du Silverado Trail, longeant les vignobles et offrant des vues imprenables sur les collines de la vall\u00e9e.<\/li>\n<li><strong>For\u00eat p\u00e9trifi\u00e9e des \u00c9tats-Unis :<\/strong> \u00c0 quelques minutes en voiture \u00e0 l&#039;est de la ville, cette petite zone naturelle abrite des vestiges de s\u00e9quoias vieux de 3 millions d&#039;ann\u00e9es (plus tard transform\u00e9s en pierre). Les visiteurs peuvent parcourir le sentier et admirer les troncs fossilis\u00e9s qui se trouvaient autrefois l\u00e0, ensevelis par une \u00e9ruption volcanique.<\/li>\n<li><strong>Centre-ville et restauration :<\/strong> Le centre-ville de Calistoga est pittoresque et convivial. Sa rue principale (Washington St.) est bord\u00e9e de bars \u00e0 vin, de boutiques de souvenirs et de restaurants d\u00e9contract\u00e9s (salut aux abreuvoirs pour chevaux \u00e0 chaque p\u00e2t\u00e9 de maisons\u00a0!). Parmi les incontournables, citons la cuisine de bistrot am\u00e9ricain copieuse de l&#039;Evangeline, les pizzas au feu de bois du Sam&#039;s Social Club ou l&#039;ambiance l\u00e9gendaire du Brannan Cottage Inn, v\u00e9ritable pub gastronomique. Tous les restaurants sont \u00e0 quelques p\u00e2t\u00e9s de maisons, il est donc facile de se garer une fois et de marcher.<\/li>\n<li><strong>Activit\u00e9s de plein air :<\/strong> Randonn\u00e9es dans les collines environnantes (le sentier des Palisades offre des panoramas sur la vall\u00e9e), \u00e9quitation dans les ranchs et v\u00e9lo sur les routes de campagne. La ville poss\u00e8de \u00e9galement un parc communautaire avec tennis et pickleball.<\/li>\n<\/ul>\n<p><strong>Aper\u00e7u pratique :<\/strong> <strong>Comment s&#039;y rendre :<\/strong> L&#039;a\u00e9roport principal le plus proche est l&#039;a\u00e9roport international de San Francisco (SFO) (\u00e0 environ 130 km au sud par l&#039;I-80). Des vols r\u00e9gionaux plus proches atterrissent \u00e0 Oakland (OAK, environ 105 km) ou \u00e0 Sacramento (SMF, environ 112 km). Dans tous les cas, une location de voiture est n\u00e9cessaire pour le dernier trajet. Calistoga ne dispose pas de train de voyageurs ni d&#039;un grand a\u00e9roport\u00a0; l&#039;acc\u00e8s routier principal se fait par l&#039;autoroute 29 (venant du sud, au d\u00e9part de Napa) ou par le pittoresque Silverado Trail (qui longe le versant est de la vall\u00e9e).<\/p>\n<p><strong>Se d\u00e9placer :<\/strong> Calistoga se visite id\u00e9alement en voiture ou \u00e0 v\u00e9lo. La ville est petite et facile d&#039;acc\u00e8s \u00e0 pied une fois gar\u00e9e (on peut se promener d&#039;un spa \u00e0 l&#039;autre). Les services de covoiturage sont disponibles, mais moins fr\u00e9quents que dans les grandes villes. Pour un s\u00e9jour plus long, la location de v\u00e9lo est populaire pour rejoindre la campagne environnante.<\/p>\n<p><strong>Conseils et notes\u00a0:<\/strong> La monnaie est le dollar am\u00e9ricain\u00a0; l&#039;anglais est parl\u00e9 avec un l\u00e9ger accent californien. Le rythme de vie local est calme\u00a0; ne vous attendez pas \u00e0 des magasins ouverts tard (beaucoup ferment \u00e0 20\u00a0h). Habillez-vous en fonction de la m\u00e9t\u00e9o\u00a0: les journ\u00e9es d&#039;\u00e9t\u00e9 sont chaudes, mais gardez un pull \u00e0 port\u00e9e de main pour les nuits fra\u00eeches. Un pourboire de 15 \u00e0 20\u00a0% dans les restaurants et pour les soins de spa est courant. Calistoga est une ville tr\u00e8s s\u00fbre et familiale. La criminalit\u00e9 est extr\u00eamement rare\u00a0; il est fr\u00e9quent de croiser des voitures d\u00e9verrouill\u00e9es et des familles en promenade. La saison estivale des incendies est le principal danger\u00a0; si vous visitez la ville \u00e0 la fin de l&#039;\u00e9t\u00e9 ou en automne, v\u00e9rifiez la qualit\u00e9 de l&#039;air et les informations sur les incendies (les collines voisines ont \u00e9t\u00e9 br\u00fbl\u00e9es lors de pr\u00e9c\u00e9dentes temp\u00eates de feu). Sinon, profitez de cette charmante ville\u00a0; un voyageur la r\u00e9sume ainsi. <em>\u00ab Calme, propre et r\u00e9confortant \u2013 une oasis dans la Napa Valley. \u00bb<\/em><\/p>","protected":false},"excerpt":{"rendered":"<p>Situ\u00e9e dans le comt\u00e9 de Napa, en Californie, Calistoga \u2013 connue sous le nom de Nilektsonoma en langue wappo \u2013 est une petite ville au charme fou. Situ\u00e9e dans la baie Nord de la baie de San Francisco, Calistoga comptait 5\u00a0228 habitants lors du recensement de 2020. Son histoire riche, ses sources chaudes naturelles et son importance centrale dans la r\u00e9gion viticole californienne d\u00e9finissent cette petite ville.<\/p>","protected":false},"author":1,"featured_media":17484,"parent":8072,"menu_order":0,"comment_status":"closed","ping_status":"closed","template":"elementor_theme","meta":{"_eb_attr":"","footnotes":""},"class_list":["post-8931","page","type-page","status-publish","has-post-thumbnail"],"_links":{"self":[{"href":"https:\/\/travelshelper.com\/fr\/wp-json\/wp\/v2\/pages\/8931","targetHints":{"allow":["GET"]}}],"collection":[{"href":"https:\/\/travelshelper.com\/fr\/wp-json\/wp\/v2\/pages"}],"about":[{"href":"https:\/\/travelshelper.com\/fr\/wp-json\/wp\/v2\/types\/page"}],"author":[{"embeddable":true,"href":"https:\/\/travelshelper.com\/fr\/wp-json\/wp\/v2\/users\/1"}],"replies":[{"embeddable":true,"href":"https:\/\/travelshelper.com\/fr\/wp-json\/wp\/v2\/comments?post=8931"}],"version-history":[{"count":0,"href":"https:\/\/travelshelper.com\/fr\/wp-json\/wp\/v2\/pages\/8931\/revisions"}],"up":[{"embeddable":true,"href":"https:\/\/travelshelper.com\/fr\/wp-json\/wp\/v2\/pages\/8072"}],"wp:featuredmedia":[{"embeddable":true,"href":"https:\/\/travelshelper.com\/fr\/wp-json\/wp\/v2\/media\/17484"}],"wp:attachment":[{"href":"https:\/\/travelshelper.com\/fr\/wp-json\/wp\/v2\/media?parent=8931"}],"curies":[{"name":"wp","href":"https:\/\/api.w.org\/{rel}","templated":true}]}}