{"id":8773,"date":"2024-09-04T20:45:01","date_gmt":"2024-09-04T20:45:01","guid":{"rendered":"https:\/\/travelshelper.com\/staging\/?page_id=8773"},"modified":"2026-03-13T17:34:10","modified_gmt":"2026-03-13T17:34:10","slug":"colomb","status":"publish","type":"page","link":"https:\/\/travelshelper.com\/fr\/destinations\/north-america\/united-states\/columbus\/","title":{"rendered":"Colomb"},"content":{"rendered":"<p>Columbus est la capitale et le c\u0153ur de l&#039;Ohio. D&#039;une paisible ville du Midwest, elle se r\u00e9invente pour devenir un centre urbain dynamique. Avec une population de 905\u00a0748 habitants en 2020, Columbus est la plus grande ville de l&#039;Ohio et la 14e du pays. Son agglom\u00e9ration, compos\u00e9e de dix comt\u00e9s, compte environ 2,14 millions d&#039;habitants, ce qui en fait la plus grande agglom\u00e9ration enti\u00e8rement situ\u00e9e dans l&#039;Ohio. L&#039;\u00e9conomie de Columbus est diversifi\u00e9e et en pleine croissance\u00a0: elle abrite le plus grand organisme priv\u00e9 de recherche et d\u00e9veloppement au monde (le Battelle Memorial Institute) et le Chemical Abstracts Service, t\u00e9moignant de sa force scientifique et technologique. Parmi les principaux si\u00e8ges sociaux d&#039;entreprises figurent OhioHealth (sant\u00e9), Nationwide Insurance, Cardinal Health, L Brands (anciennement The Limited) et Abercrombie &amp; Fitch, entre autres. La ville a cr\u00e9\u00e9 environ 164\u00a0000 emplois entre 2010 et 2017, se classant au deuxi\u00e8me rang national sur cette p\u00e9riode (signe d&#039;une croissance robuste). Les secteurs cl\u00e9s couvrent l&#039;\u00e9ducation (l&#039;Universit\u00e9 d&#039;\u00c9tat de l&#039;Ohio, avec plus de 60\u00a0000 \u00e9tudiants, est un employeur de premier plan), l&#039;assurance et la finance, le commerce de d\u00e9tail, la logistique, la technologie et la recherche. Columbus a largement mieux r\u00e9sist\u00e9 aux crises \u00e9conomiques que nombre de ses homologues gr\u00e2ce \u00e0 cette base diversifi\u00e9e.<\/p>\n<p>Columbus se situe pr\u00e8s du centre de l&#039;Ohio (dans le comt\u00e9 de Franklin), \u00e0 peu pr\u00e8s \u00e0 mi-chemin entre Cleveland et Cincinnati. Son relief est g\u00e9n\u00e9ralement plat \u00e0 l\u00e9g\u00e8rement vallonn\u00e9\u00a0; ses nombreux petits bassins versants (les rivi\u00e8res Olentangy et Scioto) alimentent les parcs et les lacs locaux. La voie verte Scioto Mile a revitalis\u00e9 les berges du centre-ville, reliant parcs, sentiers et fontaines le long de la rivi\u00e8re Scioto. Columbus se situe \u00e0 environ 40\u00a0\u00b0 de latitude nord et se situe dans la zone climatique continentale humide. Les \u00e9t\u00e9s sont chauds et humides, atteignant souvent les 27-32\u00a0\u00b0C, tandis que les hivers sont froids (avec des minimales autour de -6\u00a0\u00b0C en moyenne). Les chutes de neige sont mod\u00e9r\u00e9es, mais moins intenses que dans le nord de l&#039;Ohio (la situation g\u00e9ographique de Columbus lui \u00e9vite les fortes chutes de neige d&#039;effet de lac). Les visiteurs profitent de quatre saisons distinctes\u00a0: des printemps vibrants, des \u00e9t\u00e9s parfois humides, des automnes frais et des hivers froids.<\/p>\n<p>La r\u00e9gion qui devint Columbus faisait initialement partie du district militaire de Virginie apr\u00e8s la guerre d&#039;Ind\u00e9pendance, et des colonies apparurent au d\u00e9but du XIXe si\u00e8cle. Fond\u00e9e en 1812 (officiellement dot\u00e9e d&#039;une charte), la ville prit le nom de Christophe Colomb et fut choisie comme capitale de l&#039;Ohio en 1816, principalement pour s&#039;assurer une position centrale dans l&#039;\u00c9tat. Initialement con\u00e7ue comme une ville quadrill\u00e9e, elle connut une croissance lente au d\u00e9but. Un canal (Ohio et \u00c9ri\u00e9) puis le chemin de fer stimul\u00e8rent l&#039;essor d\u00e9mographique au XIXe si\u00e8cle. Les immigrants europ\u00e9ens, notamment allemands et irlandais, arriv\u00e8rent par vagues successives, s&#039;installant en p\u00e9riph\u00e9rie et contribuant aux communaut\u00e9s brassicoles et religieuses. Avec la construction de brasseries et d&#039;universit\u00e9s par la population allemande, Columbus devint une ville diversifi\u00e9e du Midwest.<\/p>\n<p>Apr\u00e8s la Seconde Guerre mondiale, Columbus s&#039;est d\u00e9velopp\u00e9e physiquement (devenant l&#039;une des plus grandes villes de l&#039;\u00c9tat par sa superficie) et \u00e9conomiquement. Moins industrielle et plus ouvri\u00e8re que les villes plus anciennes de la Rust Belt, elle a \u00e9vit\u00e9 un grave d\u00e9clin. Parmi ses principaux monuments historiques figurent l&#039;Ohio Statehouse (achev\u00e9 en 1861 dans le style n\u00e9o-grec de la ville), le Short North et le German Village du XIXe si\u00e8cle (quartier de brasseries et d&#039;immigrants), ainsi que des institutions comme l&#039;Ohio Wesleyan University. Plus r\u00e9cemment, Columbus a connu une revitalisation urbaine\u00a0: le centre-ville a \u00e9t\u00e9 r\u00e9am\u00e9nag\u00e9 avec des entreprises technologiques, des tours d&#039;habitation et des parcs. Les ann\u00e9es\u00a01990 et\u00a02000 ont vu la transformation de quartiers anciens\u00a0: Short North est devenu un p\u00f4le artistique, l&#039;Arena District (construit autour de la Nationwide Arena) a \u00e9merg\u00e9 et des lieux comme le German Village ont \u00e9t\u00e9 m\u00e9ticuleusement pr\u00e9serv\u00e9s. Columbus a \u00e9galement des aspects plus sombres\u00a0: elle a accueilli le rassemblement \u00ab\u00a0Unite the Right\u00a0\u00bb de\u00a02017 (violences au Statehouse), dont elle s&#039;est depuis largement remise. Aujourd\u2019hui, elle se pr\u00e9sente comme une ville tourn\u00e9e vers l\u2019avenir (par exemple, elle a remport\u00e9 un concours d\u2019innovation \u00ab Smart City \u00bb en 2018), mais son histoire est visible dans chaque rue reconstruite et chaque quartier r\u00e9imagin\u00e9.<\/p>\n<p>Columbus est une ville jeune, \u00e9clectique et entrepreneuriale. Abritant une importante population \u00e9tudiante (Universit\u00e9 d&#039;\u00c9tat de l&#039;Ohio) et une communaut\u00e9 artistique en pleine expansion, la ville d\u00e9borde d&#039;\u00e9nergie sans l&#039;agitation d&#039;une m\u00e9tropole c\u00f4ti\u00e8re. Le caract\u00e8re local refl\u00e8te la convivialit\u00e9 du Midwest\u00a0: les habitants sont extravertis (\u00ab\u00a0on vous parle comme \u00e0 un voisin\u00a0\u00bb), cr\u00e9atifs et engag\u00e9s. Columbus c\u00e9l\u00e8bre son multiculturalisme. Sa d\u00e9mographie \u00e9volue rapidement, avec l&#039;essor des communaut\u00e9s hispaniques, africaines, asiatiques, somaliennes, bhoutanaises et moyen-orientales ces derni\u00e8res d\u00e9cennies. Cette diversit\u00e9 transpara\u00eet dans les quartiers et les festivals.<\/p>\n<p>Les traditions de Columbus allient le charme d&#039;une petite ville \u00e0 l&#039;effervescence d&#039;une grande ville. La ville accueille chaque ann\u00e9e la foire de l&#039;\u00c9tat de l&#039;Ohio (fin juillet-ao\u00fbt), l&#039;une des plus grandes foires d&#039;\u00c9tat du pays, qui attire les familles de tout l&#039;\u00c9tat avec ses man\u00e8ges, son b\u00e9tail et ses sculptures de beurre g\u00e9antes. Le Columbus Arts Festival et le Jazz &amp; Rib Fest (\u00e9v\u00e9nements artistiques et musicaux estivaux sur les rives) attirent les foules locales. La musique est \u00e0 l&#039;honneur\u00a0: chaque ann\u00e9e en juin, la Nationwide Arena s&#039;anime avec le Sonic Temple Art &amp; Music Festival (rock\/alternatif), qui remplace l&#039;ancien Rock on the Range. Le week-end des fiert\u00e9s en juin est un \u00e9v\u00e9nement majeur\u00a0: Columbus figure parmi les plus grandes c\u00e9l\u00e9brations des fiert\u00e9s aux \u00c9tats-Unis, mettant en avant son importante communaut\u00e9 LGBT (estim\u00e9e \u00e0 environ 34\u00a0000 personnes). Le ComFest (Goodale Park, dernier week-end de juin) est un festival de rue estival \u00e9clectique et r\u00e9put\u00e9, pr\u00e9sent\u00e9 comme le plus grand du pays. <em>non commercial<\/em> Festival de musique et d&#039;art. Chaque 4 juillet, le feu d&#039;artifice \u00ab\u00a0Red, White &amp; Boom\u00a0\u00bb se d\u00e9roule le long de la rivi\u00e8re Scioto, attirant plus d&#039;un demi-million de personnes. Les festivals saisonniers abondent\u00a0: Gallery Hops \u00e0 Short North (promenade artistique mensuelle), l&#039;Oktoberfest de German Village en septembre et le Boo at the Zoo annuel du zoo de Columbus en octobre.<\/p>\n<p>L&#039;ambiance des quartiers varie\u00a0: le Short North Arts District regorge de galeries, de fresques murales et de restaurants branch\u00e9s. Il est adjacent au centre-ville et accessible \u00e0 pied. German Village, avec ses rues pav\u00e9es et ses jardini\u00e8res fleuries, \u00e9voque une vieille ville europ\u00e9enne pittoresque (o\u00f9 ont eu lieu nombre des festivals mentionn\u00e9s ci-dessus). Les maisons victoriennes de Victorian Village et d&#039;Italian Village d\u00e9bordent de caract\u00e8re. L&#039;Arena District est le lieu de rendez-vous pour les matchs de hockey et les bars sportifs. Clintonville et Upper Arlington, au nord du campus, sont des enclaves suburbaines verdoyantes. Partout dans la ville, un fort sentiment d&#039;appartenance \u00e0 la communaut\u00e9 r\u00e8gne\u00a0; drapeaux de la fiert\u00e9 locale et fresques murales sont omnipr\u00e9sents.<\/p>\n<p>Les attractions de Columbus allient divertissement familial et richesse culturelle. Le campus de l&#039;Universit\u00e9 d&#039;\u00c9tat de l&#039;Ohio est particuli\u00e8rement remarquable (bien qu&#039;il ne soit pas un site touristique \u00e0 proprement parler, il est immense\u00a0: admirez l&#039;Oval, le stade en briques de l&#039;OSU \u00ab\u00a0The Shoe\u00a0\u00bb et l&#039;architecture du Wexner Center). Les incontournables du centre-ville incluent l&#039;Ohio Statehouse (visites du Capitole) et le Columbus Museum of Art (art am\u00e9ricain et europ\u00e9en, ainsi que le fantaisiste \u00ab\u00a0Topiary Park\u00a0\u00bb). La promenade fluviale du Scioto Mile offre des fontaines, des amphith\u00e9\u00e2tres et des vues sur la ville.<\/p>\n<p>Les familles affluent au COSI (Centre des Sciences et de l&#039;Industrie), un vaste mus\u00e9e scientifique interactif pour tous les \u00e2ges. Le zoo et aquarium de Columbus (\u00e0 environ 16 km au nord, rendu c\u00e9l\u00e8bre par Jack Hanna) est r\u00e9guli\u00e8rement class\u00e9 parmi les meilleurs zoos d&#039;Am\u00e9rique, avec un nouvel habitat pour les ours polaires et un parc safari exceptionnel. \u00c0 proximit\u00e9, l&#039;aquarium de Newport (de l&#039;autre c\u00f4t\u00e9 de la rivi\u00e8re, dans le Kentucky) est \u00e9galement populaire. Le Franklin Park Conservatory &amp; Botanical Gardens est un incontournable pour les amoureux des plantes (ne manquez pas les expositions de verre Chihuly dans les serres). Les passionn\u00e9s d&#039;histoire appr\u00e9cieront l&#039;Ohio History Center &amp; Ohio Village (mus\u00e9e d&#039;histoire vivante en plein air). Le centre d&#039;accueil des visiteurs du German Village (parc Schiller) et le parc Goodale sont d&#039;agr\u00e9ables espaces verts urbains.<\/p>\n<p>Parmi les sites insolites, on trouve les fresques murales du Short North, le Legoland Discovery Center et l&#039;original carrousel du Center for Science and Industry. Les stades sportifs \u2013 l&#039;Ohio Stadium (football am\u00e9ricain des Buckeyes) et la Nationwide Arena (hockey am\u00e9ricain des Blue Jackets) \u2013 attirent eux aussi les visiteurs, tout comme les touristes saisonniers venus assister au football am\u00e9ricain universitaire. La succursale principale de la Columbus Metropolitan Library (un ancien arsenal) accueille fr\u00e9quemment des foires et des installations artistiques.<\/p>\n<p>Quartiers commer\u00e7ants et touristiques\u00a0: Easton Town Center (un centre commercial haut de gamme en plein air) et Polaris Fashion Place (un centre commercial d\u00e9di\u00e9 \u00e0 la mode) offrent d&#039;importantes attractions commerciales. Pour une exp\u00e9rience locale, le North Market (depuis 1876) propose des vins de l&#039;Ohio, des sp\u00e9cialit\u00e9s culinaires internationales et des festivals.<\/p>\n<p>En substance, le charme de Columbus r\u00e9side dans l&#039;accueillante \u00ab\u00a0grande petite ville\u00a0\u00bb\u00a0: elle poss\u00e8de l&#039;atmosph\u00e8re d&#039;une ligue majeure (sports professionnels, palais des congr\u00e8s, administration publique), mais elle est aussi agr\u00e9able \u00e0 vivre et conviviale. Les visiteurs y trouveront des \u00e9quipements urbains modernes et une vie nocturne anim\u00e9e, ainsi que l&#039;hospitalit\u00e9 du Midwest \u2013 un m\u00e9lange fascinant d&#039;Americana du Midwest et de culture urbaine progressiste.<\/p>\n<p>Se rendre \u00e0 Columbus est facile. L&#039;a\u00e9roport international John Glenn Columbus (CMH) se trouve \u00e0 9,6 km \u00e0 l&#039;est du centre-ville et propose des vols directs vers la plupart des a\u00e9roports am\u00e9ricains\u00a0; les compagnies a\u00e9riennes incluent American, Delta, Southwest et United. Les lignes nationales d&#039;Amtrak (Cardinal et Capitol Limited) desservent Columbus quotidiennement via la gare de Columbus. Les autoroutes inter-\u00c9tats I-70 (est-ouest) et I-71 (nord-sud) traversent le centre-ville ou le traversent \u00e0 proximit\u00e9, reliant Columbus \u00e0 Indianapolis, Pittsburgh, Cincinnati et Cleveland.<\/p>\n<p>Une fois sur place, Columbus b\u00e9n\u00e9ficie d&#039;un r\u00e9seau de transport en commun en plein essor (bus de la Central Ohio Transit Authority), mais de nombreuses attractions sont dispers\u00e9es. Louer une voiture ou utiliser des services de covoiturage peut s&#039;av\u00e9rer n\u00e9cessaire pour se rendre en p\u00e9riph\u00e9rie. Le centre-ville, Short North et les campus de l&#039;Ohio State sont particuli\u00e8rement propices \u00e0 la marche et au v\u00e9lo (le programme de v\u00e9los en libre-service \u00ab\u00a0CoGo\u00a0\u00bb de Columbus dispose de stations). Le vaste r\u00e9seau de parcs et de sentiers de la ville (dont les sentiers Scioto Greenway) rend la pratique du v\u00e9lo et de la marche agr\u00e9able dans de nombreux quartiers.<\/p>\n<p>Conseils aux voyageurs\u00a0: Columbus est une ville tr\u00e8s s\u00fbre pour les touristes\u00a0; la criminalit\u00e9 violente est faible dans les zones touristiques et commerciales. Cela dit, comme dans toute ville, privil\u00e9giez les zones bien \u00e9clair\u00e9es la nuit et soyez attentif \u00e0 votre environnement. Le pourboire est d&#039;usage ici, comme partout aux \u00c9tats-Unis (15 \u00e0 20\u00a0% dans les restaurants). La r\u00e9glementation sur la consommation d&#039;alcool dans les lieux publics (contenants ouverts) est en vigueur en centre-ville. La monnaie et la langue locales sont les normes am\u00e9ricaines habituelles (dollar am\u00e9ricain et anglais). Le temps peut \u00eatre changeant\u00a0: les \u00e9t\u00e9s peuvent \u00eatre chauds (cr\u00e8me solaire et hydratation n\u00e9cessaires) et les hivers peuvent apporter des orages (pr\u00e9voyez un manteau et un parapluie). L&#039;Ohio n&#039;exige pas de documents de voyage suppl\u00e9mentaires, hormis le permis de conduire.<\/p>\n<p>Globalement, Columbus est une capitale en pleine ascension sociale, alliant fonctions gouvernementales d&#039;\u00c9tat, dynamisme universitaire et renouveau urbain dynamique. Elle offre un m\u00e9lange de charme du Midwest, de sc\u00e8nes artistiques cr\u00e9atives et d&#039;attractions \u00e9tonnamment vari\u00e9es \u2013 des villages historiques aux centres scientifiques de pointe \u2013 qui en font une destination incontournable du Midwest.<a href=\"https:\/\/travelshelper.com\/fr\/destinations\/amerique-du-nord\/etats-unis-damerique\/berkeley-springs\/\" target=\"_self\" aria-labelledby=\"uael-post-8997\"><br \/>\n<\/a><\/p>","protected":false},"excerpt":{"rendered":"<p>Columbus, capitale et plus grande ville de l&#039;Ohio, est situ\u00e9e au confluent des rivi\u00e8res Scioto et Olentangy. Selon le recensement de 2020, sa population s&#039;\u00e9levait \u00e0 905\u00a0748 habitants, ce qui en faisait la 14e ville la plus peupl\u00e9e des \u00c9tats-Unis et la deuxi\u00e8me du Midwest, apr\u00e8s Chicago. Cette ville dynamique, si\u00e8ge du comt\u00e9 de Franklin, s&#039;\u00e9tend \u00e9galement sur certaines parties des comt\u00e9s de Delaware et de Fairfield et constitue le centre de l&#039;agglom\u00e9ration de Columbus, qui couvre dix comt\u00e9s du centre de l&#039;Ohio.<\/p>","protected":false},"author":1,"featured_media":3368,"parent":8072,"menu_order":0,"comment_status":"closed","ping_status":"closed","template":"elementor_theme","meta":{"_eb_attr":"","footnotes":""},"class_list":["post-8773","page","type-page","status-publish","has-post-thumbnail"],"_links":{"self":[{"href":"https:\/\/travelshelper.com\/fr\/wp-json\/wp\/v2\/pages\/8773","targetHints":{"allow":["GET"]}}],"collection":[{"href":"https:\/\/travelshelper.com\/fr\/wp-json\/wp\/v2\/pages"}],"about":[{"href":"https:\/\/travelshelper.com\/fr\/wp-json\/wp\/v2\/types\/page"}],"author":[{"embeddable":true,"href":"https:\/\/travelshelper.com\/fr\/wp-json\/wp\/v2\/users\/1"}],"replies":[{"embeddable":true,"href":"https:\/\/travelshelper.com\/fr\/wp-json\/wp\/v2\/comments?post=8773"}],"version-history":[{"count":0,"href":"https:\/\/travelshelper.com\/fr\/wp-json\/wp\/v2\/pages\/8773\/revisions"}],"up":[{"embeddable":true,"href":"https:\/\/travelshelper.com\/fr\/wp-json\/wp\/v2\/pages\/8072"}],"wp:featuredmedia":[{"embeddable":true,"href":"https:\/\/travelshelper.com\/fr\/wp-json\/wp\/v2\/media\/3368"}],"wp:attachment":[{"href":"https:\/\/travelshelper.com\/fr\/wp-json\/wp\/v2\/media?parent=8773"}],"curies":[{"name":"wp","href":"https:\/\/api.w.org\/{rel}","templated":true}]}}