{"id":8763,"date":"2024-09-04T20:13:20","date_gmt":"2024-09-04T20:13:20","guid":{"rendered":"https:\/\/travelshelper.com\/staging\/?page_id=8763"},"modified":"2026-03-13T17:33:52","modified_gmt":"2026-03-13T17:33:52","slug":"dallas","status":"publish","type":"page","link":"https:\/\/travelshelper.com\/fr\/destinations\/north-america\/united-states\/dallas\/","title":{"rendered":"Dallas"},"content":{"rendered":"<p>Dallas incarne l&#039;esprit des grandes villes texanes\u00a0: tentaculaire, dynamique et impr\u00e9gn\u00e9e du style sudiste. Dallas comptait 1\u00a0304\u00a0379 habitants en 2020, ce qui en fait la neuvi\u00e8me plus grande ville des \u00c9tats-Unis et la troisi\u00e8me du Texas (apr\u00e8s Houston et San Antonio). Son agglom\u00e9ration (Dallas-Fort Worth) est immense, avec plus de 7,63 millions d&#039;habitants (quatri\u00e8me m\u00e9tropole des \u00c9tats-Unis). L&#039;\u00e9conomie de Dallas est tr\u00e8s puissante et diversifi\u00e9e\u00a0: le PIB de la m\u00e9tropole s&#039;\u00e9levait \u00e0 environ 689,9 milliards de dollars en 2022. Historiquement b\u00e2tie sur le coton, l&#039;\u00e9levage et le p\u00e9trole, Dallas est aujourd&#039;hui un p\u00f4le majeur de la d\u00e9fense, des technologies, des t\u00e9l\u00e9communications, de la banque et des transports. Onze si\u00e8ges sociaux d&#039;entreprises du Fortune 500 se trouvent dans la ville, comme AT&amp;T, Southwest Airlines, Texas Instruments et Tenet Healthcare. Avec la ville voisine de Fort Worth, la m\u00e9tropole compte 23 entreprises du Fortune 500 (2e au Texas). Ces secteurs financiers et commerciaux d\u00e9finissent le caract\u00e8re de Dallas : c&#039;est une capitale d&#039;affaires avec des gratte-ciel de luxe et un a\u00e9roport international (DFW) qui est l&#039;un des plus fr\u00e9quent\u00e9s au monde.<\/p>\n<p>Dallas se situe au nord du Texas, sur les plaines c\u00f4ti\u00e8res du sud des \u00c9tats-Unis. Loin de tout oc\u00e9an, elle est l&#039;une des plus grandes m\u00e9tropoles int\u00e9rieures du pays. L&#039;altitude de la ville est d&#039;environ 150 m\u00e8tres. G\u00e9ographiquement, Dallas est d\u00e9pourvue d&#039;obstacles naturels\u00a0: son relief plat et son quadrillage favorisent l&#039;\u00e9talement urbain. La rivi\u00e8re Trinity serpente \u00e0 travers la ville, et l&#039;h\u00f4tel de ville de Dallas et le parc Klyde Warren sont construits \u00e0 c\u00f4t\u00e9. Le climat de la ville est subtropical humide (K\u00f6ppen Cfa). Les \u00e9t\u00e9s sont tr\u00e8s chauds et humides\u00a0: les temp\u00e9ratures maximales moyennes en juillet-ao\u00fbt atteignent environ 32\u00a0\u00b0C, et les indices de chaleur d\u00e9passent souvent 40\u00a0\u00b0C. Les visiteurs doivent s&#039;attendre \u00e0 un soleil br\u00fblant et \u00e0 des orages violents occasionnels. Les hivers sont doux\u00a0: les temp\u00e9ratures maximales moyennes en janvier sont d&#039;environ 14\u00a0\u00b0C, avec des gel\u00e9es peu fr\u00e9quentes et de rares chutes de neige (les chutes de neige moyennes ne sont que d&#039;environ 3,8\u00a0cm). Des fronts froids soudains peuvent apporter quelques jours de froid hivernal, mais les hivers \u00e0 Dallas sont g\u00e9n\u00e9ralement courts et mod\u00e9r\u00e9s. Le printemps et l&#039;automne sont des saisons de transition agr\u00e9ables, avec la floraison des fleurs sauvages (lupins bleus) et des temp\u00e9ratures agr\u00e9ables.<\/p>\n<p>Avant que Dallas ne devienne une ville, la r\u00e9gion abritait les tribus Caddo, Wichita, Tawakoni et Comanche. Elle \u00e9tait nominalement un territoire espagnol (puis mexicain) jusqu&#039;\u00e0 l&#039;ind\u00e9pendance du Texas en 1836. L&#039;histoire moderne de Dallas d\u00e9bute en 1841, lorsque le commer\u00e7ant John Neely Bryan arpenta un emplacement sur un \u00ab\u00a0point de passage de roche blanche\u00a0\u00bb de la rivi\u00e8re Trinity et y \u00e9tablit un comptoir commercial. Deux ans plus tard, il s&#039;y installa d\u00e9finitivement et baptisa la communaut\u00e9 Dallas (probablement en l&#039;honneur du vice-pr\u00e9sident George M. Dallas, bien que les th\u00e9ories divergent). La R\u00e9publique du Texas annexa la r\u00e9gion en 1845 et le comt\u00e9 de Dallas fut cr\u00e9\u00e9 en 1846. La ville fut incorpor\u00e9e en 1856. Pendant des d\u00e9cennies, elle fut une modeste ville fluviale et un avant-poste frontalier.<\/p>\n<p>Le v\u00e9ritable essor est venu avec le chemin de fer apr\u00e8s la guerre de S\u00e9cession. Dans les ann\u00e9es 1880-1890, Dallas \u00e9tait devenue un centre commercial et industriel du coton (construction d&#039;usines d&#039;\u00e9grenage et d&#039;entrep\u00f4ts) et une plaque tournante ferroviaire reliant le Texas vers l&#039;est. Le Praetorian Building (1909) fut l&#039;un des premiers gratte-ciel \u00e0 l&#039;ouest du Mississippi, symbolisant l&#039;ambition croissante de Dallas. La d\u00e9couverte de p\u00e9trole dans l&#039;est du Texas voisin en 1930 transforma Dallas en capitale financi\u00e8re de l&#039;\u00e9nergie presque du jour au lendemain\u00a0; de nombreuses banques et entreprises s&#039;y install\u00e8rent pour servir l&#039;industrie p\u00e9troli\u00e8re. Pendant la Seconde Guerre mondiale, Dallas fabriqua des v\u00e9hicules et des avions militaires dans d&#039;immenses usines, consolidant ainsi son r\u00f4le industriel.<\/p>\n<p>Le moment historique le plus sombre de Dallas fut l&#039;assassinat du pr\u00e9sident John F. Kennedy le 22 novembre 1963, \u00e0 Dealey Plaza. Le Texas School Book Depository (aujourd&#039;hui le Sixth Floor Museum) domine les visites culturelles du centre-ville, alors que la ville se d\u00e9bat avec cet h\u00e9ritage. Dans les d\u00e9cennies d&#039;apr\u00e8s-guerre, Dallas s&#039;est d\u00e9velopp\u00e9e pour devenir une m\u00e9tropole tentaculaire, annexant des banlieues et construisant de nouvelles autoroutes (I-35E, I-30, I-45, I-20). Elle est devenue un p\u00f4le financier et bancaire (\u00ab\u00a0Big D\u00a0\u00bb dans la finance) tout en favorisant une sc\u00e8ne artistique dynamique (le Dallas Theater Center, le tramway DART dans les ann\u00e9es 1990) et une identit\u00e9 culturelle dynamique (la Reunion Tower a ouvert ses portes en 1978, le quartier des Arts s&#039;est d\u00e9velopp\u00e9). Parmi les \u00e9v\u00e9nements marquants, citons l&#039;attentat \u00e0 la bombe de 1934 (g\u00e9n\u00e9ral) ou de 1960 (naval) contre le Petroleum Building (incidents terroristes int\u00e9rieurs) et des trag\u00e9dies modernes comme l&#039;attaque contre la police de 2016. En r\u00e9sum\u00e9, l\u2019histoire de Dallas est celle d\u2019une transformation d\u2019un poste de traite frontalier en une puissance p\u00e9troli\u00e8re et technologique, avec des chapitres de boom, de boom et de r\u00e9novation.<\/p>\n<p>Dallas allie l&#039;hospitalit\u00e9 du Sud \u00e0 l&#039;effervescence d&#039;une grande ville. Les habitants sont confiants, courtois et parfois ostentatoires. Les gens s&#039;habillent avec \u00e9l\u00e9gance (bottes de cow-boy ou costumes d&#039;affaires sont tout aussi courants) et la politesse \u00ab\u00a0monsieur\/madame\u00a0\u00bb est omnipr\u00e9sente. La culture de la ville est un riche melting-pot\u00a0: de fortes communaut\u00e9s afro-am\u00e9ricaines, hispaniques et asiatiques contribuent toutes \u00e0 la mosa\u00efque urbaine. La fiert\u00e9 texane est profonde\u00a0: l&#039;influence de l&#039;\u00e9quipe de football am\u00e9ricain des Cowboys de Dallas se fait sentir partout (on trouve plus de fausses Rolex que de vraies, selon certains, dans l&#039;\u00c9tat\u00a0; et beaucoup portent des casquettes \u00ab\u00a0Jerry World\u00a0\u00bb). Mais au-del\u00e0 du football, le c\u00f4t\u00e9 cosmopolite de Dallas se manifeste dans son quartier artistique, sa gastronomie raffin\u00e9e (grillhouses haut de gamme, cuisine tex-mex et internationale) et ses industries de pointe.<\/p>\n<p>Dallas regorge de festivals et de traditions. Le Mois de l&#039;Art (octobre) voit le plus grand quartier artistique urbain contigu du pays s&#039;animer d&#039;inaugurations, et la Foire d&#039;Art Contemporain s&#039;invite en ville. Le Festival International du Film de Dallas met en avant le cin\u00e9ma international. La Pride Dallas est importante (Dallas abrite l&#039;une des plus grandes communaut\u00e9s LGBT des \u00c9tats-Unis et se targue d&#039;\u00eatre accueillante). Les c\u00e9l\u00e9brations du Juneteenth sont importantes (Dallas a \u00e9t\u00e9 l&#039;une des premi\u00e8res \u00e0 adopter cette f\u00eate). En \u00e9t\u00e9, la Foire d&#039;\u00c9tat du Texas (qui se tient \u00e0 Fair Park, tout proche, en octobre) est une attraction majeure, avec son Big Tex, ses man\u00e8ges et ses fritures (\u00ab tout est plus grand \u00bb, en effet). Le 4 juillet, des feux d&#039;artifice sont tir\u00e9s dans toute la ville (\u00ab Fourth at the Star \u00bb, pr\u00e8s du stade des Cowboys, ou le feu d&#039;artifice du centre-ville).<\/p>\n<p>La vie de quartier est vari\u00e9e\u00a0: Deep Ellum vibre au rythme de la musique live et des fresques murales, Uptown Dallas (le long d&#039;Oak Lawn Avenue) regorge de bars et de restaurants, et Bishop Arts \u00e0 Oak Cliff a des airs de village branch\u00e9. On y trouve \u00e9galement une forte culture du barbecue et de la cuisine tex-mex\u00a0: camions \u00e0 tacos, restaurants de grillades et restaurants texans d\u00e9contract\u00e9s sont omnipr\u00e9sents (Dallas poss\u00e8de m\u00eame son propre \u00ab\u00a0Margarita Mile\u00a0\u00bb pour les cocktails). Dans l&#039;ensemble, l&#039;ambiance de Dallas est chaleureuse mais dynamique\u00a0; c&#039;est un endroit o\u00f9 les affaires se concluent et o\u00f9 les gens se rencontrent, mais o\u00f9 l&#039;on termine souvent la journ\u00e9e avec un Dr Pepper glac\u00e9 (le soda pr\u00e9f\u00e9r\u00e9 des Texans) ou un taco \u00e0 la poitrine de b\u0153uf.<\/p>\n<p>Dallas offre \u00e0 la fois des monuments embl\u00e9matiques et des attractions vari\u00e9es. Le symbole le plus reconnaissable est la Reunion Tower, cette tour d&#039;observation sph\u00e9rique bordant la rivi\u00e8re Trinity, dont le GeO-Deck offre une vue \u00e0 360\u00b0 sur la ville. \u00c0 proximit\u00e9 se trouve le Perot Museum of Nature &amp; Science, un monument architectural remarquable proposant des expositions interactives sur la g\u00e9ologie, l&#039;espace et les fossiles de dinosaures. Le CityPASS et les listes touristiques le classent parmi les attractions phares de Dallas. L&#039;Arboretum et le Jardin botanique de Dallas (\u00e0 l&#039;est de la ville, sur le lac White Rock) sont r\u00e9put\u00e9s pour leurs fleurs de saison (tulipes printani\u00e8res, roses estivales, chrysanth\u00e8mes d&#039;automne) et leur exposition annuelle printani\u00e8re.<\/p>\n<p>Dans le quartier des Arts du centre-ville (le plus grand du pays), le Dallas Museum of Art et le Nasher Sculpture Center attirent les amateurs d&#039;art. Juste en face de Dealey Plaza, en centre-ville, se trouve le Sixth Floor Museum (dans l&#039;ancien d\u00e9p\u00f4t de livres), consacr\u00e9 \u00e0 l&#039;assassinat de JFK. Le zoo de Dallas (option CityPASS) et le Dallas World Aquarium (aquarium historique de la ville) sont des lieux de visite pris\u00e9s des familles. Les amateurs de sport pourront visiter l&#039;AT&amp;T Stadium ou l&#039;American Airlines Center, ou assister \u00e0 des matchs des Cowboys, des Mavericks (NBA) ou des Stars (NHL). Pour l&#039;histoire locale, le George W. Bush Presidential Center (campus de la SMU) et le Dallas Holocaust and Human Rights Museum (dans le West End) sont des sites remarquables.<\/p>\n<p>Les loisirs de plein air abondent\u00a0: le Katy Trail est un sentier urbain de 5,6\u00a0km qui traverse Uptown\u00a0; le White Rock Lake Park propose des activit\u00e9s de pagayage et de course \u00e0 pied\u00a0; et le Klyde Warren Park (surplombant la Woodall Rodgers Freeway) est une oasis de verdure avec des food trucks et des programmes gratuits. D\u00e9couvrez \u00e9galement le quartier historique de Deep Ellum, ses clubs de street art et de musique, le th\u00e9\u00e2tre Perot restaur\u00e9 de West Dallas et le quartier anim\u00e9 de Bishop Arts District, o\u00f9 vous trouverez des boutiques et des caf\u00e9s. En bref, les incontournables de Dallas vont des plus populaires (expositions du mus\u00e9e Perot, terrasse Reunion) aux plus populaires (le quartier des arts, les restaurants de Bishop Arts).<\/p>\n<p>Dallas est un important carrefour de transport. L&#039;a\u00e9roport international de Dallas\/Fort Worth (DFW), situ\u00e9 entre Dallas et Fort Worth, est l&#039;un des plus fr\u00e9quent\u00e9s au monde, avec des vols directs dans le monde entier. Love Field (DAL), au nord de Dallas, accueille de nombreux vols int\u00e9rieurs (Southwest, Alaska). Le r\u00e9seau inter-\u00c9tats est \u00e9tendu\u00a0: l&#039;I-35E nord-sud, l&#039;I-30 est-ouest traversant le centre-ville, l&#039;I-45 sud, l&#039;I-20 sud et la boucle de l&#039;I-635 encerclent la ville. Le Dallas Area Rapid Transit (DART) propose un tramway (quatre lignes couvrant environ 145\u00a0km) et des bus\u00a0; les lignes verte et orange relient l&#039;a\u00e9roport au centre-ville. La ligne orange du DART permet un trajet direct de DFW au centre-ville et \u00e0 proximit\u00e9 du Palais des congr\u00e8s.<\/p>\n<p>Dallas est une ville tr\u00e8s ax\u00e9e sur la voiture\u00a0: attendez-vous \u00e0 des embouteillages parfois importants et pr\u00e9voyez de longs trajets. Le stationnement en centre-ville est abondant, mais peut \u00eatre co\u00fbteux\u00a0; de nombreux visiteurs utilisent le DART ou le covoiturage pour l&#039;\u00e9viter. Dans le centre de Dallas, des quartiers comme Uptown, Downtown et Deep Ellum sont accessibles \u00e0 pied. Le v\u00e9lo s&#039;est d\u00e9velopp\u00e9 (il existe un programme de partage et des voies vertes), mais attention \u00e0 la chaleur.<\/p>\n<p>Dallas se trouve dans le fuseau horaire central (UTC-6). L&#039;anglais et l&#039;espagnol y sont couramment parl\u00e9s. Comme dans la plupart des villes am\u00e9ricaines, ayez des dollars am\u00e9ricains sur vous et consultez la m\u00e9t\u00e9o (les orages d&#039;\u00e9t\u00e9 peuvent \u00eatre violents). Un pourboire de 15 \u00e0 20 % au restaurant est la norme. Dallas est g\u00e9n\u00e9ralement s\u00fbre dans les zones touristiques\u00a0; les crimes violents sont souvent concentr\u00e9s dans les quartiers \u00e9loign\u00e9s de South Dallas et d&#039;Oak Cliff\u00a0; la vigilance est donc de mise. La protection solaire est essentielle (les coups de soleil peuvent m\u00eame provenir du reflet des gratte-ciel). L&#039;\u00e2ge l\u00e9gal pour consommer de l&#039;alcool est de 21\u00a0ans, et le Texas accorde une grande importance \u00e0 l&#039;\u00e9tiquette du barbecue (il est acceptable de parler de politique texane, mais ne touchez pas \u00e0 la poitrine de b\u0153uf d&#039;un Texan\u00a0!).<\/p>\n<p>En r\u00e9sum\u00e9, Dallas est une ville moderne et dynamique, profond\u00e9ment ancr\u00e9e dans la tradition. Son paysage urbain et son style refl\u00e8tent une philosophie texane audacieuse, tandis que ses quartiers accueillent chacun avec une chaleur authentiquement sudiste. Du p\u00f4le technologique au quartier artistique de renomm\u00e9e mondiale, de la l\u00e9gendaire cuisine tex-mex aux traditions des cow-boys, Dallas offre une exp\u00e9rience sudiste complexe et cosmopolite \u2013 une ville \u00e0 la fois ancr\u00e9e et ambitieuse.<a href=\"https:\/\/travelshelper.com\/fr\/destinations\/amerique-du-nord\/etats-unis-damerique\/berkeley-springs\/\" target=\"_self\" aria-labelledby=\"uael-post-8997\"><br \/>\n<\/a><\/p>","protected":false},"excerpt":{"rendered":"<p>Dallas est une m\u00e9tropole dynamique et anim\u00e9e situ\u00e9e au Texas, aux \u00c9tats-Unis. Avec 7,5 millions d&#039;habitants, c&#039;est la ville la plus peupl\u00e9e de la m\u00e9tropole de Dallas-Fort Worth, la zone m\u00e9tropolitaine la plus peupl\u00e9e du Texas et la quatri\u00e8me des \u00c9tats-Unis. Si\u00e8ge du comt\u00e9 de Dallas, Dallas s&#039;\u00e9tend sur les comt\u00e9s de Collin, Denton, Kaufman et Rockwall. Apr\u00e8s Houston et San Antonio, Dallas est la neuvi\u00e8me ville la plus peupl\u00e9e des \u00c9tats-Unis et la troisi\u00e8me du Texas selon le recensement de 2020. Situ\u00e9e dans le nord du Texas, Dallas est le centre de la plus grande zone m\u00e9tropolitaine du sud des \u00c9tats-Unis et la plus grande zone m\u00e9tropolitaine int\u00e9rieure des \u00c9tats-Unis sans liaison maritime.<\/p>","protected":false},"author":1,"featured_media":3097,"parent":8072,"menu_order":0,"comment_status":"closed","ping_status":"closed","template":"elementor_theme","meta":{"_eb_attr":"","footnotes":""},"class_list":["post-8763","page","type-page","status-publish","has-post-thumbnail"],"_links":{"self":[{"href":"https:\/\/travelshelper.com\/fr\/wp-json\/wp\/v2\/pages\/8763","targetHints":{"allow":["GET"]}}],"collection":[{"href":"https:\/\/travelshelper.com\/fr\/wp-json\/wp\/v2\/pages"}],"about":[{"href":"https:\/\/travelshelper.com\/fr\/wp-json\/wp\/v2\/types\/page"}],"author":[{"embeddable":true,"href":"https:\/\/travelshelper.com\/fr\/wp-json\/wp\/v2\/users\/1"}],"replies":[{"embeddable":true,"href":"https:\/\/travelshelper.com\/fr\/wp-json\/wp\/v2\/comments?post=8763"}],"version-history":[{"count":0,"href":"https:\/\/travelshelper.com\/fr\/wp-json\/wp\/v2\/pages\/8763\/revisions"}],"up":[{"embeddable":true,"href":"https:\/\/travelshelper.com\/fr\/wp-json\/wp\/v2\/pages\/8072"}],"wp:featuredmedia":[{"embeddable":true,"href":"https:\/\/travelshelper.com\/fr\/wp-json\/wp\/v2\/media\/3097"}],"wp:attachment":[{"href":"https:\/\/travelshelper.com\/fr\/wp-json\/wp\/v2\/media?parent=8763"}],"curies":[{"name":"wp","href":"https:\/\/api.w.org\/{rel}","templated":true}]}}