{"id":8754,"date":"2024-09-04T19:26:15","date_gmt":"2024-09-04T19:26:15","guid":{"rendered":"https:\/\/travelshelper.com\/staging\/?page_id=8754"},"modified":"2026-03-13T17:33:35","modified_gmt":"2026-03-13T17:33:35","slug":"daytona-beach","status":"publish","type":"page","link":"https:\/\/travelshelper.com\/fr\/destinations\/north-america\/united-states\/daytona-beach\/","title":{"rendered":"Daytona Beach"},"content":{"rendered":"<p>Le large littoral ensoleill\u00e9 de Daytona Beach est la carte de visite de la ville\u00a0; sa renomm\u00e9e mondiale remonte \u00e0 plusieurs g\u00e9n\u00e9rations. Aujourd&#039;hui, Daytona est une ville c\u00f4ti\u00e8re de taille modeste\u00a0: le recensement de 2020 comptait 72\u00a0647 habitants, chiffre qui devrait atteindre 89\u00a0290 d&#039;ici 2025. La population est diversifi\u00e9e\u00a0: environ la moiti\u00e9 des habitants sont blancs, environ un tiers sont afro-am\u00e9ricains, et une minorit\u00e9 hispanique (environ 10\u00a0%) est \u00e9galement pr\u00e9sente. Le revenu m\u00e9dian des m\u00e9nages se situe entre 50\u00a0000 et 51\u00a0000 dollars, et environ un cinqui\u00e8me des familles vivent sous le seuil de pauvret\u00e9. Sur le plan \u00e9conomique, Daytona est d\u00e9finie par le tourisme et les sports m\u00e9caniques. D&#039;ailleurs, elle est depuis longtemps surnomm\u00e9e le \u00ab\u00a0centre mondial des courses automobiles\u00a0\u00bb de Floride, avec le si\u00e8ge du NASCAR Hall of Fame et de l&#039;International Speedway Corporation. Ces secteurs, ainsi que les emplois dans l&#039;h\u00f4tellerie et la restauration, dominent l&#039;\u00e9conomie locale.<\/p>\n<p>Daytona Beach se trouve sur la c\u00f4te atlantique de la Floride, dans le comt\u00e9 de Volusia, \u00e0 environ 82 km au nord-est d&#039;Orlando et 138 km au sud-est de Jacksonville. La ville s&#039;\u00e9tend le long d&#039;une \u00eele-barri\u00e8re de plaine c\u00f4ti\u00e8re plate, avec environ 37 km de plage de sable blanc compact en son c\u0153ur. Le climat est subtropical\u00a0: les \u00e9t\u00e9s sont chauds et humides (souvent temp\u00e9r\u00e9s par les brises marines) et les hivers doux. Avec plus de 250\u00a0jours d&#039;ensoleillement par an en moyenne, Daytona b\u00e9n\u00e9ficie d&#039;un climat chaud la plupart du temps. Les courants marins et les orages occasionnels l&#039;apr\u00e8s-midi contribuent \u00e0 contenir la chaleur estivale. Le relief modeste se caract\u00e9rise par un paysage principalement compos\u00e9 de sable et de mer, m\u00eame si, \u00e0 l&#039;int\u00e9rieur des terres, on trouve des for\u00eats de conif\u00e8res, des lacs et les stations baln\u00e9aires du bassin de la rivi\u00e8re Halifax.<\/p>\n<h2>Daytona Beach en chiffres (population, d\u00e9mographie, \u00e9conomie)<\/h2>\n<p>La croissance d\u00e9mographique de Daytona Beach a \u00e9t\u00e9 constante ces derni\u00e8res ann\u00e9es. D&#039;environ 72\u00a0600 habitants en 2020, elle devrait atteindre pr\u00e8s de 90\u00a0000 au milieu des ann\u00e9es\u00a02020. La d\u00e9mographie de la ville refl\u00e8te son r\u00f4le de p\u00f4le r\u00e9gional\u00a0: environ 54\u00a0% des habitants sont blancs non hispaniques, environ 32\u00a0% afro-am\u00e9ricains et le reste est hispanique ou multiracial. (\u00c0 l&#039;\u00e9chelle nationale, la proportion d&#039;Hispaniques \u00e0 Daytona \u00e9tait d&#039;environ 10\u00a0%.) L&#039;\u00e2ge m\u00e9dian se situe autour de 35\u00a0ans, avec un m\u00e9lange de jeunes familles et de retrait\u00e9s.<\/p>\n<p>L&#039;\u00e9conomie de Daytona repose sur le tourisme, l&#039;\u00e9v\u00e9nementiel et les services. Par exemple, le revenu m\u00e9dian des m\u00e9nages s&#039;\u00e9l\u00e8ve \u00e0 environ 50\u00a0100 dollars, un chiffre proche de la moyenne nationale, bien que 21\u00a0% des habitants vivent sous le seuil de pauvret\u00e9, ce qui refl\u00e8te les \u00e9carts de revenus typiques de nombreuses stations baln\u00e9aires. Parmi les principaux employeurs figurent l&#039;International Speedway Corporation et le si\u00e8ge de la NASCAR, ainsi que l&#039;universit\u00e9 a\u00e9ronautique Embry-Riddle et l&#039;universit\u00e9 Bethune-Cookman (qui regroupent plus de 20\u00a0000 \u00e9tudiants). Le commerce de d\u00e9tail, l&#039;h\u00f4tellerie et l&#039;industrie l\u00e9g\u00e8re (agroalimentaire, \u00e9lectronique, pi\u00e8ces d\u00e9tach\u00e9es marines) y contribuent \u00e9galement, mais l&#039;image de Daytona est avant tout tourn\u00e9e vers le tourisme baln\u00e9aire et les sports m\u00e9caniques.<\/p>\n<h2>Localisation (R\u00e9gion, Paysage, Climat)<\/h2>\n<p>Daytona Beach se trouve sur la c\u00f4te est des \u00c9tats-Unis, plus pr\u00e9cis\u00e9ment le long de la \u00ab\u00a0Fun Coast\u00a0\u00bb de Floride. Sa situation sur une \u00eele-barri\u00e8re lui conf\u00e8re un charme insulaire, malgr\u00e9 son int\u00e9gration \u00e0 la zone urbaine continentale. La plage elle-m\u00eame est constitu\u00e9e de sable compact, ce qui a permis la circulation automobile (une caract\u00e9ristique rare que seules quelques plages du monde partagent). Derri\u00e8re la plage s&#039;\u00e9tendent des dunes basses et des pin\u00e8des c\u00f4ti\u00e8res\u00a0; plus \u00e0 l&#039;int\u00e9rieur des terres, s&#039;\u00e9l\u00e8vent les douces collines du centre de la Floride. La rivi\u00e8re Halifax (qui fait partie de l&#039;Intracoastal Waterway) s\u00e9pare Daytona Beach de la ville continentale de Daytona et d&#039;Ormond Beach.<\/p>\n<p>Le climat est subtropical humide (K\u00f6ppen Cfa). Les \u00e9t\u00e9s sont chauds, avec de fr\u00e9quents orages l&#039;apr\u00e8s-midi\u00a0; les temp\u00e9ratures maximales diurnes en juillet et ao\u00fbt se situent en moyenne autour de 32 \u00e0 33\u00a0\u00b0C. La brise marine rend souvent l&#039;humidit\u00e9 moins oppressante qu&#039;\u00e0 l&#039;int\u00e9rieur des terres en Floride. Les hivers sont doux pour le nord\u00a0: de d\u00e9cembre \u00e0 f\u00e9vrier, les temp\u00e9ratures maximales atteignent g\u00e9n\u00e9ralement 15\u00a0\u00b0C, avec des nuits rarement inf\u00e9rieures \u00e0 10\u00a0\u00b0C. Daytona b\u00e9n\u00e9ficie d&#039;environ 270 \u00e0 280\u00a0jours ensoleill\u00e9s par an (selon certaines estimations), avec des conditions douces et temp\u00e9r\u00e9es la plupart du temps. Des temp\u00eates tropicales peuvent survenir pendant la saison des ouragans (juin-novembre), mais les ouragans touchant terre sont rares\u00a0; des fronts froids balayent l&#039;air en hiver pour dissiper l&#039;humidit\u00e9. Les temp\u00e9ratures diurnes et nocturnes ne varient pas autant que dans les climats plus continentaux, gr\u00e2ce \u00e0 l&#039;influence mod\u00e9ratrice de l&#039;Atlantique.<\/p>\n<h2>Aper\u00e7u historique (origines et \u00e9tapes importantes)<\/h2>\n<p>La r\u00e9gion de Daytona Beach \u00e9tait \u00e0 l&#039;origine habit\u00e9e par des peuples autochtones (les Timucua et tribus apparent\u00e9es) avant l&#039;arriv\u00e9e des Europ\u00e9ens. La Daytona moderne trouve ses origines dans l&#039;apr\u00e8s-guerre de S\u00e9cession. Un groupe de colonies sur la p\u00e9ninsule, baptis\u00e9es Daytona (d&#039;apr\u00e8s son fondateur Matthias Day) et Seabreeze, entre autres, s&#039;est progressivement form\u00e9. La date officielle de fondation est g\u00e9n\u00e9ralement fix\u00e9e \u00e0 1870 (ann\u00e9e de la fondation de la ville par Matthias Day). Daytona a \u00e9t\u00e9 constitu\u00e9e en ville en 1876, puis en ville de Daytona Beach en 1926.<\/p>\n<p>Le d\u00e9but des ann\u00e9es 1900 apporta des changements majeurs\u00a0: l\u2019arriv\u00e9e du chemin de fer et l\u2019essor minier en Floride stimul\u00e8rent la croissance (bien que les principaux essors de Daytona aient \u00e9t\u00e9 le tourisme plut\u00f4t que l\u2019exploitation mini\u00e8re). La ville devint c\u00e9l\u00e8bre pour ses plages de sable fin, qui accueillirent les premi\u00e8res courses de vitesse terrestres organis\u00e9es au d\u00e9but du XXe\u00a0si\u00e8cle. Les courses de plage de Daytona City et d\u2019Ormond Beach, notamment, attir\u00e8rent l\u2019attention du monde entier dans les ann\u00e9es\u00a01930-1950. Le Daytona Beach Road Course fut l\u2019\u00e9picentre du sport automobile am\u00e9ricain dans les ann\u00e9es\u00a01940. En\u00a01959, le premier Daytona International Speedway ouvrit ses portes, transf\u00e9rant les grandes courses (dont l\u2019embl\u00e9matique Daytona 500) du sable \u00e0 une piste permanente situ\u00e9e \u00e0 l\u2019int\u00e9rieur des terres. La ville devint le si\u00e8ge de la NASCAR, l\u2019organisme de certification des courses de stock-car.<\/p>\n<p>Tout au long du XXe si\u00e8cle, Daytona s&#039;est d\u00e9velopp\u00e9e pour devenir une station baln\u00e9aire. Un autre essor a eu lieu dans les ann\u00e9es 1980-1990 avec des \u00e9v\u00e9nements destin\u00e9s aux familles et aux touristes (nouveaux parcs d&#039;attractions comme le parc aquatique Daytona Lagoon\u00a0; agrandissement des h\u00f4tels\u00a0; r\u00e9novation de la promenade). Les \u00e9tablissements d&#039;enseignement se sont \u00e9galement d\u00e9velopp\u00e9s. Plus r\u00e9cemment, le r\u00e9am\u00e9nagement du centre-ville et l&#039;am\u00e9lioration des infrastructures (comme la reconstruction du pont Main Street sur la rivi\u00e8re en 1998) ont modernis\u00e9 le centre-ville. Globalement, l&#039;histoire de Daytona est un m\u00e9lange de loisirs baln\u00e9aires et de patrimoine automobile.<\/p>\n<h2>Ambiance culturelle (caract\u00e8re local, traditions, festivals, style de vie)<\/h2>\n<p>La culture de Daytona Beach allie le soleil, la douceur de vivre c\u00f4ti\u00e8re et la vitalit\u00e9 de ses \u00e9v\u00e9nements. Les visiteurs appr\u00e9cient souvent l&#039;esprit sportif de la ville\u00a0: des traditions locales enti\u00e8res tournent autour de la course et de la moto. Daytona se qualifie fi\u00e8rement de \u00ab\u00a0Centre mondial de la course automobile\u00a0\u00bb. Chaque ann\u00e9e, les foules affluent pour les Speedweeks (dont le point culminant est le Daytona 500 en f\u00e9vrier), la Bike Week en mars et le Biketoberfest en octobre. Ces \u00e9v\u00e9nements sont l\u00e9gendaires\u00a0: par exemple, les Speedweeks peuvent attirer plus de 200\u00a0000 visiteurs pour la course NASCAR de 800\u00a0km. Les rallyes moto envahissent \u00e9galement les rues de motards du monde entier. De plus, les 24\u00a0Heures de Daytona (une course d&#039;endurance automobile) et d&#039;autres comp\u00e9titions de renom placent Daytona sur la sc\u00e8ne internationale du sport automobile.<\/p>\n<p>Hors des circuits et hors saison, le rythme de vie de Daytona est r\u00e9solument baln\u00e9aire et d\u00e9contract\u00e9. Les habitants sont r\u00e9put\u00e9s pour leur chaleureuse hospitalit\u00e9 typique du Sud, et l&#039;atmosph\u00e8re est d\u00e9tendue en \u00e9t\u00e9 et en automne, lorsque le surf et le soleil dominent le quotidien. L&#039;anglais est la langue pr\u00e9dominante, mais avec une population touristique et une minorit\u00e9 hispanique, l&#039;espagnol et d&#039;autres langues sont couramment parl\u00e9es. Le tourisme saisonnier implique que les employ\u00e9s de service et les commer\u00e7ants parlent souvent plusieurs langues. L&#039;ambiance informelle de la Floride se traduit par une tenue vestimentaire tr\u00e8s d\u00e9contract\u00e9e (maillots de bain, shorts et t-shirts). Les r\u00e8gles de savoir-vivre pour les visiteurs incluent les usages habituels des voyageurs am\u00e9ricains\u00a0: pourboire (15 \u00e0 20\u00a0%) dans les restaurants, salutations polies \u00ab\u00a0bonjour\u00a0\u00bb et \u00ab\u00a0merci\u00a0\u00bb et patience dans les attractions touristiques tr\u00e8s fr\u00e9quent\u00e9es.<\/p>\n<p>Outre les courses, les \u00e9v\u00e9nements communautaires sont nombreux\u00a0: Daytona accueille chaque ann\u00e9e plus de 60 festivals, couvrant une gamme vari\u00e9e de sujets, de la musique et des arts \u00e0 la gastronomie et au patrimoine culturel. Par exemple, on y trouve un grand festival grec et un d\u00e9fil\u00e9 de la Saint-Patrick. La diversit\u00e9 de la population de la r\u00e9gion d&#039;Halifax (\u00e9tudiants, retrait\u00e9s et r\u00e9sidents permanents) offre une offre vari\u00e9e de restauration et de divertissements. Les habitants peuvent assister \u00e0 un concert au Daytona Beach Bandshell (un ancien amphith\u00e9\u00e2tre en bord de mer) ou se d\u00e9tendre dans un bar tiki sur Main Street. Dans l&#039;ensemble, la ville est accueillante et festive la majeure partie de l&#039;ann\u00e9e, plus calme en hiver, lorsque les visiteurs des r\u00e9gions plus froides trouvent refuge dans la chaleur de Daytona, et les festivit\u00e9s culminent autour de ses grands \u00e9v\u00e9nements de course et de v\u00e9lo.<\/p>\n<h2>Principales attractions (sites et exp\u00e9riences incontournables)<\/h2>\n<p>L&#039;attraction vedette de Daytona Beach est son <strong>plages<\/strong> 37 kilom\u00e8tres de c\u00f4te atlantique invitent au bronzage, \u00e0 la baignade, au surf et m\u00eame \u00e0 la conduite sur la plage (sur des zones de terre battue d\u00e9sign\u00e9es). Cette \u00e9tendue de sable est un terrain de jeu public avec des sauveteurs, un parking gratuit et des commodit\u00e9s sur toute sa longueur. Une exp\u00e9rience incontournable \u00e0 Daytona est de conduire ou de courir le long de la \u00ab\u00a0bande\u00a0\u00bb du front de mer (State Road A1A) pour admirer la vue sur l&#039;oc\u00e9an. La promenade et la jet\u00e9e de Daytona Beach (\u00e0 l&#039;extr\u00e9mit\u00e9 nord de la ville) sont un v\u00e9ritable p\u00f4le d&#039;attraction pour les familles\u00a0: elles proposent des salles de jeux, des man\u00e8ges et des restaurants au bord de l&#039;oc\u00e9an. On peut y fl\u00e2ner sur la jet\u00e9e color\u00e9e du milieu du si\u00e8cle, d\u00e9guster des fruits de mer frais ou faire un tour sur le Daytona Skycoaster et les montagnes russes au coucher du soleil.<\/p>\n<p>Aucune visite n&#039;est compl\u00e8te sans un passage au <strong>Circuit international de Daytona<\/strong>Cet immense circuit ovale, qui accueille chaque ann\u00e9e le Daytona 500, propose des visites guid\u00e9es et un mus\u00e9e riche en sensations fortes retra\u00e7ant l&#039;histoire des courses automobiles. Les visiteurs peuvent piloter une voiture de s\u00e9curit\u00e9 ou essayer un simulateur de course. M\u00eame les non-initi\u00e9s appr\u00e9cient l&#039;histoire du circuit et la possibilit\u00e9 de voir les voitures de course de pr\u00e8s. (Le Speedway domine la culture de la ville et est souvent d\u00e9crit comme un incontournable de tout itin\u00e9raire \u00e0 Daytona.)<\/p>\n<p>Des attractions culturelles et familiales compl\u00e8tent l&#039;offre. Le Mus\u00e9e des Arts et des Sciences (MOAS), le grand mus\u00e9e des sciences et plan\u00e9tarium de Daytona, est un succ\u00e8s aupr\u00e8s des petits comme des grands, proposant une vari\u00e9t\u00e9 d&#039;expositions, des expositions sur l&#039;histoire locale aux spectacles animaliers. \u00c0 proximit\u00e9, le parc aquatique Daytona Lagoon propose des toboggans et des piscines \u00e0 vagues pour les apr\u00e8s-midis chauds. La charmante chocolaterie Angell &amp; Phelps propose des visites et des d\u00e9gustations gratuites de confiseries artisanales. Pour des vues panoramiques, un court trajet en voiture vers le sud jusqu&#039;au phare de Ponce de Leon Inlet (juste \u00e0 c\u00f4t\u00e9 de Daytona Beach) offre aux grimpeurs une vue imprenable sur l&#039;oc\u00e9an.<\/p>\n<p>Dans le centre-ville de Daytona (c\u00f4t\u00e9 continent), la gare Riverside et le parc Riverfront accueillent des festivals, des concerts et le mus\u00e9e historique d&#039;Halifax. L&#039;auditorium Peabody pr\u00e9sente des spectacles de Broadway et des concerts de rock. La promenade de Daytona accueille des \u00e9v\u00e9nements estivaux comme des projections de films en plein air et des carnavals saisonniers. Les amateurs de plein air peuvent \u00e9galement s&#039;aventurer dans les parcs voisins\u00a0: le parc d&#039;\u00c9tat de Tomoka (au nord) propose des sentiers de randonn\u00e9e et des possibilit\u00e9s de kayak, tandis que la zone de loisirs Gamble Rogers Memorial (au sud) est un lieu de camping populaire sur une \u00eele-barri\u00e8re.<\/p>\n<h2>Aper\u00e7u pratique (se rendre sur place, se d\u00e9placer, conseils)<\/h2>\n<p><strong>Comment s&#039;y rendre :<\/strong> Daytona Beach est facilement accessible par avion, route et train. L&#039;a\u00e9roport international de Daytona Beach (DAB) de la ville offre un service commercial limit\u00e9 (des compagnies a\u00e9riennes comme Delta et American Airlines desservent Atlanta et Charlotte). De nombreux visiteurs pr\u00e9f\u00e8rent utiliser les a\u00e9roports plus grands des environs\u00a0: Orlando International (\u00e0 environ 120\u00a0km au sud) ou Jacksonville International (\u00e0 environ 145\u00a0km au nord), chacun \u00e0 environ 90\u00a0minutes de route. En voiture, l&#039;Interstate\u00a095 longe la partie continentale de Daytona, et l&#039;I-4 se termine \u00e0 environ 16\u00a0km au sud-ouest, reliant Orlando et Tampa. La pittoresque autoroute A1A longe le front de mer pour les d\u00e9placements locaux. Il n&#039;y a pas de grande gare ferroviaire \u00e0 Daytona\u00a0; les arr\u00eats Amtrak les plus proches se trouvent \u00e0 DeLand ou Jacksonville, n\u00e9cessitant souvent une correspondance en bus.<\/p>\n<p><strong>Se d\u00e9placer :<\/strong> \u00c0 Daytona Beach, il est fortement recommand\u00e9 d&#039;avoir une voiture pour profiter de toutes les attractions. La ville est assez \u00e9tendue\u00a0: la plage, le centre-ville, les campus universitaires et les quartiers r\u00e9sidentiels sont distants de plusieurs kilom\u00e8tres. Cependant, le c\u0153ur de la plage et les berges sont propices aux pi\u00e9tons (promenades, promenades et un court centre-ville). Le r\u00e9seau de bus du comt\u00e9 de Volusia (Votran) dessert la ville, mais avec des horaires limit\u00e9s. Pour les touristes, des taxis ou des services de covoiturage (Uber\/Lyft) sont facilement accessibles, et de nombreux h\u00f4tels proposent un service de navette lors d&#039;\u00e9v\u00e9nements. Le stationnement est abondant et g\u00e9n\u00e9ralement gratuit sur les plages, mais des parkings payants sont disponibles en centre-ville. \u00c0 Daytona, les automobilistes respectent les r\u00e8gles am\u00e9ricaines standard\u00a0: conduite \u00e0 droite, respect des limitations de vitesse (qui peuvent \u00eatre strictement appliqu\u00e9es lors de grands \u00e9v\u00e9nements) et c\u00e9dez le passage aux pi\u00e9tons aux passages pi\u00e9tons.<\/p>\n<p><strong>Conseils de base :<\/strong><\/p>\n<ul>\n<li><strong>Devise et paiement :<\/strong> Le dollar am\u00e9ricain est utilis\u00e9. Les cartes de cr\u00e9dit sont largement accept\u00e9es (pr\u00e9voyez un peu d&#039;argent liquide). Un pourboire (15 \u00e0 20 %) est d&#039;usage pour les restaurants et les taxis.<\/li>\n<li><strong>Langue:<\/strong> L&#039;anglais est la langue principale. L&#039;espagnol est \u00e9galement courant (de nombreux employ\u00e9s du secteur touristique le parlent), ce qui refl\u00e8te la d\u00e9mographie de la Floride. Des phrases simples dans l&#039;une ou l&#039;autre langue suffisent.<\/li>\n<li><strong>V\u00eatements:<\/strong> La tenue vestimentaire est d\u00e9contract\u00e9e toute l&#039;ann\u00e9e. En \u00e9t\u00e9, tissus l\u00e9gers, chapeaux et sandales sont de rigueur. Par temps frais, pr\u00e9voyez une veste l\u00e9g\u00e8re pour le soir. Lunettes de soleil et maillot de bain sont recommand\u00e9s en toutes circonstances\u00a0; le soleil de Daytona peut \u00eatre intense.<\/li>\n<li><strong>\u00c9tiquette et s\u00e9curit\u00e9 :<\/strong> Les habitants sont amicaux et polis. Un accueil chaleureux et un \u00ab\u00a0s&#039;il vous pla\u00eet\/merci\u00a0\u00bb sont tr\u00e8s utiles. La plupart des Am\u00e9ricains donnent un modeste pourboire au personnel de service\u00a0; attendez-vous donc \u00e0 ajouter 15\u00a0% sur la facture des restaurants. La s\u00e9curit\u00e9 est g\u00e9n\u00e9ralement bonne\u00a0; comme le souligne l&#039;office du tourisme local, Daytona Beach jouit d&#039;une \u00ab\u00a0r\u00e9putation bien m\u00e9rit\u00e9e de lieu s\u00fbr\u00a0\u00bb pour les visiteurs. N\u00e9anmoins, faites preuve de bon sens\u00a0: enfermez vos objets de valeur dans votre chambre ou votre voiture, n&#039;emportez que peu d&#039;argent liquide et restez vigilant apr\u00e8s la tomb\u00e9e de la nuit. Les services d&#039;urgence sont efficaces (appelez le 911 en cas d&#039;urgence). La s\u00e9curit\u00e9 sur la plage est importante\u00a0: nagez pr\u00e8s des zones surveill\u00e9es, tenez compte des avertissements concernant les courants d&#039;arrachement et portez toujours de la cr\u00e8me solaire.<\/li>\n<li><strong>Sant\u00e9 et environnement :<\/strong> L&#039;altitude de Daytona n&#039;est pas un probl\u00e8me, mais l&#039;humidit\u00e9 estivale peut d\u00e9shydrater\u00a0; buvez r\u00e9guli\u00e8rement de l&#039;eau. Si vous visitez Daytona en hiver, pr\u00e9voyez un pull ou une veste\u00a0: les soir\u00e9es peuvent \u00eatre \u00e9tonnamment fra\u00eeches apr\u00e8s le coucher du soleil. Des moustiques peuvent appara\u00eetre pr\u00e8s de l&#039;eau pendant les mois les plus chauds\u00a0; un insectifuge est donc utile.<\/li>\n<\/ul>\n<p>Dans l&#039;ensemble, Daytona Beach offre un environnement accueillant aux voyageurs internationaux et am\u00e9ricains. Ses plages ensoleill\u00e9es et ses grands \u00e9v\u00e9nements sont source d&#039;excitation, tandis que sa taille modeste et le charme typiquement floridien rendent la ville accessible. Avec une bonne pr\u00e9paration \u2013 protection solaire, respect des bonnes mani\u00e8res et un emploi du temps libre pour assister \u00e0 une course ou un festival \u2013 vous \u00eates assur\u00e9 de passer un s\u00e9jour agr\u00e9able et en toute s\u00e9curit\u00e9 dans cette destination baln\u00e9aire incontournable.<a href=\"https:\/\/travelshelper.com\/fr\/destinations\/amerique-du-nord\/etats-unis-damerique\/berkeley-springs\/\" target=\"_self\" aria-labelledby=\"uael-post-8997\"><br \/>\n<\/a><\/p>","protected":false},"excerpt":{"rendered":"<p>Daytona Beach, station baln\u00e9aire du comt\u00e9 de Volusia, en Floride, est une destination anim\u00e9e reconnue pour sa combinaison unique de beaut\u00e9 naturelle, d&#039;importance historique et de sports m\u00e9caniques exaltants. Situ\u00e9e sur la c\u00f4te est des \u00c9tats-Unis, Daytona Beach compte 72\u00a0647 habitants selon le recensement de 2020. Faisant partie de l&#039;agglom\u00e9ration de Deltona\u2013Daytona Beach\u2013Ormond Beach, elle est l&#039;une des principales villes de la Fun Coast de Floride.<\/p>","protected":false},"author":1,"featured_media":3391,"parent":8072,"menu_order":0,"comment_status":"closed","ping_status":"closed","template":"elementor_theme","meta":{"_eb_attr":"","footnotes":""},"class_list":["post-8754","page","type-page","status-publish","has-post-thumbnail"],"_links":{"self":[{"href":"https:\/\/travelshelper.com\/fr\/wp-json\/wp\/v2\/pages\/8754","targetHints":{"allow":["GET"]}}],"collection":[{"href":"https:\/\/travelshelper.com\/fr\/wp-json\/wp\/v2\/pages"}],"about":[{"href":"https:\/\/travelshelper.com\/fr\/wp-json\/wp\/v2\/types\/page"}],"author":[{"embeddable":true,"href":"https:\/\/travelshelper.com\/fr\/wp-json\/wp\/v2\/users\/1"}],"replies":[{"embeddable":true,"href":"https:\/\/travelshelper.com\/fr\/wp-json\/wp\/v2\/comments?post=8754"}],"version-history":[{"count":0,"href":"https:\/\/travelshelper.com\/fr\/wp-json\/wp\/v2\/pages\/8754\/revisions"}],"up":[{"embeddable":true,"href":"https:\/\/travelshelper.com\/fr\/wp-json\/wp\/v2\/pages\/8072"}],"wp:featuredmedia":[{"embeddable":true,"href":"https:\/\/travelshelper.com\/fr\/wp-json\/wp\/v2\/media\/3391"}],"wp:attachment":[{"href":"https:\/\/travelshelper.com\/fr\/wp-json\/wp\/v2\/media?parent=8754"}],"curies":[{"name":"wp","href":"https:\/\/api.w.org\/{rel}","templated":true}]}}