{"id":8723,"date":"2024-09-04T14:00:30","date_gmt":"2024-09-04T14:00:30","guid":{"rendered":"https:\/\/travelshelper.com\/staging\/?page_id=8723"},"modified":"2026-03-13T17:42:21","modified_gmt":"2026-03-13T17:42:21","slug":"fort-lauderdale","status":"publish","type":"page","link":"https:\/\/travelshelper.com\/fr\/destinations\/north-america\/united-states\/fort-lauderdale\/","title":{"rendered":"Fort Lauderdale"},"content":{"rendered":"<p>Fort Lauderdale est une ville c\u00f4ti\u00e8re de taille moyenne situ\u00e9e dans le sud-est de la Floride, \u00e0 environ 37 kilom\u00e8tres au nord de Miami. Sa population actuelle s&#039;\u00e9l\u00e8ve \u00e0 environ 185\u00a0000 habitants, ce qui en fait la plus grande ville du comt\u00e9 de Broward et un point d&#039;ancrage important de l&#039;agglom\u00e9ration de Miami. L&#039;\u00e9conomie de la ville repose sur le tourisme, les industries maritimes et les secteurs des services\u00a0: Port Everglades (le port en eau profonde voisin) et l&#039;a\u00e9roport international de Fort Lauderdale-Hollywood en sont les principaux moteurs. Le revenu par habitant est relativement \u00e9lev\u00e9\u00a0: des chiffres r\u00e9cents indiquent un revenu moyen par m\u00e9nage d&#039;environ 128\u00a0000\u00a0dollars, bien que pr\u00e8s de 15\u00a0% des habitants vivent sous le seuil de pauvret\u00e9. Sur le plan d\u00e9mographique, Fort Lauderdale reste majoritairement blanche (environ 61\u00a0%), avec environ 32\u00a0% des habitants s&#039;identifiant comme noirs ou afro-am\u00e9ricains. Pr\u00e8s d&#039;un quart de la population est n\u00e9e \u00e0 l&#039;\u00e9tranger, notamment en Am\u00e9rique latine et dans les Cara\u00efbes, ce qui conf\u00e8re \u00e0 la ville un riche caract\u00e8re multilingue. L&#039;anglais domine, mais l&#039;espagnol et le cr\u00e9ole ha\u00eftien sont \u00e9galement largement parl\u00e9s dans la rue. En bref, le profil de Fort Lauderdale \u00ab en chiffres \u00bb est celui d\u2019une ville am\u00e9ricaine de taille moyenne et ais\u00e9e avec une population diversifi\u00e9e et cosmopolite ancr\u00e9e dans une forte \u00e9conomie du tourisme et des services.<\/p>\n<p>G\u00e9ographiquement, Fort Lauderdale se situe sur la c\u00f4te atlantique de la Floride, au c\u0153ur de la plaine c\u00f4ti\u00e8re de basse altitude du sud de la Floride. Elle occupe une \u00e9troite bande de terre entre l&#039;oc\u00e9an et une s\u00e9rie d&#039;\u00eeles-barri\u00e8res et de voies navigables intra-c\u00f4ti\u00e8res. La ville est parfois surnomm\u00e9e la \u00ab Venise de l&#039;Am\u00e9rique \u00bb en raison de ses 265 kilom\u00e8tres de canaux navigables. Le paysage est plat et luxuriant, avec des palmiers tropicaux et subtropicaux, des cours d&#039;eau bord\u00e9s de mangroves et des zones humides c\u00f4ti\u00e8res. Le climat est r\u00e9put\u00e9 pour son ensoleillement et sa chaleur\u00a0: Fort Lauderdale b\u00e9n\u00e9ficie en moyenne d&#039;environ 3\u00a0000 heures d&#039;ensoleillement par an. En hiver, les temp\u00e9ratures maximales diurnes oscillent entre 20\u00a0\u00b0C et 27\u00a0\u00b0C, tandis que les \u00e9t\u00e9s atteignent r\u00e9guli\u00e8rement 27 \u00e0 35\u00a0\u00b0C, temp\u00e9r\u00e9s par des brises oc\u00e9aniques r\u00e9guli\u00e8res. Les pluies sont saisonni\u00e8res (principalement des orages d&#039;\u00e9t\u00e9) et les gel\u00e9es sont quasi inexistantes. En bref, la ville b\u00e9n\u00e9ficie d\u2019un climat semi-tropical avec des \u00e9t\u00e9s chauds et humides, des hivers doux et des aliz\u00e9s constants de l\u2019Atlantique \u2013 des conditions qui d\u00e9finissent son cadre tranquille et ensoleill\u00e9.<\/p>\n<p>Les origines de Fort Lauderdale remontent \u00e0 un avant-poste militaire plut\u00f4t qu&#039;\u00e0 une l\u00e9gende ancienne. La ville doit son nom \u00e0 une petite fortification construite sur la New River en 1838 par le major William Lauderdale de l&#039;arm\u00e9e am\u00e9ricaine, pendant la Seconde Guerre s\u00e9minole. Apr\u00e8s ces d\u00e9buts militaires, la r\u00e9gion fut peu peupl\u00e9e jusqu&#039;\u00e0 la fin du XIXe si\u00e8cle. Une croissance r\u00e9guli\u00e8re d\u00e9buta avec l&#039;arriv\u00e9e du chemin de fer de la c\u00f4te est de la Floride et l&#039;essor foncier des ann\u00e9es 1920 en Floride. Fort Lauderdale fut officiellement constitu\u00e9e en 1911 et devint le si\u00e8ge du comt\u00e9 de Broward nouvellement cr\u00e9\u00e9 en 1915. Cette prosp\u00e9rit\u00e9 initiale fut presque an\u00e9antie par le grand ouragan de Miami de 1926 et la Grande D\u00e9pression, qui ralentirent consid\u00e9rablement le d\u00e9veloppement.<\/p>\n<p>La ville a connu un regain de prosp\u00e9rit\u00e9 pendant et apr\u00e8s la Seconde Guerre mondiale. Une importante base a\u00e9ronavale a amen\u00e9 des milliers de militaires, posant les bases d&#039;un boom d\u00e9mographique d&#039;apr\u00e8s-guerre. Dans les ann\u00e9es 1950-1960, les lotissements suburbains se sont d\u00e9velopp\u00e9s et la ville est devenue une destination touristique majeure. Ce modeste village de p\u00eacheurs s&#039;est transform\u00e9 en une ville moderne, peupl\u00e9e d&#039;h\u00f4tels, de quartiers commer\u00e7ants et de marinas. \u00c0 la fin du XXe si\u00e8cle, Fort Lauderdale \u00e9tait devenue l&#039;un des plus grands centres de plaisance au monde et un terrain de jeu hivernal pour les snowbirds. L&#039;industrie des croisi\u00e8res y a \u00e9galement trouv\u00e9 son ancrage\u00a0; aujourd&#039;hui, Port Everglades compte parmi les ports de croisi\u00e8re les plus fr\u00e9quent\u00e9s au monde. Malgr\u00e9 ces changements, Fort Lauderdale a conserv\u00e9 son identit\u00e9 de \u00ab\u00a0station baln\u00e9aire\u00a0\u00bb, tout en construisant des h\u00f4pitaux, des universit\u00e9s (dont un campus de la Florida Atlantic University) et un quartier financier en centre-ville. Ces derni\u00e8res ann\u00e9es, la ville a mis l&#039;accent sur la revitalisation urbaine\u00a0: de nouveaux gratte-ciel au bord de l&#039;eau, la restauration de monuments historiques et la cr\u00e9ation d&#039;institutions culturelles ont remodel\u00e9 son paysage urbain. Mais l&#039;h\u00e9ritage de ces premi\u00e8res d\u00e9cennies de prosp\u00e9rit\u00e9 et de r\u00e9cession se refl\u00e8te encore dans le caract\u00e8re complexe de Fort Lauderdale, des condos Art d\u00e9co des ann\u00e9es 1920 \u00e0 Las Olas aux tours ultramodernes de l&#039;Intracoastal.<\/p>\n<p>Aujourd&#039;hui, Fort Lauderdale \u00e9voque une ville baln\u00e9aire d\u00e9contract\u00e9e mais sophistiqu\u00e9e. Son ambiance allie l&#039;esprit \u00ab\u00a0station baln\u00e9aire du sud de la Floride\u00a0\u00bb \u00e0 une touche multiculturelle. La culture locale refl\u00e8te ses importantes communaut\u00e9s hispanique et carib\u00e9enne. Les festivals et \u00e9v\u00e9nements sont nombreux et vari\u00e9s\u00a0; par exemple, le d\u00e9fil\u00e9 annuel de la Saint-Patrick dans le centre-ville attire de nombreux visiteurs, tout comme les f\u00eates sur la plage \u00e0 th\u00e8me carib\u00e9en et les grands salons nautiques. L&#039;anglais est la langue v\u00e9hiculaire, mais \u00e0 chaque p\u00e2t\u00e9 de maisons, on entend parler espagnol, cr\u00e9ole ha\u00eftien ou fran\u00e7ais. En effet, plus de 21\u00a0% des habitants sont n\u00e9s \u00e0 l&#039;\u00e9tranger, ce qui conf\u00e8re aux restaurants et boutiques une saveur internationale (caf\u00e9s cubains, boulangeries jama\u00efcaines, etc.).<\/p>\n<p>Les habitants de Fort Lauderdale ont tendance \u00e0 d\u00e9crire la vie citadine comme d\u00e9contract\u00e9e et tourn\u00e9e vers le plein air. Leur quotidien typique comprend des activit\u00e9s matinales sur la plage ou le canal (course \u00e0 pied, bateau, yoga), un d\u00e9jeuner tranquille sur Las Olas Boulevard ou au bord de l&#039;eau, et des soir\u00e9es dans des pubs ou des galeries en plein air. C&#039;est un endroit o\u00f9 la vie sociale se d\u00e9roule principalement en plein air\u00a0: terrasses de caf\u00e9s, festivals maritimes, terrains de golf et foires d&#039;art. Des quartiers comme Coral Ridge et Victoria Park sont chaleureux et conviviaux, avec un style \u00ab\u00a0floridien d\u00e9contract\u00e9\u00a0\u00bb. Les habitants sont g\u00e9n\u00e9ralement accessibles\u00a0: les moniteurs de surf et les professeurs de yoga c\u00f4toient les dirigeants venus en ville pour des congr\u00e8s. M\u00eame pendant la haute saison touristique, les boulevards bord\u00e9s de palmiers et les kilom\u00e8tres de parcs riverains de la ville procurent une sensation d&#039;espace et de calme. En r\u00e9sum\u00e9, l&#039;atmosph\u00e8re de Fort Lauderdale allie confort cosmopolite et rythme maritime d\u00e9contract\u00e9\u00a0; les visiteurs remarquent souvent que sa personnalit\u00e9 de \u00ab\u00a0petite s\u0153ur de Miami\u00a0\u00bb est moins anim\u00e9e et plus ensoleill\u00e9e sur l&#039;eau.<\/p>\n<p>Les attractions de Fort Lauderdale sont ax\u00e9es sur le soleil, la mer et la culture. La plage de Fort Lauderdale est la plus importante de la ville\u00a0: une \u00e9tendue de onze kilom\u00e8tres de sable fin et clair, bord\u00e9e d&#039;une large promenade ombrag\u00e9e par des palmiers. Cette plage est largement reconnue comme \u00ab\u00a0l&#039;une des plus belles plages de Floride\u00a0\u00bb. Ses eaux chaudes et peu profondes, ses plages surveill\u00e9es et son parking facile en font un lieu id\u00e9al pour les familles. \u00c0 proximit\u00e9 de la plage se trouve Las Olas Boulevard, une art\u00e8re commer\u00e7ante et gastronomique de plus d&#039;un kilom\u00e8tre qui relie le centre-ville \u00e0 l&#039;oc\u00e9an. Las Olas compte plus de 100\u00a0magasins, boutiques et galeries d&#039;art, ainsi que des dizaines de caf\u00e9s et de bistrots. C&#039;est la promenade branch\u00e9e de la ville o\u00f9 se m\u00ealent habitants et visiteurs, surtout le soir et le week-end.<\/p>\n<p>\u00c0 l&#039;int\u00e9rieur des terres, le Fort Lauderdale Riverwalk (aussi appel\u00e9 Arts &amp; Entertainment District) offre un changement de rythme. Ce sentier riverain de 4 km suit la New River \u00e0 travers le centre-ville et le quartier des mus\u00e9es. Le long du Riverwalk, vous trouverez des parcs, des \u0153uvres d&#039;art public et des restaurants au bord de l&#039;eau. Il traverse dix parcs lin\u00e9aires o\u00f9 l&#039;on peut observer des yachts, des p\u00e9dalos et, occasionnellement, des gondoles touristiques (il y a m\u00eame un bateau-taxi gratuit). Le Riverwalk relie des sites incontournables tels que le Broward Center for the Performing Arts et le mus\u00e9e interactif de la d\u00e9couverte et des sciences. Pour un aper\u00e7u de la nature, le Bonnet House Museum &amp; Gardens est un incontournable\u00a0: un domaine des ann\u00e9es\u00a01920 nich\u00e9 au c\u0153ur du d\u00e9veloppement urbain. La Bonnet House, une maison-mus\u00e9e centenaire, s&#039;\u00e9tend sur 14\u00a0hectares de jardins luxuriants, avec une maison historique regorgeant d&#039;\u0153uvres d&#039;art et d&#039;antiquit\u00e9s. Cette oasis botanique et architecturale, o\u00f9 plages, mangroves et jardins cohabitent, offre un aper\u00e7u de la Floride d&#039;antan. Parmi les autres points forts, citons la Stranahan House (la plus ancienne structure encore existante de Fort Lauderdale, aujourd&#039;hui un mus\u00e9e d&#039;histoire locale) et diverses marinas proposant des excursions en bateau et un acc\u00e8s aux voies navigables pittoresques.<\/p>\n<p>Les golfeurs et les accros du shopping appr\u00e9cient les nombreux terrains de golf et centres commerciaux de la ville (comme le tr\u00e8s chic Galleria Mall et Sawgrass Mills). Le soir, le boulevard Las Olas, bord\u00e9 de yachts, s&#039;illumine au son de la musique diffus\u00e9e par les bars sur les toits, devenant ainsi le point de rencontre incontournable. Pour les familles, le Museum of Discovery &amp; Science (avec ses expositions sur les dinosaures et son cin\u00e9ma IMAX) est un incontournable. \u00c0 ne pas manquer\u00a0: Fort Lauderdale, capitale des croisi\u00e8res, est un lieu incontournable pour visiter l&#039;immense Port Everglades, que ce soit pour embarquer pour une croisi\u00e8re dans les Cara\u00efbes ou pour admirer les immenses paquebots aller et venir, une exp\u00e9rience en soi.<\/p>\n<p>Fort Lauderdale est tr\u00e8s accessible. Son principal a\u00e9roport est l&#039;a\u00e9roport international de Fort Lauderdale\u2013Hollywood (FLL), une plaque tournante tr\u00e8s fr\u00e9quent\u00e9e pour les vols int\u00e9rieurs et internationaux. FLL dessert directement 140 destinations et accueille plus de 80\u00a0000 voyageurs par jour. Une navette gratuite relie les terminaux de l&#039;a\u00e9roport \u00e0 la gare ferroviaire de banlieue Tri-Rail toute proche (\u00e0 Dania Beach), qui dessert fr\u00e9quemment la c\u00f4te sud de la Floride. (La ligne Tri-Rail relie Miami et Palm Beach, avec un arr\u00eat pr\u00e8s de l&#039;a\u00e9roport Hollywood-Ft. Lauderdale.) De nombreux voyageurs peuvent \u00e9galement atterrir \u00e0 l&#039;a\u00e9roport international de Miami, situ\u00e9 \u00e0 seulement 48 kilom\u00e8tres au sud, puis rejoindre Fort Lauderdale en voiture ou en bus. En voiture, l&#039;Interstate 95 traverse la ville du nord au sud, et la Florida&#039;s Turnpike la relie \u00e0 Orlando et au-del\u00e0.<\/p>\n<p>Le centre-ville de Fort Lauderdale et la plage sont facilement accessibles \u00e0 pied, notamment autour de Las Olas et du Riverwalk. La ville exploite un bus local gratuit (le Sun Trolley) sur plusieurs lignes, pratique dans les zones touristiques. Des bus r\u00e9guliers du comt\u00e9 de Broward relient la plupart des quartiers, et le Tri-Rail dessert les trajets domicile-travail. Les taxis et les services de covoiturage sont largement disponibles. De nombreux visiteurs pr\u00e9f\u00e8rent louer une voiture, car des attractions comme Sawgrass Mills ou les excursions dans les Everglades sont plus \u00e9loign\u00e9es. La circulation peut \u00eatre dense en haute saison (d\u00e9cembre-avril) et les week-ends f\u00e9ri\u00e9s\u00a0; il est donc judicieux de pr\u00e9voir un temps de trajet suppl\u00e9mentaire.<\/p>\n<p>Fort Lauderdale utilise le dollar am\u00e9ricain. L&#039;anglais est la langue officielle, bien que de nombreux habitants parlent \u00e9galement espagnol ou cr\u00e9ole. Un pourboire d&#039;environ 15 \u00e0 20 % dans les restaurants et les taxis est d&#039;usage. L&#039;accent \u00e9tant mis sur la plage, des v\u00eatements d&#039;\u00e9t\u00e9 l\u00e9gers, un maillot de bain et une protection solaire sont indispensables. \u00c9tant une destination carib\u00e9enne, faites attention aux moustiques \u00e0 l&#039;aube et au cr\u00e9puscule. Le code vestimentaire est d\u00e9contract\u00e9 (m\u00eame dans les restaurants les plus chics, un short et un polo conviennent g\u00e9n\u00e9ralement aux hommes). Fort Lauderdale est g\u00e9n\u00e9ralement s\u00fbre, mais les pr\u00e9cautions habituelles en ville s&#039;appliquent\u00a0: gardez vos objets de valeur en lieu s\u00fbr, soyez vigilant sur les trottoirs fr\u00e9quent\u00e9s et \u00e9vitez les plages d\u00e9sertes la nuit. L&#039;ambiance g\u00e9n\u00e9rale est conviviale et ouverte, refl\u00e9tant le caract\u00e8re touristique de la ville.<a href=\"https:\/\/travelshelper.com\/fr\/destinations\/amerique-du-nord\/etats-unis-damerique\/berkeley-springs\/\" target=\"_self\" aria-labelledby=\"uael-post-8997\"><br \/>\n<\/a><\/p>","protected":false},"excerpt":{"rendered":"<p>Fort Lauderdale est une ville c\u00f4ti\u00e8re dynamique de l&#039;\u00c9tat am\u00e9ricain de Floride, situ\u00e9e \u00e0 environ 48 km au nord de Miami, le long de l&#039;oc\u00e9an Atlantique. Selon le recensement de 2020, Fort Lauderdale, si\u00e8ge du comt\u00e9 et ville la plus peupl\u00e9e du comt\u00e9 de Broward, compte 182\u00a0260 habitants. Avec une population de 6\u00a0166\u00a0488 habitants en 2019, Fort Lauderdale se classe troisi\u00e8me ville la plus peupl\u00e9e de l&#039;agglom\u00e9ration de Miami, apr\u00e8s Miami et Hialeah. Elle se classe ainsi dixi\u00e8me ville la plus peupl\u00e9e de Floride.<\/p>","protected":false},"author":1,"featured_media":2720,"parent":8072,"menu_order":0,"comment_status":"closed","ping_status":"closed","template":"elementor_theme","meta":{"_eb_attr":"","footnotes":""},"class_list":["post-8723","page","type-page","status-publish","has-post-thumbnail"],"_links":{"self":[{"href":"https:\/\/travelshelper.com\/fr\/wp-json\/wp\/v2\/pages\/8723","targetHints":{"allow":["GET"]}}],"collection":[{"href":"https:\/\/travelshelper.com\/fr\/wp-json\/wp\/v2\/pages"}],"about":[{"href":"https:\/\/travelshelper.com\/fr\/wp-json\/wp\/v2\/types\/page"}],"author":[{"embeddable":true,"href":"https:\/\/travelshelper.com\/fr\/wp-json\/wp\/v2\/users\/1"}],"replies":[{"embeddable":true,"href":"https:\/\/travelshelper.com\/fr\/wp-json\/wp\/v2\/comments?post=8723"}],"version-history":[{"count":0,"href":"https:\/\/travelshelper.com\/fr\/wp-json\/wp\/v2\/pages\/8723\/revisions"}],"up":[{"embeddable":true,"href":"https:\/\/travelshelper.com\/fr\/wp-json\/wp\/v2\/pages\/8072"}],"wp:featuredmedia":[{"embeddable":true,"href":"https:\/\/travelshelper.com\/fr\/wp-json\/wp\/v2\/media\/2720"}],"wp:attachment":[{"href":"https:\/\/travelshelper.com\/fr\/wp-json\/wp\/v2\/media?parent=8723"}],"curies":[{"name":"wp","href":"https:\/\/api.w.org\/{rel}","templated":true}]}}