{"id":8675,"date":"2024-09-04T10:54:39","date_gmt":"2024-09-04T10:54:39","guid":{"rendered":"https:\/\/travelshelper.com\/staging\/?page_id=8675"},"modified":"2026-03-13T18:05:45","modified_gmt":"2026-03-13T18:05:45","slug":"salt-lake-city","status":"publish","type":"page","link":"https:\/\/travelshelper.com\/fr\/destinations\/north-america\/united-states\/salt-lake-city\/","title":{"rendered":"Salt Lake City"},"content":{"rendered":"<p>Salt Lake City, dans l&#039;Utah, s&#039;\u00e9tend sur une haute vall\u00e9e montagneuse au pied de la cha\u00eene Wasatch. Elle se situe \u00e0 environ 1\u00a0300 m\u00e8tres d&#039;altitude, avec les sommets escarp\u00e9s des monts Uintas et Wasatch s&#039;\u00e9levant abruptement \u00e0 l&#039;est. Le quadrillage urbain (qui commence \u00e0 Temple Square) s&#039;\u00e9tend selon un plan pr\u00e9cis nord-sud\/est-ouest. Le paysage urbain est domin\u00e9 par le temple de Salt Lake City et le complexe du centre-ville de l&#039;\u00c9glise SDJ. De nombreuses directions permettent d&#039;apercevoir le Grand Lac Sal\u00e9 et des bassins d\u00e9sertiques \u00e0 l&#039;horizon. L&#039;impression g\u00e9n\u00e9rale est celle d&#039;une ville propre et ordonn\u00e9e, sur fond de montagnes aust\u00e8res et enneig\u00e9es. La lumi\u00e8re y est souvent vive (gr\u00e2ce \u00e0 l&#039;altitude et \u00e0 l&#039;air sec), et l&#039;hiver apporte des chutes de neige abondantes qui transforment les contreforts environnants en un terrain de jeu hivernal. Salt Lake City est \u00e0 la fois moderne (avec l&#039;essor du secteur technologique) et pionni\u00e8re (avec l&#039;h\u00e9ritage des pionniers mormons du XIXe si\u00e8cle).<\/p>\n<p>Salt Lake City est la capitale et la plus grande ville de l&#039;Utah. Sa population \u00e9tait de 199\u00a0723 habitants en 2020, et elle est en croissance\u00a0: en 2023, elle atteignait environ 203\u00a0888 habitants (soit une hausse d&#039;environ 1,3\u00a0% depuis 2022). La zone m\u00e9tropolitaine compte environ 1,2\u00a0million d&#039;habitants\u00a0; la zone statistique combin\u00e9e (Salt Lake City\u2013Ogden\u2013Provo) avoisine les 2,7\u00a0millions. La r\u00e9partition raciale\/ethnique de la ville est majoritairement blanche (non hispanique) \u00e0 environ 65\u00a0%, avec des r\u00e9sidents hispaniques ou latinos environ 9\u00a0% et des Asiatiques 5\u00a0%. (L&#039;importante communaut\u00e9 mormone comprend de nombreux membres latinos\u00a0; \u00e0 l&#039;\u00e9chelle de l&#039;\u00c9tat de l&#039;Utah, environ 14\u00a0% sont hispaniques.) Le revenu m\u00e9dian des m\u00e9nages \u00e0 SLC est relativement \u00e9lev\u00e9, autour de 75\u00a0000\u00a0$\/an (la zone m\u00e9tropolitaine, aliment\u00e9e par une \u00e9conomie forte, affiche l&#039;un des revenus m\u00e9dians les plus \u00e9lev\u00e9s du pays).<\/p>\n<p>L&#039;\u00e9conomie de Salt Lake City s&#039;est diversifi\u00e9e. Historiquement centre commercial et minier r\u00e9gional, elle est aujourd&#039;hui r\u00e9put\u00e9e pour ses technologies, sa finance et ses soins de sant\u00e9. Connue comme un p\u00f4le bancaire r\u00e9gional, elle abrite le si\u00e8ge social d&#039;entreprises comme Zions Bancorp et Questar (toutes deux class\u00e9es au Fortune 1000). Parmi les autres grands noms de l&#039;industrie, on compte Intermountain Health (h\u00f4pitaux), Sinclair Oil et Smith&#039;s Food &amp; Drug. Ces derni\u00e8res d\u00e9cennies, Salt Lake City est devenue un p\u00f4le technologique de premier plan, souvent surnomm\u00e9 le c\u0153ur des \u00ab\u00a0Silicon Slopes\u00a0\u00bb. En 2022, la ville comptait environ 67\u00a0500 emplois dans le secteur des technologies, soit une croissance de 12\u00a0% depuis 2019. Parmi les principaux employeurs du secteur, on compte Adobe et Qualtrics, ainsi que de nombreuses startups. Salt Lake City est \u00e9galement le centre de l&#039;industrie du tourisme de ski de l&#039;Utah. Des entreprises comme Adobe, eBay et Qualtrics y ont install\u00e9 d&#039;importants bureaux, et la ville a accueilli les Jeux olympiques d&#039;hiver de 2002, ce qui lui a valu une renomm\u00e9e internationale.<\/p>\n<p>Salt Lake City se situe dans l&#039;ouest montagneux des \u00c9tats-Unis. Elle se trouve dans le nord de l&#039;Utah, \u00e0 environ 32 kilom\u00e8tres au sud-est du Grand Lac Sal\u00e9. La ville occupe une vall\u00e9e plate, bord\u00e9e \u00e0 l&#039;est par la cha\u00eene escarp\u00e9e des Wasatch (avec des sommets d\u00e9passant les 3\u00a0300 m\u00e8tres) et \u00e0 l&#039;ouest par les monts Oquirrh. Les eaux sal\u00e9es du Grand Lac Sal\u00e9 sont visibles au nord-ouest par temps clair. Ce cadre de haute vall\u00e9e d\u00e9sertique conf\u00e8re un climat semi-aride\u00a0: les hivers sont froids et neigeux, tandis que les \u00e9t\u00e9s sont chauds et secs. Selon la classification de K\u00f6ppen, elle se situe \u00e0 la limite entre le climat m\u00e9diterran\u00e9en (Csa) et le climat continental \u00e0 \u00e9t\u00e9 sec (Dsa). En pratique, les \u00e9t\u00e9s sont longs, chauds et g\u00e9n\u00e9ralement ensoleill\u00e9s (souvent entre 29 et 35\u00a0\u00b0C), tandis que les hivers sont froids avec plus de 127\u00a0cm de neige en montagne (les hivers urbains oscillent en moyenne entre -6 et 5\u00a0\u00b0C). En raison du faible taux d\u2019humidit\u00e9, les temp\u00e9ratures \u00e9lev\u00e9es chutent souvent brusquement la nuit et le soleil est intense.<\/p>\n<p>Salt Lake City fut fond\u00e9e en juillet 1847 par des pionniers mormons men\u00e9s par Brigham Young. \u00c0 la recherche d&#039;un lieu o\u00f9 pratiquer librement leur religion, ces colons s&#039;install\u00e8rent dans la vall\u00e9e du lac Sal\u00e9 (alors partie du Mexique) et baptis\u00e8rent leur colonie \u00ab\u00a0Great Salt Lake City\u00a0\u00bb (terme raccourci plus tard). Au cours des d\u00e9cennies suivantes, des projets d&#039;irrigation verdirent la vall\u00e9e d\u00e9sertique, et Salt Lake devint le centre commercial et culturel du territoire. Elle devint la capitale du territoire de l&#039;Utah, puis celle de l&#039;\u00c9tat (apr\u00e8s 1896). Parmi les \u00e9tapes importantes de sa construction, citons l&#039;ach\u00e8vement du temple de Salt Lake City (1893) \u2013 dont les imposantes fl\u00e8ches sont encore aujourd&#039;hui un symbole de la ville \u2013 et l&#039;arriv\u00e9e du chemin de fer transcontinental (1869), reliant Salt Lake City au reste du pays.<\/p>\n<p>Au XXe si\u00e8cle, Salt Lake City a connu un d\u00e9veloppement industriel (exploitation mini\u00e8re, d\u00e9fense et transport routier). L&#039;accueil des Jeux olympiques d&#039;hiver de 2002 a marqu\u00e9 un tournant d\u00e9cisif, suscitant une attention internationale et ouvrant la voie \u00e0 de nouveaux sites (comme le Parc olympique d&#039;hiver, situ\u00e9 \u00e0 l&#039;ext\u00e9rieur de la ville). R\u00e9cemment, Salt Lake City a adopt\u00e9 une identit\u00e9 plus urbaine\u00a0: elle a revitalis\u00e9 son centre-ville, multipli\u00e9 les \u00e9v\u00e9nements culturels et s&#039;est positionn\u00e9e comme une destination de loisirs de plein air. L&#039;essor des technologies et de la finance a \u00e9galement transform\u00e9 la ville dans les ann\u00e9es\u00a02010 et au-del\u00e0.<\/p>\n<p>Le caract\u00e8re local de Salt Lake City est fa\u00e7onn\u00e9 par son h\u00e9ritage mormon et son style de vie montagnard. Le centre-ville est centr\u00e9 sur Temple Square, si\u00e8ge de l&#039;\u00c9glise de J\u00e9sus-Christ des Saints des Derniers Jours (\u00c9glise SDJ). Le temple historique de Salt Lake City, le Tabernacle et les bureaux de l&#039;\u00c9glise forment un quartier calme et \u00e9l\u00e9gant. La religion SDJ influence la culture\u00a0: de nombreux habitants fr\u00e9quentent l&#039;\u00e9glise et les valeurs familiales y sont pr\u00e9dominantes. Vous entendrez souvent des ch\u0153urs retentir et admirerez l&#039;architecture pointue des temples.<\/p>\n<p>Cependant, SLC est aussi \u00e9tonnamment lib\u00e9rale et cosmopolite. Compar\u00e9e \u00e0 la r\u00e9putation conservatrice de l&#039;Utah, la ville a vot\u00e9 d\u00e9mocrate lors des derni\u00e8res \u00e9lections et abrite une importante communaut\u00e9 LGBTQ+. Elle accueille chaque ann\u00e9e un festival tr\u00e8s fr\u00e9quent\u00e9, l&#039;Utah Pride Festival. La pr\u00e9sence de nombreux immigrants venus d&#039;autres \u00c9tats (attir\u00e9s par l&#039;emploi et la culture du ski) contribue \u00e0 son ambiance progressiste. La ville offre une vari\u00e9t\u00e9 de restaurants et de lieux de vie nocturne. Gr\u00e2ce \u00e0 son altitude \u00e9lev\u00e9e et \u00e0 sa population avide de plein air, Salt Lake City d\u00e9gage une atmosph\u00e8re sportive et d\u00e9contract\u00e9e\u00a0; les gens y \u00e9voquent souvent leur s\u00e9jour au ski ou leur randonn\u00e9e en VTT du week-end pr\u00e9c\u00e9dent.<\/p>\n<p>La langue officielle est l&#039;anglais\u00a0; une importante minorit\u00e9 latino parle espagnol. L&#039;hospitalit\u00e9 et le b\u00e9n\u00e9volat (culture mormone de service communautaire, alli\u00e9e \u00e0 une volont\u00e9 de pionnier) sont des aspects marquants de la vie locale. Les festivals et \u00e9v\u00e9nements abondent, du march\u00e9 fermier du centre-ville en \u00e9t\u00e9 aux foires d&#039;\u00c9tat et aux festivals artistiques. Salt Lake City abrite une chorale et un orchestre symphonique c\u00e9l\u00e8bres (\u00ab\u00a0The Tabernacle Choir at Temple Square\u00a0\u00bb), t\u00e9moignant d&#039;une forte tradition musicale. C\u00f4t\u00e9 rythme, Salt Lake City n&#039;est ni aussi tr\u00e9pidante ni aussi engourdie que les grandes villes\u00a0; elle offre un \u00e9quilibre entre agitation urbaine et acc\u00e8s imm\u00e9diat \u00e0 la nature. Les habitants sont g\u00e9n\u00e9ralement soucieux de leur sant\u00e9, engag\u00e9s envers l&#039;environnement (notamment les r\u00e9centes pr\u00e9occupations concernant la qualit\u00e9 de l&#039;air) et fiers de leur cadre pittoresque.<\/p>\n<p><strong>Principales attractions :<\/strong><\/p>\n<ul>\n<li><strong>Place du Temple<\/strong> \u2013 Le c\u0153ur spirituel et historique de la ville. On y trouve le temple de Salt Lake City (LDS) et le Tabernacle, si\u00e8ge du ch\u0153ur du Tabernacle mormon, mondialement connu. Le site est ouvert aux visiteurs, avec des r\u00e9citals d&#039;orgue gratuits et des visites guid\u00e9es quotidiennes. Il incarne en grande partie l&#039;identit\u00e9 de Salt Lake City, ville fond\u00e9e par les pionniers mormons.<\/li>\n<li><strong>Plan\u00e9tarium Clark et Discovery Gateway<\/strong> \u2013 En bordure du quartier Gateway du centre-ville, le plan\u00e9tarium propose des spectacles de sciences spatiales et un cin\u00e9ma IMAX. Juste \u00e0 c\u00f4t\u00e9, Discovery Gateway est le mus\u00e9e pour enfants de l&#039;Utah, proposant des expositions interactives sur les sciences et la technologie. (Ces institutions partagent les m\u00eames locaux et soulignent l&#039;importance accord\u00e9e par Salt Lake City aux divertissements \u00e9ducatifs pour toute la famille.)<\/li>\n<li><strong>Mus\u00e9e des beaux-arts et d&#039;histoire naturelle de l&#039;Utah<\/strong> \u2013 Le campus de l&#039;Universit\u00e9 de l&#039;Utah abrite l&#039;une des plus importantes collections d&#039;art de l&#039;Ouest am\u00e9ricain. Non loin de l\u00e0 se trouve le Mus\u00e9e d&#039;histoire naturelle de l&#039;Utah (dont l&#039;architecture s&#039;inspire des montagnes environnantes). Ensemble, ils offrent une exp\u00e9rience culturelle compl\u00e8te\u00a0: art ancien et contemporain, et expositions d&#039;histoire naturelle (fossiles de dinosaures, objets am\u00e9rindiens, etc.). Les longs hivers de Salt Lake City rendent les mus\u00e9es int\u00e9rieurs tr\u00e8s pris\u00e9s, et ceux-ci constituent des incontournables.<\/li>\n<li><strong>Parc d&#039;\u00c9tat du Grand Lac Sal\u00e9 et d&#039;Antelope Island<\/strong> \u2013 Le Grand Lac Sal\u00e9, vaste et saum\u00e2tre, se trouve au nord-ouest de la ville (visible de nombreux points de vue). C&#039;est le plus grand lac sal\u00e9 de l&#039;h\u00e9misph\u00e8re occidental. Les visiteurs peuvent se rendre en voiture \u00e0 Antelope Island, le plus grand parc d&#039;\u00c9tat de l&#039;Utah, pour randonner parmi les troupeaux de bisons et nager dans ses eaux sal\u00e9es tr\u00e8s turbulentes.<\/li>\n<li><strong>Ski et loisirs de plein air<\/strong> Bien qu&#039;elle soit situ\u00e9e hors de la ville, Salt Lake City est connue comme la \u00ab\u00a0ville du ski du mill\u00e9naire aux \u00c9tats-Unis\u00a0\u00bb. \u00c0 30 \u00e0 60\u00a0minutes du centre-ville se trouvent des stations de ski de renomm\u00e9e mondiale (Alta, Snowbird, Park City). En \u00e9t\u00e9, ces m\u00eames montagnes sont propices \u00e0 la randonn\u00e9e et au VTT. En ville, vous pourrez notamment visiter le jardin de Red Butte, Liberty Park et les r\u00e9servoirs pour la navigation de plaisance. La riche culture du plein air est une attraction majeure pour les visiteurs comme pour les habitants.<\/li>\n<li><strong>Place historique du Temple (restaurants et centres commerciaux)<\/strong> \u2013 Le soir, on peut explorer Temple Square sous les lumi\u00e8res ou se d\u00e9tendre au City Creek Center (un centre commercial \u00e0 ciel ouvert en centre-ville, travers\u00e9 par un ruisseau). Le quadrillage urbain original permet \u00e9galement de rejoindre facilement \u00e0 pied des th\u00e9\u00e2tres (comme le th\u00e9\u00e2tre Eccles) et une sc\u00e8ne gastronomique en plein essor, avec une cuisine contemporaine d&#039;inspiration mormone (par exemple, des restaurants tenus par des chefs). La ville compte \u00e9galement des ligues mineures de baseball (l&#039;\u00e9quipe de football du Real Salt Lake City joue d\u00e9sormais dans un nouveau stade en centre-ville), mais ces comp\u00e9titions sont davantage locales.<\/li>\n<\/ul>\n<p><strong>Aper\u00e7u pratique :<\/strong><\/p>\n<ul>\n<li><strong>Comment s&#039;y rendre :<\/strong> L&#039;a\u00e9roport international de Salt Lake City (SLC) est le principal a\u00e9roport de la ville, proposant des vols \u00e0 travers les \u00c9tats-Unis et plusieurs lignes internationales. Situ\u00e9 \u00e0 environ 8 km \u00e0 l&#039;ouest du centre-ville, il est facilement accessible en taxi ou par le tramway Trax Blue Line de l&#039;Utah Transit Authority (UTA). En voiture, Salt Lake City est travers\u00e9e par deux grandes autoroutes\u00a0: l&#039;I-15 (nord-sud) et l&#039;I-80 (est-ouest), qui traversent toutes deux le centre-ville.<\/li>\n<li><strong>Se d\u00e9placer :<\/strong> La ville dispose d&#039;un r\u00e9seau de transport en commun complet g\u00e9r\u00e9 par l&#039;UTA, comprenant le tramway TRAX (trois lignes reliant le centre-ville \u00e0 la banlieue) et un r\u00e9seau de bus. La ligne bleue TRAX relie le centre-ville \u00e0 l&#039;a\u00e9roport et \u00e0 la banlieue sud. Le centre-ville lui-m\u00eame est tr\u00e8s accessible \u00e0 pied gr\u00e2ce \u00e0 son plan en damier. Cependant, au-del\u00e0 du centre-ville, la voiture ou les transports en commun sont n\u00e9cessaires, la vall\u00e9e \u00e9tant vaste. Le v\u00e9lo est \u00e9galement de plus en plus r\u00e9pandu dans les quartiers centraux. La circulation peut atteindre des pics le matin et le soir, mais elle est g\u00e9n\u00e9ralement g\u00e9rable en dehors des heures de pointe.<\/li>\n<li><strong>Conseils de base :<\/strong> La monnaie est le dollar am\u00e9ricain. L&#039;anglais est la langue officielle, bien que de nombreux restaurants proposent des menus en espagnol. R\u00e8gles de savoir-vivre\u00a0: les habitants de l&#039;Utah portent souvent deux doigts sur leur \u00e9paule droite pour signifier \u00ab\u00a0bon\u00a0\u00bb (affirmation positive). Les valeurs familiales \u00e9tant fortes, une tenue vestimentaire modeste est recommand\u00e9e dans certains contextes religieux (si vous visitez des temples ou des lieux de culte mormons). Un \u00e9quipement de neige est indispensable pour voyager en hiver. S\u00e9curit\u00e9\u00a0: Salt Lake City est relativement s\u00fbre\u00a0; comme dans toute ville, privil\u00e9giez les endroits bien \u00e9clair\u00e9s la nuit. L&#039;air peut \u00eatre tr\u00e8s sec, il est donc conseill\u00e9 de bien s&#039;hydrater. Un pourboire (15 \u00e0 20\u00a0% dans les restaurants) est g\u00e9n\u00e9ralement attendu.<a href=\"https:\/\/travelshelper.com\/fr\/destinations\/amerique-du-nord\/etats-unis-damerique\/berkeley-springs\/\" target=\"_self\" aria-labelledby=\"uael-post-8997\"><br \/>\n<\/a><\/li>\n<\/ul>","protected":false},"excerpt":{"rendered":"<p>Souvent appel\u00e9e Salt Lake ou SLC, Salt Lake City est la capitale et la ville la plus peupl\u00e9e de l&#039;Utah. Elle est le si\u00e8ge du comt\u00e9 de Salt Lake, le plus peupl\u00e9 de l&#039;\u00c9tat. Avec une population de 1\u00a0257\u00a0936 habitants au recensement de 2020, la ville forme le centre de la zone statistique m\u00e9tropolitaine (MSA) de Salt Lake City. Salt Lake City fait \u00e9galement partie de la plus grande m\u00e9tropole connue sous le nom de zone statistique combin\u00e9e de Salt Lake City\u2013Ogden\u2013Provo. Avec une population estim\u00e9e \u00e0 2\u00a0746\u00a0164 habitants en 2021, cette zone \u2013 un corridor de d\u00e9veloppement urbain et suburbain continu s&#039;\u00e9tendant sur 190 km \u2013 est la 22e plus grande du pays. Salt Lake City, avec une population de 200\u00a0134 habitants en 2020, se classe au 117e rang parmi toutes les villes des \u00c9tats-Unis. Parmi les deux seules principales zones urbaines situ\u00e9es dans le Grand Bassin, Reno, au Nevada, est l&#039;autre\u00a0; c&#039;est aussi le noyau central de l&#039;un d&#039;entre eux.<\/p>","protected":false},"author":1,"featured_media":3102,"parent":8072,"menu_order":0,"comment_status":"closed","ping_status":"closed","template":"elementor_theme","meta":{"_eb_attr":"","footnotes":""},"class_list":["post-8675","page","type-page","status-publish","has-post-thumbnail"],"_links":{"self":[{"href":"https:\/\/travelshelper.com\/fr\/wp-json\/wp\/v2\/pages\/8675","targetHints":{"allow":["GET"]}}],"collection":[{"href":"https:\/\/travelshelper.com\/fr\/wp-json\/wp\/v2\/pages"}],"about":[{"href":"https:\/\/travelshelper.com\/fr\/wp-json\/wp\/v2\/types\/page"}],"author":[{"embeddable":true,"href":"https:\/\/travelshelper.com\/fr\/wp-json\/wp\/v2\/users\/1"}],"replies":[{"embeddable":true,"href":"https:\/\/travelshelper.com\/fr\/wp-json\/wp\/v2\/comments?post=8675"}],"version-history":[{"count":0,"href":"https:\/\/travelshelper.com\/fr\/wp-json\/wp\/v2\/pages\/8675\/revisions"}],"up":[{"embeddable":true,"href":"https:\/\/travelshelper.com\/fr\/wp-json\/wp\/v2\/pages\/8072"}],"wp:featuredmedia":[{"embeddable":true,"href":"https:\/\/travelshelper.com\/fr\/wp-json\/wp\/v2\/media\/3102"}],"wp:attachment":[{"href":"https:\/\/travelshelper.com\/fr\/wp-json\/wp\/v2\/media?parent=8675"}],"curies":[{"name":"wp","href":"https:\/\/api.w.org\/{rel}","templated":true}]}}