{"id":8365,"date":"2024-09-03T18:18:47","date_gmt":"2024-09-03T18:18:47","guid":{"rendered":"https:\/\/travelshelper.com\/staging\/?page_id=8365"},"modified":"2026-03-13T18:51:01","modified_gmt":"2026-03-13T18:51:01","slug":"san-antonio","status":"publish","type":"page","link":"https:\/\/travelshelper.com\/fr\/destinations\/north-america\/united-states\/san-antonio\/","title":{"rendered":"San Antonio"},"content":{"rendered":"<p>San Antonio, au Texas, s&#039;\u00e9tend dans le centre-sud du Texas, l\u00e0 o\u00f9 les prairies vallonn\u00e9es c\u00f4toient les broussailles du sud du Texas. Le paysage urbain est domin\u00e9 par ses forts et missions historiques, et notamment par la moderne Tour des Am\u00e9riques qui perce l&#039;horizon. Son c\u0153ur est travers\u00e9 par la luxuriante San Antonio River Walk, un cours d&#039;eau encaiss\u00e9 bord\u00e9 de pierres, bord\u00e9 de terrasses, de restaurants et de boutiques (le climat y est subtropical humide, chaud en \u00e9t\u00e9 et doux en hiver). L&#039;atmosph\u00e8re de San Antonio est particuli\u00e8re\u00a0: fusion d&#039;un profond h\u00e9ritage hispano-mexicain et du dynamisme contemporain du Texas. L&#039;architecture dominante \u2013 de la fa\u00e7ade en pierre sculpt\u00e9e de l&#039;Alamo aux maisons en stuc pastel \u2013 refl\u00e8te une histoire qui s&#039;\u00e9tend de l&#039;Espagne du XVIIIe si\u00e8cle \u00e0 un pr\u00e9sent dynamique et multiculturel.<\/p>\n<p>San Antonio est l&#039;une des plus grandes villes des \u00c9tats-Unis. En 2020, sa population s&#039;\u00e9levait \u00e0 1\u00a0434\u00a0625 habitants (plus de 1,6 million dans l&#039;agglom\u00e9ration). En 2023, elle atteignait pr\u00e8s de 1,46 million, poursuivant une croissance r\u00e9guli\u00e8re. La population de San Antonio est notoirement majoritairement hispanique\u00a0: environ 64\u00a0% des habitants sont hispaniques ou latinos, principalement d&#039;origine mexicaine, et environ 23\u00a0% sont blancs non hispaniques. On y trouve \u00e9galement une importante communaut\u00e9 afro-am\u00e9ricaine (environ 6\u00a0%). Le revenu m\u00e9dian de la ville est inf\u00e9rieur \u00e0 la moyenne nationale, refl\u00e9tant son importante base ouvri\u00e8re, malgr\u00e9 une \u00e9conomie dynamique.<\/p>\n<p>Sur le plan \u00e9conomique, San Antonio est diversifi\u00e9e. Historiquement avant-poste militaire (plusieurs bases \u00e9tant regroup\u00e9es au sein de la base interarm\u00e9es de San Antonio), elle conserve l&#039;une des plus importantes pr\u00e9sences militaires du pays. Parmi les autres secteurs cl\u00e9s figurent la sant\u00e9 (le South Texas Medical Center est immense), le tourisme (Fort Sam Houston et Alamo attirent des millions de personnes), les services financiers (si\u00e8ge de l&#039;USAA pour les assurances militaires) et le raffinage du p\u00e9trole (Valero Energy y est bas\u00e9). En 2018, le PIB de la ville s&#039;\u00e9levait \u00e0 environ 121 milliards de dollars, principalement ax\u00e9 sur les services militaires, de sant\u00e9, gouvernementaux et aux entreprises. La ville accueille \u00e9galement des congr\u00e8s au centre de congr\u00e8s Henry B. Gonz\u00e1lez. En 2017, le tourisme a soutenu plus de 130\u00a0000 emplois et inject\u00e9 13,6 milliards de dollars dans l&#039;\u00e9conomie locale. San Antonio abrite deux entreprises du Fortune 500 \u2013 Valero Energy (p\u00e9trole) et USAA (assurances) \u2013 et de nombreux si\u00e8ges sociaux r\u00e9gionaux.<\/p>\n<p>San Antonio se situe dans le sud du Texas, \u00e0 environ 120 kilom\u00e8tres \u00e0 l&#039;int\u00e9rieur des terres du golfe du Mexique. Elle se situe \u00e0 environ 200 m\u00e8tres d&#039;altitude sur l&#039;escarpement des Balcones, o\u00f9 les plaines vallonn\u00e9es c\u00e8dent la place aux collines c\u00f4ti\u00e8res. Le climat est subtropical humide\u00a0: les \u00e9t\u00e9s sont tr\u00e8s chauds et humides (souvent au-dessus de 38\u00a0\u00b0C), tandis que les hivers sont doux et courts. San Antonio se situe dans les plaines du sud du Texas, ce qui explique son relief g\u00e9n\u00e9ralement plat \u00e0 l\u00e9g\u00e8rement vallonn\u00e9, avec des arbres clairsem\u00e9s et des broussailles. Les cinq missions coloniales espagnoles de la ville (dont l&#039;Alamo) longent la rivi\u00e8re San Antonio et sont class\u00e9es au patrimoine mondial de l&#039;UNESCO. (Les rives de la rivi\u00e8re et les missions contribuent \u00e0 rompre la platitude, cr\u00e9ant des zones de verdure en ville.)<\/p>\n<p>L&#039;histoire de San Antonio commence \u00e0 l&#039;\u00e9poque coloniale espagnole. En 1718, le p\u00e8re Antonio de Olivares fonda la premi\u00e8re mission, baptisant le site San Antonio de Valero (qui devint plus tard l&#039;Alamo). La m\u00eame ann\u00e9e, l&#039;Espagne \u00e9tablit le Presidio San Antonio de B\u00e9xar (un fort) \u00e0 proximit\u00e9, et les colons construisirent une villa autour. San Antonio devint ainsi la premi\u00e8re colonie civile \u00e0 charte de ce qui est aujourd&#039;hui le Texas. Au cours du XVIIIe si\u00e8cle, d&#039;autres missions furent construites le long du fleuve. En 1821, le Texas obtint son ind\u00e9pendance de l&#039;Espagne en tant que partie int\u00e9grante du Mexique, et San Antonio resta un centre vital.<\/p>\n<p>La bataille d&#039;Alamo en 1836, pendant la R\u00e9volution texane, fut un moment charni\u00e8re\u00a0: 180\u00a0d\u00e9fenseurs texans furent assi\u00e9g\u00e9s par l&#039;arm\u00e9e mexicaine de Santa Anna. Malgr\u00e9 une d\u00e9faite finale et de lourdes pertes texanes, le cri de guerre \u00ab\u00a0Remember the Alamo\u00a0\u00bb galvanisa l&#039;ind\u00e9pendance du Texas. (La mission d&#039;Alamo devint un sanctuaire de l&#039;identit\u00e9 texane.) Aux XIXe et d\u00e9but du XXe\u00a0si\u00e8cles, San Antonio devint un centre d&#039;\u00e9levage et d&#039;agriculture, et d\u00e9veloppa plus tard des industries comme la brasserie Pearl et des installations militaires. Apr\u00e8s la Seconde Guerre mondiale, la consolidation de la base militaire de San Antonio rendit l&#039;\u00e9conomie militaire encore plus centrale. Ces derni\u00e8res d\u00e9cennies, la ville a connu une croissance et une diversification rapides, tout en valorisant son patrimoine multiethnique \u00e0 travers des festivals et des institutions culturelles.<\/p>\n<p>La culture de San Antonio est richement influenc\u00e9e par l&#039;influence hispanique et la ville est fi\u00e8re de ses racines. Les traditions espagnoles et mexicaines impr\u00e8gnent la vie quotidienne\u00a0: la ville baigne dans les couleurs, les f\u00eates et la gastronomie. La langue pr\u00e9dominante est l&#039;anglais, mais l&#039;espagnol est largement parl\u00e9 (les quartiers, les commerces et la signalisation sont souvent bilingues). La vie quotidienne est anim\u00e9e par une ambiance de f\u00eate\u00a0: la musique mariachi et conjunto est courante, et la cuisine tex-mex (tacos, enchiladas, poitrine de b\u0153uf) est omnipr\u00e9sente. L&#039;un des \u00e9v\u00e9nements les plus marquants de la ville est la Fiesta San Antonio, une c\u00e9l\u00e9bration culturelle et historique qui a lieu chaque printemps (c&#039;est l&#039;\u00e9v\u00e9nement phare de la ville). De nombreux habitants portent des chapeaux de cow-boy, profitent de barbecues en famille et assistent \u00e0 des rod\u00e9os et \u00e0 des spectacles de musique tejano.<\/p>\n<p>C\u00f4t\u00e9 style, les habitants de San Antonio sont conviviaux et d\u00e9contract\u00e9s. Un fort sentiment de communaut\u00e9 r\u00e8gne dans ses nombreux quartiers (Alamo Heights, Southtown, King William, etc.). Les \u00e9glises (catholiques et protestantes) et les centres communautaires constituent des points de convergence. En raison de la chaleur, la vie ici s&#039;articule souvent autour d&#039;activit\u00e9s nocturnes ou d&#039;espaces climatis\u00e9s\u00a0; les terrasses de caf\u00e9s sont tr\u00e8s pris\u00e9es le soir. La River Walk elle-m\u00eame est une v\u00e9ritable \u00ab\u00a0oasis urbaine\u00a0\u00bb o\u00f9 l&#039;on se retrouve pour d\u00eener et fl\u00e2ner. Dans l&#039;ensemble, la ville allie son h\u00e9ritage tejano \u00e0 la vigueur moderne texane. \u00c0 titre d&#039;exemple, San Antonio est l&#039;une des 26 villes cr\u00e9atives de gastronomie de l&#039;UNESCO (r\u00e9compens\u00e9e en 2017), un clin d&#039;\u0153il \u00e0 son excellence culinaire.<\/p>\n<p><strong>Principales attractions :<\/strong><\/p>\n<ul>\n<li><strong>L&#039;Alamo (Missions de San Antonio)<\/strong> \u2013 La mission de San Antonio de Valero (\u00ab l&#039;Alamo \u00bb) est le monument le plus c\u00e9l\u00e8bre du Texas. Pr\u00e9serv\u00e9e depuis le XVIIIe si\u00e8cle, elle est visit\u00e9e par plus de deux millions de personnes par an et constitue la principale attraction touristique. \u00c0 proximit\u00e9 se trouvent quatre autres missions espagnoles (Concepci\u00f3n, San Jos\u00e9, San Juan et Espada) le long du sentier des missions\u00a0; ensemble, ces cinq missions (y compris l&#039;Alamo) forment le <strong>Parc historique national des missions de San Antonio<\/strong>, un site class\u00e9 au patrimoine mondial de l&#039;UNESCO. Les visites \u00e0 pied donnent vie \u00e0 l&#039;histoire coloniale.<\/li>\n<li><strong>Promenade le long de la rivi\u00e8re San Antonio<\/strong> \u2013 Un cours d&#039;eau paysager, compos\u00e9 de passerelles et de ponts de pierre, longe la rivi\u00e8re San Antonio et traverse le centre-ville. Bord\u00e9 de caf\u00e9s, de restaurants, de boutiques et d&#039;h\u00f4tels, il offre un contraste pittoresque avec la chaleur texane. Une promenade en bateau sur la River Walk est une exp\u00e9rience touristique pris\u00e9e. Souvent d\u00e9crite comme l&#039;\u00e2me de la ville, la River Walk offre un cadre id\u00e9al pour passer un apr\u00e8s-midi \u00e0 d\u00eener et fl\u00e2ner le long de la paisible rivi\u00e8re.<\/li>\n<li><strong>La Tour des Am\u00e9riques<\/strong> \u2013 Une tour d&#039;observation de 238 m\u00e8tres de haut, construite pour l&#039;Exposition universelle de 1968, offrant une vue panoramique sur San Antonio depuis une plateforme d&#039;observation et un restaurant tournant au sommet. Elle tr\u00f4ne fi\u00e8rement dans le parc Hemisfair, au centre-ville.<\/li>\n<li><strong>SeaWorld San Antonio et Six Flags Fiesta Texas<\/strong> \u2013 Parcs d&#039;attractions familiaux. SeaWorld (\u00e0 l&#039;ouest de San Antonio) propose des spectacles de mammif\u00e8res marins et des aquariums. Six Flags Fiesta Texas (au nord-ouest) propose des montagnes russes et des man\u00e8ges. Ces deux attractions comptent parmi les plus pris\u00e9es de la r\u00e9gion, tant pour les enfants que pour les amateurs de sensations fortes.<\/li>\n<li><strong>Place du March\u00e9 (Le March\u00e9)<\/strong> \u2013 La place historique du march\u00e9, au sud du centre-ville, est le plus grand march\u00e9 mexicain des \u00c9tats-Unis. Ouverte tous les jours, c&#039;est une place color\u00e9e abritant des stands d&#039;artisanat et des restaurants. Les vendeurs proposent des pi\u00f1atas, des sombreros, des confiseries mexicaines et des objets artisanaux, reflet de la forte culture hispanique de San Antonio.<\/li>\n<li><strong>Parc historique national des missions de San Antonio<\/strong> (voir Alamo ci-dessus) \u2013 Outre la mission du centre-ville, le parc comprend les missions Concepci\u00f3n, San Jos\u00e9, San Juan et Espada. Celles-ci sont magnifiquement pr\u00e9serv\u00e9es, notamment la mission Concepci\u00f3n (avec ses fresques originales). Plus calmes que l&#039;Alamo, elles sont tout aussi importantes historiquement.<\/li>\n<li><strong>Autres points forts :<\/strong> Le zoo de San Antonio dans le parc Brackenridge, le mus\u00e9e Witte (sciences, histoire, culture) et le parc historique de Brackenridge (qui abrite les jardins de th\u00e9 japonais). Le palais historique du gouverneur espagnol, situ\u00e9 en centre-ville, est l&#039;un des plus anciens b\u00e2timents du Texas. \u00c0 ne pas manquer \u00e9galement, si votre visite co\u00efncide avec ces p\u00e9riodes de l&#039;ann\u00e9e, la River Parade et les \u00e9v\u00e9nements FIESTA.<\/li>\n<\/ul>\n<p><strong>Aper\u00e7u pratique :<\/strong><\/p>\n<ul>\n<li><strong>Comment s&#039;y rendre :<\/strong> L&#039;a\u00e9roport international de San Antonio (SAT) dessert la ville et propose des vols en provenance de tous les \u00c9tats-Unis. Il se trouve au nord du centre-ville (\u00e0 environ 16 km). Les autoroutes I-35, I-10 et I-37 convergent autour de San Antonio, la rendant accessible en voiture depuis toutes les directions (Dallas\/Houston via l&#039;I-35, Austin via l&#039;I-35 Nord, etc.). Les bus Greyhound et Amtrak (Sunset Limited) desservent \u00e9galement le centre-ville. Le centre-ville est \u00e0 quelques heures de route au sud d&#039;Austin et au sud-ouest de Houston.<\/li>\n<li><strong>Se d\u00e9placer :<\/strong> Le r\u00e9seau de transport local de San Antonio est exploit\u00e9 par VIA Metropolitan Transit (bus et un nouveau r\u00e9seau de bus express). La ville \u00e9tant vaste, la plupart des visiteurs utilisent la voiture ou le covoiturage. Le centre-ville et le quartier d&#039;Alamo sont compacts et accessibles \u00e0 pied. Taxis, Uber\/Lyft et navettes h\u00f4teli\u00e8res sont facilement accessibles. (Remarque\u00a0: San Antonio ne dispose pas encore de train de banlieue ni de m\u00e9tro l\u00e9ger, bien qu&#039;un projet soit en cours.)<\/li>\n<li><strong>Conseils de base :<\/strong> La monnaie locale est le dollar am\u00e9ricain. L&#039;anglais est parl\u00e9 partout, mais l&#039;espagnol vous sera \u00e9galement utile (la signalisation et les menus sont g\u00e9n\u00e9ralement bilingues). L&#039;\u00e9tiquette texane\u00a0: comme dans le Sud, les gens sont polis et disent \u00ab\u00a0Madame\u00a0\u00bb et \u00ab\u00a0Monsieur\u00a0\u00bb. Un pourboire (15 \u00e0 20\u00a0%) est de mise dans les restaurants. Compte tenu de la chaleur, hydratez-vous et appliquez de la cr\u00e8me solaire en \u00e9t\u00e9. San Antonio est g\u00e9n\u00e9ralement s\u00fbre dans les zones touristiques, mais comme toujours, m\u00e9fiez-vous des pickpockets dans les endroits bond\u00e9s. De nombreux habitants et commer\u00e7ants sont amicaux\u00a0; une br\u00e8ve salutation espagnole (\u00ab\u00a0Buenos d\u00edas\u00a0\u00bb) est toujours appr\u00e9ci\u00e9e.<a href=\"https:\/\/travelshelper.com\/fr\/destinations\/amerique-du-nord\/etats-unis-damerique\/berkeley-springs\/\" target=\"_self\" aria-labelledby=\"uael-post-8997\"><br \/>\n<\/a><\/li>\n<\/ul>","protected":false},"excerpt":{"rendered":"<p>San Antonio, anciennement connue sous le nom de \u00ab\u00a0ville de San Antonio\u00a0\u00bb, est une ville dynamique et historiquement importante situ\u00e9e au Texas. Avec une population de 2,6 millions d&#039;habitants selon le recensement am\u00e9ricain de 2020, cette ville, la plus peupl\u00e9e du Grand San Antonio, se classe au troisi\u00e8me rang des agglom\u00e9rations du Texas et au 24e rang des \u00c9tats-Unis. Apr\u00e8s Houston, c&#039;est la deuxi\u00e8me ville la plus peupl\u00e9e du Texas\u00a0; elle est le si\u00e8ge du comt\u00e9 de Bexar et se classe au septi\u00e8me rang des villes des \u00c9tats-Unis, et au deuxi\u00e8me rang des villes du Sud.<\/p>","protected":false},"author":1,"featured_media":4038,"parent":8072,"menu_order":0,"comment_status":"closed","ping_status":"closed","template":"elementor_theme","meta":{"_eb_attr":"","footnotes":""},"class_list":["post-8365","page","type-page","status-publish","has-post-thumbnail"],"_links":{"self":[{"href":"https:\/\/travelshelper.com\/fr\/wp-json\/wp\/v2\/pages\/8365","targetHints":{"allow":["GET"]}}],"collection":[{"href":"https:\/\/travelshelper.com\/fr\/wp-json\/wp\/v2\/pages"}],"about":[{"href":"https:\/\/travelshelper.com\/fr\/wp-json\/wp\/v2\/types\/page"}],"author":[{"embeddable":true,"href":"https:\/\/travelshelper.com\/fr\/wp-json\/wp\/v2\/users\/1"}],"replies":[{"embeddable":true,"href":"https:\/\/travelshelper.com\/fr\/wp-json\/wp\/v2\/comments?post=8365"}],"version-history":[{"count":0,"href":"https:\/\/travelshelper.com\/fr\/wp-json\/wp\/v2\/pages\/8365\/revisions"}],"up":[{"embeddable":true,"href":"https:\/\/travelshelper.com\/fr\/wp-json\/wp\/v2\/pages\/8072"}],"wp:featuredmedia":[{"embeddable":true,"href":"https:\/\/travelshelper.com\/fr\/wp-json\/wp\/v2\/media\/4038"}],"wp:attachment":[{"href":"https:\/\/travelshelper.com\/fr\/wp-json\/wp\/v2\/media?parent=8365"}],"curies":[{"name":"wp","href":"https:\/\/api.w.org\/{rel}","templated":true}]}}