{"id":8356,"date":"2024-09-03T18:11:00","date_gmt":"2024-09-03T18:11:00","guid":{"rendered":"https:\/\/travelshelper.com\/staging\/?page_id=8356"},"modified":"2026-03-13T18:15:46","modified_gmt":"2026-03-13T18:15:46","slug":"seattle","status":"publish","type":"page","link":"https:\/\/travelshelper.com\/fr\/destinations\/north-america\/united-states\/seattle\/","title":{"rendered":"Seattle"},"content":{"rendered":"<p>Seattle, dans l&#039;\u00c9tat de Washington, est la plus grande ville du Nord-Ouest Pacifique. Sa population s&#039;\u00e9levait \u00e0 environ 780\u00a0000 habitants en 2024, et l&#039;agglom\u00e9ration de Seattle comptait environ 4,02 millions d&#039;habitants (15e rang des \u00c9tats-Unis). La ville conna\u00eet une croissance rapide (plus de 20\u00a0% de croissance entre 2010 et 2020). Seattle est plus diversifi\u00e9e que de nombreuses villes am\u00e9ricaines\u00a0: environ 60\u00a0% de ses habitants sont blancs non hispaniques, environ 17\u00a0% asiatiques, et on y trouve d&#039;importantes communaut\u00e9s noires, hispaniques et multiraciales. Les m\u00e9nages sont prosp\u00e8res\u00a0: le revenu m\u00e9dian est bien sup\u00e9rieur \u00e0 la moyenne nationale (environ 122\u00a0000\u00a0$), ce qui refl\u00e8te la vigueur de l&#039;\u00e9conomie de Seattle. En effet, le PIB de la r\u00e9gion s&#039;\u00e9levait \u00e0 environ 518\u00a0milliards de dollars (2022), soutenu par de grandes entreprises. Sept entreprises du Fortune\u00a0500 ont leur si\u00e8ge social \u00e0 Seattle, notamment Amazon, Starbucks, Nordstrom, Expedia et Zillow, et les banlieues voisines accueillent d&#039;autres entreprises comme Microsoft et Boeing. Amazon et Boeing en particulier ont d\u00e9fini l&#039;\u00e9conomie moderne de Seattle, tandis que le port de Seattle reste l&#039;un des ports du Pacifique les plus fr\u00e9quent\u00e9s d&#039;Am\u00e9rique du Nord.<\/p>\n<p>Les habitants de Seattle b\u00e9n\u00e9ficient d&#039;un co\u00fbt de la vie parmi les plus \u00e9lev\u00e9s du pays (les prix de l&#039;immobilier se classent parmi les plus \u00e9lev\u00e9s des villes am\u00e9ricaines), mais aussi de revenus moyens parmi les plus \u00e9lev\u00e9s. Sa main-d&#039;\u0153uvre instruite et ses entreprises mondiales (Amazon est le deuxi\u00e8me plus grand distributeur mondial) contribuent au dynamisme de son \u00e9conomie. Cette prosp\u00e9rit\u00e9 se traduit par une offre abondante d&#039;\u00e9quipements et de services publics. La population de Seattle est plut\u00f4t jeune (\u00e2ge m\u00e9dian au milieu de la trentaine) et instruite. La ville est connue pour sa forte population de professionnels et d&#039;innovateurs du secteur technologique\u00a0; elle est le berceau ou le p\u00f4le de croissance d&#039;entreprises comme Microsoft, Amazon et de nombreuses start-up. En r\u00e9sum\u00e9, Seattle est une grande ville \u00e0 la diversit\u00e9 ethnique, dot\u00e9e d&#039;une \u00e9conomie high-tech et a\u00e9rospatiale en plein essor et de revenus moyens \u00e9lev\u00e9s, entour\u00e9e d&#039;une nature luxuriante.<\/p>\n<p>Seattle se situe sur le continent nord-am\u00e9ricain, le long de la c\u00f4te ouest du Pacifique des \u00c9tats-Unis. Elle se trouve \u00e0 l&#039;extr\u00eame nord-ouest de l&#039;\u00c9tat de Washington, sur un isthme entre Puget Sound et le lac Washington. G\u00e9ographiquement, le c\u0153ur de la ville chevauche la baie Elliott, une anse du Puget Sound. Le relief environnant est spectaculaire\u00a0: \u00e0 l&#039;ouest, les collines escarp\u00e9es et les for\u00eats de conif\u00e8res de la p\u00e9ninsule Olympique se dressent, et \u00e0 l&#039;est, les sommets de la cha\u00eene des Cascades (le mont Rainier culmine \u00e0 plus de 4\u00a0200 m\u00e8tres, \u00e0 environ 96\u00a0km au sud-est). Les gratte-ciel du centre-ville se regroupent le long du front de mer, mais de nombreux points de vue sur la ville permettent d&#039;apercevoir l&#039;eau et les montagnes encadrant l&#039;horizon. Le climat de Seattle est r\u00e9put\u00e9 pour sa douceur maritime\u00a0: les hivers sont frais, longs et humides, tandis que les \u00e9t\u00e9s sont chauds et g\u00e9n\u00e9ralement secs. Il fait rarement extr\u00eamement froid ou chaud. En pratique, cela se traduit par des hivers pluvieux et gris, avec de la bruine (environ 150 jours de pluie mesurable par an) et des journ\u00e9es courtes et ensoleill\u00e9es, tandis que les \u00e9t\u00e9s (juillet-septembre) sont g\u00e9n\u00e9ralement ensoleill\u00e9s, avec des temp\u00e9ratures souvent comprises entre 21 et 27 \u00b0C. La neige est occasionnelle en ville, mais les montagnes voisines re\u00e7oivent d&#039;importantes chutes de neige (souvent des centaines de centim\u00e8tres par saison), permettant des activit\u00e9s de plein air toute l&#039;ann\u00e9e. Globalement, Seattle b\u00e9n\u00e9ficie d&#039;un environnement luxuriant et temp\u00e9r\u00e9, avec des for\u00eats de conif\u00e8res et une douce brise oc\u00e9anique\u00a0; les visiteurs remarquent souvent qu&#039;ils peuvent apercevoir le mont Rainier par temps clair.<\/p>\n<p>L&#039;histoire de Seattle a commenc\u00e9 il y a longtemps avec les villages de p\u00eacheurs am\u00e9rindiens (les Duwamish et d&#039;autres peuples) le long du Puget Sound. L&#039;\u00e8re moderne de la ville remonte au milieu du XIXe si\u00e8cle. En 1851, le groupe Denny (les premiers pionniers) d\u00e9barqua \u00e0 Alki Point, puis se relocalisa \u00e0 l&#039;est, \u00e0 Elliott Bay, fondant \u00ab\u00a0Seattle\u00a0\u00bb (du nom d&#039;un chef am\u00e9rindien local) en 1852. Les premi\u00e8res industries furent l&#039;exploitation foresti\u00e8re et la construction navale, tirant parti des vastes for\u00eats et du port en eau profonde. La ru\u00e9e vers l&#039;or en Alaska dans les ann\u00e9es 1890 fit de Seattle une ville-porte et, en 1909, elle accueillit l&#039;Exposition universelle Alaska-Yukon-Pacifique, stimulant ainsi la croissance du campus du quartier universitaire. Un essor consid\u00e9rable eut lieu en 1962 lorsque la ville organisa l&#039;Exposition universelle Century 21, qui laissa en h\u00e9ritage la Space Needle, la tour d&#039;observation embl\u00e9matique de la ville, et le monorail a\u00e9rien. Cette \u00e8re d&#039;optimisme a \u00e9t\u00e9 suivie par l&#039;essor de l&#039;industrie et de la technologie\u00a0: l&#039;a\u00e9rospatiale (Boeing dominait au milieu du si\u00e8cle) et, plus tard, les logiciels. Dans les ann\u00e9es\u00a01970 et\u00a01980, des entreprises comme Microsoft (fond\u00e9e \u00e0 proximit\u00e9 de Redmond) puis Amazon (fond\u00e9e en centre-ville en\u00a01994) ont transform\u00e9 Seattle en une puissance technologique. Ces entreprises ont attir\u00e9 une main-d&#039;\u0153uvre diversifi\u00e9e et une attention internationale. Ces derni\u00e8res d\u00e9cennies, la ville a continu\u00e9 d&#039;\u00e9voluer\u00a0: les industries technologiques et biotechnologiques ont explos\u00e9, le commerce international via le port s&#039;est d\u00e9velopp\u00e9 et le d\u00e9veloppement urbain a remodel\u00e9 les quartiers (par exemple, South Lake Union abrite des immeubles de bureaux). Durant tout ce temps, Seattle a su allier ses racines pionni\u00e8res \u00e0 l&#039;innovation. Par exemple, la construction de la Space Needle pour l&#039;exposition universelle de\u00a01962 demeure un motif de fiert\u00e9 locale, symbolisant la vision de la ville de cette \u00e9poque.<\/p>\n<p>Le caract\u00e8re culturel de Seattle est un m\u00e9lange de libert\u00e9, de libert\u00e9 et d&#039;\u00e9nergie urbaine. La langue dominante est l&#039;anglais, refl\u00e9tant la majorit\u00e9 anglo-am\u00e9ricaine de la ville, mais on y entend de nombreuses autres langues\u00a0: le vietnamien, le mandarin, l&#039;espagnol et le somali sont courants dans les quartiers. La culture de Seattle valorise \u00e0 la fois l&#039;ambition technologique et l&#039;amour de la nature. Vous verrez des professionnels en tenue d\u00e9contract\u00e9e (vestes Patagonia, tasses \u00e0 caf\u00e9 \u00e0 la main) se d\u00e9placer en centre-ville, et des kayakistes et des cyclistes partager la route par beau temps. La \u00ab\u00a0culture du caf\u00e9\u00a0\u00bb est omnipr\u00e9sente\u00a0: Seattle est c\u00e9l\u00e8bre pour son obsession pour le caf\u00e9, avec Starbucks et d&#039;innombrables caf\u00e9s ind\u00e9pendants. Grains de caf\u00e9 fra\u00eechement torr\u00e9fi\u00e9s et latte art artisanal sont des sc\u00e8nes quotidiennes. La musique et les arts occupent une place particuli\u00e8re dans la vie locale. Les racines jazz historiques de la ville (les clubs de Jackson Street) ont finalement c\u00e9d\u00e9 la place \u00e0 son r\u00f4le de berceau du grunge rock dans les ann\u00e9es\u00a01990\u00a0; des groupes de Seattle comme Nirvana et Pearl Jam ont marqu\u00e9 toute une g\u00e9n\u00e9ration. Aujourd&#039;hui, la musique live est omnipr\u00e9sente\u00a0: les pubs de quartier organisent des soir\u00e9es open mic, le Benaroya Hall accueille des concerts symphoniques et des salles comme Neumos ou The Crocodile accueillent des groupes ind\u00e9pendants en tourn\u00e9e. Chaque printemps, le Festival international du film de Seattle (un \u00e9v\u00e9nement majeur) a lieu, et l&#039;\u00e9t\u00e9, des foires culturelles de rue presque tous les week-ends dans diff\u00e9rents quartiers. Par exemple, le week-end du Memorial Day, on peut assister au Northwest Folklife Festival (musique et danse folkloriques sur le campus universitaire) et au Seafair (courses et d\u00e9fil\u00e9s d&#039;hydravions) en juillet. Les marches des fiert\u00e9s, les festivals de rue ethniques (comme le festival du Nouvel An lunaire de Chinatown) et le festival artistique Bumbershoot de la f\u00eate du Travail attirent tous des foules immenses.<\/p>\n<p>Ici, la vie quotidienne est pragmatique, faite de travail acharn\u00e9 et de loisirs intenses. Le Seattleite typique est poli, mais parfois r\u00e9serv\u00e9 \u2013 une \u00e9preuve de patience chez le m\u00e9decin peut \u00eatre courante \u2013 mais amical une fois qu&#039;on se conna\u00eet. Les d\u00e9placements domicile-travail sont souvent embouteill\u00e9s ou empruntent les transports en commun (beaucoup empruntent le tramway Link, les bus et les ferries), ce qui permet aux habitants de se r\u00e9server du temps pour lire ou boire un caf\u00e9. Apr\u00e8s le travail, il est courant de voir des gens faire de l&#039;exercice (courir sur le Green Lake, s&#039;entra\u00eener dans une salle d&#039;escalade ou un studio de yoga local), car les Seattleites appr\u00e9cient le fitness et le contact avec la nature. Le soir, les amis se retrouvent souvent pour boire un verre ou admirer le coucher de soleil sur le Sound. En r\u00e9sum\u00e9, Seattle est urbaine et innovante pendant la journ\u00e9e, mais lorsque le soleil se couche (et se couche sur les toits), elle conserve une ambiance d\u00e9contract\u00e9e et en plein air, reflet de son environnement verdoyant.<\/p>\n<p>Seattle regorge de sites incontournables. Le plus embl\u00e9matique est la Space Needle (achev\u00e9e en 1962), une tour d&#039;observation de 183 m\u00e8tres de haut offrant une vue \u00e0 360\u00b0 sur le centre-ville et les montagnes (particuli\u00e8rement magnifique par temps clair). La Needle est le point d&#039;ancrage du Seattle Center, qui abrite \u00e9galement le Museum of Pop Culture (MoPOP) et le Chihuly Garden &amp; Glass, situ\u00e9 \u00e0 proximit\u00e9. \u00c0 proximit\u00e9 se trouvent la station historique du monorail (construite pour l&#039;exposition) et l&#039;IMAX Pacific Science Center. Le march\u00e9 de Pike Place, en centre-ville, est un autre p\u00f4le d&#039;attraction touristique\u00a0: un march\u00e9 anim\u00e9 de poissons et fruits de mer ouvert depuis 1907, connu pour ses poissonneries \u00ab\u00a0flying fish\u00a0\u00bb, ses \u00e9tals de fleurs et le Starbucks d&#039;origine. \u00c0 proximit\u00e9 se trouvent le front de mer et l&#039;aquarium de Seattle. Le long de la rue artistique du centre-ville se trouve le Seattle Art Museum (SAM) avec son Olympic Sculpture Park (ext\u00e9rieur, entr\u00e9e gratuite, surplombant le Puget Sound). Pioneer Square, le quartier historique de Seattle, abrite des b\u00e2timents en briques du XIXe si\u00e8cle, des galeries d&#039;art et l&#039;unique Underground Tour (visite de boutiques enterr\u00e9es). Parmi les autres attractions incontournables, citons le Mus\u00e9e d&#039;Histoire et d&#039;Industrie (MOHAI) au bord du lac Union, le b\u00e2timent futuriste EMP (MoPOP) et la biblioth\u00e8que publique de Seattle (une merveille architecturale). Les attractions naturelles ne sont jamais loin\u00a0: la plupart des visiteurs ne manquent pas une travers\u00e9e en ferry jusqu&#039;\u00e0 Bainbridge Island pour admirer la vue sur la ville depuis un caf\u00e9, ou une petite excursion \u00e0 Kerry Park sur Queen Anne Hill pour un panorama digne d&#039;une carte postale (Space Needle en face, le mont Rainier en arri\u00e8re-plan). Pour les amateurs de sport, le CenturyLink Field (Lumen) et le T-Mobile Park accueillent les matchs des Seahawks, des Sounders et des Mariners toute l&#039;ann\u00e9e. En bref, les attractions de Seattle vont de l&#039;art et de l&#039;architecture urbains aux march\u00e9s authentiques, en passant par un acc\u00e8s facile aux eaux et aux montagnes.<\/p>\n<p>L&#039;a\u00e9roport international de Seattle-Tacoma (SEA, commun\u00e9ment appel\u00e9 Sea-Tac) est la principale porte d&#039;entr\u00e9e, avec des vols en provenance du monde entier. L&#039;a\u00e9roport Boeing Field (King County Airport), plus petit, g\u00e8re \u00e9galement une partie du trafic commercial et priv\u00e9. Seattle est reli\u00e9e par l&#039;Interstate 5 (du nord au sud le long de la ville) et l&#039;I-90 (de l&#039;est vers Bellevue et au-del\u00e0). Le r\u00e9seau national d&#039;Amtrak s&#039;arr\u00eate \u00e0 la gare de King Street, en centre-ville\u00a0; la ligne Cascades dessert Vancouver (C.-B.) et la ligne Starlight relie Los Angeles. Des ferries partent de Colman Dock, en centre-ville, pour Bainbridge et Bremerton.<\/p>\n<p>Seattle dispose de nombreux transports en commun. Le tramway Link relie North Seattle \u00e0 l&#039;a\u00e9roport et \u00e0 Federal Way, avec des extensions prochainement ouvertes jusqu&#039;\u00e0 Bellevue. Les bus (King County Metro et Sound Transit) desservent une grande partie de la ville. Un monorail (construit en 1962) relie le centre-ville au Seattle Center. Le r\u00e9seau routier est vallonn\u00e9 \u2013 par exemple, Capitol Hill et Queen Anne s&#039;\u00e9l\u00e8vent abruptement depuis le centre-ville \u2013 mais le centre-ville lui-m\u00eame est facilement accessible \u00e0 pied (en particulier le corridor de la 1re \u00e0 la 3e Avenue). La ville est \u00e9galement tr\u00e8s propice au v\u00e9lo gr\u00e2ce \u00e0 de nombreuses pistes cyclables et au sentier Burke-Gilman qui longe le lac Washington. La voiture est possible, mais soyez pr\u00eat \u00e0 affronter les embouteillages, notamment sur l&#039;I-5 aux heures de pointe. Les taxis et les covoiturages sont nombreux. Les ferries vers les \u00eeles voisines et les ferries traversant le Sound (par exemple, vers Kingston) constituent un mode de transport important.<\/p>\n<p>La monnaie est le dollar am\u00e9ricain et la langue anglaise. Seattle est r\u00e9put\u00e9e pour sa tol\u00e9rance et son ouverture d&#039;esprit\u00a0; il est courant d&#039;y rencontrer des personnes d&#039;origines et d&#039;opinions politiques diverses. Le pourboire au restaurant est d&#039;usage (15 \u00e0 20\u00a0%). L&#039;\u00e9tiquette suit les normes urbaines am\u00e9ricaines\u00a0: portes ouvertes, bref contact visuel et un signe de t\u00eate ou un \u00ab\u00a0bonjour\u00a0\u00bb dans la rue, politesse \u00e0 table. C\u00f4t\u00e9 s\u00e9curit\u00e9, Seattle est relativement s\u00fbre dans les zones touristiques, mais prenez les pr\u00e9cautions habituelles la nuit (restez dans les zones bien \u00e9clair\u00e9es, surveillez vos objets de valeur). Les hivers peuvent \u00eatre maussades et parfois glacials, alors pr\u00e9voyez plusieurs couches de v\u00eatements. Les habitants s&#039;habillent souvent en couches et dans des styles d\u00e9contract\u00e9s (jeans, pulls, imperm\u00e9ables, etc.).<a href=\"https:\/\/travelshelper.com\/fr\/destinations\/amerique-du-nord\/etats-unis-damerique\/berkeley-springs\/\" target=\"_self\" aria-labelledby=\"uael-post-8997\"><br \/>\n<\/a><\/p>","protected":false},"excerpt":{"rendered":"<p>Situ\u00e9e sur la c\u00f4te ouest des \u00c9tats-Unis, Seattle est une ville portuaire dynamique. Avec une population de 755\u00a0078 habitants en 2023, Seattle est la ville la plus peupl\u00e9e du Nord-Ouest Pacifique de l&#039;Am\u00e9rique du Nord et de l&#039;\u00c9tat de Washington. Le comt\u00e9 de King, dans l&#039;\u00c9tat de Washington, y est situ\u00e9. Elle se classe au 18e rang des villes am\u00e9ricaines les plus peupl\u00e9es. Avec une population de 4,02 millions d&#039;habitants, l&#039;agglom\u00e9ration de Seattle se classe au 15e rang des agglom\u00e9rations du pays. Parmi les grandes villes \u00e0 la croissance la plus rapide du pays, Seattle affiche une croissance d\u00e9mographique exceptionnelle de 21,1 % entre 2010 et 2020.<\/p>","protected":false},"author":1,"featured_media":4370,"parent":8072,"menu_order":0,"comment_status":"closed","ping_status":"closed","template":"elementor_theme","meta":{"_eb_attr":"","footnotes":""},"class_list":["post-8356","page","type-page","status-publish","has-post-thumbnail"],"_links":{"self":[{"href":"https:\/\/travelshelper.com\/fr\/wp-json\/wp\/v2\/pages\/8356","targetHints":{"allow":["GET"]}}],"collection":[{"href":"https:\/\/travelshelper.com\/fr\/wp-json\/wp\/v2\/pages"}],"about":[{"href":"https:\/\/travelshelper.com\/fr\/wp-json\/wp\/v2\/types\/page"}],"author":[{"embeddable":true,"href":"https:\/\/travelshelper.com\/fr\/wp-json\/wp\/v2\/users\/1"}],"replies":[{"embeddable":true,"href":"https:\/\/travelshelper.com\/fr\/wp-json\/wp\/v2\/comments?post=8356"}],"version-history":[{"count":0,"href":"https:\/\/travelshelper.com\/fr\/wp-json\/wp\/v2\/pages\/8356\/revisions"}],"up":[{"embeddable":true,"href":"https:\/\/travelshelper.com\/fr\/wp-json\/wp\/v2\/pages\/8072"}],"wp:featuredmedia":[{"embeddable":true,"href":"https:\/\/travelshelper.com\/fr\/wp-json\/wp\/v2\/media\/4370"}],"wp:attachment":[{"href":"https:\/\/travelshelper.com\/fr\/wp-json\/wp\/v2\/media?parent=8356"}],"curies":[{"name":"wp","href":"https:\/\/api.w.org\/{rel}","templated":true}]}}