{"id":8347,"date":"2024-09-03T16:48:42","date_gmt":"2024-09-03T16:48:42","guid":{"rendered":"https:\/\/travelshelper.com\/staging\/?page_id=8347"},"modified":"2026-03-13T18:07:24","modified_gmt":"2026-03-13T18:07:24","slug":"saint-louis","status":"publish","type":"page","link":"https:\/\/travelshelper.com\/fr\/destinations\/north-america\/united-states\/saint-louis\/","title":{"rendered":"Saint-Louis"},"content":{"rendered":"<p>Saint-Louis, dans le Missouri, s&#039;\u00e9tend le long de la rive ouest du puissant fleuve Mississippi. Le point central de la skyline est l&#039;\u00e9tincelante Gateway Arch, un monument en acier inoxydable de 190 m\u00e8tres de haut qui s&#039;\u00e9l\u00e8ve au-dessus du centre-ville. Les berges et les falaises forment un d\u00e9cor majestueux, et le quadrillage urbain s&#039;\u00e9tend du fleuve vers l&#039;est. Saint-Louis est \u00e0 la fois d\u00e9contract\u00e9e et anim\u00e9e\u00a0: on y retrouve la chaleur du Midwest, mais aussi une certaine fiert\u00e9 li\u00e9e \u00e0 son pass\u00e9 historique de porte d&#039;entr\u00e9e de l&#039;Ouest et de p\u00f4le culturel. Saint-Louis est \u00e0 la crois\u00e9e de multiples identit\u00e9s \u2013 racines coloniales fran\u00e7aises, immigrants allemands, puis essor industriel et scientifique \u2013 qui se refl\u00e8tent dans son architecture et ses quartiers.<\/p>\n<p>Saint-Louis est une ville ind\u00e9pendante du Missouri (elle ne fait partie d&#039;aucun comt\u00e9). Sa population avoisine les 300\u00a0000 habitants, mais elle a r\u00e9cemment l\u00e9g\u00e8rement diminu\u00e9\u00a0; par exemple, elle \u00e9tait de 293\u00a0109 habitants en 2023 (contre environ 300\u00a0000 en 2020). La ville est presque \u00e9galement r\u00e9partie entre r\u00e9sidents blancs et afro-am\u00e9ricains. En 2023, environ 44,4\u00a0% des citoyens de Saint-Louis sont blancs (non hispaniques) et 42,9\u00a0% sont noirs (non hispaniques). Les autres groupes comprennent 5\u00a0% d&#039;Hispaniques et quelques pour cent d&#039;Asiatiques et de personnes multiraciales. Le revenu m\u00e9dian des m\u00e9nages est modeste (environ 48\u00a0000\u00a0$), refl\u00e9tant la mixit\u00e9 de la ville entre quartiers populaires et quartiers professionnels.<\/p>\n<p>Sur le plan \u00e9conomique, la r\u00e9gion de Saint-Louis est importante. Le produit int\u00e9rieur brut du Grand Saint-Louis s&#039;\u00e9levait \u00e0 environ 209,9 milliards de dollars en 2022. L&#039;\u00e9conomie locale est diversifi\u00e9e\u00a0: elle est depuis longtemps forte dans les secteurs des services, de l&#039;industrie manufacturi\u00e8re, du commerce et des transports, ainsi que de l&#039;a\u00e9rospatiale et de la d\u00e9fense. Les principaux secteurs d&#039;activit\u00e9 comprennent la sant\u00e9, la finance, les biosciences et les services aux entreprises. Saint-Louis abrite 16 entreprises du Fortune 1000 (dont six du Fortune 500). Parmi les entreprises les plus importantes, on compte Boeing Defense (a\u00e9ronautique), Enterprise Holdings (location de voitures) et des soci\u00e9t\u00e9s financi\u00e8res comme Edward Jones et Ameren. De plus, les emplois gouvernementaux et f\u00e9d\u00e9raux sont importants (la Banque de r\u00e9serve f\u00e9d\u00e9rale de Saint-Louis et l&#039;USDA y ont d&#039;importants bureaux).<\/p>\n<p>Saint-Louis se situe dans le Midwest am\u00e9ricain (Am\u00e9rique du Nord), dans une large boucle du Mississippi, pr\u00e8s de son confluent avec le Missouri. Elle se trouve \u00e0 l&#039;est du Missouri, \u00e0 peu pr\u00e8s au centre du continent nord-am\u00e9ricain. La ville elle-m\u00eame s&#039;\u00e9tend en grande partie sur une plaine \u00e0 environ 120 m\u00e8tres d&#039;altitude, avec des falaises (les \u00ab\u00a0collines du Mississippi\u00a0\u00bb) au sud. Le climat est subtropical humide (K\u00f6ppen Cfa)\u00a0: les \u00e9t\u00e9s sont tr\u00e8s chauds et humides, les hivers frais, voire froids. Les pluies sont r\u00e9parties de mani\u00e8re assez uniforme au printemps et en \u00e9t\u00e9, avec quelques chutes de neige en hiver. Le Mississippi charrie les eaux des crues printani\u00e8res, ce qui a historiquement influenc\u00e9 le d\u00e9veloppement de la ville.<\/p>\n<p>Saint-Louis fut fond\u00e9e le 15 f\u00e9vrier 1764 par les commer\u00e7ants de fourrures fran\u00e7ais Pierre Lacl\u00e8de et Auguste Chouteau, sur des terres que les Espagnols (alors co-contr\u00f4lants) avaient lou\u00e9es \u00e0 Lacl\u00e8de. Ils la baptis\u00e8rent en l&#039;honneur du roi de France Louis IX. Auparavant, les cultures am\u00e9rindiennes du Mississippi s&#039;y \u00e9taient d\u00e9velopp\u00e9es, et les explorateurs fran\u00e7ais Louis Joliet et Jacques Marquette y pass\u00e8rent en 1673. Saint-Louis passa de la France \u00e0 l&#039;Espagne en 1763, puis revint \u00e0 la France, et enfin aux \u00c9tats-Unis avec l&#039;achat de la Louisiane en 1803. Elle devint rapidement la porte d&#039;entr\u00e9e de l&#039;Ouest\u00a0: l&#039;exp\u00e9dition Lewis et Clark y partit en 1804. La ville connut un essor fulgurant au XIXe si\u00e8cle gr\u00e2ce au trafic de bateaux \u00e0 vapeur, au chemin de fer et \u00e0 l&#039;Exposition universelle et aux Jeux olympiques d&#039;\u00e9t\u00e9 de 1904 (\u00ab\u00a0Exposition d&#039;achat de la Louisiane\u00a0\u00bb), qui propuls\u00e8rent la ville sur la sc\u00e8ne internationale.<\/p>\n<p>Un tournant d\u00e9cisif s&#039;est produit en 1877, lorsque Saint-Louis a vot\u00e9 en faveur de sa s\u00e9paration du comt\u00e9 environnant et de son ind\u00e9pendance. Cette d\u00e9cision a limit\u00e9 les fronti\u00e8res de la ville et limit\u00e9 toute annexion, fa\u00e7onnant ainsi sa taille actuelle. Tout au long des ann\u00e9es 1800 et au d\u00e9but des ann\u00e9es 1900, la ville \u00e9tait un p\u00f4le industriel et de transport, surnomm\u00e9e \u00ab\u00a0ville-passerelle\u00a0\u00bb. Elle est \u00e9galement devenue un centre culturel majeur\u00a0; elle a notamment accueilli le compositeur de ragtime Scott Joplin et les premiers musiciens de jazz. \u00c0 l&#039;\u00e9poque moderne, Saint-Louis a connu son lot de cycles d&#039;expansion et de r\u00e9cession (d\u00e9clin industriel au milieu du XXe si\u00e8cle, suivi d&#039;une concentration sur les biotechnologies et les services). Des monuments cl\u00e9s t\u00e9moignent de son histoire, comme l&#039;embl\u00e9matique Arche (construite entre 1963 et 1965) et des quartiers historiques pr\u00e9serv\u00e9s.<\/p>\n<p>Saint-Louis refl\u00e8te un m\u00e9lange de convivialit\u00e9 du Midwest et d&#039;esprit cosmopolite. Sa culture est marqu\u00e9e par un fort h\u00e9ritage allemand (c\u00e9l\u00e9brations de l&#039;Oktoberfest dans le quartier Soulard) et des racines coloniales fran\u00e7aises. La ville abrite une importante communaut\u00e9 afro-am\u00e9ricaine, contribuant \u00e0 une musique dynamique (histoire du jazz et du blues) et \u00e0 une gastronomie (le barbecue est une sp\u00e9cialit\u00e9 locale). Les communaut\u00e9s espagnole et vietnamienne apportent une touche culturelle suppl\u00e9mentaire. Saint-Louis a notamment \u00e9t\u00e9 class\u00e9e parmi les villes les plus accueillantes pour la communaut\u00e9 LGBTQ+ du Midwest, avec des c\u00e9l\u00e9brations de la Fiert\u00e9 anim\u00e9es et une attitude ouverte de nombreux habitants.<\/p>\n<p>En termes de dialecte, l&#039;anglais est parl\u00e9 par presque tout le monde, certaines familles issues de l&#039;immigration parlant \u00e9galement espagnol, vietnamien, bosniaque, etc. Le rythme de vie est g\u00e9n\u00e9ralement mod\u00e9r\u00e9\u00a0; les habitants aiment fl\u00e2ner \u00e0 Forest Park, assister aux festivals locaux ou encourager les Cardinals lors d&#039;une rencontre de baseball. La vie en plein air est \u00e9galement appr\u00e9ci\u00e9e\u00a0: outre Forest Park, les sentiers riverains du Missouri et le Katy Trail attirent les amoureux de la nature. Comme le souligne un guide de la ville, Saint-Louis propose des \u00e9v\u00e9nements culturels tout au long de l&#039;ann\u00e9e, des concerts en plein air aux d\u00e9fil\u00e9s. Par exemple, des \u00e9v\u00e9nements phares comme le Soulard Mardi Gras, le PrideFest et les festivals de musique animent le calendrier de la ville. Le style de vie des habitants est souvent sans pr\u00e9tention\u00a0: on y d\u00e9guste des bi\u00e8res dans des brasseries, on y d\u00eene dans des tavernes chaleureuses ou on y participe \u00e0 des foires culturelles. Dans l&#039;ensemble, la ville d\u00e9gage une atmosph\u00e8re chaleureuse et familiale\u00a0: chaque quartier (comme le Old North St. Louis ou le Central West End) a son propre caract\u00e8re.<\/p>\n<p><strong>Principales attractions :<\/strong><\/p>\n<ul>\n<li><strong>Arche de la passerelle<\/strong> \u2013 Pi\u00e8ce ma\u00eetresse de Saint-Louis. Cette arche en acier inoxydable de 190 m\u00e8tres de haut couronne le centre-ville et fait partie du parc national Gateway Arch. Les visiteurs peuvent prendre le tramway jusqu&#039;\u00e0 son sommet et admirer le fleuve, la ville et au-del\u00e0. Le parc et le mus\u00e9e \u00e0 sa base t\u00e9moignent de l&#039;expansion vers l&#039;ouest. L&#039;arche est le symbole de la ville et un incontournable.<\/li>\n<li><strong>Jardin botanique du Missouri<\/strong> \u2013 L&#039;un des plus anciens jardins botaniques des \u00c9tats-Unis, mondialement connu pour ses expositions horticoles, abrite des jardins japonais, un d\u00f4me g\u00e9od\u00e9sique Climatron et de vastes serres. Lieu paisible, s&#039;inscrivant dans la tradition de la \u00ab\u00a0City Beautiful\u00a0\u00bb, il offre plantes et paysages toute l&#039;ann\u00e9e.<\/li>\n<li><strong>Saint Louis Zoo<\/strong> Situ\u00e9 \u00e0 Forest Park, ce zoo gratuit figure r\u00e9guli\u00e8rement parmi les meilleurs du pays. Il abrite des centaines d&#039;esp\u00e8ces dans des habitats soigneusement con\u00e7us. Les familles s&#039;y rendent pour admirer lions, ours, oiseaux, reptiles et bien plus encore (le tout gratuitement). L&#039;engagement du zoo en faveur de la conservation et de l&#039;\u00e9ducation du public est remarquable.<\/li>\n<li><strong>Mus\u00e9e d&#039;art et parc forestier de Saint-Louis<\/strong> \u2013 Le Mus\u00e9e d&#039;Art (\u00e9galement situ\u00e9 dans Forest Park) pr\u00e9sente une collection compl\u00e8te allant des objets \u00e9gyptiens aux peintures impressionnistes. \u00c0 proximit\u00e9 se trouvent le Mus\u00e9e d&#039;Histoire du Missouri et le Muny (un th\u00e9\u00e2tre historique en plein air). Forest Park est immense (520 hectares) et comprend des lacs et des sentiers pittoresques. Il a accueilli l&#039;Exposition universelle de 1904 et demeure un lieu de loisirs incontournable.<\/li>\n<li><strong>Mus\u00e9e de la ville<\/strong> \u2013 Une attraction unique en son genre, install\u00e9e dans une ancienne usine de chaussures. C&#039;est un terrain de jeu pour adultes et enfants, compos\u00e9 de tunnels, de toboggans et d&#039;\u00e9l\u00e9ments architecturaux originaux fabriqu\u00e9s \u00e0 partir de mat\u00e9riaux de r\u00e9cup\u00e9ration. (Couvrant six terrains de football, il est \u00ab\u00a0\u00e9trangement merveilleux\u00a0\u00bb et extr\u00eamement populaire aupr\u00e8s des familles et des amateurs d&#039;art.)<\/li>\n<li><strong>March\u00e9 fermier de Soulard et quartier historique de Soulard<\/strong> \u2013 Plus ancien march\u00e9 de producteurs \u00e0 l&#039;ouest du Mississippi, le march\u00e9 Soulard est ouvert plusieurs jours par semaine sous un pavillon en fer. Le quartier environnant de Soulard (avec ses maisons de ville en briques rouges) est r\u00e9put\u00e9 pour ses traditions fran\u00e7aises et allemandes, son architecture historique et son fort esprit communautaire. Il accueille le Soulard Mardi Gras (l&#039;une des plus grandes f\u00eates de Mardi Gras des \u00c9tats-Unis) et des concerts toute l&#039;ann\u00e9e.<\/li>\n<li><strong>Autres monuments<\/strong> Saint-Louis compte de nombreux autres sites incontournables\u00a0: la cath\u00e9drale basilique de Saint-Louis (avec son c\u00e9l\u00e8bre d\u00f4me en mosa\u00efque), le quartier historique de Laclede&#039;s Landing, au bord de l&#039;eau, la gare Union Station r\u00e9nov\u00e9e (avec un h\u00f4tel et une grande roue) et le Science Center (entr\u00e9e gratuite avec un OMNIMAX \u00e0 d\u00f4me). Le sport attire \u00e9galement les visiteurs\u00a0: assistez \u00e0 un match de baseball des Cardinals au Busch Stadium ou \u00e0 un match de hockey des Blues \u00e0 l&#039;Enterprise Center.<\/li>\n<\/ul>\n<p><strong>Aper\u00e7u pratique :<\/strong><\/p>\n<ul>\n<li><strong>Comment s&#039;y rendre :<\/strong> L&#039;a\u00e9roport international Lambert de Saint-Louis (STL) est l&#039;a\u00e9roport principal, desservi par toutes les grandes compagnies a\u00e9riennes et proposant de nombreux vols quotidiens dans tout le pays. Le m\u00e9tro l\u00e9ger MetroLink relie directement les deux terminaux de l&#039;a\u00e9roport au centre-ville de Saint-Louis (station 1 au terminal 1 et station 2 au terminal 2). Le Missouri River Runner d&#039;Amtrak dessert la ville depuis l&#039;a\u00e9roport (via une liaison bus\/train) et le centre-ville (station Gateway). Les principales autoroutes (I-70, I-64, I-55, I-44) convergent ici, facilitant ainsi l&#039;acc\u00e8s \u00e0 la ville en voiture.<\/li>\n<li><strong>Se d\u00e9placer :<\/strong> Le m\u00e9tro l\u00e9ger MetroLink et le MetroBus desservent une grande partie de la ville et du comt\u00e9. Une ligne de tramway moderne fait le tour du centre-ville et traverse le Central West End. Location de voitures, taxis et covoiturage (Uber\/Lyft) sont largement disponibles. Le centre-ville de Saint-Louis et ses environs sont relativement accessibles \u00e0 pied, mais les banlieues n\u00e9cessitent la voiture. La circulation est typique d&#039;une ville de taille moyenne\u00a0; le stationnement dans les zones populaires (centre-ville, Forest Park) peut \u00eatre limit\u00e9 aux heures de pointe.<\/li>\n<li><strong>Conseils de base :<\/strong> La monnaie est le dollar am\u00e9ricain. L&#039;anglais est universel, et l&#039;espagnol est parl\u00e9 par beaucoup (surtout dans l&#039;ouest et le sud de Saint-Louis). \u00c9tiquette\u00a0: La politesse du Midwest r\u00e8gne (on salue g\u00e9n\u00e9ralement d&#039;un signe de t\u00eate ou d&#039;une poign\u00e9e de main). Un pourboire d&#039;environ 15 \u00e0 18\u00a0% au restaurant est d&#039;usage. Comme dans toute ville, soyez attentif \u00e0 votre environnement\u00a0; certains quartiers urbains sont \u00e0 \u00e9viter la nuit. En g\u00e9n\u00e9ral, les habitants de Saint-Louis sont amicaux et directs.<a href=\"https:\/\/travelshelper.com\/fr\/destinations\/amerique-du-nord\/etats-unis-damerique\/berkeley-springs\/\" target=\"_self\" aria-labelledby=\"uael-post-8997\"><br \/>\n<\/a><\/li>\n<\/ul>","protected":false},"excerpt":{"rendered":"<p>Saint-Louis est une ville prestigieuse de l&#039;\u00c9tat am\u00e9ricain du Missouri. Id\u00e9alement situ\u00e9e au confluent du Mississippi et du Missouri, elle est depuis longtemps un centre commercial et de transit incontournable. En 2020, la ville comptait 301\u00a0570 habitants\u00a0; son aire m\u00e9tropolitaine, qui s&#039;\u00e9tend jusqu&#039;en Illinois, \u00e9tait estim\u00e9e \u00e0 plus de 2,8 millions d&#039;habitants. Elle est ainsi la deuxi\u00e8me aire m\u00e9tropolitaine la plus importante de l&#039;Illinois et la plus vaste du Missouri. De plus, sa superficie totale se classe au 20e rang des \u00c9tats-Unis.<\/p>","protected":false},"author":1,"featured_media":4727,"parent":8072,"menu_order":0,"comment_status":"closed","ping_status":"closed","template":"elementor_theme","meta":{"_eb_attr":"","footnotes":""},"class_list":["post-8347","page","type-page","status-publish","has-post-thumbnail"],"_links":{"self":[{"href":"https:\/\/travelshelper.com\/fr\/wp-json\/wp\/v2\/pages\/8347","targetHints":{"allow":["GET"]}}],"collection":[{"href":"https:\/\/travelshelper.com\/fr\/wp-json\/wp\/v2\/pages"}],"about":[{"href":"https:\/\/travelshelper.com\/fr\/wp-json\/wp\/v2\/types\/page"}],"author":[{"embeddable":true,"href":"https:\/\/travelshelper.com\/fr\/wp-json\/wp\/v2\/users\/1"}],"replies":[{"embeddable":true,"href":"https:\/\/travelshelper.com\/fr\/wp-json\/wp\/v2\/comments?post=8347"}],"version-history":[{"count":0,"href":"https:\/\/travelshelper.com\/fr\/wp-json\/wp\/v2\/pages\/8347\/revisions"}],"up":[{"embeddable":true,"href":"https:\/\/travelshelper.com\/fr\/wp-json\/wp\/v2\/pages\/8072"}],"wp:featuredmedia":[{"embeddable":true,"href":"https:\/\/travelshelper.com\/fr\/wp-json\/wp\/v2\/media\/4727"}],"wp:attachment":[{"href":"https:\/\/travelshelper.com\/fr\/wp-json\/wp\/v2\/media?parent=8347"}],"curies":[{"name":"wp","href":"https:\/\/api.w.org\/{rel}","templated":true}]}}