{"id":8341,"date":"2024-09-03T16:24:09","date_gmt":"2024-09-03T16:24:09","guid":{"rendered":"https:\/\/travelshelper.com\/staging\/?page_id=8341"},"modified":"2026-03-13T18:07:27","modified_gmt":"2026-03-13T18:07:27","slug":"portland","status":"publish","type":"page","link":"https:\/\/travelshelper.com\/fr\/destinations\/north-america\/united-states\/portland\/","title":{"rendered":"Portland"},"content":{"rendered":"<p>Portland, dans l&#039;Oregon, s&#039;\u00e9tend le long de la rivi\u00e8re Willamette, au milieu de collines verdoyantes et de montagnes basses. La silhouette de la ville est modeste, ponctu\u00e9e de tours de verre et d&#039;acier, le mont Hood \u00e9tant souvent visible \u00e0 travers les nuages \u200b\u200b\u00e0 l&#039;est. Une beaut\u00e9 sauvage, nourrie par la pluie, caract\u00e9rise les environs\u00a0; arbres et parcs c\u00f4toient des quartiers de briques et de bois. C&#039;est dans ce d\u00e9cor du Nord-Ouest Pacifique que le caract\u00e8re moderne de Portland s&#039;est forg\u00e9, un m\u00e9lange de culture urbaine et de nature sauvage.<\/p>\n<h2>Portland en chiffres<\/h2>\n<p>La population de Portland est d&#039;environ six cent mille habitants. Le recensement de 2020 a d\u00e9nombr\u00e9 652\u00a0503 habitants (contre 583\u00a0776 en 2010). Les estimations actuelles oscillent entre 620\u00a0000 et 630\u00a0000, ce qui refl\u00e8te une l\u00e9g\u00e8re baisse ces derni\u00e8res ann\u00e9es. La ville est majoritairement blanche (environ 70\u00a0%), les Am\u00e9ricains d&#039;origine asiatique (environ 8\u00a0%), les Noirs (environ 6\u00a0%) et les Hispaniques\/Latinos (environ 10\u00a0%) constituant la majeure partie du reste. L&#039;\u00e9conomie de Portland est diversifi\u00e9e\u00a0: elle b\u00e9n\u00e9ficie d&#039;un secteur technologique dynamique (parfois appel\u00e9 la \u00ab\u00a0Silicon Forest\u00a0\u00bb) et d&#039;une forte pr\u00e9sence d&#039;entreprises comme Nike, Intel et Columbia Sportswear. L&#039;industrie manufacturi\u00e8re, notamment de puces semi-conductrices et de v\u00eatements de sport, est importante. La sant\u00e9, la finance, l&#039;\u00e9ducation et une c\u00e9l\u00e8bre sc\u00e8ne culinaire et brassicole artisanale compl\u00e8tent l&#039;\u00e9conomie. Parmi les principaux employeurs figurent le gouvernement, les entreprises de haute technologie et les universit\u00e9s.<\/p>\n<h2>Emplacement<\/h2>\n<p>Portland se situe dans le nord-ouest pacifique des \u00c9tats-Unis (Am\u00e9rique du Nord), dans l&#039;\u00c9tat de l&#039;Oregon. Elle se trouve pr\u00e8s du confluent des fleuves Willamette et Columbia. La ville s&#039;\u00e9tend sur une plaine de 4,5 \u00e0 60 m\u00e8tres d&#039;altitude, bord\u00e9e de collines basses \u00e0 l&#039;ouest et \u00e0 l&#039;est. Non loin, au nord-est, s&#039;\u00e9l\u00e8ve la cha\u00eene des Cascades, dont les volcans enneig\u00e9s (notamment le mont Hood, \u00e0 80 kilom\u00e8tres) dominent l&#039;horizon par temps clair. Le climat de Portland est de type m\u00e9diterran\u00e9en \u00e0 \u00e9t\u00e9s chauds (K\u00f6ppen CSB)\u00a0: les \u00e9t\u00e9s sont chauds et secs, tandis que les hivers sont frais, humides et souvent couverts. La ville b\u00e9n\u00e9ficie de pluies abondantes en hiver, favorisant une v\u00e9g\u00e9tation luxuriante, mais les s\u00e9cheresses estivales sont fr\u00e9quentes. Les temp\u00e9ratures atteignent rarement des extr\u00eames gr\u00e2ce \u00e0 l&#039;influence maritime, bien que des vagues de chaleur ou des vagues de froid surviennent occasionnellement.<\/p>\n<h2>Aper\u00e7u historique<\/h2>\n<p>La r\u00e9gion de Portland fut d&#039;abord peupl\u00e9e par des Am\u00e9rindiens parlant le chinookan. Au d\u00e9but des ann\u00e9es 1840, des colons am\u00e9ricains, dont Francis Pettygrove et Asa Lovejoy, revendiqu\u00e8rent des terres qui allaient devenir le centre-ville de Portland. La l\u00e9gende raconte qu&#039;en 1845, un tirage au sort entre Pettygrove (\u00ab P \u00bb) et Lovejoy (\u00ab L \u00bb) d\u00e9cida du nom de la ville\u00a0; le penny de Pettygrove l&#039;emporta, donnant naissance \u00e0 Portland (plut\u00f4t qu&#039;\u00e0 \u00ab\u00a0Boston\u00a0\u00bb). La ville fut lotie le 8 f\u00e9vrier 1851. Portland connut un essor rapide en tant que centre de commerce et de bois d&#039;\u0153uvre, exp\u00e9diant du bois et du bl\u00e9 vers la Californie et au-del\u00e0. En 1850, elle devint la capitale territoriale (jusqu&#039;en 1855). \u00c0 la fin du XIXe et au d\u00e9but du XXe si\u00e8cle, Portland avait acquis des surnoms comme la \u00ab\u00a0Cit\u00e9 des Roses\u00a0\u00bb (elle organisa son premier Festival des Roses en 1907) et s&#039;\u00e9tait forg\u00e9 une r\u00e9putation de politique progressiste. Parmi les \u00e9v\u00e9nements marquants, citons l&#039;incorporation de la ville en 1851, l&#039;arriv\u00e9e du chemin de fer dans les ann\u00e9es 1880 et l&#039;Exposition universelle Lewis &amp; Clark de 1905, qui a mis la ville en valeur. La Seconde Guerre mondiale a apport\u00e9 un essor temporaire (avec des chantiers navals et un chantier naval Kaiser \u00e0 Vanport, un quartier r\u00e9sidentiel en temps de guerre). L&#039;inondation catastrophique de Vanport en 1948, qui a d\u00e9truit ce projet immobilier, a marqu\u00e9 un autre tournant, entra\u00eenant des changements durables dans la population et l&#039;habitat de la ville. Ces derni\u00e8res d\u00e9cennies, l&#039;\u00e9conomie de Portland s&#039;est orient\u00e9e vers les hautes technologies et les services, et sa culture a mis l&#039;accent sur la durabilit\u00e9 urbaine et les arts.<\/p>\n<h2>Ambiance culturelle<\/h2>\n<p>Portland poss\u00e8de un caract\u00e8re \u00e9clectique et une singularit\u00e9 affirm\u00e9e. La ville attire les visiteurs pour sa sc\u00e8ne culturelle dynamique, notamment ses brasseries artisanales, ses food trucks, ses festivals de musique et sa communaut\u00e9 artistique florissante. L&#039;anglais est la langue principale (parl\u00e9e par la plupart des familles), tandis que l&#039;espagnol et diverses langues d&#039;Asie et du Pacifique sont parl\u00e9s dans les quartiers d&#039;immigrants. La population est g\u00e9n\u00e9ralement progressiste et aime les activit\u00e9s de plein air\u00a0; de nombreux r\u00e9sidents pratiquent r\u00e9guli\u00e8rement le v\u00e9lo ou la randonn\u00e9e. \u00ab\u00a0Keep Portland Weird\u00a0\u00bb, une devise d\u00e9sormais c\u00e9l\u00e8bre, refl\u00e8te une communaut\u00e9 qui valorise le commerce ind\u00e9pendant et la culture alternative. Par exemple, Portland est r\u00e9put\u00e9e pour sa culture culinaire, avec une abondance de chefs renomm\u00e9s, de food trucks, de march\u00e9s et de brasseries. Parmi les \u00e9v\u00e9nements annuels, citons le Portland Rose Festival (au d\u00e9but de l&#039;\u00e9t\u00e9), l&#039;Oregon Brewers Festival et de nombreux festivals culturels refl\u00e9tant sa diversit\u00e9. La vie y est g\u00e9n\u00e9ralement paisible\u00a0: les voisins discutent dans les caf\u00e9s, les parcs sont fr\u00e9quent\u00e9s et la marche ou le v\u00e9lo sont monnaie courante. Malgr\u00e9 sa taille, Portland conserve des quartiers chaleureux et une hospitalit\u00e9 chaleureuse. Comme le note un guide : \u00ab Les gens affluent \u00e0 Portland pour d\u00e9couvrir sa culture dynamique \u2013 pour la nourriture et la bi\u00e8re, les arts, les communaut\u00e9s culturelles, les festivals ou la vie nocturne \u00bb.<\/p>\n<h2><strong>Principales attractions<\/strong><\/h2>\n<ul>\n<li><strong>Parc Washington<\/strong> \u2013 Un grand parc bois\u00e9 \u00e0 l&#039;ouest du centre-ville. Il abrite le c\u00e9l\u00e8bre Jardin international de roses et le Jardin japonais de Portland, deux jardins r\u00e9put\u00e9s, le zoo de l&#039;Oregon et l&#039;arboretum Hoyt. Les visiteurs y passent souvent une journ\u00e9e enti\u00e8re, parmi les massifs de roses, les bassins \u00e0 carpes ko\u00ef et les sentiers ombrag\u00e9s.<\/li>\n<li><strong>Gorges du fleuve Columbia<\/strong> Bien qu&#039;\u00e0 proximit\u00e9 de la ville, les gorges du Columbia constituent une excursion d&#039;une journ\u00e9e incontournable. La route panoramique qui les emm\u00e8ne permet de d\u00e9couvrir des cascades spectaculaires (dont les imposantes chutes de Multnomah) et des points de vue sur le fleuve Columbia. Elles figurent souvent parmi les meilleures excursions de Portland.<\/li>\n<li><strong>Manoir Pittock<\/strong> \u2013 Un imposant manoir perch\u00e9 sur une colline, construit en 1914 par Henry Pittock (fondateur du journal Oregonian). Restaur\u00e9 et transform\u00e9 en mus\u00e9e, il offre une vue panoramique sur la ville et un aper\u00e7u de l&#039;\u00e9lite de Portland au d\u00e9but du XXe si\u00e8cle. (Gr\u00e2ce aux efforts de la communaut\u00e9, il a \u00e9t\u00e9 sauv\u00e9 de la d\u00e9molition dans les ann\u00e9es 1960.)<\/li>\n<li><strong>La Cit\u00e9 des livres de Powell<\/strong> \u2013 La plus grande librairie ind\u00e9pendante au monde, occupant un p\u00e2t\u00e9 de maisons entier du centre-ville de Portland. Ses rayons comptent plus d&#039;un million de livres neufs et d&#039;occasion. Elle propose \u00e9galement des coins lecture et un caf\u00e9. Des \u00e9v\u00e9nements litt\u00e9raires et des conf\u00e9rences d&#039;auteurs y sont r\u00e9guli\u00e8rement organis\u00e9s.<\/li>\n<li><strong>Jardin chinois Lan Su<\/strong> \u2013 Un jardin paisible et authentique de style Suzhou, situ\u00e9 dans le vieux quartier chinois. Construit par des artisans chinois, il offre des sentiers sinueux, des pavillons couverts et des \u00e9tangs, offrant un havre de paix au c\u0153ur de la ville.<\/li>\n<li><strong>Mus\u00e9e des sciences et de l&#039;industrie de l&#039;Oregon (OMSI)<\/strong> \u2013 Un mus\u00e9e scientifique interactif situ\u00e9 sur le front de mer de l&#039;Eastside. Parmi les points forts, on trouve un cin\u00e9ma OMNIMAX, un plan\u00e9tarium et un ancien sous-marin de l&#039;US Navy (USS Blueback) que les visiteurs peuvent visiter. Il est appr\u00e9ci\u00e9 des familles pour ses expositions interactives sur l&#039;\u00e9nergie, la technologie et l&#039;histoire naturelle.<\/li>\n<li><strong>March\u00e9 du samedi de Portland<\/strong> \u2013 Un march\u00e9 d&#039;artisanat en plein air dans le quartier chinois de la vieille ville, ouvert du printemps \u00e0 d\u00e9cembre. Fond\u00e9 en 1974, il est devenu l&#039;un des plus grands march\u00e9s en plein air du pays. Des artisans y vendent des bijoux, des objets artisanaux, des v\u00eatements et des produits alimentaires faits main\u00a0; il attire plus d&#039;un million de visiteurs chaque ann\u00e9e.<\/li>\n<\/ul>\n<h2>Aper\u00e7u pratique<\/h2>\n<ul>\n<li><strong>Comment s&#039;y rendre :<\/strong> L&#039;a\u00e9roport international de Portland (PDX) est le principal a\u00e9roport, proposant des vols directs vers de nombreuses villes am\u00e9ricaines et destinations internationales. Depuis le centre-ville, la ligne rouge du MAX Light Rail assure une liaison directe\u00a0: un trajet aller simple jusqu&#039;\u00e0 l&#039;a\u00e9roport dure environ 38\u00a0minutes (tarif\u00a0: 2,80\u00a0$). Les bus TriMet desservent \u00e9galement l&#039;a\u00e9roport. En train, la ligne Cascades d&#039;Amtrak relie Portland \u00e0 Seattle et Eugene. Les principales autoroutes (I-5 nord-sud, I-84 est-ouest, US\u00a026) relient la ville aux destinations r\u00e9gionales.<\/li>\n<li><strong>Se d\u00e9placer :<\/strong> Le r\u00e9seau TriMet (m\u00e9tro l\u00e9ger, tramway et bus) couvre la majeure partie de Portland. Le v\u00e9lo y est tr\u00e8s populaire\u00a0; la ville est r\u00e9guli\u00e8rement class\u00e9e parmi les plus cyclables des \u00c9tats-Unis. Le centre-ville est compact et accessible \u00e0 pied (Pioneer Courthouse Square et Pearl District notamment). La voiture est possible, mais le stationnement peut \u00eatre rare ou co\u00fbteux dans les quartiers anim\u00e9s. De nombreux Portlandais utilisent une carte Hop ou une application mobile pour payer leurs trajets en bus et en train. Les services de covoiturage (Uber\/Lyft) sont omnipr\u00e9sents.<\/li>\n<li><strong>Conseils de base :<\/strong> La monnaie est le dollar am\u00e9ricain. L&#039;anglais est la langue principale (l&#039;espagnol est \u00e9galement parl\u00e9 par de nombreux habitants, notamment dans le nord-est de Portland). Dans les restaurants et les taxis, il est d&#039;usage de laisser un pourboire d&#039;environ 15 \u00e0 20 % de la note. Portland est g\u00e9n\u00e9ralement s\u00fbre selon les normes urbaines, mais il est conseill\u00e9 de prendre les pr\u00e9cautions d&#039;usage (\u00e9viter les zones d\u00e9sertes la nuit, mettre ses objets de valeur en lieu s\u00fbr). Les habitants appr\u00e9cient la politesse et le respect de l&#039;environnement\u00a0; une tenue d\u00e9contract\u00e9e est de mise.<a href=\"https:\/\/travelshelper.com\/fr\/destinations\/amerique-du-nord\/etats-unis-damerique\/berkeley-springs\/\" target=\"_self\" aria-labelledby=\"uael-post-8997\"><br \/>\n<\/a><\/li>\n<\/ul>","protected":false},"excerpt":{"rendered":"<p>Portland, nich\u00e9e dans le bucolique Nord-Ouest Pacifique, est la ville la plus peupl\u00e9e de l&#039;Oregon, un \u00c9tat am\u00e9ricain. Situ\u00e9e d\u00e9lib\u00e9r\u00e9ment au nord-ouest de l&#039;\u00c9tat, cette ville dynamique est le point de rencontre des fleuves Columbia et Willamette. Portland est le chef-lieu du comt\u00e9 de Multnomah, le plus peupl\u00e9 de l&#039;Oregon, et occupe donc une place essentielle dans le cadre administratif et culturel de l&#039;\u00c9tat. Avec une population de 652\u00a0503 habitants au recensement de 2020, Portland, 26e ville la plus peupl\u00e9e des \u00c9tats-Unis, est la deuxi\u00e8me ville la plus peupl\u00e9e de la c\u00f4te ouest, apr\u00e8s Seattle, la ville la plus peupl\u00e9e du Nord-Ouest Pacifique. Avec pr\u00e8s de 2,5 millions d&#039;habitants, l&#039;agglom\u00e9ration de Portland se classe au 25e rang des agglom\u00e9rations les plus peupl\u00e9es des \u00c9tats-Unis. Elle abrite pr\u00e8s de la moiti\u00e9 de la population de l&#039;Oregon, ce qui souligne son importance et son influence centrale.<\/p>","protected":false},"author":1,"featured_media":4170,"parent":8072,"menu_order":0,"comment_status":"closed","ping_status":"closed","template":"elementor_theme","meta":{"_eb_attr":"","footnotes":""},"class_list":["post-8341","page","type-page","status-publish","has-post-thumbnail"],"_links":{"self":[{"href":"https:\/\/travelshelper.com\/fr\/wp-json\/wp\/v2\/pages\/8341","targetHints":{"allow":["GET"]}}],"collection":[{"href":"https:\/\/travelshelper.com\/fr\/wp-json\/wp\/v2\/pages"}],"about":[{"href":"https:\/\/travelshelper.com\/fr\/wp-json\/wp\/v2\/types\/page"}],"author":[{"embeddable":true,"href":"https:\/\/travelshelper.com\/fr\/wp-json\/wp\/v2\/users\/1"}],"replies":[{"embeddable":true,"href":"https:\/\/travelshelper.com\/fr\/wp-json\/wp\/v2\/comments?post=8341"}],"version-history":[{"count":0,"href":"https:\/\/travelshelper.com\/fr\/wp-json\/wp\/v2\/pages\/8341\/revisions"}],"up":[{"embeddable":true,"href":"https:\/\/travelshelper.com\/fr\/wp-json\/wp\/v2\/pages\/8072"}],"wp:featuredmedia":[{"embeddable":true,"href":"https:\/\/travelshelper.com\/fr\/wp-json\/wp\/v2\/media\/4170"}],"wp:attachment":[{"href":"https:\/\/travelshelper.com\/fr\/wp-json\/wp\/v2\/media?parent=8341"}],"curies":[{"name":"wp","href":"https:\/\/api.w.org\/{rel}","templated":true}]}}