{"id":8325,"date":"2024-09-03T15:10:41","date_gmt":"2024-09-03T15:10:41","guid":{"rendered":"https:\/\/travelshelper.com\/staging\/?page_id=8325"},"modified":"2026-03-13T18:07:44","modified_gmt":"2026-03-13T18:07:44","slug":"phoenix","status":"publish","type":"page","link":"https:\/\/travelshelper.com\/fr\/destinations\/north-america\/united-states\/phoenix\/","title":{"rendered":"Phoenix"},"content":{"rendered":"<p>Phoenix est la capitale tentaculaire de l&#039;Arizona et l&#039;une des plus grandes villes des \u00c9tats-Unis par sa superficie. Selon le recensement de 2020, elle comptait 1\u00a0608\u00a0139 habitants, ce qui en fait la cinqui\u00e8me plus grande ville du pays et la capitale d&#039;\u00c9tat la plus peupl\u00e9e. L&#039;agglom\u00e9ration de Phoenix (y compris les banlieues comme Scottsdale et Mesa) compte plus de 5,2 millions d&#039;habitants, se classant parmi les dix premi\u00e8res m\u00e9tropoles am\u00e9ricaines. Phoenix est diversifi\u00e9e\u00a0: environ 42\u00a0% de ses habitants sont hispaniques\/latinos, refl\u00e9tant sa culture du Sud-Ouest et sa proximit\u00e9 avec le Mexique. La ville accueille \u00e9galement un nombre croissant d&#039;Asiatiques, d&#039;Afro-Am\u00e9ricains et d&#039;Am\u00e9rindiens. L&#039;\u00e2ge m\u00e9dian se situe autour de 35\u00a0ans. Sur le plan \u00e9conomique, Phoenix est robuste\u00a0: le PIB de la m\u00e9tropole s&#039;\u00e9levait \u00e0 environ 398\u00a0milliards de dollars en 2023. Les secteurs cl\u00e9s comprennent la technologie, la sant\u00e9, l&#039;\u00e9ducation et la construction, soutenus par des d\u00e9cennies de croissance d\u00e9mographique r\u00e9guli\u00e8re (croissance annuelle moyenne d&#039;environ 4\u00a0% entre 1960 et 2000).<\/p>\n<p>Phoenix se situe dans la vaste vall\u00e9e de la Salt River (souvent appel\u00e9e la \u00ab Vall\u00e9e du Soleil \u00bb), dans le centre-sud de l&#039;Arizona. Situ\u00e9e \u00e0 environ 330 m\u00e8tres d&#039;altitude, elle est entour\u00e9e de d\u00e9serts et de r\u00e9serves montagneuses. Le relief est plat, l\u00e0 o\u00f9 s&#039;\u00e9tend le quadrillage urbain, ponctu\u00e9 de collines et de montagnes avoisinantes, comme Camelback Mountain et Piestewa Peak (s&#039;\u00e9levant \u00e0 environ 820 m\u00e8tres au-dessus de la ville) et South Mountain (l&#039;un des plus grands parcs municipaux du monde). La ville fait partie du d\u00e9sert de Sonora, caract\u00e9ris\u00e9 par ses cactus saguaro, ses mesquites et ses broussailles cr\u00e9osot\u00e9es.<\/p>\n<p>Le climat est d\u00e9sertique et aride. Phoenix est connue pour ses \u00e9t\u00e9s chauds et ses hivers doux. Les temp\u00e9ratures diurnes estivales d\u00e9passent souvent 43 \u00b0C, avec une faible humidit\u00e9. Les pluies de mousson arrivent les apr\u00e8s-midis d&#039;\u00e9t\u00e9, rafra\u00eechissant bri\u00e8vement et nourrissant la v\u00e9g\u00e9tation. Les journ\u00e9es d&#039;hiver sont ensoleill\u00e9es et chaudes (15 \u00e0 21 \u00b0C), mais les nuits peuvent \u00eatre fra\u00eeches. Au total, Phoenix b\u00e9n\u00e9ficie d&#039;environ 320 jours de soleil par an. Son climat sec permet aux palmiers de prosp\u00e9rer (d&#039;o\u00f9 son nom) et offre un ciel clair toute l&#039;ann\u00e9e.<\/p>\n<p>Les origines de Phoenix sont \u00e9tonnamment anciennes pour une ville de l&#039;ouest am\u00e9ricain. Elle fut fond\u00e9e en 1867 par l&#039;agriculteur Jack Swilling, qui construisit des canaux d&#039;irrigation (r\u00e9utilisant les anciennes voies des canaux Hohokam) pour cultiver le d\u00e9sert. Elle fut constitu\u00e9e en ville en 1881 et devint capitale territoriale en 1889. Au d\u00e9but du XXe si\u00e8cle, l&#039;agriculture (coton, agrumes, \u00e9levage) dominait \u2013 une activit\u00e9 que l&#039;on appelle localement les \u00ab\u00a0cinq C\u00a0\u00bb de l&#039;\u00e9conomie. L&#039;arriv\u00e9e du chemin de fer (1895) et la cr\u00e9ation de l&#039;a\u00e9roport de Sky Harbor (1928) stimul\u00e8rent la croissance.<\/p>\n<p>La Seconde Guerre mondiale et l&#039;introduction de la climatisation ont transform\u00e9 Phoenix. D&#039;une petite ville, Phoenix est pass\u00e9e \u00e0 l&#039;\u00e8re de l&#039;expansion et est devenue une ville moderne. Les entreprises de haute technologie et les bases a\u00e9riennes militaires ont profit\u00e9 du climat\u00a0; les v\u00e9t\u00e9rans de l&#039;apr\u00e8s-guerre et les personnes d\u00e9plac\u00e9es ont construit des lotissements suburbains. Dans les ann\u00e9es 1960, Phoenix \u00e9tait l&#039;une des villes am\u00e9ricaines \u00e0 la croissance la plus rapide. Elle a accueilli la marche des droits civiques de 1960 (le \u00ab\u00a0bull Connor provocateur\u00a0\u00bb de Kennedy a \u00e9t\u00e9 prononc\u00e9 dans la vall\u00e9e). \u00c0 la fin du XXe si\u00e8cle, des gratte-ciels ont \u00e9merg\u00e9 en centre-ville et la ville a adopt\u00e9 les secteurs des services et des technologies. Aujourd&#039;hui, Phoenix allie cette modernit\u00e9 \u00e0 la fiert\u00e9 de son h\u00e9ritage du Far West\u00a0; des parcs historiques pr\u00e9servent les vestiges des premiers villages de l&#039;Ouest et des sites am\u00e9rindiens. Par exemple, le site arch\u00e9ologique de Pueblo Grande, au centre-ville, abrite des ruines Hohokam, reliant la Phoenix d&#039;aujourd&#039;hui \u00e0 2\u00a0000\u00a0ans en arri\u00e8re.<\/p>\n<p>Phoenix est une mosa\u00efque urbaine du Sud-Ouest am\u00e9ricain. L&#039;anglais y est dominant, mais l&#039;espagnol est \u00e9galement fr\u00e9quemment parl\u00e9. Le caract\u00e8re de la ville allie racines rudes et croissance cosmopolite. On per\u00e7oit une attitude positive \u00e0 Phoenix. La ville a attir\u00e9 des nouveaux arrivants de toute l&#039;Am\u00e9rique, contribuant \u00e0 une ambiance d\u00e9contract\u00e9e mais entrepreneuriale. On y trouve une convivialit\u00e9 discr\u00e8te parmi ses habitants, peut-\u00eatre forg\u00e9e par les d\u00e9fis communs du d\u00e9sert.<\/p>\n<p>D&#039;un point de vue architectural et culturel, Phoenix s&#039;inspire de son environnement d\u00e9sertique. De nombreux \u00e9v\u00e9nements communautaires c\u00e9l\u00e8brent le patrimoine am\u00e9rindien et mexicano-am\u00e9ricain. Le Heard Museum, par exemple, pr\u00e9sente l&#039;art am\u00e9rindien et attire de nombreux visiteurs. Des festivals annuels tels que le tournoi de golf Phoenix Open, le Phoenix Film Festival et le Charro Days\/D\u00eda de los Muertos refl\u00e8tent les int\u00e9r\u00eats locaux. Le mode de vie en plein air est un mode de vie incontournable ici\u00a0: les week-ends sont souvent consacr\u00e9s \u00e0 la randonn\u00e9e en montagne, au camping dans le d\u00e9sert ou au golf. Malgr\u00e9 sa croissance, Phoenix conserve par endroits un caract\u00e8re pionnier\u00a0: elle poss\u00e8de un r\u00e9seau de canaux polyvalents (pour le v\u00e9lo), des centres commerciaux en plein air et des \u0153uvres d&#039;art public de style sud-ouest. L&#039;architecture y est \u00e9galement tr\u00e8s pris\u00e9e\u00a0: la pr\u00e9sence de Frank Lloyd Wright (via Taliesin West, sa r\u00e9sidence d&#039;hiver) ajoute une touche de design raffin\u00e9. Dans des quartiers comme Downtown Roosevelt Row, on trouve des quartiers artistiques anim\u00e9s avec des fresques murales et des galeries.<\/p>\n<p>La vie nocturne de Phoenix surprend \u00e9galement les visiteurs\u00a0: un mini-quartier \u00ab\u00a0Melrose\u00a0\u00bb sur Camelback Road propose des brasseries et des clubs, tandis que Scottsdale (ville adjacente) offre une vie nocturne hupp\u00e9e. Pourtant, le rythme g\u00e9n\u00e9ral est calme par rapport aux grandes villes\u00a0; une soir\u00e9e typique pourrait se terminer avec un coucher de soleil dans le d\u00e9sert derri\u00e8re les silhouettes des saguaros. En bref, Phoenix \u00e9voque une ville moderne du d\u00e9sert\u00a0: conviviale, baign\u00e9e de soleil, et marqu\u00e9e par la vie en plein air, l&#039;ambition technologique et l&#039;h\u00e9ritage du Sud-Ouest am\u00e9ricain.<\/p>\n<p>Les attractions de Phoenix privil\u00e9gient l&#039;aventure en plein air et la culture du d\u00e9sert. Parmi elles, le Jardin botanique du d\u00e9sert, un mus\u00e9e vivant de 57 hectares consacr\u00e9 aux plantes arides, est particuli\u00e8rement remarquable. Ses sentiers sinueux et son paysage d\u00e9sertique permettent aux visiteurs d&#039;admirer les saguaros g\u00e9ants, les for\u00eats de chollas et les fleurs sauvages du d\u00e9sert en fleurs. \u00c0 proximit\u00e9, le parc Papago offre des randonn\u00e9es faciles (une randonn\u00e9e du Trou dans la Roche jusqu&#039;\u00e0 un belv\u00e9d\u00e8re en gr\u00e8s) et abrite le zoo de Phoenix et le Jardin japonais de l&#039;amiti\u00e9.<\/p>\n<p>Pour une vue imprenable sur la ville, les sentiers Echo ou Cholla de Camelback Mountain sont embl\u00e9matiques\u00a0: depuis ces cr\u00eates, on peut admirer toute la vall\u00e9e. De m\u00eame, le South Mountain Park &amp; \u200b\u200bPreserve (l&#039;un des plus grands parcs urbains au monde) offre des randonn\u00e9es exigeantes et des routes panoramiques surplombant le sud de la ville. Le soleil et l&#039;air pur de Phoenix toute l&#039;ann\u00e9e rendent ces randonn\u00e9es aller-retour enrichissantes.<\/p>\n<p>La ville regorge de sites culturels. Le Heard Museum est c\u00e9l\u00e8bre \u00e0 l&#039;\u00e9chelle nationale pour son art et ses objets am\u00e9rindiens\u00a0; il attire environ 250\u00a0000 visiteurs chaque ann\u00e9e. Le Musical Instrument Museum (ouvert en 2010) est un autre mus\u00e9e unique\u00a0: il abrite plus de 15\u00a0000 instruments du monde entier, ce qui en fait la plus grande collection de ce type au monde. Les passionn\u00e9s d&#039;histoire visiteront les ruines de Pueblo Grande et le mus\u00e9e du Capitole de l&#039;Arizona (install\u00e9 dans le b\u00e2timent du Capitole territorial de 1901). Les amateurs d&#039;art se rendront au Phoenix Art Museum (la plus grande collection d&#039;art visuel du Sud-Ouest) et admireront des \u0153uvres d&#039;art public comme la sculpture en filet \u00ab\u00a0Her Secret Is Patience\u00a0\u00bb de Janet Echelman, au-dessus du Civic Space Park.<\/p>\n<p>Le sport et les divertissements sont \u00e9galement des attractions majeures. Les Diamondbacks de Phoenix (MLB), les Suns de Phoenix (NBA) et les Cardinals de Phoenix (NFL) attirent de nombreux visiteurs en saison. L&#039;Arizona Science Center and Children&#039;s Museum (l&#039;un des meilleurs mus\u00e9es pour enfants du pays) divertit les familles. Parmi les \u00e9v\u00e9nements saisonniers, citons les matchs de football am\u00e9ricain Fiesta Bowl, les courses NASCAR au Phoenix Raceway et le golf du Phoenix Open. En bref, les incontournables de Phoenix incluent un m\u00e9lange de parcs d\u00e9sertiques, d&#039;institutions culturelles et de loisirs\u00a0: pensez \u00e0 une matin\u00e9e au jardin botanique, une randonn\u00e9e l&#039;apr\u00e8s-midi et une soir\u00e9e sur un toit-terrasse pour admirer les lumi\u00e8res de la ville.<\/p>\n<p>Le principal a\u00e9roport de Phoenix est l&#039;a\u00e9roport international Sky Harbor (PHX), situ\u00e9 au centre-ville et desservant toutes les grandes compagnies a\u00e9riennes. Il est directement reli\u00e9 \u00e0 la plupart des villes am\u00e9ricaines et \u00e0 plusieurs plateformes internationales. Sky Harbor est l&#039;un des a\u00e9roports les plus fr\u00e9quent\u00e9s du pays et dispose de nombreuses installations. De plus, la ville est desservie par une autoroute majeure (I-10) d&#039;est en ouest et l&#039;I-17 du nord au sud, ainsi que par les US 60 et 51. Phoenix est tr\u00e8s bien desservie par la route, mais les automobilistes doivent se pr\u00e9parer aux fortes chaleurs et \u00e0 la circulation dense sur les autoroutes aux heures de pointe (notamment aux heures de pointe sur l&#039;I-10). Pour les voyageurs en train, Amtrak dispose d&#039;une gare en centre-ville (la gare de Phoenix) avec des lignes vers Los Angeles et Chicago, mais les horaires sont limit\u00e9s. Des bus interurbains (Greyhound, Flixbus) desservent \u00e9galement Phoenix.<\/p>\n<p>Phoenix est une ville tr\u00e8s ax\u00e9e sur la voiture. La ville est vaste et les transports en commun sont limit\u00e9s par rapport \u00e0 sa taille. Valley Metro dessert l&#039;ensemble de la zone m\u00e9tropolitaine par des bus et une ligne de tramway traverse le centre-ville et le centre-ville. Le tramway couvre actuellement 61 kilom\u00e8tres du nord de Phoenix \u00e0 Mesa, en passant par le centre-ville\u00a0; d&#039;autres lignes sont pr\u00e9vues. Cependant, moins de 4\u00a0% des travailleurs utilisent les transports en commun\u00a0; la plupart des visiteurs louent donc une voiture ou font appel \u00e0 des services de covoiturage. Certains quartiers (Downtown, Encanto District, Roosevelt Row) sont facilement accessibles \u00e0 pied, et de nombreux h\u00f4tels proposent des navettes gratuites vers les attractions \u00e0 proximit\u00e9. En voiture, soyez attentif aux cyclistes et aux motocyclistes\u00a0; Phoenix en compte beaucoup, surtout le week-end.<\/p>\n<p>La monnaie est le dollar am\u00e9ricain et l&#039;anglais est la langue principale (l&#039;espagnol est \u00e9galement courant, compte tenu de l&#039;importante communaut\u00e9 hispanique). Les pourboires (15 \u00e0 20 %) sont de rigueur. Une tenue vestimentaire adapt\u00e9e \u00e0 la chaleur est recommand\u00e9e\u00a0: m\u00eame en hiver, des couches l\u00e9g\u00e8res sont confortables\u00a0; en \u00e9t\u00e9, portez des v\u00eatements de protection solaire, un chapeau et des lunettes de soleil. Pr\u00e9voyez une bouteille d&#039;eau r\u00e9utilisable\u00a0; la d\u00e9shydratation est un risque. Phoenix est relativement s\u00fbre dans les zones touristiques et commerciales\u00a0; les quartiers plus au sud ou \u00e0 l&#039;ouest de l&#039;I-17 peuvent \u00eatre plus dangereux, surtout apr\u00e8s la tomb\u00e9e de la nuit. Il est donc conseill\u00e9 aux visiteurs de rester dans les zones tr\u00e8s fr\u00e9quent\u00e9es. Des animaux sauvages (serpents \u00e0 sonnettes, scorpions) vivent dans les parcs d\u00e9sertiques\u00a0; secouez vos chaussures et v\u00e9rifiez le sol de votre tente lorsque vous campez. Notez \u00e9galement que l&#039;Arizona a une l\u00e9gislation stricte concernant la chaleur\u00a0: ne laissez jamais d&#039;enfants ou d&#039;animaux domestiques dans une voiture gar\u00e9e. Enfin, Phoenix a une forte culture automobile, mais pensez aux autres habitants sur la route\u00a0: signalez toujours, laissez la circulation s&#039;ins\u00e9rer et soyez particuli\u00e8rement prudent sur les routes de montagne sinueuses comme South Mountain Drive. Gr\u00e2ce \u00e0 ces pr\u00e9cautions, les visiteurs trouveront Phoenix une ville conviviale et facile \u00e0 explorer en voiture ou \u00e0 pied.<a href=\"https:\/\/travelshelper.com\/fr\/destinations\/amerique-du-nord\/etats-unis-damerique\/berkeley-springs\/\" target=\"_self\" aria-labelledby=\"uael-post-8997\"><br \/>\n<\/a><\/p>","protected":false},"excerpt":{"rendered":"<p>Phoenix est la capitale et la ville la plus peupl\u00e9e de l&#039;\u00c9tat am\u00e9ricain de l&#039;Arizona, avec une population de 1\u00a0608\u00a0139 habitants en 2020. Elle est ainsi la cinqui\u00e8me ville la plus peupl\u00e9e des \u00c9tats-Unis et la capitale d&#039;\u00c9tat la plus peupl\u00e9e du pays. L&#039;importance de Phoenix d\u00e9passe ses fronti\u00e8res municipales\u00a0; elle est le c\u0153ur de la zone m\u00e9tropolitaine de Phoenix, parfois surnomm\u00e9e la Vall\u00e9e du Soleil. Avec pr\u00e8s de 4,85 millions d&#039;habitants, cette zone m\u00e9tropolitaine est la plus peupl\u00e9e du sud-ouest des \u00c9tats-Unis en 2020. Elle fait partie de la plus grande r\u00e9gion m\u00e9tropolitaine des \u00c9tats-Unis, la Vall\u00e9e de la Rivi\u00e8re Sal\u00e9e et le Corridor du Soleil de l&#039;Arizona.<\/p>","protected":false},"author":1,"featured_media":4624,"parent":8072,"menu_order":0,"comment_status":"closed","ping_status":"closed","template":"elementor_theme","meta":{"_eb_attr":"","footnotes":""},"class_list":["post-8325","page","type-page","status-publish","has-post-thumbnail"],"_links":{"self":[{"href":"https:\/\/travelshelper.com\/fr\/wp-json\/wp\/v2\/pages\/8325","targetHints":{"allow":["GET"]}}],"collection":[{"href":"https:\/\/travelshelper.com\/fr\/wp-json\/wp\/v2\/pages"}],"about":[{"href":"https:\/\/travelshelper.com\/fr\/wp-json\/wp\/v2\/types\/page"}],"author":[{"embeddable":true,"href":"https:\/\/travelshelper.com\/fr\/wp-json\/wp\/v2\/users\/1"}],"replies":[{"embeddable":true,"href":"https:\/\/travelshelper.com\/fr\/wp-json\/wp\/v2\/comments?post=8325"}],"version-history":[{"count":0,"href":"https:\/\/travelshelper.com\/fr\/wp-json\/wp\/v2\/pages\/8325\/revisions"}],"up":[{"embeddable":true,"href":"https:\/\/travelshelper.com\/fr\/wp-json\/wp\/v2\/pages\/8072"}],"wp:featuredmedia":[{"embeddable":true,"href":"https:\/\/travelshelper.com\/fr\/wp-json\/wp\/v2\/media\/4624"}],"wp:attachment":[{"href":"https:\/\/travelshelper.com\/fr\/wp-json\/wp\/v2\/media?parent=8325"}],"curies":[{"name":"wp","href":"https:\/\/api.w.org\/{rel}","templated":true}]}}