{"id":8297,"date":"2024-09-03T14:24:43","date_gmt":"2024-09-03T14:24:43","guid":{"rendered":"https:\/\/travelshelper.com\/staging\/?page_id=8297"},"modified":"2026-03-13T18:02:23","modified_gmt":"2026-03-13T18:02:23","slug":"la-nouvelle-orleans","status":"publish","type":"page","link":"https:\/\/travelshelper.com\/fr\/destinations\/north-america\/united-states\/new-orleans\/","title":{"rendered":"La Nouvelle-Orl\u00e9ans"},"content":{"rendered":"<p>Nich\u00e9e le long du cours inf\u00e9rieur du Mississippi, dans le sud-est de la Louisiane, La Nouvelle-Orl\u00e9ans compte aujourd&#039;hui environ 380\u00a0000 habitants (recensement de 2020), ce qui en fait la plus grande ville de Louisiane et la capitale culturelle du Sud des \u00c9tats-Unis. En 2025, la population de la ville est estim\u00e9e \u00e0 environ 351\u00a0000 habitants, apr\u00e8s des d\u00e9cennies de fluctuations dues aux migrations et aux catastrophes naturelles. La d\u00e9mographie de La Nouvelle-Orl\u00e9ans est particuli\u00e8re\u00a0: une communaut\u00e9 majoritairement afro-am\u00e9ricaine (environ 55\u00a0% de Noirs selon les estimations r\u00e9centes) avec une importante population blanche (environ 32\u00a0%), hispanique\/latino-am\u00e9ricaine et autres minorit\u00e9s. Son \u00e9conomie est richement diversifi\u00e9e\u00a0: historiquement b\u00e2tie sur les industries portuaire, p\u00e9troli\u00e8re et p\u00e9trochimique, La Nouvelle-Orl\u00e9ans prosp\u00e8re aujourd&#039;hui \u00e9galement gr\u00e2ce \u00e0 l&#039;enseignement sup\u00e9rieur, aux soins de sant\u00e9, et surtout aux secteurs du tourisme et de la cr\u00e9ation. En effet, le tourisme \u00e0 lui seul a g\u00e9n\u00e9r\u00e9 environ 5,5 milliards de dollars de retomb\u00e9es \u00e9conomiques en 2017, soit environ 40\u00a0% des recettes fiscales de la ville.<\/p>\n<p>La Nouvelle-Orl\u00e9ans b\u00e9n\u00e9ficie d&#039;un climat subtropical doux\u00a0: hivers luxuriants et \u00e9t\u00e9s longs et chauds. Situ\u00e9e au niveau de la mer, le long de la c\u00f4te du Golfe du Mexique, la moiti\u00e9 de la ville se trouve au niveau de la mer ou en dessous et d\u00e9pend de digues et de pompes pour la gestion des crues. Les pr\u00e9cipitations annuelles sont abondantes (environ 127\u00a0cm par an), avec des \u00e9t\u00e9s humides qui font souvent grimper le mercure au-dessus de 32\u00a0\u00b0C et des hivers g\u00e9n\u00e9ralement bien au-dessus de z\u00e9ro (la moyenne quotidienne de janvier avoisine les 0,7\u00a0\u00b0C). Son environnement subtropical lui a valu le surnom de \u00ab\u00a0la ville oubli\u00e9e par les soucis\u00a0\u00bb, un clin d&#039;\u0153il \u00e0 son climat chaud et \u00e0 son rythme de vie paisible. Bayous mar\u00e9cageux, parcs bord\u00e9s de ch\u00eanes et ch\u00eanes verts ruisselant de mousse espagnole sont omnipr\u00e9sents dans le paysage moderne, m\u00eame si les gratte-ciel s&#039;\u00e9l\u00e8vent en centre-ville.<\/p>\n<p>La Nouvelle-Orl\u00e9ans est le centre culturel, \u00e9conomique et universitaire de la Louisiane. Selon le recensement am\u00e9ricain de 2020, sa population \u00e9tait de 383\u00a0997 habitants (la zone m\u00e9tropolitaine \u00e9largie de La Nouvelle-Orl\u00e9ans-Metairie comptant environ 1 million d&#039;habitants). En 2025, ce chiffre devrait l\u00e9g\u00e8rement diminuer pour atteindre environ 351\u00a0000 habitants. La ville est majoritairement afro-am\u00e9ricaine (environ 55\u00a0%), avec environ 32\u00a0% de Blancs, environ 5\u00a0% d&#039;Hispaniques\/Latinos, 2\u00a0% d&#039;Asiatiques et le reste \u00e9tant compos\u00e9 d&#039;Am\u00e9rindiens ou de personnes multiraciales. Sur le plan \u00e9conomique, La Nouvelle-Orl\u00e9ans g\u00e9n\u00e8re environ 51\u00a0milliards de dollars de produit int\u00e9rieur brut (PIB) annuel (donn\u00e9es de 2023), ce qui la classe parmi les 25\u00a0meilleures \u00e9conomies urbaines du pays. Si Wall Street domine New York, La Nouvelle-Orl\u00e9ans domine le transport maritime sur la c\u00f4te du Golfe\u00a0: elle exploite l&#039;un des plus grands ports maritimes du monde et est un centre majeur de raffinage du p\u00e9trole et de production p\u00e9trochimique. La ville est \u00e9galement un p\u00f4le d&#039;enseignement et de sant\u00e9 (elle abrite des institutions comme l&#039;Universit\u00e9 Tulane et Ochsner Health) et un p\u00f4le technologique en pleine expansion. L&#039;h\u00f4tellerie et les industries cr\u00e9atives sont des employeurs majeurs\u00a0; le tourisme et les congr\u00e8s, \u00e0 eux seuls, g\u00e9n\u00e8rent des millions de dollars chaque ann\u00e9e. En bref, La Nouvelle-Orl\u00e9ans est une ville de taille moyenne du Sud, dot\u00e9e d&#039;une influence \u00e9conomique consid\u00e9rable gr\u00e2ce \u00e0 ses secteurs portuaire, \u00e9nerg\u00e9tique et culturel.<\/p>\n<p>La Crescent City se trouve en Am\u00e9rique du Nord, au c\u0153ur du Sud profond. G\u00e9ographiquement, elle est situ\u00e9e sur la rive est du Mississippi, \u00e0 environ 145 kilom\u00e8tres en amont du golfe du Mexique. Elle est entour\u00e9e d&#039;une plaine c\u00f4ti\u00e8re\u00a0: marais et delta au sud, et zones humides \u00e0 l&#039;est. Ce relief bas signifie que La Nouvelle-Orl\u00e9ans se situe principalement au niveau de la mer, voire en dessous, ce qui n\u00e9cessite un vaste syst\u00e8me de digues. Contrairement \u00e0 Denver, situ\u00e9e dans une plaine, ou Denver, nich\u00e9e dans les montagnes, La Nouvelle-Orl\u00e9ans est une ville fluviale, fa\u00e7onn\u00e9e par l&#039;eau dans toutes ses directions\u00a0: le grand fleuve \u00e0 l&#039;ouest, le lac Pontchartrain au nord, le golfe au sud. On dit souvent qu&#039;elle est \u00ab\u00a0assise sur terre, suspendue sur l&#039;eau\u00a0\u00bb. La chaleur estivale est temp\u00e9r\u00e9e par les brises du golfe et les nombreux canaux\u00a0; les hivers sont doux.<\/p>\n<p>Les origines de La Nouvelle-Orl\u00e9ans remontent au d\u00e9but du XVIIIe si\u00e8cle. Des colons fran\u00e7ais, sous la direction de Jean-Baptiste Le Moyne de Bienville, fond\u00e8rent la ville en 1718 sur un m\u00e9andre du Mississippi. Son architecture fran\u00e7aise majestueuse et ses toponymes refl\u00e8tent ce pass\u00e9 colonial. En 1763, apr\u00e8s la guerre de Sept Ans, la France c\u00e9da la Louisiane (et La Nouvelle-Orl\u00e9ans) \u00e0 l&#039;Espagne, avant que Napol\u00e9on ne la restitue \u00e0 la France en 1800. \u00c0 peine trois ans plus tard, en 1803, les \u00c9tats-Unis acqu\u00e9raient La Nouvelle-Orl\u00e9ans lors de l&#039;achat de la Louisiane, ouvrant ainsi le Mississippi au commerce am\u00e9ricain. La Nouvelle-Orl\u00e9ans prosp\u00e9ra avant la guerre de S\u00e9cession\u00a0: en 1840, elle \u00e9tait la troisi\u00e8me ville des \u00c9tats-Unis et la plus grande du Sud. Son port rivalisait avec ceux de Boston et de Philadelphie en termes de volume, et le coton et le sucre en faisaient une ville riche, quoique tr\u00e8s stratifi\u00e9e. Un tournant s&#039;est produit pendant la guerre de 1812. En janvier 1815, le g\u00e9n\u00e9ral Andrew Jackson a men\u00e9 une force am\u00e9ricaine h\u00e9t\u00e9roclite pour vaincre les Britanniques \u00e0 la bataille de la Nouvelle-Orl\u00e9ans, consolidant ainsi la place de la ville dans la l\u00e9gende am\u00e9ricaine.<\/p>\n<p>Apr\u00e8s la guerre de S\u00e9cession, La Nouvelle-Orl\u00e9ans a travers\u00e9 la Reconstruction et les lois Jim Crow, demeurant un centre commercial dynamique jusqu&#039;au XXe si\u00e8cle. Le jazz y est n\u00e9 au d\u00e9but des ann\u00e9es 1900, et dans les ann\u00e9es 1920, la vie nocturne du Quartier fran\u00e7ais \u00e9tait l\u00e9gendaire. \u00c0 la fin du XXe si\u00e8cle, la ville a connu des hauts et des bas. En 2005, l&#039;ouragan Katrina a frapp\u00e9 la ville de plein fouet. La majeure partie de la ville a \u00e9t\u00e9 inond\u00e9e par des ruptures de digues, plus de 1\u00a0800 habitants ont p\u00e9ri et la population a diminu\u00e9 de pr\u00e8s de moiti\u00e9. La reconstruction a \u00e9t\u00e9 spectaculaire par endroits\u00a0: le centre-ville et certains quartiers ont \u00e9t\u00e9 reconstruits, tandis que d&#039;autres portent encore des cicatrices. La Nouvelle-Orl\u00e9ans d&#039;aujourd&#039;hui porte l&#039;empreinte de toutes ces \u00e9poques. Des plaques historiques bordent Jackson Square (datant de l&#039;\u00e9poque de Bienville), mais les vitrines des magasins vantent \u00e9galement les m\u00e9rites de consultants en \u00e9nergie et de start-ups technologiques. La catastrophe de l&#039;ouragan Katrina reste un \u00e9v\u00e9nement marquant, tout comme le renouveau de la ville, conciliant respect du pass\u00e9 et croissance moderne.<\/p>\n<p>La Nouvelle-Orl\u00e9ans poss\u00e8de une saveur culturelle singuli\u00e8re, un m\u00e9lange d&#039;influences fran\u00e7aises, espagnoles, africaines, carib\u00e9ennes et sudistes. Son caract\u00e8re local est \u00e9vident d\u00e8s la descente de l&#039;avion ou du bateau de croisi\u00e8re\u00a0: des panneaux de signalisation en fran\u00e7ais (par exemple, \u00ab\u00a0Rue\u00a0\u00bb pour \u00ab\u00a0street\u00a0\u00bb), une ambiance d\u00e9contract\u00e9e et une musique omnipr\u00e9sente sur les trottoirs. L&#039;h\u00e9ritage fran\u00e7ais et cr\u00e9ole perdure non seulement dans l&#039;architecture, mais aussi dans les traditions vivantes. Les francophones et les dialectes cr\u00e9oles louisianais sont rares aujourd&#039;hui, mais quelques anciens s&#039;expriment encore dans ces langues. Plus g\u00e9n\u00e9ralement, l&#039;anglais louisianais du quotidien est agr\u00e9ment\u00e9 d&#039;expressions cajuns et cr\u00e9oles (\u00ab\u00a0lagniappe\u00a0\u00bb, \u00ab\u00a0lagniappe\u00a0\u00bb signifie \u00ab\u00a0un petit plus\u00a0\u00bb, etc.). La ville a c\u00e9l\u00e9br\u00e9 son bicentenaire en 2018 dans une ambiance franco-yiddish, c\u00e9l\u00e9brant ainsi ses racines francophones.<\/p>\n<p>La tradition r\u00e8gne \u00e0 La Nouvelle-Orl\u00e9ans. Comme le note po\u00e9tiquement un guide\u00a0: \u00ab\u00a0La Nouvelle-Orl\u00e9ans est une ville d&#039;habitudes qui ont \u00e9volu\u00e9 vers de v\u00e9n\u00e9rables traditions.\u00a0\u00bb Haricots rouges du dimanche, fun\u00e9railles jazz et mascarades de carnaval ont tous commenc\u00e9 comme des coutumes quotidiennes avant de devenir des symboles de la ville. La saison annuelle des d\u00e9fil\u00e9s de Mardi Gras (Carnaval) est l&#039;expression la plus vivante de cet h\u00e9ritage\u00a0: des semaines de bals masqu\u00e9s et de d\u00e9fil\u00e9s nocturnes o\u00f9 des \u00ab\u00a0krewes\u00a0\u00bb costum\u00e9s lancent des perles dans les rues. Mais m\u00eame en dehors de Mardi Gras, l&#039;esprit de f\u00eate est constant. Des concerts de jazz se produisent chaque soir dans les clubs de Frenchmen Street, et des festivals rythment le calendrier toute l&#039;ann\u00e9e\u00a0: du Jazz &amp; Heritage Festival chaque printemps aux Congo Square Rhythms en \u00e9t\u00e9, en passant par le French Quarter Festival et d&#039;innombrables d\u00e9fil\u00e9s ethniques.<\/p>\n<p>Compar\u00e9 \u00e0 d&#039;autres grandes villes, le rythme de vie \u00e0 La Nouvelle-Orl\u00e9ans para\u00eet lent. Les habitants sont fiers de l&#039;hospitalit\u00e9 et de la chaleur du Sud. Les \u00e9trangers saluent souvent avec un sourire ou un \u00ab\u00a0Comment \u00e7a va\u00a0?\u00a0\u00bb amical, m\u00eame \u00e0 l&#039;\u00e9picerie fine ou chez un r\u00e9parateur. Comme l&#039;a remarqu\u00e9 un visiteur, \u00ab\u00a0les habitants respirent la chaleur et la convivialit\u00e9\u00a0\u00bb, une caract\u00e9ristique attribu\u00e9e \u00e0 la charit\u00e9 chr\u00e9tienne et au charme d&#039;antan de la ville. Les caf\u00e9s de Jackson Square d\u00e9bordent de terrasses o\u00f9 les gens s&#039;attardent tranquillement autour d&#039;un caf\u00e9 au lait et de beignets. Les musiciens de rue jouant au soleil sont aussi courants que les pick-up sur la route. Pourtant, sous cette convivialit\u00e9 se cache un esprit vif\u00a0: les N\u00e9orl\u00e9anais plaisantent en disant que la ville est si d\u00e9contract\u00e9e que \u00ab\u00a0m\u00eame les horloges prennent leur temps\u00a0\u00bb.<\/p>\n<p>Malgr\u00e9 ces charmes, la vie ici a son c\u00f4t\u00e9 obscur. La ville a longtemps lutt\u00e9 contre les in\u00e9galit\u00e9s \u00e9conomiques et la criminalit\u00e9. Pendant des d\u00e9cennies, La Nouvelle-Orl\u00e9ans a enregistr\u00e9 l&#039;un des taux d&#039;homicides les plus \u00e9lev\u00e9s des \u00c9tats-Unis. Cette r\u00e9alit\u00e9 temp\u00e8re cette image par ailleurs fantaisiste. Ces cinq derni\u00e8res ann\u00e9es, la ville a r\u00e9alis\u00e9 quelques progr\u00e8s en mati\u00e8re de s\u00e9curit\u00e9 publique\u00a0; \u00e0 la mi-2024, la criminalit\u00e9 d\u00e9clar\u00e9e avait diminu\u00e9 d&#039;environ 26\u00a0% par rapport \u00e0 l&#039;ann\u00e9e pr\u00e9c\u00e9dente. Les visiteurs sont toujours invit\u00e9s \u00e0 rester vigilants, surtout apr\u00e8s la tomb\u00e9e de la nuit. Mais le plus souvent, un nouveau venu se souviendra de la gentillesse des chauffeurs de tramway, du doux parfum des magnolias et des rires joyeux des clients du Caf\u00e9 du Monde. Au final, c&#039;est \u00ab\u00a0l&#039;ambiance du Quartier fran\u00e7ais\u00a0\u00bb \u2013 l&#039;enseigne chaleureuse en fran\u00e7ais du Quartier fran\u00e7ais aux coins des rues, les parapluies rouges et les balcons en fer forg\u00e9 \u2013 qui laisse une impression durable.<\/p>\n<p>La Nouvelle-Orl\u00e9ans offre \u00e0 tout voyageur un v\u00e9ritable concentr\u00e9 de sites incontournables. Parmi eux, le Quartier fran\u00e7ais, la vieille ville historique fond\u00e9e en 1718. Son c\u0153ur est Jackson Square, une place publique domin\u00e9e par la cath\u00e9drale Saint-Louis en pierre blanche (la plus ancienne cath\u00e9drale catholique des \u00c9tats-Unis toujours en activit\u00e9). Autour de la place et de Bourbon Street, \u00e0 proximit\u00e9, se dressent des maisons de ville aux couleurs pastel aux balcons en fer forg\u00e9 orn\u00e9s de fleurs. On y d\u00e9couvre des lieux l\u00e9gendaires\u00a0: musiciens de porche, statues, vendeurs d&#039;art de rue et le c\u00e9l\u00e8bre Caf\u00e9 du Monde, qui sert des beignets \u00e0 la praline et du caf\u00e9 \u00e0 la chicor\u00e9e. Le Quartier abrite \u00e9galement le Preservation Hall, qui propose des concerts de jazz acoustique en soir\u00e9e, et les boutiques de Royal Street, o\u00f9 l&#039;on trouve des antiquit\u00e9s et des \u0153uvres d&#039;art.<\/p>\n<p>Au-del\u00e0 du quartier, les attractions abondent. Le Mus\u00e9e national de la Seconde Guerre mondiale, situ\u00e9 dans le Warehouse District, a \u00e9t\u00e9 class\u00e9 \u00e0 plusieurs reprises parmi les meilleurs mus\u00e9es d&#039;Am\u00e9rique. Ses expositions immersives sur le D\u00e9barquement, Midway et bien d&#039;autres attirent les passionn\u00e9s d&#039;histoire militaire. Les amateurs d&#039;art se rendront au Mus\u00e9e d&#039;art de la Nouvelle-Orl\u00e9ans (NOMA) et au jardin de sculptures Sydney et Walda Besthoff adjacent, dans le parc municipal. Les habitants de Crescent City admirent le parc et le zoo Audubon du centre-ville, ainsi que le parc municipal, tr\u00e8s appr\u00e9ci\u00e9 des habitants, avec ses ch\u00eanes centenaires et ses jardins botaniques. Pour une vue panoramique, le bateau \u00e0 vapeur Natchez, situ\u00e9 au bord de la rivi\u00e8re, propose des croisi\u00e8res quotidiennes en roue \u00e0 aubes au-dessus de la ligne d&#039;horizon. \u00c0 ne pas manquer\u00a0: les cimeti\u00e8res en surface (comme le St. Louis No.\u00a01), ces \u00e9tranges \u00ab\u00a0Cit\u00e9s des morts\u00a0\u00bb o\u00f9 des mausol\u00e9es richement d\u00e9cor\u00e9s abritent des g\u00e9n\u00e9rations de N\u00e9o-Orl\u00e9anais.<\/p>\n<p>Parmi les sites incontournables, on trouve \u00e9galement le Garden District, \u00e0 quelques kilom\u00e8tres en amont, o\u00f9 de majestueuses demeures du XIXe si\u00e8cle bordent des rues ombrag\u00e9es de ch\u00eanes. On peut emprunter le tramway historique de St. Charles Avenue, longeant une canop\u00e9e de ch\u00eanes et longeant l&#039;universit\u00e9 Loyola jusqu&#039;aux imposantes colonnes de l&#039;universit\u00e9 Tulane. Le Museum of Art et le Confederate Memorial, situ\u00e9s en ville, compl\u00e8tent les arr\u00eats plus culturels. Au total, on observe une agr\u00e9able tension entre les quartiers historiques d\u00e9labr\u00e9s (l&#039;\u00e9l\u00e9gance \u00e9pur\u00e9e et le doux d\u00e9clin de la vieille Nouvelle-Orl\u00e9ans) et les quartiers modernes revitalis\u00e9s, regorgeant de galeries et de caf\u00e9s. Chaque coin de rue offre un aper\u00e7u de l&#039;histoire complexe de la ville\u00a0: les bars n\u00e9on de Bourbon Street vibrent \u00e0 c\u00f4t\u00e9 des maisons coloniales fran\u00e7aises\u00a0; les digues basses rappellent que le puissant fleuve et le golfe ne sont jamais bien loin.<\/p>\n<p>La Nouvelle-Orl\u00e9ans est bien desservie. L&#039;a\u00e9roport international Louis Armstrong de La Nouvelle-Orl\u00e9ans (MSY) se trouve \u00e0 environ 18 kilom\u00e8tres \u00e0 l&#039;ouest du centre-ville\u00a0; il dessert des dizaines de compagnies a\u00e9riennes et des vols directs vers des villes du monde entier. Plus pr\u00e8s, le petit a\u00e9roport de Lakefront propose des vols de banlieue limit\u00e9s. Les principales autoroutes convergent \u00e9galement ici, ce qui en fait un carrefour de la c\u00f4te du Golfe\u00a0: les autoroutes 10 et 610 contournent la ville, tandis que les autoroutes 55 et 59 se dirigent vers le nord. La ligne Crescent d&#039;Amtrak (de New York \u00e0 La Nouvelle-Orl\u00e9ans) dessert quotidiennement le terminal passagers Union, id\u00e9alement situ\u00e9 \u00e0 proximit\u00e9 des lignes de tramway et de la gare routi\u00e8re. En voiture, les routes panoramiques le long du fleuve (US-61) ou du Golfe (US-90) offrent des trajets m\u00e9morables.<\/p>\n<p>Une fois en ville, les visiteurs disposent de multiples options de transport. Les c\u00e9l\u00e8bres tramways verts et rouges de la ville sillonnent les principaux axes routiers\u00a0: les lignes Riverfront, Canal Street, St. Charles (vers Garden District) et Rampart-St. Claude. Ces charmants tramways anciens (certains datant des ann\u00e9es\u00a01920) offrent un moyen facile de d\u00e9couvrir la ville depuis la surface. Un r\u00e9seau de bus complet (RTA) dessert tous les quartiers, et une extension de la ligne de tramway moderne (ouverte en\u00a02016) rejoint Tulane Avenue. Les taxis, les VTC et les ferries fluviaux (vers Algiers Point, de l&#039;autre c\u00f4t\u00e9 du Mississippi) sont nombreux. Notez que le Quartier fran\u00e7ais lui-m\u00eame est tr\u00e8s accessible \u00e0 pied et est en grande partie d\u00e9pourvu de circulation automobile. De nombreux habitants et touristes se d\u00e9placent \u00e0 pied ou en v\u00e9lo de location.<\/p>\n<p>La monnaie est le dollar am\u00e9ricain et l&#039;anglais est parl\u00e9 partout (m\u00eame si de nombreux menus pr\u00e9sentent encore des plats en fran\u00e7ais). Le pourboire est d&#039;usage \u2013 environ 15 \u00e0 20 % dans les restaurants et les bars. Le rythme et le code vestimentaire de la ville sont informels\u00a0; une tenue d\u00e9contract\u00e9e est acceptable presque partout (bien que les restaurants haut de gamme puissent exiger le port d&#039;une veste pour les hommes). Les N\u00e9o-Orl\u00e9anais sont prompts \u00e0 saluer \u00ab\u00a0ya&#039;ll\u00a0\u00bb, donc un \u00ab\u00a0bonjour\u00a0\u00bb ou un \u00ab\u00a0merci\u00a0\u00bb amical en passant est toujours appr\u00e9ci\u00e9. Culturellement, les gens se d\u00e9placent lentement\u00a0; si vous \u00eates press\u00e9, pr\u00e9voyez plus de temps que d&#039;habitude.<\/p>\n<p>Historiquement, la Nouvelle-Orl\u00e9ans a connu des taux de criminalit\u00e9 plus \u00e9lev\u00e9s que de nombreuses villes, mais la situation varie selon les quartiers. Les zones les plus touristiques (le Quartier fran\u00e7ais, le CBD, le Garden District) sont g\u00e9n\u00e9ralement s\u00fbres le jour. Les visiteurs doivent prendre les pr\u00e9cautions d&#039;usage la nuit, rester dans les zones \u00e9clair\u00e9es et ranger leurs effets personnels en s\u00e9curit\u00e9. Le NOPD note une baisse globale de la criminalit\u00e9 en 2024. Par-dessus tout, un comportement raisonnable (ne pas exhiber ses objets de valeur, voyager en groupe si possible apr\u00e8s la tomb\u00e9e de la nuit) contribuera \u00e0 un s\u00e9jour agr\u00e9able. Les premiers secours et l&#039;intervention de la police sont facilement accessibles en centre-ville. Malgr\u00e9 ces pr\u00e9cautions, La Nouvelle-Orl\u00e9ans reste une ville accueillante, qui r\u00e9compense le visiteur ouvert d&#039;esprit par une musique, une gastronomie et une hospitalit\u00e9 typiques du Sud inoubliables.<a href=\"https:\/\/travelshelper.com\/fr\/destinations\/amerique-du-nord\/etats-unis-damerique\/berkeley-springs\/\" target=\"_self\" aria-labelledby=\"uael-post-8997\"><br \/>\n<\/a><\/p>","protected":false},"excerpt":{"rendered":"<p>La Nouvelle-Orl\u00e9ans, souvent surnomm\u00e9e NOLA ou la \u00ab\u00a0Big Easy\u00a0\u00bb, est une ville-paroisse consolid\u00e9e situ\u00e9e le long du Mississippi, dans le sud-est de la Louisiane. Avec une population de 383\u00a0997 habitants, le recensement am\u00e9ricain de 2020 la classe comme la plus peupl\u00e9e de Louisiane et du territoire de la Louisiane fran\u00e7aise. Elle se classe \u00e9galement au troisi\u00e8me rang des villes les plus peupl\u00e9es du Sud profond et au douzi\u00e8me rang du sud-est des \u00c9tats-Unis. Pour la c\u00f4te du Golfe des \u00c9tats-Unis, La Nouvelle-Orl\u00e9ans est un port majeur et un p\u00f4le commercial et \u00e9conomique reconnu.<\/p>","protected":false},"author":1,"featured_media":3170,"parent":8072,"menu_order":0,"comment_status":"closed","ping_status":"closed","template":"elementor_theme","meta":{"_eb_attr":"","footnotes":""},"class_list":["post-8297","page","type-page","status-publish","has-post-thumbnail"],"_links":{"self":[{"href":"https:\/\/travelshelper.com\/fr\/wp-json\/wp\/v2\/pages\/8297","targetHints":{"allow":["GET"]}}],"collection":[{"href":"https:\/\/travelshelper.com\/fr\/wp-json\/wp\/v2\/pages"}],"about":[{"href":"https:\/\/travelshelper.com\/fr\/wp-json\/wp\/v2\/types\/page"}],"author":[{"embeddable":true,"href":"https:\/\/travelshelper.com\/fr\/wp-json\/wp\/v2\/users\/1"}],"replies":[{"embeddable":true,"href":"https:\/\/travelshelper.com\/fr\/wp-json\/wp\/v2\/comments?post=8297"}],"version-history":[{"count":0,"href":"https:\/\/travelshelper.com\/fr\/wp-json\/wp\/v2\/pages\/8297\/revisions"}],"up":[{"embeddable":true,"href":"https:\/\/travelshelper.com\/fr\/wp-json\/wp\/v2\/pages\/8072"}],"wp:featuredmedia":[{"embeddable":true,"href":"https:\/\/travelshelper.com\/fr\/wp-json\/wp\/v2\/media\/3170"}],"wp:attachment":[{"href":"https:\/\/travelshelper.com\/fr\/wp-json\/wp\/v2\/media?parent=8297"}],"curies":[{"name":"wp","href":"https:\/\/api.w.org\/{rel}","templated":true}]}}