{"id":8219,"date":"2024-09-01T20:08:53","date_gmt":"2024-09-01T20:08:53","guid":{"rendered":"https:\/\/travelshelper.com\/staging\/?page_id=8219"},"modified":"2026-03-13T17:59:34","modified_gmt":"2026-03-13T17:59:34","slug":"miami-beach","status":"publish","type":"page","link":"https:\/\/travelshelper.com\/fr\/destinations\/north-america\/united-states\/miami-beach\/","title":{"rendered":"Miami Beach"},"content":{"rendered":"<p>Miami Beach est une ville plus petite en termes de population, mais elle domine largement le secteur touristique. La ville comptait environ 78\u00a0000 habitants en 2025, contre environ 82\u00a0000 en 2020. (Elle fait partie int\u00e9grante de l&#039;agglom\u00e9ration de Miami, qui compte plus de 6 millions d&#039;habitants.) L&#039;\u00e2ge m\u00e9dian de Miami Beach est plut\u00f4t \u00e9lev\u00e9 \u2013 environ 47 ans \u2013, ce qui refl\u00e8te sa popularit\u00e9 aupr\u00e8s des retrait\u00e9s et des visiteurs hivernaux, bien que la population saisonni\u00e8re augmente en hiver avec les snowbirds. Sur le plan \u00e9conomique, Miami Beach prosp\u00e8re gr\u00e2ce \u00e0 l&#039;immobilier et \u00e0 l&#039;h\u00f4tellerie\u00a0: le revenu m\u00e9dian des m\u00e9nages est relativement \u00e9lev\u00e9 (environ 67\u00a0000\u00a0$) gr\u00e2ce \u00e0 ses quartiers ais\u00e9s et \u00e0 son \u00e9conomie ax\u00e9e sur les stations baln\u00e9aires. Le taux de ch\u00f4mage est g\u00e9n\u00e9ralement faible, tandis que la pauvret\u00e9 est faible par rapport aux normes nationales (environ 14\u00a0%). Sur le plan racial et ethnique, la ville est tr\u00e8s diversifi\u00e9e\u00a0: environ 56\u00a0% de la population se d\u00e9clare blanche (non hispanique), avec d&#039;importantes communaut\u00e9s hispaniques\/latinos et autres minorit\u00e9s. Pr\u00e8s de 60 % des r\u00e9sidents parlent espagnol \u00e0 la maison, ce qui refl\u00e8te la forte influence de la migration latino-am\u00e9ricaine et carib\u00e9enne.<\/p>\n<p>Miami Beach est une station baln\u00e9aire tropicale situ\u00e9e sur un archipel le long de la c\u00f4te atlantique de la Floride, juste \u00e0 l&#039;est de Miami, sur le continent. La ville s&#039;\u00e9tend sur l&#039;\u00eele de Miami Beach (o\u00f9 se trouve South Beach), les \u00eeles Normandy et Biscayne, ainsi que sur des \u00eeles plus petites, toutes s\u00e9par\u00e9es du continent par la baie de Biscayne. Situ\u00e9e \u00e0 l&#039;extr\u00e9mit\u00e9 sud de l&#039;Am\u00e9rique du Nord, en Floride, elle fait partie du sud-est des \u00c9tats-Unis. Le paysage est plat et oc\u00e9anique, avec des kilom\u00e8tres de plages de sable face \u00e0 l&#039;oc\u00e9an Atlantique \u00e0 l&#039;est et des baies et lagons \u00e0 l&#039;ouest. Ici, pas de montagnes ni de collines, juste des palmiers, des promenades bord\u00e9es de palmiers et les c\u00e9l\u00e8bres b\u00e2timents Art d\u00e9co aux couleurs pastel de South Beach.<\/p>\n<p>Le climat est typiquement tropical. Miami Beach conna\u00eet des \u00e9t\u00e9s chauds et humides et des hivers doux et temp\u00e9r\u00e9s. La ville se situe dans la zone de la \u00ab mousson tropicale \u00bb\u00a0: l&#039;\u00e9t\u00e9 (de mai \u00e0 octobre) est marqu\u00e9 par de fr\u00e9quents orages l&#039;apr\u00e8s-midi et un risque d&#039;ouragan, avec des temp\u00e9ratures maximales diurnes souvent sup\u00e9rieures \u00e0 30\u00a0\u00b0C. Les mois d&#039;hiver sont chauds (maximums en janvier autour de 15\u00a0\u00b0C et 21\u00a0\u00b0C) et les temp\u00e9ratures descendent rarement en dessous de 10\u00a0\u00b0C. La saison des pluies culmine \u00e0 la fin de l&#039;\u00e9t\u00e9, contribuant \u00e0 une pluviom\u00e9trie annuelle moyenne d&#039;environ 132\u00a0cm, juillet et septembre \u00e9tant particuli\u00e8rement humides. Les ouragans et les temp\u00eates tropicales peuvent menacer de juin \u00e0 novembre\u00a0; les voyageurs pendant cette saison doivent donc surveiller les pr\u00e9visions m\u00e9t\u00e9orologiques. Globalement, le climat est propice \u00e0 la plage toute l&#039;ann\u00e9e, mais une protection solaire et des v\u00eatements l\u00e9gers sont indispensables en \u00e9t\u00e9, tandis qu&#039;une veste l\u00e9g\u00e8re suffit pour les soir\u00e9es d&#039;hiver plus fra\u00eeches.<\/p>\n<p>L&#039;histoire de Miami Beach en tant que station baln\u00e9aire remonte au d\u00e9but du XXe si\u00e8cle. Les \u00eeles \u00e9taient en grande partie inhabit\u00e9es jusqu&#039;\u00e0 la construction de la premi\u00e8re chauss\u00e9e. En 1913, le d\u00e9veloppement a d\u00e9marr\u00e9 lorsque le financier John S. Collins a achev\u00e9 le pont Collins sur la baie de Biscayne, \u00e0 l&#039;\u00e9poque le plus long pont en bois du monde. Collins (et plus tard Carl Fisher, magnat de l&#039;automobile et promoteur sexag\u00e9naire) a commenc\u00e9 \u00e0 vendre des terrains et \u00e0 construire des h\u00f4tels. La ville de \u00ab Miami Beach \u00bb a \u00e9t\u00e9 officiellement constitu\u00e9e en 1915. Miami Beach s&#039;est d\u00e9velopp\u00e9e dans les ann\u00e9es 1920 gr\u00e2ce au boom foncier en Floride\u00a0; nombre de ses h\u00f4tels Art d\u00e9co embl\u00e9matiques datent de 1923 \u00e0 1943. Le quartier historique Art d\u00e9co de South Beach est devenu particuli\u00e8rement remarquable\u00a0; il a d&#039;ailleurs \u00e9t\u00e9 inscrit au Registre national des lieux historiques des \u00c9tats-Unis en 1979 comme la plus grande collection d&#039;architecture Art d\u00e9co au monde.<\/p>\n<p>Les d\u00e9cennies suivantes ont connu des hauts et des bas. Au milieu du si\u00e8cle, Miami Beach est devenue une destination pris\u00e9e des retrait\u00e9s et des c\u00e9l\u00e9brit\u00e9s. Les ann\u00e9es 1960 et 1970 ont marqu\u00e9 un d\u00e9clin, certains touristes ayant quitt\u00e9 la ville, mais les efforts de pr\u00e9servation des b\u00e2timents Art d\u00e9co dans les ann\u00e9es 1980 et 1990 ont donn\u00e9 naissance \u00e0 un renouveau. Aujourd&#039;hui, Miami Beach est mondialement connue comme une ville-mus\u00e9e Art d\u00e9co, apr\u00e8s s&#039;\u00eatre r\u00e9invent\u00e9e \u00e0 plusieurs reprises. Son histoire ancienne \u2013 des cocoteraies de Collins et du Flamingo Hotel (vers 1920) aux complexes h\u00f4teliers fastueux d&#039;aujourd&#039;hui \u2013 t\u00e9moigne d&#039;une croissance soutenue du tourisme et de l&#039;immobilier.<\/p>\n<p>Miami Beach est une ville am\u00e9ricaine des plus cosmopolites. L&#039;anglais et l&#039;espagnol y sont courants\u00a0; plus de la moiti\u00e9 de la population parle espagnol \u00e0 la maison. La culture de la ville est un vibrant m\u00e9lange d&#039;influences cubaines, ha\u00eftiennes, europ\u00e9ennes et am\u00e9ricaines, qui transpara\u00eet dans sa cuisine, sa musique et sa vie de rue. Ses quartiers ont des personnalit\u00e9s distinctes\u00a0: le quartier chic de South Beach (SoBe) est r\u00e9put\u00e9 pour ses bo\u00eetes de nuit glamour, ses rythmes latinos et son importante communaut\u00e9 LGBT\u00a0; Mid-Beach et North Beach offrent une ambiance r\u00e9sidentielle plus calme et familiale.<\/p>\n<p>Traditionnellement, la vie \u00e0 Miami Beach s&#039;articule autour de la plage et de la vie nocturne. South Beach, en particulier, est r\u00e9put\u00e9e pour son dynamisme permanent\u00a0: clubs haut de gamme, pool parties et \u00e9v\u00e9nements rassemblant c\u00e9l\u00e9brit\u00e9s (pensez aux douces soir\u00e9es d&#039;Ocean Drive ou du Club Space). Le jour, c&#039;est un paradis pour les bains de soleil, les sports nautiques et l&#039;ambiance d\u00e9contract\u00e9e des lounges de plage. Les habitants profitent des activit\u00e9s de plein air le long des sentiers du front de mer, et la ville poss\u00e8de une importante sc\u00e8ne artistique et mode (par exemple, Miami Beach accueille chaque ann\u00e9e en d\u00e9cembre la foire d&#039;art contemporain Art Basel, qui attire des foules internationales). Les festivals refl\u00e8tent cette diversit\u00e9\u00a0: Calle Ocho\/Carnaval Miami \u00e0 Little Havana (mars) et la Miami Beach Pride (mars) c\u00e9l\u00e8brent les cultures latino et LGBTQ, tandis que le South Beach Food &amp; Wine Festival (f\u00e9vrier) et la Winter Music Conference (mars) attirent des foules de gourmets et de musiciens du monde entier.<\/p>\n<p>Au quotidien, Miami Beach est une ville dynamique et quelque peu glamour. Nombreux sont ceux qui travaillent dans le tourisme, l&#039;h\u00f4tellerie, la finance et les technologies \u00e0 Miami, \u00e0 proximit\u00e9. On y retrouve un c\u00f4t\u00e9 d\u00e9contract\u00e9 et luxueux, des trottoirs bord\u00e9s de caf\u00e9s aux boutiques haut de gamme en passant par les coffee shops cubains. Malgr\u00e9 son image festive, les habitants conservent un fort sentiment d&#039;appartenance\u00a0: les familles profitent des parcs de la plage, et l&#039;on se salue avec une chaleur d\u00e9contract\u00e9e sous le soleil de Floride. En bref, l&#039;atmosph\u00e8re de Miami Beach est \u00e9lectrique, haut de gamme et multiculturelle\u00a0; une ville baln\u00e9aire o\u00f9 les saveurs latino-am\u00e9ricaines, les artistes internationaux et la vie marine se fondent harmonieusement dans le quotidien.<\/p>\n<p>Les attractions de Miami Beach reposent principalement sur ses plages, son architecture et sa sc\u00e8ne culturelle. La plus c\u00e9l\u00e8bre est South Beach (souvent appel\u00e9e SoBe), une \u00e9tendue de trois kilom\u00e8tres de plage aux vagues turquoise et au sable blanc. Son quartier Art d\u00e9co adjacent (centr\u00e9 sur Ocean Drive et Collins Avenue) est un attrait majeur\u00a0: des centaines d&#039;h\u00f4tels, d&#039;appartements et de monuments aux couleurs pastel, construits dans les ann\u00e9es\u00a01920-1940. Explorer ce quartier historique \u00e0 pied ou \u00e0 v\u00e9lo (par exemple, lors du circuit du quartier architectural de Miami Beach) est une exp\u00e9rience incontournable.<\/p>\n<p>Parmi les autres sites incontournables, citons le Lincoln Road Mall, une rue pi\u00e9tonne en plein air avec boutiques et restaurants\u00a0; le mus\u00e9e Wolfsonian-FIU (mus\u00e9e de design Art d\u00e9co install\u00e9 dans un ancien h\u00f4tel des ann\u00e9es\u00a01920)\u00a0; le Bass Museum of Art (art contemporain dans un b\u00e2timent n\u00e9o-Renaissance)\u00a0; et le M\u00e9morial de l&#039;Holocauste (une sculpture ext\u00e9rieure mobile). Pour des moments de d\u00e9tente en pleine nature, le Jardin botanique de Miami Beach et le parc South Pointe (\u00e0 l&#039;extr\u00e9mit\u00e9 de South Beach avec vue sur le phare) sont des havres de paix. Impossible de d\u00e9crire la ville sans la promenade de Miami Beach, qui longe le sable sur des kilom\u00e8tres au nord. La vie nocturne et les divertissements se concentrent sur les clubs \u00e9clair\u00e9s au n\u00e9on d&#039;Ocean Drive, ainsi que sur les bars rooftop haut de gamme.<\/p>\n<p>\u00c0 proximit\u00e9, le march\u00e9 de Lincoln Road (qui se tient tous les mois) propose de l&#039;artisanat et des produits locaux. Si vous vous aventurez un peu plus loin, vous pourrez visiter le mus\u00e9e Art d\u00e9co et le Miami Beach Convention Center (qui accueille Art Basel). En r\u00e9sum\u00e9, les incontournables de Miami Beach allient loisirs baln\u00e9aires, art et design \u2013 des plages ensoleill\u00e9es aux foires d&#039;art de renomm\u00e9e internationale \u2013, refl\u00e9tant le charme baln\u00e9aire et l&#039;atmosph\u00e8re internationale de la ville.<\/p>\n<p>Miami Beach ne poss\u00e8de pas d&#039;a\u00e9roport commercial, mais est facilement accessible via l&#039;a\u00e9roport international de Miami (MIA), situ\u00e9 \u00e0 environ 19 kilom\u00e8tres \u00e0 l&#039;int\u00e9rieur des terres. MIA propose de nombreux vols internationaux et nationaux. Les a\u00e9roports de Fort Lauderdale-Hollywood (FLL) et de Palm Beach (PBI) sont \u00e9galement accessibles dans un rayon de 72 \u00e0 110 kilom\u00e8tres. Depuis l&#039;a\u00e9roport, vous pouvez prendre un taxi, un service de covoiturage ou le Metrobus\/Miami Beach Airport Flyer pour vous rendre \u00e0 Miami Beach. Les chauss\u00e9es (Julia Tuttle et Venetian) relient les \u00eeles \u00e0 la ville de Miami.<\/p>\n<p>\u00c0 Miami Beach, la voiture est facultative. South Beach est tr\u00e8s accessible \u00e0 pied et \u00e0 v\u00e9lo\u00a0; le service gratuit de tramway de Miami Beach propose plusieurs circuits (lignes South Beach, Collins, Mid-Beach et North Beach). Les r\u00e9seaux Metrorail et Metrobus desservent la partie continentale de Miami, et le Metrorail relie l&#039;a\u00e9roport et le centre-ville. Un parking couvert est g\u00e9n\u00e9ralement n\u00e9cessaire si vous conduisez, et le stationnement dans la rue peut \u00eatre difficile \u00e0 SoBe. Les taxis partag\u00e9s (Uber\/Lyft) et le r\u00e9seau de bus Miami-Dade desservent \u00e9galement Miami Beach. En g\u00e9n\u00e9ral, pr\u00e9voyez de vous d\u00e9placer \u00e0 pied ou \u00e0 v\u00e9lo \u00e0 South Beach, et peut-\u00eatre de louer une voiture pour des excursions d&#039;une journ\u00e9e vers le nord jusqu&#039;\u00e0 Palm Beach ou vers l&#039;ouest jusqu&#039;aux Everglades.<\/p>\n<p>La monnaie est le dollar am\u00e9ricain\u00a0; un pourboire (15 \u00e0 20\u00a0% dans les restaurants et bars) est de mise. L&#039;anglais et l&#039;espagnol sont largement compris (de nombreux menus et panneaux sont bilingues). Une tenue tr\u00e8s d\u00e9contract\u00e9e est de mise\u00a0; tenue de plage, tongs et shorts sont courants en journ\u00e9e. La ville est s\u00fbre dans les zones touristiques, mais des vols \u00e0 la tire peuvent survenir\u00a0; surveillez vos effets personnels \u00e0 la plage et sur les terrasses bond\u00e9es. Une protection solaire est essentielle toute l&#039;ann\u00e9e (cr\u00e8me solaire, chapeau) en raison des forts rayons UV. Si vous visitez la ville pendant la saison des ouragans (juin-novembre), restez attentif aux alertes m\u00e9t\u00e9o (bien que les catastrophes majeures soient rares). \u00c9vitez les plages l&#039;apr\u00e8s-midi en plein \u00e9t\u00e9 (les indices de chaleur peuvent grimper en fl\u00e8che), pr\u00e9f\u00e9rant les plages t\u00f4t le matin ou en fin d&#039;apr\u00e8s-midi. Enfin, la courtoisie envers les habitants et le respect du calme apr\u00e8s 22\u00a0h contribueront grandement \u00e0 vous fondre dans la communaut\u00e9 des amateurs de plage et des r\u00e9sidents.<a href=\"https:\/\/travelshelper.com\/fr\/destinations\/amerique-du-nord\/etats-unis-damerique\/berkeley-springs\/\" target=\"_self\" aria-labelledby=\"uael-post-8997\"><br \/>\n<\/a><\/p>","protected":false},"excerpt":{"rendered":"<p>Miami Beach, qui fait partie de l&#039;agglom\u00e9ration de Miami, dans le sud de la Floride, est une station baln\u00e9aire c\u00f4ti\u00e8re du comt\u00e9 de Miami-Dade, en Floride. C&#039;est une ville dynamique et dynamique. Situ\u00e9e sur une s\u00e9rie d&#039;\u00eeles-barri\u00e8res naturelles et artificielles entre la paisible baie de Biscayne et le vaste oc\u00e9an Atlantique, cette municipalit\u00e9 est naturellement divis\u00e9e en deux. La baie s\u00e9pare Miami Beach de la ville continentale de Miami. Parmi les nombreux quartiers de Miami Beach, South Beach est le plus c\u00e9l\u00e8bre avec ses 6,5 km\u00b2. Avec Downtown Miami et PortMiami, South Beach constitue le centre d&#039;affaires dynamique du sud de la Floride.<\/p>","protected":false},"author":1,"featured_media":3272,"parent":8072,"menu_order":0,"comment_status":"closed","ping_status":"closed","template":"elementor_theme","meta":{"_eb_attr":"","footnotes":""},"class_list":["post-8219","page","type-page","status-publish","has-post-thumbnail"],"_links":{"self":[{"href":"https:\/\/travelshelper.com\/fr\/wp-json\/wp\/v2\/pages\/8219","targetHints":{"allow":["GET"]}}],"collection":[{"href":"https:\/\/travelshelper.com\/fr\/wp-json\/wp\/v2\/pages"}],"about":[{"href":"https:\/\/travelshelper.com\/fr\/wp-json\/wp\/v2\/types\/page"}],"author":[{"embeddable":true,"href":"https:\/\/travelshelper.com\/fr\/wp-json\/wp\/v2\/users\/1"}],"replies":[{"embeddable":true,"href":"https:\/\/travelshelper.com\/fr\/wp-json\/wp\/v2\/comments?post=8219"}],"version-history":[{"count":0,"href":"https:\/\/travelshelper.com\/fr\/wp-json\/wp\/v2\/pages\/8219\/revisions"}],"up":[{"embeddable":true,"href":"https:\/\/travelshelper.com\/fr\/wp-json\/wp\/v2\/pages\/8072"}],"wp:featuredmedia":[{"embeddable":true,"href":"https:\/\/travelshelper.com\/fr\/wp-json\/wp\/v2\/media\/3272"}],"wp:attachment":[{"href":"https:\/\/travelshelper.com\/fr\/wp-json\/wp\/v2\/media?parent=8219"}],"curies":[{"name":"wp","href":"https:\/\/api.w.org\/{rel}","templated":true}]}}