{"id":8139,"date":"2024-09-01T13:05:58","date_gmt":"2024-09-01T13:05:58","guid":{"rendered":"https:\/\/travelshelper.com\/staging\/?page_id=8139"},"modified":"2026-03-13T17:53:48","modified_gmt":"2026-03-13T17:53:48","slug":"kansas-city","status":"publish","type":"page","link":"https:\/\/travelshelper.com\/fr\/destinations\/north-america\/united-states\/kansas-city\/","title":{"rendered":"Kansas City"},"content":{"rendered":"<p>Kansas City s&#039;\u00e9tend \u00e0 la fronti\u00e8re du Missouri et du Kansas, mais nous nous concentrons ici sur Kansas City, Missouri (souvent simplement \u00ab\u00a0Kansas City\u00a0\u00bb, population d&#039;environ 500\u00a0000 habitants). Kansas City est une m\u00e9tropole majeure du Midwest, historiquement connue pour son jazz, sa cuisine barbecue et son r\u00e9seau de fontaines, entre autres distinctions culturelles. Aujourd&#039;hui, Kansas City compte environ 508\u00a0000 habitants (estimation 2023), dont une population m\u00e9tropolitaine tentaculaire d&#039;environ 2,1 millions d&#039;habitants. Elle se situe dans la r\u00e9gion des Grandes Plaines, au confluent des fleuves Missouri et Kansas (sud du Missouri). La ville elle-m\u00eame est situ\u00e9e sur un terrain essentiellement plat, avec la c\u00e9l\u00e8bre esth\u00e9tique pierre et barbecue dans des quartiers comme le Country Club Plaza (architecture d&#039;inspiration espagnole). Le climat de Kansas City est continental humide\u00a0: \u00e9t\u00e9s chauds et humides (orages fr\u00e9quents) et hivers froids et neigeux (avec risque de tornade au printemps).<\/p>\n<p>Sur le plan \u00e9conomique, Kansas City b\u00e9n\u00e9ficie d&#039;une base large et diversifi\u00e9e. Le PIB de la m\u00e9tropole s&#039;\u00e9l\u00e8ve \u00e0 environ 146 milliards de dollars. Parmi les secteurs cl\u00e9s figurent les biosciences (sant\u00e9 animale\/recherche pharmaceutique \u2013 Kansas City est un leader mondial avec 113\u00a0969 travailleurs dans les domaines li\u00e9s aux biosciences) et un secteur technologique robuste (environ 77\u00a0700 employ\u00e9s dans le secteur technologique en 2024). La logistique et la distribution sont importantes, gr\u00e2ce \u00e0 la situation g\u00e9ographique de Kansas City (grandes gares de triage et autoroutes), et emploient plus de 105\u00a0000 personnes. Les services financiers et les assurances (environ 77\u00a0000 emplois) sont \u00e9galement importants. L&#039;industrie manufacturi\u00e8re (en particulier l&#039;agroalimentaire, compte tenu des liens du Missouri avec l&#039;agriculture) reste \u00e9galement pr\u00e9sente dans l&#039;\u00e9conomie. Le revenu m\u00e9dian des m\u00e9nages \u00e0 Kansas City, Missouri, est d&#039;environ 67\u00a0449 dollars (2023), avec un taux de pauvret\u00e9 d&#039;environ 14,6 %. Ces derni\u00e8res d\u00e9cennies, Kansas City a attir\u00e9 des si\u00e8ges sociaux d&#039;entreprises et des startups, refl\u00e9tant sa situation centrale aux \u00c9tats-Unis et son co\u00fbt de la vie relativement bas.<\/p>\n<h2>Kansas City en chiffres<\/h2>\n<p>Kansas City, dans le Missouri, comptait environ 508\u00a0233 habitants en 2023. La composition d\u00e9mographique est diversifi\u00e9e\u00a0: environ 54,5\u00a0% de Blancs (non hispaniques), 25,5\u00a0% d\u2019Afro-Am\u00e9ricains et 12,3\u00a0% d\u2019Hispaniques ou de Latinos. Le reste est compos\u00e9 d\u2019Asiatiques et d\u2019autres groupes ethniques. Cette diversit\u00e9 alimente une sc\u00e8ne multiculturelle dynamique (\u00e0 noter l\u2019importance des communaut\u00e9s hispaniques au sud et au sud-ouest de la ville). L\u2019\u00e2ge m\u00e9dian \u00e0 Kansas City se situe autour de 35\u00a0ans. Le revenu m\u00e9dian des m\u00e9nages (environ 67\u00a0000\u00a0$) et la valeur des maisons sont modestes (la valeur moyenne des maisons se situe autour de 200\u00a0000\u00a0$, bien que certaines zones soient bien plus \u00e9lev\u00e9es), refl\u00e9tant le contexte du Midwest.<\/p>\n<p>\u00c0 l&#039;\u00e9chelle m\u00e9tropolitaine, Kansas City est l&#039;une des plus grandes m\u00e9tropoles des \u00c9tats-Unis\u00a0: environ 2,1\u00a0millions d&#039;habitants, ce qui la place au 30e rang national (selon le recensement de 2020). Son \u00e9conomie globale s&#039;\u00e9l\u00e8ve \u00e0 environ 146\u00a0milliards de dollars (2019), ce qui en fait un p\u00f4le r\u00e9gional d&#039;affaires et culturel important dans les plaines et les monts Ozarks. Par habitant, la m\u00e9tropole affiche un taux de participation \u00e9lev\u00e9 \u00e0 la population active et une pr\u00e9sence importante des entreprises. Le sport et l&#039;\u00e9v\u00e9nementiel y contribuent \u00e9galement\u00a0: les \u00e9quipes professionnelles de Kansas City (les Chiefs de la NFL, les Royals de la MLB, le Sporting KC de la MLS) attirent l&#039;attention nationale et ont un impact \u00e9conomique important.<\/p>\n<h2>Emplacement<\/h2>\n<p>Kansas City, dans le Missouri, se situe \u00e0 la fronti\u00e8re entre le Missouri et le Kansas, dans le Midwest am\u00e9ricain. Elle se trouve au confluent du Missouri (\u00e0 quelques kilom\u00e8tres au nord du centre-ville) et de son affluent, le Kansas (qui traverse le Kansas). Le paysage est principalement compos\u00e9 de plaines vallonn\u00e9es et de collines douces\u00a0; les points culminants notables incluent Penn Valley et Swope Parks. Kansas City culmine \u00e0 environ 260\u00a0m au-dessus du niveau de la mer.<\/p>\n<p>La ville est un carrefour routier\u00a0: l&#039;Interstate\u00a070 traverse Kansas City d&#039;est en ouest, reliant Saint-Louis (\u00e0 l&#039;est) et Denver (\u00e0 l&#039;ouest)\u00a0; l&#039;Interstate\u00a035 se dirige vers le nord en direction du Kansas (jusqu&#039;\u00e0 Des Moines) et vers le sud en direction d&#039;Oklahoma City\u00a0; l&#039;Interstate\u00a029 se dirige vers le nord en direction de l&#039;Iowa. Sa situation centrale aux \u00c9tats-Unis la rend accessible en une journ\u00e9e de route depuis une grande partie du pays.<\/p>\n<p>Le climat est continental\u00a0: les \u00e9t\u00e9s sont chauds et humides (maximums moyens d&#039;environ 32\u00a0\u00b0C en juillet, avec des nuits moites). Les hivers sont froids (maximums autour de 2\u00a0\u00b0C en janvier, minima autour de 10\u00a0\u00b0C, avec environ 50\u00a0cm de neige par an). Le printemps et l&#039;automne sont transitoires, bien que de violents orages (et parfois des tornades) puissent survenir au printemps. Les festivals en plein air peuvent \u00eatre sujets \u00e0 des changements climatiques soudains. Globalement, Kansas City conna\u00eet quatre saisons distinctes, un facteur \u00e0 prendre en compte lors de la planification de votre s\u00e9jour.<\/p>\n<h2>Aper\u00e7u historique<\/h2>\n<p>Les origines de Kansas City remontent \u00e0 l&#039;expansion vers l&#039;ouest du XIXe si\u00e8cle. \u00c0 l&#039;origine, Kansas City n&#039;\u00e9tait qu&#039;un port fluvial (Westport Landing) sur le Missouri, du nom du fleuve Kansas (et, par la suite, d&#039;une tribu am\u00e9rindienne). Apr\u00e8s la guerre de S\u00e9cession, la ville connut une croissance rapide gr\u00e2ce \u00e0 la construction du chemin de fer et \u00e0 sa position strat\u00e9gique comme porte d&#039;entr\u00e9e vers l&#039;Ouest. En 1870, Kansas City \u00e9tait d\u00e9j\u00e0 une ville importante et, au tournant du XXe si\u00e8cle, un important parc \u00e0 bestiaux et centre de conditionnement de viande pour le pays. \u00c0 cette \u00e9poque, Kansas City devint \u00e9galement un important centre de jazz et de culture afro-am\u00e9ricaine (notamment dans le quartier de 18th &amp; Vine, o\u00f9 se produisirent des l\u00e9gendes comme Charlie Parker et o\u00f9 se trouve aujourd&#039;hui le Negro Leagues Baseball Museum).<\/p>\n<p>Tout au long du XXe si\u00e8cle, la ville s&#039;est consolid\u00e9e avec ses banlieues (ann\u00e9es 1940-1960) et a poursuivi son expansion. Le c\u00e9l\u00e8bre quartier commer\u00e7ant Country Club Plaza, construit en 1922, fut l&#039;un des premiers centres commerciaux d\u00e9di\u00e9s \u00e0 l&#039;automobile. Apr\u00e8s un certain d\u00e9clin au milieu du si\u00e8cle, la revitalisation a d\u00e9but\u00e9 dans les ann\u00e9es 1990, avec la r\u00e9novation du centre-ville et de nouveaux investissements culturels. Ces derni\u00e8res ann\u00e9es, Kansas City s&#039;est dot\u00e9e d&#039;un nouvel horizon compos\u00e9 de tours de bureaux et d&#039;h\u00f4tels modernes. (Le Kauffman Center for the Performing Arts, inaugur\u00e9 en 2011, a marqu\u00e9 un tournant dans la croissance du Power &amp; Light District, au centre-ville.) Aujourd&#039;hui, Kansas City honore son h\u00e9ritage jazz (l&#039;American Jazz Museum), c\u00e9l\u00e8bre ses champions sportifs (victoires au Super Bowl et aux World Series) et conserve l&#039;hospitalit\u00e9 du Midwest. Ainsi, le r\u00e9cit historique est celui d&#039;une porte d&#039;entr\u00e9e, d&#039;un carrefour culturel dynamique et d&#039;un renouveau urbain r\u00e9silient.<\/p>\n<h2>Ambiance culturelle<\/h2>\n<p>Kansas City poss\u00e8de une identit\u00e9 culturelle forte et distinctive. Le jazz a fait ses d\u00e9buts dans les ann\u00e9es 1920-1930 dans les clubs de la 18e Rue et de Vine, et il demeure une tradition vivante aujourd&#039;hui. La ville accueille chaque soir des dizaines de salles de concert, de clubs et de jam sessions. L&#039;American Jazz Museum (dans le quartier historique de la 18e Rue et de Vine) et le Kansas City Jazz &amp; Heritage Festival, qui se tient chaque \u00e9t\u00e9, t\u00e9moignent de cet h\u00e9ritage.<\/p>\n<p>La culture du barbecue \u00e0 Kansas City est tout aussi embl\u00e9matique\u00a0: la ville revendique plus de 100\u00a0restaurants de barbecue, et les habitants prennent leurs viandes fum\u00e9es lentement tr\u00e8s au s\u00e9rieux. On y trouve tous les styles r\u00e9gionaux c\u00e9l\u00e8bres (par exemple, les pointes br\u00fbl\u00e9es, la sauce sucr\u00e9e), et il existe m\u00eame une application mobile \u00ab\u00a0KC BBQ Experience\u00a0\u00bb qui \u00e9value les ma\u00eetres du barbecue. Les restaurants de barbecue (comme Arthur Bryant&#039;s, Gates, Jack Stack) sont des incontournables de la gastronomie, souvent cit\u00e9s comme des incontournables.<\/p>\n<p>Les nombreuses fontaines de Kansas City constituent un autre attrait original. Surnomm\u00e9e la \u00ab\u00a0ville des fontaines\u00a0\u00bb, Kansas City compte plus de 200 fontaines ornementales, soit le deuxi\u00e8me nombre le plus \u00e9lev\u00e9 apr\u00e8s Rome. (Vous trouverez des fontaines dans les parcs, les ronds-points et les cours de la ville.) Il ne s&#039;agit pas de simples d\u00e9corations, mais de symboles civiques appr\u00e9ci\u00e9s, t\u00e9moignant de la fiert\u00e9 civique de Kansas City et de l&#039;importance qu&#039;elle accorde aux espaces publics.<\/p>\n<p>En mati\u00e8re de sports et de festivals, Kansas City affiche une grande fiert\u00e9 civique. Les r\u00e9cents titres de champion de la NFL remport\u00e9s par les Chiefs de Kansas City (saisons 2019 et 2022) ont raviv\u00e9 l&#039;enthousiasme de la ville\u00a0; des \u00ab\u00a0f\u00eates\u00a0\u00bb comme les d\u00e9fil\u00e9s de victoire sont devenues des \u00e9v\u00e9nements communautaires majeurs. Les Royals de Kansas City (MLB) et le Sporting Kansas City (MLS) attirent leurs propres supporters. La ville accueille \u00e9galement des \u00e9v\u00e9nements renomm\u00e9s\u00a0: l&#039;American Royal, un \u00e9v\u00e9nement d&#039;\u00e9levage et de rod\u00e9o (depuis 1899), une grande exposition de b\u00e9tail chaque automne, et le Boulevardia Beer Festival, reflet du dynamisme des brasseries artisanales de Kansas City.<\/p>\n<p>Chaque quartier contribue \u00e0 l&#039;ambiance : les quartiers de Westport et River Market sont r\u00e9put\u00e9s pour leur vie nocturne et leurs restaurants ; le Crossroads Arts District abrite des galeries et des march\u00e9s d&#039;art le premier vendredi du mois ; le 18th &amp; Vine Historic Jazz District (qui abrite \u00e9galement le Negro Leagues Baseball Museum) est un centre culturel d\u00e9di\u00e9 au jazz et \u00e0 l&#039;histoire des droits civiques. Dans tous les quartiers, les habitants sont g\u00e9n\u00e9ralement simples et amicaux, refl\u00e9tant l&#039;hospitalit\u00e9 du Midwest. L&#039;anglais est universel, mais dans le sud de la ville, on entend souvent parler espagnol (dans certaines \u00e9coles et certains commerces). Dans l&#039;ensemble, Kansas City offre une atmosph\u00e8re chaleureuse et dynamique, digne d&#039;une grande ville, mais avec un c\u0153ur local.<\/p>\n<h2>Principales attractions<\/h2>\n<p>Les attractions de Kansas City englobent les institutions culturelles, l&#039;histoire et les divertissements. Parmi les principaux attraits, on compte\u00a0:<\/p>\n<ul>\n<li><strong>Mus\u00e9e national et m\u00e9morial de la Premi\u00e8re Guerre mondiale<\/strong> Situ\u00e9 dans la tour Liberty Memorial du centre-ville, ce mus\u00e9e est l&#039;un des plus complets du pays consacr\u00e9 \u00e0 la Premi\u00e8re Guerre mondiale. La tour comm\u00e9morative offre \u00e9galement une vue panoramique sur la ville.<\/li>\n<li><strong>Mus\u00e9e d&#039;art Nelson-Atkins<\/strong> \u2013 Un mus\u00e9e d&#039;art de renomm\u00e9e internationale (c\u00e9l\u00e8bre pour sa sculpture de Chostakovitch et ses \u00ab\u00a0Sky Stations\u00a0\u00bb en plein air). L&#039;entr\u00e9e est gratuite et la collection du mus\u00e9e s&#039;\u00e9tend de l&#039;art asiatique \u00e0 l&#039;art contemporain. (Le b\u00e2timent n\u00e9oclassique et le bassin r\u00e9fl\u00e9chissant du Nelson sont eux-m\u00eames photog\u00e9niques.)<\/li>\n<li><strong>Mus\u00e9e du jazz am\u00e9ricain et mus\u00e9e du baseball des ligues n\u00e8gres<\/strong> \u2013 Tous deux situ\u00e9s dans le quartier historique du 18e et de Vine. Le Mus\u00e9e du Jazz pr\u00e9sente l&#039;histoire du jazz \u00e0 Kansas City (avec des enregistrements d&#039;archives), tandis que le Mus\u00e9e des Ligues n\u00e8gres retrace l&#039;histoire des pionniers du baseball afro-am\u00e9ricain. (Ces institutions mettent en lumi\u00e8re l&#039;h\u00e9ritage culturel majeur de Kansas City.)<\/li>\n<li><strong>Place du Country Club<\/strong> \u2013 Un quartier commer\u00e7ant haut de gamme en plein air, con\u00e7u dans un style d&#039;architecture espagnole, avec des fontaines et des toits de tuiles. C&#039;est un lieu pris\u00e9 pour faire du shopping, d\u00eener et observer les passants, notamment lors de la c\u00e9r\u00e9monie annuelle d&#039;illumination de la place \u00e0 Thanksgiving.<\/li>\n<li><strong>Gare Union et Cit\u00e9 des sciences<\/strong> \u2013 L&#039;historique Union Station (construite en 1914) est aujourd&#039;hui une attraction familiale avec des restaurants, un centre scientifique interactif (Science City) et des expositions ponctuelles. (Adapt\u00e9e aux enfants, mais aussi int\u00e9ressante pour les adultes.)<\/li>\n<li><strong>Centre de la Couronne<\/strong> \u2013 \u00c0 c\u00f4t\u00e9 de la gare Union, le Crown Center est un complexe polyvalent abritant le si\u00e8ge social de Hallmark, des boutiques et le Legoland Discovery Center, id\u00e9al pour les familles. \u00c0 c\u00f4t\u00e9, le <strong>Place du Centre de la Couronne<\/strong> accueille des \u00e9v\u00e9nements saisonniers (comme la patinoire annuelle).<\/li>\n<li><strong>Zoo de Kansas City<\/strong> \u2013 Situ\u00e9 dans le parc Swope, l&#039;un des plus beaux zoos du pays (construit autour d&#039;un lac de 26 hectares), il abrite une grande exposition africaine avec des \u00e9l\u00e9phants, des girafes et des f\u00e9lins, ainsi que la place des pingouins Helzberg.<\/li>\n<li><strong>Cin\u00e9ma Drive-In Boulevard<\/strong> \u2013 Une exp\u00e9rience de cin\u00e9ma drive-in classique en activit\u00e9 depuis 1950. Ce lieu nostalgique est appr\u00e9ci\u00e9 des locaux pour ses doubles programmes d&#039;\u00e9t\u00e9 sous les \u00e9toiles.<\/li>\n<li><strong>Le parc de sculptures et le plan d&#039;eau Nelson-Atkins<\/strong> \u2013 En plus du mus\u00e9e int\u00e9rieur, le domaine Nelson comprend des sculptures ext\u00e9rieures et une immense fontaine illumin\u00e9e de lumi\u00e8res color\u00e9es les soirs d&#039;\u00e9t\u00e9.<\/li>\n<\/ul>\n<p>Nombre de ces attractions sont accessibles en centre-ville gr\u00e2ce au tramway gratuit de Kansas City (une ligne de 3,5 kilom\u00e8tres reliant le River Market \u00e0 Union Station et Crossroads, en passant par le centre-ville). La r\u00e9cente revitalisation urbaine de Kansas City a d&#039;ailleurs rendu le centre-ville plus accessible \u00e0 pied, avec de nouveaux restaurants, brasseries et \u0153uvres d&#039;art public (le quartier Boulevardia du boulevard et le River Market). Ensemble, ces attractions mettent en valeur le m\u00e9lange de patrimoine du Midwest (fontaines, barbecue, jazz) et d&#039;arts et de divertissements typiques des grandes villes.<\/p>\n<h2>Aper\u00e7u pratique<\/h2>\n<p>L&#039;a\u00e9roport principal est l&#039;a\u00e9roport international de Kansas City (MCI, souvent appel\u00e9 MCI \/ Kansas City), situ\u00e9 \u00e0 environ 24 km au nord-ouest du centre-ville. MCI propose des dizaines de vols int\u00e9rieurs (Chicago, Dallas, Denver, New York, etc.) et quelques lignes internationales (par exemple vers Londres ou Mexico). Pour les automobilistes, Kansas City est facilement accessible par les autoroutes I-35 et I-70. Si vous arrivez en train, la gare Amtrak de Kansas City (dans le Missouri) propose un service quotidien via la ligne Southwest Chief (trajet d&#039;un oc\u00e9an \u00e0 l&#039;autre), mais les horaires sont limit\u00e9s. Les a\u00e9roports r\u00e9gionaux (par exemple, Kansas City, l&#039;a\u00e9roport du Kansas ou Columbia Regional) sont beaucoup plus petits\u00a0; la plupart des voyageurs utilisent donc MCI.<\/p>\n<p>Le syst\u00e8me de tramway gratuit du centre-ville (KC) permet de se d\u00e9placer facilement le long de Main Street et Grand Blvd (du River Market au Crown Center\/Union Station) et, surtout, les trajets sont <em>gratuit<\/em> aux passagers. (Le tramway est en cours de prolongement vers le nord et reliera Westport et le Country Club Plaza d&#039;ici 2025.) De plus, la ville exploite un r\u00e9seau de bus (RideKC) couvrant le m\u00e9tro\u00a0; cependant, l&#039;\u00e9talement urbain signifie que pour les zones suburbaines et les voyages d&#039;affaires de pointe, de nombreux visiteurs d\u00e9pendent de la location de voitures, du covoiturage ou des taxis. Les principales attractions du centre-ville et de la banlieue (Zoo, Crown Center) sont plus facilement accessibles en voiture. Le centre-ville et Crossroads sont facilement accessibles \u00e0 pied, et le v\u00e9lo est populaire sur plusieurs sentiers.<\/p>\n<p>La monnaie est le dollar am\u00e9ricain et l&#039;anglais est la langue principale (environ 12 % des r\u00e9sidents sont hispaniques, l&#039;espagnol est donc la deuxi\u00e8me langue la plus courante \u00e0 l&#039;\u00e9chelle r\u00e9gionale). Les pourboires sont conformes aux normes am\u00e9ricaines (15 \u00e0 20 % dans les restaurants). Les conducteurs de Kansas City respectent le m\u00eame code de la route qu&#039;ailleurs aux \u00c9tats-Unis (conduite \u00e0 droite). Note sur la s\u00e9curit\u00e9\u00a0: le centre-ville de Kansas City est g\u00e9n\u00e9ralement s\u00fbr en journ\u00e9e et en d\u00e9but de soir\u00e9e (avec une pr\u00e9sence polici\u00e8re visible dans les zones touristiques), mais comme dans toute grande ville, il est conseill\u00e9 de rester vigilant la nuit. La r\u00e9gion du fleuve Missouri peut \u00eatre inond\u00e9e au printemps\u00a0; consultez donc les avis saisonniers avant de vous rendre dans les parcs riverains. Concernant la m\u00e9t\u00e9o, pr\u00e9voyez des v\u00eatements adapt\u00e9s \u00e0 la saison\u00a0: les \u00e9t\u00e9s peuvent \u00eatre sujets aux orages, et les hivers peuvent \u00eatre verglac\u00e9s.<\/p>\n<p>En r\u00e9sum\u00e9, un visiteur \u00e0 Kansas City peut s&#039;attendre \u00e0 des infrastructures dignes d&#039;une grande ville avec une ambiance conviviale. Les infrastructures (routes, cha\u00eenes h\u00f4teli\u00e8res, restaurants) sont modernes et conviviales. L&#039;accent mis sur les arts et la gastronomie permet de trouver facilement des plats internationaux et des restaurants de grillades, et parler anglais suffit pour se d\u00e9brouiller. La r\u00e9gion de Kansas City compte plusieurs grands quartiers commer\u00e7ants et culturels, ce qui facilite la planification logistique\u00a0: par exemple, Downtown, Country Club Plaza et Westport ne sont pas adjacents\u00a0; pr\u00e9voyez donc un temps de trajet en voiture ou des navettes entre eux. Mais en g\u00e9n\u00e9ral, KCMO est bien organis\u00e9, convivial et dispose d&#039;une signal\u00e9tique abondante en anglais, ce qui permet aux voyageurs de s&#039;y sentir rapidement comme chez eux.<a href=\"https:\/\/travelshelper.com\/fr\/destinations\/amerique-du-nord\/etats-unis-damerique\/berkeley-springs\/\" target=\"_self\" aria-labelledby=\"uael-post-8997\"><br \/>\n<\/a><\/p>","protected":false},"excerpt":{"rendered":"<p>Kansas City, Missouri (souvent abr\u00e9g\u00e9e en KC ou KCMO), est la ville la plus peupl\u00e9e et la plus \u00e9tendue du Missouri. Bien que limitrophe des comt\u00e9s de Clay, Platte et Cass, Kansas City se situe en grande partie dans le comt\u00e9 de Jackson. Avec pr\u00e8s de 2\u00a0392\u00a0035 habitants et s&#039;\u00e9tendant sur la fronti\u00e8re entre le Missouri et le Kansas, cette ville est le centre n\u00e9vralgique de l&#039;agglom\u00e9ration de Kansas City. Lors du recensement de 2020, Kansas City, sixi\u00e8me ville la plus peupl\u00e9e du Midwest et 37e des \u00c9tats-Unis, comptait 508\u00a0090 habitants.<\/p>","protected":false},"author":1,"featured_media":3057,"parent":8072,"menu_order":0,"comment_status":"closed","ping_status":"closed","template":"elementor_theme","meta":{"_eb_attr":"","footnotes":""},"class_list":["post-8139","page","type-page","status-publish","has-post-thumbnail"],"_links":{"self":[{"href":"https:\/\/travelshelper.com\/fr\/wp-json\/wp\/v2\/pages\/8139","targetHints":{"allow":["GET"]}}],"collection":[{"href":"https:\/\/travelshelper.com\/fr\/wp-json\/wp\/v2\/pages"}],"about":[{"href":"https:\/\/travelshelper.com\/fr\/wp-json\/wp\/v2\/types\/page"}],"author":[{"embeddable":true,"href":"https:\/\/travelshelper.com\/fr\/wp-json\/wp\/v2\/users\/1"}],"replies":[{"embeddable":true,"href":"https:\/\/travelshelper.com\/fr\/wp-json\/wp\/v2\/comments?post=8139"}],"version-history":[{"count":0,"href":"https:\/\/travelshelper.com\/fr\/wp-json\/wp\/v2\/pages\/8139\/revisions"}],"up":[{"embeddable":true,"href":"https:\/\/travelshelper.com\/fr\/wp-json\/wp\/v2\/pages\/8072"}],"wp:featuredmedia":[{"embeddable":true,"href":"https:\/\/travelshelper.com\/fr\/wp-json\/wp\/v2\/media\/3057"}],"wp:attachment":[{"href":"https:\/\/travelshelper.com\/fr\/wp-json\/wp\/v2\/media?parent=8139"}],"curies":[{"name":"wp","href":"https:\/\/api.w.org\/{rel}","templated":true}]}}