{"id":8116,"date":"2024-09-01T02:05:01","date_gmt":"2024-09-01T02:05:01","guid":{"rendered":"https:\/\/travelshelper.com\/staging\/?page_id=8116"},"modified":"2026-03-13T17:47:37","modified_gmt":"2026-03-13T17:47:37","slug":"indianapolis","status":"publish","type":"page","link":"https:\/\/travelshelper.com\/fr\/destinations\/north-america\/united-states\/indianapolis\/","title":{"rendered":"Indianapolis"},"content":{"rendered":"<p>Indianapolis, capitale et plus grande ville de l&#039;Indiana, est un p\u00f4le culturel et commercial essentiel du Midwest. Souvent surnomm\u00e9e \u00ab\u00a0Circle City\u00a0\u00bb et \u00ab\u00a0Carrefour de l&#039;Am\u00e9rique\u00a0\u00bb, Indianapolis constitue le c\u0153ur urbain de l&#039;\u00c9tat avec une population d&#039;environ 880\u00a0000 habitants (recensement de 2020) et une aire m\u00e9tropolitaine de plus de 2 millions d&#039;habitants. Elle est situ\u00e9e sur les rives de la White River (au confluent avec Fall Creek), dans le centre de l&#039;Indiana. Aujourd&#039;hui, Indianapolis est un important centre de transport et de distribution (routier, ferroviaire et a\u00e9rien), situ\u00e9e dans la fertile Corn Belt, au climat caract\u00e9ris\u00e9 par des \u00e9t\u00e9s chauds et humides et des hivers froids. Son \u00e9conomie est diversifi\u00e9e\u00a0: Indianapolis se classe environ au 28e rang des m\u00e9tropoles am\u00e9ricaines, tir\u00e9e par des secteurs allant de l&#039;industrie pharmaceutique et automobile \u00e0 la technologie et \u00e0 la sant\u00e9. Au cours des derni\u00e8res d\u00e9cennies, la population et l&#039;influence de la ville ont consid\u00e9rablement augment\u00e9, alimentant d\u00e9sormais une \u00e9conomie locale diversifi\u00e9e.<\/p>\n<h2>Indianapolis en chiffres<\/h2>\n<p>Indianapolis elle-m\u00eame (la ville-comt\u00e9 consolid\u00e9e) comptait 887\u00a0642 habitants lors du recensement de 2020. Ces derni\u00e8res ann\u00e9es, la population de la ville s&#039;est stabilis\u00e9e \u00e0 ce niveau, tandis que la r\u00e9gion m\u00e9tropolitaine d&#039;Indianapolis au sens large d\u00e9passe les 2 millions d&#039;habitants. L&#039;\u00e9conomie m\u00e9tropolitaine d\u00e9passe les 145 milliards de dollars (donn\u00e9es de 2019), ce qui en fait la 28e plus grande du pays. En termes d&#039;origine ethnique, la ville est de plus en plus diversifi\u00e9e. Les Blancs non hispaniques repr\u00e9sentent environ la moiti\u00e9 de la population (environ 50 \u00e0 54 %), les Afro-Am\u00e9ricains environ 28 % et environ 12 \u00e0 13 % des r\u00e9sidents s&#039;identifient comme hispaniques ou latinos. Des communaut\u00e9s asiatiques plus petites (environ 4 %) et multiraciales contribuent \u00e9galement \u00e0 cette diversit\u00e9. L&#039;\u00e2ge m\u00e9dian se situe autour de 35 ans et le revenu m\u00e9dian des m\u00e9nages est de l&#039;ordre de 63\u00a0000 dollars. Avec un taux de pauvret\u00e9 autour de 15 ans, le niveau de vie \u00e0 Indianapolis est globalement conforme aux normes nationales (co\u00fbt de la vie inf\u00e9rieur d&#039;environ 7 % \u00e0 la moyenne nationale).<\/p>\n<p>Sur le plan \u00e9conomique, Indianapolis et sa r\u00e9gion offrent un m\u00e9lange d&#039;industries de pointe, de sciences de la vie, de logistique et de services. La ville abrite notamment de nombreuses entreprises du Fortune 500 (sant\u00e9, assurance, produits pharmaceutiques) et la r\u00e9gion est un leader mondial dans les domaines pharmaceutique et de la sant\u00e9 animale. (Par exemple, le si\u00e8ge social d&#039;Eli Lilly est situ\u00e9 \u00e0 proximit\u00e9.) Parmi les autres secteurs importants figurent l&#039;industrie automobile et a\u00e9rospatiale, les technologies de l&#039;information et la finance. Les transports sont essentiels\u00a0: l&#039;a\u00e9roport, les gares de triage et les \u00e9changeurs autoroutiers d&#039;Indianapolis constituent une plaque tournante pour la Corn Belt. D&#039;ailleurs, un r\u00e9cent rapport de synth\u00e8se indique que l&#039;\u00e9conomie d&#039;Indianapolis se classe au 28e rang des \u00c9tats-Unis, avec une forte concentration d&#039;industries allant \u00ab\u00a0de la pharmacie et des transports \u00e0 la technologie et aux soins de sant\u00e9\u00a0\u00bb. La sant\u00e9 est \u00e9galement un secteur local cl\u00e9 (avec plusieurs grands syst\u00e8mes hospitaliers et le centre m\u00e9dical de l&#039;Universit\u00e9 de l&#039;Indiana). Globalement, Indianapolis b\u00e9n\u00e9ficie aujourd&#039;hui d&#039;une \u00e9conomie qui allie les racines industrielles du Midwest (fabrication, logistique) \u00e0 des secteurs de haute technologie et de recherche en pleine croissance.<\/p>\n<h2>Emplacement<\/h2>\n<p>G\u00e9ographiquement, Indianapolis se situe dans le centre-est du Midwest de l&#039;Am\u00e9rique du Nord, dans l&#039;\u00c9tat de l&#039;Indiana (Midwest des \u00c9tats-Unis). La ville, essentiellement plate et l\u00e9g\u00e8rement vallonn\u00e9e, fait partie de la vaste r\u00e9gion des plaines des Grands Lacs et de la Corn Belt. Elle est situ\u00e9e sur la rivi\u00e8re White (\u00e0 l&#039;embouchure de Fall Creek), au c\u0153ur du comt\u00e9 de Marion. Le paysage environnant est principalement compos\u00e9 de terres agricoles et de d\u00e9veloppement urbain plut\u00f4t que de montagnes ou de c\u00f4tes. La ville se trouve \u00e0 environ 185 kilom\u00e8tres \u00e0 l&#039;ouest de Cincinnati et \u00e0 275 kilom\u00e8tres au nord de Louisville. Les autoroutes I-65, I-70 et I-74 convergent toutes vers le centre-ville ou \u00e0 proximit\u00e9, ce qui en fait litt\u00e9ralement le \u00ab carrefour de l&#039;Am\u00e9rique \u00bb.<\/p>\n<p>Indianapolis b\u00e9n\u00e9ficie d&#039;un climat continental humide (K\u00f6ppen Dfa). Les \u00e9t\u00e9s sont chauds, voire tr\u00e8s chauds et humides, les hivers sont froids (souvent neigeux) et les pr\u00e9cipitations sont mod\u00e9r\u00e9es toute l&#039;ann\u00e9e. Les temp\u00e9ratures maximales estivales moyennes atteignent environ 30 \u00e0 35 \u00b0C, avec une humidit\u00e9 fr\u00e9quente, tandis que les minimales hivernales peuvent descendre en moyenne sous les -6 \u00b0C. Le printemps et l&#039;automne sont relativement doux, malgr\u00e9 des orages et des intemp\u00e9ries (gr\u00eale, tornades occasionnelles) pendant les mois de transition. La ville conna\u00eet les quatre saisons distinctement, avec environ 1\u00a0000 mm de pr\u00e9cipitations par an.<\/p>\n<h2>Aper\u00e7u historique<\/h2>\n<p>Indianapolis fut d\u00e9lib\u00e9r\u00e9ment fond\u00e9e au d\u00e9but du XIXe si\u00e8cle pour devenir la capitale de l&#039;\u00c9tat. En 1821, la l\u00e9gislature de l&#039;\u00c9tat de l&#039;Indiana d\u00e9limita Indianapolis sur une ancienne terre agricole des Am\u00e9rindiens du Delaware. Le site, choisi pour sa situation centrale dans le nouvel \u00c9tat, devint le si\u00e8ge du comt\u00e9 de Marion en 1822 et fut officiellement d\u00e9sign\u00e9 capitale de l&#039;Indiana en 1825. La croissance initiale fut lente jusqu&#039;au milieu du XIXe si\u00e8cle, mais la position de la ville sur la route nationale (achev\u00e9e jusqu&#039;\u00e0 Indianapolis en 1827) et, plus tard, l&#039;arriv\u00e9e du chemin de fer d\u00e9clench\u00e8rent un essor consid\u00e9rable. En 1861, Indianapolis \u00e9tait un important centre ferroviaire et, pendant la guerre de S\u00e9cession, ses gares de triage en firent un p\u00f4le logistique crucial pour l&#039;Union. Entre 1860 et 1870, la population de la ville plus que doubla en cons\u00e9quence.<\/p>\n<p>\u00c0 la fin du XIXe et au d\u00e9but du XXe si\u00e8cle, Indianapolis connut une industrialisation rapide. De nouvelles industries, comme l&#039;industrie de la viande, la m\u00e9tallurgie et, plus tard, l&#039;industrie automobile, s&#039;y implant\u00e8rent. En 1890, la ville d\u00e9passait les 100\u00a0000 habitants. L&#039;inauguration de l&#039;Indianapolis Motor Speedway en 1909 (dans la banlieue de Speedway) fut un \u00e9v\u00e9nement marquant\u00a0; la premi\u00e8re course des 500 miles d&#039;Indianapolis s&#039;y tint en 1911 et devint une tradition annuelle et un symbole de la ville.<\/p>\n<p>Un tournant d\u00e9cisif s&#039;est produit en 1970, lorsque la ville d&#039;Indianapolis et le comt\u00e9 de Marion ont fusionn\u00e9 sous le nom d&#039;\u00ab\u00a0Unigov\u00a0\u00bb. Cette fusion a consolid\u00e9 les fronti\u00e8res d&#039;Indianapolis pratiquement du jour au lendemain, int\u00e9grant les villes p\u00e9riph\u00e9riques \u00e0 la structure urbaine. Cette fusion a consid\u00e9rablement \u00e9largi l&#039;assiette fiscale et le champ d&#039;action administratif de la ville (tout en conservant une certaine autonomie \u00e0 certaines villes comme Lawrence et Beech Grove). \u00c0 la fin du XXe si\u00e8cle, Indianapolis s&#039;est sciemment positionn\u00e9e comme un centre sportif amateur et professionnel, construisant le Lucas Oil Stadium (stade des Colts de la NFL) et organisant des \u00e9v\u00e9nements comme les championnats NCAA, ce qui a stimul\u00e9 la croissance \u00e9conomique et le tourisme.<\/p>\n<p>Aujourd&#039;hui, l&#039;h\u00e9ritage architectural de la ville, datant du XIXe et du d\u00e9but du XXe si\u00e8cle, se refl\u00e8te dans des monuments tels que l&#039;Indiana Statehouse (achev\u00e9 en 1888) et le Monument aux soldats et marins (inaugur\u00e9 en 1902 \u00e0 Monument Circle). Le Fort Benjamin Harrison (fond\u00e9 en 1903 \u00e0 l&#039;est de la ville) et les m\u00e9moriaux de la Premi\u00e8re Guerre mondiale (sur la Plaza, au nord du centre-ville) t\u00e9moignent du d\u00e9veloppement urbain d&#039;Indianapolis. Globalement, l&#039;histoire d&#039;Indianapolis est marqu\u00e9e par une croissance rapide au XIXe si\u00e8cle, passant d&#039;une ville fronti\u00e8re \u00e0 une ville moderne, suivie d&#039;une expansion au milieu du XXe si\u00e8cle et d&#039;une \u00e9volution culturelle vers le sport, les congr\u00e8s et le tourisme \u00e0 la fin du XXe si\u00e8cle.<\/p>\n<h2>Ambiance culturelle<\/h2>\n<p>Aujourd&#039;hui, Indianapolis allie l&#039;hospitalit\u00e9 du Midwest \u00e0 une ambiance \u00e9tonnamment cosmopolite pour la r\u00e9gion. La langue pr\u00e9dominante est l&#039;anglais am\u00e9ricain, et la ville est traditionnellement majoritairement blanche\u00a0; mais, comme indiqu\u00e9 pr\u00e9c\u00e9demment, les communaut\u00e9s afro-am\u00e9ricaine et hispanique sont importantes et en pleine croissance. Les habitants se surnomment souvent \u00ab\u00a0Hoosiers\u00a0\u00bb (le nom officiel de l&#039;\u00c9tat) et sont r\u00e9put\u00e9s pour leur convivialit\u00e9 et leur pragmatisme. Les quartiers ont des saveurs distinctes\u00a0: par exemple, le centre culturel du centre-ville est Monument Circle (\u00ab\u00a0Circle City\u00a0\u00bb), anim\u00e9 mais d\u00e9contract\u00e9\u00a0; Broad Ripple (au nord) est branch\u00e9 et artistique\u00a0; le quartier de Mass Ave (Massachusetts Avenue), \u00e0 \u200b\u200bl&#039;est du centre-ville, est r\u00e9put\u00e9 pour ses restaurants et ses th\u00e9\u00e2tres\u00a0; et des quartiers suburbains comme Carmel et Fishers bordent le m\u00e9tro et lui conf\u00e8rent une ambiance familiale et suburbaine.<\/p>\n<p>Les \u00e9v\u00e9nements culturels annuels refl\u00e8tent \u00e0 la fois tradition et diversit\u00e9. La saison automobile de mai, notamment, comprend le festival des 500 miles, qui dure un mois, et culmine avec la course automobile des 500 miles d&#039;Indianapolis, une c\u00e9l\u00e9bration urbaine avec d\u00e9fil\u00e9s et feux d&#039;artifice. L&#039;\u00e9t\u00e9 est marqu\u00e9 par l&#039;Indiana State Fair (fin juillet), l&#039;une des plus importantes de la r\u00e9gion, avec des expositions agricoles, un parc d&#039;attractions, des concerts et des comp\u00e9titions 4H. La fin de l&#039;\u00e9t\u00e9 est \u00e9galement marqu\u00e9e par la Symphonie dans la Prairie et le grand feu d&#039;artifice du 4 juillet (souvent organis\u00e9 sur le m\u00e9morial de l&#039;USS Indianapolis au parc d&#039;\u00c9tat de White River). Au d\u00e9but de l&#039;\u00e9t\u00e9, l&#039;Indy Jazz Fest et l&#039;India Fest se d\u00e9roulent en centre-ville, tandis que plus tard, l&#039;Indiana Black Expo Summer Celebration (un festival culturel majeur). L&#039;automne est \u00e9galement marqu\u00e9 par des festivals de quartier (comme le festival d&#039;Halloween d&#039;Irvington et divers \u00e9v\u00e9nements de football am\u00e9ricain universitaire dans les universit\u00e9s voisines). En hiver, l&#039;illumination des arbres et un spectacle de lumi\u00e8res au zoo du centre-ville marquent la saison.<\/p>\n<p>La culture sportive est \u00e9galement pr\u00e9sente dans la vie quotidienne. Indianapolis compte des \u00e9quipes professionnelles dans plusieurs sports majeurs\u00a0: les Colts d&#039;Indianapolis (NFL) et les Pacers d&#039;Indianapolis (NBA) jouent dans des stades du centre-ville et attirent tous deux des supporters passionn\u00e9s. Au printemps, le si\u00e8ge de la NCAA accueille des \u00e9v\u00e9nements sportifs universitaires\u00a0; la ville accueille \u00e9galement souvent des s\u00e9lections olympiques et des matchs de football am\u00e9ricain en salle. Le sport automobile reste l\u00e9gendaire (la course annuelle IndyCar attire l&#039;attention du monde entier). On y trouve \u00e9galement une forte communaut\u00e9 de coureurs et de cyclistes, encourag\u00e9e par de nombreux parcs et sentiers (comme le Monon Trail).<\/p>\n<p>Les sc\u00e8nes culinaires et artistiques ont r\u00e9cemment connu un essor important. La ville s&#039;est forg\u00e9e une r\u00e9putation pour ses brasseries artisanales et sa gastronomie cr\u00e9ative\u00a0; parmi les sp\u00e9cialit\u00e9s locales, on trouve les sandwichs au filet de porc, la tarte \u00e0 la cr\u00e8me sucr\u00e9e Hoosier et la cuisine basque de renomm\u00e9e mondiale, revisit\u00e9e dans la zone des stands de l&#039;Indy 500. Les organisations artistiques \u2013 du classique (l&#039;Orchestre symphonique d&#039;Indianapolis au Hilbert Circle Theatre) au contemporain (le Clowes Memorial Hall sur le campus de l&#039;universit\u00e9 Butler) \u2013 contribuent \u00e0 son dynamisme culturel. En bref, Indianapolis offre une ambiance de \u00ab\u00a0ville du Midwest\u00a0\u00bb \u00e9quilibr\u00e9e\u00a0: conviviale et accessible, avec des infrastructures comme des mus\u00e9es et des universit\u00e9s, mais toujours avec la chaleur de la ville d&#039;Indianapolis.<\/p>\n<h2>Principales attractions<\/h2>\n<p>Indianapolis offre de nombreuses attractions aux visiteurs, des monuments embl\u00e9matiques aux mus\u00e9es remarquables. Parmi les sites remarquables, citons\u00a0:<\/p>\n<ul>\n<li><strong>Mus\u00e9e des enfants d&#039;Indianapolis<\/strong> \u2013 Le plus grand mus\u00e9e pour enfants au monde (fond\u00e9 en 1926), c&#039;est un mus\u00e9e interactif qui attire des familles de tout le pays.<\/li>\n<li><strong>Parc d&#039;\u00c9tat de White River<\/strong> \u2013 Un parc urbain pittoresque le long de la rivi\u00e8re White, abritant le zoo d&#039;Indianapolis et le mus\u00e9e Eiteljorg des Am\u00e9rindiens et de l&#039;art occidental. Le parc abrite \u00e9galement le si\u00e8ge de la NCAA et son Temple de la renomm\u00e9e des champions, ainsi que des sentiers et des espaces verts en bord de rivi\u00e8re.<\/li>\n<li><strong>Circuit automobile d&#039;Indianapolis (IMS)<\/strong> \u2013 Situ\u00e9 juste \u00e0 l\u2019ext\u00e9rieur de la ville, ce circuit l\u00e9gendaire (si\u00e8ge de l\u2019Indianapolis 500) propose des visites et les <strong>Mus\u00e9e du Temple de la renomm\u00e9e<\/strong> (pr\u00e9sentant des voitures de course historiques). M\u00eame les non-amateurs de course automobile trouvent l&#039;histoire du sport automobile captivante.<\/li>\n<li><strong>Cercle des monuments et monument aux soldats et aux marins<\/strong> \u2013 Au c\u0153ur du centre-ville, Monument Circle (achev\u00e9 en 1902) abrite le monument aux soldats et marins de l&#039;Indiana, haut de 86 m\u00e8tres. La place qui l&#039;entoure rend hommage aux v\u00e9t\u00e9rans de guerre de l&#039;Indiana et constitue un point de convergence pour les d\u00e9fil\u00e9s et les rassemblements. \u00c0 proximit\u00e9 se trouvent le Capitole de l&#039;\u00c9tat de l&#039;Indiana et la War Memorial Plaza (ann\u00e9es 1930), tous deux construits en calcaire local et t\u00e9moignant du patrimoine de la ville.<\/li>\n<li><strong>Mus\u00e9e d&#039;art d&#039;Indianapolis (Newfields)<\/strong> \u00c0 quelques kilom\u00e8tres au nord du centre-ville, Newfields est un important mus\u00e9e d&#039;art dot\u00e9 de vastes jardins. Sa collection couvre 5\u00a0000 ans d&#039;art et comprend le parc de 100 acres et la maison Lilly.<\/li>\n<li><strong>Sentier culturel et quartier des arts de Mass Avenue<\/strong> \u2013 Le sentier culturel d&#039;Indianapolis est un sentier urbain p\u00e9destre et cyclable de 13 kilom\u00e8tres reliant les quartiers du centre-ville. Le long de celui-ci, le quartier de Massachusetts Avenue (\u00ab Mass Ave \u00bb) abrite th\u00e9\u00e2tres, galeries, boutiques et restaurants, t\u00e9moignant du dynamisme de la sc\u00e8ne artistique d&#039;Indianapolis.<\/li>\n<li><strong>Capitole de l&#039;\u00c9tat et r\u00e9sidence du gouverneur<\/strong> \u2013 L&#039;\u00e9l\u00e9gant Capitole de l&#039;Indiana (1888) est ouvert aux visites. Visitez \u00e9galement la r\u00e9sidence du gouverneur (r\u00e9sidence officielle) et le m\u00e9morial de guerre de l&#039;Indiana (mus\u00e9e et jardins de la Seconde Guerre mondiale) r\u00e9nov\u00e9.<\/li>\n<li><strong>Stade Lucas Oil et Gainbridge Fieldhouse<\/strong> \u2013 Pour les amateurs de sport, assister \u00e0 un match de la NFL (Colts) ou de la NBA (Pacers\/Fever) offre une exp\u00e9rience Indy par excellence dans deux ar\u00e8nes ultramodernes (ouvertes respectivement en 2008 et 1999).<\/li>\n<\/ul>\n<p>Chacune de ces attractions est facilement accessible depuis le centre-ville. La visite touristique est agr\u00e9ment\u00e9e par un centre-ville pi\u00e9tonnier et des \u00e9v\u00e9nements culturels fr\u00e9quents (festivals saisonniers, concerts en plein air, march\u00e9s de producteurs). De nombreux visiteurs appr\u00e9cient simplement les promenades autour du centre-ville de Circle, suivies d&#039;une visite de mus\u00e9e ou d&#039;une promenade dans le parc d&#039;\u00c9tat de White River.<\/p>\n<h2>Aper\u00e7u pratique<\/h2>\n<p>La principale porte d&#039;entr\u00e9e a\u00e9rienne est l&#039;a\u00e9roport international d&#039;Indianapolis (IND), situ\u00e9 \u00e0 environ 24 km au sud-ouest du centre-ville. L&#039;IND propose de nombreuses liaisons nationales (Atlanta, Chicago, Denver, etc.) et quelques lignes internationales. Il n&#039;existe pas de service ferroviaire Amtrak direct vers Indianapolis\u00a0; les bus interurbains (Greyhound, Barons) desservent la gare intermodale du centre-ville. Les principales autoroutes (I-65 depuis Chicago\/Alabama, I-70 depuis Ohio\/Kentucky, I-74 depuis l&#039;Illinois) convergent vers Indianapolis, ce qui la rend facilement accessible en voiture.<\/p>\n<p>Une fois arriv\u00e9, le centre-ville d&#039;Indianapolis est relativement compact. Pour d\u00e9couvrir le quartier de Circle et du Canal, empruntez la passerelle et la piste cyclable Joliet\u2013Indianapolis, ou faites une promenade en cal\u00e8che pendant les mois les plus chauds. IndyGo, l&#039;op\u00e9rateur de transports en commun de la ville, g\u00e8re des lignes de bus \u00e0 travers la ville et sa banlieue (la plupart sont payantes\u00a0; notez que la ligne rapide Red Line est une ligne plus r\u00e9cente et fr\u00e9quente). Cependant, la vie culturelle et nocturne d&#039;Indianapolis \u00e9tant largement dispers\u00e9e, de nombreux visiteurs pr\u00e9f\u00e8rent les taxis ou les services de covoiturage (Uber\/Lyft) pour plus de commodit\u00e9. Les places de stationnement sont nombreuses en centre-ville et dans les attractions de banlieue (souvent gratuites ou \u00e0 bas prix). Les v\u00e9los et les trottinettes \u00e9lectriques sont tr\u00e8s pris\u00e9s sur les sentiers pav\u00e9s (comme le Monon Trail), surtout par beau temps.<\/p>\n<p>La monnaie est le dollar am\u00e9ricain. Le pourboire est d&#039;usage (environ 15 \u00e0 20 % dans les restaurants et les agences de voyages). L&#039;anglais est parl\u00e9 partout, mais vous entendrez parler espagnol ou d&#039;autres langues parmi les habitants. La r\u00e9gion est g\u00e9n\u00e9ralement tr\u00e8s s\u00fbre pour les voyageurs\u00a0; le centre-ville est anim\u00e9 jusque tard le soir le week-end, m\u00eame si les pr\u00e9cautions habituelles en ville contre les petits vols s&#039;appliquent. La plupart des Am\u00e9ricains conduisent \u00e0 droite et utilisent des prises \u00e9lectriques de 120\u00a0volts (prises de type A\/B). Aucun vaccin ni visa sp\u00e9cial n&#039;est requis pour les voyageurs en provenance d&#039;Am\u00e9rique du Nord ou d&#039;Europe. Le syst\u00e8me de s\u00e9curit\u00e9 des a\u00e9roports exige une pi\u00e8ce d&#039;identit\u00e9 avec photo pour les vols int\u00e9rieurs, et les r\u00e8gles standard de la TSA am\u00e9ricaine (limites de liquidit\u00e9s, etc.) s&#039;appliquent.<\/p>\n<p>Dans l&#039;ensemble, Indianapolis offre aux nouveaux visiteurs une introduction facile \u00e0 la vie urbaine du Midwest am\u00e9ricain\u00a0: habitants anglophones, routes en bon \u00e9tat, m\u00e9t\u00e9o pr\u00e9visible et toutes les commodit\u00e9s modernes essentielles. Les visiteurs peuvent profiter en toute s\u00e9curit\u00e9 d&#039;une ville diversifi\u00e9e \u2013 des mus\u00e9es de renomm\u00e9e internationale aux festivals de quartier \u2013 avec la certitude que les services \u00e0 l&#039;am\u00e9ricaine (cartes de cr\u00e9dit, distributeurs automatiques de billets, pharmacies) sont omnipr\u00e9sents. En un seul voyage, on peut d\u00e9couvrir la culture, l&#039;architecture et l&#039;hospitalit\u00e9 des Hoosiers dans un cadre urbain bien organis\u00e9.<a href=\"https:\/\/travelshelper.com\/fr\/destinations\/amerique-du-nord\/etats-unis-damerique\/berkeley-springs\/\" target=\"_self\" aria-labelledby=\"uael-post-8997\"><br \/>\n<\/a><\/p>","protected":false},"excerpt":{"rendered":"<p>Indianapolis, commun\u00e9ment appel\u00e9e Indy, est la capitale et la ville la plus peupl\u00e9e de l&#039;\u00c9tat am\u00e9ricain de l&#039;Indiana, ainsi que le si\u00e8ge du comt\u00e9 de Marion. Situ\u00e9e dans la plaine de till centrale de l&#039;\u00c9tat, le long de la branche ouest de la rivi\u00e8re White, Indianapolis a adopt\u00e9 le surnom officiel de \u00ab\u00a0Carrefour de l&#039;Am\u00e9rique\u00a0\u00bb. Ce slogan refl\u00e8te \u00e0 la fois son importance historique en tant que plaque tournante du transport et sa relative proximit\u00e9 avec d&#039;autres grands march\u00e9s nord-am\u00e9ricains.<\/p>","protected":false},"author":1,"featured_media":3199,"parent":8072,"menu_order":0,"comment_status":"closed","ping_status":"closed","template":"elementor_theme","meta":{"_eb_attr":"","footnotes":""},"class_list":["post-8116","page","type-page","status-publish","has-post-thumbnail"],"_links":{"self":[{"href":"https:\/\/travelshelper.com\/fr\/wp-json\/wp\/v2\/pages\/8116","targetHints":{"allow":["GET"]}}],"collection":[{"href":"https:\/\/travelshelper.com\/fr\/wp-json\/wp\/v2\/pages"}],"about":[{"href":"https:\/\/travelshelper.com\/fr\/wp-json\/wp\/v2\/types\/page"}],"author":[{"embeddable":true,"href":"https:\/\/travelshelper.com\/fr\/wp-json\/wp\/v2\/users\/1"}],"replies":[{"embeddable":true,"href":"https:\/\/travelshelper.com\/fr\/wp-json\/wp\/v2\/comments?post=8116"}],"version-history":[{"count":0,"href":"https:\/\/travelshelper.com\/fr\/wp-json\/wp\/v2\/pages\/8116\/revisions"}],"up":[{"embeddable":true,"href":"https:\/\/travelshelper.com\/fr\/wp-json\/wp\/v2\/pages\/8072"}],"wp:featuredmedia":[{"embeddable":true,"href":"https:\/\/travelshelper.com\/fr\/wp-json\/wp\/v2\/media\/3199"}],"wp:attachment":[{"href":"https:\/\/travelshelper.com\/fr\/wp-json\/wp\/v2\/media?parent=8116"}],"curies":[{"name":"wp","href":"https:\/\/api.w.org\/{rel}","templated":true}]}}