{"id":8097,"date":"2024-08-31T22:27:38","date_gmt":"2024-08-31T22:27:38","guid":{"rendered":"https:\/\/travelshelper.com\/staging\/?page_id=8097"},"modified":"2026-03-13T17:49:15","modified_gmt":"2026-03-13T17:49:15","slug":"honolulu","status":"publish","type":"page","link":"https:\/\/travelshelper.com\/fr\/destinations\/north-america\/united-states\/honolulu\/","title":{"rendered":"Honolulu"},"content":{"rendered":"<p>Honolulu, capitale de l&#039;\u00c9tat d&#039;Hawa\u00ef, est une ville aux rivages turquoise et aux pentes volcaniques \u00e9meraude. Son horizon compos\u00e9 de gratte-ciels et d&#039;h\u00f4tels somptueux surplombe la c\u00e9l\u00e8bre plage de Waik\u012bk\u012b et le Pacifique, ce qui en fait l&#039;une des destinations touristiques les plus embl\u00e9matiques des \u00c9tats-Unis. Lors du recensement de 2020, Honolulu comptait environ 350\u00a0964 habitants, ce qui la classait au 55e rang des villes am\u00e9ricaines. Malgr\u00e9 sa population modeste, Honolulu exerce un attrait international ind\u00e9niable\u00a0: elle a accueilli environ 711\u00a0000 visiteurs en 2022, ce qui en fait la 10e ville la plus visit\u00e9e du pays. Le co\u00fbt de la vie \u00e0 Honolulu est particuli\u00e8rement \u00e9lev\u00e9 (environ 69\u00a0% sup\u00e9rieur \u00e0 la moyenne nationale), refl\u00e9tant son \u00e9conomie insulaire.<\/p>\n<p>La d\u00e9mographie et l&#039;\u00e9conomie d&#039;Honolulu refl\u00e8tent son caract\u00e8re unique de ville c\u00f4ti\u00e8re du Pacifique. Plus de la moiti\u00e9 des habitants de la ville sont d&#039;origine asiatique, le groupe le plus important (avec environ 20 % de Japonais et 13 % de Philippins). Les Hawa\u00efens et les habitants des \u00eeles du Pacifique repr\u00e9sentent environ 8 \u00e0 9 %, tandis que les Blancs non hispaniques repr\u00e9sentent environ 15 \u00e0 17 %. Cette population multiculturelle est \u00e0 l&#039;origine d&#039;une culture locale diversifi\u00e9e (voir \u00ab Ambiance culturelle \u00bb ci-dessous).<\/p>\n<p>Sur le plan \u00e9conomique, Honolulu d\u00e9pend fortement du tourisme. Chaque ann\u00e9e, des millions de visiteurs injectent environ 10 milliards de dollars dans l&#039;\u00e9conomie locale, et la ville sert de porte d&#039;entr\u00e9e vers les stations baln\u00e9aires des \u00eeles d&#039;Hawa\u00ef. De plus, le port et l&#039;a\u00e9roport d&#039;Honolulu soutiennent d&#039;importantes activit\u00e9s commerciales et militaires dans le Pacifique, tandis qu&#039;un secteur de la haute technologie et de la recherche en plein essor contribue \u00e0 la diversit\u00e9. En 2014, le co\u00fbt de la vie \u00e0 Honolulu \u00e9tait parmi les plus \u00e9lev\u00e9s du pays, en raison de son \u00e9loignement et de son \u00e9conomie bas\u00e9e sur les importations. Le revenu m\u00e9dian des m\u00e9nages est relativement \u00e9lev\u00e9 (environ 85\u00a0000 dollars), mais le taux de pauvret\u00e9 l&#039;est tout autant (pr\u00e8s de 12\u00a0%), ce qui souligne les \u00e9carts de revenus dans cette ville ch\u00e8re.<\/p>\n<p>Honolulu se situe sur la c\u00f4te sud d&#039;O\u02bbahu, la troisi\u00e8me plus grande \u00eele hawa\u00efenne. La ville s&#039;\u00e9tend sur la c\u00f4te sud-est, de l&#039;historique Pearl Harbor aux cr\u00eates de Diamond Head (L\u0113\u02bbahi) et de Makapu\u02bbu Point. De luxuriantes montagnes volcaniques (la cha\u00eene de Ko\u02bbolau) s&#039;\u00e9l\u00e8vent abruptement juste au nord de la ville, encadrant une \u00e9troite plaine c\u00f4ti\u00e8re. G\u00e9ographiquement, elle compte parmi les grandes villes les plus isol\u00e9es de la plan\u00e8te, \u00e0 environ 3\u00a0800 kilom\u00e8tres au sud-ouest de San Francisco, de l&#039;autre c\u00f4t\u00e9 du vaste Pacifique. Cet isolement conf\u00e8re \u00e0 Honolulu un climat et un \u00e9cosyst\u00e8me plus proches des tropiques que toute autre ville am\u00e9ricaine.<\/p>\n<p>Le climat est tropical et oc\u00e9anique temp\u00e9r\u00e9. Les aliz\u00e9s du nord-est soufflent toute l&#039;ann\u00e9e, apportant de l&#039;humidit\u00e9 aux montagnes, mais laissant souvent le littoral plus ensoleill\u00e9. Les temp\u00e9ratures sont remarquablement stables\u00a0: les maximales quotidiennes oscillent g\u00e9n\u00e9ralement entre 25 et 30\u00a0\u00b0C, m\u00eame en hiver. Les pr\u00e9cipitations sont saisonni\u00e8res (hiver humide, \u00e9t\u00e9 sec), mais abondantes dans les r\u00e9gions montagneuses. Globalement, le climat \u00ab\u00a0paradisiaque\u00a0\u00bb d&#039;Honolulu est un attrait majeur pour les touristes.<\/p>\n<p>L&#039;histoire d&#039;Honolulu commence avec les Hawa\u00efens d&#039;autrefois. Des vestiges arch\u00e9ologiques montrent que des navigateurs polyn\u00e9siens s&#039;install\u00e8rent \u00e0 O&#039;ahu d\u00e8s le XIe si\u00e8cle. En 1795, Kamehameha Ier unifia O&#039;ahu sous son royaume et, en 1804, il installa sa cour royale dans la r\u00e9gion de Waik\u012bk\u012b, aujourd&#039;hui Honolulu. Au cours des d\u00e9cennies suivantes, Honolulu devint un port, puis, en 1845, le roi Kamehameha III la proclama officiellement capitale du royaume hawa\u00efen. Le roi Kal\u0101kaua et la reine Lili\u02bbuokalani construisirent plus tard le majestueux palais \u02bbIolani en centre-ville, pour en faire la r\u00e9sidence royale.<\/p>\n<p>La fin du XIXe si\u00e8cle fut tumultueuse\u00a0: en 1893, Honolulu fut le th\u00e9\u00e2tre du renversement de la monarchie hawa\u00efenne (la reine Lili\u02bbuokalani fut destitu\u00e9e) et, cinq ans plus tard, Hawa\u00ef fut annex\u00e9e par les \u00c9tats-Unis. Malgr\u00e9 l&#039;incendie d\u00e9vastateur de Chinatown en 1900 et le choc de l&#039;attaque de Pearl Harbor (1941), Honolulu demeura le centre politique et d\u00e9mographique d&#039;Hawa\u00ef. L&#039;accession au statut d&#039;\u00c9tat en 1959 d\u00e9clencha un boom touristique\u00a0: des autoroutes, des h\u00f4tels et l&#039;a\u00e9roport moderne (alors Honolulu International) furent construits, tandis que des centaines de milliers d&#039;Am\u00e9ricains et d&#039;Asiatiques commenc\u00e8rent \u00e0 venir en vacances \u00e0 Hawa\u00ef. Au milieu du XXe\u00a0si\u00e8cle, Waik\u012bk\u012b s&#039;\u00e9tait transform\u00e9e en un quartier de vill\u00e9giature de grande hauteur, et la silhouette d&#039;Honolulu commen\u00e7a \u00e0 se parer d&#039;h\u00f4tels et d&#039;appartements. La ville continue d&#039;\u00e9voluer, m\u00ealant d\u00e9sormais un profond h\u00e9ritage polyn\u00e9sien \u00e0 des influences internationales.<\/p>\n<p>La culture d&#039;Honolulu est un m\u00e9lange de traditions hawa\u00efennes autochtones et de nombreuses communaut\u00e9s d&#039;immigrants. L&#039;anglais et l&#039;hawa\u00efen (&#039;\u014clelo Hawai&#039;i) sont les langues officielles, mais vous entendrez aussi le pidgin hawa\u00efen (cr\u00e9ole anglais), le japonais, le tagalog et bien d&#039;autres langues du Pacifique au quotidien. L&#039;esprit local est r\u00e9put\u00e9 pour \u00eatre r\u00e9gi par l&#039;\u00ab\u00a0esprit Aloha\u00a0\u00bb, une chaleur et une convivialit\u00e9 exprim\u00e9es par les salutations, les colliers de fleurs et une courtoisie d\u00e9contract\u00e9e. Le calendrier d&#039;Honolulu regorge de festivals color\u00e9s qui illustrent ce m\u00e9lange\u00a0: par exemple, le festival d&#039;Honolulu en mars allie musiques et danses asiatiques, des \u00eeles du Pacifique et hawa\u00efennes, tandis que le Lei Day, le 1er mai, c\u00e9l\u00e8bre la fabrication de colliers de fleurs hawa\u00efens avec des concerts et du hula au parc Kapi&#039;olani. Chaque automne, les festivals Aloha, qui durent une semaine, constituent la plus grande c\u00e9l\u00e9bration culturelle de l&#039;\u00c9tat, attirant plus de 100\u00a0000 personnes pour des d\u00e9fil\u00e9s, des spectacles et des concerts. Au quotidien, Honolulu vit un rythme g\u00e9n\u00e9ralement d\u00e9tendu\u00a0: les habitants surfent le matin et se r\u00e9unissent autour d&#039;un barbecue le soir. Pourtant, en tant que ville moderne, Honolulu conserve un c\u00f4t\u00e9 business, surtout dans le centre-ville. L&#039;ambiance g\u00e9n\u00e9rale est conviviale et accueillante, temp\u00e9r\u00e9e par l&#039;effervescence cosmopolite d&#039;un important p\u00f4le touristique.<\/p>\n<p>Les attractions d&#039;Honolulu allient merveilles naturelles, institutions culturelles et sites historiques. La plage de Waik\u012bk\u012b est sans doute la plus c\u00e9l\u00e8bre plage urbaine au monde\u00a0: ce croissant de sable dor\u00e9 est sans doute la plage la plus c\u00e9l\u00e8bre au monde. Les touristes affluent \u00e0 Waik\u012bk\u012b pour bronzer, prendre des cours de surf et profiter de sa promenade bord\u00e9e de boutiques et de complexes h\u00f4teliers. Surplombant Waik\u012bk\u012b se trouve Diamond Head (L\u0113&#039;ahi), un crat\u00e8re volcanique \u00e9teint dont le sentier de randonn\u00e9e escarp\u00e9 offre aux grimpeurs une vue panoramique sur la ville et le Pacifique.<\/p>\n<p>Le centre-ville d&#039;Honolulu est riche d&#039;histoire\u00a0: le palais Iolani (construit en 1879) fut la r\u00e9sidence des derniers rois d&#039;Hawa\u00ef et est le seul palais royal sur le sol am\u00e9ricain. \u00c0 proximit\u00e9, le mus\u00e9e Bishop abrite la plus grande collection au monde d&#039;objets polyn\u00e9siens et de tr\u00e9sors royaux hawa\u00efens. Le mus\u00e9e d&#039;art d&#039;Honolulu (et sa collection d&#039;art islamique Shangri La) est le plus grand mus\u00e9e des beaux-arts d&#039;Hawa\u00ef. Autre site poignant\u00a0: le cimeti\u00e8re comm\u00e9moratif national du Pacifique (le \u00ab\u00a0Punchbowl\u00a0\u00bb), un cimeti\u00e8re solennel de la Seconde Guerre mondiale et de la guerre de Cor\u00e9e creus\u00e9 dans un crat\u00e8re volcanique surplombant la ville.<\/p>\n<p>Dans les parcs nationaux hawa\u00efens, Pearl Harbor (\u00e0 quelques minutes en voiture) est un incontournable\u00a0: le m\u00e9morial de l&#039;USS Arizona et le cuirass\u00e9 Missouri racontent l&#039;histoire de la Seconde Guerre mondiale dans le Pacifique. (Honolulu organise \u00e9galement des visites du Pacific Aviation Museum et d&#039;autres sites de Pearl Harbor.) Les amoureux de la nature trouveront dans la baie d&#039;Hanauma (\u00e0 l&#039;est de Waik\u012bk\u012b) un superbe spot de plong\u00e9e avec tuba dans un lagon corallien prot\u00e9g\u00e9. Pour les loisirs et le shopping, l&#039;Ala Moana Center de Waik\u012bk\u012b est le plus grand centre commercial en plein air du monde, et le parc Kapi\u02bbolani, situ\u00e9 \u00e0 proximit\u00e9 (64\u00a0hectares au pied de Diamond Head), est une oasis urbaine luxuriante pour le jogging, les pique-niques au coucher du soleil et les spectacles de hula en plein air.<\/p>\n<p>La principale porte d&#039;entr\u00e9e d&#039;Honolulu est l&#039;a\u00e9roport international Daniel K. Inouye (HNL), l&#039;un des hubs transpacifiques les plus fr\u00e9quent\u00e9s. Il propose des vols directs vers les villes du continent am\u00e9ricain (Los Angeles, San Francisco, Seattle, Chicago, New York, etc.) et vers des destinations de l&#039;Asie-Pacifique (Tokyo, S\u00e9oul, Sydney, etc.). Plus de 60 % des visiteurs hawa\u00efens arrivent par HNL. Des vols inter-\u00eeles relient Honolulu aux autres a\u00e9roports hawa\u00efens. Les navires de croisi\u00e8re font \u00e9galement escale au port d&#039;Honolulu dans le cadre de leurs itin\u00e9raires dans le Pacifique.<\/p>\n<p>\u00c0 Honolulu, les options de transport incluent TheBus (le r\u00e9seau de bus public d&#039;O&#039;ahu), le covoiturage et les taxis. Waik\u012bk\u012b et le centre-ville sont tr\u00e8s accessibles \u00e0 pied\u00a0; de nombreux visiteurs y laissent leur voiture gar\u00e9e. La circulation sur Ala Moana Boulevard et l&#039;autoroute H-1 peut \u00eatre dense, surtout aux heures de pointe. Honolulu a ouvert sa premi\u00e8re ligne de transport ferroviaire en 2023 (Skyline), reliant actuellement Kapolei \u00e0 l&#039;Aloha Stadium, et qui se prolongera \u00e0 terme vers Waik\u012bk\u012b et Ala Moana. En attendant la construction de la ligne compl\u00e8te, la location de voiture et le bus restent pratiques pour rejoindre les sentiers de montagne ou les plages de surf de la c\u00f4te nord. Remarque\u00a0: le stationnement \u00e0 Waik\u012bk\u012b est cher et de nombreux h\u00f4tels facturent des frais de s\u00e9jour.<\/p>\n<p><strong>Conseils de base :<\/strong><\/p>\n<ul>\n<li><strong>Devise:<\/strong> Dollar am\u00e9ricain (USD). Hawa\u00ef n&#039;applique pas de taxe de vente sur les aliments consomm\u00e9s hors \u00e9tablissement (seulement une taxe g\u00e9n\u00e9rale de 4,5 \u00e0 5,5 % sur les autres produits), mais de nombreux commerces affichent encore leurs prix hors taxes.<\/li>\n<li><strong>Langue:<\/strong> L&#039;anglais est la langue de travail\u00a0; des mots hawa\u00efens apparaissent dans les noms et sont honor\u00e9s (\u02bbokina, kahak\u014d). Les habitants utilisent souvent le pidgin (cr\u00e9ole hawa\u00efen).<\/li>\n<li><strong>\u00c9tiquette:<\/strong> Les Hawa\u00efens appr\u00e9cient la <em>Au revoir<\/em> Esprit \u2013 \u00eatre amical, patient et respectueux. Lorsque vous visitez des lieux ou des maisons sacr\u00e9s, retirez vos chaussures et demandez la permission avant de prendre des photos. Il est de bon ton de saluer les inconnus par \u00ab\u00a0aloha\u00a0\u00bb et \u00ab\u00a0mahalo\u00a0\u00bb (merci) lorsque cela est appropri\u00e9.<\/li>\n<li><strong>S\u00e9curit\u00e9:<\/strong> Honolulu est g\u00e9n\u00e9ralement s\u00fbre, mais restez vigilant la nuit dans les zones isol\u00e9es. En mer, tenez toujours compte des avertissements des sauveteurs (Waik\u012bk\u012b conna\u00eet parfois de forts courants). Prot\u00e9gez-vous du soleil et hydratez-vous r\u00e9guli\u00e8rement. (Remarque\u00a0: Hawa\u00ef ne compte pas de cr\u00e9atures terrestres venimeuses, mais les coups de soleil, les piq\u00fbres de m\u00e9duses et les fortes vagues peuvent constituer des dangers.)<a href=\"https:\/\/travelshelper.com\/fr\/destinations\/amerique-du-nord\/etats-unis-damerique\/berkeley-springs\/\" target=\"_self\" aria-labelledby=\"uael-post-8997\"><br \/>\n<\/a><\/li>\n<\/ul>","protected":false},"excerpt":{"rendered":"<p>Honolulu est la capitale et la ville la plus peupl\u00e9e de l&#039;\u00c9tat am\u00e9ricain d&#039;Hawa\u00ef, situ\u00e9 dans l&#039;oc\u00e9an Pacifique. Ville non constitu\u00e9e en municipalit\u00e9, elle est le si\u00e8ge de la ville et du comt\u00e9 d&#039;Honolulu. Situ\u00e9e sur la c\u00f4te sud-est d&#039;O\u02bbahu, Honolulu est reconnue comme la grande ville la plus \u00e0 l&#039;ouest et au sud des \u00c9tats-Unis. Hawa\u00ef est la principale porte d&#039;entr\u00e9e sur le monde et un centre crucial pour les affaires, la finance, l&#039;h\u00f4tellerie et la d\u00e9fense militaire de l&#039;\u00c9tat et de l&#039;Oc\u00e9anie. La ville est un carrefour de diverses cultures asiatiques, occidentales et pacifiques, comme en t\u00e9moignent sa diversit\u00e9 d\u00e9mographique, culinaire et traditionnelle.<\/p>","protected":false},"author":1,"featured_media":3574,"parent":8072,"menu_order":0,"comment_status":"closed","ping_status":"closed","template":"elementor_theme","meta":{"_eb_attr":"","footnotes":""},"class_list":["post-8097","page","type-page","status-publish","has-post-thumbnail"],"_links":{"self":[{"href":"https:\/\/travelshelper.com\/fr\/wp-json\/wp\/v2\/pages\/8097","targetHints":{"allow":["GET"]}}],"collection":[{"href":"https:\/\/travelshelper.com\/fr\/wp-json\/wp\/v2\/pages"}],"about":[{"href":"https:\/\/travelshelper.com\/fr\/wp-json\/wp\/v2\/types\/page"}],"author":[{"embeddable":true,"href":"https:\/\/travelshelper.com\/fr\/wp-json\/wp\/v2\/users\/1"}],"replies":[{"embeddable":true,"href":"https:\/\/travelshelper.com\/fr\/wp-json\/wp\/v2\/comments?post=8097"}],"version-history":[{"count":0,"href":"https:\/\/travelshelper.com\/fr\/wp-json\/wp\/v2\/pages\/8097\/revisions"}],"up":[{"embeddable":true,"href":"https:\/\/travelshelper.com\/fr\/wp-json\/wp\/v2\/pages\/8072"}],"wp:featuredmedia":[{"embeddable":true,"href":"https:\/\/travelshelper.com\/fr\/wp-json\/wp\/v2\/media\/3574"}],"wp:attachment":[{"href":"https:\/\/travelshelper.com\/fr\/wp-json\/wp\/v2\/media?parent=8097"}],"curies":[{"name":"wp","href":"https:\/\/api.w.org\/{rel}","templated":true}]}}