{"id":7707,"date":"2024-08-28T14:43:40","date_gmt":"2024-08-28T14:43:40","guid":{"rendered":"https:\/\/travelshelper.com\/staging\/?page_id=7707"},"modified":"2026-03-13T23:35:55","modified_gmt":"2026-03-13T23:35:55","slug":"ushuaia","status":"publish","type":"page","link":"https:\/\/travelshelper.com\/fr\/destinations\/south-america\/argentina\/ushuaia\/","title":{"rendered":"Ushua\u00efa"},"content":{"rendered":"<p>La ville d&#039;Ushuaia est perch\u00e9e aux confins du monde habitable, l\u00e0 o\u00f9 l&#039;imposant canal Beagle entre en collision avec les Andes. Elle attire un curieux m\u00e9lange d&#039;aventuriers, de chercheurs et de touristes curieux \u2013 des personnes enthousiasm\u00e9es par les latitudes extr\u00eames et la beaut\u00e9 paisible que l&#039;on trouve seulement \u00e0 la limite de la glace et de la mer. Bien que souvent surnomm\u00e9e romantiquement \u00ab\u00a0Le bout du monde\u00a0\u00bb, l&#039;histoire d&#039;Ushuaia va au-del\u00e0 d&#039;un lointain avant-poste\u00a0; elle est un t\u00e9moignage vivant de la r\u00e9silience humaine, de la grandeur naturelle et de la subtile symbiose entre croissance et pr\u00e9servation.<\/p>\n<p>Nich\u00e9e sur la c\u00f4te sud de l&#039;\u00eele Grande de Terre de Feu, Ushuaia offre un amphith\u00e9\u00e2tre naturel de pentes et de pics. Les monts Martial veillent sur la baie d&#039;Ushuaia, leurs flancs rocailleux sculpt\u00e9s par des mill\u00e9naires de vent et de glace. En contrebas, les vagues du canal Beagle viennent l\u00e9cher un port abrit\u00e9 qui guidait autrefois les navires loin des temp\u00eates du sud. Cette atmosph\u00e8re maritime temp\u00e8re un climat oc\u00e9anique subpolaire\u00a0: les \u00e9t\u00e9s oscillent autour de 10\u00a0\u00b0C, les hivers descendent juste en dessous de z\u00e9ro et des bourrasques peuvent survenir sans pr\u00e9venir. Pourtant, ces m\u00eames montagnes qui charrient neige et gr\u00e9sil amortissent \u00e9galement les vents les plus violents, cr\u00e9ant des \u00eelots de calme que les habitants ont appris \u00e0 ch\u00e9rir.<\/p>\n<p>Bien avant l&#039;histoire \u00e9crite, les peuples Y\u00e1mana et Selk&#039;nam naviguaient sur ces mers en cano\u00eb, r\u00e9coltant des coquillages et traquant des guanacos. Cependant, pendant la majeure partie du XIXe si\u00e8cle, la Terre de Feu est rest\u00e9e envelopp\u00e9e d&#039;une l\u00e9gende brumeuse. Le 12 octobre 1884, le commandant de la marine argentine Augusto Lasserre hissa un drapeau sur le fort Ushuaia, sur le site de l&#039;ancienne mission anglicane de Thomas Bridges. Cet acte inaugura la transformation d&#039;Ushuaia, autrefois un point d&#039;ancrage pr\u00e9caire, en principal port m\u00e9ridional de la Patagonie \u2013 une identit\u00e9 qui allait se r\u00e9percuter sur son \u00e9conomie et sa culture pendant des g\u00e9n\u00e9rations.<\/p>\n<p>Le paysage spectaculaire d&#039;Ushuaia fa\u00e7onne chaque aspect de la vie. Au nord, les Andes s&#039;\u00e9tendent en un escalier de cr\u00eates, offrant aux randonneurs des champs de glace, des for\u00eats de lengas et des lagons miroitants. Au sud, le canal de Beagle canalise le vent et le sel, sculptant des fjords et parsemant des \u00eelots peupl\u00e9s de cormorans et d&#039;otaries. L&#039;influence maritime att\u00e9nue les variations de temp\u00e9rature, mais apporte une humidit\u00e9 quasi constante, et le temps peut passer d&#039;un soleil \u00e9clatant \u00e0 une morosit\u00e9 envelopp\u00e9e de gr\u00e9sil en quelques minutes. Les agriculteurs locaux \u00e9l\u00e8vent des moutons robustes et cultivent des tomates sous serre, tandis que les habitants s&#039;adaptent \u00e0 des saisons o\u00f9 la lumi\u00e8re du jour s&#039;\u00e9tend interminablement en d\u00e9cembre et dispara\u00eet presque enti\u00e8rement en juin.<\/p>\n<p>Avec environ 82\u00a0615 habitants, Ushuaia revendique fi\u00e8rement son statut de ville la plus australe du monde. Ses rues grouillent de p\u00eacheurs, d&#039;employ\u00e9s du gouvernement, de commer\u00e7ants et de scientifiques. Une vive rivalit\u00e9 couve avec Puerto Williams, situ\u00e9e non loin sur l&#039;\u00eele Navarino, dont les quelques milliers d&#039;habitants et la superficie restreinte de 0,99 km\u00b2 incitent les statisticiens de l&#039;UNESCO et de l&#039;ONU \u00e0 remettre en question son statut de ville. Selon ces crit\u00e8res internationaux, l&#039;infrastructure et la population d&#039;Ushuaia lui valent une place au Livre Guinness des records, mais cette rivalit\u00e9 amicale souligne l&#039;attrait de la vie aux confins de la nature.<\/p>\n<p>Loin d&#039;\u00eatre une ville touristique monotone, Ushuaia b\u00e9n\u00e9ficie d&#039;une \u00e9conomie multiforme. Le port accueille des paquebots de croisi\u00e8re en direction de l&#039;Antarctique, des chalutiers de p\u00eache et des porte-conteneurs desservant les routes commerciales du sud. Dans des parcs industriels soign\u00e9s, des usines transforment le crabe royal, le merlu et les coquilles Saint-Jacques de Patagonie, tandis que des ateliers d&#039;\u00e9lectronique assemblent des composants de pr\u00e9cision. Ces entreprises apportent de la stabilit\u00e9 \u00e0 une communaut\u00e9 qui, autrement, ralentirait ses activit\u00e9s lorsque le gel hivernal d\u00e9couragerait les bateaux de croisi\u00e8re et les amateurs de sensations fortes. Les administrations provinciales et les consulats constituent le pilier du secteur administratif, offrant des emplois publics d&#039;une ampleur rare dans les villes frontali\u00e8res.<\/p>\n<p>Le tourisme reste cependant le c\u0153ur d&#039;Ushuaia. Chaque \u00e9t\u00e9, les visiteurs affluent sur les ferries et les Zodiacs pour admirer les couchers de soleil lumineux sur Martial Grande, arpenter les sentiers du parc national de la Terre de Feu et suivre les traces de Charles Darwin lors d&#039;excursions au Cap Horn. Des excursions en bateau pour observer les baleines et les oiseaux longent des \u00eelots peupl\u00e9s d&#039;otaries, tandis que des paquebots de luxe \u00e9clipsent le quai en pr\u00e9vision de longs voyages vers le continent blanc. Pour beaucoup, Ushuaia est plus qu&#039;une simple escale\u00a0: c&#039;est le seuil de l&#039;Antarctique, un lieu o\u00f9 les derni\u00e8res stations de ravitaillement s&#039;\u00e9loignent et o\u00f9 les icebergs se profilent \u00e0 l&#039;horizon.<\/p>\n<p>L&#039;identit\u00e9 d&#039;Ushua\u00efa s&#039;\u00e9tend au-del\u00e0 de la pointe sud de l&#039;Argentine gr\u00e2ce \u00e0 des jumelages officiels avec Hammerfest, en Norv\u00e8ge, et Utqia\u0121vik, en Alaska. Ces villes des latitudes extr\u00eames \u00e9changent leurs savoir-faire techniques en mati\u00e8re de d\u00e9neigement, de soutien psychologique pendant les nuits polaires et de gestion durable des p\u00eacheries. Les festivals culturels alternent entre chants de gorge espagnols, s\u00e1mi joik et inupiat, forgeant des liens improbables qui soulignent une conviction commune\u00a0: la vie \u00e0 la limite unit les communaut\u00e9s malgr\u00e9 la distance et le climat.<\/p>\n<p>Situ\u00e9e \u00e0 proximit\u00e9 des fronti\u00e8res mouvantes du changement climatique, Ushuaia assume une responsabilit\u00e9 bien plus vaste que ses 47 km\u00b2 de territoire municipal. Les chercheurs du Centre des sciences maritimes surveillent la salinit\u00e9 et les courants oc\u00e9aniques dans le canal Beagle\u00a0; les glaciologues \u00e9tudient le recul des champs de glace\u00a0; les ornithologues surveillent les colonies de manchots de Magellan et de manchots royaux sur les \u00eeles du sud de la Terre de Feu. La ville a \u00e9labor\u00e9 son propre code environnemental pour limiter les d\u00e9chets plastiques, r\u00e9guler les rejets des navires de croisi\u00e8re et pr\u00e9server les tourbi\u00e8res fragiles. L&#039;activisme local, soutenu par les programmes de sensibilisation universitaires, positionne Ushuaia \u00e0 la fois comme observatrice et porte-parole du d\u00e9bat mondial sur les \u00e9cosyst\u00e8mes polaires.<\/p>\n<p>Dans un monde o\u00f9 les voyages empruntent souvent des itin\u00e9raires familiers, Ushuaia se distingue, un lieu o\u00f9 l&#039;endurance humaine rencontre les forces \u00e9l\u00e9mentaires. Son port accueille toujours chasseurs de phoques et marchands, aux c\u00f4t\u00e9s d\u00e9sormais de climatologues et de touristes coiff\u00e9s de chapeaux de soleil. Ses sommets continuent d&#039;accumuler la neige pour des glaciers centenaires, malgr\u00e9 la hausse constante des temp\u00e9ratures mondiales. Et sous tout cela se cache une histoire d&#039;adaptation\u00a0: cueilleurs autochtones, missionnaires anglicans, exp\u00e9ditions navales et entrepreneurs modernes, chacun inscrivant ses ambitions dans l&#039;une des derni\u00e8res fronti\u00e8res de la Terre. Que l&#039;on arrive en bus par la route Beagle, en bateau depuis Punta Arenas ou en avion \u00e0 travers des montagnes z\u00e9br\u00e9es de nuages, Ushuaia est une destination qui vous plonge au c\u0153ur de l&#039;\u00eele\u00a0: isol\u00e9e, sans fard, profond\u00e9ment vivante au bout du monde.<\/p>","protected":false},"excerpt":{"rendered":"<p>Situated at the southernmost point of South America, where the turbulent Beagle Channel meets the tough Andes Mountains, a city captures the imagination of both adventurers and tourists. Officially known as Ushuaia, the City of Ushuaia is evidence of the attraction of Earth&#8217;s far-off frontiers and human endurance. Often referred to as &#8220;The End of the World,&#8221; this fascinating urban center is not only a physical wonder but also a hive of industry, culture, and natural beauty.<\/p>","protected":false},"author":1,"featured_media":3292,"parent":7678,"menu_order":0,"comment_status":"closed","ping_status":"closed","template":"elementor_theme","meta":{"_eb_attr":"","footnotes":""},"class_list":["post-7707","page","type-page","status-publish","has-post-thumbnail"],"_links":{"self":[{"href":"https:\/\/travelshelper.com\/fr\/wp-json\/wp\/v2\/pages\/7707","targetHints":{"allow":["GET"]}}],"collection":[{"href":"https:\/\/travelshelper.com\/fr\/wp-json\/wp\/v2\/pages"}],"about":[{"href":"https:\/\/travelshelper.com\/fr\/wp-json\/wp\/v2\/types\/page"}],"author":[{"embeddable":true,"href":"https:\/\/travelshelper.com\/fr\/wp-json\/wp\/v2\/users\/1"}],"replies":[{"embeddable":true,"href":"https:\/\/travelshelper.com\/fr\/wp-json\/wp\/v2\/comments?post=7707"}],"version-history":[{"count":0,"href":"https:\/\/travelshelper.com\/fr\/wp-json\/wp\/v2\/pages\/7707\/revisions"}],"up":[{"embeddable":true,"href":"https:\/\/travelshelper.com\/fr\/wp-json\/wp\/v2\/pages\/7678"}],"wp:featuredmedia":[{"embeddable":true,"href":"https:\/\/travelshelper.com\/fr\/wp-json\/wp\/v2\/media\/3292"}],"wp:attachment":[{"href":"https:\/\/travelshelper.com\/fr\/wp-json\/wp\/v2\/media?parent=7707"}],"curies":[{"name":"wp","href":"https:\/\/api.w.org\/{rel}","templated":true}]}}