{"id":7628,"date":"2024-08-27T21:07:30","date_gmt":"2024-08-27T21:07:30","guid":{"rendered":"https:\/\/travelshelper.com\/staging\/?page_id=7628"},"modified":"2026-03-13T23:47:54","modified_gmt":"2026-03-13T23:47:54","slug":"brasilia","status":"publish","type":"page","link":"https:\/\/travelshelper.com\/fr\/destinations\/south-america\/brazil\/brasilia\/","title":{"rendered":"Bras\u00edlia"},"content":{"rendered":"<p>Dans l&#039;immensit\u00e9 des hautes terres int\u00e9rieures du Br\u00e9sil, un ruban p\u00e2le d&#039;avenues traverse des pelouses impeccables et des jardins sculpt\u00e9s. C&#039;est ici que se dresse Bras\u00edlia, une ville aux courbes de b\u00e9ton et au ciel ouvert, n\u00e9e non pas de si\u00e8cles de croissance, mais d&#039;un seul et ambitieux projet de planification. Depuis son inauguration le 21 avril 1960, sous la pr\u00e9sidence de Juscelino Kubitschek, Bras\u00edlia a port\u00e9 le poids des attentes\u00a0: rassembler une nation tentaculaire, honorer la promesse de la modernit\u00e9 et incarner les aspirations du Br\u00e9sil. Aujourd&#039;hui, elle est la troisi\u00e8me ville la plus peupl\u00e9e du pays, apr\u00e8s S\u00e3o Paulo et Rio de Janeiro, et affiche le PIB par habitant le plus \u00e9lev\u00e9 des grandes m\u00e9tropoles d&#039;Am\u00e9rique latine, t\u00e9moignant \u00e0 la fois de sa centralit\u00e9 politique et de son dynamisme \u00e9conomique.<\/p>\n<p>\u00c0 la fin des ann\u00e9es 1950, les dirigeants br\u00e9siliens d\u00e9cid\u00e8rent de d\u00e9placer la capitale de la c\u00f4te surpeupl\u00e9e vers un emplacement plus central, favorisant ainsi un sentiment d&#039;unit\u00e9 entre des r\u00e9gions disparates. Le pari audacieux du pr\u00e9sident Kubitschek mobilisa trois visionnaires\u00a0: l&#039;urbaniste L\u00facio Costa, l&#039;architecte Oscar Niemeyer et l&#039;ing\u00e9nieur en structures Joaquim Cardozo. Le plan directeur de Costa dessinait une ville en forme d&#039;avion \u2013 son fuselage constituant un axe principal, son cockpit le si\u00e8ge du pouvoir \u2013 et divis\u00e9e en secteurs distincts pour les h\u00f4tels, la finance, les ambassades, les logements, etc. Dans cette ossature, Niemeyer sculpta des formes blanches et contemporaines, tandis que l&#039;architecte paysagiste Roberto Burle Marx y ajouta des \u00e9tendues luxuriantes de v\u00e9g\u00e9tation indig\u00e8ne, ancrant la ville \u00e9tincelante dans son contexte de savane tropicale.<\/p>\n<p>L&#039;effet global \u00e9tait tout simplement r\u00e9volutionnaire. Brasilia incarnait une nouvelle philosophie urbaine\u00a0: clart\u00e9 des objectifs, zonage fonctionnel et puret\u00e9 architecturale. Chaque courbe, chaque colonne, chaque bassin r\u00e9fl\u00e9chissant \u00e9tait porteur d&#039;une signification, une inversion d\u00e9lib\u00e9r\u00e9e de l&#039;\u00e9talement organique qui avait caract\u00e9ris\u00e9 les capitales pr\u00e9c\u00e9dentes. En situant les minist\u00e8res le long de super-\u00eelots num\u00e9rot\u00e9s avec pr\u00e9cision et en r\u00e9servant des zones d\u00e9di\u00e9es au commerce et \u00e0 la culture, Costa a \u00e9tabli une logique aussi rationnelle que po\u00e9tique.<\/p>\n<p>Passez sous les imposantes arches paraboliques de la cath\u00e9drale de Brasilia \u2013 sa structure hyperbolo\u00efde soutenue par seize colonnes \u00e9lanc\u00e9es \u2013 et vous ressentirez une gr\u00e2ce paisible, comme si l&#039;air lui-m\u00eame avait \u00e9t\u00e9 model\u00e9 par la lumi\u00e8re. Cet espace sacr\u00e9, achev\u00e9 en 1970, illustre parfaitement le don de Niemeyer pour allier monumentalit\u00e9 et \u00e9l\u00e9gance l\u00e9g\u00e8re. Ailleurs, le Congr\u00e8s national s&#039;\u00e9l\u00e8ve comme deux vastes cuvettes, l&#039;une invers\u00e9e, flanqu\u00e9e de tours jumelles\u00a0: un raccourci visuel pour l&#039;\u00e9quilibre l\u00e9gislatif des chambres.<\/p>\n<p>Au c\u0153ur de l&#039;\u00ab avion \u00bb, la Pra\u00e7a dos Tr\u00eas Poderes fait office de cockpit de Brasilia. Autour d&#039;un large bassin r\u00e9fl\u00e9chissant, le Pal\u00e1cio do Planalto (ex\u00e9cutif), le Congr\u00e8s (l\u00e9gislatif) et la Cour supr\u00eame f\u00e9d\u00e9rale (judiciaire) dialoguent en silence. Plus loin, le long de l&#039;Axe Monumental \u2013 le fuselage \u2013, deux larges avenues parall\u00e8les entourent l&#039;Esplanada dos Minist\u00e9rios, o\u00f9 chaque minist\u00e8re occupe sa propre bande de pelouse et de verre, telles des ailes individuelles s&#039;\u00e9tendant d&#039;une colonne vert\u00e9brale centrale.<\/p>\n<p>Les ailes r\u00e9sidentielles de la ville, appel\u00e9es \u00ab\u00a0aile A\u00a0\u00bb et \u00ab\u00a0aile B\u00a0\u00bb, abritent des super-blocs d&#039;appartements destin\u00e9s aux fonctionnaires et \u00e0 leurs familles. Chaque super-bloc int\u00e8gre des groupes de b\u00e2timents autour d&#039;espaces verts et de terrains de jeux communs, refl\u00e9tant la conviction de Costa selon laquelle l&#039;architecture doit servir \u00e0 la fois les besoins collectifs et le confort individuel. Les plantations de Burle Marx \u2013 hautes herbes, crotons rouge feu et sentiers sinueux \u2013 adoucissent l&#039;horizon b\u00e9tonn\u00e9, offrant un r\u00e9pit au soleil de midi.<\/p>\n<ul>\n<li>Cath\u00e9drale de Brasilia : R\u00e9put\u00e9e pour sa forme hyperbolo\u00efde et ses vitraux du sol au plafond, les colonnes \u00e9lanc\u00e9es de la cath\u00e9drale s&#039;ouvrent vers le ciel, invitant la lumi\u00e8re du soleil \u00e0 jouer sur le sol en marbre.<\/li>\n<li>Pal\u00e1cio da Alvorada : La r\u00e9sidence officielle du pr\u00e9sident, modeste mais frappante, plane au-dessus d&#039;un bassin r\u00e9fl\u00e9chissant, sa silhouette de colonnade se refl\u00e9tant dans l&#039;eau calme.<\/li>\n<li>Congr\u00e8s national : les tours jumelles et les chambres l\u00e9gislatives en forme de bol incarnent la tension et l\u2019\u00e9quilibre inh\u00e9rents \u00e0 la gouvernance d\u00e9mocratique.<\/li>\n<li>Tribunal supr\u00eame f\u00e9d\u00e9ral : Une structure plus compacte et incurv\u00e9e, elle compl\u00e8te le trio de la Pra\u00e7a dos Tr\u00eas Poderes, sa fa\u00e7ade en verre aust\u00e8re sugg\u00e9rant la transparence et la d\u00e9lib\u00e9ration.<\/li>\n<\/ul>\n<p>L&#039;audacieuse exp\u00e9rience de Brasilia n&#039;est pas pass\u00e9e inaper\u00e7ue. En 1987, l&#039;UNESCO a inscrit la ville au patrimoine mondial, la qualifiant d&#039;\u00ab exemple exceptionnel du mouvement moderniste en architecture et en urbanisme \u00bb. Trente ans plus tard, en 2017, l&#039;UNESCO a de nouveau distingu\u00e9 Brasilia comme \u00ab Ville du design \u00bb, reconnaissant ainsi son influence continue sur les industries cr\u00e9atives et le discours architectural. Ces distinctions ont renforc\u00e9 l&#039;identit\u00e9 de la ville comme laboratoire d&#039;innovation, o\u00f9 galeries, studios et festivals trouvent un terreau fertile au c\u0153ur des enceintes gouvernementales.<\/p>\n<p>Au-del\u00e0 de son r\u00f4le de centre n\u00e9vralgique politique du Br\u00e9sil, Brasilia est un p\u00f4le majeur des relations internationales. Plus de 120 ambassades \u00e9trang\u00e8res jalonnent son secteur des ambassades, cr\u00e9ant un microcosme de la diplomatie mondiale. Les envoy\u00e9s se prom\u00e8nent d&#039;une chancellerie \u00e0 l&#039;autre \u00e0 l&#039;ombre des acacias, tandis que les attach\u00e9s culturels coordonnent des expositions qui apportent des fragments de cultures lointaines \u00e0 cette future capitale.<\/p>\n<p>Les voyageurs arrivent par le troisi\u00e8me a\u00e9roport le plus fr\u00e9quent\u00e9 du Br\u00e9sil, qui relie Brasilia \u00e0 toutes les principales destinations nationales et \u00e0 un nombre croissant de lignes internationales. Chaque jour, des avions transportent fonctionnaires, hommes d&#039;affaires et touristes vers la ville, soulignant la double identit\u00e9 de Brasilia, si\u00e8ge administratif et carrefour d&#039;\u00e9changes internationaux.<\/p>\n<p>Brasilia a fait ses preuves sur la sc\u00e8ne sportive internationale. En 2013, elle a accueilli des matchs de la Coupe des Conf\u00e9d\u00e9rations de la FIFA, et un an plus tard, elle a accueilli des milliers de supporters pour la Coupe du Monde 2014, son stade scintillant sous un ciel \u00e9quatorial. Lors des Jeux olympiques d&#039;\u00e9t\u00e9 de Rio 2016, la ville a accueilli des matchs pr\u00e9liminaires de football, d\u00e9montrant ainsi sa capacit\u00e9 \u00e0 accueillir des \u00e9v\u00e9nements d&#039;envergure mondiale. Ces \u00e9v\u00e9nements ont laiss\u00e9 un h\u00e9ritage d&#039;infrastructures modernis\u00e9es \u2013 nouvelles routes, lignes de transport en commun \u00e9tendues et installations sportives r\u00e9nov\u00e9es \u2013 dont les habitants b\u00e9n\u00e9ficient bien apr\u00e8s le coup de sifflet final.<\/p>\n<p>Juridiquement, Brasilia n&#039;est pas une municipalit\u00e9, mais fait partie du District f\u00e9d\u00e9ral, une r\u00e9gion administrative dot\u00e9e de son propre gouverneur et de sa propre chambre l\u00e9gislative. Le district comprend 33 r\u00e9gions administratives, chacune dot\u00e9e d&#039;un degr\u00e9 d&#039;autonomie locale. En son c\u0153ur se trouve le Plano Piloto, le \u00ab plan pilote \u00bb original con\u00e7u par Costa. Ce territoire \u00e9troit et cruciforme abrite les b\u00e2timents gouvernementaux, les super-\u00eelots r\u00e9sidentiels et les institutions culturelles \u2013 le c\u0153ur battant de la capitale. Les visiteurs qui s&#039;aventurent au-del\u00e0 de ses limites d\u00e9couvrent des villes plus petites et des paysages ruraux, rappelant que Brasilia est \u00e0 la fois une m\u00e9tropole et un t\u00e9moignage de l&#039;arri\u00e8re-pays br\u00e9silien.<\/p>\n<p>Se d\u00e9placer \u00e0 Brasilia, c&#039;est d\u00e9couvrir l&#039;interaction entre \u00e9chelle et intimit\u00e9. Du haut de l&#039;une des passerelles pi\u00e9tonnes traversant l&#039;Axe Monumental, on se sent \u00e9cras\u00e9 par l&#039;infinit\u00e9 des boulevards. Pourtant, en se glissant dans l&#039;un des parcs ombrag\u00e9s ou en s&#039;arr\u00eatant pour une cr\u00eape au tapioca \u00e0 un \u00e9tal de rue, la chaleur de la ville s&#039;infiltre. Les nuits sont temp\u00e9r\u00e9es par une brise fra\u00eeche et ponctu\u00e9es par la douce lueur des lampadaires sur les fa\u00e7ades courbes. Des musiciens se rassemblent sur la pelouse devant le Mus\u00e9e national, grattant leurs accords tandis que les familles pique-niquent sur l&#039;herbe. Un sentiment de calme r\u00e8gne, m\u00eame dans le bourdonnement de la circulation au loin.<\/p>\n<p>Brasilia d\u00e9fie toute comparaison. Ni ancienne ni banale, elle est la manifestation concr\u00e8te de la d\u00e9termination d&#039;un pays \u00e0 fa\u00e7onner son destin. Pour les voyageurs attir\u00e9s par les lieux o\u00f9 l&#039;architecture est \u00e9loquente, o\u00f9 l&#039;urbanisme se mue en po\u00e9sie, la capitale offre autant d&#039;enseignements que de plaisirs. Arpentez ses avenues, arr\u00eatez-vous sous les arches de Niemeyer, et vous ressentirez non seulement le poids de l&#039;id\u00e9ologie, mais aussi la beaut\u00e9 fragile de l&#039;ambition humaine, exprim\u00e9e dans la pierre et le ciel. \u00c0 Brasilia, chaque recoin rec\u00e8le une histoire, et chaque histoire nous rappelle que m\u00eame la ville la plus soigneusement con\u00e7ue peut surprendre ceux qui prennent le temps de l&#039;\u00e9couter.<\/p>","protected":false},"excerpt":{"rendered":"<p>Bras\u00edlia, which stands in the Brazilian highlands, epitomizes modernist architectural ideas and creative urban planning. Originally founded on April 21, 1960, under President Juscelino Kubitschek, this city was meant to replace Rio de Janeiro as the next capital of Brazil. After S\u00e3o Paulo and Rio de Janeiro, Bras\u00edlia is today the third most populous city in Brazil as well as the seat of government. Its economic relevance is shown by its greatest GDP per capita among big Latin American cities.<\/p>","protected":false},"author":1,"featured_media":4060,"parent":7508,"menu_order":0,"comment_status":"closed","ping_status":"closed","template":"elementor_theme","meta":{"_eb_attr":"","footnotes":""},"class_list":["post-7628","page","type-page","status-publish","has-post-thumbnail"],"_links":{"self":[{"href":"https:\/\/travelshelper.com\/fr\/wp-json\/wp\/v2\/pages\/7628","targetHints":{"allow":["GET"]}}],"collection":[{"href":"https:\/\/travelshelper.com\/fr\/wp-json\/wp\/v2\/pages"}],"about":[{"href":"https:\/\/travelshelper.com\/fr\/wp-json\/wp\/v2\/types\/page"}],"author":[{"embeddable":true,"href":"https:\/\/travelshelper.com\/fr\/wp-json\/wp\/v2\/users\/1"}],"replies":[{"embeddable":true,"href":"https:\/\/travelshelper.com\/fr\/wp-json\/wp\/v2\/comments?post=7628"}],"version-history":[{"count":0,"href":"https:\/\/travelshelper.com\/fr\/wp-json\/wp\/v2\/pages\/7628\/revisions"}],"up":[{"embeddable":true,"href":"https:\/\/travelshelper.com\/fr\/wp-json\/wp\/v2\/pages\/7508"}],"wp:featuredmedia":[{"embeddable":true,"href":"https:\/\/travelshelper.com\/fr\/wp-json\/wp\/v2\/media\/4060"}],"wp:attachment":[{"href":"https:\/\/travelshelper.com\/fr\/wp-json\/wp\/v2\/media?parent=7628"}],"curies":[{"name":"wp","href":"https:\/\/api.w.org\/{rel}","templated":true}]}}