{"id":7414,"date":"2024-08-25T18:11:58","date_gmt":"2024-08-25T18:11:58","guid":{"rendered":"https:\/\/travelshelper.com\/staging\/?page_id=7414"},"modified":"2026-03-14T00:12:18","modified_gmt":"2026-03-14T00:12:18","slug":"medellin","status":"publish","type":"page","link":"https:\/\/travelshelper.com\/fr\/destinations\/south-america\/colombia\/medellin\/","title":{"rendered":"Medell\u00edn"},"content":{"rendered":"<p>Medell\u00edn occupe un large plateau au c\u0153ur de la vall\u00e9e d&#039;Aburr\u00e1, cern\u00e9e par d&#039;escarp\u00e9s versants andins qui s&#039;inclinent vers le c\u0153ur de la ville. Son r\u00e9seau de rues, travers\u00e9 par l&#039;\u00e9troit fleuve Medell\u00edn, s&#039;\u00e9tend d&#039;un modeste noyau colonial vers l&#039;est, en direction d&#039;El Poblado et d&#039;Envigado. \u00c0 1\u00a0495 m\u00e8tres d&#039;altitude, la ville b\u00e9n\u00e9ficie d&#039;un climat temp\u00e9r\u00e9, souvent appel\u00e9 \u00ab\u00a0printemps \u00e9ternel\u00a0\u00bb, o\u00f9 les bougainvilliers drapent les fa\u00e7ades en briques et o\u00f9 les palmiers laissent passer une brise ti\u00e8de \u00e0 travers les balcons en fer forg\u00e9. La municipalit\u00e9 est la deuxi\u00e8me plus peupl\u00e9e de Colombie, comptant quelque 2,4 millions d&#039;habitants sur son territoire et plus de 4 millions dans sa zone m\u00e9tropolitaine.<\/p>\n<p>En 1616, Francisco de Herrera Campuzano fonda un petit village de familles indig\u00e8nes sous le nom de San Lorenzo de Aburr\u00e1, dans ce qui est aujourd&#039;hui le quartier d&#039;El Poblado. Ce modeste hameau s&#039;\u00e9tendait le long d&#039;un cours d&#039;eau qui descendait vers le fond de la vall\u00e9e. Pr\u00e8s de soixante ans plus tard, le 2 novembre 1675, un d\u00e9cret de la reine Mariana d&#039;Autriche \u00e9rigea un village plus vaste, la Villa de Nuestra Se\u00f1ora de la Candelaria de Medell\u00edn, autour d&#039;une place centrale, dans ce qui est aujourd&#039;hui le centre-ville. Le nouveau village prit son nom d&#039;une ville d&#039;Estr\u00e9madure, en Espagne, mais ses contours allaient bient\u00f4t affirmer leur identit\u00e9 propre.<\/p>\n<p>Apr\u00e8s son ind\u00e9pendance de l&#039;Espagne, Medell\u00edn acquit le statut de capitale d\u00e9partementale d&#039;Antioquia en 1826, sous le Congr\u00e8s de la Grande Colombie. Sa g\u00e9ographie, berc\u00e9e par des collines fertiles, et sa proximit\u00e9 avec des cours d&#039;eau riches en or stimul\u00e8rent le commerce naissant. Au milieu du si\u00e8cle, les marchands d&#039;Antioquia abandonn\u00e8rent l&#039;exportation de m\u00e9taux pr\u00e9cieux pour se consacrer au caf\u00e9, exp\u00e9diant des sacs en aval vers Carthag\u00e8ne. Le quadrillage de la ville regorgeait de r\u00e9sidences de style hacienda, tandis que d&#039;\u00e9troites ruelles sillonnaient les march\u00e9s locaux et les entrep\u00f4ts.<\/p>\n<p>La fin du XIXe si\u00e8cle vit l&#039;essor des usines textiles et des fonderies d&#039;acier le long des rives. Une nouvelle bourgeoisie construisit des maisons de commerce et finan\u00e7a des lignes de tramway\u00a0; les usines crachaient de basses fum\u00e9es qui se m\u00ealaient aux brumes des montagnes. Pourtant, au milieu du XXe si\u00e8cle, l&#039;industrie avait d\u00e9clin\u00e9 en raison des turbulences politiques. Ce n&#039;est que dans les ann\u00e9es 1990 que Medell\u00edn s&#039;engagea dans un renouvellement urbain soutenu. L&#039;inauguration du m\u00e9tro de Medell\u00edn en 1995 marqua un tournant symbolique. Les lignes A et B reli\u00e8rent les agglom\u00e9rations p\u00e9riph\u00e9riques au centre historique. Des t\u00e9l\u00e9ph\u00e9riques communautaires (lignes J et K) all\u00e9g\u00e8rent les trajets domicile-travail en pente raide, offrant aux quartiers des collines un nouvel acc\u00e8s \u00e0 l&#039;\u00e9ducation et aux services de sant\u00e9.<\/p>\n<p>Les observateurs internationaux n&#039;ont pas tard\u00e9 \u00e0 s&#039;en rendre compte. En 2013, l&#039;Urban Land Institute a d\u00e9sign\u00e9 Medell\u00edn comme la ville la plus innovante du monde, citant ses biblioth\u00e8ques en hauteur, ses escaliers m\u00e9caniques dans les quartiers informels et son r\u00e9seau d&#039;\u00e9coles communautaires. L&#039;ann\u00e9e suivante, elle a accueilli le Forum urbain mondial d&#039;ONU-Habitat\u00a0; en 2016, elle a re\u00e7u le Prix Lee Kuan Yew des villes mondiales pour ses solutions urbaines durables. Les universitaires locaux mettent en avant un mod\u00e8le d&#039;\u00ab\u00a0\u00c9tat d\u00e9veloppeur\u00a0\u00bb, dans lequel les autorit\u00e9s municipales, les universit\u00e9s et les associations civiques s&#039;articulent autour d&#039;un investissement inclusif.<\/p>\n<p>Medell\u00edn repr\u00e9sente 67 % du PIB d&#039;Antioquia et contribue \u00e0 environ 11 % de l&#039;\u00e9conomie colombienne. Un consortium de leaders du secteur priv\u00e9, le Grupo Empresarial Antioque\u00f1o, pilote les secteurs bancaire, agroalimentaire, cimentier et des assurances, avec une capitalisation boursi\u00e8re combin\u00e9e d&#039;environ 17 milliards de dollars am\u00e9ricains et plus de 80\u00a0000 salari\u00e9s. Le textile, la confiserie, les produits pharmaceutiques, l&#039;acier, le p\u00e9trole raffin\u00e9 et la floriculture soutiennent des p\u00f4les industriels de longue date. Ces derni\u00e8res d\u00e9cennies, la mode s&#039;est impos\u00e9e comme une industrie culturelle\u00a0: Colombiamoda, qui se tient chaque ann\u00e9e en juillet, est le plus grand salon de l&#039;habillement d&#039;Am\u00e9rique latine.<\/p>\n<p>La ville poss\u00e8de \u00e9galement deux a\u00e9roports. L&#039;a\u00e9roport Olaya Herrera, situ\u00e9 \u00e0 Medell\u00edn m\u00eame, dessert les compagnies a\u00e9riennes r\u00e9gionales et l&#039;aviation g\u00e9n\u00e9rale. L&#039;a\u00e9roport Jos\u00e9 Mar\u00eda C\u00f3rdova, situ\u00e9 \u00e0 29 km \u00e0 l&#039;est, \u00e0 Rionegro, offre des liaisons directes avec les hubs nord-am\u00e9ricains et sud-am\u00e9ricains. Des compagnies a\u00e9riennes traditionnelles comme Avianca et Aerom\u00e9xico op\u00e8rent aux c\u00f4t\u00e9s de compagnies low-cost. La croissance du trafic passagers sur la ligne Bogot\u00e1 et au-del\u00e0 a fait de C\u00f3rdova l&#039;une des portes d&#039;entr\u00e9e nationales et internationales les plus fr\u00e9quent\u00e9es de Colombie.<\/p>\n<p>Les parcs de Medell\u00edn forment un contrepoint \u00e0 son r\u00e9seau urbain. Au centre, les parcs Berr\u00edo et Bol\u00edvar bordent la cath\u00e9drale m\u00e9tropolitaine, dont l&#039;imposante nef en briques domine la vie civique. Au sud, le parc Laureles abrite des quartiers r\u00e9sidentiels, tandis que le parc El Poblado est entour\u00e9 de caf\u00e9s et de galeries. Des espaces exp\u00e9rimentaux \u2013 le parc Barefoot et son lit de rivi\u00e8re artificiel, les expositions scientifiques interactives du parc Explora et la for\u00eat urbaine du parc du Bicentenaire \u2013 offrent \u00e0 la fois divertissement et apprentissage.<\/p>\n<p>Au-del\u00e0 des limites de la ville, le parc \u00e9cotouristique d&#039;Arv\u00ed s&#039;\u00e9tend sur 20\u00a0000 hectares de for\u00eat tropicale. Des sentiers sillonnent les hautes vall\u00e9es o\u00f9 kayak, VTT et promenades botaniques guid\u00e9es permettent de d\u00e9couvrir la flore andine. Quatre stations de t\u00e9l\u00e9ph\u00e9rique de la ligne L d\u00e9posent les visiteurs dans cette r\u00e9serve prot\u00e9g\u00e9e, offrant des panoramas sur la ville en contrebas.<\/p>\n<p>Sept collines \u2013 El Volador, Nutibara, Pan de Az\u00facar et d&#039;autres \u2013 ponctuent l&#039;horizon. \u00c0 leurs sommets, points de vue et sanctuaires religieux attirent les p\u00e8lerins du week-end. Le zoo de Santa Fe, fond\u00e9 en 1960, abrite des esp\u00e8ces venues de trois continents. Des places architecturales \u2013 la place Botero, avec ses bronzes surdimensionn\u00e9s de Fernando Botero, et la place Cisneros, avec sa for\u00eat de poteaux lumineux \u2013 servent de salons urbains, accueillant festivals et expositions publiques.<\/p>\n<p>Le m\u00e9tro de Medell\u00edn est le seul r\u00e9seau ferroviaire de Colombie, avec ses cinq lignes sillonnant la vall\u00e9e. Metroplus, un corridor de bus \u00e0 haut niveau de service inaugur\u00e9 en 2011, compl\u00e8te le r\u00e9seau, r\u00e9duisant les \u00e9missions et simplifiant les d\u00e9placements. Taxis et bus classiques comblent les lacunes, tandis que des terminaux r\u00e9gionaux situ\u00e9s aux extr\u00e9mit\u00e9s nord et sud desservent les municipalit\u00e9s voisines. L&#039;int\u00e9gration des diff\u00e9rents modes de transport \u2013 m\u00e9tro, t\u00e9l\u00e9ph\u00e9rique, tramway et bus \u2013 forme un cadre coh\u00e9rent qui contraste fortement avec les difficult\u00e9s de circulation pass\u00e9es.<\/p>\n<p>En 2018, Medell\u00edn comptait 2\u00a0427\u00a0129 habitants dans ses limites municipales\u00a0; l&#039;agglom\u00e9ration comptait plus de 4 millions d&#039;habitants. Plus de 60\u00a0% des habitants sont originaires de la ville, tandis que le reste est originaire d&#039;autres r\u00e9gions de Colombie ou de l&#039;\u00e9tranger. Le taux d&#039;analphab\u00e9tisme dans le bassin est inf\u00e9rieur \u00e0 6\u00a0%, et la quasi-totalit\u00e9 des m\u00e9nages disposent de l&#039;\u00e9lectricit\u00e9 et de l&#039;eau potable. Les investissements publics dans les biblioth\u00e8ques, les parcs et les centres culturels ont \u00e9largi l&#039;acc\u00e8s aux loisirs et \u00e0 l&#039;apprentissage, en particulier dans les quartiers historiquement marginalis\u00e9s.<\/p>\n<p>L&#039;identit\u00e9 de Medell\u00edn est intimement li\u00e9e \u00e0 l&#039;esprit paisa\u00a0: un accent particulier, une hospitalit\u00e9 chaleureuse et une cuisine g\u00e9n\u00e9reuse. La d\u00e9votion religieuse est toujours pr\u00e9sente dans d&#039;innombrables \u00e9glises \u2013 San Ignacio, Nuestra Se\u00f1ora de Bel\u00e9n et la basilique de la Candelaria \u2013 dont l&#039;art et l&#039;architecture refl\u00e8tent des influences baroques, n\u00e9oclassiques et r\u00e9publicaines. Chaque ann\u00e9e en d\u00e9cembre, des millions de personnes se rassemblent le long de l&#039;avenue La Playa pour les Alumbrados\u00a0: des jeux de lumi\u00e8re complexes qui transforment les berges en une galerie illumin\u00e9e.<\/p>\n<p>Le Festival annuel des Fleurs \u00e9voque le patrimoine rural d&#039;Antioquia. Les Silleteros arborent des compositions florales orn\u00e9es \u2013 les silletas \u2013 dans les rues de la ville, rappelant les vendeurs mulets qui sillonnaient autrefois les routes de montagne. Musique et danse envahissent les places, tandis que les march\u00e9s artisanaux pars\u00e8ment les rues des quartiers.<\/p>\n<p>Les arts visuels prosp\u00e8rent aussi bien dans les ateliers que sur les fa\u00e7ades. Les \u0153uvres de Rodrigo Arenas Betancur et de Fernando Botero c\u00f4toient les fresques murales de collectifs \u00e9mergents de street art. Les mus\u00e9es \u2013 une quarantaine au total \u2013 retracent l&#039;histoire locale, les pratiques contemporaines et les vestiges pr\u00e9colombiens. Le Palais de la Culture et les jardins botaniques voisins accueillent des concerts, des lectures et des colloques universitaires tout au long de l&#039;ann\u00e9e.<\/p>\n<p>\u00c0 Medell\u00edn, les repas commencent souvent par un chocolat chaud, accompagn\u00e9 de fromage, qui ponctue les p\u00e2tisseries sucr\u00e9es-sal\u00e9es appel\u00e9es parva\u00a0: pan de queso, bu\u00f1uelos et pan de bono. La bandeja paisa est le plat embl\u00e9matique de la r\u00e9gion\u00a0: haricots, riz, chicharr\u00f3n, chorizo, \u0153uf au plat, bananes plantains et avocat, le tout sur un plateau en bois. Les arepas, \u00e0 base de ma\u00efs moulu, accompagnent presque tous les plats.<\/p>\n<p>Les boissons locales vont de l&#039;aguardiente Antioque\u00f1o aux herbes aux sodas Postob\u00f3n. Les confiseries, notamment les barres chocolat\u00e9es et les bonbons \u00e0 la goyave, associent ingr\u00e9dients locaux et techniques d&#039;inspiration espagnole. Un nombre croissant de caf\u00e9s et de bodegas mettent en avant des caf\u00e9s d&#039;origine unique provenant des fermes de montagne voisines.<\/p>\n<p>De ses origines au XVIIe si\u00e8cle \u00e0 sa renaissance au XXIe si\u00e8cle, Medell\u00edn a travers\u00e9 des cycles de croissance, de crise et de renouveau. Ses contours portent l&#039;empreinte de pionniers industrieux, d&#039;artisans et d&#039;entrepreneurs, d&#039;animateurs communautaires et d&#039;architectes de la politique sociale. Au c\u0153ur des plis andins, elle demeure un t\u00e9moignage de la complexit\u00e9 de la vie urbaine, o\u00f9 acier et floraison, histoire et innovation cohabitent dans une fragile harmonie.<\/p>","protected":false},"excerpt":{"rendered":"<p>Medell\u00edn, situated in a narrow valley and enveloped by the majestic Andes Mountains, captivates visitors with its year-round agreeable climate, innovative spirit, and vivacious energy. As Colombia\u2019s second-largest city and the capital of the Antioquia\u00a0department,\u00a0Medell\u00edn\u00a0has transformed itself from a troubled past to become one of\u00a0South America\u2019s most progressive and dynamic urban centres.<\/p>","protected":false},"author":1,"featured_media":3870,"parent":7405,"menu_order":0,"comment_status":"closed","ping_status":"closed","template":"elementor_theme","meta":{"_eb_attr":"","footnotes":""},"class_list":["post-7414","page","type-page","status-publish","has-post-thumbnail"],"_links":{"self":[{"href":"https:\/\/travelshelper.com\/fr\/wp-json\/wp\/v2\/pages\/7414","targetHints":{"allow":["GET"]}}],"collection":[{"href":"https:\/\/travelshelper.com\/fr\/wp-json\/wp\/v2\/pages"}],"about":[{"href":"https:\/\/travelshelper.com\/fr\/wp-json\/wp\/v2\/types\/page"}],"author":[{"embeddable":true,"href":"https:\/\/travelshelper.com\/fr\/wp-json\/wp\/v2\/users\/1"}],"replies":[{"embeddable":true,"href":"https:\/\/travelshelper.com\/fr\/wp-json\/wp\/v2\/comments?post=7414"}],"version-history":[{"count":0,"href":"https:\/\/travelshelper.com\/fr\/wp-json\/wp\/v2\/pages\/7414\/revisions"}],"up":[{"embeddable":true,"href":"https:\/\/travelshelper.com\/fr\/wp-json\/wp\/v2\/pages\/7405"}],"wp:featuredmedia":[{"embeddable":true,"href":"https:\/\/travelshelper.com\/fr\/wp-json\/wp\/v2\/media\/3870"}],"wp:attachment":[{"href":"https:\/\/travelshelper.com\/fr\/wp-json\/wp\/v2\/media?parent=7414"}],"curies":[{"name":"wp","href":"https:\/\/api.w.org\/{rel}","templated":true}]}}