{"id":7331,"date":"2024-08-25T12:58:27","date_gmt":"2024-08-25T12:58:27","guid":{"rendered":"https:\/\/travelshelper.com\/staging\/?page_id=7331"},"modified":"2026-03-14T00:05:32","modified_gmt":"2026-03-14T00:05:32","slug":"guyana","status":"publish","type":"page","link":"https:\/\/travelshelper.com\/fr\/destinations\/south-america\/guyana\/","title":{"rendered":"Guyana"},"content":{"rendered":"<p>La Guyane s&#039;\u00e9tend \u00e0 la fronti\u00e8re nord de l&#039;Am\u00e9rique du Sud, son littoral \u00e9lanc\u00e9 caressant les vagues de l&#039;oc\u00e9an Atlantique. Avec ses 214\u00a0969 kilom\u00e8tres carr\u00e9s, ce pays est le troisi\u00e8me plus petit du continent, mais ses vastes \u00e9tendues sauvages lui conf\u00e8rent l&#039;une des densit\u00e9s de population les plus faibles au monde. La capitale, Georgetown, s&#039;\u00e9l\u00e8ve sur la rive est du fleuve Demerara. Ses fa\u00e7ades pastel et son architecture coloniale t\u00e9moignent de si\u00e8cles de changements, tandis que le bourdonnement des commerces et des administrations r\u00e9sonne dans ses rues.<\/p>\n<p>\u00c0 l&#039;ouest, le fleuve Essequibo creuse de larges chenaux \u00e0 travers les plaines avant de se jeter dans l&#039;Atlantique. Au sud et au sud-ouest, les immenses for\u00eats du Br\u00e9sil bordent la fronti\u00e8re du Guyana. \u00c0 l&#039;est, le Suriname s&#039;\u00e9tend, tandis que le Venezuela veille au-del\u00e0 des courbes barbel\u00e9es du fleuve Cuyuni. Ces fronti\u00e8res placent le Guyana au sein de ce qu&#039;on appelait autrefois les Antilles britanniques, v\u00e9ritable pont entre le monde carib\u00e9en et l&#039;immensit\u00e9 continentale.<\/p>\n<p>Mais ce ne sont pas seulement la c\u00f4te ou la capitale qui d\u00e9finissent ce lieu. \u00c0 l&#039;int\u00e9rieur des terres, le relief s&#039;\u00e9l\u00e8ve en douces collines, puis en plateaux de roches du bouclier pr\u00e9cambrien, le \u00ab pays des eaux multiples \u00bb. Des ruisseaux aux eaux cristallines tracent des failles et cr\u00e9ent des cascades l\u00e0 o\u00f9 l&#039;eau de pluie a creus\u00e9 son chemin pendant des mill\u00e9naires. La ceinture c\u00f4ti\u00e8re, plus \u00e9troite qu&#039;un doigt, abrite des rizi\u00e8res et des plantations sucri\u00e8res adoss\u00e9es \u00e0 des mangroves, tandis qu&#039;au-del\u00e0 s&#039;\u00e9tend le vert majestueux de l&#039;Amazonie, la plus grande for\u00eat tropicale humide de la plan\u00e8te, qui s&#039;\u00e9tend sur les deux tiers de la surface du Guyana.<\/p>\n<p>Ce berceau forestier appartient autant \u00e0 ses habitants qu&#039;\u00e0 ses jaguars et ca\u00efmans noirs. Neuf nations autochtones \u2013 Wai Wai, Macushi, Patamona, Lokono, Kalina, Wapishana, Pemon, Akawaio et Warao \u2013 vivent avec et au sein de ces \u00e9cosyst\u00e8mes. Bien avant l&#039;arriv\u00e9e des Europ\u00e9ens \u00e0 l&#039;embouchure des fleuves guyanais, les Lokono et les Kalina \u00e9taient les principaux gardiens du territoire. Leurs villages se regroupent le long des berges et des clairi\u00e8res, o\u00f9 la p\u00eache et la culture du manioc demeurent essentielles \u00e0 la vie quotidienne.<\/p>\n<p>Les traditions orales \u00e9voquent des cano\u00ebs glissant sur des canaux \u00e9clair\u00e9s par la lune, des filets de p\u00eache lanc\u00e9s avec patience et habilet\u00e9. Leurs langues, encore parl\u00e9es par les anciens, portent des noms de lieux plus anciens que les cartes coloniales\u00a0: des rep\u00e8res d&#039;affleurements rocheux, de mares cach\u00e9es ou de terrains de chasse. Bien que les postes missionnaires et les politiques nationales aient remodel\u00e9 certains aspects de la culture autochtone, les communaut\u00e9s revendiquent aujourd&#039;hui des droits fonciers et font revivre un artisanat, des c\u00e9r\u00e9monies et des histoires menac\u00e9s de disparition.<\/p>\n<p>Au d\u00e9but du XVIIe si\u00e8cle, des commer\u00e7ants hollandais \u00e9tablirent des avant-postes le long des rivi\u00e8res Pomeroon et Berbice. Des forts et des entrep\u00f4ts en bois s&#039;\u00e9levaient parmi les colonies am\u00e9rindiennes, troquant wampums et plumes contre tissus et outils en fer. \u00c0 la fin du XVIIIe si\u00e8cle, les Britanniques supplant\u00e8rent les Hollandais, consolidant les trois colonies \u2013 Demerara, Essequibo et Berbice \u2013 au sein de la Guyane britannique. Sous la domination coloniale, les rizi\u00e8res et les plantations de canne \u00e0 sucre s&#039;\u00e9tendirent \u00e0 l&#039;int\u00e9rieur des terres, aliment\u00e9es par les esclaves africains et, apr\u00e8s l&#039;abolition, par les travailleurs sous contrat venus d&#039;Inde, de Chine et du Portugal.<\/p>\n<p>La vie dans les plantations contrastait fortement avec celle des villages am\u00e9rindiens. Les chemin\u00e9es en briques crachaient de la fum\u00e9e, les voix des contrema\u00eetres r\u00e9sonnaient \u00e0 travers les champs, et le cliquetis des coupeurs de canne se m\u00ealait au fracas des machines. Pourtant, au-del\u00e0 de ces lignes de plantations s&#039;\u00e9tendaient des for\u00eats non marqu\u00e9es par les routes et des plaines o\u00f9 dominaient acajous et cypr\u00e8s. Cette dualit\u00e9 \u2013 une culture intensive c\u00f4toyant une nature sauvage ancestrale \u2013 allait fa\u00e7onner l&#039;\u00e9conomie et la culture du Guyana pendant des si\u00e8cles.<\/p>\n<p>Le 26 mai 1966, l&#039;Union Jack fut abaiss\u00e9 et le drapeau bleu-vert-blanc d&#039;une Guyane ind\u00e9pendante flotta sur Georgetown. Quatre ans plus tard, en 1970, le pays devint une r\u00e9publique au sein du Commonwealth, affirmant son autonomie et conservant ses liens avec les institutions communes de la monarchie britannique. L&#039;h\u00e9ritage du r\u00e9gime britannique demeure visible\u00a0: l&#039;anglais est la langue officielle, le syst\u00e8me judiciaire suit les traditions de la common law et des terrains de cricket pars\u00e8ment encore les parcs urbains.<\/p>\n<p>Pourtant, parall\u00e8lement \u00e0 l&#039;anglais de Queen&#039;s, le cr\u00e9ole guyanais est parl\u00e9 au quotidien\u00a0: une langue m\u00e9lodieuse, ancr\u00e9e dans l&#039;anglais, parsem\u00e9e de cadences ouest-africaines, indiennes, n\u00e9erlandaises et autochtones. Il se faufile dans les conversations sur les \u00e9tals des march\u00e9s et dans les salons, tissant un tissu commun entre les peuples d&#039;origine indienne, africaine, chinoise, portugaise, europ\u00e9enne et m\u00e9tisse.<\/p>\n<p>Le Guyana occupe une position rare\u00a0: seul pays d&#039;Am\u00e9rique du Sud \u00e0 \u00eatre l\u00e9galement anglophone, tout en \u00e9tant culturellement int\u00e9gr\u00e9 aux Cara\u00efbes anglophones. Il abrite le si\u00e8ge de la CARICOM, la Communaut\u00e9 des Cara\u00efbes, o\u00f9 les petits \u00c9tats insulaires et leurs voisins continentaux se r\u00e9unissent pour harmoniser leurs politiques \u00e9conomiques et sociales. En 2008, le Guyana a cofond\u00e9 l&#039;Union des nations sud-am\u00e9ricaines, t\u00e9moignant ainsi de son engagement en faveur de la coop\u00e9ration continentale dans des domaines tels que les infrastructures et la gestion environnementale.<\/p>\n<p>Les festivals et la gastronomie refl\u00e8tent cette dualit\u00e9. Lors du Mashramani, comm\u00e9morant l&#039;accession \u00e0 la r\u00e9publique, les d\u00e9fil\u00e9s de rue regorgent de groupes de steel-pan et de danseurs aux costumes \u00e9clatants. Au printemps, le Phagwah (ou Holi) \u00e9clabousse les villes de poudre color\u00e9e et de douceurs, tandis que les soir\u00e9es de Deepavali illuminent les rang\u00e9es de lampes en argile, marquant le triomphe de la lumi\u00e8re sur l&#039;obscurit\u00e9. Chaque c\u00e9l\u00e9bration porte l&#039;empreinte des immigrants indiens, dont les plats de riz \u00e9pic\u00e9s au curry et au roti c\u00f4toient les rago\u00fbts de poivri\u00e8re et le pain de manioc, faisant ainsi le pont entre les traditions ancestrales.<\/p>\n<p>L&#039;agriculture, l&#039;exploitation mini\u00e8re et la sylviculture ont constitu\u00e9 l&#039;\u00e9pine dorsale de l&#039;\u00e9conomie guyanaise pendant la majeure partie du XXe si\u00e8cle. Les carri\u00e8res de bauxite et les mines d&#039;or g\u00e9n\u00e9raient des recettes d&#039;exportation, tandis que les vastes for\u00eats de teck et de gen\u00eats verts approvisionnaient les march\u00e9s du bois \u00e0 l&#039;\u00e9tranger. Pourtant, 41 % des citoyens vivaient sous le seuil de pauvret\u00e9 en 2017, ce qui t\u00e9moigne de profondes in\u00e9galit\u00e9s malgr\u00e9 la richesse en ressources.<\/p>\n<p>En 2015, des \u00e9tudes sismiques ont r\u00e9v\u00e9l\u00e9 d&#039;importantes r\u00e9serves p\u00e9troli\u00e8res offshore. En 2019, des plateformes de forage ont \u00e9t\u00e9 install\u00e9es dans l&#039;Atlantique et, en 2020, le PIB du pays a bondi d&#039;environ 49 %, marquant l&#039;une des croissances les plus rapides au monde. Selon des estimations r\u00e9centes, les r\u00e9serves r\u00e9cup\u00e9rables atteindraient environ 11 milliards de barils, ce qui permettrait au Guyana de figurer parmi les premiers producteurs de p\u00e9trole par habitant d&#039;ici 2025. Il s&#039;agit de l&#039;ajout le plus important aux r\u00e9serves mondiales de p\u00e9trole depuis les ann\u00e9es 1970, bouleversant les pr\u00e9visions en mati\u00e8re de recettes publiques, d&#039;investissements \u00e9trangers et de g\u00e9opolitique r\u00e9gionale.<\/p>\n<p>Les promesses consid\u00e9rables du p\u00e9trole se concr\u00e9tisent dans un contexte de d\u00e9fis urgents. Un rapport de la Banque mondiale de 2023 a constat\u00e9 une am\u00e9lioration de l&#039;indice de d\u00e9veloppement humain du Guyana depuis 2015 \u2013 signe d&#039;une am\u00e9lioration des indicateurs de sant\u00e9, d&#039;\u00e9ducation et de revenus \u2013, mais la pauvret\u00e9 persiste dans de nombreuses communaut\u00e9s. Les disparit\u00e9s entre les centres urbains en plein essor comme Georgetown et l&#039;arri\u00e8re-pays recul\u00e9 se creusent, tandis que les routes, les h\u00f4pitaux et les \u00e9coles peinent \u00e0 suivre le rythme.<\/p>\n<p>Les pr\u00e9occupations environnementales p\u00e8sent lourd. Les forages offshore risquent de provoquer des mar\u00e9es noires susceptibles de d\u00e9vaster les p\u00eacheries c\u00f4ti\u00e8res et les r\u00e9cifs coralliens, tandis que le d\u00e9veloppement terrestre risque d&#039;empi\u00e9ter sur les habitats de la for\u00eat tropicale qui abritent des jaguars, des aigles harpies et des centaines d&#039;esp\u00e8ces d&#039;orchid\u00e9es. Conscients de cette situation, le gouvernement et ses partenaires internationaux ont commenc\u00e9 \u00e0 \u00e9laborer des politiques d&#039;extraction durable, de partage des revenus et de zones de conservation. Les routes menant aux gisements aurif\u00e8res int\u00e9rieurs sont construites avec des dispositifs anti-\u00e9rosion, et un projet de fonds souverain vise \u00e0 prot\u00e9ger les g\u00e9n\u00e9rations futures de la volatilit\u00e9 des march\u00e9s p\u00e9troliers.<\/p>\n<p>La richesse naturelle du Guyana \u2013 ses cascades, ses savanes, ses montagnes aux allures de tepuys et son r\u00e9seau fluvial \u2013 offre une alternative \u00e0 l&#039;extraction des ressources. Les \u00e9cotouristes guident les visiteurs vers Iwokrama, une r\u00e9serve de 3\u00a0700 kilom\u00e8tres carr\u00e9s o\u00f9 vivent des fourmiliers g\u00e9ants, et vers les chutes de Kaieteur, o\u00f9 une seule goutte d&#039;eau tombe de 226 m\u00e8tres dans un bassin vert jade. Les d\u00eeners autour d&#039;un feu de camp sous une vo\u00fbte \u00e9toil\u00e9e suscitent des conversations tranquilles sur la conservation, tandis que les randonn\u00e9es matinales permettent d&#039;observer des vol\u00e9es d&#039;ibis rouges se nourrissant au bord des rivi\u00e8res.<\/p>\n<p>Les communaut\u00e9s locales b\u00e9n\u00e9ficient de plus en plus des revenus du tourisme, proposant des s\u00e9jours chez l&#039;habitant et des ateliers culturels o\u00f9 l&#039;on d\u00e9couvre l&#039;artisanat et les histoires am\u00e9rindiennes. Ces initiatives constituent des incitations concr\u00e8tes \u00e0 la protection des for\u00eats et des cours d&#039;eau. Alors que la Guyane d\u00e9couvre de nouvelles sources de revenus, l&#039;\u00e9cotourisme s&#039;impose comme un mod\u00e8le de croissance \u00e9quilibr\u00e9e, privil\u00e9giant la pr\u00e9servation des \u00e9cosyst\u00e8mes autant que les gains \u00e9conomiques.<\/p>\n<p>La culture guyanaise porte l&#039;empreinte de l&#039;engagisme, de l&#039;esclavage, des migrations et des \u00e9changes. Les Africains r\u00e9duits en esclavage, d\u00e9racin\u00e9s des diverses soci\u00e9t\u00e9s d&#039;Afrique de l&#039;Ouest, ont tiss\u00e9 de nouveaux mod\u00e8les de croyances et de rituels dans le cadre colonial britannique. Leurs descendants c\u00e9l\u00e8brent aujourd&#039;hui les f\u00eates chr\u00e9tiennes et perp\u00e9tuent des chants folkloriques qui font \u00e9cho aux rythmes ancestraux. Les travailleurs indiens, arriv\u00e9s sous contrat apr\u00e8s l&#039;\u00e9mancipation, ont apport\u00e9 des traditions hindoues et musulmanes qui marquent encore le calendrier, leurs cuisines regorgeant de dhal et de ch\u00e8vre au curry, ainsi que de poivri\u00e8re et de croquettes de poisson.<\/p>\n<p>Les immigrants chinois et portugais, bien que moins nombreux, ont introduit des pratiques culinaires et commerciales qui se sont infiltr\u00e9es dans les villes et les villages. Partout, les mariages mixtes et les difficult\u00e9s partag\u00e9es ont donn\u00e9 naissance \u00e0 des communaut\u00e9s aux h\u00e9ritages mixtes qui brouillent les fronti\u00e8res ethniques. \u00c0 Georgetown, on peut croiser un temple sikh, une \u00e9glise pentec\u00f4tiste et une mosqu\u00e9e \u00e0 quelques p\u00e2t\u00e9s de maisons \u2013 une architecture de foi qui d\u00e9coule d&#039;histoires de d\u00e9placements et d&#039;adaptations.<\/p>\n<p>\u00c0 bien des \u00e9gards, la Guyane se situe \u00e0 la crois\u00e9e des mondes\u00a0: g\u00e9ographie sud-am\u00e9ricaine et culture carib\u00e9enne, champs p\u00e9troliers modernes et for\u00eats anciennes, m\u00e9tropoles c\u00f4ti\u00e8res et villages de l&#039;int\u00e9rieur. Ses larges fleuves tracent des routes vers le large et s&#039;enfoncent au c\u0153ur sauvage du continent. Les festivals r\u00e9unissent saveurs et sons d&#039;Asie, d&#039;Afrique et d&#039;Europe, au rythme des tambours qui remontent aux Warao et aux Macushi.<\/p>\n<p>Pour les lecteurs en qu\u00eate d&#039;un portrait honn\u00eate de ce pays, la Guyane ne se r\u00e9sume pas \u00e0 de simples contrastes. Elle offre la poussi\u00e8re des routes de savane et le scintillement des canop\u00e9es de la for\u00eat tropicale, le bourdonnement des plateformes offshore et le bruissement des feuilles mortes sous les pieds nus. Ses habitants \u2013 Indo-Guyanais, Afro-Guyanais, Am\u00e9rindiens et au-del\u00e0 \u2013 fa\u00e7onnent un avenir qui doit honorer \u00e0 la fois les promesses \u00e9conomiques et les limites \u00e9cologiques.<\/p>\n<p>Au bord de l&#039;eau, l\u00e0 o\u00f9 les mangroves se dressent contre les mar\u00e9es, l&#039;horizon d\u00e9voile plateformes p\u00e9troli\u00e8res et bateaux de p\u00eache. \u00c0 l&#039;int\u00e9rieur des terres, o\u00f9 les ombres vertes se dessinent sous les cr\u00eates ensoleill\u00e9es, on entend les cris des singes hurleurs et les rires des enfants courant le long des berges. C&#039;est la Guyane\u00a0: une terre d\u00e9finie par l&#039;eau, les hommes et le d\u00e9licat \u00e9quilibre entre progr\u00e8s et pr\u00e9servation.<\/p>","protected":false},"excerpt":{"rendered":"<p>Guyana, formally designated as the\u00a0Co-operative Republic of Guyana, is situated on the northern coastline of\u00a0South America.\u00a0Guyana, with one of the lowest population densities globally, encompasses a geographical area of 214,969 square kilometers, rendering it the third smallest sovereign state by size in continental\u00a0South America, behind\u00a0Uruguay\u00a0and\u00a0Suriname.\u00a0Georgetown, the capital city, is the largest urban center in the country and functions as the political and economic nucleus.<\/p>","protected":false},"author":1,"featured_media":3020,"parent":24096,"menu_order":0,"comment_status":"closed","ping_status":"closed","template":"elementor_theme","meta":{"_eb_attr":"","footnotes":""},"class_list":["post-7331","page","type-page","status-publish","has-post-thumbnail"],"_links":{"self":[{"href":"https:\/\/travelshelper.com\/fr\/wp-json\/wp\/v2\/pages\/7331","targetHints":{"allow":["GET"]}}],"collection":[{"href":"https:\/\/travelshelper.com\/fr\/wp-json\/wp\/v2\/pages"}],"about":[{"href":"https:\/\/travelshelper.com\/fr\/wp-json\/wp\/v2\/types\/page"}],"author":[{"embeddable":true,"href":"https:\/\/travelshelper.com\/fr\/wp-json\/wp\/v2\/users\/1"}],"replies":[{"embeddable":true,"href":"https:\/\/travelshelper.com\/fr\/wp-json\/wp\/v2\/comments?post=7331"}],"version-history":[{"count":0,"href":"https:\/\/travelshelper.com\/fr\/wp-json\/wp\/v2\/pages\/7331\/revisions"}],"up":[{"embeddable":true,"href":"https:\/\/travelshelper.com\/fr\/wp-json\/wp\/v2\/pages\/24096"}],"wp:featuredmedia":[{"embeddable":true,"href":"https:\/\/travelshelper.com\/fr\/wp-json\/wp\/v2\/media\/3020"}],"wp:attachment":[{"href":"https:\/\/travelshelper.com\/fr\/wp-json\/wp\/v2\/media?parent=7331"}],"curies":[{"name":"wp","href":"https:\/\/api.w.org\/{rel}","templated":true}]}}