{"id":7237,"date":"2024-08-23T20:38:18","date_gmt":"2024-08-23T20:38:18","guid":{"rendered":"https:\/\/travelshelper.com\/staging\/?page_id=7237"},"modified":"2026-03-14T00:16:06","modified_gmt":"2026-03-14T00:16:06","slug":"venezuela","status":"publish","type":"page","link":"https:\/\/travelshelper.com\/fr\/destinations\/south-america\/venezuela\/","title":{"rendered":"Venezuela"},"content":{"rendered":"<p>Le Venezuela s&#039;\u00e9tend \u00e0 la fronti\u00e8re nord de l&#039;Am\u00e9rique du Sud, sa silhouette effil\u00e9e telle une voile d\u00e9ploy\u00e9e entre la mer des Cara\u00efbes et les vagues de l&#039;Atlantique. Sur 916\u00a0445 kilom\u00e8tres carr\u00e9s, son relief s&#039;\u00e9tend des plaines c\u00f4ti\u00e8res balay\u00e9es par les vents \u00e0 la mont\u00e9e des Andes du nord, puis vers l&#039;est, dans la mosa\u00efque des hauts plateaux guyanais et des vastes llanos. Ici, la vie se d\u00e9roule dans les villes dens\u00e9ment peupl\u00e9es du nord, dans les communaut\u00e9s isol\u00e9es des deltas fluviaux et au sommet des p\u00e1ramos embrum\u00e9s o\u00f9 les glaciers s&#039;accrochent aux pentes andines.<\/p>\n<p>Les plages immacul\u00e9es des Cara\u00efbes s&#039;\u00e9tendent \u00e0 port\u00e9e de main du pays\u00a0: des \u00eeles comme Margarita, aujourd&#039;hui bord\u00e9es d&#039;h\u00f4tels et d&#039;\u00e9coles de surf, ou les atolls coralliens de Los Roques, o\u00f9 les eaux cristallines refl\u00e8tent les palmiers. \u00c0 l&#039;int\u00e9rieur des terres, un ruban de sommets montagneux s&#039;enroule de la fronti\u00e8re colombienne \u00e0 l&#039;\u00c9tat de Sucre, \u00e0 l&#039;est. Les voyageurs qui grimpent vers le Pico Bol\u00edvar se heurtent \u00e0 un air rar\u00e9fi\u00e9 \u00e0 pr\u00e8s de 5\u00a0000\u00a0m\u00e8tres d&#039;altitude, tandis qu&#039;en contrebas, les vall\u00e9es abritent la capitale, Caracas, une ville entour\u00e9e de rochers et de nuages, dont les rues respirent \u00e0 la fois le commerce et l&#039;agitation.<\/p>\n<p>\u00c0 l&#039;est des hautes terres, le sol s&#039;aplanit pour former des llanos\u00a0: des prairies arros\u00e9es par les pluies saisonni\u00e8res, o\u00f9 le b\u00e9tail pa\u00eet sous un ciel vacillant de chaleur. Au-del\u00e0, l&#039;Or\u00e9noque serpente \u00e0 travers les for\u00eats, charriant bois, barges p\u00e9troli\u00e8res et traditions sur son cours boueux. \u00c0 l&#039;extr\u00eame sud-est, les tepuys s&#039;\u00e9l\u00e8vent tels des plateaux fractur\u00e9s, couronn\u00e9s par les chutes de l&#039;Ange \u2013 l&#039;eau plongeant sur un kilom\u00e8tre \u00e0 la verticale avant de se jeter dans la for\u00eat tropicale en contrebas.<\/p>\n<p>Le drapeau espagnol, plant\u00e9 pour la premi\u00e8re fois sur le sol v\u00e9n\u00e9zu\u00e9lien en 1522, rencontra la r\u00e9sistance des communaut\u00e9s indig\u00e8nes dont les lignes de d\u00e9fense s&#039;\u00e9tendaient de la c\u00f4te \u00e0 la jungle. En 1811, les chefs cr\u00e9oles parlaient ouvertement de s\u00e9paration\u00a0; une d\u00e9cennie plus tard, la Grande Colombie \u00e9mergea, mais se fracturait en 1830, donnant naissance \u00e0 la r\u00e9publique v\u00e9n\u00e9zu\u00e9lienne. Pourtant, l&#039;autorit\u00e9 se r\u00e9v\u00e9la difficile \u00e0 \u00e9tablir. Le XIXe si\u00e8cle se d\u00e9roula sous le r\u00e8gne des caudillos r\u00e9gionaux, des arm\u00e9es en marche et des constitutions r\u00e9\u00e9crites au gr\u00e9 du g\u00e9n\u00e9ral en place.<\/p>\n<p>Au milieu du si\u00e8cle, le p\u00e9trole remonta \u00e0 la surface, mais la gouvernance demeura in\u00e9gale. Ce n&#039;est qu&#039;apr\u00e8s 1958 que le Venezuela connut une s\u00e9rie d&#039;\u00e9lections, port\u00e9es par la hausse des prix du p\u00e9trole. Caracas se d\u00e9veloppa, port\u00e9e par l&#039;espoir d&#039;une stabilit\u00e9 durable, tandis que les populations rurales observaient l&#039;argent affluer vers le nord. Lorsque les \u00e9meutes de Caracazo \u00e9clat\u00e8rent en 1989, d\u00e9clench\u00e9es par des r\u00e9ductions de subventions et des mesures d&#039;aust\u00e9rit\u00e9, les piliers du consensus se bris\u00e8rent. Deux soul\u00e8vements arm\u00e9s en 1992 et une destitution pr\u00e9sidentielle en 1993 accentu\u00e8rent la d\u00e9sillusion.<\/p>\n<p>Une nouvelle constitution est apparue en 1999 sous la pr\u00e9sidence d&#039;Hugo Ch\u00e1vez. Des programmes sociaux, financ\u00e9s par le p\u00e9trole, ont \u00e9largi l&#039;acc\u00e8s aux cliniques et aux \u00e9coles. Les statistiques brutes ont montr\u00e9 une baisse de la pauvret\u00e9 et des in\u00e9galit\u00e9s au d\u00e9but des ann\u00e9es 2000. Pourtant, alors que les prix atteignaient des sommets puis s&#039;effondraient, l&#039;emprise de l&#039;\u00c9tat s&#039;est resserr\u00e9e. Dans les ann\u00e9es 2010, les p\u00e9nuries de produits de premi\u00e8re n\u00e9cessit\u00e9, l&#039;inflation galopante et l&#039;effondrement de la monnaie ont pouss\u00e9 les familles \u00e0 faire la queue pour obtenir du pain et \u00e0 recourir aux r\u00e9seaux de transferts de fonds \u00e0 l&#039;\u00e9tranger. Les manifestations politiques de 2013, puis de 2014, ont exig\u00e9 des changements, mais n&#039;ont entra\u00een\u00e9 que l&#039;\u00e9rosion des institutions. Les observateurs internationaux marquent aujourd&#039;hui le Venezuela par des restrictions de libert\u00e9s, la censure et des accusations de corruption.<\/p>\n<p>Le p\u00e9trole d\u00e9finit l&#039;identit\u00e9 moderne du Venezuela. Les r\u00e9serves du lac Maracaibo et de la ceinture de l&#039;Or\u00e9noque comptent parmi les plus importantes au monde. La compagnie p\u00e9troli\u00e8re nationale finan\u00e7ait autrefois les travaux publics et les d\u00e9penses sociales. Au fil du temps, les investissements dans l&#039;exploration et la maintenance ont diminu\u00e9 parall\u00e8lement \u00e0 la baisse des revenus, entra\u00eenant une chute de la production. Les gisements, qui exportaient autrefois des millions de barils vers les march\u00e9s mondiaux, sont aujourd&#039;hui confront\u00e9s \u00e0 des infrastructures vieillissantes. Les tentatives de diversification autour de l&#039;agriculture (caf\u00e9, cacao) sont rest\u00e9es marginales. Les sanctions et la perte d&#039;actifs \u00e9trangers ont co\u00fbt\u00e9 des dizaines de milliards de dollars, aggravant les p\u00e9nuries de pi\u00e8ces d\u00e9tach\u00e9es et de capacit\u00e9s de raffinage.<\/p>\n<p>L&#039;\u00e9lectricit\u00e9, autrefois source de fiert\u00e9 gr\u00e2ce au barrage hydro\u00e9lectrique de Guri, est aujourd&#039;hui en difficult\u00e9 sous l&#039;effet des faibles niveaux d&#039;eau et du manque d&#039;investissements. Des coupures de courant \u00e0 r\u00e9p\u00e9tition perturbent la vie urbaine, perturbant h\u00f4pitaux et usines. Dans un pays de rivi\u00e8res, l&#039;\u00e9lectricit\u00e9 est devenue aussi rare que le diesel \u00e0 la pompe.<\/p>\n<p>Le transport a\u00e9rien repose sur l&#039;a\u00e9roport international Sim\u00f3n Bol\u00edvar, pr\u00e8s de Caracas, et sur La Chinita, pr\u00e8s de Maracaibo. Les principaux ports de La Guaira et de Puerto Cabello traitent le p\u00e9trole brut, les c\u00e9r\u00e9ales et les importations de biens de consommation. Les routes, longues de quelque 100\u00a0000 kilom\u00e8tres, s&#039;\u00e9tendent d&#039;est en ouest et du sud, bien qu&#039;un tiers d&#039;entre elles restent non goudronn\u00e9es. Le chemin de fer, qui promettait autrefois de relier les villes, est rest\u00e9 bloqu\u00e9 par les dettes et les retards. Les lignes de m\u00e9tro de Caracas, Maracaibo et Valencia permettent de d\u00e9congestionner les routes, mais au-del\u00e0 des villes du nord, les zones rurales d\u00e9pendent des bateaux fluviaux qui descendent l&#039;Or\u00e9noque ou des pistes qui disparaissent sous la pluie.<\/p>\n<p>Environ 93 % des V\u00e9n\u00e9zu\u00e9liens vivent en zone urbaine, dont beaucoup se trouvent \u00e0 moins de 100 kilom\u00e8tres de la c\u00f4te. Caracas atteint plus de cinq millions d&#039;habitants, une vague humaine qui se d\u00e9verse aussi bien sur les cerros (collines) que dans les lotissements s\u00e9curis\u00e9s. Ailleurs, Barquisimeto, Valencia et Maracay se regroupent en ceintures industrielles\u00a0; M\u00e9rida se situe en altitude, son t\u00e9l\u00e9ph\u00e9rique grimpant vers des sommets glaciaires et de petits h\u00f4tels aux pierres pastel. Au sud de l&#039;Or\u00e9noque, Ciudad Guayana se dresse \u00e0 un confluent \u2013 \u200b\u200b\u00e9cho des villes sovi\u00e9tiques planifi\u00e9es, aujourd&#039;hui r\u00e9orient\u00e9es vers l&#039;acier, l&#039;aluminium et la logistique portuaire.<\/p>\n<p>Depuis 1999, on estime que six millions de personnes ont quitt\u00e9 le Venezuela, se frayant un chemin \u00e0 travers l&#039;Am\u00e9rique latine et au-del\u00e0. Ceux qui restent tissent des liens familiaux \u00e9largis, partageant les fardeaux et les maigres ressources.<\/p>\n<p>L&#039;esprit du Venezuela se manifeste lors des f\u00eates de midi et dans les moments de calme sous les cocotiers. Les tribus indig\u00e8nes \u2013 Wayuu, Pemon, Warao \u2013 parlent des langues plus anciennes que la r\u00e9publique. Les rythmes afro-v\u00e9n\u00e9zu\u00e9liens vibrent au rythme des tambours, comme le tambor\u00a0; l&#039;architecture coloniale espagnole ancre les places des villes avec ses fontaines en pierre et ses \u00e9glises en stuc. Au XIXe\u00a0si\u00e8cle, les vagues d&#039;immigrants europ\u00e9ens venus d&#039;Italie, du Portugal et de France ont apport\u00e9 des m\u00e9langes de dialectes et de cuisines. Aujourd&#039;hui, on trouve dans les rues des arepas farcis au fromage, des bananes plantains frites et des rago\u00fbts richement \u00e9pic\u00e9s, chaque assiette t\u00e9moignant d&#039;histoires multiples.<\/p>\n<p>Les jours de f\u00eate, des processions religieuses sillonnent les ruelles poussi\u00e9reuses. \u00c0 Zulia, les habitants pagayent jusqu&#039;aux \u00eelots sacr\u00e9s du lac Maracaibo, r\u00e9citant des pri\u00e8res pour les p\u00eacheurs disparus dans les temp\u00eates. Dans la Sierra Nevada, les lamas se rar\u00e9fient, leurs troupeaux surveill\u00e9s par des paysans qui les prot\u00e8gent du gel.<\/p>\n<p>Les hauts plateaux guyanais s&#039;\u00e9tendent hors de port\u00e9e de la plupart des voyageurs, o\u00f9 les tepuys \u2013 montagnes aux sommets plats \u2013 s&#039;\u00e9l\u00e8vent tels des blocs de pierre \u00e9boul\u00e9s. Le Saut de l&#039;Ange se d\u00e9verse du bord de l&#039;Auyan-tepui, son panache d&#039;embruns n&#039;\u00e9tant visible que depuis des points de vue privil\u00e9gi\u00e9s. En aval, des chenaux de mangrove et des \u00eeles en forme de ruban sculptent le delta de l&#039;Or\u00e9noque en un r\u00e9seau vivant d&#039;eau et de limon. Jaguars, ca\u00efmans et dauphins roses de rivi\u00e8re se faufilent \u00e0 travers la v\u00e9g\u00e9tation dense sous le ciel de mousson.<\/p>\n<p>Les zones de conservation, dont le parc national Canaima, couvrent pr\u00e8s d&#039;un tiers du territoire. Pourtant, les coupes budg\u00e9taires et l&#039;exploitation mini\u00e8re ill\u00e9gale menacent la faune et la qualit\u00e9 de l&#039;eau. Dans les llanos, les ranchs d&#039;\u00e9levage empi\u00e8tent sur les zones humides, tandis que l&#039;expansion urbaine \u00e9rode les for\u00eats des hautes terres.<\/p>\n<p>Autrefois, des destinations pris\u00e9es comme Margarita et Morrocoy attiraient les amateurs de soleil des Cara\u00efbes. Aujourd&#039;hui, les voyageurs trouvent des sentiers plus verdoyants dans les vall\u00e9es m\u00e9connues des Andes, lors d&#039;excursions fluviales \u00e0 travers les mangroves ou chez l&#039;habitant \u00e0 Los Roques. Le t\u00e9l\u00e9ph\u00e9rique de M\u00e9rida reste un attrait touristique majeur, permettant aux visiteurs d&#039;acc\u00e9der \u00e0 des aires de pique-nique \u00e0 plus de 4\u00a0000 m\u00e8tres d&#039;altitude. Les \u00e9co-lodges le long de l&#039;Or\u00e9noque proposent l&#039;\u00e9nergie solaire et des services de guides fluviaux, offrant un aper\u00e7u des tribus isol\u00e9es et des eaux noires de p\u00e9trole au cr\u00e9puscule.<\/p>\n<p>Des entrepreneurs locaux exp\u00e9rimentent des bi\u00e8res artisanales brass\u00e9es avec des coques de cacao et organisent des promenades artistiques dans des quartiers coloniaux revitalis\u00e9s. Malgr\u00e9 la persistance des difficult\u00e9s \u00e9conomiques, ces petites entreprises t\u00e9moignent d&#039;une certaine r\u00e9silience.<\/p>\n<p>Le Venezuela se trouve \u00e0 la crois\u00e9e des chemins. Ses vastes ressources \u2013 pr\u00e9cipitations, rivi\u00e8res, p\u00e9trole \u2013 pourraient financer la reprise. Son peuple a fait preuve d&#039;adaptabilit\u00e9 au cours de d\u00e9cennies de bouleversements. Pourtant, l&#039;impasse politique et le d\u00e9clin institutionnel freinent les progr\u00e8s. Alors que les familles envoient des fonds de l&#039;\u00e9tranger et que les humanitaires comblent les p\u00e9nuries de m\u00e9dicaments et de nourriture, l&#039;avenir de la r\u00e9publique d\u00e9pend de la r\u00e9novation des infrastructures et du r\u00e9tablissement de la confiance.<\/p>","protected":false},"excerpt":{"rendered":"<p>Venezuela, located in the northern part of South America, showcases a blend of natural beauty and human resilience. Bound by Colombia, Guyana, and Brazil, this country has a strategic location along important marine and aerial paths connecting North and South America. Aruba, Bonaire, Cura\u00e7ao, Trinidad and Tobago&#8217;s Caribbean islands add to the geographic diversity of the area.<\/p>","protected":false},"author":1,"featured_media":4583,"parent":24096,"menu_order":0,"comment_status":"closed","ping_status":"closed","template":"elementor_theme","meta":{"_eb_attr":"","footnotes":""},"class_list":["post-7237","page","type-page","status-publish","has-post-thumbnail"],"_links":{"self":[{"href":"https:\/\/travelshelper.com\/fr\/wp-json\/wp\/v2\/pages\/7237","targetHints":{"allow":["GET"]}}],"collection":[{"href":"https:\/\/travelshelper.com\/fr\/wp-json\/wp\/v2\/pages"}],"about":[{"href":"https:\/\/travelshelper.com\/fr\/wp-json\/wp\/v2\/types\/page"}],"author":[{"embeddable":true,"href":"https:\/\/travelshelper.com\/fr\/wp-json\/wp\/v2\/users\/1"}],"replies":[{"embeddable":true,"href":"https:\/\/travelshelper.com\/fr\/wp-json\/wp\/v2\/comments?post=7237"}],"version-history":[{"count":0,"href":"https:\/\/travelshelper.com\/fr\/wp-json\/wp\/v2\/pages\/7237\/revisions"}],"up":[{"embeddable":true,"href":"https:\/\/travelshelper.com\/fr\/wp-json\/wp\/v2\/pages\/24096"}],"wp:featuredmedia":[{"embeddable":true,"href":"https:\/\/travelshelper.com\/fr\/wp-json\/wp\/v2\/media\/4583"}],"wp:attachment":[{"href":"https:\/\/travelshelper.com\/fr\/wp-json\/wp\/v2\/media?parent=7237"}],"curies":[{"name":"wp","href":"https:\/\/api.w.org\/{rel}","templated":true}]}}